{"id":5506,"date":"2020-09-16T14:13:21","date_gmt":"2020-09-16T14:13:21","guid":{"rendered":"http:\/\/accumold51932.ewaycorphosting.com\/micro-molding-capabilities\/qualita-e-servizio\/"},"modified":"2022-08-02T13:02:18","modified_gmt":"2022-08-02T13:02:18","slug":"qualita-e-servizio","status":"publish","type":"page","link":"https:\/\/www.accu-mold.com\/it\/micro-molding-capabilities\/qualita-e-servizio\/","title":{"rendered":"Qualit\u00e0 e Servizio"},"content":{"rendered":"\n<div class=\"wp-block-cover alignfull page-header has-custom-inner-width\" style=\"min-height:316px;--inner-container-width:1400px;aspect-ratio:unset;\"><span aria-hidden=\"true\" class=\"wp-block-cover__background has-primary-background-color has-background-dim-80 has-background-dim\"><\/span><img decoding=\"async\" class=\"wp-block-cover__image-background wp-image-16598\" alt=\"micro lens examples\" src=\"https:\/\/www.accu-mold.com\/wp-content\/uploads\/2021\/09\/micro-lenses-02.jpg\" data-object-fit=\"cover\"\/><div class=\"wp-block-cover__inner-container is-layout-flow wp-block-cover-is-layout-flow\">\n<h1 class=\"wp-block-heading\" style=\"font-size:64px\">Qualit\u00e0 e Servizio<\/h1>\n<\/div><\/div>\n\n\n\n<div style=\"height:60px\" aria-hidden=\"true\" class=\"wp-block-spacer\"><\/div>\n\n\n\n<p>Anche il processo, la formazione e la tecnologia pi\u00f9 all\u2019avanguardia del mondo sono limitati se non supportati da programmi di garanzia della qualit\u00e0 di livello mondiale e da un servizio privo di attriti. Accanto ai nostri continui miglioramenti nei processi e nella tecnologia, lavoriamo costantemente per rendere pi\u00f9 rigorosa la nostra garanzia di qualit\u00e0 dei micro stampi e il nostro servizio clienti pi\u00f9 fluido.<a href=\"https:\/\/www.accu-mold.com\/wp-content\/uploads\/2020\/09\/quality-assurance.jpg\"><\/a><\/p>\n\n\n\n<div class=\"wp-block-columns is-layout-flex wp-container-core-columns-is-layout-9d6595d7 wp-block-columns-is-layout-flex\">\n<div class=\"wp-block-column is-layout-flow wp-block-column-is-layout-flow\" style=\"flex-basis:33.33%\"><div class=\"wp-block-image\">\n<figure class=\"aligncenter\"><img decoding=\"async\" src=\"https:\/\/www.accu-mold.com\/wp-content\/uploads\/2020\/09\/quality-assurance-300x300.jpg\" alt=\"Quality assurance at accumold\" title=\"Quality assurance at accumold\"\/><\/figure>\n<\/div>\n\n\n<p><\/p>\n<\/div>\n\n\n\n<div class=\"wp-block-column is-layout-flow wp-block-column-is-layout-flow\" style=\"flex-basis:66.66%\">\n<h2 class=\"wp-block-heading\">Assicurazione di qualit\u00e0 Micro Mold<\/h2>\n\n\n\n<p>Homegrown, amichevole, eccezionale servizio clienti Iowa \u00e8 quello che ottieni in Accumold. La garanzia della qualit\u00e0 \u00e8 indispensabile in ogni operazione di micro stampaggio. La capacit\u00e0 di dimostrare che i componenti sono fatti su specifiche \u2013 pi\u00f9 e pi\u00f9 volte \u2013 \u00e8 dove vengono testate le vere capacit\u00e0.<\/p>\n\n\n\n<p>Per Accumold, l\u2019assicurazione della qualit\u00e0 della muffa micro inizia all\u2019inizio di ogni progetto. Eseguiamo la progettazione per le revisioni di fattibilit\u00e0 per garantire che il progetto sia partito con il piede giusto. Quindi, all\u2019inizio del processo di produzione, analizziamo la qualit\u00e0 della produzione e la natura robusta del processo e verifichiamo il nostro piano per l\u2019ispezione e la misurazione dei risultati.<\/p>\n<\/div>\n<\/div>\n\n\n\n<p>Da l\u00ec, sviluppiamo piani di controllo che affrontano funzionalit\u00e0 critiche, risultati FMEA e altri requisiti di qualit\u00e0. Siamo in grado di utilizzare misure high-tech e low-tech, pin di precisione o sistemi di visione in linea ad alta risoluzione, se necessario. Inoltre, utilizziamo misurazioni microscopiche ad alto ingrandimento per verificare lo strumento e le dimensioni del pezzo finito.<\/p>\n\n\n\n<p>La corretta gestione del prodotto \u00e8 anche una considerazione necessaria nella garanzia della qualit\u00e0. La contaminazione superficiale pu\u00f2 essere una seccatura \u2013 o una catastrofe \u2013 per le caratteristiche dei componenti delicati. Per questi tipi di parti, Accumold offre opzioni di automazione e di modellazione di camere bianche.<\/p>\n\n\n\n<p>Le operazioni di Accumold sono certificate&nbsp;<a href=\"https:\/\/www.accu-mold.com\/wp-content\/uploads\/2020\/09\/Accumold-13485-Cert.pdf\" target=\"_blank\" rel=\"noreferrer noopener\">ISO 13485<\/a>,&nbsp;<a href=\"https:\/\/www.accu-mold.com\/wp-content\/uploads\/2021\/06\/accumold-9001-cert.pdf\" target=\"_blank\" rel=\"noreferrer noopener\">ISO 9001<\/a>&nbsp;and&nbsp;<a href=\"https:\/\/www.accu-mold.com\/wp-content\/uploads\/2021\/06\/accumold-14001-cert.pdf\" target=\"_blank\" rel=\"noreferrer noopener\">ISO 14001<\/a>.<\/p>\n\n\n\n<div style=\"height:100px\" aria-hidden=\"true\" class=\"wp-block-spacer\"><\/div>\n\n\n\n<div class=\"wp-block-columns is-layout-flex wp-container-core-columns-is-layout-9d6595d7 wp-block-columns-is-layout-flex\">\n<div class=\"wp-block-column is-layout-flow wp-block-column-is-layout-flow\" style=\"flex-basis:33.33%\"><div class=\"wp-block-image\">\n<figure class=\"aligncenter\"><img decoding=\"async\" src=\"https:\/\/www.accu-mold.com\/wp-content\/uploads\/2021\/11\/handshake.jpg\" alt=\"two people shaking hands\" title=\"handshake\"\/><\/figure>\n<\/div><\/div>\n\n\n\n<div class=\"wp-block-column is-layout-flow wp-block-column-is-layout-flow\" style=\"flex-basis:66.66%\">\n<h2 class=\"wp-block-heading\">Soddisfazione del cliente<\/h2>\n\n\n\n<p>La qualit\u00e0 del componente o dell\u2019assemblaggio fi nito \u00e8 imperativa, ma un progetto perfetto non guida la soddisfazione del cliente da solo. Accumold si sforza di essere efficiente con il tuo tempo, ti consente di scalare rapidamente e diventare un tuo partner rivestito di ferro.<\/p>\n\n\n\n<p>Produciamo componenti micro-stampati da pi\u00f9 di trent\u2019anni, rispettando le speci fi che e le aspettative dei nostri clienti. Il micro stampaggio \u00e8 il luogo in cui abbiamo iniziato come azienda e oggi, avendo prodotto oltre tre miliardi di componenti, continua ad essere il nostro modo di pensare, il nostro modo di fare e il nostro modo di vivere.<\/p>\n<\/div>\n<\/div>\n","protected":false},"excerpt":{"rendered":"<p>Anche il processo, la formazione e la tecnologia pi\u00f9 all\u2019avanguardia del mondo sono limitati se non supportati da programmi di [&#8230;] <a class=\"more-link\" href=\"https:\/\/www.accu-mold.com\/it\/micro-molding-capabilities\/qualita-e-servizio\/\">Read More<span class=\"screen-reader-text\">about Qualit\u00e0 e Servizio<\/span><\/a><\/p>\n","protected":false},"author":5,"featured_media":0,"parent":5502,"menu_order":0,"comment_status":"closed","ping_status":"closed","template":"","meta":{"_acf_changed":false,"inline_featured_image":false,"_wd_proto_hide_page_title":false,"_wd_proto_page_body_class":"","_wd_proto_post_layout":"","footnotes":""},"class_list":["post-5506","page","type-page","status-publish","hentry"],"acf":[],"yoast_head":"<!-- This site is optimized with the Yoast SEO Premium plugin v27.3 (Yoast SEO v27.4) - https:\/\/yoast.com\/product\/yoast-seo-premium-wordpress\/ -->\n<title>Qualit\u00e0 e Servizio - Accu-Mold<\/title>\n<meta name=\"robots\" content=\"index, follow, max-snippet:-1, max-image-preview:large, max-video-preview:-1\" \/>\n<link rel=\"canonical\" href=\"https:\/\/www.accu-mold.com\/it\/micro-molding-capabilities\/qualita-e-servizio\/\" \/>\n<meta property=\"og:locale\" content=\"it_IT\" \/>\n<meta property=\"og:type\" content=\"article\" \/>\n<meta property=\"og:title\" content=\"Qualit\u00e0 e Servizio\" \/>\n<meta property=\"og:description\" content=\"Anche il processo, la formazione e la tecnologia pi\u00f9 all\u2019avanguardia del mondo sono limitati se non supportati da programmi di [...] Read Moreabout Qualit\u00e0 e Servizio\" \/>\n<meta property=\"og:url\" content=\"https:\/\/www.accu-mold.com\/it\/micro-molding-capabilities\/qualita-e-servizio\/\" \/>\n<meta property=\"og:site_name\" content=\"Accu-Mold\" \/>\n<meta property=\"article:modified_time\" content=\"2022-08-02T13:02:18+00:00\" \/>\n<meta property=\"og:image\" content=\"https:\/\/www.accu-mold.com\/wp-content\/uploads\/2021\/09\/micro-lenses-02.jpg\" \/>\n<meta name=\"twitter:card\" content=\"summary_large_image\" \/>\n<meta name=\"twitter:label1\" content=\"Est. reading time\" \/>\n\t<meta name=\"twitter:data1\" content=\"2 minutes\" \/>\n<script type=\"application\/ld+json\" class=\"yoast-schema-graph\">{\"@context\":\"https:\\\/\\\/schema.org\",\"@graph\":[{\"@type\":\"WebPage\",\"@id\":\"https:\\\/\\\/www.accu-mold.com\\\/it\\\/micro-molding-capabilities\\\/qualita-e-servizio\\\/\",\"url\":\"https:\\\/\\\/www.accu-mold.com\\\/it\\\/micro-molding-capabilities\\\/qualita-e-servizio\\\/\",\"name\":\"Qualit\u00e0 e Servizio - Accu-Mold\",\"isPartOf\":{\"@id\":\"https:\\\/\\\/www.accu-mold.com\\\/#website\"},\"primaryImageOfPage\":{\"@id\":\"https:\\\/\\\/www.accu-mold.com\\\/it\\\/micro-molding-capabilities\\\/qualita-e-servizio\\\/#primaryimage\"},\"image\":{\"@id\":\"https:\\\/\\\/www.accu-mold.com\\\/it\\\/micro-molding-capabilities\\\/qualita-e-servizio\\\/#primaryimage\"},\"thumbnailUrl\":\"https:\\\/\\\/www.accu-mold.com\\\/wp-content\\\/uploads\\\/2021\\\/09\\\/micro-lenses-02.jpg\",\"datePublished\":\"2020-09-16T14:13:21+00:00\",\"dateModified\":\"2022-08-02T13:02:18+00:00\",\"breadcrumb\":{\"@id\":\"https:\\\/\\\/www.accu-mold.com\\\/it\\\/micro-molding-capabilities\\\/qualita-e-servizio\\\/#breadcrumb\"},\"inLanguage\":\"it-IT\",\"potentialAction\":[{\"@type\":\"ReadAction\",\"target\":[\"https:\\\/\\\/www.accu-mold.com\\\/it\\\/micro-molding-capabilities\\\/qualita-e-servizio\\\/\"]}]},{\"@type\":\"ImageObject\",\"inLanguage\":\"it-IT\",\"@id\":\"https:\\\/\\\/www.accu-mold.com\\\/it\\\/micro-molding-capabilities\\\/qualita-e-servizio\\\/#primaryimage\",\"url\":\"https:\\\/\\\/www.accu-mold.com\\\/wp-content\\\/uploads\\\/2021\\\/09\\\/micro-lenses-02.jpg\",\"contentUrl\":\"https:\\\/\\\/www.accu-mold.com\\\/wp-content\\\/uploads\\\/2021\\\/09\\\/micro-lenses-02.jpg\"},{\"@type\":\"BreadcrumbList\",\"@id\":\"https:\\\/\\\/www.accu-mold.com\\\/it\\\/micro-molding-capabilities\\\/qualita-e-servizio\\\/#breadcrumb\",\"itemListElement\":[{\"@type\":\"ListItem\",\"position\":1,\"name\":\"Exceptional capabilities backed by exceptional people\",\"item\":\"https:\\\/\\\/www.accu-mold.com\\\/it\\\/\"},{\"@type\":\"ListItem\",\"position\":2,\"name\":\"Micro Molding Capabilities\",\"item\":\"https:\\\/\\\/www.accu-mold.com\\\/it\\\/micro-molding-capabilities\\\/\"},{\"@type\":\"ListItem\",\"position\":3,\"name\":\"Qualit\u00e0 e Servizio\"}]},{\"@type\":\"WebSite\",\"@id\":\"https:\\\/\\\/www.accu-mold.com\\\/#website\",\"url\":\"https:\\\/\\\/www.accu-mold.com\\\/\",\"name\":\"Accu-Mold\",\"description\":\"Your Micro Mold\u00ae Tooling &amp; Production Partners\",\"publisher\":{\"@id\":\"https:\\\/\\\/www.accu-mold.com\\\/#organization\"},\"potentialAction\":[{\"@type\":\"SearchAction\",\"target\":{\"@type\":\"EntryPoint\",\"urlTemplate\":\"https:\\\/\\\/www.accu-mold.com\\\/?s={search_term_string}\"},\"query-input\":{\"@type\":\"PropertyValueSpecification\",\"valueRequired\":true,\"valueName\":\"search_term_string\"}}],\"inLanguage\":\"it-IT\"},{\"@type\":\"Organization\",\"@id\":\"https:\\\/\\\/www.accu-mold.com\\\/#organization\",\"name\":\"https:\\\/\\\/www.accu-mold.com\\\/careers\\\/current-openings\\\/\",\"url\":\"https:\\\/\\\/www.accu-mold.com\\\/\",\"logo\":{\"@type\":\"ImageObject\",\"inLanguage\":\"it-IT\",\"@id\":\"https:\\\/\\\/www.accu-mold.com\\\/#\\\/schema\\\/logo\\\/image\\\/\",\"url\":\"https:\\\/\\\/www.accu-mold.com\\\/wp-content\\\/uploads\\\/2022\\\/03\\\/accumold-vector-logo.svg\",\"contentUrl\":\"https:\\\/\\\/www.accu-mold.com\\\/wp-content\\\/uploads\\\/2022\\\/03\\\/accumold-vector-logo.svg\",\"caption\":\"https:\\\/\\\/www.accu-mold.com\\\/careers\\\/current-openings\\\/\"},\"image\":{\"@id\":\"https:\\\/\\\/www.accu-mold.com\\\/#\\\/schema\\\/logo\\\/image\\\/\"}}]}<\/script>\n<!-- \/ Yoast SEO Premium plugin. -->","yoast_head_json":{"title":"Qualit\u00e0 e Servizio - Accu-Mold","robots":{"index":"index","follow":"follow","max-snippet":"max-snippet:-1","max-image-preview":"max-image-preview:large","max-video-preview":"max-video-preview:-1"},"canonical":"https:\/\/www.accu-mold.com\/it\/micro-molding-capabilities\/qualita-e-servizio\/","og_locale":"it_IT","og_type":"article","og_title":"Qualit\u00e0 e Servizio","og_description":"Anche il processo, la formazione e la tecnologia pi\u00f9 all\u2019avanguardia del mondo sono limitati se non supportati da programmi di [...] Read Moreabout Qualit\u00e0 e Servizio","og_url":"https:\/\/www.accu-mold.com\/it\/micro-molding-capabilities\/qualita-e-servizio\/","og_site_name":"Accu-Mold","article_modified_time":"2022-08-02T13:02:18+00:00","og_image":[{"url":"https:\/\/www.accu-mold.com\/wp-content\/uploads\/2021\/09\/micro-lenses-02.jpg","type":"","width":"","height":""}],"twitter_card":"summary_large_image","twitter_misc":{"Est. reading time":"2 minutes"},"schema":{"@context":"https:\/\/schema.org","@graph":[{"@type":"WebPage","@id":"https:\/\/www.accu-mold.com\/it\/micro-molding-capabilities\/qualita-e-servizio\/","url":"https:\/\/www.accu-mold.com\/it\/micro-molding-capabilities\/qualita-e-servizio\/","name":"Qualit\u00e0 e Servizio - Accu-Mold","isPartOf":{"@id":"https:\/\/www.accu-mold.com\/#website"},"primaryImageOfPage":{"@id":"https:\/\/www.accu-mold.com\/it\/micro-molding-capabilities\/qualita-e-servizio\/#primaryimage"},"image":{"@id":"https:\/\/www.accu-mold.com\/it\/micro-molding-capabilities\/qualita-e-servizio\/#primaryimage"},"thumbnailUrl":"https:\/\/www.accu-mold.com\/wp-content\/uploads\/2021\/09\/micro-lenses-02.jpg","datePublished":"2020-09-16T14:13:21+00:00","dateModified":"2022-08-02T13:02:18+00:00","breadcrumb":{"@id":"https:\/\/www.accu-mold.com\/it\/micro-molding-capabilities\/qualita-e-servizio\/#breadcrumb"},"inLanguage":"it-IT","potentialAction":[{"@type":"ReadAction","target":["https:\/\/www.accu-mold.com\/it\/micro-molding-capabilities\/qualita-e-servizio\/"]}]},{"@type":"ImageObject","inLanguage":"it-IT","@id":"https:\/\/www.accu-mold.com\/it\/micro-molding-capabilities\/qualita-e-servizio\/#primaryimage","url":"https:\/\/www.accu-mold.com\/wp-content\/uploads\/2021\/09\/micro-lenses-02.jpg","contentUrl":"https:\/\/www.accu-mold.com\/wp-content\/uploads\/2021\/09\/micro-lenses-02.jpg"},{"@type":"BreadcrumbList","@id":"https:\/\/www.accu-mold.com\/it\/micro-molding-capabilities\/qualita-e-servizio\/#breadcrumb","itemListElement":[{"@type":"ListItem","position":1,"name":"Exceptional capabilities backed by exceptional people","item":"https:\/\/www.accu-mold.com\/it\/"},{"@type":"ListItem","position":2,"name":"Micro Molding Capabilities","item":"https:\/\/www.accu-mold.com\/it\/micro-molding-capabilities\/"},{"@type":"ListItem","position":3,"name":"Qualit\u00e0 e Servizio"}]},{"@type":"WebSite","@id":"https:\/\/www.accu-mold.com\/#website","url":"https:\/\/www.accu-mold.com\/","name":"Accu-Mold","description":"Your Micro Mold\u00ae Tooling &amp; Production Partners","publisher":{"@id":"https:\/\/www.accu-mold.com\/#organization"},"potentialAction":[{"@type":"SearchAction","target":{"@type":"EntryPoint","urlTemplate":"https:\/\/www.accu-mold.com\/?s={search_term_string}"},"query-input":{"@type":"PropertyValueSpecification","valueRequired":true,"valueName":"search_term_string"}}],"inLanguage":"it-IT"},{"@type":"Organization","@id":"https:\/\/www.accu-mold.com\/#organization","name":"https:\/\/www.accu-mold.com\/careers\/current-openings\/","url":"https:\/\/www.accu-mold.com\/","logo":{"@type":"ImageObject","inLanguage":"it-IT","@id":"https:\/\/www.accu-mold.com\/#\/schema\/logo\/image\/","url":"https:\/\/www.accu-mold.com\/wp-content\/uploads\/2022\/03\/accumold-vector-logo.svg","contentUrl":"https:\/\/www.accu-mold.com\/wp-content\/uploads\/2022\/03\/accumold-vector-logo.svg","caption":"https:\/\/www.accu-mold.com\/careers\/current-openings\/"},"image":{"@id":"https:\/\/www.accu-mold.com\/#\/schema\/logo\/image\/"}}]}},"_links":{"self":[{"href":"https:\/\/www.accu-mold.com\/it\/wp-json\/wp\/v2\/pages\/5506","targetHints":{"allow":["GET"]}}],"collection":[{"href":"https:\/\/www.accu-mold.com\/it\/wp-json\/wp\/v2\/pages"}],"about":[{"href":"https:\/\/www.accu-mold.com\/it\/wp-json\/wp\/v2\/types\/page"}],"author":[{"embeddable":true,"href":"https:\/\/www.accu-mold.com\/it\/wp-json\/wp\/v2\/users\/5"}],"replies":[{"embeddable":true,"href":"https:\/\/www.accu-mold.com\/it\/wp-json\/wp\/v2\/comments?post=5506"}],"version-history":[{"count":7,"href":"https:\/\/www.accu-mold.com\/it\/wp-json\/wp\/v2\/pages\/5506\/revisions"}],"predecessor-version":[{"id":18049,"href":"https:\/\/www.accu-mold.com\/it\/wp-json\/wp\/v2\/pages\/5506\/revisions\/18049"}],"up":[{"embeddable":true,"href":"https:\/\/www.accu-mold.com\/it\/wp-json\/wp\/v2\/pages\/5502"}],"wp:attachment":[{"href":"https:\/\/www.accu-mold.com\/it\/wp-json\/wp\/v2\/media?parent=5506"}],"curies":[{"name":"wp","href":"https:\/\/api.w.org\/{rel}","templated":true}]}}