{"id":5504,"date":"2020-09-16T14:09:45","date_gmt":"2020-09-16T14:09:45","guid":{"rendered":"http:\/\/accumold51932.ewaycorphosting.com\/micro-molding-capabilities\/funzionalita-speciali\/"},"modified":"2022-08-02T13:10:00","modified_gmt":"2022-08-02T13:10:00","slug":"funzionalita-speciali","status":"publish","type":"page","link":"https:\/\/www.accu-mold.com\/it\/micro-molding-capabilities\/funzionalita-speciali\/","title":{"rendered":"Funzionalit\u00e0 Speciali"},"content":{"rendered":"\n<div class=\"wp-block-cover alignfull page-header has-custom-inner-width\" style=\"min-height:316px;--inner-container-width:1400px;aspect-ratio:unset;\"><span aria-hidden=\"true\" class=\"wp-block-cover__background has-primary-background-color has-background-dim-80 has-background-dim\"><\/span><img decoding=\"async\" class=\"wp-block-cover__image-background wp-image-16598\" alt=\"micro lens examples\" src=\"https:\/\/www.accu-mold.com\/wp-content\/uploads\/2021\/09\/micro-lenses-02.jpg\" data-object-fit=\"cover\"\/><div class=\"wp-block-cover__inner-container is-layout-flow wp-block-cover-is-layout-flow\">\n<h1 class=\"wp-block-heading\" style=\"font-size:64px\">Funzionalit\u00e0 Speciali<\/h1>\n<\/div><\/div>\n\n\n\n<div style=\"height:60px\" aria-hidden=\"true\" class=\"wp-block-spacer\"><\/div>\n\n\n\n<p>Non tutti gli stampi sono semplici. Le capacit\u00e0 di Accumold sono in costante espansione e miglioramento perch\u00e9 i nostri clienti non smettono mai di sviluppare nuove tecnologie. Allo stesso modo, i nostri clienti ci spingono quotidianamente, spingiamo la loro comprensione di ci\u00f2 che la plastica pu\u00f2 fare anche con la geometria di pezzi estremamente piccoli. La nostra specialit\u00e0 di micro stampaggio continua a definire ci\u00f2 che \u201cpossibile\u201d significher\u00e0 domani.<\/p>\n\n\n\n<div style=\"height:50px\" aria-hidden=\"true\" class=\"wp-block-spacer\"><\/div>\n\n\n\n<div class=\"wp-block-columns alignwide are-vertically-aligned-center col-large-2 col-medium-2 col-small-1 is-layout-flex wp-container-core-columns-is-layout-9d6595d7 wp-block-columns-is-layout-flex\">\n<div class=\"wp-block-column is-vertically-aligned-center is-layout-flow wp-block-column-is-layout-flow\" style=\"flex-basis:33.33%\"><div class=\"wp-block-image\">\n<figure class=\"aligncenter\"><img decoding=\"async\" src=\"https:\/\/www.accu-mold.com\/wp-content\/uploads\/2020\/09\/micro-structure-enhancements-1.jpg\" alt=\"micro-structure-enhancements\" title=\"micro-structure-enhancements\"\/><\/figure>\n<\/div><\/div>\n\n\n\n<div class=\"wp-block-column is-vertically-aligned-center is-layout-flow wp-block-column-is-layout-flow\" style=\"flex-basis:66.66%\">\n<h2 class=\"wp-block-heading\">Miglioramenti della microstruttura<\/h2>\n\n\n\n<p>Accumold combina parti di piccole e micro dimensioni con la possibilit\u00e0 di modellare micro strutture sulla superficie del pezzo. Queste caratteristiche possono essere misurate con una dimensione di un micro e sono utilizzate in un\u2019ampia variet\u00e0 di applicazioni come ottica diffrattiva, micro-fluidica o micro-lenti<\/p>\n<\/div>\n<\/div>\n\n\n\n<div style=\"height:50px\" aria-hidden=\"true\" class=\"wp-block-spacer\"><\/div>\n\n\n\n<div class=\"wp-block-columns alignwide are-vertically-aligned-center col-large-2 col-medium-2 col-small-1 is-layout-flex wp-container-core-columns-is-layout-9d6595d7 wp-block-columns-is-layout-flex\">\n<div class=\"wp-block-column is-vertically-aligned-center is-layout-flow wp-block-column-is-layout-flow\" style=\"flex-basis:33.33%\"><div class=\"wp-block-image\">\n<figure class=\"aligncenter\"><img decoding=\"async\" src=\"https:\/\/www.accu-mold.com\/wp-content\/uploads\/2020\/09\/micro-two-component-molding.jpg\" alt=\"micro-two-component-molding\" title=\"micro-two-component-molding\"\/><\/figure>\n<\/div><\/div>\n\n\n\n<div class=\"wp-block-column is-vertically-aligned-center is-layout-flow wp-block-column-is-layout-flow\" style=\"flex-basis:66.66%\">\n<h2 class=\"wp-block-heading\">Micro stampaggio a 2 colpi<\/h2>\n\n\n\n<p>Nel micro stampaggio, due diversi materiali plastici vengono ripresi in sincronia durante una singola operazione. I nostri clienti utilizzano questo tipo di processo di micro stampaggio per ridurre la quantit\u00e0 di manodopera necessaria, creare una con fi gurazione delle parti pi\u00f9 robusta o aumentare i risparmi sui costi. Questo processo \u00e8 anche in grado di gestire altre applicazioni, come cosmetici o applicazioni touch-and-feel.<\/p>\n<\/div>\n<\/div>\n\n\n\n<div style=\"height:50px\" aria-hidden=\"true\" class=\"wp-block-spacer\"><\/div>\n\n\n\n<div class=\"wp-block-columns alignwide are-vertically-aligned-center col-large-2 col-medium-2 col-small-1 is-layout-flex wp-container-core-columns-is-layout-9d6595d7 wp-block-columns-is-layout-flex\">\n<div class=\"wp-block-column is-vertically-aligned-center is-layout-flow wp-block-column-is-layout-flow\" style=\"flex-basis:33.33%\"><div class=\"wp-block-image\">\n<figure class=\"aligncenter\"><img decoding=\"async\" src=\"https:\/\/www.accu-mold.com\/wp-content\/uploads\/2020\/09\/accumold-glass-overmolding.jpg\" alt=\"accumold-glass-overmolding\" title=\"accumold-glass-overmolding\"\/><\/figure>\n<\/div><\/div>\n\n\n\n<div class=\"wp-block-column is-vertically-aligned-center is-layout-flow wp-block-column-is-layout-flow\" style=\"flex-basis:66.66%\">\n<h2 class=\"wp-block-heading\">Inserire Micro stampaggio speciale<\/h2>\n\n\n\n<p>Inserto micro stampaggio incapsula un\u2019ampia variet\u00e0 di materiali come metallo, vetro, tessuti, circuiti flessibili e altri supporti delicati. Queste parti, simili a quelle create con lo stampaggio a due colpi, non solo riducono la manipolazione e l\u2019assemblaggio, ma possono anche risolvere problemi critici nella produzione.<\/p>\n<\/div>\n<\/div>\n\n\n\n<div style=\"height:50px\" aria-hidden=\"true\" class=\"wp-block-spacer\"><\/div>\n\n\n\n<div class=\"wp-block-columns alignwide are-vertically-aligned-center col-large-2 col-medium-2 col-small-1 is-layout-flex wp-container-core-columns-is-layout-9d6595d7 wp-block-columns-is-layout-flex\">\n<div class=\"wp-block-column is-vertically-aligned-center is-layout-flow wp-block-column-is-layout-flow\" style=\"flex-basis:33.33%\"><div class=\"wp-block-image\">\n<figure class=\"aligncenter\"><img decoding=\"async\" src=\"https:\/\/www.accu-mold.com\/wp-content\/uploads\/2020\/09\/specialty-processes.jpg\" alt=\"specialty-processes\" title=\"specialty-processes\"\/><\/figure>\n<\/div><\/div>\n\n\n\n<div class=\"wp-block-column is-vertically-aligned-center is-layout-flow wp-block-column-is-layout-flow\" style=\"flex-basis:66.66%\">\n<h2 class=\"wp-block-heading\">Laser Direct Structuring (LDS) \/ 3D-MID<\/h2>\n\n\n\n<p>Un processo complementare al micro stampaggio speciale \u00e8 Laser Direct Structuring o spesso denominato 3D-MID. Questo processo di placcatura selettiva si adatta perfettamente alla tecnologia Micro Mold\u00ae di Accumold. Informati sulla collaborazione con Accumold per la tua parte di modanatura micro di questo processo.<\/p>\n<\/div>\n<\/div>\n","protected":false},"excerpt":{"rendered":"<p>Non tutti gli stampi sono semplici. Le capacit\u00e0 di Accumold sono in costante espansione e miglioramento perch\u00e9 i nostri clienti [&#8230;] <a class=\"more-link\" href=\"https:\/\/www.accu-mold.com\/it\/micro-molding-capabilities\/funzionalita-speciali\/\">Read More<span class=\"screen-reader-text\">about Funzionalit\u00e0 Speciali<\/span><\/a><\/p>\n","protected":false},"author":5,"featured_media":0,"parent":5502,"menu_order":0,"comment_status":"closed","ping_status":"closed","template":"","meta":{"_acf_changed":false,"inline_featured_image":false,"_wd_proto_hide_page_title":false,"_wd_proto_page_body_class":"","_wd_proto_post_layout":"","footnotes":""},"class_list":["post-5504","page","type-page","status-publish","hentry"],"acf":[],"yoast_head":"<!-- This site is optimized with the Yoast SEO Premium plugin v27.3 (Yoast SEO v27.4) - https:\/\/yoast.com\/product\/yoast-seo-premium-wordpress\/ -->\n<title>Funzionalit\u00e0 Speciali - Accu-Mold<\/title>\n<meta name=\"robots\" content=\"index, follow, max-snippet:-1, max-image-preview:large, max-video-preview:-1\" \/>\n<link rel=\"canonical\" href=\"https:\/\/www.accu-mold.com\/it\/micro-molding-capabilities\/funzionalita-speciali\/\" \/>\n<meta property=\"og:locale\" content=\"it_IT\" \/>\n<meta property=\"og:type\" content=\"article\" \/>\n<meta property=\"og:title\" content=\"Funzionalit\u00e0 Speciali\" \/>\n<meta property=\"og:description\" content=\"Non tutti gli stampi sono semplici. Le capacit\u00e0 di Accumold sono in costante espansione e miglioramento perch\u00e9 i nostri clienti [...] Read Moreabout Funzionalit\u00e0 Speciali\" \/>\n<meta property=\"og:url\" content=\"https:\/\/www.accu-mold.com\/it\/micro-molding-capabilities\/funzionalita-speciali\/\" \/>\n<meta property=\"og:site_name\" content=\"Accu-Mold\" \/>\n<meta property=\"article:modified_time\" content=\"2022-08-02T13:10:00+00:00\" \/>\n<meta property=\"og:image\" content=\"https:\/\/www.accu-mold.com\/wp-content\/uploads\/2021\/09\/micro-lenses-02.jpg\" \/>\n<meta name=\"twitter:card\" content=\"summary_large_image\" \/>\n<meta name=\"twitter:label1\" content=\"Est. reading time\" \/>\n\t<meta name=\"twitter:data1\" content=\"1 minute\" \/>\n<script type=\"application\/ld+json\" class=\"yoast-schema-graph\">{\"@context\":\"https:\\\/\\\/schema.org\",\"@graph\":[{\"@type\":\"WebPage\",\"@id\":\"https:\\\/\\\/www.accu-mold.com\\\/it\\\/micro-molding-capabilities\\\/funzionalita-speciali\\\/\",\"url\":\"https:\\\/\\\/www.accu-mold.com\\\/it\\\/micro-molding-capabilities\\\/funzionalita-speciali\\\/\",\"name\":\"Funzionalit\u00e0 Speciali - Accu-Mold\",\"isPartOf\":{\"@id\":\"https:\\\/\\\/www.accu-mold.com\\\/#website\"},\"primaryImageOfPage\":{\"@id\":\"https:\\\/\\\/www.accu-mold.com\\\/it\\\/micro-molding-capabilities\\\/funzionalita-speciali\\\/#primaryimage\"},\"image\":{\"@id\":\"https:\\\/\\\/www.accu-mold.com\\\/it\\\/micro-molding-capabilities\\\/funzionalita-speciali\\\/#primaryimage\"},\"thumbnailUrl\":\"https:\\\/\\\/www.accu-mold.com\\\/wp-content\\\/uploads\\\/2021\\\/09\\\/micro-lenses-02.jpg\",\"datePublished\":\"2020-09-16T14:09:45+00:00\",\"dateModified\":\"2022-08-02T13:10:00+00:00\",\"breadcrumb\":{\"@id\":\"https:\\\/\\\/www.accu-mold.com\\\/it\\\/micro-molding-capabilities\\\/funzionalita-speciali\\\/#breadcrumb\"},\"inLanguage\":\"it-IT\",\"potentialAction\":[{\"@type\":\"ReadAction\",\"target\":[\"https:\\\/\\\/www.accu-mold.com\\\/it\\\/micro-molding-capabilities\\\/funzionalita-speciali\\\/\"]}]},{\"@type\":\"ImageObject\",\"inLanguage\":\"it-IT\",\"@id\":\"https:\\\/\\\/www.accu-mold.com\\\/it\\\/micro-molding-capabilities\\\/funzionalita-speciali\\\/#primaryimage\",\"url\":\"https:\\\/\\\/www.accu-mold.com\\\/wp-content\\\/uploads\\\/2021\\\/09\\\/micro-lenses-02.jpg\",\"contentUrl\":\"https:\\\/\\\/www.accu-mold.com\\\/wp-content\\\/uploads\\\/2021\\\/09\\\/micro-lenses-02.jpg\"},{\"@type\":\"BreadcrumbList\",\"@id\":\"https:\\\/\\\/www.accu-mold.com\\\/it\\\/micro-molding-capabilities\\\/funzionalita-speciali\\\/#breadcrumb\",\"itemListElement\":[{\"@type\":\"ListItem\",\"position\":1,\"name\":\"Exceptional capabilities backed by exceptional people\",\"item\":\"https:\\\/\\\/www.accu-mold.com\\\/it\\\/\"},{\"@type\":\"ListItem\",\"position\":2,\"name\":\"Micro Molding Capabilities\",\"item\":\"https:\\\/\\\/www.accu-mold.com\\\/it\\\/micro-molding-capabilities\\\/\"},{\"@type\":\"ListItem\",\"position\":3,\"name\":\"Funzionalit\u00e0 Speciali\"}]},{\"@type\":\"WebSite\",\"@id\":\"https:\\\/\\\/www.accu-mold.com\\\/#website\",\"url\":\"https:\\\/\\\/www.accu-mold.com\\\/\",\"name\":\"Accu-Mold\",\"description\":\"Your Micro Mold\u00ae Tooling &amp; Production Partners\",\"publisher\":{\"@id\":\"https:\\\/\\\/www.accu-mold.com\\\/#organization\"},\"potentialAction\":[{\"@type\":\"SearchAction\",\"target\":{\"@type\":\"EntryPoint\",\"urlTemplate\":\"https:\\\/\\\/www.accu-mold.com\\\/?s={search_term_string}\"},\"query-input\":{\"@type\":\"PropertyValueSpecification\",\"valueRequired\":true,\"valueName\":\"search_term_string\"}}],\"inLanguage\":\"it-IT\"},{\"@type\":\"Organization\",\"@id\":\"https:\\\/\\\/www.accu-mold.com\\\/#organization\",\"name\":\"https:\\\/\\\/www.accu-mold.com\\\/careers\\\/current-openings\\\/\",\"url\":\"https:\\\/\\\/www.accu-mold.com\\\/\",\"logo\":{\"@type\":\"ImageObject\",\"inLanguage\":\"it-IT\",\"@id\":\"https:\\\/\\\/www.accu-mold.com\\\/#\\\/schema\\\/logo\\\/image\\\/\",\"url\":\"https:\\\/\\\/www.accu-mold.com\\\/wp-content\\\/uploads\\\/2022\\\/03\\\/accumold-vector-logo.svg\",\"contentUrl\":\"https:\\\/\\\/www.accu-mold.com\\\/wp-content\\\/uploads\\\/2022\\\/03\\\/accumold-vector-logo.svg\",\"caption\":\"https:\\\/\\\/www.accu-mold.com\\\/careers\\\/current-openings\\\/\"},\"image\":{\"@id\":\"https:\\\/\\\/www.accu-mold.com\\\/#\\\/schema\\\/logo\\\/image\\\/\"}}]}<\/script>\n<!-- \/ Yoast SEO Premium plugin. -->","yoast_head_json":{"title":"Funzionalit\u00e0 Speciali - Accu-Mold","robots":{"index":"index","follow":"follow","max-snippet":"max-snippet:-1","max-image-preview":"max-image-preview:large","max-video-preview":"max-video-preview:-1"},"canonical":"https:\/\/www.accu-mold.com\/it\/micro-molding-capabilities\/funzionalita-speciali\/","og_locale":"it_IT","og_type":"article","og_title":"Funzionalit\u00e0 Speciali","og_description":"Non tutti gli stampi sono semplici. Le capacit\u00e0 di Accumold sono in costante espansione e miglioramento perch\u00e9 i nostri clienti [...] Read Moreabout Funzionalit\u00e0 Speciali","og_url":"https:\/\/www.accu-mold.com\/it\/micro-molding-capabilities\/funzionalita-speciali\/","og_site_name":"Accu-Mold","article_modified_time":"2022-08-02T13:10:00+00:00","og_image":[{"url":"https:\/\/www.accu-mold.com\/wp-content\/uploads\/2021\/09\/micro-lenses-02.jpg","type":"","width":"","height":""}],"twitter_card":"summary_large_image","twitter_misc":{"Est. reading time":"1 minute"},"schema":{"@context":"https:\/\/schema.org","@graph":[{"@type":"WebPage","@id":"https:\/\/www.accu-mold.com\/it\/micro-molding-capabilities\/funzionalita-speciali\/","url":"https:\/\/www.accu-mold.com\/it\/micro-molding-capabilities\/funzionalita-speciali\/","name":"Funzionalit\u00e0 Speciali - Accu-Mold","isPartOf":{"@id":"https:\/\/www.accu-mold.com\/#website"},"primaryImageOfPage":{"@id":"https:\/\/www.accu-mold.com\/it\/micro-molding-capabilities\/funzionalita-speciali\/#primaryimage"},"image":{"@id":"https:\/\/www.accu-mold.com\/it\/micro-molding-capabilities\/funzionalita-speciali\/#primaryimage"},"thumbnailUrl":"https:\/\/www.accu-mold.com\/wp-content\/uploads\/2021\/09\/micro-lenses-02.jpg","datePublished":"2020-09-16T14:09:45+00:00","dateModified":"2022-08-02T13:10:00+00:00","breadcrumb":{"@id":"https:\/\/www.accu-mold.com\/it\/micro-molding-capabilities\/funzionalita-speciali\/#breadcrumb"},"inLanguage":"it-IT","potentialAction":[{"@type":"ReadAction","target":["https:\/\/www.accu-mold.com\/it\/micro-molding-capabilities\/funzionalita-speciali\/"]}]},{"@type":"ImageObject","inLanguage":"it-IT","@id":"https:\/\/www.accu-mold.com\/it\/micro-molding-capabilities\/funzionalita-speciali\/#primaryimage","url":"https:\/\/www.accu-mold.com\/wp-content\/uploads\/2021\/09\/micro-lenses-02.jpg","contentUrl":"https:\/\/www.accu-mold.com\/wp-content\/uploads\/2021\/09\/micro-lenses-02.jpg"},{"@type":"BreadcrumbList","@id":"https:\/\/www.accu-mold.com\/it\/micro-molding-capabilities\/funzionalita-speciali\/#breadcrumb","itemListElement":[{"@type":"ListItem","position":1,"name":"Exceptional capabilities backed by exceptional people","item":"https:\/\/www.accu-mold.com\/it\/"},{"@type":"ListItem","position":2,"name":"Micro Molding Capabilities","item":"https:\/\/www.accu-mold.com\/it\/micro-molding-capabilities\/"},{"@type":"ListItem","position":3,"name":"Funzionalit\u00e0 Speciali"}]},{"@type":"WebSite","@id":"https:\/\/www.accu-mold.com\/#website","url":"https:\/\/www.accu-mold.com\/","name":"Accu-Mold","description":"Your Micro Mold\u00ae Tooling &amp; Production Partners","publisher":{"@id":"https:\/\/www.accu-mold.com\/#organization"},"potentialAction":[{"@type":"SearchAction","target":{"@type":"EntryPoint","urlTemplate":"https:\/\/www.accu-mold.com\/?s={search_term_string}"},"query-input":{"@type":"PropertyValueSpecification","valueRequired":true,"valueName":"search_term_string"}}],"inLanguage":"it-IT"},{"@type":"Organization","@id":"https:\/\/www.accu-mold.com\/#organization","name":"https:\/\/www.accu-mold.com\/careers\/current-openings\/","url":"https:\/\/www.accu-mold.com\/","logo":{"@type":"ImageObject","inLanguage":"it-IT","@id":"https:\/\/www.accu-mold.com\/#\/schema\/logo\/image\/","url":"https:\/\/www.accu-mold.com\/wp-content\/uploads\/2022\/03\/accumold-vector-logo.svg","contentUrl":"https:\/\/www.accu-mold.com\/wp-content\/uploads\/2022\/03\/accumold-vector-logo.svg","caption":"https:\/\/www.accu-mold.com\/careers\/current-openings\/"},"image":{"@id":"https:\/\/www.accu-mold.com\/#\/schema\/logo\/image\/"}}]}},"_links":{"self":[{"href":"https:\/\/www.accu-mold.com\/it\/wp-json\/wp\/v2\/pages\/5504","targetHints":{"allow":["GET"]}}],"collection":[{"href":"https:\/\/www.accu-mold.com\/it\/wp-json\/wp\/v2\/pages"}],"about":[{"href":"https:\/\/www.accu-mold.com\/it\/wp-json\/wp\/v2\/types\/page"}],"author":[{"embeddable":true,"href":"https:\/\/www.accu-mold.com\/it\/wp-json\/wp\/v2\/users\/5"}],"replies":[{"embeddable":true,"href":"https:\/\/www.accu-mold.com\/it\/wp-json\/wp\/v2\/comments?post=5504"}],"version-history":[{"count":9,"href":"https:\/\/www.accu-mold.com\/it\/wp-json\/wp\/v2\/pages\/5504\/revisions"}],"predecessor-version":[{"id":18055,"href":"https:\/\/www.accu-mold.com\/it\/wp-json\/wp\/v2\/pages\/5504\/revisions\/18055"}],"up":[{"embeddable":true,"href":"https:\/\/www.accu-mold.com\/it\/wp-json\/wp\/v2\/pages\/5502"}],"wp:attachment":[{"href":"https:\/\/www.accu-mold.com\/it\/wp-json\/wp\/v2\/media?parent=5504"}],"curies":[{"name":"wp","href":"https:\/\/api.w.org\/{rel}","templated":true}]}}