{"id":19739,"date":"2023-02-15T11:45:31","date_gmt":"2023-02-15T17:45:31","guid":{"rendered":"https:\/\/www.accu-mold.com\/micro-molding-capabilities\/classificazione-delle-muffe\/medical-micro-molding\/"},"modified":"2023-08-21T09:26:11","modified_gmt":"2023-08-21T14:26:11","slug":"medical-micro-molding","status":"publish","type":"page","link":"https:\/\/www.accu-mold.com\/it\/micro-molding-capabilities\/classificazione-delle-muffe\/medical-micro-molding\/","title":{"rendered":"Micro stampaggio medicale"},"content":{"rendered":"\n<div class=\"wp-block-cover alignfull page-header has-custom-inner-width\" style=\"min-height:316px;--inner-container-width:1540px;aspect-ratio:unset;\"><span aria-hidden=\"true\" class=\"wp-block-cover__background has-primary-background-color has-background-dim-80 has-background-dim\"><\/span><img loading=\"lazy\" decoding=\"async\" width=\"1800\" height=\"1200\" class=\"wp-block-cover__image-background wp-image-16594\" alt=\"micro lens examples\" src=\"https:\/\/www.accu-mold.com\/wp-content\/uploads\/2021\/09\/micro-lenses-02.jpg\" data-object-fit=\"cover\" srcset=\"https:\/\/www.accu-mold.com\/wp-content\/uploads\/2021\/09\/micro-lenses-02.jpg 1800w, https:\/\/www.accu-mold.com\/wp-content\/uploads\/2021\/09\/micro-lenses-02-300x200.jpg 300w, https:\/\/www.accu-mold.com\/wp-content\/uploads\/2021\/09\/micro-lenses-02-1024x683.jpg 1024w, https:\/\/www.accu-mold.com\/wp-content\/uploads\/2021\/09\/micro-lenses-02-768x512.jpg 768w, https:\/\/www.accu-mold.com\/wp-content\/uploads\/2021\/09\/micro-lenses-02-1536x1024.jpg 1536w\" sizes=\"auto, (max-width: 1800px) 100vw, 1800px\" \/><div class=\"wp-block-cover__inner-container is-layout-flow wp-block-cover-is-layout-flow\">\n<h1 class=\"wp-block-heading\" id=\"h-micro-stampaggio-medicale\" style=\"font-size:64px\">Micro stampaggio medicale<\/h1>\n<\/div><\/div>\n\n\n\n<div style=\"height:64px\" aria-hidden=\"true\" class=\"wp-block-spacer\"><\/div>\n\n\n\n<p>Il micro stampaggio medicale \u00e8 una nicchia altamente specializzata nel settore dello stampaggio a iniezione delle materie plastiche. I dispositivi medici dei principali OEM usano i componenti stampati a microiniezione per la miniaturizzazione della propria tecnologia, in modo da fornire cure importanti per i pazienti interne ed esterne al corpo. Il micro stampaggio produce componenti in plastica stampati a iniezione con dimensioni al livello del micron e tolleranze molto strette.<\/p>\n\n\n\n<div style=\"height:45px\" aria-hidden=\"true\" class=\"wp-block-spacer\"><\/div>\n\n\n\n<h2 class=\"wp-block-heading has-primary-color has-text-color\" id=\"h-convalida-del-micro-stampaggio-medicale\">Convalida del micro stampaggio medicale<\/h2>\n\n\n\n<div class=\"wp-block-columns are-vertically-aligned-center is-layout-flex wp-container-core-columns-is-layout-9d6595d7 wp-block-columns-is-layout-flex\">\n<div class=\"wp-block-column is-vertically-aligned-center is-layout-flow wp-block-column-is-layout-flow\" style=\"flex-basis:33.33%\"><div class=\"wp-block-image\">\n<figure class=\"aligncenter is-resized\"><a href=\"https:\/\/www.accu-mold.com\/wp-content\/uploads\/2020\/09\/medical-molding-300x300-1.jpg\"><img loading=\"lazy\" decoding=\"async\" src=\"https:\/\/www.accu-mold.com\/wp-content\/uploads\/2020\/09\/medical-molding-150x150-1.jpg\" alt=\"person with pipette in medical setting\" width=\"150\" height=\"150\"\/><\/a><\/figure>\n<\/div><\/div>\n\n\n\n<div class=\"wp-block-column is-vertically-aligned-center is-layout-flow wp-block-column-is-layout-flow\" style=\"flex-basis:66.66%\">\n<p>A causa di una rigorosa supervisione normativa, i componenti dei dispositivi medici richiedono una convalida dei processi con requisiti spesso superiori a quelli previsti per altri settori. Questo processo rigoroso, unito alle tolleranze molto strette richieste per questi componenti, pu\u00f2 rendere il processo di stampaggio molto impegnativo. Per questo motivo occorre rivolgersi a uno specialista come Accumold.<\/p>\n<\/div>\n<\/div>\n\n\n\n<h3 class=\"wp-block-heading has-primary-color has-text-color\" id=\"h-tre-aspetti-importanti-sul-micro-stampaggio-medicale\">Tre aspetti importanti sul micro stampaggio medicale<\/h3>\n\n\n\n<p>Le nostre camere bianche rispettano gli standard <a href=\"https:\/\/www.iso.org\/home.html\">ISO, 100 <\/a>k (classe <a href=\"https:\/\/www.mecart-cleanrooms.com\/learning-center\/cleanroom-classifications-iso-8-iso-7-iso-6-iso-5\/\">ISO 8<\/a>) e 10 k (classe <a href=\"https:\/\/www.mecart-cleanrooms.com\/learning-center\/cleanroom-classifications-iso-8-iso-7-iso-6-iso-5\/\">ISO 7<\/a>), ma costituiscono solo il punto di partenza. Gli ingegneri e i progettisti delle parti OEM che lavorano in un progetto medico devono conoscere tre aspetti fondamentali del processo di micro stampaggio medico prima di iniziare il lavoro.<\/p>\n\n\n\n<h4 class=\"wp-block-heading has-primary-color has-text-color\" id=\"h-1-gate-ed-espulsioni\">1. Gate ed espulsioni<\/h4>\n\n\n\n<p>Quando le parti diventano molto piccole e richiedono tolleranze di un micron o mezzo micron, le caratteristiche del gate e del perno espulsore occupano una percentuale considerevole della geometria del pezzo, pi\u00f9 di quanto avviene in un piccolo componente stampato a iniezione. Quando i progettisti prendono in considerazione il processo di micro stampaggio medicale, devono valutare le modalit\u00e0 di gating del pezzo per lo stampaggio e l&#8217;estrazione dallo stampo.<\/p>\n\n\n\n<h4 class=\"wp-block-heading has-primary-color has-text-color\" id=\"h-2-lo-spessore-e-le-dimensioni-standard-delle-pareti-non-sono-applicabili\">2. Lo spessore e le dimensioni standard delle pareti non sono applicabili<\/h4>\n\n\n\n<p>Il nostro processo di micro stampaggio medicale ultra-sottile e ultra-piccolo consente ai progettisti dei pezzi e agli OEM di superare gli standard in termini di spessore delle pareti e dimensioni dei pezzi. I nostri tecnici DFM stampano abitualmente componenti impossibili secondo le specifiche del fornitore della resina. Spesso le persone non credono che sia possibile realizzare alcune parti usando la plastica.<\/p>\n\n\n\n<h4 class=\"wp-block-heading has-primary-color has-text-color\" id=\"h-3-complessita-dell-allungamento\">3. Complessit\u00e0 dell&#8217;allungamento<\/h4>\n\n\n\n<p>Spingiamo le resine a livelli microscopici e facciamo altrettanto con la complessit\u00e0 dei pezzi e il design intricato delle cavit\u00e0. Uno dei motivi per cui i progetti complessi vengono spesso abbandonati \u00e8 che i designer di dispositivi medici non sanno che i loro requisiti di stampaggio microscopico sono possibili. Per questo motivo consigliamo di contattare il nostro team DFM il prima possibile.<\/p>\n\n\n\n<div style=\"height:45px\" aria-hidden=\"true\" class=\"wp-block-spacer\"><\/div>\n\n\n\n<h2 class=\"wp-block-heading has-primary-color has-text-color\" id=\"h-materiali-per-il-micro-stampaggio-medico\">Materiali per il micro stampaggio medico<\/h2>\n\n\n\n<p>I materiali comuni per il micro stampaggio medico sono i seguenti.<\/p>\n\n\n\n<ul class=\"wp-block-list\">\n<li>PEEK<\/li>\n\n\n\n<li>Polisulfoni<\/li>\n\n\n\n<li>ABS<\/li>\n\n\n\n<li>PC<\/li>\n\n\n\n<li>Co-poliesteri<\/li>\n\n\n\n<li>(PBT, es. Tritan)<\/li>\n\n\n\n<li>LCP&#8217;s<\/li>\n\n\n\n<li>Poliuretani<\/li>\n\n\n\n<li>Altre resine per <a href=\"https:\/\/www.accu-mold.com\/micro-molding-resins-comparison-and-challenges\/\">microstampi ><\/a><\/li>\n<\/ul>\n\n\n\n<h3 class=\"wp-block-heading has-primary-color has-text-color\" id=\"h-esempi\">Esempi<\/h3>\n\n\n\n<p>Esistono numerosi esempi di micro stampaggio medico. Ecco alcuni esempi comuni:<\/p>\n\n\n\n<ul class=\"wp-block-list\">\n<li>Connettori per batterie a inserto per dispositivi cardiaci impiantabili e flessibili.<\/li>\n\n\n\n<li>Puntali in poliuretano a parete sottile utilizzati negli elettrocateteri di pacemaker e nei neurostimolatori.<\/li>\n\n\n\n<li>Array di microaghi per la somministrazione dei farmaci e la biopsia dei tessuti.<\/li>\n\n\n\n<li>Punte micro-ottiche utilizzate nella tomografia a coerenza ottica (OCT) di nuova generazione.<\/li>\n\n\n\n<li>Cannule sagomate per la chirurgia oftalmica<\/li>\n\n\n\n<li><a href=\"https:\/\/www.accu-mold.com\/examples\/\">Esempi \u00bb<\/a><\/li>\n<\/ul>\n\n\n\n<div style=\"height:45px\" aria-hidden=\"true\" class=\"wp-block-spacer\"><\/div>\n\n\n\n<h2 class=\"wp-block-heading has-primary-color has-text-color\" id=\"h-l-esperienza-di-accumold-nel-settore-medico\">L&#8217;esperienza di Accumold nel settore medico<\/h2>\n\n\n\n<div class=\"wp-block-columns are-vertically-aligned-center is-layout-flex wp-container-core-columns-is-layout-9d6595d7 wp-block-columns-is-layout-flex\" style=\"--column-gutter:0px\">\n<div class=\"wp-block-column is-vertically-aligned-center is-layout-flow wp-block-column-is-layout-flow\" style=\"flex-basis:33.33%\"><div class=\"wp-block-image\">\n<figure class=\"aligncenter size-full is-resized\"><img decoding=\"async\" src=\"https:\/\/www.accu-mold.com\/wp-content\/uploads\/2020\/09\/capabilities1.jpg\" alt=\"Micro Molding Examples\" class=\"wp-image-4799\" width=\"400\" srcset=\"https:\/\/www.accu-mold.com\/wp-content\/uploads\/2020\/09\/capabilities1.jpg 308w, https:\/\/www.accu-mold.com\/wp-content\/uploads\/2020\/09\/capabilities1-300x197.jpg 300w\" sizes=\"(max-width: 308px) 100vw, 308px\" \/><\/figure>\n<\/div><\/div>\n\n\n\n<div class=\"wp-block-column is-vertically-aligned-center is-layout-flow wp-block-column-is-layout-flow\" style=\"flex-basis:66.66%\">\n<p>L&#8217;obiettivo principale di Accumold, fin dalla fondazione che risale a oltre 35 anni fa, \u00e8 lo stampaggio di piccoli componenti con tolleranze molto strette. Questo \u00e8 ci\u00f2 di cui ci occupiamo. In questo periodo, abbiamo appreso nuove tecniche di lavorazione e studiato nuovi strumenti per il micro stampaggio e i micro parti medicali.<\/p>\n\n\n\n<p>Il pi\u00f9 grande equivoco relativo al micro stampaggio \u00e8 l&#8217;idea che si tratti di una versione pi\u00f9 piccola dello stampaggio a iniezione. Il processo \u00e8 completamente diverso e molti stampatori a iniezione non riescono a eseguire il micro stampaggio con tolleranze al micron.<\/p>\n\n\n\n<p>Il nostro team vanta decenni di esperienza nello stampaggio di parti microscopiche e difficili da realizzare. Le nostre attrezzature e i nostri sistemi di automazione vengono progettati, costruiti e mantenuti internamente 24 ore su 24, 7 giorni su 7, e i nostri tecnici DFM sono pronti ad aiutarvi anche per i componenti di micro stampaggio medicale pi\u00f9 impegnativi.\u201d<\/p>\n<\/div>\n<\/div>\n\n\n\n<div style=\"height:45px\" aria-hidden=\"true\" class=\"wp-block-spacer\"><\/div>\n\n\n\n<h2 class=\"wp-block-heading has-primary-color has-text-color\" id=\"h-got-a-tricky-question\">\n\t\tGot A Tricky Question?\n\t<\/h2>\n\n\n\n<script charset=\"utf-8\" type=\"text\/javascript\" src=\"\/\/js.hsforms.net\/forms\/embed\/v2.js\"><\/script>\n<script>\n  hbspt.forms.create({\n    region: \"na1\",\n    portalId: \"20439115\",\n    formId: \"29d47960-cdd0-4f9e-936d-75f09d842b7f\"\n  });\n<\/script>\n","protected":false},"excerpt":{"rendered":"<p>Il micro stampaggio medicale \u00e8 una nicchia altamente specializzata nel settore dello stampaggio a iniezione delle materie plastiche. I dispositivi [&#8230;] <a class=\"more-link\" href=\"https:\/\/www.accu-mold.com\/it\/micro-molding-capabilities\/classificazione-delle-muffe\/medical-micro-molding\/\">Read More<span class=\"screen-reader-text\">about Micro stampaggio medicale<\/span><\/a><\/p>\n","protected":false},"author":5,"featured_media":0,"parent":5503,"menu_order":0,"comment_status":"closed","ping_status":"closed","template":"","meta":{"_acf_changed":false,"inline_featured_image":false,"_wd_proto_hide_page_title":false,"_wd_proto_page_body_class":"","_wd_proto_post_layout":"","footnotes":""},"class_list":["post-19739","page","type-page","status-publish","hentry"],"acf":[],"yoast_head":"<!-- This site is optimized with the Yoast SEO Premium plugin v27.3 (Yoast SEO v27.4) - https:\/\/yoast.com\/product\/yoast-seo-premium-wordpress\/ -->\n<title>Medical Micro Molding \u00bb Accumold, World Leaders in Micro Molding<\/title>\n<meta name=\"description\" content=\"Medical micro molding is a highly specialized niche in the plastic injection molding industry. Medical devices from leading OEMs depend on micro-injection molded components as technology drastically shrinks in size.\" \/>\n<meta name=\"robots\" content=\"index, follow, max-snippet:-1, max-image-preview:large, max-video-preview:-1\" \/>\n<link rel=\"canonical\" href=\"https:\/\/www.accu-mold.com\/it\/micro-molding-capabilities\/classificazione-delle-muffe\/medical-micro-molding\/\" \/>\n<meta property=\"og:locale\" content=\"it_IT\" \/>\n<meta property=\"og:type\" content=\"article\" \/>\n<meta property=\"og:title\" content=\"Micro stampaggio medicale\" \/>\n<meta property=\"og:description\" content=\"Medical micro molding is a highly specialized niche in the plastic injection molding industry. Medical devices from leading OEMs depend on micro-injection molded components as technology drastically shrinks in size.\" \/>\n<meta property=\"og:url\" content=\"https:\/\/www.accu-mold.com\/it\/micro-molding-capabilities\/classificazione-delle-muffe\/medical-micro-molding\/\" \/>\n<meta property=\"og:site_name\" content=\"Accu-Mold\" \/>\n<meta property=\"article:modified_time\" content=\"2023-08-21T14:26:11+00:00\" \/>\n<meta property=\"og:image\" content=\"https:\/\/www.accu-mold.com\/wp-content\/uploads\/2021\/09\/micro-lenses-02.jpg\" \/>\n<meta name=\"twitter:card\" content=\"summary_large_image\" \/>\n<meta name=\"twitter:label1\" content=\"Est. reading time\" \/>\n\t<meta name=\"twitter:data1\" content=\"4 minutes\" \/>\n<script type=\"application\/ld+json\" class=\"yoast-schema-graph\">{\"@context\":\"https:\\\/\\\/schema.org\",\"@graph\":[{\"@type\":\"WebPage\",\"@id\":\"https:\\\/\\\/www.accu-mold.com\\\/it\\\/micro-molding-capabilities\\\/classificazione-delle-muffe\\\/medical-micro-molding\\\/\",\"url\":\"https:\\\/\\\/www.accu-mold.com\\\/it\\\/micro-molding-capabilities\\\/classificazione-delle-muffe\\\/medical-micro-molding\\\/\",\"name\":\"Medical Micro Molding \u00bb Accumold, World Leaders in Micro Molding\",\"isPartOf\":{\"@id\":\"https:\\\/\\\/www.accu-mold.com\\\/#website\"},\"primaryImageOfPage\":{\"@id\":\"https:\\\/\\\/www.accu-mold.com\\\/it\\\/micro-molding-capabilities\\\/classificazione-delle-muffe\\\/medical-micro-molding\\\/#primaryimage\"},\"image\":{\"@id\":\"https:\\\/\\\/www.accu-mold.com\\\/it\\\/micro-molding-capabilities\\\/classificazione-delle-muffe\\\/medical-micro-molding\\\/#primaryimage\"},\"thumbnailUrl\":\"https:\\\/\\\/www.accu-mold.com\\\/wp-content\\\/uploads\\\/2021\\\/09\\\/micro-lenses-02.jpg\",\"datePublished\":\"2023-02-15T17:45:31+00:00\",\"dateModified\":\"2023-08-21T14:26:11+00:00\",\"description\":\"Medical micro molding is a highly specialized niche in the plastic injection molding industry. Medical devices from leading OEMs depend on micro-injection molded components as technology drastically shrinks in size.\",\"breadcrumb\":{\"@id\":\"https:\\\/\\\/www.accu-mold.com\\\/it\\\/micro-molding-capabilities\\\/classificazione-delle-muffe\\\/medical-micro-molding\\\/#breadcrumb\"},\"inLanguage\":\"it-IT\",\"potentialAction\":[{\"@type\":\"ReadAction\",\"target\":[\"https:\\\/\\\/www.accu-mold.com\\\/it\\\/micro-molding-capabilities\\\/classificazione-delle-muffe\\\/medical-micro-molding\\\/\"]}]},{\"@type\":\"ImageObject\",\"inLanguage\":\"it-IT\",\"@id\":\"https:\\\/\\\/www.accu-mold.com\\\/it\\\/micro-molding-capabilities\\\/classificazione-delle-muffe\\\/medical-micro-molding\\\/#primaryimage\",\"url\":\"https:\\\/\\\/www.accu-mold.com\\\/wp-content\\\/uploads\\\/2021\\\/09\\\/micro-lenses-02.jpg\",\"contentUrl\":\"https:\\\/\\\/www.accu-mold.com\\\/wp-content\\\/uploads\\\/2021\\\/09\\\/micro-lenses-02.jpg\"},{\"@type\":\"BreadcrumbList\",\"@id\":\"https:\\\/\\\/www.accu-mold.com\\\/it\\\/micro-molding-capabilities\\\/classificazione-delle-muffe\\\/medical-micro-molding\\\/#breadcrumb\",\"itemListElement\":[{\"@type\":\"ListItem\",\"position\":1,\"name\":\"Exceptional capabilities backed by exceptional people\",\"item\":\"https:\\\/\\\/www.accu-mold.com\\\/it\\\/\"},{\"@type\":\"ListItem\",\"position\":2,\"name\":\"Micro Molding Capabilities\",\"item\":\"https:\\\/\\\/www.accu-mold.com\\\/it\\\/micro-molding-capabilities\\\/\"},{\"@type\":\"ListItem\",\"position\":3,\"name\":\"Classificazione delle Muffe\",\"item\":\"https:\\\/\\\/www.accu-mold.com\\\/it\\\/micro-molding-capabilities\\\/classificazione-delle-muffe\\\/\"},{\"@type\":\"ListItem\",\"position\":4,\"name\":\"Micro stampaggio medicale\"}]},{\"@type\":\"WebSite\",\"@id\":\"https:\\\/\\\/www.accu-mold.com\\\/#website\",\"url\":\"https:\\\/\\\/www.accu-mold.com\\\/\",\"name\":\"Accu-Mold\",\"description\":\"Your Micro Mold\u00ae Tooling &amp; Production Partners\",\"publisher\":{\"@id\":\"https:\\\/\\\/www.accu-mold.com\\\/#organization\"},\"potentialAction\":[{\"@type\":\"SearchAction\",\"target\":{\"@type\":\"EntryPoint\",\"urlTemplate\":\"https:\\\/\\\/www.accu-mold.com\\\/?s={search_term_string}\"},\"query-input\":{\"@type\":\"PropertyValueSpecification\",\"valueRequired\":true,\"valueName\":\"search_term_string\"}}],\"inLanguage\":\"it-IT\"},{\"@type\":\"Organization\",\"@id\":\"https:\\\/\\\/www.accu-mold.com\\\/#organization\",\"name\":\"https:\\\/\\\/www.accu-mold.com\\\/careers\\\/current-openings\\\/\",\"url\":\"https:\\\/\\\/www.accu-mold.com\\\/\",\"logo\":{\"@type\":\"ImageObject\",\"inLanguage\":\"it-IT\",\"@id\":\"https:\\\/\\\/www.accu-mold.com\\\/#\\\/schema\\\/logo\\\/image\\\/\",\"url\":\"https:\\\/\\\/www.accu-mold.com\\\/wp-content\\\/uploads\\\/2022\\\/03\\\/accumold-vector-logo.svg\",\"contentUrl\":\"https:\\\/\\\/www.accu-mold.com\\\/wp-content\\\/uploads\\\/2022\\\/03\\\/accumold-vector-logo.svg\",\"caption\":\"https:\\\/\\\/www.accu-mold.com\\\/careers\\\/current-openings\\\/\"},\"image\":{\"@id\":\"https:\\\/\\\/www.accu-mold.com\\\/#\\\/schema\\\/logo\\\/image\\\/\"}}]}<\/script>\n<!-- \/ Yoast SEO Premium plugin. -->","yoast_head_json":{"title":"Medical Micro Molding \u00bb Accumold, World Leaders in Micro Molding","description":"Medical micro molding is a highly specialized niche in the plastic injection molding industry. Medical devices from leading OEMs depend on micro-injection molded components as technology drastically shrinks in size.","robots":{"index":"index","follow":"follow","max-snippet":"max-snippet:-1","max-image-preview":"max-image-preview:large","max-video-preview":"max-video-preview:-1"},"canonical":"https:\/\/www.accu-mold.com\/it\/micro-molding-capabilities\/classificazione-delle-muffe\/medical-micro-molding\/","og_locale":"it_IT","og_type":"article","og_title":"Micro stampaggio medicale","og_description":"Medical micro molding is a highly specialized niche in the plastic injection molding industry. Medical devices from leading OEMs depend on micro-injection molded components as technology drastically shrinks in size.","og_url":"https:\/\/www.accu-mold.com\/it\/micro-molding-capabilities\/classificazione-delle-muffe\/medical-micro-molding\/","og_site_name":"Accu-Mold","article_modified_time":"2023-08-21T14:26:11+00:00","og_image":[{"url":"https:\/\/www.accu-mold.com\/wp-content\/uploads\/2021\/09\/micro-lenses-02.jpg","type":"","width":"","height":""}],"twitter_card":"summary_large_image","twitter_misc":{"Est. reading time":"4 minutes"},"schema":{"@context":"https:\/\/schema.org","@graph":[{"@type":"WebPage","@id":"https:\/\/www.accu-mold.com\/it\/micro-molding-capabilities\/classificazione-delle-muffe\/medical-micro-molding\/","url":"https:\/\/www.accu-mold.com\/it\/micro-molding-capabilities\/classificazione-delle-muffe\/medical-micro-molding\/","name":"Medical Micro Molding \u00bb Accumold, World Leaders in Micro Molding","isPartOf":{"@id":"https:\/\/www.accu-mold.com\/#website"},"primaryImageOfPage":{"@id":"https:\/\/www.accu-mold.com\/it\/micro-molding-capabilities\/classificazione-delle-muffe\/medical-micro-molding\/#primaryimage"},"image":{"@id":"https:\/\/www.accu-mold.com\/it\/micro-molding-capabilities\/classificazione-delle-muffe\/medical-micro-molding\/#primaryimage"},"thumbnailUrl":"https:\/\/www.accu-mold.com\/wp-content\/uploads\/2021\/09\/micro-lenses-02.jpg","datePublished":"2023-02-15T17:45:31+00:00","dateModified":"2023-08-21T14:26:11+00:00","description":"Medical micro molding is a highly specialized niche in the plastic injection molding industry. Medical devices from leading OEMs depend on micro-injection molded components as technology drastically shrinks in size.","breadcrumb":{"@id":"https:\/\/www.accu-mold.com\/it\/micro-molding-capabilities\/classificazione-delle-muffe\/medical-micro-molding\/#breadcrumb"},"inLanguage":"it-IT","potentialAction":[{"@type":"ReadAction","target":["https:\/\/www.accu-mold.com\/it\/micro-molding-capabilities\/classificazione-delle-muffe\/medical-micro-molding\/"]}]},{"@type":"ImageObject","inLanguage":"it-IT","@id":"https:\/\/www.accu-mold.com\/it\/micro-molding-capabilities\/classificazione-delle-muffe\/medical-micro-molding\/#primaryimage","url":"https:\/\/www.accu-mold.com\/wp-content\/uploads\/2021\/09\/micro-lenses-02.jpg","contentUrl":"https:\/\/www.accu-mold.com\/wp-content\/uploads\/2021\/09\/micro-lenses-02.jpg"},{"@type":"BreadcrumbList","@id":"https:\/\/www.accu-mold.com\/it\/micro-molding-capabilities\/classificazione-delle-muffe\/medical-micro-molding\/#breadcrumb","itemListElement":[{"@type":"ListItem","position":1,"name":"Exceptional capabilities backed by exceptional people","item":"https:\/\/www.accu-mold.com\/it\/"},{"@type":"ListItem","position":2,"name":"Micro Molding Capabilities","item":"https:\/\/www.accu-mold.com\/it\/micro-molding-capabilities\/"},{"@type":"ListItem","position":3,"name":"Classificazione delle Muffe","item":"https:\/\/www.accu-mold.com\/it\/micro-molding-capabilities\/classificazione-delle-muffe\/"},{"@type":"ListItem","position":4,"name":"Micro stampaggio medicale"}]},{"@type":"WebSite","@id":"https:\/\/www.accu-mold.com\/#website","url":"https:\/\/www.accu-mold.com\/","name":"Accu-Mold","description":"Your Micro Mold\u00ae Tooling &amp; Production Partners","publisher":{"@id":"https:\/\/www.accu-mold.com\/#organization"},"potentialAction":[{"@type":"SearchAction","target":{"@type":"EntryPoint","urlTemplate":"https:\/\/www.accu-mold.com\/?s={search_term_string}"},"query-input":{"@type":"PropertyValueSpecification","valueRequired":true,"valueName":"search_term_string"}}],"inLanguage":"it-IT"},{"@type":"Organization","@id":"https:\/\/www.accu-mold.com\/#organization","name":"https:\/\/www.accu-mold.com\/careers\/current-openings\/","url":"https:\/\/www.accu-mold.com\/","logo":{"@type":"ImageObject","inLanguage":"it-IT","@id":"https:\/\/www.accu-mold.com\/#\/schema\/logo\/image\/","url":"https:\/\/www.accu-mold.com\/wp-content\/uploads\/2022\/03\/accumold-vector-logo.svg","contentUrl":"https:\/\/www.accu-mold.com\/wp-content\/uploads\/2022\/03\/accumold-vector-logo.svg","caption":"https:\/\/www.accu-mold.com\/careers\/current-openings\/"},"image":{"@id":"https:\/\/www.accu-mold.com\/#\/schema\/logo\/image\/"}}]}},"_links":{"self":[{"href":"https:\/\/www.accu-mold.com\/it\/wp-json\/wp\/v2\/pages\/19739","targetHints":{"allow":["GET"]}}],"collection":[{"href":"https:\/\/www.accu-mold.com\/it\/wp-json\/wp\/v2\/pages"}],"about":[{"href":"https:\/\/www.accu-mold.com\/it\/wp-json\/wp\/v2\/types\/page"}],"author":[{"embeddable":true,"href":"https:\/\/www.accu-mold.com\/it\/wp-json\/wp\/v2\/users\/5"}],"replies":[{"embeddable":true,"href":"https:\/\/www.accu-mold.com\/it\/wp-json\/wp\/v2\/comments?post=19739"}],"version-history":[{"count":2,"href":"https:\/\/www.accu-mold.com\/it\/wp-json\/wp\/v2\/pages\/19739\/revisions"}],"predecessor-version":[{"id":20456,"href":"https:\/\/www.accu-mold.com\/it\/wp-json\/wp\/v2\/pages\/19739\/revisions\/20456"}],"up":[{"embeddable":true,"href":"https:\/\/www.accu-mold.com\/it\/wp-json\/wp\/v2\/pages\/5503"}],"wp:attachment":[{"href":"https:\/\/www.accu-mold.com\/it\/wp-json\/wp\/v2\/media?parent=19739"}],"curies":[{"name":"wp","href":"https:\/\/api.w.org\/{rel}","templated":true}]}}