{"id":19657,"date":"2020-09-11T11:23:50","date_gmt":"2020-09-11T11:23:50","guid":{"rendered":"https:\/\/www.accu-mold.com\/micro-molding-capabilities\/classificazione-delle-muffe\/micro-electronics-molding\/"},"modified":"2023-08-21T09:41:45","modified_gmt":"2023-08-21T14:41:45","slug":"micro-electronics-molding","status":"publish","type":"page","link":"https:\/\/www.accu-mold.com\/it\/micro-molding-capabilities\/classificazione-delle-muffe\/micro-electronics-molding\/","title":{"rendered":"Stampaggio di microelettronica"},"content":{"rendered":"\n<div class=\"wp-block-cover alignfull page-header has-custom-inner-width\" style=\"min-height:316px;--inner-container-width:1540px;aspect-ratio:unset;\"><span aria-hidden=\"true\" class=\"wp-block-cover__background has-primary-background-color has-background-dim-80 has-background-dim\"><\/span><img loading=\"lazy\" decoding=\"async\" width=\"1800\" height=\"1200\" class=\"wp-block-cover__image-background wp-image-16594\" alt=\"micro lens examples\" src=\"https:\/\/www.accu-mold.com\/wp-content\/uploads\/2021\/09\/micro-lenses-02.jpg\" data-object-fit=\"cover\" srcset=\"https:\/\/www.accu-mold.com\/wp-content\/uploads\/2021\/09\/micro-lenses-02.jpg 1800w, https:\/\/www.accu-mold.com\/wp-content\/uploads\/2021\/09\/micro-lenses-02-300x200.jpg 300w, https:\/\/www.accu-mold.com\/wp-content\/uploads\/2021\/09\/micro-lenses-02-1024x683.jpg 1024w, https:\/\/www.accu-mold.com\/wp-content\/uploads\/2021\/09\/micro-lenses-02-768x512.jpg 768w, https:\/\/www.accu-mold.com\/wp-content\/uploads\/2021\/09\/micro-lenses-02-1536x1024.jpg 1536w\" sizes=\"auto, (max-width: 1800px) 100vw, 1800px\" \/><div class=\"wp-block-cover__inner-container is-layout-flow wp-block-cover-is-layout-flow\">\n<h1 class=\"wp-block-heading\" id=\"h-stampaggio-di-microelettronica\" style=\"font-size:64px\">Stampaggio di microelettronica <\/h1>\n<\/div><\/div>\n\n\n\n<div style=\"height:64px\" aria-hidden=\"true\" class=\"wp-block-spacer\"><\/div>\n\n\n\n<p>I nostri ordini di stampaggio per microelettronica spesso richiedono un componente stampato a inserto o sovrastampato. La nostra tecnologia \u00e8 in grado di stampare resine speciali, sopra, attraverso, all&#8217;interno o intorno ad altri materiali come metallo, altre plastiche, tessuti, circuiti flessibili e altri supporti delicati, conservando tolleranze da un micron a mezzo micron.<\/p>\n\n\n\n<p>Le aziende tecnologiche pi\u00f9 all\u2019avanguardia di oggi si sono probabilmente affidate alla microelettronica all\u2019interno dello spazio di microformatura.<\/p>\n\n\n\n<div style=\"height:45px\" aria-hidden=\"true\" class=\"wp-block-spacer\"><\/div>\n\n\n\n<div class=\"wp-block-columns alignwide are-vertically-aligned-center col-large-2 col-medium-2 col-small-1 is-layout-flex wp-container-core-columns-is-layout-9d6595d7 wp-block-columns-is-layout-flex\" style=\"--column-gutter:0px\">\n<div class=\"wp-block-column is-vertically-aligned-center is-layout-flow wp-block-column-is-layout-flow\" style=\"flex-basis:66.66%\">\n<h2 class=\"wp-block-heading has-primary-color has-text-color\" id=\"h-specifiche-dello-stampaggio-per-microelettronica\">Specifiche dello stampaggio per microelettronica<\/h2>\n\n\n\n<p>Il nostro processo di stampaggio per microelettronica consente di realizzare componenti robusti e di alta precisione a velocit\u00e0 elevate, mantenendo le tolleranze pi\u00f9 strette possibili. Le dimensioni dei pezzi richiesti dai clienti, la complessit\u00e0 del progetto e le tolleranze imposte rappresentano solo l&#8217;inizio del processo.<\/p>\n\n\n\n<p>I nostri ordini di stampaggio per microelettronica spesso richiedono un componente stampato a inserto o sovrastampato. La nostra tecnologia \u00e8 in grado di stampare resine speciali, sopra, attraverso, all&#8217;interno o intorno ad altri materiali come metallo, altre plastiche, tessuti, circuiti flessibili e altri supporti delicati, conservando tolleranze da un micron a mezzo micron.<\/p>\n\n\n\n<p>Allo stesso tempo, il nostro processo \u00e8 ripetibile, soddisfa i rigidi requisiti di qualit\u00e0 del cliente e ogni componente viene confezionato su misura per soddisfare i requisiti del processo produttivo.<\/p>\n<\/div>\n\n\n\n<div class=\"wp-block-column is-vertically-aligned-center is-layout-flow wp-block-column-is-layout-flow\" style=\"flex-basis:33.33%\"><div class=\"wp-block-image\">\n<figure class=\"aligncenter\"><img decoding=\"async\" src=\"https:\/\/www.accu-mold.com\/wp-content\/uploads\/2020\/09\/lead-frame-molding-1.jpg\" alt=\"Accumold Lead Frame Molding\"\/><figcaption class=\"wp-element-caption\">Lead Frame Overmold example<\/figcaption><\/figure>\n<\/div><\/div>\n<\/div>\n\n\n\n<div class=\"wp-block-columns alignwide are-vertically-aligned-center is-layout-flex wp-container-core-columns-is-layout-9d6595d7 wp-block-columns-is-layout-flex\">\n<div class=\"wp-block-column is-vertically-aligned-center is-layout-flow wp-block-column-is-layout-flow\" style=\"flex-basis:66.66%\">\n<h2 class=\"wp-block-heading has-primary-color has-text-color\" id=\"h-specifiche-dello-stampaggio-per-microelettronica-1\">Specifiche dello stampaggio per microelettronica<\/h2>\n\n\n\n<p>I progetti di stampaggio per microelettronica richiedono un equilibrio tra gestione dei materiali, esperienza e tecnologia. Ecco una rapida panoramica dei materiali e degli esempi di stampaggio per microelettronica.<\/p>\n<\/div>\n\n\n\n<div class=\"wp-block-column is-vertically-aligned-center is-layout-flow wp-block-column-is-layout-flow\" style=\"flex-basis:33.33%\"><div class=\"wp-block-image\">\n<figure class=\"alignright\"><a href=\"https:\/\/www.accu-mold.com\/it\/micro-molding-capabilities\/selezione-del-materiale\/#peek\" target=\"_blank\" rel=\"noreferrer noopener\"><img decoding=\"async\" src=\"https:\/\/www.accu-mold.com\/wp-content\/uploads\/2020\/09\/Ultem-Polyetherimide-PEI-269x300-1-1.png\" alt=\"Ultem Polyetherimide PEI - micro molding materials\"\/><\/a><figcaption class=\"wp-element-caption\">            Ultem Polyetherimide PEI<\/figcaption><\/figure>\n<\/div><\/div>\n<\/div>\n\n\n\n<h3 class=\"wp-block-heading has-primary-color has-text-color\" id=\"h-materiali\">Materiali<\/h3>\n\n\n\n<p>Utilizziamo una vasta gamma di materiali per il micro stampaggio, a seconda delle esigenze del progetto. Ad esempio, materiali per uso medico e impiantabile e nylon con riempimento di vetro ad alta temperatura (capacit\u00e0 di rifusione tripla). Altri esempi:<\/p>\n\n\n\n<ul class=\"wp-block-list\">\n<li><a rel=\"noreferrer noopener\" href=\"https:\/\/www.accu-mold.com\/it\/micro-molding-capabilities\/selezione-del-materiale\/#pei\" target=\"_blank\">LCP<\/a><\/li>\n\n\n\n<li>HTN-<a rel=\"noreferrer noopener\" href=\"https:\/\/www.accu-mold.com\/it\/micro-molding-capabilities\/selezione-del-materiale\/#pp\" target=\"_blank\">Nylon<\/a><\/li>\n\n\n\n<li>PPS-<a href=\"https:\/\/www.accu-mold.com\/it\/micro-molding-capabilities\/selezione-del-materiale\/#pmma\">Polisolfone<\/a><\/li>\n\n\n\n<li><a rel=\"noreferrer noopener\" href=\"https:\/\/www.accu-mold.com\/it\/micro-molding-capabilities\/selezione-del-materiale\/#pmma\" target=\"_blank\">PEEK<\/a><\/li>\n\n\n\n<li><a rel=\"noreferrer noopener\" href=\"https:\/\/www.accu-mold.com\/it\/micro-molding-capabilities\/selezione-del-materiale\/#peek\" target=\"_blank\">Ultem<\/a><\/li>\n\n\n\n<li>Xtem<\/li>\n\n\n\n<li><a href=\"https:\/\/www.accu-mold.com\/it\/micro-molding-capabilities\/selezione-del-materiale\/#pmma\">Variet\u00e0 di policarbonato<\/a><\/li>\n\n\n\n<li>Poliesteri<\/li>\n\n\n\n<li><a href=\"https:\/\/www.accu-mold.com\/it\/micro-molding-capabilities\/selezione-del-materiale\/\">Elenco completo ><\/a><\/li>\n<\/ul>\n\n\n\n<div style=\"height:45px\" aria-hidden=\"true\" class=\"wp-block-spacer\"><\/div>\n\n\n\n<div class=\"wp-block-columns alignwide are-vertically-aligned-center is-layout-flex wp-container-core-columns-is-layout-9d6595d7 wp-block-columns-is-layout-flex\">\n<div class=\"wp-block-column is-vertically-aligned-center is-layout-flow wp-block-column-is-layout-flow\" style=\"flex-basis:66.66%\">\n<h3 class=\"wp-block-heading has-primary-color has-text-color\" id=\"h-esempi-di-componenti\">Esempi di componenti<\/h3>\n\n\n\n<p>Alcuni esempi tratti dai progetti precedenti: componenti per sensori (prossimit\u00e0, gas, fumo, tempo di volo), antenne Bluetooth, componenti e batterie per apparecchi acustici e sovrastampaggio di PCB flessibili.<\/p>\n<\/div>\n\n\n\n<div class=\"wp-block-column is-vertically-aligned-center is-layout-flow wp-block-column-is-layout-flow\" style=\"flex-basis:33.33%\"><div class=\"wp-block-image\">\n<figure class=\"aligncenter is-resized\"><img loading=\"lazy\" decoding=\"async\" src=\"https:\/\/www.accu-mold.com\/wp-content\/uploads\/2020\/09\/lead-frame-8-2.jpg\" alt=\"open cavity lead frame component produced from Accumold's Micro-Electronics Molding technology\" width=\"240\" height=\"240\"\/><figcaption class=\"wp-element-caption\">This open cavity lead frame is a micro-electronics molding example.<\/figcaption><\/figure>\n<\/div><\/div>\n<\/div>\n\n\n\n<div class=\"wp-block-columns alignwide is-layout-flex wp-container-core-columns-is-layout-9d6595d7 wp-block-columns-is-layout-flex\">\n<div class=\"wp-block-column is-layout-flow wp-block-column-is-layout-flow\">\n<h2 class=\"wp-block-heading has-primary-color has-text-color\" id=\"h-perche-scegliere-accumold\">Perch\u00e9 scegliere Accumold?<\/h2>\n\n\n\n<p>Sicuramente \u00e8 possibile riprodurre i componenti da noi prodotti in laboratorio, ma il processo di stampaggio per microelettronica di Accumold \u00e8 in grado di realizzare quantit\u00e0 molto elevate di pezzi complessi. Realizziamo sistemi di automazione completi con trasportatori, telecamere per la visione artificiale e ispezioni automatizzate.<\/p>\n\n\n\n<p>Accumold \u00e8 in grado di dimensionare la produzione in modo da soddisfare le tue esigenze produttive in poche settimane, completando progetti da 100 milioni di pezzi all&#8217;anno. Ci\u00f2 \u00e8 possibile grazie a reparti di attrezzeria e automazione interni che lavorano fianco a fianco con i nostri esperti di DFM.<\/p>\n\n\n\n<p>Lo stampaggio per microelettronica offre molto di pi\u00f9: chiedici informazioni sulle opportunit\u00e0 di progettazione delle parti che non rientrano nei metodi o nelle pratiche tradizionali, ovvero quelle che le aziende normali di stampaggio non sono in grado di realizzare. Facciamo ci\u00f2 che i nostri clienti potrebbero considerare impossibile.<\/p>\n\n\n\n<div style=\"height:45px\" aria-hidden=\"true\" class=\"wp-block-spacer\"><\/div>\n\n\n\n<h2 class=\"wp-block-heading has-primary-color has-text-color\" id=\"h-got-a-tricky-question\">Got A Tricky Question?<\/h2>\n\n\n\n<p>Send Our DFM Engineers A Message. (They like the attention.)<\/p>\n\n\n\n<script charset=\"utf-8\" type=\"text\/javascript\" src=\"\/\/js.hsforms.net\/forms\/embed\/v2.js\"><\/script>\n<script>\n  hbspt.forms.create({\n    region: \"na1\",\n    portalId: \"20439115\",\n    formId: \"29d47960-cdd0-4f9e-936d-75f09d842b7f\"\n  });\n<\/script>\n<\/div>\n<\/div>\n","protected":false},"excerpt":{"rendered":"<p>I nostri ordini di stampaggio per microelettronica spesso richiedono un componente stampato a inserto o sovrastampato. La nostra tecnologia \u00e8 [&#8230;] <a class=\"more-link\" href=\"https:\/\/www.accu-mold.com\/it\/micro-molding-capabilities\/classificazione-delle-muffe\/micro-electronics-molding\/\">Read More<span class=\"screen-reader-text\">about Stampaggio di microelettronica<\/span><\/a><\/p>\n","protected":false},"author":5,"featured_media":0,"parent":5503,"menu_order":0,"comment_status":"closed","ping_status":"closed","template":"","meta":{"_acf_changed":false,"inline_featured_image":false,"_wd_proto_hide_page_title":false,"_wd_proto_page_body_class":"","_wd_proto_post_layout":"","footnotes":""},"class_list":["post-19657","page","type-page","status-publish","hentry"],"acf":[],"yoast_head":"<!-- This site is optimized with the Yoast SEO Premium plugin v27.3 (Yoast SEO v27.4) - https:\/\/yoast.com\/product\/yoast-seo-premium-wordpress\/ -->\n<title>Micro-Electronics Molding | Accumold, World Leaders In Micro Molding<\/title>\n<meta name=\"description\" content=\"Our specialized manufacturing process produces extremely small, high-precision thermoplastic parts and components with micron tolerances and features. Micro molding specifically for micro-electronics molding however, deals with microscopic circuit boards, lenses, and extremely delicate components.\" \/>\n<meta name=\"robots\" content=\"index, follow, max-snippet:-1, max-image-preview:large, max-video-preview:-1\" \/>\n<link rel=\"canonical\" href=\"https:\/\/www.accu-mold.com\/it\/micro-molding-capabilities\/classificazione-delle-muffe\/micro-electronics-molding\/\" \/>\n<meta property=\"og:locale\" content=\"it_IT\" \/>\n<meta property=\"og:type\" content=\"article\" \/>\n<meta property=\"og:title\" content=\"Stampaggio di microelettronica\" \/>\n<meta property=\"og:description\" content=\"Our specialized manufacturing process produces extremely small, high-precision thermoplastic parts and components with micron tolerances and features. Micro molding specifically for micro-electronics molding however, deals with microscopic circuit boards, lenses, and extremely delicate components.\" \/>\n<meta property=\"og:url\" content=\"https:\/\/www.accu-mold.com\/it\/micro-molding-capabilities\/classificazione-delle-muffe\/micro-electronics-molding\/\" \/>\n<meta property=\"og:site_name\" content=\"Accu-Mold\" \/>\n<meta property=\"article:modified_time\" content=\"2023-08-21T14:41:45+00:00\" \/>\n<meta property=\"og:image\" content=\"https:\/\/www.accu-mold.com\/wp-content\/uploads\/2021\/09\/micro-lenses-02.jpg\" \/>\n<meta name=\"twitter:card\" content=\"summary_large_image\" \/>\n<meta name=\"twitter:label1\" content=\"Est. reading time\" \/>\n\t<meta name=\"twitter:data1\" content=\"4 minutes\" \/>\n<script type=\"application\/ld+json\" class=\"yoast-schema-graph\">{\"@context\":\"https:\\\/\\\/schema.org\",\"@graph\":[{\"@type\":\"WebPage\",\"@id\":\"https:\\\/\\\/www.accu-mold.com\\\/it\\\/micro-molding-capabilities\\\/classificazione-delle-muffe\\\/micro-electronics-molding\\\/\",\"url\":\"https:\\\/\\\/www.accu-mold.com\\\/it\\\/micro-molding-capabilities\\\/classificazione-delle-muffe\\\/micro-electronics-molding\\\/\",\"name\":\"Micro-Electronics Molding | Accumold, World Leaders In Micro Molding\",\"isPartOf\":{\"@id\":\"https:\\\/\\\/www.accu-mold.com\\\/#website\"},\"primaryImageOfPage\":{\"@id\":\"https:\\\/\\\/www.accu-mold.com\\\/it\\\/micro-molding-capabilities\\\/classificazione-delle-muffe\\\/micro-electronics-molding\\\/#primaryimage\"},\"image\":{\"@id\":\"https:\\\/\\\/www.accu-mold.com\\\/it\\\/micro-molding-capabilities\\\/classificazione-delle-muffe\\\/micro-electronics-molding\\\/#primaryimage\"},\"thumbnailUrl\":\"https:\\\/\\\/www.accu-mold.com\\\/wp-content\\\/uploads\\\/2021\\\/09\\\/micro-lenses-02.jpg\",\"datePublished\":\"2020-09-11T11:23:50+00:00\",\"dateModified\":\"2023-08-21T14:41:45+00:00\",\"description\":\"Our specialized manufacturing process produces extremely small, high-precision thermoplastic parts and components with micron tolerances and features. Micro molding specifically for micro-electronics molding however, deals with microscopic circuit boards, lenses, and extremely delicate components.\",\"breadcrumb\":{\"@id\":\"https:\\\/\\\/www.accu-mold.com\\\/it\\\/micro-molding-capabilities\\\/classificazione-delle-muffe\\\/micro-electronics-molding\\\/#breadcrumb\"},\"inLanguage\":\"it-IT\",\"potentialAction\":[{\"@type\":\"ReadAction\",\"target\":[\"https:\\\/\\\/www.accu-mold.com\\\/it\\\/micro-molding-capabilities\\\/classificazione-delle-muffe\\\/micro-electronics-molding\\\/\"]}]},{\"@type\":\"ImageObject\",\"inLanguage\":\"it-IT\",\"@id\":\"https:\\\/\\\/www.accu-mold.com\\\/it\\\/micro-molding-capabilities\\\/classificazione-delle-muffe\\\/micro-electronics-molding\\\/#primaryimage\",\"url\":\"https:\\\/\\\/www.accu-mold.com\\\/wp-content\\\/uploads\\\/2021\\\/09\\\/micro-lenses-02.jpg\",\"contentUrl\":\"https:\\\/\\\/www.accu-mold.com\\\/wp-content\\\/uploads\\\/2021\\\/09\\\/micro-lenses-02.jpg\"},{\"@type\":\"BreadcrumbList\",\"@id\":\"https:\\\/\\\/www.accu-mold.com\\\/it\\\/micro-molding-capabilities\\\/classificazione-delle-muffe\\\/micro-electronics-molding\\\/#breadcrumb\",\"itemListElement\":[{\"@type\":\"ListItem\",\"position\":1,\"name\":\"Exceptional capabilities backed by exceptional people\",\"item\":\"https:\\\/\\\/www.accu-mold.com\\\/it\\\/\"},{\"@type\":\"ListItem\",\"position\":2,\"name\":\"Micro Molding Capabilities\",\"item\":\"https:\\\/\\\/www.accu-mold.com\\\/it\\\/micro-molding-capabilities\\\/\"},{\"@type\":\"ListItem\",\"position\":3,\"name\":\"Classificazione delle Muffe\",\"item\":\"https:\\\/\\\/www.accu-mold.com\\\/it\\\/micro-molding-capabilities\\\/classificazione-delle-muffe\\\/\"},{\"@type\":\"ListItem\",\"position\":4,\"name\":\"Stampaggio di microelettronica\"}]},{\"@type\":\"WebSite\",\"@id\":\"https:\\\/\\\/www.accu-mold.com\\\/#website\",\"url\":\"https:\\\/\\\/www.accu-mold.com\\\/\",\"name\":\"Accu-Mold\",\"description\":\"Your Micro Mold\u00ae Tooling &amp; Production Partners\",\"publisher\":{\"@id\":\"https:\\\/\\\/www.accu-mold.com\\\/#organization\"},\"potentialAction\":[{\"@type\":\"SearchAction\",\"target\":{\"@type\":\"EntryPoint\",\"urlTemplate\":\"https:\\\/\\\/www.accu-mold.com\\\/?s={search_term_string}\"},\"query-input\":{\"@type\":\"PropertyValueSpecification\",\"valueRequired\":true,\"valueName\":\"search_term_string\"}}],\"inLanguage\":\"it-IT\"},{\"@type\":\"Organization\",\"@id\":\"https:\\\/\\\/www.accu-mold.com\\\/#organization\",\"name\":\"https:\\\/\\\/www.accu-mold.com\\\/careers\\\/current-openings\\\/\",\"url\":\"https:\\\/\\\/www.accu-mold.com\\\/\",\"logo\":{\"@type\":\"ImageObject\",\"inLanguage\":\"it-IT\",\"@id\":\"https:\\\/\\\/www.accu-mold.com\\\/#\\\/schema\\\/logo\\\/image\\\/\",\"url\":\"https:\\\/\\\/www.accu-mold.com\\\/wp-content\\\/uploads\\\/2022\\\/03\\\/accumold-vector-logo.svg\",\"contentUrl\":\"https:\\\/\\\/www.accu-mold.com\\\/wp-content\\\/uploads\\\/2022\\\/03\\\/accumold-vector-logo.svg\",\"caption\":\"https:\\\/\\\/www.accu-mold.com\\\/careers\\\/current-openings\\\/\"},\"image\":{\"@id\":\"https:\\\/\\\/www.accu-mold.com\\\/#\\\/schema\\\/logo\\\/image\\\/\"}}]}<\/script>\n<!-- \/ Yoast SEO Premium plugin. -->","yoast_head_json":{"title":"Micro-Electronics Molding | Accumold, World Leaders In Micro Molding","description":"Our specialized manufacturing process produces extremely small, high-precision thermoplastic parts and components with micron tolerances and features. Micro molding specifically for micro-electronics molding however, deals with microscopic circuit boards, lenses, and extremely delicate components.","robots":{"index":"index","follow":"follow","max-snippet":"max-snippet:-1","max-image-preview":"max-image-preview:large","max-video-preview":"max-video-preview:-1"},"canonical":"https:\/\/www.accu-mold.com\/it\/micro-molding-capabilities\/classificazione-delle-muffe\/micro-electronics-molding\/","og_locale":"it_IT","og_type":"article","og_title":"Stampaggio di microelettronica","og_description":"Our specialized manufacturing process produces extremely small, high-precision thermoplastic parts and components with micron tolerances and features. Micro molding specifically for micro-electronics molding however, deals with microscopic circuit boards, lenses, and extremely delicate components.","og_url":"https:\/\/www.accu-mold.com\/it\/micro-molding-capabilities\/classificazione-delle-muffe\/micro-electronics-molding\/","og_site_name":"Accu-Mold","article_modified_time":"2023-08-21T14:41:45+00:00","og_image":[{"url":"https:\/\/www.accu-mold.com\/wp-content\/uploads\/2021\/09\/micro-lenses-02.jpg","type":"","width":"","height":""}],"twitter_card":"summary_large_image","twitter_misc":{"Est. reading time":"4 minutes"},"schema":{"@context":"https:\/\/schema.org","@graph":[{"@type":"WebPage","@id":"https:\/\/www.accu-mold.com\/it\/micro-molding-capabilities\/classificazione-delle-muffe\/micro-electronics-molding\/","url":"https:\/\/www.accu-mold.com\/it\/micro-molding-capabilities\/classificazione-delle-muffe\/micro-electronics-molding\/","name":"Micro-Electronics Molding | Accumold, World Leaders In Micro Molding","isPartOf":{"@id":"https:\/\/www.accu-mold.com\/#website"},"primaryImageOfPage":{"@id":"https:\/\/www.accu-mold.com\/it\/micro-molding-capabilities\/classificazione-delle-muffe\/micro-electronics-molding\/#primaryimage"},"image":{"@id":"https:\/\/www.accu-mold.com\/it\/micro-molding-capabilities\/classificazione-delle-muffe\/micro-electronics-molding\/#primaryimage"},"thumbnailUrl":"https:\/\/www.accu-mold.com\/wp-content\/uploads\/2021\/09\/micro-lenses-02.jpg","datePublished":"2020-09-11T11:23:50+00:00","dateModified":"2023-08-21T14:41:45+00:00","description":"Our specialized manufacturing process produces extremely small, high-precision thermoplastic parts and components with micron tolerances and features. Micro molding specifically for micro-electronics molding however, deals with microscopic circuit boards, lenses, and extremely delicate components.","breadcrumb":{"@id":"https:\/\/www.accu-mold.com\/it\/micro-molding-capabilities\/classificazione-delle-muffe\/micro-electronics-molding\/#breadcrumb"},"inLanguage":"it-IT","potentialAction":[{"@type":"ReadAction","target":["https:\/\/www.accu-mold.com\/it\/micro-molding-capabilities\/classificazione-delle-muffe\/micro-electronics-molding\/"]}]},{"@type":"ImageObject","inLanguage":"it-IT","@id":"https:\/\/www.accu-mold.com\/it\/micro-molding-capabilities\/classificazione-delle-muffe\/micro-electronics-molding\/#primaryimage","url":"https:\/\/www.accu-mold.com\/wp-content\/uploads\/2021\/09\/micro-lenses-02.jpg","contentUrl":"https:\/\/www.accu-mold.com\/wp-content\/uploads\/2021\/09\/micro-lenses-02.jpg"},{"@type":"BreadcrumbList","@id":"https:\/\/www.accu-mold.com\/it\/micro-molding-capabilities\/classificazione-delle-muffe\/micro-electronics-molding\/#breadcrumb","itemListElement":[{"@type":"ListItem","position":1,"name":"Exceptional capabilities backed by exceptional people","item":"https:\/\/www.accu-mold.com\/it\/"},{"@type":"ListItem","position":2,"name":"Micro Molding Capabilities","item":"https:\/\/www.accu-mold.com\/it\/micro-molding-capabilities\/"},{"@type":"ListItem","position":3,"name":"Classificazione delle Muffe","item":"https:\/\/www.accu-mold.com\/it\/micro-molding-capabilities\/classificazione-delle-muffe\/"},{"@type":"ListItem","position":4,"name":"Stampaggio di microelettronica"}]},{"@type":"WebSite","@id":"https:\/\/www.accu-mold.com\/#website","url":"https:\/\/www.accu-mold.com\/","name":"Accu-Mold","description":"Your Micro Mold\u00ae Tooling &amp; Production Partners","publisher":{"@id":"https:\/\/www.accu-mold.com\/#organization"},"potentialAction":[{"@type":"SearchAction","target":{"@type":"EntryPoint","urlTemplate":"https:\/\/www.accu-mold.com\/?s={search_term_string}"},"query-input":{"@type":"PropertyValueSpecification","valueRequired":true,"valueName":"search_term_string"}}],"inLanguage":"it-IT"},{"@type":"Organization","@id":"https:\/\/www.accu-mold.com\/#organization","name":"https:\/\/www.accu-mold.com\/careers\/current-openings\/","url":"https:\/\/www.accu-mold.com\/","logo":{"@type":"ImageObject","inLanguage":"it-IT","@id":"https:\/\/www.accu-mold.com\/#\/schema\/logo\/image\/","url":"https:\/\/www.accu-mold.com\/wp-content\/uploads\/2022\/03\/accumold-vector-logo.svg","contentUrl":"https:\/\/www.accu-mold.com\/wp-content\/uploads\/2022\/03\/accumold-vector-logo.svg","caption":"https:\/\/www.accu-mold.com\/careers\/current-openings\/"},"image":{"@id":"https:\/\/www.accu-mold.com\/#\/schema\/logo\/image\/"}}]}},"_links":{"self":[{"href":"https:\/\/www.accu-mold.com\/it\/wp-json\/wp\/v2\/pages\/19657","targetHints":{"allow":["GET"]}}],"collection":[{"href":"https:\/\/www.accu-mold.com\/it\/wp-json\/wp\/v2\/pages"}],"about":[{"href":"https:\/\/www.accu-mold.com\/it\/wp-json\/wp\/v2\/types\/page"}],"author":[{"embeddable":true,"href":"https:\/\/www.accu-mold.com\/it\/wp-json\/wp\/v2\/users\/5"}],"replies":[{"embeddable":true,"href":"https:\/\/www.accu-mold.com\/it\/wp-json\/wp\/v2\/comments?post=19657"}],"version-history":[{"count":4,"href":"https:\/\/www.accu-mold.com\/it\/wp-json\/wp\/v2\/pages\/19657\/revisions"}],"predecessor-version":[{"id":20466,"href":"https:\/\/www.accu-mold.com\/it\/wp-json\/wp\/v2\/pages\/19657\/revisions\/20466"}],"up":[{"embeddable":true,"href":"https:\/\/www.accu-mold.com\/it\/wp-json\/wp\/v2\/pages\/5503"}],"wp:attachment":[{"href":"https:\/\/www.accu-mold.com\/it\/wp-json\/wp\/v2\/media?parent=19657"}],"curies":[{"name":"wp","href":"https:\/\/api.w.org\/{rel}","templated":true}]}}