{"id":19644,"date":"2020-09-11T09:09:36","date_gmt":"2020-09-11T09:09:36","guid":{"rendered":"https:\/\/www.accu-mold.com\/micro-molding-capabilities\/classificazione-delle-muffe\/automotive-micro-molding\/"},"modified":"2023-08-21T08:41:00","modified_gmt":"2023-08-21T13:41:00","slug":"automotive-micro-molding","status":"publish","type":"page","link":"https:\/\/www.accu-mold.com\/it\/micro-molding-capabilities\/classificazione-delle-muffe\/automotive-micro-molding\/","title":{"rendered":"Micro stampaggio per settore automobilistico"},"content":{"rendered":"\n<div class=\"wp-block-cover alignfull page-header has-custom-inner-width\" style=\"min-height:316px;--inner-container-width:1540px;aspect-ratio:unset;\"><span aria-hidden=\"true\" class=\"wp-block-cover__background has-primary-background-color has-background-dim-80 has-background-dim\"><\/span><img loading=\"lazy\" decoding=\"async\" width=\"1800\" height=\"1200\" class=\"wp-block-cover__image-background wp-image-16594\" alt=\"micro lens examples\" src=\"https:\/\/www.accu-mold.com\/wp-content\/uploads\/2021\/09\/micro-lenses-02.jpg\" data-object-fit=\"cover\" srcset=\"https:\/\/www.accu-mold.com\/wp-content\/uploads\/2021\/09\/micro-lenses-02.jpg 1800w, https:\/\/www.accu-mold.com\/wp-content\/uploads\/2021\/09\/micro-lenses-02-300x200.jpg 300w, https:\/\/www.accu-mold.com\/wp-content\/uploads\/2021\/09\/micro-lenses-02-1024x683.jpg 1024w, https:\/\/www.accu-mold.com\/wp-content\/uploads\/2021\/09\/micro-lenses-02-768x512.jpg 768w, https:\/\/www.accu-mold.com\/wp-content\/uploads\/2021\/09\/micro-lenses-02-1536x1024.jpg 1536w\" sizes=\"auto, (max-width: 1800px) 100vw, 1800px\" \/><div class=\"wp-block-cover__inner-container is-layout-flow wp-block-cover-is-layout-flow\">\n<h1 class=\"wp-block-heading\" id=\"h-micro-stampaggio-per-settore-automobilistico\" style=\"font-size:64px\">Micro stampaggio per settore automobilistico<\/h1>\n<\/div><\/div>\n\n\n\n<div style=\"height:64px\" aria-hidden=\"true\" class=\"wp-block-spacer\"><\/div>\n\n\n\n<p>L&#8217;aumento della domanda di tecnologie pi\u00f9 avanzate nel settore automobilistico crea una maggiore pressione sulla microtecnologia. I sistemi di bordo, dalla guida autonoma al comfort dell&#8217;abitacolo, utilizzano un&#8217;ampia gamma di soluzioni microelettroniche, sensori e altri piccoli componenti. La maggior parte degli ingegneri si aspetta che queste tecnologie aggiuntive siano discrete, resistenti ed economiche e il micro stampaggio per il settore automobilistico \u00e8 un processo in grado di soddisfare queste tre aspettative.<\/p>\n\n\n\n<div class=\"wp-block-columns alignwide are-vertically-aligned-center is-layout-flex wp-container-core-columns-is-layout-9d6595d7 wp-block-columns-is-layout-flex\" style=\"--column-gutter:0px\">\n<div class=\"wp-block-column is-vertically-aligned-center is-layout-flow wp-block-column-is-layout-flow\" style=\"flex-basis:66.66%\">\n<h2 class=\"wp-block-heading has-primary-color has-text-color\" id=\"h-il-processo\">Il processo<\/h2>\n\n\n\n<p>Le forniture per il settore automobilistico richiedono processi di produzione molto rigorosi. Le aziende che forniscono componenti complessi, in particolare chi opera nel micro stampaggio, devono disporre di sistemi di qualit\u00e0 adeguati, ma questo non basta. Negli anni a venire i partner giusti dovranno concentrarsi su scalabilit\u00e0 e sostenibilit\u00e0 per produrre componenti cos\u00ec critici. I componenti per il settore automobilistico non subiscono spesso modifiche e non sono ammesse in tale ambito interruzioni della catena di approvvigionamento.<\/p>\n<\/div>\n\n\n\n<div class=\"wp-block-column is-vertically-aligned-center is-layout-flow wp-block-column-is-layout-flow\" style=\"flex-basis:33.33%\"><div class=\"wp-block-image\">\n<figure class=\"aligncenter\"><img decoding=\"async\" src=\"https:\/\/www.accu-mold.com\/wp-content\/uploads\/2020\/09\/LCP-Liquid-Crystal-Polymer-277x300-1.png\" alt=\"LCP Liquid Crystal Polymer - micro molding materials\"\/><figcaption class=\"wp-element-caption\">LCP Liquid Crystal Polymer<\/figcaption><\/figure>\n<\/div><\/div>\n<\/div>\n\n\n\n<div class=\"wp-block-columns alignwide is-layout-flex wp-container-core-columns-is-layout-9d6595d7 wp-block-columns-is-layout-flex\">\n<div class=\"wp-block-column is-layout-flow wp-block-column-is-layout-flow\" style=\"flex-basis:100%\">\n<h3 class=\"wp-block-heading has-primary-color has-text-color\" id=\"h-materiali-ed-esempi-comuni\">Materiali ed esempi comuni<\/h3>\n\n\n\n<p>Ogni settori ha i suoi materiali preferiti, come ABS, PC, PMMA e LCP, ma collaboriamo anche con un gran numero di OEM e produttori che richiedono nuovi materiali innovativi.<\/p>\n\n\n\n<p>Esempi comuni di micro stampaggio di componenti per il settore automobilistico comprendono alloggiamenti per sensori, ottiche di illuminazione, connettori, sottocomponenti elettronici e guarnizioni per batterie.<\/p>\n\n\n\n<p>A oggi, il nostro componente di micro stampaggio pi\u00f9 grande per il settore automobilistico \u00e8 un alloggiamento per il sensore del servosterzo.<\/p>\n<\/div>\n<\/div>\n\n\n\n<div class=\"wp-block-columns alignwide are-vertically-aligned-center is-layout-flex wp-container-core-columns-is-layout-9d6595d7 wp-block-columns-is-layout-flex\">\n<div class=\"wp-block-column is-vertically-aligned-center is-layout-flow wp-block-column-is-layout-flow\" style=\"flex-basis:66.66%\">\n<h3 class=\"wp-block-heading has-primary-color has-text-color\" id=\"h-tre-aspetti-importanti-del-micro-stampaggio-per-il-settore-automobilistico\">Tre aspetti importanti del micro stampaggio per il settore automobilistico<\/h3>\n\n\n\n<ol class=\"wp-block-list\">\n<li>\u00c8 ideale avviare il dialogo con i clienti il prima possibile durante il processo di progettazione. Spesso ci\u00f2 che gli ingegneri pensano sia impossibile, noi lo abbiamo gi\u00e0 realizzato.<\/li>\n\n\n\n<li>Il processo di DFM (Design for Manufacturability) deve essere preciso.<\/li>\n\n\n\n<li>Un esempio del nostro componente di micro stampaggio pi\u00f9 grande per il settore automobilistico \u00e8 un alloggiamento per il sensore del servosterzo.<\/li>\n<\/ol>\n<\/div>\n\n\n\n<div class=\"wp-block-column is-vertically-aligned-center is-layout-flow wp-block-column-is-layout-flow\" style=\"flex-basis:33.33%\"><div class=\"wp-block-image\">\n<figure class=\"aligncenter is-resized\"><img loading=\"lazy\" decoding=\"async\" src=\"https:\/\/www.accu-mold.com\/wp-content\/uploads\/2020\/09\/automative-electronics-1.jpg\" alt=\"Example of our largest automotive micro molding component. A power-steering sensor housing.\" width=\"240\" height=\"240\"\/><figcaption class=\"wp-element-caption\">Power-steering sensor housing.<\/figcaption><\/figure>\n<\/div><\/div>\n<\/div>\n\n\n\n<div class=\"wp-block-columns alignwide are-vertically-aligned-center is-layout-flex wp-container-core-columns-is-layout-9d6595d7 wp-block-columns-is-layout-flex\">\n<div class=\"wp-block-column is-vertically-aligned-center is-layout-flow wp-block-column-is-layout-flow\" style=\"flex-basis:66.66%\">\n<h2 class=\"wp-block-heading has-primary-color has-text-color\" id=\"h-perche-scegliere-accumold\">Perch\u00e9 scegliere Accumold?<\/h2>\n\n\n\n<p>Accumold \u00e8 nata come azienda di micro stampaggio oltre 35 anni fa. Vantiamo uno dei team di costruttori di strumenti pi\u00f9 esperti al mondo e la nostra esperienza ci contraddistingue.<\/p>\n\n\n\n<p>La nostra specializzazione nel micro stampaggio per il settore automobilistico consente ai migliori ingegneri del mondo di superare le normali prassi dello stampaggio a iniezione. La nostra tecnologia \u00e8 in grado di raggiungere tolleranze di lavorazione ravvicinate, con una migliore ripetibilit\u00e0 ad alti volumi. I nostri team garantiscono vasta esperienza con assiemi complessi e tempi rapidi di realizzazione degli strumenti.<\/p>\n\n\n\n<p>Inoltre, offriamo piattaforme di micro-molding\u00ae e automazione altamente personalizzabili.\u201d<\/p>\n<\/div>\n\n\n\n<div class=\"wp-block-column is-vertically-aligned-center is-layout-flow wp-block-column-is-layout-flow\" style=\"flex-basis:33.33%\"><div class=\"wp-block-image\">\n<figure class=\"aligncenter is-resized\"><img decoding=\"async\" src=\"https:\/\/www.accu-mold.com\/wp-content\/uploads\/2020\/09\/MedTechLive-300x225-1.jpg\" alt=\"Accumold at MedTechLive\" width=\"400\"\/><\/figure>\n<\/div><\/div>\n<\/div>\n\n\n\n<h2 class=\"wp-block-heading has-primary-color has-text-color\" id=\"h-got-a-tricky-question\">Got A Tricky Question?<\/h2>\n\n\n\n<p>Send Our DFM Engineers A Message. (They like the attention.)<\/p>\n\n\n\n<script charset=\"utf-8\" type=\"text\/javascript\" src=\"\/\/js.hsforms.net\/forms\/embed\/v2.js\"><\/script>\n<script>\n  hbspt.forms.create({\n    region: \"na1\",\n    portalId: \"20439115\",\n    formId: \"29d47960-cdd0-4f9e-936d-75f09d842b7f\"\n  });\n<\/script>\n","protected":false},"excerpt":{"rendered":"<p>L&#8217;aumento della domanda di tecnologie pi\u00f9 avanzate nel settore automobilistico crea una maggiore pressione sulla microtecnologia. I sistemi di bordo, [&#8230;] <a class=\"more-link\" href=\"https:\/\/www.accu-mold.com\/it\/micro-molding-capabilities\/classificazione-delle-muffe\/automotive-micro-molding\/\">Read More<span class=\"screen-reader-text\">about Micro stampaggio per settore automobilistico<\/span><\/a><\/p>\n","protected":false},"author":5,"featured_media":0,"parent":5503,"menu_order":0,"comment_status":"closed","ping_status":"closed","template":"","meta":{"_acf_changed":false,"inline_featured_image":false,"_wd_proto_hide_page_title":false,"_wd_proto_page_body_class":"","_wd_proto_post_layout":"","footnotes":""},"class_list":["post-19644","page","type-page","status-publish","hentry"],"acf":[],"yoast_head":"<!-- This site is optimized with the Yoast SEO Premium plugin v27.3 (Yoast SEO v27.4) - https:\/\/yoast.com\/product\/yoast-seo-premium-wordpress\/ -->\n<title>Automotive Micro Molding | Accumold<\/title>\n<meta name=\"description\" content=\"On-board systems for autonomous driving to cabin comfort employ a wide variety of microelectronics, sensors and other small components. Automotive micro molding is one enabling processes that can help engineers reduce bulk and increase efficiency.\" \/>\n<meta name=\"robots\" content=\"index, follow, max-snippet:-1, max-image-preview:large, max-video-preview:-1\" \/>\n<link rel=\"canonical\" href=\"https:\/\/www.accu-mold.com\/it\/micro-molding-capabilities\/classificazione-delle-muffe\/automotive-micro-molding\/\" \/>\n<meta property=\"og:locale\" content=\"it_IT\" \/>\n<meta property=\"og:type\" content=\"article\" \/>\n<meta property=\"og:title\" content=\"Micro stampaggio per settore automobilistico\" \/>\n<meta property=\"og:description\" content=\"On-board systems for autonomous driving to cabin comfort employ a wide variety of microelectronics, sensors and other small components. Automotive micro molding is one enabling processes that can help engineers reduce bulk and increase efficiency.\" \/>\n<meta property=\"og:url\" content=\"https:\/\/www.accu-mold.com\/it\/micro-molding-capabilities\/classificazione-delle-muffe\/automotive-micro-molding\/\" \/>\n<meta property=\"og:site_name\" content=\"Accu-Mold\" \/>\n<meta property=\"article:modified_time\" content=\"2023-08-21T13:41:00+00:00\" \/>\n<meta property=\"og:image\" content=\"https:\/\/www.accu-mold.com\/wp-content\/uploads\/2021\/09\/micro-lenses-02.jpg\" \/>\n<meta name=\"twitter:card\" content=\"summary_large_image\" \/>\n<meta name=\"twitter:label1\" content=\"Est. reading time\" \/>\n\t<meta name=\"twitter:data1\" content=\"3 minutes\" \/>\n<script type=\"application\/ld+json\" class=\"yoast-schema-graph\">{\"@context\":\"https:\\\/\\\/schema.org\",\"@graph\":[{\"@type\":\"WebPage\",\"@id\":\"https:\\\/\\\/www.accu-mold.com\\\/it\\\/micro-molding-capabilities\\\/classificazione-delle-muffe\\\/automotive-micro-molding\\\/\",\"url\":\"https:\\\/\\\/www.accu-mold.com\\\/it\\\/micro-molding-capabilities\\\/classificazione-delle-muffe\\\/automotive-micro-molding\\\/\",\"name\":\"Automotive Micro Molding | Accumold\",\"isPartOf\":{\"@id\":\"https:\\\/\\\/www.accu-mold.com\\\/#website\"},\"primaryImageOfPage\":{\"@id\":\"https:\\\/\\\/www.accu-mold.com\\\/it\\\/micro-molding-capabilities\\\/classificazione-delle-muffe\\\/automotive-micro-molding\\\/#primaryimage\"},\"image\":{\"@id\":\"https:\\\/\\\/www.accu-mold.com\\\/it\\\/micro-molding-capabilities\\\/classificazione-delle-muffe\\\/automotive-micro-molding\\\/#primaryimage\"},\"thumbnailUrl\":\"https:\\\/\\\/www.accu-mold.com\\\/wp-content\\\/uploads\\\/2021\\\/09\\\/micro-lenses-02.jpg\",\"datePublished\":\"2020-09-11T09:09:36+00:00\",\"dateModified\":\"2023-08-21T13:41:00+00:00\",\"description\":\"On-board systems for autonomous driving to cabin comfort employ a wide variety of microelectronics, sensors and other small components. Automotive micro molding is one enabling processes that can help engineers reduce bulk and increase efficiency.\",\"breadcrumb\":{\"@id\":\"https:\\\/\\\/www.accu-mold.com\\\/it\\\/micro-molding-capabilities\\\/classificazione-delle-muffe\\\/automotive-micro-molding\\\/#breadcrumb\"},\"inLanguage\":\"it-IT\",\"potentialAction\":[{\"@type\":\"ReadAction\",\"target\":[\"https:\\\/\\\/www.accu-mold.com\\\/it\\\/micro-molding-capabilities\\\/classificazione-delle-muffe\\\/automotive-micro-molding\\\/\"]}]},{\"@type\":\"ImageObject\",\"inLanguage\":\"it-IT\",\"@id\":\"https:\\\/\\\/www.accu-mold.com\\\/it\\\/micro-molding-capabilities\\\/classificazione-delle-muffe\\\/automotive-micro-molding\\\/#primaryimage\",\"url\":\"https:\\\/\\\/www.accu-mold.com\\\/wp-content\\\/uploads\\\/2021\\\/09\\\/micro-lenses-02.jpg\",\"contentUrl\":\"https:\\\/\\\/www.accu-mold.com\\\/wp-content\\\/uploads\\\/2021\\\/09\\\/micro-lenses-02.jpg\"},{\"@type\":\"BreadcrumbList\",\"@id\":\"https:\\\/\\\/www.accu-mold.com\\\/it\\\/micro-molding-capabilities\\\/classificazione-delle-muffe\\\/automotive-micro-molding\\\/#breadcrumb\",\"itemListElement\":[{\"@type\":\"ListItem\",\"position\":1,\"name\":\"Exceptional capabilities backed by exceptional people\",\"item\":\"https:\\\/\\\/www.accu-mold.com\\\/it\\\/\"},{\"@type\":\"ListItem\",\"position\":2,\"name\":\"Micro Molding Capabilities\",\"item\":\"https:\\\/\\\/www.accu-mold.com\\\/it\\\/micro-molding-capabilities\\\/\"},{\"@type\":\"ListItem\",\"position\":3,\"name\":\"Classificazione delle Muffe\",\"item\":\"https:\\\/\\\/www.accu-mold.com\\\/it\\\/micro-molding-capabilities\\\/classificazione-delle-muffe\\\/\"},{\"@type\":\"ListItem\",\"position\":4,\"name\":\"Micro stampaggio per settore automobilistico\"}]},{\"@type\":\"WebSite\",\"@id\":\"https:\\\/\\\/www.accu-mold.com\\\/#website\",\"url\":\"https:\\\/\\\/www.accu-mold.com\\\/\",\"name\":\"Accu-Mold\",\"description\":\"Your Micro Mold\u00ae Tooling &amp; Production Partners\",\"publisher\":{\"@id\":\"https:\\\/\\\/www.accu-mold.com\\\/#organization\"},\"potentialAction\":[{\"@type\":\"SearchAction\",\"target\":{\"@type\":\"EntryPoint\",\"urlTemplate\":\"https:\\\/\\\/www.accu-mold.com\\\/?s={search_term_string}\"},\"query-input\":{\"@type\":\"PropertyValueSpecification\",\"valueRequired\":true,\"valueName\":\"search_term_string\"}}],\"inLanguage\":\"it-IT\"},{\"@type\":\"Organization\",\"@id\":\"https:\\\/\\\/www.accu-mold.com\\\/#organization\",\"name\":\"https:\\\/\\\/www.accu-mold.com\\\/careers\\\/current-openings\\\/\",\"url\":\"https:\\\/\\\/www.accu-mold.com\\\/\",\"logo\":{\"@type\":\"ImageObject\",\"inLanguage\":\"it-IT\",\"@id\":\"https:\\\/\\\/www.accu-mold.com\\\/#\\\/schema\\\/logo\\\/image\\\/\",\"url\":\"https:\\\/\\\/www.accu-mold.com\\\/wp-content\\\/uploads\\\/2022\\\/03\\\/accumold-vector-logo.svg\",\"contentUrl\":\"https:\\\/\\\/www.accu-mold.com\\\/wp-content\\\/uploads\\\/2022\\\/03\\\/accumold-vector-logo.svg\",\"caption\":\"https:\\\/\\\/www.accu-mold.com\\\/careers\\\/current-openings\\\/\"},\"image\":{\"@id\":\"https:\\\/\\\/www.accu-mold.com\\\/#\\\/schema\\\/logo\\\/image\\\/\"}}]}<\/script>\n<!-- \/ Yoast SEO Premium plugin. -->","yoast_head_json":{"title":"Automotive Micro Molding | Accumold","description":"On-board systems for autonomous driving to cabin comfort employ a wide variety of microelectronics, sensors and other small components. Automotive micro molding is one enabling processes that can help engineers reduce bulk and increase efficiency.","robots":{"index":"index","follow":"follow","max-snippet":"max-snippet:-1","max-image-preview":"max-image-preview:large","max-video-preview":"max-video-preview:-1"},"canonical":"https:\/\/www.accu-mold.com\/it\/micro-molding-capabilities\/classificazione-delle-muffe\/automotive-micro-molding\/","og_locale":"it_IT","og_type":"article","og_title":"Micro stampaggio per settore automobilistico","og_description":"On-board systems for autonomous driving to cabin comfort employ a wide variety of microelectronics, sensors and other small components. Automotive micro molding is one enabling processes that can help engineers reduce bulk and increase efficiency.","og_url":"https:\/\/www.accu-mold.com\/it\/micro-molding-capabilities\/classificazione-delle-muffe\/automotive-micro-molding\/","og_site_name":"Accu-Mold","article_modified_time":"2023-08-21T13:41:00+00:00","og_image":[{"url":"https:\/\/www.accu-mold.com\/wp-content\/uploads\/2021\/09\/micro-lenses-02.jpg","type":"","width":"","height":""}],"twitter_card":"summary_large_image","twitter_misc":{"Est. reading time":"3 minutes"},"schema":{"@context":"https:\/\/schema.org","@graph":[{"@type":"WebPage","@id":"https:\/\/www.accu-mold.com\/it\/micro-molding-capabilities\/classificazione-delle-muffe\/automotive-micro-molding\/","url":"https:\/\/www.accu-mold.com\/it\/micro-molding-capabilities\/classificazione-delle-muffe\/automotive-micro-molding\/","name":"Automotive Micro Molding | Accumold","isPartOf":{"@id":"https:\/\/www.accu-mold.com\/#website"},"primaryImageOfPage":{"@id":"https:\/\/www.accu-mold.com\/it\/micro-molding-capabilities\/classificazione-delle-muffe\/automotive-micro-molding\/#primaryimage"},"image":{"@id":"https:\/\/www.accu-mold.com\/it\/micro-molding-capabilities\/classificazione-delle-muffe\/automotive-micro-molding\/#primaryimage"},"thumbnailUrl":"https:\/\/www.accu-mold.com\/wp-content\/uploads\/2021\/09\/micro-lenses-02.jpg","datePublished":"2020-09-11T09:09:36+00:00","dateModified":"2023-08-21T13:41:00+00:00","description":"On-board systems for autonomous driving to cabin comfort employ a wide variety of microelectronics, sensors and other small components. Automotive micro molding is one enabling processes that can help engineers reduce bulk and increase efficiency.","breadcrumb":{"@id":"https:\/\/www.accu-mold.com\/it\/micro-molding-capabilities\/classificazione-delle-muffe\/automotive-micro-molding\/#breadcrumb"},"inLanguage":"it-IT","potentialAction":[{"@type":"ReadAction","target":["https:\/\/www.accu-mold.com\/it\/micro-molding-capabilities\/classificazione-delle-muffe\/automotive-micro-molding\/"]}]},{"@type":"ImageObject","inLanguage":"it-IT","@id":"https:\/\/www.accu-mold.com\/it\/micro-molding-capabilities\/classificazione-delle-muffe\/automotive-micro-molding\/#primaryimage","url":"https:\/\/www.accu-mold.com\/wp-content\/uploads\/2021\/09\/micro-lenses-02.jpg","contentUrl":"https:\/\/www.accu-mold.com\/wp-content\/uploads\/2021\/09\/micro-lenses-02.jpg"},{"@type":"BreadcrumbList","@id":"https:\/\/www.accu-mold.com\/it\/micro-molding-capabilities\/classificazione-delle-muffe\/automotive-micro-molding\/#breadcrumb","itemListElement":[{"@type":"ListItem","position":1,"name":"Exceptional capabilities backed by exceptional people","item":"https:\/\/www.accu-mold.com\/it\/"},{"@type":"ListItem","position":2,"name":"Micro Molding Capabilities","item":"https:\/\/www.accu-mold.com\/it\/micro-molding-capabilities\/"},{"@type":"ListItem","position":3,"name":"Classificazione delle Muffe","item":"https:\/\/www.accu-mold.com\/it\/micro-molding-capabilities\/classificazione-delle-muffe\/"},{"@type":"ListItem","position":4,"name":"Micro stampaggio per settore automobilistico"}]},{"@type":"WebSite","@id":"https:\/\/www.accu-mold.com\/#website","url":"https:\/\/www.accu-mold.com\/","name":"Accu-Mold","description":"Your Micro Mold\u00ae Tooling &amp; Production Partners","publisher":{"@id":"https:\/\/www.accu-mold.com\/#organization"},"potentialAction":[{"@type":"SearchAction","target":{"@type":"EntryPoint","urlTemplate":"https:\/\/www.accu-mold.com\/?s={search_term_string}"},"query-input":{"@type":"PropertyValueSpecification","valueRequired":true,"valueName":"search_term_string"}}],"inLanguage":"it-IT"},{"@type":"Organization","@id":"https:\/\/www.accu-mold.com\/#organization","name":"https:\/\/www.accu-mold.com\/careers\/current-openings\/","url":"https:\/\/www.accu-mold.com\/","logo":{"@type":"ImageObject","inLanguage":"it-IT","@id":"https:\/\/www.accu-mold.com\/#\/schema\/logo\/image\/","url":"https:\/\/www.accu-mold.com\/wp-content\/uploads\/2022\/03\/accumold-vector-logo.svg","contentUrl":"https:\/\/www.accu-mold.com\/wp-content\/uploads\/2022\/03\/accumold-vector-logo.svg","caption":"https:\/\/www.accu-mold.com\/careers\/current-openings\/"},"image":{"@id":"https:\/\/www.accu-mold.com\/#\/schema\/logo\/image\/"}}]}},"_links":{"self":[{"href":"https:\/\/www.accu-mold.com\/it\/wp-json\/wp\/v2\/pages\/19644","targetHints":{"allow":["GET"]}}],"collection":[{"href":"https:\/\/www.accu-mold.com\/it\/wp-json\/wp\/v2\/pages"}],"about":[{"href":"https:\/\/www.accu-mold.com\/it\/wp-json\/wp\/v2\/types\/page"}],"author":[{"embeddable":true,"href":"https:\/\/www.accu-mold.com\/it\/wp-json\/wp\/v2\/users\/5"}],"replies":[{"embeddable":true,"href":"https:\/\/www.accu-mold.com\/it\/wp-json\/wp\/v2\/comments?post=19644"}],"version-history":[{"count":8,"href":"https:\/\/www.accu-mold.com\/it\/wp-json\/wp\/v2\/pages\/19644\/revisions"}],"predecessor-version":[{"id":20432,"href":"https:\/\/www.accu-mold.com\/it\/wp-json\/wp\/v2\/pages\/19644\/revisions\/20432"}],"up":[{"embeddable":true,"href":"https:\/\/www.accu-mold.com\/it\/wp-json\/wp\/v2\/pages\/5503"}],"wp:attachment":[{"href":"https:\/\/www.accu-mold.com\/it\/wp-json\/wp\/v2\/media?parent=19644"}],"curies":[{"name":"wp","href":"https:\/\/api.w.org\/{rel}","templated":true}]}}