{"id":5475,"date":"2020-09-16T12:32:27","date_gmt":"2020-09-16T12:32:27","guid":{"rendered":"http:\/\/accumold51932.ewaycorphosting.com\/micro-molding-capabilities\/selection-des-materiaux\/"},"modified":"2022-08-01T12:41:37","modified_gmt":"2022-08-01T12:41:37","slug":"selection-des-materiaux","status":"publish","type":"page","link":"https:\/\/www.accu-mold.com\/fr\/micro-molding-capabilities\/selection-des-materiaux\/","title":{"rendered":"S\u00e9lection des Mat\u00e9riaux"},"content":{"rendered":"\n<div class=\"wp-block-cover alignfull page-header has-custom-inner-width\" style=\"min-height:316px;--inner-container-width:1400px;aspect-ratio:unset;\"><span aria-hidden=\"true\" class=\"wp-block-cover__background has-primary-background-color has-background-dim-80 has-background-dim\"><\/span><img decoding=\"async\" class=\"wp-block-cover__image-background wp-image-16596\" alt=\"micro lens examples\" src=\"https:\/\/www.accu-mold.com\/wp-content\/uploads\/2021\/09\/micro-lenses-02.jpg\" data-object-fit=\"cover\"\/><div class=\"wp-block-cover__inner-container is-layout-flow wp-block-cover-is-layout-flow\">\n<h1 class=\"wp-block-heading\" style=\"font-size:64px\">S\u00e9lection des Mat\u00e9riaux<\/h1>\n<\/div><\/div>\n\n\n\n<div style=\"height:100px\" aria-hidden=\"true\" class=\"wp-block-spacer\"><\/div>\n\n\n\n<div class=\"wp-block-columns alignwide is-layout-flex wp-container-core-columns-is-layout-9d6595d7 wp-block-columns-is-layout-flex\">\n<div class=\"wp-block-column is-vertically-aligned-center is-layout-flow wp-block-column-is-layout-flow\" style=\"flex-basis:66.66%\">\n<p> La s\u00e9lection du bon mat\u00e9riau de micro-moulage, de la r\u00e9sine et du thermoplastique est absolument essentielle. <\/p>\n\n\n\n<p>Le micro-moulage implique souvent des compos\u00e9s inhabituels ou hautement techniques appel\u00e9s r\u00e9sines thermoplastiques. Accumold est habitu\u00e9 \u00e0 travailler avec des mat\u00e9riaux tels que le PEEK, le PEI (Ultem\u00ae), le LCP \u00e0 remplissage de carbone ou le nylon \u00e0 fibres de verre. L&#8217;utilisation du durom\u00e8tre mou ou les r\u00e9sines \u00e9lastom\u00e8res est \u00e9galement courante. Notre exp\u00e9rience dans l&#8217;utilisation de ces mat\u00e9riaux dans le micro-moulage optimise les performances de la combinaison r\u00e9sine et de la conception de pi\u00e8ces.<\/p>\n\n\n\n<p>Notre vaste exp\u00e9rience dans l&#8217;utilisation de divers thermoplastiques fait de nous des experts pour savoir comment associer le bon mat\u00e9riau \u00e0 la g\u00e9om\u00e9trie, la robustesse et les performances appropri\u00e9es de la pi\u00e8ce.<\/p>\n\n\n\n<p>Lorsque nous repoussons les limites des pi\u00e8ces en plastique moul\u00e9es, le processus de s\u00e9lection des mat\u00e9riaux d\u00e9passe souvent la fiche technique. Savoir quels mat\u00e9riaux fonctionneront dans une situation donn\u00e9e constitue une partie inestimable de nos 30 ans d&#8217;exp\u00e9rience dans le moulage de thermoplastiques dans des micro-espaces.<\/p>\n<\/div>\n\n\n\n<div class=\"wp-block-column is-layout-flow wp-block-column-is-layout-flow\" style=\"flex-basis:33.33%\">\n<figure class=\"wp-block-image\"><img decoding=\"async\" src=\"https:\/\/www.accu-mold.com\/wp-content\/uploads\/2020\/09\/capabilities6.jpg\" alt=\"micro mold material examples\"\/><figcaption>Different parts require a wide variation of micro mold material.<\/figcaption><\/figure>\n<\/div>\n<\/div>\n\n\n\n<p><\/p>\n","protected":false},"excerpt":{"rendered":"<p>La s\u00e9lection du bon mat\u00e9riau de micro-moulage, de la r\u00e9sine et du thermoplastique est absolument essentielle. Le micro-moulage implique souvent [&#8230;] <a class=\"more-link\" href=\"https:\/\/www.accu-mold.com\/fr\/micro-molding-capabilities\/selection-des-materiaux\/\">Read More<span class=\"screen-reader-text\">about S\u00e9lection des Mat\u00e9riaux<\/span><\/a><\/p>\n","protected":false},"author":5,"featured_media":0,"parent":5467,"menu_order":0,"comment_status":"closed","ping_status":"closed","template":"","meta":{"_acf_changed":false,"inline_featured_image":false,"_wd_proto_hide_page_title":false,"_wd_proto_page_body_class":"","_wd_proto_post_layout":"","footnotes":""},"class_list":["post-5475","page","type-page","status-publish","hentry"],"acf":[],"yoast_head":"<!-- This site is optimized with the Yoast SEO Premium plugin v27.3 (Yoast SEO v27.5) - https:\/\/yoast.com\/product\/yoast-seo-premium-wordpress\/ -->\n<title>S\u00e9lection des Mat\u00e9riaux - Accu-Mold<\/title>\n<meta name=\"robots\" content=\"index, follow, max-snippet:-1, max-image-preview:large, max-video-preview:-1\" \/>\n<link rel=\"canonical\" href=\"https:\/\/www.accu-mold.com\/fr\/micro-molding-capabilities\/selection-des-materiaux\/\" \/>\n<meta property=\"og:locale\" content=\"fr_FR\" \/>\n<meta property=\"og:type\" content=\"article\" \/>\n<meta property=\"og:title\" content=\"S\u00e9lection des Mat\u00e9riaux\" \/>\n<meta property=\"og:description\" content=\"La s\u00e9lection du bon mat\u00e9riau de micro-moulage, de la r\u00e9sine et du thermoplastique est absolument essentielle. Le micro-moulage implique souvent [...] Read Moreabout S\u00e9lection des Mat\u00e9riaux\" \/>\n<meta property=\"og:url\" content=\"https:\/\/www.accu-mold.com\/fr\/micro-molding-capabilities\/selection-des-materiaux\/\" \/>\n<meta property=\"og:site_name\" content=\"Accu-Mold\" \/>\n<meta property=\"article:modified_time\" content=\"2022-08-01T12:41:37+00:00\" \/>\n<meta property=\"og:image\" content=\"https:\/\/www.accu-mold.com\/wp-content\/uploads\/2021\/09\/micro-lenses-02.jpg\" \/>\n<meta name=\"twitter:card\" content=\"summary_large_image\" \/>\n<meta name=\"twitter:label1\" content=\"Est. reading time\" \/>\n\t<meta name=\"twitter:data1\" content=\"1 minute\" \/>\n<script type=\"application\/ld+json\" class=\"yoast-schema-graph\">{\"@context\":\"https:\\\/\\\/schema.org\",\"@graph\":[{\"@type\":\"WebPage\",\"@id\":\"https:\\\/\\\/www.accu-mold.com\\\/fr\\\/micro-molding-capabilities\\\/selection-des-materiaux\\\/\",\"url\":\"https:\\\/\\\/www.accu-mold.com\\\/fr\\\/micro-molding-capabilities\\\/selection-des-materiaux\\\/\",\"name\":\"S\u00e9lection des Mat\u00e9riaux - Accu-Mold\",\"isPartOf\":{\"@id\":\"https:\\\/\\\/www.accu-mold.com\\\/#website\"},\"primaryImageOfPage\":{\"@id\":\"https:\\\/\\\/www.accu-mold.com\\\/fr\\\/micro-molding-capabilities\\\/selection-des-materiaux\\\/#primaryimage\"},\"image\":{\"@id\":\"https:\\\/\\\/www.accu-mold.com\\\/fr\\\/micro-molding-capabilities\\\/selection-des-materiaux\\\/#primaryimage\"},\"thumbnailUrl\":\"https:\\\/\\\/www.accu-mold.com\\\/wp-content\\\/uploads\\\/2021\\\/09\\\/micro-lenses-02.jpg\",\"datePublished\":\"2020-09-16T12:32:27+00:00\",\"dateModified\":\"2022-08-01T12:41:37+00:00\",\"breadcrumb\":{\"@id\":\"https:\\\/\\\/www.accu-mold.com\\\/fr\\\/micro-molding-capabilities\\\/selection-des-materiaux\\\/#breadcrumb\"},\"inLanguage\":\"fr-FR\",\"potentialAction\":[{\"@type\":\"ReadAction\",\"target\":[\"https:\\\/\\\/www.accu-mold.com\\\/fr\\\/micro-molding-capabilities\\\/selection-des-materiaux\\\/\"]}]},{\"@type\":\"ImageObject\",\"inLanguage\":\"fr-FR\",\"@id\":\"https:\\\/\\\/www.accu-mold.com\\\/fr\\\/micro-molding-capabilities\\\/selection-des-materiaux\\\/#primaryimage\",\"url\":\"https:\\\/\\\/www.accu-mold.com\\\/wp-content\\\/uploads\\\/2021\\\/09\\\/micro-lenses-02.jpg\",\"contentUrl\":\"https:\\\/\\\/www.accu-mold.com\\\/wp-content\\\/uploads\\\/2021\\\/09\\\/micro-lenses-02.jpg\"},{\"@type\":\"BreadcrumbList\",\"@id\":\"https:\\\/\\\/www.accu-mold.com\\\/fr\\\/micro-molding-capabilities\\\/selection-des-materiaux\\\/#breadcrumb\",\"itemListElement\":[{\"@type\":\"ListItem\",\"position\":1,\"name\":\"Exceptional capabilities backed by exceptional people\",\"item\":\"https:\\\/\\\/www.accu-mold.com\\\/fr\\\/\"},{\"@type\":\"ListItem\",\"position\":2,\"name\":\"Micro Molding Capabilities\",\"item\":\"https:\\\/\\\/www.accu-mold.com\\\/fr\\\/micro-molding-capabilities\\\/\"},{\"@type\":\"ListItem\",\"position\":3,\"name\":\"S\u00e9lection des Mat\u00e9riaux\"}]},{\"@type\":\"WebSite\",\"@id\":\"https:\\\/\\\/www.accu-mold.com\\\/#website\",\"url\":\"https:\\\/\\\/www.accu-mold.com\\\/\",\"name\":\"Accu-Mold\",\"description\":\"Your Micro Mold\u00ae Tooling &amp; Production Partners\",\"publisher\":{\"@id\":\"https:\\\/\\\/www.accu-mold.com\\\/#organization\"},\"potentialAction\":[{\"@type\":\"SearchAction\",\"target\":{\"@type\":\"EntryPoint\",\"urlTemplate\":\"https:\\\/\\\/www.accu-mold.com\\\/?s={search_term_string}\"},\"query-input\":{\"@type\":\"PropertyValueSpecification\",\"valueRequired\":true,\"valueName\":\"search_term_string\"}}],\"inLanguage\":\"fr-FR\"},{\"@type\":\"Organization\",\"@id\":\"https:\\\/\\\/www.accu-mold.com\\\/#organization\",\"name\":\"https:\\\/\\\/www.accu-mold.com\\\/careers\\\/current-openings\\\/\",\"url\":\"https:\\\/\\\/www.accu-mold.com\\\/\",\"logo\":{\"@type\":\"ImageObject\",\"inLanguage\":\"fr-FR\",\"@id\":\"https:\\\/\\\/www.accu-mold.com\\\/#\\\/schema\\\/logo\\\/image\\\/\",\"url\":\"https:\\\/\\\/www.accu-mold.com\\\/wp-content\\\/uploads\\\/2022\\\/03\\\/accumold-vector-logo.svg\",\"contentUrl\":\"https:\\\/\\\/www.accu-mold.com\\\/wp-content\\\/uploads\\\/2022\\\/03\\\/accumold-vector-logo.svg\",\"caption\":\"https:\\\/\\\/www.accu-mold.com\\\/careers\\\/current-openings\\\/\"},\"image\":{\"@id\":\"https:\\\/\\\/www.accu-mold.com\\\/#\\\/schema\\\/logo\\\/image\\\/\"}}]}<\/script>\n<!-- \/ Yoast SEO Premium plugin. -->","yoast_head_json":{"title":"S\u00e9lection des Mat\u00e9riaux - Accu-Mold","robots":{"index":"index","follow":"follow","max-snippet":"max-snippet:-1","max-image-preview":"max-image-preview:large","max-video-preview":"max-video-preview:-1"},"canonical":"https:\/\/www.accu-mold.com\/fr\/micro-molding-capabilities\/selection-des-materiaux\/","og_locale":"fr_FR","og_type":"article","og_title":"S\u00e9lection des Mat\u00e9riaux","og_description":"La s\u00e9lection du bon mat\u00e9riau de micro-moulage, de la r\u00e9sine et du thermoplastique est absolument essentielle. Le micro-moulage implique souvent [...] Read Moreabout S\u00e9lection des Mat\u00e9riaux","og_url":"https:\/\/www.accu-mold.com\/fr\/micro-molding-capabilities\/selection-des-materiaux\/","og_site_name":"Accu-Mold","article_modified_time":"2022-08-01T12:41:37+00:00","og_image":[{"url":"https:\/\/www.accu-mold.com\/wp-content\/uploads\/2021\/09\/micro-lenses-02.jpg","type":"","width":"","height":""}],"twitter_card":"summary_large_image","twitter_misc":{"Est. reading time":"1 minute"},"schema":{"@context":"https:\/\/schema.org","@graph":[{"@type":"WebPage","@id":"https:\/\/www.accu-mold.com\/fr\/micro-molding-capabilities\/selection-des-materiaux\/","url":"https:\/\/www.accu-mold.com\/fr\/micro-molding-capabilities\/selection-des-materiaux\/","name":"S\u00e9lection des Mat\u00e9riaux - Accu-Mold","isPartOf":{"@id":"https:\/\/www.accu-mold.com\/#website"},"primaryImageOfPage":{"@id":"https:\/\/www.accu-mold.com\/fr\/micro-molding-capabilities\/selection-des-materiaux\/#primaryimage"},"image":{"@id":"https:\/\/www.accu-mold.com\/fr\/micro-molding-capabilities\/selection-des-materiaux\/#primaryimage"},"thumbnailUrl":"https:\/\/www.accu-mold.com\/wp-content\/uploads\/2021\/09\/micro-lenses-02.jpg","datePublished":"2020-09-16T12:32:27+00:00","dateModified":"2022-08-01T12:41:37+00:00","breadcrumb":{"@id":"https:\/\/www.accu-mold.com\/fr\/micro-molding-capabilities\/selection-des-materiaux\/#breadcrumb"},"inLanguage":"fr-FR","potentialAction":[{"@type":"ReadAction","target":["https:\/\/www.accu-mold.com\/fr\/micro-molding-capabilities\/selection-des-materiaux\/"]}]},{"@type":"ImageObject","inLanguage":"fr-FR","@id":"https:\/\/www.accu-mold.com\/fr\/micro-molding-capabilities\/selection-des-materiaux\/#primaryimage","url":"https:\/\/www.accu-mold.com\/wp-content\/uploads\/2021\/09\/micro-lenses-02.jpg","contentUrl":"https:\/\/www.accu-mold.com\/wp-content\/uploads\/2021\/09\/micro-lenses-02.jpg"},{"@type":"BreadcrumbList","@id":"https:\/\/www.accu-mold.com\/fr\/micro-molding-capabilities\/selection-des-materiaux\/#breadcrumb","itemListElement":[{"@type":"ListItem","position":1,"name":"Exceptional capabilities backed by exceptional people","item":"https:\/\/www.accu-mold.com\/fr\/"},{"@type":"ListItem","position":2,"name":"Micro Molding Capabilities","item":"https:\/\/www.accu-mold.com\/fr\/micro-molding-capabilities\/"},{"@type":"ListItem","position":3,"name":"S\u00e9lection des Mat\u00e9riaux"}]},{"@type":"WebSite","@id":"https:\/\/www.accu-mold.com\/#website","url":"https:\/\/www.accu-mold.com\/","name":"Accu-Mold","description":"Your Micro Mold\u00ae Tooling &amp; Production Partners","publisher":{"@id":"https:\/\/www.accu-mold.com\/#organization"},"potentialAction":[{"@type":"SearchAction","target":{"@type":"EntryPoint","urlTemplate":"https:\/\/www.accu-mold.com\/?s={search_term_string}"},"query-input":{"@type":"PropertyValueSpecification","valueRequired":true,"valueName":"search_term_string"}}],"inLanguage":"fr-FR"},{"@type":"Organization","@id":"https:\/\/www.accu-mold.com\/#organization","name":"https:\/\/www.accu-mold.com\/careers\/current-openings\/","url":"https:\/\/www.accu-mold.com\/","logo":{"@type":"ImageObject","inLanguage":"fr-FR","@id":"https:\/\/www.accu-mold.com\/#\/schema\/logo\/image\/","url":"https:\/\/www.accu-mold.com\/wp-content\/uploads\/2022\/03\/accumold-vector-logo.svg","contentUrl":"https:\/\/www.accu-mold.com\/wp-content\/uploads\/2022\/03\/accumold-vector-logo.svg","caption":"https:\/\/www.accu-mold.com\/careers\/current-openings\/"},"image":{"@id":"https:\/\/www.accu-mold.com\/#\/schema\/logo\/image\/"}}]}},"_links":{"self":[{"href":"https:\/\/www.accu-mold.com\/fr\/wp-json\/wp\/v2\/pages\/5475","targetHints":{"allow":["GET"]}}],"collection":[{"href":"https:\/\/www.accu-mold.com\/fr\/wp-json\/wp\/v2\/pages"}],"about":[{"href":"https:\/\/www.accu-mold.com\/fr\/wp-json\/wp\/v2\/types\/page"}],"author":[{"embeddable":true,"href":"https:\/\/www.accu-mold.com\/fr\/wp-json\/wp\/v2\/users\/5"}],"replies":[{"embeddable":true,"href":"https:\/\/www.accu-mold.com\/fr\/wp-json\/wp\/v2\/comments?post=5475"}],"version-history":[{"count":10,"href":"https:\/\/www.accu-mold.com\/fr\/wp-json\/wp\/v2\/pages\/5475\/revisions"}],"predecessor-version":[{"id":17963,"href":"https:\/\/www.accu-mold.com\/fr\/wp-json\/wp\/v2\/pages\/5475\/revisions\/17963"}],"up":[{"embeddable":true,"href":"https:\/\/www.accu-mold.com\/fr\/wp-json\/wp\/v2\/pages\/5467"}],"wp:attachment":[{"href":"https:\/\/www.accu-mold.com\/fr\/wp-json\/wp\/v2\/media?parent=5475"}],"curies":[{"name":"wp","href":"https:\/\/api.w.org\/{rel}","templated":true}]}}