{"id":5474,"date":"2020-09-16T12:24:22","date_gmt":"2020-09-16T12:24:22","guid":{"rendered":"http:\/\/accumold51932.ewaycorphosting.com\/micro-molding-capabilities\/qualite-et-service\/"},"modified":"2022-08-01T12:53:37","modified_gmt":"2022-08-01T12:53:37","slug":"qualite-et-service","status":"publish","type":"page","link":"https:\/\/www.accu-mold.com\/fr\/micro-molding-capabilities\/qualite-et-service\/","title":{"rendered":"Qualit\u00e9 et Service"},"content":{"rendered":"\n<div class=\"wp-block-cover alignfull page-header has-custom-inner-width\" style=\"min-height:316px;--inner-container-width:1400px;aspect-ratio:unset;\"><span aria-hidden=\"true\" class=\"wp-block-cover__background has-primary-background-color has-background-dim-80 has-background-dim\"><\/span><img decoding=\"async\" class=\"wp-block-cover__image-background wp-image-16596\" alt=\"micro lens examples\" src=\"https:\/\/www.accu-mold.com\/wp-content\/uploads\/2021\/09\/micro-lenses-02.jpg\" data-object-fit=\"cover\"\/><div class=\"wp-block-cover__inner-container is-layout-flow wp-block-cover-is-layout-flow\">\n<h1 class=\"wp-block-heading\" style=\"font-size:64px\">Qualit\u00e9 et Service<\/h1>\n<\/div><\/div>\n\n\n\n<div style=\"height:60px\" aria-hidden=\"true\" class=\"wp-block-spacer\"><\/div>\n\n\n\n<p>M\u00eame les processus, la formation et la technologie les plus modernes au monde sont limit\u00e9s, et r\u00e9gul\u00e9s, par des programmes de contr\u00f4le-qualit\u00e9 de premier ordre et un service sans faille. Parall\u00e8lement \u00e0 nos am\u00e9liorations constantes en mati\u00e8re de processus et de technologie, nous travaillons constamment \u00e0 renforcer la garantie des normes de qualit\u00e9 de notre micro-moule et \u00e0 rendre notre service client plus fluide.<\/p>\n\n\n\n<div class=\"wp-block-columns is-layout-flex wp-container-core-columns-is-layout-9d6595d7 wp-block-columns-is-layout-flex\">\n<div class=\"wp-block-column is-layout-flow wp-block-column-is-layout-flow\" style=\"flex-basis:33.33%\"><div class=\"wp-block-image\">\n<figure class=\"aligncenter\"><img decoding=\"async\" src=\"https:\/\/www.accu-mold.com\/wp-content\/uploads\/2020\/09\/quality-assurance-300x300.jpg\" alt=\"Quality assurance at accumold\" title=\"Quality assurance at accumold\"\/><\/figure>\n<\/div>\n\n\n<p><\/p>\n<\/div>\n\n\n\n<div class=\"wp-block-column is-layout-flow wp-block-column-is-layout-flow\" style=\"flex-basis:66.66%\">\n<h2 class=\"wp-block-heading\">Assurance qualit\u00e9 micro moule<\/h2>\n\n\n\n<p>Chez Accumold, vous obtenez un service client exceptionnel et amical dans l\u2019Iowa. Le contr\u00f4le-qualit\u00e9 est imp\u00e9ratif dans toutes les op\u00e9rations de micro-moulage. La capacit\u00e9 de prouver que les composants sont conformes aux sp\u00e9cifications \u2013 \u00e0 maintes reprises \u2013 repr\u00e9sente le v\u00e9ritable challenge de notre activit\u00e9.<\/p>\n\n\n\n<p>Pour Accumold, l\u2019assurance de la qualit\u00e9 des micro-moules commence au d\u00e9but de chaque projet. Nous effectuons des examens de fabricabilit\u00e9 pr\u00e9alables afin de nous assurer que le projet d\u00e9marre sur des bases saines. Ensuite, d\u00e8s le lancement du processus de production, nous examinons minutieusement la qualit\u00e9 de la production et la robustesse du-dit processus, et appr\u00e9cions l\u2019exactitude de notre plan d\u2019inspection et de mesure des r\u00e9sultats.<\/p>\n\n\n\n<p>\u00c0 partir de l\u00e0, nous d\u00e9veloppons des plans de contr\u00f4le qui traitent des fonctionnalit\u00e9s critiques, des r\u00e9sultats FMEA et d\u2019autres exigences de qualit\u00e9. Nous pouvons utiliser des mesures high-tech et low-tech, ainsi que des goupilles de pr\u00e9cision ou des syst\u00e8mes de vision en ligne haute r\u00e9solution, selon les besoins. Nous utilisons \u00e9galement des mesures microscopiques \u00e0 fort grossissement pour v\u00e9rifier les dimensions de l\u2019outil et des pi\u00e8ces finies.<\/p>\n\n\n\n<p>Une bonne manipulation du produit est \u00e9galement une consid\u00e9ration n\u00e9cessaire pour l\u2019assurance qualit\u00e9. La contamination de surface peut \u00eatre une nuisance \u2013 voire une catastrophe \u2013 pour des composants d\u00e9licats. Accumold propose des options d\u2019automatisation et de moulage en salle blanche pour ces types de pi\u00e8ces.<\/p>\n\n\n\n<p>Les op\u00e9rations Accumold sont certifi\u00e9es&nbsp;<a href=\"https:\/\/www.accu-mold.com\/wp-content\/uploads\/2020\/09\/Accumold-13485-Cert.pdf\" target=\"_blank\" rel=\"noreferrer noopener\">ISO 13485<\/a>,&nbsp;<a href=\"https:\/\/www.accu-mold.com\/wp-content\/uploads\/2021\/06\/accumold-9001-cert.pdf\" target=\"_blank\" rel=\"noreferrer noopener\">ISO 9001<\/a>&nbsp;and&nbsp;<a href=\"https:\/\/www.accu-mold.com\/wp-content\/uploads\/2021\/06\/accumold-14001-cert.pdf\" target=\"_blank\" rel=\"noreferrer noopener\">ISO 14001<\/a>.<\/p>\n<\/div>\n<\/div>\n\n\n\n<div style=\"height:100px\" aria-hidden=\"true\" class=\"wp-block-spacer\"><\/div>\n\n\n\n<div class=\"wp-block-columns is-layout-flex wp-container-core-columns-is-layout-9d6595d7 wp-block-columns-is-layout-flex\">\n<div class=\"wp-block-column is-layout-flow wp-block-column-is-layout-flow\" style=\"flex-basis:33.33%\"><div class=\"wp-block-image\">\n<figure class=\"aligncenter\"><img decoding=\"async\" src=\"https:\/\/www.accu-mold.com\/wp-content\/uploads\/2021\/11\/handshake.jpg\" alt=\"two people shaking hands\" title=\"handshake\"\/><\/figure>\n<\/div><\/div>\n\n\n\n<div class=\"wp-block-column is-layout-flow wp-block-column-is-layout-flow\" style=\"flex-basis:66.66%\">\n<h2 class=\"wp-block-heading\">Satisfaction Client<\/h2>\n\n\n\n<p>La qualit\u00e9 du composant fini ou assembl\u00e9s est cruciale, mais le produit parfait ne guaranti pas \u00e0 lui seul la satisfaction client. Accumold s\u2019efforce d\u2019\u00e9conomiser votre temps, vous donne l\u2019autonomie dont vous avez besoin afin de devenir votre partenaire de valeur s\u00fbre.<\/p>\n\n\n\n<p>Nous fabriquons des composants micro-moul\u00e9s depuis plus de trois d\u00e9cennies, tout en r\u00e9pondant aux sp\u00e9cifications de nos clients et \u00e0 leurs attentes. Le micro-moulage a \u00e9t\u00e9 le point de d\u00e9part de notre entreprise. Aujourd\u2019hui, apr\u00e8s avoir produit plus de trois milliards de composants, il continue d\u2019\u00eatre notre fa\u00e7on de penser, notre fa\u00e7on de faire et notre mode de vie.<\/p>\n<\/div>\n<\/div>\n","protected":false},"excerpt":{"rendered":"<p>M\u00eame les processus, la formation et la technologie les plus modernes au monde sont limit\u00e9s, et r\u00e9gul\u00e9s, par des programmes [&#8230;] <a class=\"more-link\" href=\"https:\/\/www.accu-mold.com\/fr\/micro-molding-capabilities\/qualite-et-service\/\">Read More<span class=\"screen-reader-text\">about Qualit\u00e9 et Service<\/span><\/a><\/p>\n","protected":false},"author":5,"featured_media":0,"parent":5467,"menu_order":0,"comment_status":"closed","ping_status":"closed","template":"","meta":{"_acf_changed":false,"inline_featured_image":false,"_wd_proto_hide_page_title":false,"_wd_proto_page_body_class":"","_wd_proto_post_layout":"","footnotes":""},"class_list":["post-5474","page","type-page","status-publish","hentry"],"acf":[],"yoast_head":"<!-- This site is optimized with the Yoast SEO Premium plugin v27.3 (Yoast SEO v27.4) - https:\/\/yoast.com\/product\/yoast-seo-premium-wordpress\/ -->\n<title>Qualit\u00e9 et Service - Accu-Mold<\/title>\n<meta name=\"robots\" content=\"index, follow, max-snippet:-1, max-image-preview:large, max-video-preview:-1\" \/>\n<link rel=\"canonical\" href=\"https:\/\/www.accu-mold.com\/fr\/micro-molding-capabilities\/qualite-et-service\/\" \/>\n<meta property=\"og:locale\" content=\"fr_FR\" \/>\n<meta property=\"og:type\" content=\"article\" \/>\n<meta property=\"og:title\" content=\"Qualit\u00e9 et Service\" \/>\n<meta property=\"og:description\" content=\"M\u00eame les processus, la formation et la technologie les plus modernes au monde sont limit\u00e9s, et r\u00e9gul\u00e9s, par des programmes [...] Read Moreabout Qualit\u00e9 et Service\" \/>\n<meta property=\"og:url\" content=\"https:\/\/www.accu-mold.com\/fr\/micro-molding-capabilities\/qualite-et-service\/\" \/>\n<meta property=\"og:site_name\" content=\"Accu-Mold\" \/>\n<meta property=\"article:modified_time\" content=\"2022-08-01T12:53:37+00:00\" \/>\n<meta property=\"og:image\" content=\"https:\/\/www.accu-mold.com\/wp-content\/uploads\/2021\/09\/micro-lenses-02.jpg\" \/>\n<meta name=\"twitter:card\" content=\"summary_large_image\" \/>\n<meta name=\"twitter:label1\" content=\"Est. reading time\" \/>\n\t<meta name=\"twitter:data1\" content=\"2 minutes\" \/>\n<script type=\"application\/ld+json\" class=\"yoast-schema-graph\">{\"@context\":\"https:\\\/\\\/schema.org\",\"@graph\":[{\"@type\":\"WebPage\",\"@id\":\"https:\\\/\\\/www.accu-mold.com\\\/fr\\\/micro-molding-capabilities\\\/qualite-et-service\\\/\",\"url\":\"https:\\\/\\\/www.accu-mold.com\\\/fr\\\/micro-molding-capabilities\\\/qualite-et-service\\\/\",\"name\":\"Qualit\u00e9 et Service - Accu-Mold\",\"isPartOf\":{\"@id\":\"https:\\\/\\\/www.accu-mold.com\\\/#website\"},\"primaryImageOfPage\":{\"@id\":\"https:\\\/\\\/www.accu-mold.com\\\/fr\\\/micro-molding-capabilities\\\/qualite-et-service\\\/#primaryimage\"},\"image\":{\"@id\":\"https:\\\/\\\/www.accu-mold.com\\\/fr\\\/micro-molding-capabilities\\\/qualite-et-service\\\/#primaryimage\"},\"thumbnailUrl\":\"https:\\\/\\\/www.accu-mold.com\\\/wp-content\\\/uploads\\\/2021\\\/09\\\/micro-lenses-02.jpg\",\"datePublished\":\"2020-09-16T12:24:22+00:00\",\"dateModified\":\"2022-08-01T12:53:37+00:00\",\"breadcrumb\":{\"@id\":\"https:\\\/\\\/www.accu-mold.com\\\/fr\\\/micro-molding-capabilities\\\/qualite-et-service\\\/#breadcrumb\"},\"inLanguage\":\"fr-FR\",\"potentialAction\":[{\"@type\":\"ReadAction\",\"target\":[\"https:\\\/\\\/www.accu-mold.com\\\/fr\\\/micro-molding-capabilities\\\/qualite-et-service\\\/\"]}]},{\"@type\":\"ImageObject\",\"inLanguage\":\"fr-FR\",\"@id\":\"https:\\\/\\\/www.accu-mold.com\\\/fr\\\/micro-molding-capabilities\\\/qualite-et-service\\\/#primaryimage\",\"url\":\"https:\\\/\\\/www.accu-mold.com\\\/wp-content\\\/uploads\\\/2021\\\/09\\\/micro-lenses-02.jpg\",\"contentUrl\":\"https:\\\/\\\/www.accu-mold.com\\\/wp-content\\\/uploads\\\/2021\\\/09\\\/micro-lenses-02.jpg\"},{\"@type\":\"BreadcrumbList\",\"@id\":\"https:\\\/\\\/www.accu-mold.com\\\/fr\\\/micro-molding-capabilities\\\/qualite-et-service\\\/#breadcrumb\",\"itemListElement\":[{\"@type\":\"ListItem\",\"position\":1,\"name\":\"Exceptional capabilities backed by exceptional people\",\"item\":\"https:\\\/\\\/www.accu-mold.com\\\/fr\\\/\"},{\"@type\":\"ListItem\",\"position\":2,\"name\":\"Micro Molding Capabilities\",\"item\":\"https:\\\/\\\/www.accu-mold.com\\\/fr\\\/micro-molding-capabilities\\\/\"},{\"@type\":\"ListItem\",\"position\":3,\"name\":\"Qualit\u00e9 et Service\"}]},{\"@type\":\"WebSite\",\"@id\":\"https:\\\/\\\/www.accu-mold.com\\\/#website\",\"url\":\"https:\\\/\\\/www.accu-mold.com\\\/\",\"name\":\"Accu-Mold\",\"description\":\"Your Micro Mold\u00ae Tooling &amp; Production Partners\",\"publisher\":{\"@id\":\"https:\\\/\\\/www.accu-mold.com\\\/#organization\"},\"potentialAction\":[{\"@type\":\"SearchAction\",\"target\":{\"@type\":\"EntryPoint\",\"urlTemplate\":\"https:\\\/\\\/www.accu-mold.com\\\/?s={search_term_string}\"},\"query-input\":{\"@type\":\"PropertyValueSpecification\",\"valueRequired\":true,\"valueName\":\"search_term_string\"}}],\"inLanguage\":\"fr-FR\"},{\"@type\":\"Organization\",\"@id\":\"https:\\\/\\\/www.accu-mold.com\\\/#organization\",\"name\":\"https:\\\/\\\/www.accu-mold.com\\\/careers\\\/current-openings\\\/\",\"url\":\"https:\\\/\\\/www.accu-mold.com\\\/\",\"logo\":{\"@type\":\"ImageObject\",\"inLanguage\":\"fr-FR\",\"@id\":\"https:\\\/\\\/www.accu-mold.com\\\/#\\\/schema\\\/logo\\\/image\\\/\",\"url\":\"https:\\\/\\\/www.accu-mold.com\\\/wp-content\\\/uploads\\\/2022\\\/03\\\/accumold-vector-logo.svg\",\"contentUrl\":\"https:\\\/\\\/www.accu-mold.com\\\/wp-content\\\/uploads\\\/2022\\\/03\\\/accumold-vector-logo.svg\",\"caption\":\"https:\\\/\\\/www.accu-mold.com\\\/careers\\\/current-openings\\\/\"},\"image\":{\"@id\":\"https:\\\/\\\/www.accu-mold.com\\\/#\\\/schema\\\/logo\\\/image\\\/\"}}]}<\/script>\n<!-- \/ Yoast SEO Premium plugin. -->","yoast_head_json":{"title":"Qualit\u00e9 et Service - Accu-Mold","robots":{"index":"index","follow":"follow","max-snippet":"max-snippet:-1","max-image-preview":"max-image-preview:large","max-video-preview":"max-video-preview:-1"},"canonical":"https:\/\/www.accu-mold.com\/fr\/micro-molding-capabilities\/qualite-et-service\/","og_locale":"fr_FR","og_type":"article","og_title":"Qualit\u00e9 et Service","og_description":"M\u00eame les processus, la formation et la technologie les plus modernes au monde sont limit\u00e9s, et r\u00e9gul\u00e9s, par des programmes [...] Read Moreabout Qualit\u00e9 et Service","og_url":"https:\/\/www.accu-mold.com\/fr\/micro-molding-capabilities\/qualite-et-service\/","og_site_name":"Accu-Mold","article_modified_time":"2022-08-01T12:53:37+00:00","og_image":[{"url":"https:\/\/www.accu-mold.com\/wp-content\/uploads\/2021\/09\/micro-lenses-02.jpg","type":"","width":"","height":""}],"twitter_card":"summary_large_image","twitter_misc":{"Est. reading time":"2 minutes"},"schema":{"@context":"https:\/\/schema.org","@graph":[{"@type":"WebPage","@id":"https:\/\/www.accu-mold.com\/fr\/micro-molding-capabilities\/qualite-et-service\/","url":"https:\/\/www.accu-mold.com\/fr\/micro-molding-capabilities\/qualite-et-service\/","name":"Qualit\u00e9 et Service - Accu-Mold","isPartOf":{"@id":"https:\/\/www.accu-mold.com\/#website"},"primaryImageOfPage":{"@id":"https:\/\/www.accu-mold.com\/fr\/micro-molding-capabilities\/qualite-et-service\/#primaryimage"},"image":{"@id":"https:\/\/www.accu-mold.com\/fr\/micro-molding-capabilities\/qualite-et-service\/#primaryimage"},"thumbnailUrl":"https:\/\/www.accu-mold.com\/wp-content\/uploads\/2021\/09\/micro-lenses-02.jpg","datePublished":"2020-09-16T12:24:22+00:00","dateModified":"2022-08-01T12:53:37+00:00","breadcrumb":{"@id":"https:\/\/www.accu-mold.com\/fr\/micro-molding-capabilities\/qualite-et-service\/#breadcrumb"},"inLanguage":"fr-FR","potentialAction":[{"@type":"ReadAction","target":["https:\/\/www.accu-mold.com\/fr\/micro-molding-capabilities\/qualite-et-service\/"]}]},{"@type":"ImageObject","inLanguage":"fr-FR","@id":"https:\/\/www.accu-mold.com\/fr\/micro-molding-capabilities\/qualite-et-service\/#primaryimage","url":"https:\/\/www.accu-mold.com\/wp-content\/uploads\/2021\/09\/micro-lenses-02.jpg","contentUrl":"https:\/\/www.accu-mold.com\/wp-content\/uploads\/2021\/09\/micro-lenses-02.jpg"},{"@type":"BreadcrumbList","@id":"https:\/\/www.accu-mold.com\/fr\/micro-molding-capabilities\/qualite-et-service\/#breadcrumb","itemListElement":[{"@type":"ListItem","position":1,"name":"Exceptional capabilities backed by exceptional people","item":"https:\/\/www.accu-mold.com\/fr\/"},{"@type":"ListItem","position":2,"name":"Micro Molding Capabilities","item":"https:\/\/www.accu-mold.com\/fr\/micro-molding-capabilities\/"},{"@type":"ListItem","position":3,"name":"Qualit\u00e9 et Service"}]},{"@type":"WebSite","@id":"https:\/\/www.accu-mold.com\/#website","url":"https:\/\/www.accu-mold.com\/","name":"Accu-Mold","description":"Your Micro Mold\u00ae Tooling &amp; Production Partners","publisher":{"@id":"https:\/\/www.accu-mold.com\/#organization"},"potentialAction":[{"@type":"SearchAction","target":{"@type":"EntryPoint","urlTemplate":"https:\/\/www.accu-mold.com\/?s={search_term_string}"},"query-input":{"@type":"PropertyValueSpecification","valueRequired":true,"valueName":"search_term_string"}}],"inLanguage":"fr-FR"},{"@type":"Organization","@id":"https:\/\/www.accu-mold.com\/#organization","name":"https:\/\/www.accu-mold.com\/careers\/current-openings\/","url":"https:\/\/www.accu-mold.com\/","logo":{"@type":"ImageObject","inLanguage":"fr-FR","@id":"https:\/\/www.accu-mold.com\/#\/schema\/logo\/image\/","url":"https:\/\/www.accu-mold.com\/wp-content\/uploads\/2022\/03\/accumold-vector-logo.svg","contentUrl":"https:\/\/www.accu-mold.com\/wp-content\/uploads\/2022\/03\/accumold-vector-logo.svg","caption":"https:\/\/www.accu-mold.com\/careers\/current-openings\/"},"image":{"@id":"https:\/\/www.accu-mold.com\/#\/schema\/logo\/image\/"}}]}},"_links":{"self":[{"href":"https:\/\/www.accu-mold.com\/fr\/wp-json\/wp\/v2\/pages\/5474","targetHints":{"allow":["GET"]}}],"collection":[{"href":"https:\/\/www.accu-mold.com\/fr\/wp-json\/wp\/v2\/pages"}],"about":[{"href":"https:\/\/www.accu-mold.com\/fr\/wp-json\/wp\/v2\/types\/page"}],"author":[{"embeddable":true,"href":"https:\/\/www.accu-mold.com\/fr\/wp-json\/wp\/v2\/users\/5"}],"replies":[{"embeddable":true,"href":"https:\/\/www.accu-mold.com\/fr\/wp-json\/wp\/v2\/comments?post=5474"}],"version-history":[{"count":9,"href":"https:\/\/www.accu-mold.com\/fr\/wp-json\/wp\/v2\/pages\/5474\/revisions"}],"predecessor-version":[{"id":17971,"href":"https:\/\/www.accu-mold.com\/fr\/wp-json\/wp\/v2\/pages\/5474\/revisions\/17971"}],"up":[{"embeddable":true,"href":"https:\/\/www.accu-mold.com\/fr\/wp-json\/wp\/v2\/pages\/5467"}],"wp:attachment":[{"href":"https:\/\/www.accu-mold.com\/fr\/wp-json\/wp\/v2\/media?parent=5474"}],"curies":[{"name":"wp","href":"https:\/\/api.w.org\/{rel}","templated":true}]}}