{"id":5473,"date":"2020-09-16T12:22:00","date_gmt":"2020-09-16T12:22:00","guid":{"rendered":"http:\/\/accumold51932.ewaycorphosting.com\/micro-molding-capabilities\/processus-internes\/"},"modified":"2022-08-01T12:55:23","modified_gmt":"2022-08-01T12:55:23","slug":"processus-internes","status":"publish","type":"page","link":"https:\/\/www.accu-mold.com\/fr\/micro-molding-capabilities\/processus-internes\/","title":{"rendered":"Processus Internes"},"content":{"rendered":"\n<div class=\"wp-block-cover alignfull page-header has-custom-inner-width\" style=\"min-height:316px;--inner-container-width:1400px;aspect-ratio:unset;\"><span aria-hidden=\"true\" class=\"wp-block-cover__background has-primary-background-color has-background-dim-80 has-background-dim\"><\/span><img decoding=\"async\" class=\"wp-block-cover__image-background wp-image-16596\" alt=\"micro lens examples\" src=\"https:\/\/www.accu-mold.com\/wp-content\/uploads\/2021\/09\/micro-lenses-02.jpg\" data-object-fit=\"cover\"\/><div class=\"wp-block-cover__inner-container is-layout-flow wp-block-cover-is-layout-flow\">\n<h1 class=\"wp-block-heading\" style=\"font-size:64px\">Processus Internes<\/h1>\n<\/div><\/div>\n\n\n\n<div style=\"height:80px\" aria-hidden=\"true\" class=\"wp-block-spacer\"><\/div>\n\n\n\n<p>Pour r\u00e9pondre \u00e0 la demande acc\u00e9l\u00e9r\u00e9e de ses clients, Accumold dispose d\u2019une vaste gamme d\u2019outillage de micro-moulages d\u00e9velopp\u00e9e en interne, d\u2019une automatisation de pointe, d\u2019une production et d\u2019une exp\u00e9rience d\u2019emballage efficaces.<\/p>\n\n\n\n<div style=\"height:40px\" aria-hidden=\"true\" class=\"wp-block-spacer\"><\/div>\n\n\n\n<div class=\"wp-block-group alignwide\"><div class=\"wp-block-group__inner-container is-layout-flow wp-block-group-is-layout-flow\">\n<div class=\"wp-block-columns are-vertically-aligned-center is-layout-flex wp-container-core-columns-is-layout-9d6595d7 wp-block-columns-is-layout-flex\">\n<div class=\"wp-block-column is-vertically-aligned-center is-layout-flow wp-block-column-is-layout-flow\" style=\"flex-basis:33.33%\"><div class=\"wp-block-image\">\n<figure class=\"aligncenter\"><img decoding=\"async\" src=\"https:\/\/www.accu-mold.com\/wp-content\/uploads\/2020\/09\/in-house-mold-build.jpg\" alt=\"in-house-mold-build\" title=\"in-house-mold-build\"\/><\/figure>\n<\/div>\n\n\n<p><\/p>\n<\/div>\n\n\n\n<div class=\"wp-block-column is-vertically-aligned-center is-layout-flow wp-block-column-is-layout-flow\" style=\"flex-basis:66.66%\">\n<h2 class=\"wp-block-heading\">Outillage pour le micro moulage<\/h2>\n\n\n\n<p>Le contr\u00f4le du processus de conception et de construction du moule est essentiel au succ\u00e8s de tout projet de micro-moulage. Accumold dispose en interne d\u2019outils de micro-conception, de fabrication et de maintenance d\u2019outils \u00e0 micro-moules fonctionnant 24 heures sur 24. Ces ressources internes jouent \u00e9galement un r\u00f4le essentiel dans la validation des processus, des modifications de produits et des programmes de maintenance pr\u00e9ventive.<\/p>\n\n\n\n<p>La probabilit\u00e9 de succ\u00e8s augmente consid\u00e9rablement lorsque la responsabilit\u00e9 de la planification du projet et de la production, de la chronologie et de l\u2019ex\u00e9cution est contr\u00f4l\u00e9e au sein d\u2019une seule et m\u00eame entit\u00e9.<\/p>\n<\/div>\n<\/div>\n<\/div><\/div>\n\n\n\n<div style=\"height:40px\" aria-hidden=\"true\" class=\"wp-block-spacer\"><\/div>\n\n\n\n<div class=\"wp-block-group alignwide\"><div class=\"wp-block-group__inner-container is-layout-flow wp-block-group-is-layout-flow\">\n<div class=\"wp-block-columns are-vertically-aligned-center is-layout-flex wp-container-core-columns-is-layout-9d6595d7 wp-block-columns-is-layout-flex\">\n<div class=\"wp-block-column is-vertically-aligned-center is-layout-flow wp-block-column-is-layout-flow\" style=\"flex-basis:33.33%\"><div class=\"wp-block-image\">\n<figure class=\"aligncenter is-resized\"><img decoding=\"async\" src=\"https:\/\/www.accu-mold.com\/wp-content\/uploads\/2020\/09\/IsenPhoto_303-300x200-1.jpg\" alt=\"Woman working in a clean room\" height=\"300\" title=\"IsenPhoto_303-300x200\"\/><\/figure>\n<\/div><\/div>\n\n\n\n<div class=\"wp-block-column is-vertically-aligned-center is-layout-flow wp-block-column-is-layout-flow\" style=\"flex-basis:66.66%\">\n<h2 class=\"wp-block-heading\">Production<\/h2>\n\n\n\n<p>Parall\u00e8lement aux outils internes d\u2019Accumold, nos installations de classe mondiale sont con\u00e7ues pour produire. Accumold dispose de plus de 175 presses d\u00e9di\u00e9es \u00e0 la production de petits et micro moules. Fonctionnant 24h \/ 24 et 7j \/ 7, nos installations de production sont capables de s\u2019adapter pour r\u00e9pondre aux demandes de nos clients, que ce soit pour un simple prototype ou des millions par mois.<\/p>\n\n\n\n<p>L\u2019\u00e9quipe de production d\u2019Accumold travaille en \u00e9troite collaboration avec nos \u00e9quipes de construction et de maintenance des outils afin de garantir des pi\u00e8ces de haute qualit\u00e9, imprim\u00e9es dans les temps.<\/p>\n<\/div>\n<\/div>\n<\/div><\/div>\n\n\n\n<div style=\"height:40px\" aria-hidden=\"true\" class=\"wp-block-spacer\"><\/div>\n\n\n\n<div class=\"wp-block-group alignwide\"><div class=\"wp-block-group__inner-container is-layout-flow wp-block-group-is-layout-flow\">\n<div class=\"wp-block-columns are-vertically-aligned-center is-layout-flex wp-container-core-columns-is-layout-9d6595d7 wp-block-columns-is-layout-flex\">\n<div class=\"wp-block-column is-vertically-aligned-center is-layout-flow wp-block-column-is-layout-flow\" style=\"flex-basis:33.33%\"><div class=\"wp-block-image\">\n<figure class=\"aligncenter\"><img decoding=\"async\" src=\"https:\/\/www.accu-mold.com\/wp-content\/uploads\/2020\/09\/custom-automation-packaging.jpg\" alt=\"custom-automation-packaging\" title=\"custom-automation-packaging\"\/><\/figure>\n<\/div><\/div>\n\n\n\n<div class=\"wp-block-column is-vertically-aligned-center is-layout-flow wp-block-column-is-layout-flow\" style=\"flex-basis:66.66%\">\n<h2 class=\"wp-block-heading\">Automatisation et emballage<\/h2>\n\n\n\n<p>La mani\u00e8re dont les pi\u00e8ces sont manipul\u00e9es et emball\u00e9es est aussi importante que leur fabrication. Accumold fournit une automatisation et un emballage personnalis\u00e9s effectu\u00e9s en interne, y compris l\u2019emballage type \u00ab&nbsp;bobine \u00e0 bobine&nbsp;\u00bb, des sous-assemblages l\u00e9gers, la formation et la s\u00e9paration de structures en plomb, l\u2019inspection en ligne ou une grande vari\u00e9t\u00e9 d\u2019autres processus secondaires personnalis\u00e9s.<\/p>\n\n\n\n<p>Nos param\u00e8tres rigoureux et notre s\u00e9lection des mati\u00e8res premi\u00e8res prot\u00e8gent non seulement vos composants lors de l\u2019exp\u00e9dition, mais les rendent facilement accessibles sur la cha\u00eene de production. Notre souci du d\u00e9tail compl\u00e8te le processus de micro-moulage et, dans de nombreux cas, fait la diff\u00e9rence entre le succ\u00e8s ou l\u2019\u00e9chec d\u2019un projet.<\/p>\n<\/div>\n<\/div>\n<\/div><\/div>\n","protected":false},"excerpt":{"rendered":"<p>Pour r\u00e9pondre \u00e0 la demande acc\u00e9l\u00e9r\u00e9e de ses clients, Accumold dispose d\u2019une vaste gamme d\u2019outillage de micro-moulages d\u00e9velopp\u00e9e en interne, [&#8230;] <a class=\"more-link\" href=\"https:\/\/www.accu-mold.com\/fr\/micro-molding-capabilities\/processus-internes\/\">Read More<span class=\"screen-reader-text\">about Processus Internes<\/span><\/a><\/p>\n","protected":false},"author":5,"featured_media":0,"parent":5467,"menu_order":0,"comment_status":"closed","ping_status":"closed","template":"","meta":{"_acf_changed":false,"inline_featured_image":false,"_wd_proto_hide_page_title":false,"_wd_proto_page_body_class":"","_wd_proto_post_layout":"","footnotes":""},"class_list":["post-5473","page","type-page","status-publish","hentry"],"acf":[],"yoast_head":"<!-- This site is optimized with the Yoast SEO Premium plugin v27.5 (Yoast SEO v27.5) - https:\/\/yoast.com\/product\/yoast-seo-premium-wordpress\/ -->\n<title>Processus Internes - Accu-Mold<\/title>\n<meta name=\"robots\" content=\"index, follow, max-snippet:-1, max-image-preview:large, max-video-preview:-1\" \/>\n<link rel=\"canonical\" href=\"https:\/\/www.accu-mold.com\/fr\/micro-molding-capabilities\/processus-internes\/\" \/>\n<meta property=\"og:locale\" content=\"fr_FR\" \/>\n<meta property=\"og:type\" content=\"article\" \/>\n<meta property=\"og:title\" content=\"Processus Internes\" \/>\n<meta property=\"og:description\" content=\"Pour r\u00e9pondre \u00e0 la demande acc\u00e9l\u00e9r\u00e9e de ses clients, Accumold dispose d\u2019une vaste gamme d\u2019outillage de micro-moulages d\u00e9velopp\u00e9e en interne, [...] Read Moreabout Processus Internes\" \/>\n<meta property=\"og:url\" content=\"https:\/\/www.accu-mold.com\/fr\/micro-molding-capabilities\/processus-internes\/\" \/>\n<meta property=\"og:site_name\" content=\"Accu-Mold\" \/>\n<meta property=\"article:modified_time\" content=\"2022-08-01T12:55:23+00:00\" \/>\n<meta property=\"og:image\" content=\"https:\/\/www.accu-mold.com\/wp-content\/uploads\/2021\/09\/micro-lenses-02.jpg\" \/>\n<meta name=\"twitter:card\" content=\"summary_large_image\" \/>\n<meta name=\"twitter:label1\" content=\"Est. reading time\" \/>\n\t<meta name=\"twitter:data1\" content=\"2 minutes\" \/>\n<script type=\"application\/ld+json\" class=\"yoast-schema-graph\">{\"@context\":\"https:\\\/\\\/schema.org\",\"@graph\":[{\"@type\":\"WebPage\",\"@id\":\"https:\\\/\\\/www.accu-mold.com\\\/fr\\\/micro-molding-capabilities\\\/processus-internes\\\/\",\"url\":\"https:\\\/\\\/www.accu-mold.com\\\/fr\\\/micro-molding-capabilities\\\/processus-internes\\\/\",\"name\":\"Processus Internes - Accu-Mold\",\"isPartOf\":{\"@id\":\"https:\\\/\\\/www.accu-mold.com\\\/#website\"},\"primaryImageOfPage\":{\"@id\":\"https:\\\/\\\/www.accu-mold.com\\\/fr\\\/micro-molding-capabilities\\\/processus-internes\\\/#primaryimage\"},\"image\":{\"@id\":\"https:\\\/\\\/www.accu-mold.com\\\/fr\\\/micro-molding-capabilities\\\/processus-internes\\\/#primaryimage\"},\"thumbnailUrl\":\"https:\\\/\\\/www.accu-mold.com\\\/wp-content\\\/uploads\\\/2021\\\/09\\\/micro-lenses-02.jpg\",\"datePublished\":\"2020-09-16T12:22:00+00:00\",\"dateModified\":\"2022-08-01T12:55:23+00:00\",\"breadcrumb\":{\"@id\":\"https:\\\/\\\/www.accu-mold.com\\\/fr\\\/micro-molding-capabilities\\\/processus-internes\\\/#breadcrumb\"},\"inLanguage\":\"fr-FR\",\"potentialAction\":[{\"@type\":\"ReadAction\",\"target\":[\"https:\\\/\\\/www.accu-mold.com\\\/fr\\\/micro-molding-capabilities\\\/processus-internes\\\/\"]}]},{\"@type\":\"ImageObject\",\"inLanguage\":\"fr-FR\",\"@id\":\"https:\\\/\\\/www.accu-mold.com\\\/fr\\\/micro-molding-capabilities\\\/processus-internes\\\/#primaryimage\",\"url\":\"https:\\\/\\\/www.accu-mold.com\\\/wp-content\\\/uploads\\\/2021\\\/09\\\/micro-lenses-02.jpg\",\"contentUrl\":\"https:\\\/\\\/www.accu-mold.com\\\/wp-content\\\/uploads\\\/2021\\\/09\\\/micro-lenses-02.jpg\"},{\"@type\":\"BreadcrumbList\",\"@id\":\"https:\\\/\\\/www.accu-mold.com\\\/fr\\\/micro-molding-capabilities\\\/processus-internes\\\/#breadcrumb\",\"itemListElement\":[{\"@type\":\"ListItem\",\"position\":1,\"name\":\"Exceptional capabilities backed by exceptional people\",\"item\":\"https:\\\/\\\/www.accu-mold.com\\\/fr\\\/\"},{\"@type\":\"ListItem\",\"position\":2,\"name\":\"Micro Molding Capabilities\",\"item\":\"https:\\\/\\\/www.accu-mold.com\\\/fr\\\/micro-molding-capabilities\\\/\"},{\"@type\":\"ListItem\",\"position\":3,\"name\":\"Processus Internes\"}]},{\"@type\":\"WebSite\",\"@id\":\"https:\\\/\\\/www.accu-mold.com\\\/#website\",\"url\":\"https:\\\/\\\/www.accu-mold.com\\\/\",\"name\":\"Accu-Mold\",\"description\":\"Your Micro Mold\u00ae Tooling &amp; Production Partners\",\"publisher\":{\"@id\":\"https:\\\/\\\/www.accu-mold.com\\\/#organization\"},\"potentialAction\":[{\"@type\":\"SearchAction\",\"target\":{\"@type\":\"EntryPoint\",\"urlTemplate\":\"https:\\\/\\\/www.accu-mold.com\\\/?s={search_term_string}\"},\"query-input\":{\"@type\":\"PropertyValueSpecification\",\"valueRequired\":true,\"valueName\":\"search_term_string\"}}],\"inLanguage\":\"fr-FR\"},{\"@type\":\"Organization\",\"@id\":\"https:\\\/\\\/www.accu-mold.com\\\/#organization\",\"name\":\"https:\\\/\\\/www.accu-mold.com\\\/careers\\\/current-openings\\\/\",\"url\":\"https:\\\/\\\/www.accu-mold.com\\\/\",\"logo\":{\"@type\":\"ImageObject\",\"inLanguage\":\"fr-FR\",\"@id\":\"https:\\\/\\\/www.accu-mold.com\\\/#\\\/schema\\\/logo\\\/image\\\/\",\"url\":\"https:\\\/\\\/www.accu-mold.com\\\/wp-content\\\/uploads\\\/2022\\\/03\\\/accumold-vector-logo.svg\",\"contentUrl\":\"https:\\\/\\\/www.accu-mold.com\\\/wp-content\\\/uploads\\\/2022\\\/03\\\/accumold-vector-logo.svg\",\"caption\":\"https:\\\/\\\/www.accu-mold.com\\\/careers\\\/current-openings\\\/\"},\"image\":{\"@id\":\"https:\\\/\\\/www.accu-mold.com\\\/#\\\/schema\\\/logo\\\/image\\\/\"}}]}<\/script>\n<!-- \/ Yoast SEO Premium plugin. -->","yoast_head_json":{"title":"Processus Internes - Accu-Mold","robots":{"index":"index","follow":"follow","max-snippet":"max-snippet:-1","max-image-preview":"max-image-preview:large","max-video-preview":"max-video-preview:-1"},"canonical":"https:\/\/www.accu-mold.com\/fr\/micro-molding-capabilities\/processus-internes\/","og_locale":"fr_FR","og_type":"article","og_title":"Processus Internes","og_description":"Pour r\u00e9pondre \u00e0 la demande acc\u00e9l\u00e9r\u00e9e de ses clients, Accumold dispose d\u2019une vaste gamme d\u2019outillage de micro-moulages d\u00e9velopp\u00e9e en interne, [...] Read Moreabout Processus Internes","og_url":"https:\/\/www.accu-mold.com\/fr\/micro-molding-capabilities\/processus-internes\/","og_site_name":"Accu-Mold","article_modified_time":"2022-08-01T12:55:23+00:00","og_image":[{"url":"https:\/\/www.accu-mold.com\/wp-content\/uploads\/2021\/09\/micro-lenses-02.jpg","type":"","width":"","height":""}],"twitter_card":"summary_large_image","twitter_misc":{"Est. reading time":"2 minutes"},"schema":{"@context":"https:\/\/schema.org","@graph":[{"@type":"WebPage","@id":"https:\/\/www.accu-mold.com\/fr\/micro-molding-capabilities\/processus-internes\/","url":"https:\/\/www.accu-mold.com\/fr\/micro-molding-capabilities\/processus-internes\/","name":"Processus Internes - Accu-Mold","isPartOf":{"@id":"https:\/\/www.accu-mold.com\/#website"},"primaryImageOfPage":{"@id":"https:\/\/www.accu-mold.com\/fr\/micro-molding-capabilities\/processus-internes\/#primaryimage"},"image":{"@id":"https:\/\/www.accu-mold.com\/fr\/micro-molding-capabilities\/processus-internes\/#primaryimage"},"thumbnailUrl":"https:\/\/www.accu-mold.com\/wp-content\/uploads\/2021\/09\/micro-lenses-02.jpg","datePublished":"2020-09-16T12:22:00+00:00","dateModified":"2022-08-01T12:55:23+00:00","breadcrumb":{"@id":"https:\/\/www.accu-mold.com\/fr\/micro-molding-capabilities\/processus-internes\/#breadcrumb"},"inLanguage":"fr-FR","potentialAction":[{"@type":"ReadAction","target":["https:\/\/www.accu-mold.com\/fr\/micro-molding-capabilities\/processus-internes\/"]}]},{"@type":"ImageObject","inLanguage":"fr-FR","@id":"https:\/\/www.accu-mold.com\/fr\/micro-molding-capabilities\/processus-internes\/#primaryimage","url":"https:\/\/www.accu-mold.com\/wp-content\/uploads\/2021\/09\/micro-lenses-02.jpg","contentUrl":"https:\/\/www.accu-mold.com\/wp-content\/uploads\/2021\/09\/micro-lenses-02.jpg"},{"@type":"BreadcrumbList","@id":"https:\/\/www.accu-mold.com\/fr\/micro-molding-capabilities\/processus-internes\/#breadcrumb","itemListElement":[{"@type":"ListItem","position":1,"name":"Exceptional capabilities backed by exceptional people","item":"https:\/\/www.accu-mold.com\/fr\/"},{"@type":"ListItem","position":2,"name":"Micro Molding Capabilities","item":"https:\/\/www.accu-mold.com\/fr\/micro-molding-capabilities\/"},{"@type":"ListItem","position":3,"name":"Processus Internes"}]},{"@type":"WebSite","@id":"https:\/\/www.accu-mold.com\/#website","url":"https:\/\/www.accu-mold.com\/","name":"Accu-Mold","description":"Your Micro Mold\u00ae Tooling &amp; Production Partners","publisher":{"@id":"https:\/\/www.accu-mold.com\/#organization"},"potentialAction":[{"@type":"SearchAction","target":{"@type":"EntryPoint","urlTemplate":"https:\/\/www.accu-mold.com\/?s={search_term_string}"},"query-input":{"@type":"PropertyValueSpecification","valueRequired":true,"valueName":"search_term_string"}}],"inLanguage":"fr-FR"},{"@type":"Organization","@id":"https:\/\/www.accu-mold.com\/#organization","name":"https:\/\/www.accu-mold.com\/careers\/current-openings\/","url":"https:\/\/www.accu-mold.com\/","logo":{"@type":"ImageObject","inLanguage":"fr-FR","@id":"https:\/\/www.accu-mold.com\/#\/schema\/logo\/image\/","url":"https:\/\/www.accu-mold.com\/wp-content\/uploads\/2022\/03\/accumold-vector-logo.svg","contentUrl":"https:\/\/www.accu-mold.com\/wp-content\/uploads\/2022\/03\/accumold-vector-logo.svg","caption":"https:\/\/www.accu-mold.com\/careers\/current-openings\/"},"image":{"@id":"https:\/\/www.accu-mold.com\/#\/schema\/logo\/image\/"}}]}},"_links":{"self":[{"href":"https:\/\/www.accu-mold.com\/fr\/wp-json\/wp\/v2\/pages\/5473","targetHints":{"allow":["GET"]}}],"collection":[{"href":"https:\/\/www.accu-mold.com\/fr\/wp-json\/wp\/v2\/pages"}],"about":[{"href":"https:\/\/www.accu-mold.com\/fr\/wp-json\/wp\/v2\/types\/page"}],"author":[{"embeddable":true,"href":"https:\/\/www.accu-mold.com\/fr\/wp-json\/wp\/v2\/users\/5"}],"replies":[{"embeddable":true,"href":"https:\/\/www.accu-mold.com\/fr\/wp-json\/wp\/v2\/comments?post=5473"}],"version-history":[{"count":8,"href":"https:\/\/www.accu-mold.com\/fr\/wp-json\/wp\/v2\/pages\/5473\/revisions"}],"predecessor-version":[{"id":17974,"href":"https:\/\/www.accu-mold.com\/fr\/wp-json\/wp\/v2\/pages\/5473\/revisions\/17974"}],"up":[{"embeddable":true,"href":"https:\/\/www.accu-mold.com\/fr\/wp-json\/wp\/v2\/pages\/5467"}],"wp:attachment":[{"href":"https:\/\/www.accu-mold.com\/fr\/wp-json\/wp\/v2\/media?parent=5473"}],"curies":[{"name":"wp","href":"https:\/\/api.w.org\/{rel}","templated":true}]}}