{"id":5472,"date":"2020-09-16T12:17:55","date_gmt":"2020-09-16T12:17:55","guid":{"rendered":"http:\/\/accumold51932.ewaycorphosting.com\/micro-molding-capabilities\/classifications-de-moule\/micro-optics-molding\/"},"modified":"2023-08-28T06:03:35","modified_gmt":"2023-08-28T11:03:35","slug":"micro-optics-molding","status":"publish","type":"page","link":"https:\/\/www.accu-mold.com\/fr\/micro-molding-capabilities\/classifications-de-moule\/micro-optics-molding\/","title":{"rendered":"Moulage pour la micro-optique"},"content":{"rendered":"\n<div class=\"wp-block-cover alignfull page-header has-custom-inner-width\" style=\"min-height:316px;--inner-container-width:1540px;aspect-ratio:unset;\"><span aria-hidden=\"true\" class=\"wp-block-cover__background has-primary-background-color has-background-dim-80 has-background-dim\"><\/span><img loading=\"lazy\" decoding=\"async\" width=\"1800\" height=\"1200\" class=\"wp-block-cover__image-background wp-image-16594\" alt=\"micro lens examples\" src=\"https:\/\/www.accu-mold.com\/wp-content\/uploads\/2021\/09\/micro-lenses-02.jpg\" data-object-fit=\"cover\" srcset=\"https:\/\/www.accu-mold.com\/wp-content\/uploads\/2021\/09\/micro-lenses-02.jpg 1800w, https:\/\/www.accu-mold.com\/wp-content\/uploads\/2021\/09\/micro-lenses-02-300x200.jpg 300w, https:\/\/www.accu-mold.com\/wp-content\/uploads\/2021\/09\/micro-lenses-02-1024x683.jpg 1024w, https:\/\/www.accu-mold.com\/wp-content\/uploads\/2021\/09\/micro-lenses-02-768x512.jpg 768w, https:\/\/www.accu-mold.com\/wp-content\/uploads\/2021\/09\/micro-lenses-02-1536x1024.jpg 1536w\" sizes=\"auto, (max-width: 1800px) 100vw, 1800px\" \/><div class=\"wp-block-cover__inner-container is-layout-flow wp-block-cover-is-layout-flow\">\n<h1 class=\"wp-block-heading\" style=\"font-size:64px\">Moulage de micro-optique<\/h1>\n<\/div><\/div>\n\n\n\n<div style=\"height:60px\" aria-hidden=\"true\" class=\"wp-block-spacer\"><\/div>\n\n\n\n<p>Le moulage pour la micro-optique est un proc\u00e9d\u00e9 de moulage par injection de pr\u00e9cision qui permet de produire des composants optiques \u00e0 une \u00e9chelle plus petite qu\u2019avec les techniques de moulage traditionnelles. En raison de la taille globale et des d\u00e9tails des pi\u00e8ces, les tol\u00e9rances sont mesur\u00e9es en microns. Les pi\u00e8ces de cette nature prennent la forme de connecteurs et de capteurs et sont utilis\u00e9es dans les domaines de l\u2019\u00e9clairage, de l\u2019optique et de l\u2019imagerie. Les composants micro-optiques moul\u00e9s sont souvent utilis\u00e9s dans des appareils m\u00e9dicaux, informatiques et portables de tr\u00e8s petite taille.<\/p>\n\n\n\n<p>Le moulage pour la micro-optique est une forme d\u2019art tout autant qu\u2019une prouesse de l\u2019ing\u00e9nierie. Ma\u00eetriser le comportement des thermoplastiques et des r\u00e9sines avec des tol\u00e9rances de l\u2019ordre du micron exige non seulement une compr\u00e9hension scientifique des mat\u00e9riaux impliqu\u00e9s dans l\u2019op\u00e9ration de micro-moulage, mais aussi l\u2019exp\u00e9rience inestimable d\u00e9coulant de dizaines d\u2019ann\u00e9es d\u2019essais et d\u2019erreurs en ing\u00e9nierie.<\/p>\n\n\n\n<p>Nous sommes des leaders mondiaux dans le domaine des composants thermoplastiques moul\u00e9s par micro-injection, du verre et des pi\u00e8ces optiques moul\u00e9es. Nous r\u00e9alisons r\u00e9guli\u00e8rement des surmoulages complexes de pi\u00e8ces optiques dans des bo\u00eetiers et des surmoulages pour des syst\u00e8mes laser ou d\u2019autres dispositifs particuli\u00e8rement puissants.<\/p>\n\n\n\n<h2 class=\"wp-block-heading\" id=\"h-trois-choses-a-savoir-sur-le-moulage-pour-la-micro-optique\">Trois choses \u00e0 savoir sur le moulage pour la micro-optique<\/h2>\n\n\n\n<p>Notre processus de micro-optique commence avec nos ing\u00e9nieurs DFM et nos outilleurs experts qui comptent tous des dizaines d\u2019ann\u00e9es d\u2019exp\u00e9rience dans le moulage de micro-optiques \u00e0 leur actif. Nos techniciens utilisent des outils de m\u00e9trologie tr\u00e8s sophistiqu\u00e9s pour maintenir des tol\u00e9rances de l\u2019ordre du micron, voire du demi-micron.<\/p>\n\n\n\n<p>Lorsque votre composant ou votre pi\u00e8ce est pr\u00eat \u00e0 \u00eatre produit rapidement \u00e0 grande \u00e9chelle, nos syst\u00e8mes d\u2019automatisation et de vision personnalis\u00e9s garantissent une duplication exacte des pi\u00e8ces, de la premi\u00e8re \u00e0 la derni\u00e8re. Puisque personne d\u2019autre ne travaille avec des tol\u00e9rances de l\u2019ordre du micron \u00e0 l\u2019\u00e9chelle mondiale, nous avons d\u00fb cr\u00e9er nos propres syst\u00e8mes d\u2019essais fonctionnels en interne.<\/p>\n\n\n\n<div class=\"wp-block-columns alignwide col-large-2 col-medium-2 col-small-1 is-layout-flex wp-container-core-columns-is-layout-9d6595d7 wp-block-columns-is-layout-flex\">\n<div class=\"wp-block-column is-layout-flow wp-block-column-is-layout-flow\" style=\"flex-basis:66.66%\">\n<h3 class=\"wp-block-heading\" id=\"h-1-tolerances-de-moulage\">1. Tol\u00e9rances de moulage<\/h3>\n\n\n\n<p>Standard optical projects require P\/V tolerance of 1 micron and a surface finish of 100 angstroms. In recent projects, we have achieved P\/V tolerance of 200 nm and a surface finish of 20 angstroms. Positional tolerances are as tight as +\/- 1 micron and repeatable to .5 microns. Make sure to check out our&nbsp;<strong><a rel=\"noreferrer noopener\" href=\"https:\/\/www.accu-mold.com\/micro-molding-design-guidelines\/\" target=\"_blank\">micro mold design guidelines.<\/a><\/strong><\/p>\n<\/div>\n\n\n\n<div class=\"wp-block-column is-layout-flow wp-block-column-is-layout-flow\" style=\"flex-basis:33.33%\"><div class=\"wp-block-image\">\n<figure class=\"aligncenter\" id=\"attachment_1096\"><a href=\"https:\/\/www.accu-mold.com\/wp-content\/uploads\/2020\/09\/accumold-fiber-array-150x150-1.jpg\"><img decoding=\"async\" src=\"https:\/\/www.accu-mold.com\/wp-content\/uploads\/2020\/09\/accumold-fiber-array-150x150-1.jpg\" alt=\"Micro-Optics Molding Fiber Array\"\/><\/a><figcaption class=\"wp-element-caption\">Micro-Optics Molding Fiber Array<\/figcaption><\/figure>\n<\/div><\/div>\n<\/div>\n\n\n\n<div class=\"wp-block-columns alignwide is-layout-flex wp-container-core-columns-is-layout-9d6595d7 wp-block-columns-is-layout-flex\">\n<div class=\"wp-block-column is-layout-flow wp-block-column-is-layout-flow\" style=\"flex-basis:66.66%\">\n<h3 class=\"wp-block-heading\" id=\"h-2-emballage-et-salles-blanches\">2. Emballage et salles blanches<\/h3>\n\n\n\n<p>Notre processus d\u2019emballage sur mesure en interne permet non seulement de prot\u00e9ger et d\u2019exp\u00e9dier les composants critiques, mais aussi de garantir la bonne r\u00e9ception des pi\u00e8ces dans votre processus de fabrication. Nos capacit\u00e9s d\u2019emballage de micro-moules comprennent pour commencer des rubans et bobines, des plateaux et des blocs r\u00e9frig\u00e9rants, mais nous concevons \u00e9galement des processus d\u2019emballage sur mesure pour r\u00e9pondre aux besoins uniques de chaque client.<\/p>\n\n\n\n<p>Nos emballages sur mesure compl\u00e8tent parfaitement nos salles blanches de micro-moulage. Nos salles blanches sont conformes aux normes <a href=\"https:\/\/www.iso.org\/home.html\">ISO<\/a>, 100k (classe <a href=\"https:\/\/www.mecart-cleanrooms.com\/learning-center\/cleanroom-classifications-iso-8-iso-7-iso-6-iso-5\/\">ISO&nbsp;8<\/a>) et 10k (classe <a href=\"https:\/\/www.mecart-cleanrooms.com\/learning-center\/cleanroom-classifications-iso-8-iso-7-iso-6-iso-5\/\">ISO&nbsp;7<\/a>).<\/p>\n<\/div>\n<\/div>\n\n\n\n<div class=\"wp-block-columns alignwide is-layout-flex wp-container-core-columns-is-layout-9d6595d7 wp-block-columns-is-layout-flex\">\n<div class=\"wp-block-column is-layout-flow wp-block-column-is-layout-flow\" style=\"flex-basis:66.66%\">\n<h3 class=\"wp-block-heading\" id=\"h-3-materiaux-de-moulage\">3. Mat\u00e9riaux de moulage<\/h3>\n\n\n\n<p>Notre expertise en mati\u00e8re de moulage de mat\u00e9riaux optiques englobe des mat\u00e9riaux tels que le CoC, le PMMA, le PC, l\u2019acrylique, le COP, le PS et le PEI (Extem et Ultem). Nous sommes \u00e9galement experts dans le moulage de r\u00e9sines techniques pour les applications \u00e0 haute temp\u00e9rature qui n\u00e9cessitent des processus de refusion \u00e0 260&nbsp;\u00b0C, conform\u00e9ment \u00e0 la norme JADEC. Nous fournissons \u00e9galement des solutions cl\u00e9s en main pour les rev\u00eatements, y compris des rev\u00eatements r\u00e9fl\u00e9chissants et anti-r\u00e9fl\u00e9chissants ainsi qu\u2019un blindage EMI.<\/p>\n\n\n\n<h4 class=\"wp-block-heading\" id=\"h-informations-sur-les-materiaux\">Informations sur les mat\u00e9riaux<\/h4>\n\n\n\n<p>Le succ\u00e8s des composants optiques d\u00e9pend de notre capacit\u00e9 \u00e0 utiliser le meilleur mat\u00e9riau de micro-moulage pour votre projet.<\/p>\n\n\n\n<ul class=\"wp-block-list\">\n<li>Mat\u00e9riaux \u00e0 indice de r\u00e9fraction \u00e9lev\u00e9<\/li>\n\n\n\n<li>Experts dans le moulage de r\u00e9sines infrarouges transparentes pouvant survivre au traitement par refusion<\/li>\n\n\n\n<li>Site de test b\u00eata pour les mat\u00e9riaux de nouvelle g\u00e9n\u00e9ration avec les principaux fournisseurs de r\u00e9sines<\/li>\n\n\n\n<li>Mat\u00e9riaux att\u00e9nu\u00e9s sp\u00e9cifiques \u00e0 l\u2019application<\/li>\n<\/ul>\n<\/div>\n\n\n\n<div class=\"wp-block-column is-layout-flow wp-block-column-is-layout-flow\" style=\"flex-basis:33.33%\"><div class=\"wp-block-image\">\n<figure class=\"aligncenter\" id=\"attachment_1949\"><a href=\"https:\/\/www.accu-mold.com\/wp-content\/uploads\/2020\/09\/Ultem-Polyetherimide-PEI-150x150-1-1.png\"><img decoding=\"async\" src=\"https:\/\/www.accu-mold.com\/wp-content\/uploads\/2020\/09\/Ultem-Polyetherimide-PEI-150x150-1-1.png\" alt=\"Ultem Polyetherimide PEI - micro molding materials\"\/><\/a><figcaption class=\"wp-element-caption\"><em>Ultem \/ PEI<\/em><\/figcaption><\/figure>\n<\/div><\/div>\n<\/div>\n\n\n\n<div class=\"wp-block-columns alignwide is-layout-flex wp-container-core-columns-is-layout-9d6595d7 wp-block-columns-is-layout-flex\">\n<div class=\"wp-block-column is-layout-flow wp-block-column-is-layout-flow\">\n<h2 class=\"wp-block-heading\" id=\"h-experience-du-marche-et-exemples-de-micro-moulage\">Exp\u00e9rience du march\u00e9 et exemples de micro-moulage<\/h2>\n\n\n\n<ul class=\"wp-block-list\">\n<li>Matrices \u00e0 lentilles multiples pour les appareils de t\u00e9l\u00e9communication de donn\u00e9es.<\/li>\n\n\n\n<li>Dispositifs optiques moul\u00e9s en grand volume pour les capteurs et autres composants photoniques.<\/li>\n\n\n\n<li>Dispositifs optiques moul\u00e9s pour les appareils m\u00e9dicaux tels que les endoscopes, les appareils de diagnostic, les appareils d\u2019imagerie et autres capteurs m\u00e9dicaux.<\/li>\n\n\n\n<li>Lentilles optiques moul\u00e9es pour l\u2019imagerie g\u00e9n\u00e9rale, la vision et la projection.<\/li>\n\n\n\n<li>Miroirs tournants, guides optiques et \u00e9l\u00e9ments diffractifs pour les syst\u00e8mes de gestion de la lumi\u00e8re.<\/li>\n\n\n\n<li>Consultez ces exemples de moulages pour la micro-optique<\/li>\n<\/ul>\n\n\n\n<h1 class=\"wp-block-heading\" id=\"h-got-a-tricky-question\"><strong>Got A Tricky Question?<\/strong><\/h1>\n\n\n\n<p>Send Our DFM Engineers A Message. (They like the attention.)<\/p>\n\n\n\n<script charset=\"utf-8\" type=\"text\/javascript\" src=\"\/\/js.hsforms.net\/forms\/embed\/v2.js\"><\/script>\n<script>\n  hbspt.forms.create({\n    region: \"na1\",\n    portalId: \"20439115\",\n    formId: \"29d47960-cdd0-4f9e-936d-75f09d842b7f\"\n  });\n<\/script>\n<\/div>\n<\/div>\n","protected":false},"excerpt":{"rendered":"<p>Le moulage pour la micro-optique est un proc\u00e9d\u00e9 de moulage par injection de pr\u00e9cision qui permet de produire des composants [&#8230;] <a class=\"more-link\" href=\"https:\/\/www.accu-mold.com\/fr\/micro-molding-capabilities\/classifications-de-moule\/micro-optics-molding\/\">Read More<span class=\"screen-reader-text\">about Moulage pour la micro-optique<\/span><\/a><\/p>\n","protected":false},"author":5,"featured_media":0,"parent":5469,"menu_order":0,"comment_status":"closed","ping_status":"closed","template":"","meta":{"_acf_changed":false,"inline_featured_image":false,"_wd_proto_hide_page_title":false,"_wd_proto_page_body_class":"","_wd_proto_post_layout":"","footnotes":""},"class_list":["post-5472","page","type-page","status-publish","hentry"],"acf":[],"yoast_head":"<!-- This site is optimized with the Yoast SEO Premium plugin v27.3 (Yoast SEO v27.4) - https:\/\/yoast.com\/product\/yoast-seo-premium-wordpress\/ -->\n<title>Micro-Optics Molding - Accumold, World Leaders in Micro Molding<\/title>\n<meta name=\"description\" content=\"Micro-optics molding is just as much an art form as it is an engineering feat. Taming thermoplastic and resin behavior at micro levels requires not just a scientific understanding of materials, but the raw experience decades of creativity provides.\" \/>\n<meta name=\"robots\" content=\"index, follow, max-snippet:-1, max-image-preview:large, max-video-preview:-1\" \/>\n<link rel=\"canonical\" href=\"https:\/\/www.accu-mold.com\/fr\/micro-molding-capabilities\/classifications-de-moule\/micro-optics-molding\/\" \/>\n<meta property=\"og:locale\" content=\"fr_FR\" \/>\n<meta property=\"og:type\" content=\"article\" \/>\n<meta property=\"og:title\" content=\"Moulage pour la micro-optique\" \/>\n<meta property=\"og:description\" content=\"Micro-optics molding is just as much an art form as it is an engineering feat. Taming thermoplastic and resin behavior at micro levels requires not just a scientific understanding of materials, but the raw experience decades of creativity provides.\" \/>\n<meta property=\"og:url\" content=\"https:\/\/www.accu-mold.com\/fr\/micro-molding-capabilities\/classifications-de-moule\/micro-optics-molding\/\" \/>\n<meta property=\"og:site_name\" content=\"Accu-Mold\" \/>\n<meta property=\"article:modified_time\" content=\"2023-08-28T11:03:35+00:00\" \/>\n<meta property=\"og:image\" content=\"https:\/\/www.accu-mold.com\/wp-content\/uploads\/2021\/09\/micro-lenses-02.jpg\" \/>\n<meta name=\"twitter:card\" content=\"summary_large_image\" \/>\n<meta name=\"twitter:label1\" content=\"Est. reading time\" \/>\n\t<meta name=\"twitter:data1\" content=\"4 minutes\" \/>\n<script type=\"application\/ld+json\" class=\"yoast-schema-graph\">{\"@context\":\"https:\\\/\\\/schema.org\",\"@graph\":[{\"@type\":\"WebPage\",\"@id\":\"https:\\\/\\\/www.accu-mold.com\\\/fr\\\/micro-molding-capabilities\\\/classifications-de-moule\\\/micro-optics-molding\\\/\",\"url\":\"https:\\\/\\\/www.accu-mold.com\\\/fr\\\/micro-molding-capabilities\\\/classifications-de-moule\\\/micro-optics-molding\\\/\",\"name\":\"Micro-Optics Molding - Accumold, World Leaders in Micro Molding\",\"isPartOf\":{\"@id\":\"https:\\\/\\\/www.accu-mold.com\\\/#website\"},\"primaryImageOfPage\":{\"@id\":\"https:\\\/\\\/www.accu-mold.com\\\/fr\\\/micro-molding-capabilities\\\/classifications-de-moule\\\/micro-optics-molding\\\/#primaryimage\"},\"image\":{\"@id\":\"https:\\\/\\\/www.accu-mold.com\\\/fr\\\/micro-molding-capabilities\\\/classifications-de-moule\\\/micro-optics-molding\\\/#primaryimage\"},\"thumbnailUrl\":\"https:\\\/\\\/www.accu-mold.com\\\/wp-content\\\/uploads\\\/2021\\\/09\\\/micro-lenses-02.jpg\",\"datePublished\":\"2020-09-16T12:17:55+00:00\",\"dateModified\":\"2023-08-28T11:03:35+00:00\",\"description\":\"Micro-optics molding is just as much an art form as it is an engineering feat. Taming thermoplastic and resin behavior at micro levels requires not just a scientific understanding of materials, but the raw experience decades of creativity provides.\",\"breadcrumb\":{\"@id\":\"https:\\\/\\\/www.accu-mold.com\\\/fr\\\/micro-molding-capabilities\\\/classifications-de-moule\\\/micro-optics-molding\\\/#breadcrumb\"},\"inLanguage\":\"fr-FR\",\"potentialAction\":[{\"@type\":\"ReadAction\",\"target\":[\"https:\\\/\\\/www.accu-mold.com\\\/fr\\\/micro-molding-capabilities\\\/classifications-de-moule\\\/micro-optics-molding\\\/\"]}]},{\"@type\":\"ImageObject\",\"inLanguage\":\"fr-FR\",\"@id\":\"https:\\\/\\\/www.accu-mold.com\\\/fr\\\/micro-molding-capabilities\\\/classifications-de-moule\\\/micro-optics-molding\\\/#primaryimage\",\"url\":\"https:\\\/\\\/www.accu-mold.com\\\/wp-content\\\/uploads\\\/2021\\\/09\\\/micro-lenses-02.jpg\",\"contentUrl\":\"https:\\\/\\\/www.accu-mold.com\\\/wp-content\\\/uploads\\\/2021\\\/09\\\/micro-lenses-02.jpg\"},{\"@type\":\"BreadcrumbList\",\"@id\":\"https:\\\/\\\/www.accu-mold.com\\\/fr\\\/micro-molding-capabilities\\\/classifications-de-moule\\\/micro-optics-molding\\\/#breadcrumb\",\"itemListElement\":[{\"@type\":\"ListItem\",\"position\":1,\"name\":\"Exceptional capabilities backed by exceptional people\",\"item\":\"https:\\\/\\\/www.accu-mold.com\\\/fr\\\/\"},{\"@type\":\"ListItem\",\"position\":2,\"name\":\"Micro Molding Capabilities\",\"item\":\"https:\\\/\\\/www.accu-mold.com\\\/fr\\\/micro-molding-capabilities\\\/\"},{\"@type\":\"ListItem\",\"position\":3,\"name\":\"Classifications de Moule\",\"item\":\"https:\\\/\\\/www.accu-mold.com\\\/fr\\\/micro-molding-capabilities\\\/classifications-de-moule\\\/\"},{\"@type\":\"ListItem\",\"position\":4,\"name\":\"Moulage pour la micro-optique\"}]},{\"@type\":\"WebSite\",\"@id\":\"https:\\\/\\\/www.accu-mold.com\\\/#website\",\"url\":\"https:\\\/\\\/www.accu-mold.com\\\/\",\"name\":\"Accu-Mold\",\"description\":\"Your Micro Mold\u00ae Tooling &amp; Production Partners\",\"publisher\":{\"@id\":\"https:\\\/\\\/www.accu-mold.com\\\/#organization\"},\"potentialAction\":[{\"@type\":\"SearchAction\",\"target\":{\"@type\":\"EntryPoint\",\"urlTemplate\":\"https:\\\/\\\/www.accu-mold.com\\\/?s={search_term_string}\"},\"query-input\":{\"@type\":\"PropertyValueSpecification\",\"valueRequired\":true,\"valueName\":\"search_term_string\"}}],\"inLanguage\":\"fr-FR\"},{\"@type\":\"Organization\",\"@id\":\"https:\\\/\\\/www.accu-mold.com\\\/#organization\",\"name\":\"https:\\\/\\\/www.accu-mold.com\\\/careers\\\/current-openings\\\/\",\"url\":\"https:\\\/\\\/www.accu-mold.com\\\/\",\"logo\":{\"@type\":\"ImageObject\",\"inLanguage\":\"fr-FR\",\"@id\":\"https:\\\/\\\/www.accu-mold.com\\\/#\\\/schema\\\/logo\\\/image\\\/\",\"url\":\"https:\\\/\\\/www.accu-mold.com\\\/wp-content\\\/uploads\\\/2022\\\/03\\\/accumold-vector-logo.svg\",\"contentUrl\":\"https:\\\/\\\/www.accu-mold.com\\\/wp-content\\\/uploads\\\/2022\\\/03\\\/accumold-vector-logo.svg\",\"caption\":\"https:\\\/\\\/www.accu-mold.com\\\/careers\\\/current-openings\\\/\"},\"image\":{\"@id\":\"https:\\\/\\\/www.accu-mold.com\\\/#\\\/schema\\\/logo\\\/image\\\/\"}}]}<\/script>\n<!-- \/ Yoast SEO Premium plugin. -->","yoast_head_json":{"title":"Micro-Optics Molding - Accumold, World Leaders in Micro Molding","description":"Micro-optics molding is just as much an art form as it is an engineering feat. Taming thermoplastic and resin behavior at micro levels requires not just a scientific understanding of materials, but the raw experience decades of creativity provides.","robots":{"index":"index","follow":"follow","max-snippet":"max-snippet:-1","max-image-preview":"max-image-preview:large","max-video-preview":"max-video-preview:-1"},"canonical":"https:\/\/www.accu-mold.com\/fr\/micro-molding-capabilities\/classifications-de-moule\/micro-optics-molding\/","og_locale":"fr_FR","og_type":"article","og_title":"Moulage pour la micro-optique","og_description":"Micro-optics molding is just as much an art form as it is an engineering feat. Taming thermoplastic and resin behavior at micro levels requires not just a scientific understanding of materials, but the raw experience decades of creativity provides.","og_url":"https:\/\/www.accu-mold.com\/fr\/micro-molding-capabilities\/classifications-de-moule\/micro-optics-molding\/","og_site_name":"Accu-Mold","article_modified_time":"2023-08-28T11:03:35+00:00","og_image":[{"url":"https:\/\/www.accu-mold.com\/wp-content\/uploads\/2021\/09\/micro-lenses-02.jpg","type":"","width":"","height":""}],"twitter_card":"summary_large_image","twitter_misc":{"Est. reading time":"4 minutes"},"schema":{"@context":"https:\/\/schema.org","@graph":[{"@type":"WebPage","@id":"https:\/\/www.accu-mold.com\/fr\/micro-molding-capabilities\/classifications-de-moule\/micro-optics-molding\/","url":"https:\/\/www.accu-mold.com\/fr\/micro-molding-capabilities\/classifications-de-moule\/micro-optics-molding\/","name":"Micro-Optics Molding - Accumold, World Leaders in Micro Molding","isPartOf":{"@id":"https:\/\/www.accu-mold.com\/#website"},"primaryImageOfPage":{"@id":"https:\/\/www.accu-mold.com\/fr\/micro-molding-capabilities\/classifications-de-moule\/micro-optics-molding\/#primaryimage"},"image":{"@id":"https:\/\/www.accu-mold.com\/fr\/micro-molding-capabilities\/classifications-de-moule\/micro-optics-molding\/#primaryimage"},"thumbnailUrl":"https:\/\/www.accu-mold.com\/wp-content\/uploads\/2021\/09\/micro-lenses-02.jpg","datePublished":"2020-09-16T12:17:55+00:00","dateModified":"2023-08-28T11:03:35+00:00","description":"Micro-optics molding is just as much an art form as it is an engineering feat. Taming thermoplastic and resin behavior at micro levels requires not just a scientific understanding of materials, but the raw experience decades of creativity provides.","breadcrumb":{"@id":"https:\/\/www.accu-mold.com\/fr\/micro-molding-capabilities\/classifications-de-moule\/micro-optics-molding\/#breadcrumb"},"inLanguage":"fr-FR","potentialAction":[{"@type":"ReadAction","target":["https:\/\/www.accu-mold.com\/fr\/micro-molding-capabilities\/classifications-de-moule\/micro-optics-molding\/"]}]},{"@type":"ImageObject","inLanguage":"fr-FR","@id":"https:\/\/www.accu-mold.com\/fr\/micro-molding-capabilities\/classifications-de-moule\/micro-optics-molding\/#primaryimage","url":"https:\/\/www.accu-mold.com\/wp-content\/uploads\/2021\/09\/micro-lenses-02.jpg","contentUrl":"https:\/\/www.accu-mold.com\/wp-content\/uploads\/2021\/09\/micro-lenses-02.jpg"},{"@type":"BreadcrumbList","@id":"https:\/\/www.accu-mold.com\/fr\/micro-molding-capabilities\/classifications-de-moule\/micro-optics-molding\/#breadcrumb","itemListElement":[{"@type":"ListItem","position":1,"name":"Exceptional capabilities backed by exceptional people","item":"https:\/\/www.accu-mold.com\/fr\/"},{"@type":"ListItem","position":2,"name":"Micro Molding Capabilities","item":"https:\/\/www.accu-mold.com\/fr\/micro-molding-capabilities\/"},{"@type":"ListItem","position":3,"name":"Classifications de Moule","item":"https:\/\/www.accu-mold.com\/fr\/micro-molding-capabilities\/classifications-de-moule\/"},{"@type":"ListItem","position":4,"name":"Moulage pour la micro-optique"}]},{"@type":"WebSite","@id":"https:\/\/www.accu-mold.com\/#website","url":"https:\/\/www.accu-mold.com\/","name":"Accu-Mold","description":"Your Micro Mold\u00ae Tooling &amp; Production Partners","publisher":{"@id":"https:\/\/www.accu-mold.com\/#organization"},"potentialAction":[{"@type":"SearchAction","target":{"@type":"EntryPoint","urlTemplate":"https:\/\/www.accu-mold.com\/?s={search_term_string}"},"query-input":{"@type":"PropertyValueSpecification","valueRequired":true,"valueName":"search_term_string"}}],"inLanguage":"fr-FR"},{"@type":"Organization","@id":"https:\/\/www.accu-mold.com\/#organization","name":"https:\/\/www.accu-mold.com\/careers\/current-openings\/","url":"https:\/\/www.accu-mold.com\/","logo":{"@type":"ImageObject","inLanguage":"fr-FR","@id":"https:\/\/www.accu-mold.com\/#\/schema\/logo\/image\/","url":"https:\/\/www.accu-mold.com\/wp-content\/uploads\/2022\/03\/accumold-vector-logo.svg","contentUrl":"https:\/\/www.accu-mold.com\/wp-content\/uploads\/2022\/03\/accumold-vector-logo.svg","caption":"https:\/\/www.accu-mold.com\/careers\/current-openings\/"},"image":{"@id":"https:\/\/www.accu-mold.com\/#\/schema\/logo\/image\/"}}]}},"_links":{"self":[{"href":"https:\/\/www.accu-mold.com\/fr\/wp-json\/wp\/v2\/pages\/5472","targetHints":{"allow":["GET"]}}],"collection":[{"href":"https:\/\/www.accu-mold.com\/fr\/wp-json\/wp\/v2\/pages"}],"about":[{"href":"https:\/\/www.accu-mold.com\/fr\/wp-json\/wp\/v2\/types\/page"}],"author":[{"embeddable":true,"href":"https:\/\/www.accu-mold.com\/fr\/wp-json\/wp\/v2\/users\/5"}],"replies":[{"embeddable":true,"href":"https:\/\/www.accu-mold.com\/fr\/wp-json\/wp\/v2\/comments?post=5472"}],"version-history":[{"count":11,"href":"https:\/\/www.accu-mold.com\/fr\/wp-json\/wp\/v2\/pages\/5472\/revisions"}],"predecessor-version":[{"id":20529,"href":"https:\/\/www.accu-mold.com\/fr\/wp-json\/wp\/v2\/pages\/5472\/revisions\/20529"}],"up":[{"embeddable":true,"href":"https:\/\/www.accu-mold.com\/fr\/wp-json\/wp\/v2\/pages\/5469"}],"wp:attachment":[{"href":"https:\/\/www.accu-mold.com\/fr\/wp-json\/wp\/v2\/media?parent=5472"}],"curies":[{"name":"wp","href":"https:\/\/api.w.org\/{rel}","templated":true}]}}