{"id":5470,"date":"2020-09-16T12:13:31","date_gmt":"2020-09-16T12:13:31","guid":{"rendered":"http:\/\/accumold51932.ewaycorphosting.com\/micro-molding-capabilities\/classifications-de-moule\/micro-moulage-pour-des-dispositifs-medicaux\/"},"modified":"2022-10-20T15:58:14","modified_gmt":"2022-10-20T20:58:14","slug":"micro-moulage-medicaux","status":"publish","type":"page","link":"https:\/\/www.accu-mold.com\/fr\/micro-molding-capabilities\/classifications-de-moule\/micro-moulage-medicaux\/","title":{"rendered":"Micro moulage pour des dispositifs m\u00e9dicaux"},"content":{"rendered":"\n<div class=\"wp-block-cover alignfull page-header has-custom-inner-width\" style=\"min-height:316px;--inner-container-width:1400px;aspect-ratio:unset;\"><span aria-hidden=\"true\" class=\"wp-block-cover__background has-primary-background-color has-background-dim-80 has-background-dim\"><\/span><img decoding=\"async\" class=\"wp-block-cover__image-background wp-image-16596\" alt=\"micro lens examples\" src=\"https:\/\/www.accu-mold.com\/wp-content\/uploads\/2021\/09\/micro-lenses-02.jpg\" data-object-fit=\"cover\"\/><div class=\"wp-block-cover__inner-container is-layout-flow wp-block-cover-is-layout-flow\">\n\n<h1 class=\"wp-block-heading\">Micro moulage pour des dispositifs m\u00e9dicaux<a href=\"https:\/\/www.accu-mold.com\/fr\/micro-molding-capabilities\/classifications-de-moule\/micro-moulage-medicaux\/#scrolledTo\"><\/a><\/h1>\n\n<\/div><\/div>\n\n\n\n<div style=\"height:100px\" aria-hidden=\"true\" class=\"wp-block-spacer\"><\/div>\n\n\n\n<p>Le micro-moulage m\u00e9dical est une niche hautement sp\u00e9cialis\u00e9e dans l\u2019industrie du moulage par injection plastique. Les dispositifs m\u00e9dicaux des principaux OEMs d\u00e9pendent des composants moul\u00e9s par micro-injection car ils miniaturisent leur technologie, fournissant des soins critiques aux patients \u00e0 l\u2019int\u00e9rieur et \u00e0 l\u2019ext\u00e9rieur du corps. Le micro-moulage d\u00e9signe des composants moul\u00e9s par injection en plastique avec des caract\u00e9ristiques de taille microm\u00e9trique et des tol\u00e9rances extr\u00eamement serr\u00e9es.<\/p>\n\n\n\n<h2 class=\"wp-block-heading\" id=\"h-validation-du-micro-moulage-pour-des-dispositifs-medicaux\"><strong>Validation du micro moulage pour des&nbsp;dispositifs m\u00e9dicaux<\/strong><\/h2>\n\n\n<div class=\"wp-block-image\">\n<figure class=\"alignleft\"><a href=\"https:\/\/www.accu-mold.com\/wp-content\/uploads\/2020\/09\/medical-molding-300x300-1.jpg\"><img decoding=\"async\" src=\"https:\/\/www.accu-mold.com\/wp-content\/uploads\/2020\/09\/medical-molding-150x150-1.jpg\" alt=\"person with pipette in medical setting\"\/><\/a><\/figure>\n<\/div>\n\n\n<p>Les composants des dispositifs n\u00e9cessitent une validation de processus qui d\u00e9passe g\u00e9n\u00e9ralement de loin les exigences des autres industries en raison d\u2019une surveillance r\u00e9glementaire stricte. Ce processus strict, associ\u00e9 aux tol\u00e9rances tr\u00e8s strictes requises pour ces composants, peut rendre le processus de moulage tr\u00e8s difficile. C\u2019est pourquoi un sp\u00e9cialiste comme Accumold est n\u00e9cessaire.<\/p>\n\n\n\n<p><\/p>\n\n\n\n<h3 class=\"wp-block-heading\" id=\"h-trois-choses-a-savoir-sur-le-micro-moulage-pour-des-dispositifs-medicaux\">Trois choses \u00e0 savoir sur le micro moulage pour des&nbsp;dispositifs m\u00e9dicaux<\/h3>\n\n\n\n<p>Nos salles blanches r\u00e9pondent aux normes ISO, 100k (ISO Class 8) et 10k (ISO Class 7), mais ce n\u2019est qu\u2019un point de d\u00e9part. Les ing\u00e9nieurs et les concepteurs de pi\u00e8ces OEM travaillant sur leur prochain projet m\u00e9dical doivent \u00eatre conscients des trois aspects fondamentaux du processus de micro moulage pour des dispositifs m\u00e9dicaux avant de commencer leur prochain projet.<\/p>\n\n\n\n<h4 class=\"wp-block-heading\" id=\"h-1-point-d-entree-et-ejection\">1. Point d\u2019entr\u00e9e et \u00e9jection<\/h4>\n\n\n\n<p>Au fur et \u00e0 mesure que les pi\u00e8ces deviennent plus petites, n\u00e9cessitant des tol\u00e9rances d\u2019un demi-micron ou d\u2019un micron, les caract\u00e9ristiques de la broche d\u2019entr\u00e9e et d\u2019\u00e9jection occupent un pourcentage consid\u00e9rable de la g\u00e9om\u00e9trie de la pi\u00e8ce, bien plus que dans un composant plus grand. Lorsque les concepteurs envisagent le processus de micro-moulage pour des dispositifs m\u00e9dicaux, ils doivent garder \u00e0 l\u2019esprit comment ils vont situer le point d\u2019entr\u00e9e de la r\u00e9sine dans la pi\u00e8ce de moulage &nbsp;et comment ils vont extraire la pi\u00e8ce du moule.<\/p>\n\n\n\n<p><a href=\"https:\/\/www.accu-mold.com\/design-challenges-micro-mold-design\/\">En savoir plus sur le placement du point d\u2019entr\u00e9e &nbsp;et de la broche d\u2019\u00e9jection. &gt;<\/a><\/p>\n\n\n\n<h4 class=\"wp-block-heading\" id=\"h-2-des-standards-sur-l-epaisseur-du-paroi-et-la-taille-de-la-piece-ne-s-appliquent-pas\">2. Des standards sur l\u2019\u00e9paisseur du paroi et la taille de la pi\u00e8ce ne s\u2019appliquent pas<\/h4>\n\n\n\n<p>Notre processus de micro-moulage pour des dispositifs m\u00e9dicaux permet aux concepteurs de pi\u00e8ces et aux fabricants OEM d\u2019\u00e9tirer les normes g\u00e9n\u00e9ralement accept\u00e9es en mati\u00e8re d\u2019\u00e9paisseur de paroi et de taille de pi\u00e8ce. Nos ing\u00e9nieurs DFM moulent r\u00e9guli\u00e8rement des composants qui ne sont pas possibles selon les sp\u00e9cifications du fournisseur de r\u00e9sine. Nous entendons souvent \u00ab&nbsp;oh, je ne savais pas que vous pouviez faire \u00e7a avec du plastique.&nbsp;\u00bb<\/p>\n\n\n\n<p>En savoir plus sur le micro moulage ultra-mince&gt;<\/p>\n\n\n\n<h4 class=\"wp-block-heading\" id=\"h-3-etirer-la-complexite\">3. \u00c9tirer la complexit\u00e9<\/h4>\n\n\n\n<p>De la m\u00eame mani\u00e8re que nous \u00e9tirons ce que les r\u00e9sines peuvent faire \u00e0 des micro niveaux, nous \u00e9tirons \u00e9galement ce qui est possible dans la complexit\u00e9 partielle et la conception complexe des cavit\u00e9s. Nous avons d\u00e9couvert que les projets complexes sont souvent abandonn\u00e9s parce que les concepteurs de dispositifs m\u00e9dicaux ignorent que leurs exigences de moulage microscopique sont possibles. Cette seule raison explique pourquoi il est pr\u00e9f\u00e9rable de faire appel \u00e0 notre \u00e9quipe DFM en tant que votre conseiller le plus t\u00f4t possible.<\/p>\n\n\n\n<div style=\"height:60px\" aria-hidden=\"true\" class=\"wp-block-spacer\"><\/div>\n\n\n\n<h2 class=\"wp-block-heading\" id=\"h-materiaux-et-exemples-de-micro-moulage-pour-des-dispositifs-medicaux\">Mat\u00e9riaux et exemples de micro moulage pour des&nbsp;dispositifs m\u00e9dicaux<\/h2>\n\n\n\n<p>Les mat\u00e9riaux courants pour le micro moulage des dispositifs m\u00e9dicaux sont les suivants. Vous pouvez voir comment ces mat\u00e9riaux se comportent dans notre \u00e9tude sur les parois minces.<a href=\"https:\/\/www.accu-mold.com\/wp-content\/uploads\/2019\/03\/Accumold-Thin-Wall-Whitepaper.pdf\">&nbsp;\u00c9tude \u00e0 paroi mince&gt;<\/a><\/p>\n\n\n\n<div style=\"height:60px\" aria-hidden=\"true\" class=\"wp-block-spacer\"><\/div>\n\n\n\n<h2 class=\"wp-block-heading\" id=\"h-materials-and-examples\">Materials and examples<\/h2>\n\n\n\n<ul class=\"wp-block-list\"><li>PEEK<\/li><li>Polysulfones<\/li><li>ABS<\/li><li>PC<\/li><li>Co-Polyesters<\/li><li>PBT&#8217;s)(like Tritan)<\/li><li>LCP&#8217;s<\/li><li>Polyurethanes<\/li><li><a href=\"https:\/\/www.accu-mold.com\/fr\/micro-molding-capabilities\/selection-des-materiaux\/\">Plus de r\u00e9sines pour le micro-moulage&gt;<\/a><\/li><\/ul>\n\n\n\n<h2 class=\"wp-block-heading\" id=\"h-exemples-de-micro-moulage-pour-des-dispositifs-medicaux\">Exemples de micro moulage pour des&nbsp;dispositifs m\u00e9dicaux<\/h2>\n\n\n\n<p>Bien que les exemples de micro moulage pour des dispositifs m\u00e9dicaux &nbsp;soient nombreux, certains exemples courants sont:<\/p>\n\n\n\n<ul class=\"wp-block-list\"><li>Connecteurs de batterie moul\u00e9s par insertion pour les dispositifs cardiaques implantables flexibles.<\/li><li>Embouts en polyur\u00e9thane \u00e0 paroi mince utilis\u00e9s dans les cordons de stimulateur cardiaque et de neurostimulateur.<\/li><li>R\u00e9seaux de micro-aiguilles pour l\u2019administration de m\u00e9dicaments et la biopsie tissulaire.<\/li><li>Pointes micro-optiques utilis\u00e9es dans les syst\u00e8mes d\u2019imagerie OCT de nouvelle g\u00e9n\u00e9ration.<\/li><li>Canules moul\u00e9es utilis\u00e9es en chirurgie ophtalmique<\/li><\/ul>\n\n\n\n<p><a href=\"https:\/\/www.accu-mold.com\/fr\/examples\/\">Exemples de micro moulage m\u00e9dical&gt;<\/a><\/p>\n\n\n\n<h2 class=\"wp-block-heading\" id=\"h-exemples-de-micro-moulage-pour-des-dispositifs-medicaux-aux-cotes-d-autres-pieces\">Exemples de micro moulage pour des&nbsp;dispositifs m\u00e9dicaux aux c\u00f4t\u00e9s d\u2019autres pi\u00e8ces<\/h2>\n\n\n\n<p>La plus grande id\u00e9e fausse sur le micro-moulage est l\u2019hypoth\u00e8se qu\u2019il s\u2019agit simplement d\u2019une version plus petite du moulage par injection. Le processus est compl\u00e8tement diff\u00e9rent, c\u2019est pourquoi de nombreuses soci\u00e9t\u00e9s sp\u00e9cialis\u00e9es dans le moulage par injection ont du mal \u00e0 entrer dans le vrai micro moulage avec des tol\u00e9rances au micron.<\/p>\n\n\n\n<figure class=\"wp-block-image\"><a href=\"https:\/\/www.accu-mold.com\/wp-content\/uploads\/2020\/09\/capabilities1-1.jpg\"><img decoding=\"async\" src=\"https:\/\/www.accu-mold.com\/wp-content\/uploads\/2020\/09\/capabilities1-1.jpg\" alt=\"medical micro molding alongside other parts\"\/><\/a><\/figure>\n\n\n\n<p>Nous avons une tr\u00e8s grande \u00e9quipe avec des d\u00e9cennies d\u2019exp\u00e9rience dans le moulage de pi\u00e8ces microscopiques complexes. Tous nos outils et automatisations sont con\u00e7us, construits et entretenus en interne 24h \/ 24 et 7j \/ 7 et nos ing\u00e9nieurs DFM sont pr\u00eats \u00e0 vous aider, m\u00eame sur votre composant de micro moulage le plus complexe.<\/p>\n\n\n\n<h2 class=\"wp-block-heading\" id=\"h-got-a-tricky-question\">\n\t\tGot A Tricky Question?\n\t<\/h2>\n\n\n\n<script charset=\"utf-8\" type=\"text\/javascript\" src=\"\/\/js.hsforms.net\/forms\/embed\/v2.js\"><\/script>\n<script>\n  hbspt.forms.create({\n    region: \"na1\",\n    portalId: \"20439115\",\n    formId: \"29d47960-cdd0-4f9e-936d-75f09d842b7f\"\n  });\n<\/script>\n","protected":false},"excerpt":{"rendered":"<p>Le micro-moulage m\u00e9dical est une niche hautement sp\u00e9cialis\u00e9e dans l\u2019industrie du moulage par injection plastique. Les dispositifs m\u00e9dicaux des principaux [&#8230;] <a class=\"more-link\" href=\"https:\/\/www.accu-mold.com\/fr\/micro-molding-capabilities\/classifications-de-moule\/micro-moulage-medicaux\/\">Read More<span class=\"screen-reader-text\">about Micro moulage pour des dispositifs m\u00e9dicaux<\/span><\/a><\/p>\n","protected":false},"author":5,"featured_media":0,"parent":5469,"menu_order":0,"comment_status":"closed","ping_status":"closed","template":"","meta":{"_acf_changed":false,"inline_featured_image":false,"_wd_proto_hide_page_title":false,"_wd_proto_page_body_class":"","_wd_proto_post_layout":"","footnotes":""},"class_list":["post-5470","page","type-page","status-publish","hentry"],"acf":[],"yoast_head":"<!-- This site is optimized with the Yoast SEO Premium plugin v27.3 (Yoast SEO v27.5) - https:\/\/yoast.com\/product\/yoast-seo-premium-wordpress\/ -->\n<title>Medical Micro Molding \u00bb Accumold, World Leaders in Micro Molding<\/title>\n<meta name=\"description\" content=\"Medical micro molding is a highly specialized niche in the plastic injection molding industry. Medical devices from leading OEMs depend on micro-injection molded components as technology drastically shrinks in size.\" \/>\n<meta name=\"robots\" content=\"index, follow, max-snippet:-1, max-image-preview:large, max-video-preview:-1\" \/>\n<link rel=\"canonical\" href=\"https:\/\/www.accu-mold.com\/fr\/micro-molding-capabilities\/classifications-de-moule\/micro-moulage-medicaux\/\" \/>\n<meta property=\"og:locale\" content=\"fr_FR\" \/>\n<meta property=\"og:type\" content=\"article\" \/>\n<meta property=\"og:title\" content=\"Micro moulage pour des dispositifs m\u00e9dicaux\" \/>\n<meta property=\"og:description\" content=\"Medical micro molding is a highly specialized niche in the plastic injection molding industry. Medical devices from leading OEMs depend on micro-injection molded components as technology drastically shrinks in size.\" \/>\n<meta property=\"og:url\" content=\"https:\/\/www.accu-mold.com\/fr\/micro-molding-capabilities\/classifications-de-moule\/micro-moulage-medicaux\/\" \/>\n<meta property=\"og:site_name\" content=\"Accu-Mold\" \/>\n<meta property=\"article:modified_time\" content=\"2022-10-20T20:58:14+00:00\" \/>\n<meta property=\"og:image\" content=\"https:\/\/www.accu-mold.com\/wp-content\/uploads\/2021\/09\/micro-lenses-02.jpg\" \/>\n<meta name=\"twitter:card\" content=\"summary_large_image\" \/>\n<meta name=\"twitter:label1\" content=\"Est. reading time\" \/>\n\t<meta name=\"twitter:data1\" content=\"4 minutes\" \/>\n<script type=\"application\/ld+json\" class=\"yoast-schema-graph\">{\"@context\":\"https:\\\/\\\/schema.org\",\"@graph\":[{\"@type\":\"WebPage\",\"@id\":\"https:\\\/\\\/www.accu-mold.com\\\/fr\\\/micro-molding-capabilities\\\/classifications-de-moule\\\/micro-moulage-medicaux\\\/\",\"url\":\"https:\\\/\\\/www.accu-mold.com\\\/fr\\\/micro-molding-capabilities\\\/classifications-de-moule\\\/micro-moulage-medicaux\\\/\",\"name\":\"Medical Micro Molding \u00bb Accumold, World Leaders in Micro Molding\",\"isPartOf\":{\"@id\":\"https:\\\/\\\/www.accu-mold.com\\\/#website\"},\"primaryImageOfPage\":{\"@id\":\"https:\\\/\\\/www.accu-mold.com\\\/fr\\\/micro-molding-capabilities\\\/classifications-de-moule\\\/micro-moulage-medicaux\\\/#primaryimage\"},\"image\":{\"@id\":\"https:\\\/\\\/www.accu-mold.com\\\/fr\\\/micro-molding-capabilities\\\/classifications-de-moule\\\/micro-moulage-medicaux\\\/#primaryimage\"},\"thumbnailUrl\":\"https:\\\/\\\/www.accu-mold.com\\\/wp-content\\\/uploads\\\/2021\\\/09\\\/micro-lenses-02.jpg\",\"datePublished\":\"2020-09-16T12:13:31+00:00\",\"dateModified\":\"2022-10-20T20:58:14+00:00\",\"description\":\"Medical micro molding is a highly specialized niche in the plastic injection molding industry. Medical devices from leading OEMs depend on micro-injection molded components as technology drastically shrinks in size.\",\"breadcrumb\":{\"@id\":\"https:\\\/\\\/www.accu-mold.com\\\/fr\\\/micro-molding-capabilities\\\/classifications-de-moule\\\/micro-moulage-medicaux\\\/#breadcrumb\"},\"inLanguage\":\"fr-FR\",\"potentialAction\":[{\"@type\":\"ReadAction\",\"target\":[\"https:\\\/\\\/www.accu-mold.com\\\/fr\\\/micro-molding-capabilities\\\/classifications-de-moule\\\/micro-moulage-medicaux\\\/\"]}]},{\"@type\":\"ImageObject\",\"inLanguage\":\"fr-FR\",\"@id\":\"https:\\\/\\\/www.accu-mold.com\\\/fr\\\/micro-molding-capabilities\\\/classifications-de-moule\\\/micro-moulage-medicaux\\\/#primaryimage\",\"url\":\"https:\\\/\\\/www.accu-mold.com\\\/wp-content\\\/uploads\\\/2021\\\/09\\\/micro-lenses-02.jpg\",\"contentUrl\":\"https:\\\/\\\/www.accu-mold.com\\\/wp-content\\\/uploads\\\/2021\\\/09\\\/micro-lenses-02.jpg\"},{\"@type\":\"BreadcrumbList\",\"@id\":\"https:\\\/\\\/www.accu-mold.com\\\/fr\\\/micro-molding-capabilities\\\/classifications-de-moule\\\/micro-moulage-medicaux\\\/#breadcrumb\",\"itemListElement\":[{\"@type\":\"ListItem\",\"position\":1,\"name\":\"Exceptional capabilities backed by exceptional people\",\"item\":\"https:\\\/\\\/www.accu-mold.com\\\/fr\\\/\"},{\"@type\":\"ListItem\",\"position\":2,\"name\":\"Micro Molding Capabilities\",\"item\":\"https:\\\/\\\/www.accu-mold.com\\\/fr\\\/micro-molding-capabilities\\\/\"},{\"@type\":\"ListItem\",\"position\":3,\"name\":\"Classifications de Moule\",\"item\":\"https:\\\/\\\/www.accu-mold.com\\\/fr\\\/micro-molding-capabilities\\\/classifications-de-moule\\\/\"},{\"@type\":\"ListItem\",\"position\":4,\"name\":\"Micro moulage pour des dispositifs m\u00e9dicaux\"}]},{\"@type\":\"WebSite\",\"@id\":\"https:\\\/\\\/www.accu-mold.com\\\/#website\",\"url\":\"https:\\\/\\\/www.accu-mold.com\\\/\",\"name\":\"Accu-Mold\",\"description\":\"Your Micro Mold\u00ae Tooling &amp; Production Partners\",\"publisher\":{\"@id\":\"https:\\\/\\\/www.accu-mold.com\\\/#organization\"},\"potentialAction\":[{\"@type\":\"SearchAction\",\"target\":{\"@type\":\"EntryPoint\",\"urlTemplate\":\"https:\\\/\\\/www.accu-mold.com\\\/?s={search_term_string}\"},\"query-input\":{\"@type\":\"PropertyValueSpecification\",\"valueRequired\":true,\"valueName\":\"search_term_string\"}}],\"inLanguage\":\"fr-FR\"},{\"@type\":\"Organization\",\"@id\":\"https:\\\/\\\/www.accu-mold.com\\\/#organization\",\"name\":\"https:\\\/\\\/www.accu-mold.com\\\/careers\\\/current-openings\\\/\",\"url\":\"https:\\\/\\\/www.accu-mold.com\\\/\",\"logo\":{\"@type\":\"ImageObject\",\"inLanguage\":\"fr-FR\",\"@id\":\"https:\\\/\\\/www.accu-mold.com\\\/#\\\/schema\\\/logo\\\/image\\\/\",\"url\":\"https:\\\/\\\/www.accu-mold.com\\\/wp-content\\\/uploads\\\/2022\\\/03\\\/accumold-vector-logo.svg\",\"contentUrl\":\"https:\\\/\\\/www.accu-mold.com\\\/wp-content\\\/uploads\\\/2022\\\/03\\\/accumold-vector-logo.svg\",\"caption\":\"https:\\\/\\\/www.accu-mold.com\\\/careers\\\/current-openings\\\/\"},\"image\":{\"@id\":\"https:\\\/\\\/www.accu-mold.com\\\/#\\\/schema\\\/logo\\\/image\\\/\"}}]}<\/script>\n<!-- \/ Yoast SEO Premium plugin. -->","yoast_head_json":{"title":"Medical Micro Molding \u00bb Accumold, World Leaders in Micro Molding","description":"Medical micro molding is a highly specialized niche in the plastic injection molding industry. Medical devices from leading OEMs depend on micro-injection molded components as technology drastically shrinks in size.","robots":{"index":"index","follow":"follow","max-snippet":"max-snippet:-1","max-image-preview":"max-image-preview:large","max-video-preview":"max-video-preview:-1"},"canonical":"https:\/\/www.accu-mold.com\/fr\/micro-molding-capabilities\/classifications-de-moule\/micro-moulage-medicaux\/","og_locale":"fr_FR","og_type":"article","og_title":"Micro moulage pour des dispositifs m\u00e9dicaux","og_description":"Medical micro molding is a highly specialized niche in the plastic injection molding industry. Medical devices from leading OEMs depend on micro-injection molded components as technology drastically shrinks in size.","og_url":"https:\/\/www.accu-mold.com\/fr\/micro-molding-capabilities\/classifications-de-moule\/micro-moulage-medicaux\/","og_site_name":"Accu-Mold","article_modified_time":"2022-10-20T20:58:14+00:00","og_image":[{"url":"https:\/\/www.accu-mold.com\/wp-content\/uploads\/2021\/09\/micro-lenses-02.jpg","type":"","width":"","height":""}],"twitter_card":"summary_large_image","twitter_misc":{"Est. reading time":"4 minutes"},"schema":{"@context":"https:\/\/schema.org","@graph":[{"@type":"WebPage","@id":"https:\/\/www.accu-mold.com\/fr\/micro-molding-capabilities\/classifications-de-moule\/micro-moulage-medicaux\/","url":"https:\/\/www.accu-mold.com\/fr\/micro-molding-capabilities\/classifications-de-moule\/micro-moulage-medicaux\/","name":"Medical Micro Molding \u00bb Accumold, World Leaders in Micro Molding","isPartOf":{"@id":"https:\/\/www.accu-mold.com\/#website"},"primaryImageOfPage":{"@id":"https:\/\/www.accu-mold.com\/fr\/micro-molding-capabilities\/classifications-de-moule\/micro-moulage-medicaux\/#primaryimage"},"image":{"@id":"https:\/\/www.accu-mold.com\/fr\/micro-molding-capabilities\/classifications-de-moule\/micro-moulage-medicaux\/#primaryimage"},"thumbnailUrl":"https:\/\/www.accu-mold.com\/wp-content\/uploads\/2021\/09\/micro-lenses-02.jpg","datePublished":"2020-09-16T12:13:31+00:00","dateModified":"2022-10-20T20:58:14+00:00","description":"Medical micro molding is a highly specialized niche in the plastic injection molding industry. Medical devices from leading OEMs depend on micro-injection molded components as technology drastically shrinks in size.","breadcrumb":{"@id":"https:\/\/www.accu-mold.com\/fr\/micro-molding-capabilities\/classifications-de-moule\/micro-moulage-medicaux\/#breadcrumb"},"inLanguage":"fr-FR","potentialAction":[{"@type":"ReadAction","target":["https:\/\/www.accu-mold.com\/fr\/micro-molding-capabilities\/classifications-de-moule\/micro-moulage-medicaux\/"]}]},{"@type":"ImageObject","inLanguage":"fr-FR","@id":"https:\/\/www.accu-mold.com\/fr\/micro-molding-capabilities\/classifications-de-moule\/micro-moulage-medicaux\/#primaryimage","url":"https:\/\/www.accu-mold.com\/wp-content\/uploads\/2021\/09\/micro-lenses-02.jpg","contentUrl":"https:\/\/www.accu-mold.com\/wp-content\/uploads\/2021\/09\/micro-lenses-02.jpg"},{"@type":"BreadcrumbList","@id":"https:\/\/www.accu-mold.com\/fr\/micro-molding-capabilities\/classifications-de-moule\/micro-moulage-medicaux\/#breadcrumb","itemListElement":[{"@type":"ListItem","position":1,"name":"Exceptional capabilities backed by exceptional people","item":"https:\/\/www.accu-mold.com\/fr\/"},{"@type":"ListItem","position":2,"name":"Micro Molding Capabilities","item":"https:\/\/www.accu-mold.com\/fr\/micro-molding-capabilities\/"},{"@type":"ListItem","position":3,"name":"Classifications de Moule","item":"https:\/\/www.accu-mold.com\/fr\/micro-molding-capabilities\/classifications-de-moule\/"},{"@type":"ListItem","position":4,"name":"Micro moulage pour des dispositifs m\u00e9dicaux"}]},{"@type":"WebSite","@id":"https:\/\/www.accu-mold.com\/#website","url":"https:\/\/www.accu-mold.com\/","name":"Accu-Mold","description":"Your Micro Mold\u00ae Tooling &amp; Production Partners","publisher":{"@id":"https:\/\/www.accu-mold.com\/#organization"},"potentialAction":[{"@type":"SearchAction","target":{"@type":"EntryPoint","urlTemplate":"https:\/\/www.accu-mold.com\/?s={search_term_string}"},"query-input":{"@type":"PropertyValueSpecification","valueRequired":true,"valueName":"search_term_string"}}],"inLanguage":"fr-FR"},{"@type":"Organization","@id":"https:\/\/www.accu-mold.com\/#organization","name":"https:\/\/www.accu-mold.com\/careers\/current-openings\/","url":"https:\/\/www.accu-mold.com\/","logo":{"@type":"ImageObject","inLanguage":"fr-FR","@id":"https:\/\/www.accu-mold.com\/#\/schema\/logo\/image\/","url":"https:\/\/www.accu-mold.com\/wp-content\/uploads\/2022\/03\/accumold-vector-logo.svg","contentUrl":"https:\/\/www.accu-mold.com\/wp-content\/uploads\/2022\/03\/accumold-vector-logo.svg","caption":"https:\/\/www.accu-mold.com\/careers\/current-openings\/"},"image":{"@id":"https:\/\/www.accu-mold.com\/#\/schema\/logo\/image\/"}}]}},"_links":{"self":[{"href":"https:\/\/www.accu-mold.com\/fr\/wp-json\/wp\/v2\/pages\/5470","targetHints":{"allow":["GET"]}}],"collection":[{"href":"https:\/\/www.accu-mold.com\/fr\/wp-json\/wp\/v2\/pages"}],"about":[{"href":"https:\/\/www.accu-mold.com\/fr\/wp-json\/wp\/v2\/types\/page"}],"author":[{"embeddable":true,"href":"https:\/\/www.accu-mold.com\/fr\/wp-json\/wp\/v2\/users\/5"}],"replies":[{"embeddable":true,"href":"https:\/\/www.accu-mold.com\/fr\/wp-json\/wp\/v2\/comments?post=5470"}],"version-history":[{"count":9,"href":"https:\/\/www.accu-mold.com\/fr\/wp-json\/wp\/v2\/pages\/5470\/revisions"}],"predecessor-version":[{"id":19181,"href":"https:\/\/www.accu-mold.com\/fr\/wp-json\/wp\/v2\/pages\/5470\/revisions\/19181"}],"up":[{"embeddable":true,"href":"https:\/\/www.accu-mold.com\/fr\/wp-json\/wp\/v2\/pages\/5469"}],"wp:attachment":[{"href":"https:\/\/www.accu-mold.com\/fr\/wp-json\/wp\/v2\/media?parent=5470"}],"curies":[{"name":"wp","href":"https:\/\/api.w.org\/{rel}","templated":true}]}}