{"id":5468,"date":"2020-09-16T12:06:00","date_gmt":"2020-09-16T12:06:00","guid":{"rendered":"http:\/\/accumold51932.ewaycorphosting.com\/micro-molding-capabilities\/capacites-specialisees\/"},"modified":"2022-08-01T13:08:09","modified_gmt":"2022-08-01T13:08:09","slug":"capacites-specialisees","status":"publish","type":"page","link":"https:\/\/www.accu-mold.com\/fr\/micro-molding-capabilities\/capacites-specialisees\/","title":{"rendered":"Capacit\u00e9s Sp\u00e9cialis\u00e9es"},"content":{"rendered":"\n<div class=\"wp-block-cover alignfull page-header has-custom-inner-width\" style=\"min-height:316px;--inner-container-width:1400px;aspect-ratio:unset;\"><span aria-hidden=\"true\" class=\"wp-block-cover__background has-primary-background-color has-background-dim-80 has-background-dim\"><\/span><img decoding=\"async\" class=\"wp-block-cover__image-background wp-image-16596\" alt=\"micro lens examples\" src=\"https:\/\/www.accu-mold.com\/wp-content\/uploads\/2021\/09\/micro-lenses-02.jpg\" data-object-fit=\"cover\"\/><div class=\"wp-block-cover__inner-container is-layout-flow wp-block-cover-is-layout-flow\">\n<h1 class=\"wp-block-heading\" style=\"font-size:64px\">Capacit\u00e9s Sp\u00e9cialis\u00e9es<\/h1>\n<\/div><\/div>\n\n\n\n<div style=\"height:60px\" aria-hidden=\"true\" class=\"wp-block-spacer\"><\/div>\n\n\n\n<p>Tous les moules ne sont pas simples. Les capacit\u00e9s d\u2019Accumold sont en constante expansion et en am\u00e9lioration car nos clients ne cessent de d\u00e9velopper de nouvelles technologies. De la m\u00eame mani\u00e8re que nos clients nous poussent quotidiennement, nous approfondissons leur compr\u00e9hension de ce que le plastique peut faire m\u00eame avec une g\u00e9om\u00e9trie de pi\u00e8ce extr\u00eamement petite. Notre micro-moulage de sp\u00e9cialit\u00e9 continue de d\u00e9finir ce que \u201cpossible\u201d signifiera demain.<\/p>\n\n\n\n<div style=\"height:50px\" aria-hidden=\"true\" class=\"wp-block-spacer\"><\/div>\n\n\n\n<div class=\"wp-block-columns alignwide col-large-2 col-medium-2 col-small-1 is-layout-flex wp-container-core-columns-is-layout-9d6595d7 wp-block-columns-is-layout-flex\">\n<div class=\"wp-block-column is-layout-flow wp-block-column-is-layout-flow\" style=\"flex-basis:33.33%\"><div class=\"wp-block-image\">\n<figure class=\"aligncenter\"><img decoding=\"async\" src=\"https:\/\/www.accu-mold.com\/wp-content\/uploads\/2020\/09\/micro-structure-enhancements-1.jpg\" alt=\"micro-structure-enhancements\" title=\"micro-structure-enhancements\"\/><\/figure>\n<\/div><\/div>\n\n\n\n<div class=\"wp-block-column is-layout-flow wp-block-column-is-layout-flow\" style=\"flex-basis:66.66%\">\n<h2 class=\"wp-block-heading\">Moulage des Micro-Structures<\/h2>\n\n\n\n<p>Accumold combine des pi\u00e8ces de petite taille et de taille r\u00e9duite avec la possibilit\u00e9 de mouler des micro-structures \u00e0 la surface de la pi\u00e8ce. Ces caract\u00e9ristiques peuvent mesurer une taille inf\u00e9rieure \u00e0 un micron et sont utilis\u00e9es dans une grande vari\u00e9t\u00e9 d\u2019applications telles que l\u2019optique de diffraction, la micro-fluidit\u00e9 ou les micro-lentilles.<\/p>\n<\/div>\n<\/div>\n\n\n\n<div style=\"height:50px\" aria-hidden=\"true\" class=\"wp-block-spacer\"><\/div>\n\n\n\n<div class=\"wp-block-columns alignwide col-large-2 col-medium-2 col-small-1 is-layout-flex wp-container-core-columns-is-layout-9d6595d7 wp-block-columns-is-layout-flex\">\n<div class=\"wp-block-column is-layout-flow wp-block-column-is-layout-flow\" style=\"flex-basis:33.33%\"><div class=\"wp-block-image\">\n<figure class=\"aligncenter\"><img decoding=\"async\" src=\"https:\/\/www.accu-mold.com\/wp-content\/uploads\/2020\/09\/micro-two-component-molding.jpg\" alt=\"micro-two-component-molding\" title=\"micro-two-component-molding\"\/><\/figure>\n<\/div><\/div>\n\n\n\n<div class=\"wp-block-column is-layout-flow wp-block-column-is-layout-flow\" style=\"flex-basis:66.66%\">\n<h2 class=\"wp-block-heading\">Micro-moulage \u00e0 double injections<\/h2>\n\n\n\n<p>Dans le micro-moulage, deux mati\u00e8res plastiques diff\u00e9rentes sont fusionn\u00e9es en une seule op\u00e9ration. Nos clients utilisent ce type de processus de micro-moulage pour r\u00e9duire la quantit\u00e9 de travail n\u00e9cessaire, cr\u00e9er une configuration de pi\u00e8ce plus robuste ou augmenter les \u00e9conomies de co\u00fbts. Ce processus est \u00e9galement capable de g\u00e9rer d\u2019autres applications, telles que les applications cosm\u00e9tiques ou tactiles.<\/p>\n<\/div>\n<\/div>\n\n\n\n<div style=\"height:50px\" aria-hidden=\"true\" class=\"wp-block-spacer\"><\/div>\n\n\n\n<div class=\"wp-block-columns alignwide col-large-2 col-medium-2 col-small-1 is-layout-flex wp-container-core-columns-is-layout-9d6595d7 wp-block-columns-is-layout-flex\">\n<div class=\"wp-block-column is-layout-flow wp-block-column-is-layout-flow\" style=\"flex-basis:33.33%\"><div class=\"wp-block-image\">\n<figure class=\"aligncenter\"><img decoding=\"async\" src=\"https:\/\/www.accu-mold.com\/wp-content\/uploads\/2020\/09\/accumold-glass-overmolding.jpg\" alt=\"accumold-glass-overmolding\" title=\"accumold-glass-overmolding\"\/><\/figure>\n<\/div><\/div>\n\n\n\n<div class=\"wp-block-column is-layout-flow wp-block-column-is-layout-flow\" style=\"flex-basis:66.66%\">\n<h2 class=\"wp-block-heading\">Insert de micro moulage sp\u00e9cialis\u00e9<\/h2>\n\n\n\n<p>Le micro-moulage par insertion encapsule une grande vari\u00e9t\u00e9 de mat\u00e9riaux tels que le m\u00e9tal, le verre, les tissus, les circuits flexibles et autres supports d\u00e9licats. Ces pi\u00e8ces, similaires \u00e0 celles cr\u00e9\u00e9es avec le moulage \u00e0 double injection, r\u00e9duisent non seulement la manipulation et l\u2019assemblage, mais peuvent \u00e9galement r\u00e9soudre des probl\u00e8mes critiques de fabrication.<\/p>\n<\/div>\n<\/div>\n\n\n\n<div style=\"height:50px\" aria-hidden=\"true\" class=\"wp-block-spacer\"><\/div>\n\n\n\n<div class=\"wp-block-columns alignwide col-large-2 col-medium-2 col-small-1 is-layout-flex wp-container-core-columns-is-layout-9d6595d7 wp-block-columns-is-layout-flex\">\n<div class=\"wp-block-column is-layout-flow wp-block-column-is-layout-flow\" style=\"flex-basis:33.33%\"><div class=\"wp-block-image\">\n<figure class=\"aligncenter\"><img decoding=\"async\" src=\"https:\/\/www.accu-mold.com\/wp-content\/uploads\/2020\/09\/specialty-processes.jpg\" alt=\"specialty-processes\" title=\"specialty-processes\"\/><\/figure>\n<\/div><\/div>\n\n\n\n<div class=\"wp-block-column is-layout-flow wp-block-column-is-layout-flow\" style=\"flex-basis:66.66%\">\n<h2 class=\"wp-block-heading\">Structuration directe au laser (LDS) \/ 3D-MID<\/h2>\n\n\n\n<p>Un proc\u00e9d\u00e9 compl\u00e9mentaire au micro-moulage de sp\u00e9cialit\u00e9 est la structuration directe au laser ou souvent appel\u00e9e 3D-MID. Ce proc\u00e9d\u00e9 de placage s\u00e9lectif s\u2019adapte parfaitement \u00e0 la technologie Micro Mold\u00ae d\u2019Accumold. Renseignez-vous sur le partenariat avec Accumold pour votre micro-moulage faisant partie de ce processus.<\/p>\n<\/div>\n<\/div>\n","protected":false},"excerpt":{"rendered":"<p>Tous les moules ne sont pas simples. Les capacit\u00e9s d\u2019Accumold sont en constante expansion et en am\u00e9lioration car nos clients [&#8230;] <a class=\"more-link\" href=\"https:\/\/www.accu-mold.com\/fr\/micro-molding-capabilities\/capacites-specialisees\/\">Read More<span class=\"screen-reader-text\">about Capacit\u00e9s Sp\u00e9cialis\u00e9es<\/span><\/a><\/p>\n","protected":false},"author":5,"featured_media":0,"parent":5467,"menu_order":0,"comment_status":"closed","ping_status":"closed","template":"","meta":{"_acf_changed":false,"inline_featured_image":false,"_wd_proto_hide_page_title":false,"_wd_proto_page_body_class":"","_wd_proto_post_layout":"","footnotes":""},"class_list":["post-5468","page","type-page","status-publish","hentry"],"acf":[],"yoast_head":"<!-- This site is optimized with the Yoast SEO Premium plugin v27.3 (Yoast SEO v27.4) - https:\/\/yoast.com\/product\/yoast-seo-premium-wordpress\/ -->\n<title>Capacit\u00e9s Sp\u00e9cialis\u00e9es - Accu-Mold<\/title>\n<meta name=\"robots\" content=\"index, follow, max-snippet:-1, max-image-preview:large, max-video-preview:-1\" \/>\n<link rel=\"canonical\" href=\"https:\/\/www.accu-mold.com\/fr\/micro-molding-capabilities\/capacites-specialisees\/\" \/>\n<meta property=\"og:locale\" content=\"fr_FR\" \/>\n<meta property=\"og:type\" content=\"article\" \/>\n<meta property=\"og:title\" content=\"Capacit\u00e9s Sp\u00e9cialis\u00e9es\" \/>\n<meta property=\"og:description\" content=\"Tous les moules ne sont pas simples. Les capacit\u00e9s d\u2019Accumold sont en constante expansion et en am\u00e9lioration car nos clients [...] Read Moreabout Capacit\u00e9s Sp\u00e9cialis\u00e9es\" \/>\n<meta property=\"og:url\" content=\"https:\/\/www.accu-mold.com\/fr\/micro-molding-capabilities\/capacites-specialisees\/\" \/>\n<meta property=\"og:site_name\" content=\"Accu-Mold\" \/>\n<meta property=\"article:modified_time\" content=\"2022-08-01T13:08:09+00:00\" \/>\n<meta property=\"og:image\" content=\"https:\/\/www.accu-mold.com\/wp-content\/uploads\/2021\/09\/micro-lenses-02.jpg\" \/>\n<meta name=\"twitter:card\" content=\"summary_large_image\" \/>\n<meta name=\"twitter:label1\" content=\"Est. reading time\" \/>\n\t<meta name=\"twitter:data1\" content=\"2 minutes\" \/>\n<script type=\"application\/ld+json\" class=\"yoast-schema-graph\">{\"@context\":\"https:\\\/\\\/schema.org\",\"@graph\":[{\"@type\":\"WebPage\",\"@id\":\"https:\\\/\\\/www.accu-mold.com\\\/fr\\\/micro-molding-capabilities\\\/capacites-specialisees\\\/\",\"url\":\"https:\\\/\\\/www.accu-mold.com\\\/fr\\\/micro-molding-capabilities\\\/capacites-specialisees\\\/\",\"name\":\"Capacit\u00e9s Sp\u00e9cialis\u00e9es - Accu-Mold\",\"isPartOf\":{\"@id\":\"https:\\\/\\\/www.accu-mold.com\\\/#website\"},\"primaryImageOfPage\":{\"@id\":\"https:\\\/\\\/www.accu-mold.com\\\/fr\\\/micro-molding-capabilities\\\/capacites-specialisees\\\/#primaryimage\"},\"image\":{\"@id\":\"https:\\\/\\\/www.accu-mold.com\\\/fr\\\/micro-molding-capabilities\\\/capacites-specialisees\\\/#primaryimage\"},\"thumbnailUrl\":\"https:\\\/\\\/www.accu-mold.com\\\/wp-content\\\/uploads\\\/2021\\\/09\\\/micro-lenses-02.jpg\",\"datePublished\":\"2020-09-16T12:06:00+00:00\",\"dateModified\":\"2022-08-01T13:08:09+00:00\",\"breadcrumb\":{\"@id\":\"https:\\\/\\\/www.accu-mold.com\\\/fr\\\/micro-molding-capabilities\\\/capacites-specialisees\\\/#breadcrumb\"},\"inLanguage\":\"fr-FR\",\"potentialAction\":[{\"@type\":\"ReadAction\",\"target\":[\"https:\\\/\\\/www.accu-mold.com\\\/fr\\\/micro-molding-capabilities\\\/capacites-specialisees\\\/\"]}]},{\"@type\":\"ImageObject\",\"inLanguage\":\"fr-FR\",\"@id\":\"https:\\\/\\\/www.accu-mold.com\\\/fr\\\/micro-molding-capabilities\\\/capacites-specialisees\\\/#primaryimage\",\"url\":\"https:\\\/\\\/www.accu-mold.com\\\/wp-content\\\/uploads\\\/2021\\\/09\\\/micro-lenses-02.jpg\",\"contentUrl\":\"https:\\\/\\\/www.accu-mold.com\\\/wp-content\\\/uploads\\\/2021\\\/09\\\/micro-lenses-02.jpg\"},{\"@type\":\"BreadcrumbList\",\"@id\":\"https:\\\/\\\/www.accu-mold.com\\\/fr\\\/micro-molding-capabilities\\\/capacites-specialisees\\\/#breadcrumb\",\"itemListElement\":[{\"@type\":\"ListItem\",\"position\":1,\"name\":\"Exceptional capabilities backed by exceptional people\",\"item\":\"https:\\\/\\\/www.accu-mold.com\\\/fr\\\/\"},{\"@type\":\"ListItem\",\"position\":2,\"name\":\"Micro Molding Capabilities\",\"item\":\"https:\\\/\\\/www.accu-mold.com\\\/fr\\\/micro-molding-capabilities\\\/\"},{\"@type\":\"ListItem\",\"position\":3,\"name\":\"Capacit\u00e9s Sp\u00e9cialis\u00e9es\"}]},{\"@type\":\"WebSite\",\"@id\":\"https:\\\/\\\/www.accu-mold.com\\\/#website\",\"url\":\"https:\\\/\\\/www.accu-mold.com\\\/\",\"name\":\"Accu-Mold\",\"description\":\"Your Micro Mold\u00ae Tooling &amp; Production Partners\",\"publisher\":{\"@id\":\"https:\\\/\\\/www.accu-mold.com\\\/#organization\"},\"potentialAction\":[{\"@type\":\"SearchAction\",\"target\":{\"@type\":\"EntryPoint\",\"urlTemplate\":\"https:\\\/\\\/www.accu-mold.com\\\/?s={search_term_string}\"},\"query-input\":{\"@type\":\"PropertyValueSpecification\",\"valueRequired\":true,\"valueName\":\"search_term_string\"}}],\"inLanguage\":\"fr-FR\"},{\"@type\":\"Organization\",\"@id\":\"https:\\\/\\\/www.accu-mold.com\\\/#organization\",\"name\":\"https:\\\/\\\/www.accu-mold.com\\\/careers\\\/current-openings\\\/\",\"url\":\"https:\\\/\\\/www.accu-mold.com\\\/\",\"logo\":{\"@type\":\"ImageObject\",\"inLanguage\":\"fr-FR\",\"@id\":\"https:\\\/\\\/www.accu-mold.com\\\/#\\\/schema\\\/logo\\\/image\\\/\",\"url\":\"https:\\\/\\\/www.accu-mold.com\\\/wp-content\\\/uploads\\\/2022\\\/03\\\/accumold-vector-logo.svg\",\"contentUrl\":\"https:\\\/\\\/www.accu-mold.com\\\/wp-content\\\/uploads\\\/2022\\\/03\\\/accumold-vector-logo.svg\",\"caption\":\"https:\\\/\\\/www.accu-mold.com\\\/careers\\\/current-openings\\\/\"},\"image\":{\"@id\":\"https:\\\/\\\/www.accu-mold.com\\\/#\\\/schema\\\/logo\\\/image\\\/\"}}]}<\/script>\n<!-- \/ Yoast SEO Premium plugin. -->","yoast_head_json":{"title":"Capacit\u00e9s Sp\u00e9cialis\u00e9es - Accu-Mold","robots":{"index":"index","follow":"follow","max-snippet":"max-snippet:-1","max-image-preview":"max-image-preview:large","max-video-preview":"max-video-preview:-1"},"canonical":"https:\/\/www.accu-mold.com\/fr\/micro-molding-capabilities\/capacites-specialisees\/","og_locale":"fr_FR","og_type":"article","og_title":"Capacit\u00e9s Sp\u00e9cialis\u00e9es","og_description":"Tous les moules ne sont pas simples. Les capacit\u00e9s d\u2019Accumold sont en constante expansion et en am\u00e9lioration car nos clients [...] Read Moreabout Capacit\u00e9s Sp\u00e9cialis\u00e9es","og_url":"https:\/\/www.accu-mold.com\/fr\/micro-molding-capabilities\/capacites-specialisees\/","og_site_name":"Accu-Mold","article_modified_time":"2022-08-01T13:08:09+00:00","og_image":[{"url":"https:\/\/www.accu-mold.com\/wp-content\/uploads\/2021\/09\/micro-lenses-02.jpg","type":"","width":"","height":""}],"twitter_card":"summary_large_image","twitter_misc":{"Est. reading time":"2 minutes"},"schema":{"@context":"https:\/\/schema.org","@graph":[{"@type":"WebPage","@id":"https:\/\/www.accu-mold.com\/fr\/micro-molding-capabilities\/capacites-specialisees\/","url":"https:\/\/www.accu-mold.com\/fr\/micro-molding-capabilities\/capacites-specialisees\/","name":"Capacit\u00e9s Sp\u00e9cialis\u00e9es - Accu-Mold","isPartOf":{"@id":"https:\/\/www.accu-mold.com\/#website"},"primaryImageOfPage":{"@id":"https:\/\/www.accu-mold.com\/fr\/micro-molding-capabilities\/capacites-specialisees\/#primaryimage"},"image":{"@id":"https:\/\/www.accu-mold.com\/fr\/micro-molding-capabilities\/capacites-specialisees\/#primaryimage"},"thumbnailUrl":"https:\/\/www.accu-mold.com\/wp-content\/uploads\/2021\/09\/micro-lenses-02.jpg","datePublished":"2020-09-16T12:06:00+00:00","dateModified":"2022-08-01T13:08:09+00:00","breadcrumb":{"@id":"https:\/\/www.accu-mold.com\/fr\/micro-molding-capabilities\/capacites-specialisees\/#breadcrumb"},"inLanguage":"fr-FR","potentialAction":[{"@type":"ReadAction","target":["https:\/\/www.accu-mold.com\/fr\/micro-molding-capabilities\/capacites-specialisees\/"]}]},{"@type":"ImageObject","inLanguage":"fr-FR","@id":"https:\/\/www.accu-mold.com\/fr\/micro-molding-capabilities\/capacites-specialisees\/#primaryimage","url":"https:\/\/www.accu-mold.com\/wp-content\/uploads\/2021\/09\/micro-lenses-02.jpg","contentUrl":"https:\/\/www.accu-mold.com\/wp-content\/uploads\/2021\/09\/micro-lenses-02.jpg"},{"@type":"BreadcrumbList","@id":"https:\/\/www.accu-mold.com\/fr\/micro-molding-capabilities\/capacites-specialisees\/#breadcrumb","itemListElement":[{"@type":"ListItem","position":1,"name":"Exceptional capabilities backed by exceptional people","item":"https:\/\/www.accu-mold.com\/fr\/"},{"@type":"ListItem","position":2,"name":"Micro Molding Capabilities","item":"https:\/\/www.accu-mold.com\/fr\/micro-molding-capabilities\/"},{"@type":"ListItem","position":3,"name":"Capacit\u00e9s Sp\u00e9cialis\u00e9es"}]},{"@type":"WebSite","@id":"https:\/\/www.accu-mold.com\/#website","url":"https:\/\/www.accu-mold.com\/","name":"Accu-Mold","description":"Your Micro Mold\u00ae Tooling &amp; Production Partners","publisher":{"@id":"https:\/\/www.accu-mold.com\/#organization"},"potentialAction":[{"@type":"SearchAction","target":{"@type":"EntryPoint","urlTemplate":"https:\/\/www.accu-mold.com\/?s={search_term_string}"},"query-input":{"@type":"PropertyValueSpecification","valueRequired":true,"valueName":"search_term_string"}}],"inLanguage":"fr-FR"},{"@type":"Organization","@id":"https:\/\/www.accu-mold.com\/#organization","name":"https:\/\/www.accu-mold.com\/careers\/current-openings\/","url":"https:\/\/www.accu-mold.com\/","logo":{"@type":"ImageObject","inLanguage":"fr-FR","@id":"https:\/\/www.accu-mold.com\/#\/schema\/logo\/image\/","url":"https:\/\/www.accu-mold.com\/wp-content\/uploads\/2022\/03\/accumold-vector-logo.svg","contentUrl":"https:\/\/www.accu-mold.com\/wp-content\/uploads\/2022\/03\/accumold-vector-logo.svg","caption":"https:\/\/www.accu-mold.com\/careers\/current-openings\/"},"image":{"@id":"https:\/\/www.accu-mold.com\/#\/schema\/logo\/image\/"}}]}},"_links":{"self":[{"href":"https:\/\/www.accu-mold.com\/fr\/wp-json\/wp\/v2\/pages\/5468","targetHints":{"allow":["GET"]}}],"collection":[{"href":"https:\/\/www.accu-mold.com\/fr\/wp-json\/wp\/v2\/pages"}],"about":[{"href":"https:\/\/www.accu-mold.com\/fr\/wp-json\/wp\/v2\/types\/page"}],"author":[{"embeddable":true,"href":"https:\/\/www.accu-mold.com\/fr\/wp-json\/wp\/v2\/users\/5"}],"replies":[{"embeddable":true,"href":"https:\/\/www.accu-mold.com\/fr\/wp-json\/wp\/v2\/comments?post=5468"}],"version-history":[{"count":9,"href":"https:\/\/www.accu-mold.com\/fr\/wp-json\/wp\/v2\/pages\/5468\/revisions"}],"predecessor-version":[{"id":17983,"href":"https:\/\/www.accu-mold.com\/fr\/wp-json\/wp\/v2\/pages\/5468\/revisions\/17983"}],"up":[{"embeddable":true,"href":"https:\/\/www.accu-mold.com\/fr\/wp-json\/wp\/v2\/pages\/5467"}],"wp:attachment":[{"href":"https:\/\/www.accu-mold.com\/fr\/wp-json\/wp\/v2\/media?parent=5468"}],"curies":[{"name":"wp","href":"https:\/\/api.w.org\/{rel}","templated":true}]}}