{"id":5464,"date":"2020-09-16T11:49:43","date_gmt":"2020-09-16T11:49:43","guid":{"rendered":"http:\/\/accumold51932.ewaycorphosting.com\/about-us\/lhistoire-daccumold\/"},"modified":"2022-08-01T13:42:57","modified_gmt":"2022-08-01T13:42:57","slug":"lhistoire-daccumold","status":"publish","type":"page","link":"https:\/\/www.accu-mold.com\/fr\/about-us\/lhistoire-daccumold\/","title":{"rendered":"L\u2019histoire d\u2019Accumold"},"content":{"rendered":"\n<div class=\"wp-block-cover alignfull page-header has-custom-inner-width\" style=\"min-height:316px;--inner-container-width:1400px;aspect-ratio:unset;\"><span aria-hidden=\"true\" class=\"wp-block-cover__background has-primary-background-color has-background-dim-80 has-background-dim\"><\/span><img decoding=\"async\" class=\"wp-block-cover__image-background wp-image-16596\" alt=\"micro lens examples\" src=\"https:\/\/www.accu-mold.com\/wp-content\/uploads\/2021\/09\/micro-lenses-02.jpg\" data-object-fit=\"cover\"\/><div class=\"wp-block-cover__inner-container is-layout-flow wp-block-cover-is-layout-flow\">\n<h1 class=\"wp-block-heading\" style=\"font-size:64px\">L\u2019histoire d\u2019Accumold<\/h1>\n<\/div><\/div>\n\n\n\n<div style=\"height:60px\" aria-hidden=\"true\" class=\"wp-block-spacer\"><\/div>\n\n\n\n<div class=\"wp-block-columns alignwide is-layout-flex wp-container-core-columns-is-layout-9d6595d7 wp-block-columns-is-layout-flex\">\n<div class=\"wp-block-column is-layout-flow wp-block-column-is-layout-flow\" style=\"flex-basis:66.66%\">\n<h2 class=\"wp-block-heading\">D\u00e9di\u00e9 au micro depuis 1985<a href=\"https:\/\/www.accu-mold.com\/wp-content\/uploads\/2020\/09\/accumold-circa-1985-300x210-1.jpg\"><\/a><\/h2>\n\n\n\n<p>Comme beaucoup de start-ups, Accumold a commenc\u00e9 ses activit\u00e9s dans un garage lou\u00e9. Nos fondateurs ont d\u00e9couvert qu\u2019il \u00e9tait de plus en plus n\u00e9cessaire de fabriquer des composants moul\u00e9s de petite taille en micro-injection qui allaient bien au-del\u00e0 des syst\u00e8mes de moulage disponibles \u00e0 l\u2019\u00e9poque. Cette d\u00e9couverte a conduit \u00e0 l\u2019invention de notre premi\u00e8re plate-forme Micro-Mold\u00ae en 1985.<\/p>\n\n\n\n<p>Depuis ces d\u00e9buts, nous sommes rest\u00e9s concentr\u00e9s sur l\u2019art et la science du moulage par micro-injection. En fait, Accumold est la seule entreprise \u00e0 se consacrer de mani\u00e8re continue au micromoulage depuis plus de 30 ans. Nous restons d\u00e9termin\u00e9s \u00e0 servir les industries de haute technologie qui exigent des pi\u00e8ces moul\u00e9es par micro-injection complexes et de haute qualit\u00e9 \u00e0 gros volume.<\/p>\n<\/div>\n\n\n\n<div class=\"wp-block-column is-layout-flow wp-block-column-is-layout-flow\" style=\"flex-basis:33.33%\">\n<figure class=\"wp-block-image\"><img decoding=\"async\" src=\"https:\/\/www.accu-mold.com\/wp-content\/uploads\/2021\/10\/accumold-circa-1985-300x210-1.jpg\" alt=\"Early micro mold components next to a penny\" title=\"accumold-circa-1985-300x210-1\"\/><figcaption>Accumold micro-moulage depuis 1985.<\/figcaption><\/figure>\n\n\n\n<p><\/p>\n<\/div>\n<\/div>\n\n\n\n<div class=\"wp-block-columns alignwide is-layout-flex wp-container-core-columns-is-layout-9d6595d7 wp-block-columns-is-layout-flex\">\n<div class=\"wp-block-column is-layout-flow wp-block-column-is-layout-flow\" style=\"flex-basis:66.66%\">\n<h2 class=\"wp-block-heading\">Notre expertise pour produire vos pi\u00e8ces les plus complexes<\/h2>\n\n\n\n<p>Certaines grandes entreprises de moulage par injection ach\u00e8tent des machines de moulage pour des pi\u00e8ces plus petites et pr\u00e9tendent ensuite \u00eatre sp\u00e9cialiste de micro-moulage. Mais une machine seule ne fournira pas la pr\u00e9cision requise pour vos pi\u00e8ces.<\/p>\n\n\n\n<p>Une compr\u00e9hension de la physique, de la science des mat\u00e9riaux et de la fragilit\u00e9 lors de la fabrication en micromoulage est tout aussi importante que les machines et l\u2019instrumentation.<\/p>\n\n\n\n<p>Accumold est un expert du micro-moulage depuis plus de trois d\u00e9cennies \u2013 et bon nombre de nos professionnels sont avec nous depuis le d\u00e9but de leur carri\u00e8re. Nous continuons \u00e0 enrichir notre base de connaissances avec les techniciens les plus brillants et les plus comp\u00e9tents du secteur. Nous entretenons une relation de longue date avec le DMACC (Des Moines Area Community College), qui offre l\u2019un des meilleurs programmes de formation et d\u2019apprentissage pour les outilleurs des \u00c9tats-Unis. De nombreux dipl\u00f4m\u00e9s du DMACC apportent leurs talents directement \u00e0 Accumold.<\/p>\n\n\n\n<p>En savoir plus sur notre programme&nbsp;<a href=\"http:\/\/www.accumoldscholars.com\/\" target=\"_blank\" rel=\"noreferrer noopener\">Accumold Scholars<\/a>&nbsp;en partenariat avec l\u2019\u00c9tat de l\u2019Iowa et le DMACC.<\/p>\n<\/div>\n\n\n\n<div class=\"wp-block-column is-layout-flow wp-block-column-is-layout-flow\" style=\"flex-basis:33.33%\">\n<figure class=\"wp-block-image\"><img decoding=\"async\" src=\"https:\/\/www.accu-mold.com\/wp-content\/uploads\/2021\/04\/tool-room.jpg\" alt=\"Accumold engineer inspects a mold in the tool room\" title=\"Accumold engineer inspects a mold in the tool room\"\/><figcaption>Accumold est l\u2019expert dans la<br>fabrication d\u2019outillage<\/figcaption><\/figure>\n<\/div>\n<\/div>\n\n\n\n<h2 class=\"alignwide wp-block-heading\">\n\t\tMarkets Served\n\t<\/h2>\n\n\n\n<ul class=\"wp-block-list\"><li>Micro \u00c9lectronique<\/li><li>\u00c9lectronique automobile<\/li><li>Fibre \/ Micro-Optique<\/li><li>M\u00e9dical<\/li><li>Technologies \u00c9mergentes<\/li><\/ul>\n","protected":false},"excerpt":{"rendered":"<p>D\u00e9di\u00e9 au micro depuis 1985 Comme beaucoup de start-ups, Accumold a commenc\u00e9 ses activit\u00e9s dans un garage lou\u00e9. Nos fondateurs [&#8230;] <a class=\"more-link\" href=\"https:\/\/www.accu-mold.com\/fr\/about-us\/lhistoire-daccumold\/\">Read More<span class=\"screen-reader-text\">about L\u2019histoire d\u2019Accumold<\/span><\/a><\/p>\n","protected":false},"author":5,"featured_media":0,"parent":5249,"menu_order":0,"comment_status":"closed","ping_status":"closed","template":"","meta":{"_acf_changed":false,"inline_featured_image":false,"_wd_proto_hide_page_title":false,"_wd_proto_page_body_class":"","_wd_proto_post_layout":"","footnotes":""},"class_list":["post-5464","page","type-page","status-publish","hentry"],"acf":[],"yoast_head":"<!-- This site is optimized with the Yoast SEO Premium plugin v27.3 (Yoast SEO v27.5) - https:\/\/yoast.com\/product\/yoast-seo-premium-wordpress\/ -->\n<title>L\u2019histoire d\u2019Accumold - Accu-Mold<\/title>\n<meta name=\"robots\" content=\"index, follow, max-snippet:-1, max-image-preview:large, max-video-preview:-1\" \/>\n<link rel=\"canonical\" href=\"https:\/\/www.accu-mold.com\/fr\/about-us\/lhistoire-daccumold\/\" \/>\n<meta property=\"og:locale\" content=\"fr_FR\" \/>\n<meta property=\"og:type\" content=\"article\" \/>\n<meta property=\"og:title\" content=\"L\u2019histoire d\u2019Accumold\" \/>\n<meta property=\"og:description\" content=\"D\u00e9di\u00e9 au micro depuis 1985 Comme beaucoup de start-ups, Accumold a commenc\u00e9 ses activit\u00e9s dans un garage lou\u00e9. Nos fondateurs [...] Read Moreabout L\u2019histoire d\u2019Accumold\" \/>\n<meta property=\"og:url\" content=\"https:\/\/www.accu-mold.com\/fr\/about-us\/lhistoire-daccumold\/\" \/>\n<meta property=\"og:site_name\" content=\"Accu-Mold\" \/>\n<meta property=\"article:modified_time\" content=\"2022-08-01T13:42:57+00:00\" \/>\n<meta property=\"og:image\" content=\"https:\/\/www.accu-mold.com\/wp-content\/uploads\/2021\/09\/micro-lenses-02.jpg\" \/>\n<meta name=\"twitter:card\" content=\"summary_large_image\" \/>\n<meta name=\"twitter:label1\" content=\"Est. reading time\" \/>\n\t<meta name=\"twitter:data1\" content=\"2 minutes\" \/>\n<script type=\"application\/ld+json\" class=\"yoast-schema-graph\">{\"@context\":\"https:\\\/\\\/schema.org\",\"@graph\":[{\"@type\":\"WebPage\",\"@id\":\"https:\\\/\\\/www.accu-mold.com\\\/fr\\\/about-us\\\/lhistoire-daccumold\\\/\",\"url\":\"https:\\\/\\\/www.accu-mold.com\\\/fr\\\/about-us\\\/lhistoire-daccumold\\\/\",\"name\":\"L\u2019histoire d\u2019Accumold - Accu-Mold\",\"isPartOf\":{\"@id\":\"https:\\\/\\\/www.accu-mold.com\\\/#website\"},\"primaryImageOfPage\":{\"@id\":\"https:\\\/\\\/www.accu-mold.com\\\/fr\\\/about-us\\\/lhistoire-daccumold\\\/#primaryimage\"},\"image\":{\"@id\":\"https:\\\/\\\/www.accu-mold.com\\\/fr\\\/about-us\\\/lhistoire-daccumold\\\/#primaryimage\"},\"thumbnailUrl\":\"https:\\\/\\\/www.accu-mold.com\\\/wp-content\\\/uploads\\\/2021\\\/09\\\/micro-lenses-02.jpg\",\"datePublished\":\"2020-09-16T11:49:43+00:00\",\"dateModified\":\"2022-08-01T13:42:57+00:00\",\"breadcrumb\":{\"@id\":\"https:\\\/\\\/www.accu-mold.com\\\/fr\\\/about-us\\\/lhistoire-daccumold\\\/#breadcrumb\"},\"inLanguage\":\"fr-FR\",\"potentialAction\":[{\"@type\":\"ReadAction\",\"target\":[\"https:\\\/\\\/www.accu-mold.com\\\/fr\\\/about-us\\\/lhistoire-daccumold\\\/\"]}]},{\"@type\":\"ImageObject\",\"inLanguage\":\"fr-FR\",\"@id\":\"https:\\\/\\\/www.accu-mold.com\\\/fr\\\/about-us\\\/lhistoire-daccumold\\\/#primaryimage\",\"url\":\"https:\\\/\\\/www.accu-mold.com\\\/wp-content\\\/uploads\\\/2021\\\/09\\\/micro-lenses-02.jpg\",\"contentUrl\":\"https:\\\/\\\/www.accu-mold.com\\\/wp-content\\\/uploads\\\/2021\\\/09\\\/micro-lenses-02.jpg\"},{\"@type\":\"BreadcrumbList\",\"@id\":\"https:\\\/\\\/www.accu-mold.com\\\/fr\\\/about-us\\\/lhistoire-daccumold\\\/#breadcrumb\",\"itemListElement\":[{\"@type\":\"ListItem\",\"position\":1,\"name\":\"Exceptional capabilities backed by exceptional people\",\"item\":\"https:\\\/\\\/www.accu-mold.com\\\/fr\\\/\"},{\"@type\":\"ListItem\",\"position\":2,\"name\":\"About Us\",\"item\":\"https:\\\/\\\/www.accu-mold.com\\\/fr\\\/about-us\\\/\"},{\"@type\":\"ListItem\",\"position\":3,\"name\":\"L\u2019histoire d\u2019Accumold\"}]},{\"@type\":\"WebSite\",\"@id\":\"https:\\\/\\\/www.accu-mold.com\\\/#website\",\"url\":\"https:\\\/\\\/www.accu-mold.com\\\/\",\"name\":\"Accu-Mold\",\"description\":\"Your Micro Mold\u00ae Tooling &amp; Production Partners\",\"publisher\":{\"@id\":\"https:\\\/\\\/www.accu-mold.com\\\/#organization\"},\"potentialAction\":[{\"@type\":\"SearchAction\",\"target\":{\"@type\":\"EntryPoint\",\"urlTemplate\":\"https:\\\/\\\/www.accu-mold.com\\\/?s={search_term_string}\"},\"query-input\":{\"@type\":\"PropertyValueSpecification\",\"valueRequired\":true,\"valueName\":\"search_term_string\"}}],\"inLanguage\":\"fr-FR\"},{\"@type\":\"Organization\",\"@id\":\"https:\\\/\\\/www.accu-mold.com\\\/#organization\",\"name\":\"https:\\\/\\\/www.accu-mold.com\\\/careers\\\/current-openings\\\/\",\"url\":\"https:\\\/\\\/www.accu-mold.com\\\/\",\"logo\":{\"@type\":\"ImageObject\",\"inLanguage\":\"fr-FR\",\"@id\":\"https:\\\/\\\/www.accu-mold.com\\\/#\\\/schema\\\/logo\\\/image\\\/\",\"url\":\"https:\\\/\\\/www.accu-mold.com\\\/wp-content\\\/uploads\\\/2022\\\/03\\\/accumold-vector-logo.svg\",\"contentUrl\":\"https:\\\/\\\/www.accu-mold.com\\\/wp-content\\\/uploads\\\/2022\\\/03\\\/accumold-vector-logo.svg\",\"caption\":\"https:\\\/\\\/www.accu-mold.com\\\/careers\\\/current-openings\\\/\"},\"image\":{\"@id\":\"https:\\\/\\\/www.accu-mold.com\\\/#\\\/schema\\\/logo\\\/image\\\/\"}}]}<\/script>\n<!-- \/ Yoast SEO Premium plugin. -->","yoast_head_json":{"title":"L\u2019histoire d\u2019Accumold - Accu-Mold","robots":{"index":"index","follow":"follow","max-snippet":"max-snippet:-1","max-image-preview":"max-image-preview:large","max-video-preview":"max-video-preview:-1"},"canonical":"https:\/\/www.accu-mold.com\/fr\/about-us\/lhistoire-daccumold\/","og_locale":"fr_FR","og_type":"article","og_title":"L\u2019histoire d\u2019Accumold","og_description":"D\u00e9di\u00e9 au micro depuis 1985 Comme beaucoup de start-ups, Accumold a commenc\u00e9 ses activit\u00e9s dans un garage lou\u00e9. Nos fondateurs [...] Read Moreabout L\u2019histoire d\u2019Accumold","og_url":"https:\/\/www.accu-mold.com\/fr\/about-us\/lhistoire-daccumold\/","og_site_name":"Accu-Mold","article_modified_time":"2022-08-01T13:42:57+00:00","og_image":[{"url":"https:\/\/www.accu-mold.com\/wp-content\/uploads\/2021\/09\/micro-lenses-02.jpg","type":"","width":"","height":""}],"twitter_card":"summary_large_image","twitter_misc":{"Est. reading time":"2 minutes"},"schema":{"@context":"https:\/\/schema.org","@graph":[{"@type":"WebPage","@id":"https:\/\/www.accu-mold.com\/fr\/about-us\/lhistoire-daccumold\/","url":"https:\/\/www.accu-mold.com\/fr\/about-us\/lhistoire-daccumold\/","name":"L\u2019histoire d\u2019Accumold - Accu-Mold","isPartOf":{"@id":"https:\/\/www.accu-mold.com\/#website"},"primaryImageOfPage":{"@id":"https:\/\/www.accu-mold.com\/fr\/about-us\/lhistoire-daccumold\/#primaryimage"},"image":{"@id":"https:\/\/www.accu-mold.com\/fr\/about-us\/lhistoire-daccumold\/#primaryimage"},"thumbnailUrl":"https:\/\/www.accu-mold.com\/wp-content\/uploads\/2021\/09\/micro-lenses-02.jpg","datePublished":"2020-09-16T11:49:43+00:00","dateModified":"2022-08-01T13:42:57+00:00","breadcrumb":{"@id":"https:\/\/www.accu-mold.com\/fr\/about-us\/lhistoire-daccumold\/#breadcrumb"},"inLanguage":"fr-FR","potentialAction":[{"@type":"ReadAction","target":["https:\/\/www.accu-mold.com\/fr\/about-us\/lhistoire-daccumold\/"]}]},{"@type":"ImageObject","inLanguage":"fr-FR","@id":"https:\/\/www.accu-mold.com\/fr\/about-us\/lhistoire-daccumold\/#primaryimage","url":"https:\/\/www.accu-mold.com\/wp-content\/uploads\/2021\/09\/micro-lenses-02.jpg","contentUrl":"https:\/\/www.accu-mold.com\/wp-content\/uploads\/2021\/09\/micro-lenses-02.jpg"},{"@type":"BreadcrumbList","@id":"https:\/\/www.accu-mold.com\/fr\/about-us\/lhistoire-daccumold\/#breadcrumb","itemListElement":[{"@type":"ListItem","position":1,"name":"Exceptional capabilities backed by exceptional people","item":"https:\/\/www.accu-mold.com\/fr\/"},{"@type":"ListItem","position":2,"name":"About Us","item":"https:\/\/www.accu-mold.com\/fr\/about-us\/"},{"@type":"ListItem","position":3,"name":"L\u2019histoire d\u2019Accumold"}]},{"@type":"WebSite","@id":"https:\/\/www.accu-mold.com\/#website","url":"https:\/\/www.accu-mold.com\/","name":"Accu-Mold","description":"Your Micro Mold\u00ae Tooling &amp; Production Partners","publisher":{"@id":"https:\/\/www.accu-mold.com\/#organization"},"potentialAction":[{"@type":"SearchAction","target":{"@type":"EntryPoint","urlTemplate":"https:\/\/www.accu-mold.com\/?s={search_term_string}"},"query-input":{"@type":"PropertyValueSpecification","valueRequired":true,"valueName":"search_term_string"}}],"inLanguage":"fr-FR"},{"@type":"Organization","@id":"https:\/\/www.accu-mold.com\/#organization","name":"https:\/\/www.accu-mold.com\/careers\/current-openings\/","url":"https:\/\/www.accu-mold.com\/","logo":{"@type":"ImageObject","inLanguage":"fr-FR","@id":"https:\/\/www.accu-mold.com\/#\/schema\/logo\/image\/","url":"https:\/\/www.accu-mold.com\/wp-content\/uploads\/2022\/03\/accumold-vector-logo.svg","contentUrl":"https:\/\/www.accu-mold.com\/wp-content\/uploads\/2022\/03\/accumold-vector-logo.svg","caption":"https:\/\/www.accu-mold.com\/careers\/current-openings\/"},"image":{"@id":"https:\/\/www.accu-mold.com\/#\/schema\/logo\/image\/"}}]}},"_links":{"self":[{"href":"https:\/\/www.accu-mold.com\/fr\/wp-json\/wp\/v2\/pages\/5464","targetHints":{"allow":["GET"]}}],"collection":[{"href":"https:\/\/www.accu-mold.com\/fr\/wp-json\/wp\/v2\/pages"}],"about":[{"href":"https:\/\/www.accu-mold.com\/fr\/wp-json\/wp\/v2\/types\/page"}],"author":[{"embeddable":true,"href":"https:\/\/www.accu-mold.com\/fr\/wp-json\/wp\/v2\/users\/5"}],"replies":[{"embeddable":true,"href":"https:\/\/www.accu-mold.com\/fr\/wp-json\/wp\/v2\/comments?post=5464"}],"version-history":[{"count":5,"href":"https:\/\/www.accu-mold.com\/fr\/wp-json\/wp\/v2\/pages\/5464\/revisions"}],"predecessor-version":[{"id":17990,"href":"https:\/\/www.accu-mold.com\/fr\/wp-json\/wp\/v2\/pages\/5464\/revisions\/17990"}],"up":[{"embeddable":true,"href":"https:\/\/www.accu-mold.com\/fr\/wp-json\/wp\/v2\/pages\/5249"}],"wp:attachment":[{"href":"https:\/\/www.accu-mold.com\/fr\/wp-json\/wp\/v2\/media?parent=5464"}],"curies":[{"name":"wp","href":"https:\/\/api.w.org\/{rel}","templated":true}]}}