{"id":5249,"date":"2020-09-14T08:46:44","date_gmt":"2020-09-14T08:46:44","guid":{"rendered":"http:\/\/accumold51932.ewaycorphosting.com\/about-us\/"},"modified":"2022-07-21T13:58:43","modified_gmt":"2022-07-21T13:58:43","slug":"about-us","status":"publish","type":"page","link":"https:\/\/www.accu-mold.com\/fr\/about-us\/","title":{"rendered":"About Us"},"content":{"rendered":"\n<div class=\"wp-block-cover alignfull page-header has-custom-inner-width\" style=\"min-height:316px;--inner-container-width:1400px;aspect-ratio:unset;\"><span aria-hidden=\"true\" class=\"wp-block-cover__background has-primary-background-color has-background-dim-80 has-background-dim\"><\/span><img decoding=\"async\" class=\"wp-block-cover__image-background wp-image-16596\" alt=\"micro lens examples\" src=\"https:\/\/www.accu-mold.com\/wp-content\/uploads\/2021\/09\/micro-lenses-02.jpg\" data-object-fit=\"cover\"\/><div class=\"wp-block-cover__inner-container is-layout-flow wp-block-cover-is-layout-flow\">\n<h1 class=\"wp-block-heading\" style=\"font-size:64px\">About Us<\/h1>\n<\/div><\/div>\n\n\n\n<div style=\"height:40px\" aria-hidden=\"true\" class=\"wp-block-spacer\"><\/div>\n\n\n\n<div class=\"wp-block-group alignwide\"><div class=\"wp-block-group__inner-container is-layout-flow wp-block-group-is-layout-flow\">\n<div class=\"wp-block-columns is-layout-flex wp-container-core-columns-is-layout-9d6595d7 wp-block-columns-is-layout-flex\">\n<div class=\"wp-block-column is-layout-flow wp-block-column-is-layout-flow\" style=\"flex-basis:45%\">\n<div style=\"height:44px\" aria-hidden=\"true\" class=\"wp-block-spacer\"><\/div>\n\n\n\n<h2 class=\"has-primary-color has-text-color wp-block-heading\">Accumold Story<\/h2>\n\n\n\n<p class=\"has-text-color\" style=\"color:#5e5e71\">Comme beaucoup de start-ups, Accumold a commenc\u00e9 ses activit\u00e9s dans un garage lou\u00e9. Nos fondateurs ont d\u00e9couvert qu\u2019il \u00e9tait de plus en plus n\u00e9cessaire de fabriquer des composants moul\u00e9s de petite taille en micro-injection qui allaient bien au-del\u00e0 des syst\u00e8mes de moulage disponibles \u00e0 l\u2019\u00e9poque\u2026<\/p>\n\n\n\n<div class=\"wp-block-buttons is-layout-flex wp-block-buttons-is-layout-flex\">\n<div class=\"wp-block-button is-style-fill\"><a class=\"wp-block-button__link\"><strong>Learn About Our Story<\/strong><\/a><\/div>\n<\/div>\n<\/div>\n\n\n\n<div class=\"wp-block-column is-layout-flow wp-block-column-is-layout-flow\" style=\"flex-basis:50%\"><div class=\"wp-block-image\">\n<figure class=\"aligncenter size-full is-resized\"><img loading=\"lazy\" decoding=\"async\" src=\"https:\/\/www.accu-mold.com\/wp-content\/uploads\/2020\/09\/accumold-story.jpg\" alt=\"\" class=\"wp-image-313\" width=\"615\" height=\"262\" srcset=\"https:\/\/www.accu-mold.com\/wp-content\/uploads\/2020\/09\/accumold-story.jpg 474w, https:\/\/www.accu-mold.com\/wp-content\/uploads\/2020\/09\/accumold-story-300x128.jpg 300w\" sizes=\"auto, (max-width: 615px) 100vw, 615px\" \/><\/figure>\n<\/div><\/div>\n<\/div>\n<\/div><\/div>\n\n\n\n<div class=\"wp-block-cover alignfull is-light\" style=\"min-height:430px;aspect-ratio:unset;\"><span aria-hidden=\"true\" class=\"wp-block-cover__background has-background-dim-100 has-background-dim\" style=\"background-color:#f0f2f7\"><\/span><div class=\"wp-block-cover__inner-container is-layout-flow wp-block-cover-is-layout-flow\">           <div class=\"insights-container-wrapper insights-featured-block\">\n<div class=\"insights-container\">\n                <!-- the loop -->\n                \n    <div class=\"featured-post-column\">\n        <div class=\"featured-post\" style=\"background-image:url(https:\/\/www.accu-mold.com\/wp-content\/uploads\/2024\/10\/slider-3-3.webp)\" >\n            <div class=\"featured-post-content-wrapper\">\n                <h3 class=\"featured-post-title\"><a href=\"https:\/\/www.accu-mold.com\/fr\/pourquoi-le-lsr-est-un-materiau-de-premier-plan-pour-le-micro-moulage-optique\/\">Pourquoi le LSR est un mat\u00e9riau de premier plan pour le micro-moulage optique<\/a><\/h3>\n                <p class=\"featured-post-date\">February 16, 2026<\/p>\n                <a class=\"featured-post-categories\" href=\"https:\/\/www.accu-mold.com\/fr\/category\/homepage-featured-fr\/\" alt=\"View all posts in Homepage Featured\">Homepage Featured<\/a> <a class=\"featured-post-categories\" href=\"https:\/\/www.accu-mold.com\/fr\/category\/news-page-featured-fr\/\" alt=\"View all posts in News Page Featured\">News Page Featured<\/a> <a class=\"featured-post-categories\" href=\"https:\/\/www.accu-mold.com\/fr\/category\/technical-news-fr\/\" alt=\"View all posts in Technical News\">Technical News<\/a> \n                <div class=\"featured-post-color-wrapper\"><\/div>\n            <\/div>\n        <\/div>\n    <\/div><!-- End Featured Post -->\n\n\n\n    <div class=\"featured-post-list\">\n                       <ul class=\"post-list\">\n     \n           <li>\n    <a href=\"https:\/\/www.accu-mold.com\/fr\/resolution-des-defis-lies-au-moulage-par-injection-micro-optique\/\" title=\"R\u00e9solution des d\u00e9fis li\u00e9s au moulage par injection micro-optique\">\n        <img loading=\"lazy\" decoding=\"async\" width=\"300\" height=\"197\" src=\"https:\/\/www.accu-mold.com\/wp-content\/uploads\/2026\/01\/match-lens-tight-crop-s-1-300x197.jpg\" class=\"attachment-medium size-medium wp-post-image\" alt=\"Micro injected Lense next to matchstick\" srcset=\"https:\/\/www.accu-mold.com\/wp-content\/uploads\/2026\/01\/match-lens-tight-crop-s-1-300x197.jpg 300w, https:\/\/www.accu-mold.com\/wp-content\/uploads\/2026\/01\/match-lens-tight-crop-s-1-1024x673.jpg 1024w, https:\/\/www.accu-mold.com\/wp-content\/uploads\/2026\/01\/match-lens-tight-crop-s-1-768x505.jpg 768w, https:\/\/www.accu-mold.com\/wp-content\/uploads\/2026\/01\/match-lens-tight-crop-s-1-1536x1009.jpg 1536w, https:\/\/www.accu-mold.com\/wp-content\/uploads\/2026\/01\/match-lens-tight-crop-s-1-e1770646403660.jpg 800w\" sizes=\"auto, (max-width: 300px) 100vw, 300px\" \/>    <\/a>\n            <span>\n                <h3 class=\"featured-post-list-title\"><a href=\"https:\/\/www.accu-mold.com\/fr\/resolution-des-defis-lies-au-moulage-par-injection-micro-optique\/\">R\u00e9solution des d\u00e9fis li\u00e9s au moulage par injection micro-optique<\/a><\/h3>  \n                <p class=\"featured-post-date\">February 16, 2026<\/p>\n            <\/span>\n            <\/li>\n    \n\n\n           <li>\n    <a href=\"https:\/\/www.accu-mold.com\/fr\/accumold-at-ofc-2026-powering-optical-networkings-next-leap\/\" title=\"ACCUMOLD AT OFC 2026 &#8211;  POWERING OPTICAL NETWORKING\u2019S NEXT LEAP\">\n        <img loading=\"lazy\" decoding=\"async\" width=\"300\" height=\"300\" src=\"https:\/\/www.accu-mold.com\/wp-content\/uploads\/2026\/03\/OCF-website-image-2026-300x300.jpg\" class=\"attachment-medium size-medium wp-post-image\" alt=\"Skyline image of Los Angeles\" srcset=\"https:\/\/www.accu-mold.com\/wp-content\/uploads\/2026\/03\/OCF-website-image-2026-300x300.jpg 300w, https:\/\/www.accu-mold.com\/wp-content\/uploads\/2026\/03\/OCF-website-image-2026-150x150.jpg 150w, https:\/\/www.accu-mold.com\/wp-content\/uploads\/2026\/03\/OCF-website-image-2026-768x768.jpg 768w, https:\/\/www.accu-mold.com\/wp-content\/uploads\/2026\/03\/OCF-website-image-2026.jpg 800w\" sizes=\"auto, (max-width: 300px) 100vw, 300px\" \/>    <\/a>\n            <span>\n                <h3 class=\"featured-post-list-title\"><a href=\"https:\/\/www.accu-mold.com\/fr\/accumold-at-ofc-2026-powering-optical-networkings-next-leap\/\">ACCUMOLD AT OFC 2026 &#8211;  POWERING OPTICAL NETWORKING\u2019S NEXT LEAP<\/a><\/h3>  \n                <p class=\"featured-post-date\">February 16, 2026<\/p>\n            <\/span>\n            <\/li>\n    \n\n\n           <li>\n    <a href=\"https:\/\/www.accu-mold.com\/fr\/college-tuition-reimbursement-iowa\/\" title=\"How the Accumold Scholars Program works\">\n        <img loading=\"lazy\" decoding=\"async\" width=\"300\" height=\"200\" src=\"https:\/\/www.accu-mold.com\/wp-content\/uploads\/2023\/05\/Iowa-learns-300x200.jpg\" class=\"attachment-medium size-medium wp-post-image\" alt=\"students in a room working together\" srcset=\"https:\/\/www.accu-mold.com\/wp-content\/uploads\/2023\/05\/Iowa-learns-300x200.jpg 300w, https:\/\/www.accu-mold.com\/wp-content\/uploads\/2023\/05\/Iowa-learns-1024x683.jpg 1024w, https:\/\/www.accu-mold.com\/wp-content\/uploads\/2023\/05\/Iowa-learns-768x512.jpg 768w, https:\/\/www.accu-mold.com\/wp-content\/uploads\/2023\/05\/Iowa-learns-1536x1024.jpg 1536w, https:\/\/www.accu-mold.com\/wp-content\/uploads\/2023\/05\/Iowa-learns.jpg 1950w\" sizes=\"auto, (max-width: 300px) 100vw, 300px\" \/>    <\/a>\n            <span>\n                <h3 class=\"featured-post-list-title\"><a href=\"https:\/\/www.accu-mold.com\/fr\/college-tuition-reimbursement-iowa\/\">How the Accumold Scholars Program works<\/a><\/h3>  \n                <p class=\"featured-post-date\">January 19, 2026<\/p>\n            <\/span>\n            <\/li>\n    \n\n    <\/ul><!-- End Feat Post Lists -->\n<\/div>\n    \n<\/div><!-- End Container -->\n\n<\/div><!-- End Container-wrapper --><\/div><\/div>\n\n\n\n<div class=\"wp-block-cover alignfull is-light\" style=\"min-height:500px;aspect-ratio:unset;\"><span aria-hidden=\"true\" class=\"wp-block-cover__background has-white-background-color has-background-dim\"><\/span><img decoding=\"async\" class=\"wp-block-cover__image-background wp-image-17392\" alt=\"\" src=\"https:\/\/www.accu-mold.com\/wp-content\/uploads\/2022\/04\/gear-background.svg\" style=\"object-position:0% 0%\" data-object-fit=\"cover\" data-object-position=\"0% 0%\"\/><div class=\"wp-block-cover__inner-container is-layout-flow wp-block-cover-is-layout-flow\">\n\n<div style=\"height:60px\" aria-hidden=\"true\" class=\"wp-block-spacer\"><\/div>\n\n\n<div class=\"wp-block-columns is-layout-flex wp-container-core-columns-is-layout-9d6595d7 wp-block-columns-is-layout-flex\" style=\"--column-gutter:0px\">\n\n<div class=\"wp-block-column is-layout-flow wp-block-column-is-layout-flow\">\n\n<h3 class=\"has-primary-color has-text-color wp-block-heading\">Facilities<\/h3>\n\n\n<p class=\"has-text-color\" style=\"color:#5e5e71\">Nos outils de fabrication \u00e0 la pointe de la technologie ont \u00e9t\u00e9 con\u00e7ues pour d\u00e9passer vos exigences et nos propres normes. Tous les processus d\u2019outillage, de moulage, d\u2019emballage et de m\u00e9trologie sont effectu\u00e9s sur notre site de production de 7,5 hectares situ\u00e9 pr\u00e8s de Des Moines, dans l\u2019Iowa\u2026<\/p>\n\n\n<div class=\"wp-block-buttons is-horizontal is-content-justification-left is-layout-flex wp-container-core-buttons-is-layout-92fc3979 wp-block-buttons-is-layout-flex\">\n\n<div class=\"wp-block-button is-style-outline is-style-outline--1\"><a class=\"wp-block-button__link\"><strong>Facilities<\/strong><\/a><\/div>\n\n<\/div>\n\n<\/div>\n\n\n<div class=\"wp-block-column is-layout-flow wp-block-column-is-layout-flow\">\n\n<h3 class=\"has-primary-color has-text-color wp-block-heading\">Resource Downloads<\/h3>\n\n\n<p class=\"has-text-color\" style=\"color:#5e5e71\">Download all our latest resources inclduding the latest micro molding design guidelines, data, whitepapers, micro molding definitions, terminology and white papers.<\/p>\n\n\n<div class=\"wp-block-buttons is-layout-flex wp-block-buttons-is-layout-flex\">\n\n<div class=\"wp-block-button is-style-outline is-style-outline--2\"><a class=\"wp-block-button__link\"><strong>Resources<\/strong><\/a><\/div>\n\n<\/div>\n\n<\/div>\n\n<\/div>\n\n<\/div><\/div>\n\n\n","protected":false},"excerpt":{"rendered":"<p>Accumold Story Comme beaucoup de start-ups, Accumold a commenc\u00e9 ses activit\u00e9s dans un garage lou\u00e9. Nos fondateurs ont d\u00e9couvert qu\u2019il [&#8230;] <a class=\"more-link\" href=\"https:\/\/www.accu-mold.com\/fr\/about-us\/\">Read More<span class=\"screen-reader-text\">about About Us<\/span><\/a><\/p>\n","protected":false},"author":5,"featured_media":0,"parent":0,"menu_order":0,"comment_status":"closed","ping_status":"closed","template":"","meta":{"_acf_changed":false,"inline_featured_image":false,"_wd_proto_hide_page_title":false,"_wd_proto_page_body_class":"","_wd_proto_post_layout":"","footnotes":""},"class_list":["post-5249","page","type-page","status-publish","hentry"],"acf":[],"yoast_head":"<!-- This site is optimized with the Yoast SEO Premium plugin v27.3 (Yoast SEO v27.4) - https:\/\/yoast.com\/product\/yoast-seo-premium-wordpress\/ -->\n<title>Learn About Accumold and Their Rich History In Tech Manufacturing<\/title>\n<meta name=\"description\" content=\"Like many great start-ups Accumold began operations in a rented garage. Our founders discovered\u00a0there was a growing need to manufacture small and micro injection molded components.Our discovery led to the invention of our first Micro-Mold\u00ae platform in 1985.\" \/>\n<meta name=\"robots\" content=\"index, follow, max-snippet:-1, max-image-preview:large, max-video-preview:-1\" \/>\n<link rel=\"canonical\" href=\"https:\/\/www.accu-mold.com\/fr\/about-us\/\" \/>\n<meta property=\"og:locale\" content=\"fr_FR\" \/>\n<meta property=\"og:type\" content=\"article\" \/>\n<meta property=\"og:title\" content=\"About Us\" \/>\n<meta property=\"og:description\" content=\"Like many great start-ups Accumold began operations in a rented garage. Our founders discovered\u00a0there was a growing need to manufacture small and micro injection molded components.Our discovery led to the invention of our first Micro-Mold\u00ae platform in 1985.\" \/>\n<meta property=\"og:url\" content=\"https:\/\/www.accu-mold.com\/fr\/about-us\/\" \/>\n<meta property=\"og:site_name\" content=\"Accu-Mold\" \/>\n<meta property=\"article:modified_time\" content=\"2022-07-21T13:58:43+00:00\" \/>\n<meta property=\"og:image\" content=\"https:\/\/www.accu-mold.com\/wp-content\/uploads\/2021\/09\/micro-lenses-02.jpg\" \/>\n<meta name=\"twitter:card\" content=\"summary_large_image\" \/>\n<meta name=\"twitter:label1\" content=\"Est. reading time\" \/>\n\t<meta name=\"twitter:data1\" content=\"1 minute\" \/>\n<script type=\"application\/ld+json\" class=\"yoast-schema-graph\">{\"@context\":\"https:\\\/\\\/schema.org\",\"@graph\":[{\"@type\":\"WebPage\",\"@id\":\"https:\\\/\\\/www.accu-mold.com\\\/fr\\\/about-us\\\/\",\"url\":\"https:\\\/\\\/www.accu-mold.com\\\/fr\\\/about-us\\\/\",\"name\":\"Learn About Accumold and Their Rich History In Tech Manufacturing\",\"isPartOf\":{\"@id\":\"https:\\\/\\\/www.accu-mold.com\\\/#website\"},\"primaryImageOfPage\":{\"@id\":\"https:\\\/\\\/www.accu-mold.com\\\/fr\\\/about-us\\\/#primaryimage\"},\"image\":{\"@id\":\"https:\\\/\\\/www.accu-mold.com\\\/fr\\\/about-us\\\/#primaryimage\"},\"thumbnailUrl\":\"https:\\\/\\\/www.accu-mold.com\\\/wp-content\\\/uploads\\\/2021\\\/09\\\/micro-lenses-02.jpg\",\"datePublished\":\"2020-09-14T08:46:44+00:00\",\"dateModified\":\"2022-07-21T13:58:43+00:00\",\"description\":\"Like many great start-ups Accumold began operations in a rented garage. Our founders discovered\u00a0there was a growing need to manufacture small and micro injection molded components.Our discovery led to the invention of our first Micro-Mold\u00ae platform in 1985.\",\"breadcrumb\":{\"@id\":\"https:\\\/\\\/www.accu-mold.com\\\/fr\\\/about-us\\\/#breadcrumb\"},\"inLanguage\":\"fr-FR\",\"potentialAction\":[{\"@type\":\"ReadAction\",\"target\":[\"https:\\\/\\\/www.accu-mold.com\\\/fr\\\/about-us\\\/\"]}]},{\"@type\":\"ImageObject\",\"inLanguage\":\"fr-FR\",\"@id\":\"https:\\\/\\\/www.accu-mold.com\\\/fr\\\/about-us\\\/#primaryimage\",\"url\":\"https:\\\/\\\/www.accu-mold.com\\\/wp-content\\\/uploads\\\/2021\\\/09\\\/micro-lenses-02.jpg\",\"contentUrl\":\"https:\\\/\\\/www.accu-mold.com\\\/wp-content\\\/uploads\\\/2021\\\/09\\\/micro-lenses-02.jpg\"},{\"@type\":\"BreadcrumbList\",\"@id\":\"https:\\\/\\\/www.accu-mold.com\\\/fr\\\/about-us\\\/#breadcrumb\",\"itemListElement\":[{\"@type\":\"ListItem\",\"position\":1,\"name\":\"Exceptional capabilities backed by exceptional people\",\"item\":\"https:\\\/\\\/www.accu-mold.com\\\/fr\\\/\"},{\"@type\":\"ListItem\",\"position\":2,\"name\":\"About Us\"}]},{\"@type\":\"WebSite\",\"@id\":\"https:\\\/\\\/www.accu-mold.com\\\/#website\",\"url\":\"https:\\\/\\\/www.accu-mold.com\\\/\",\"name\":\"Accu-Mold\",\"description\":\"Your Micro Mold\u00ae Tooling &amp; Production Partners\",\"publisher\":{\"@id\":\"https:\\\/\\\/www.accu-mold.com\\\/#organization\"},\"potentialAction\":[{\"@type\":\"SearchAction\",\"target\":{\"@type\":\"EntryPoint\",\"urlTemplate\":\"https:\\\/\\\/www.accu-mold.com\\\/?s={search_term_string}\"},\"query-input\":{\"@type\":\"PropertyValueSpecification\",\"valueRequired\":true,\"valueName\":\"search_term_string\"}}],\"inLanguage\":\"fr-FR\"},{\"@type\":\"Organization\",\"@id\":\"https:\\\/\\\/www.accu-mold.com\\\/#organization\",\"name\":\"https:\\\/\\\/www.accu-mold.com\\\/careers\\\/current-openings\\\/\",\"url\":\"https:\\\/\\\/www.accu-mold.com\\\/\",\"logo\":{\"@type\":\"ImageObject\",\"inLanguage\":\"fr-FR\",\"@id\":\"https:\\\/\\\/www.accu-mold.com\\\/#\\\/schema\\\/logo\\\/image\\\/\",\"url\":\"https:\\\/\\\/www.accu-mold.com\\\/wp-content\\\/uploads\\\/2022\\\/03\\\/accumold-vector-logo.svg\",\"contentUrl\":\"https:\\\/\\\/www.accu-mold.com\\\/wp-content\\\/uploads\\\/2022\\\/03\\\/accumold-vector-logo.svg\",\"caption\":\"https:\\\/\\\/www.accu-mold.com\\\/careers\\\/current-openings\\\/\"},\"image\":{\"@id\":\"https:\\\/\\\/www.accu-mold.com\\\/#\\\/schema\\\/logo\\\/image\\\/\"}}]}<\/script>\n<!-- \/ Yoast SEO Premium plugin. -->","yoast_head_json":{"title":"Learn About Accumold and Their Rich History In Tech Manufacturing","description":"Like many great start-ups Accumold began operations in a rented garage. Our founders discovered\u00a0there was a growing need to manufacture small and micro injection molded components.Our discovery led to the invention of our first Micro-Mold\u00ae platform in 1985.","robots":{"index":"index","follow":"follow","max-snippet":"max-snippet:-1","max-image-preview":"max-image-preview:large","max-video-preview":"max-video-preview:-1"},"canonical":"https:\/\/www.accu-mold.com\/fr\/about-us\/","og_locale":"fr_FR","og_type":"article","og_title":"About Us","og_description":"Like many great start-ups Accumold began operations in a rented garage. Our founders discovered\u00a0there was a growing need to manufacture small and micro injection molded components.Our discovery led to the invention of our first Micro-Mold\u00ae platform in 1985.","og_url":"https:\/\/www.accu-mold.com\/fr\/about-us\/","og_site_name":"Accu-Mold","article_modified_time":"2022-07-21T13:58:43+00:00","og_image":[{"url":"https:\/\/www.accu-mold.com\/wp-content\/uploads\/2021\/09\/micro-lenses-02.jpg","type":"","width":"","height":""}],"twitter_card":"summary_large_image","twitter_misc":{"Est. reading time":"1 minute"},"schema":{"@context":"https:\/\/schema.org","@graph":[{"@type":"WebPage","@id":"https:\/\/www.accu-mold.com\/fr\/about-us\/","url":"https:\/\/www.accu-mold.com\/fr\/about-us\/","name":"Learn About Accumold and Their Rich History In Tech Manufacturing","isPartOf":{"@id":"https:\/\/www.accu-mold.com\/#website"},"primaryImageOfPage":{"@id":"https:\/\/www.accu-mold.com\/fr\/about-us\/#primaryimage"},"image":{"@id":"https:\/\/www.accu-mold.com\/fr\/about-us\/#primaryimage"},"thumbnailUrl":"https:\/\/www.accu-mold.com\/wp-content\/uploads\/2021\/09\/micro-lenses-02.jpg","datePublished":"2020-09-14T08:46:44+00:00","dateModified":"2022-07-21T13:58:43+00:00","description":"Like many great start-ups Accumold began operations in a rented garage. Our founders discovered\u00a0there was a growing need to manufacture small and micro injection molded components.Our discovery led to the invention of our first Micro-Mold\u00ae platform in 1985.","breadcrumb":{"@id":"https:\/\/www.accu-mold.com\/fr\/about-us\/#breadcrumb"},"inLanguage":"fr-FR","potentialAction":[{"@type":"ReadAction","target":["https:\/\/www.accu-mold.com\/fr\/about-us\/"]}]},{"@type":"ImageObject","inLanguage":"fr-FR","@id":"https:\/\/www.accu-mold.com\/fr\/about-us\/#primaryimage","url":"https:\/\/www.accu-mold.com\/wp-content\/uploads\/2021\/09\/micro-lenses-02.jpg","contentUrl":"https:\/\/www.accu-mold.com\/wp-content\/uploads\/2021\/09\/micro-lenses-02.jpg"},{"@type":"BreadcrumbList","@id":"https:\/\/www.accu-mold.com\/fr\/about-us\/#breadcrumb","itemListElement":[{"@type":"ListItem","position":1,"name":"Exceptional capabilities backed by exceptional people","item":"https:\/\/www.accu-mold.com\/fr\/"},{"@type":"ListItem","position":2,"name":"About Us"}]},{"@type":"WebSite","@id":"https:\/\/www.accu-mold.com\/#website","url":"https:\/\/www.accu-mold.com\/","name":"Accu-Mold","description":"Your Micro Mold\u00ae Tooling &amp; Production Partners","publisher":{"@id":"https:\/\/www.accu-mold.com\/#organization"},"potentialAction":[{"@type":"SearchAction","target":{"@type":"EntryPoint","urlTemplate":"https:\/\/www.accu-mold.com\/?s={search_term_string}"},"query-input":{"@type":"PropertyValueSpecification","valueRequired":true,"valueName":"search_term_string"}}],"inLanguage":"fr-FR"},{"@type":"Organization","@id":"https:\/\/www.accu-mold.com\/#organization","name":"https:\/\/www.accu-mold.com\/careers\/current-openings\/","url":"https:\/\/www.accu-mold.com\/","logo":{"@type":"ImageObject","inLanguage":"fr-FR","@id":"https:\/\/www.accu-mold.com\/#\/schema\/logo\/image\/","url":"https:\/\/www.accu-mold.com\/wp-content\/uploads\/2022\/03\/accumold-vector-logo.svg","contentUrl":"https:\/\/www.accu-mold.com\/wp-content\/uploads\/2022\/03\/accumold-vector-logo.svg","caption":"https:\/\/www.accu-mold.com\/careers\/current-openings\/"},"image":{"@id":"https:\/\/www.accu-mold.com\/#\/schema\/logo\/image\/"}}]}},"_links":{"self":[{"href":"https:\/\/www.accu-mold.com\/fr\/wp-json\/wp\/v2\/pages\/5249","targetHints":{"allow":["GET"]}}],"collection":[{"href":"https:\/\/www.accu-mold.com\/fr\/wp-json\/wp\/v2\/pages"}],"about":[{"href":"https:\/\/www.accu-mold.com\/fr\/wp-json\/wp\/v2\/types\/page"}],"author":[{"embeddable":true,"href":"https:\/\/www.accu-mold.com\/fr\/wp-json\/wp\/v2\/users\/5"}],"replies":[{"embeddable":true,"href":"https:\/\/www.accu-mold.com\/fr\/wp-json\/wp\/v2\/comments?post=5249"}],"version-history":[{"count":14,"href":"https:\/\/www.accu-mold.com\/fr\/wp-json\/wp\/v2\/pages\/5249\/revisions"}],"predecessor-version":[{"id":17789,"href":"https:\/\/www.accu-mold.com\/fr\/wp-json\/wp\/v2\/pages\/5249\/revisions\/17789"}],"wp:attachment":[{"href":"https:\/\/www.accu-mold.com\/fr\/wp-json\/wp\/v2\/media?parent=5249"}],"curies":[{"name":"wp","href":"https:\/\/api.w.org\/{rel}","templated":true}]}}