{"id":19655,"date":"2020-09-11T11:23:50","date_gmt":"2020-09-11T11:23:50","guid":{"rendered":"https:\/\/www.accu-mold.com\/micro-molding-capabilities\/classifications-de-moule\/micro-electronics-molding\/"},"modified":"2023-08-28T05:40:43","modified_gmt":"2023-08-28T10:40:43","slug":"micro-electronics-molding","status":"publish","type":"page","link":"https:\/\/www.accu-mold.com\/fr\/micro-molding-capabilities\/classifications-de-moule\/micro-electronics-molding\/","title":{"rendered":"Moulage pour la micro\u00e9lectronique"},"content":{"rendered":"\n<div class=\"wp-block-cover alignfull page-header has-custom-inner-width\" style=\"min-height:316px;--inner-container-width:1540px;aspect-ratio:unset;\"><span aria-hidden=\"true\" class=\"wp-block-cover__background has-primary-background-color has-background-dim-80 has-background-dim\"><\/span><img loading=\"lazy\" decoding=\"async\" width=\"1800\" height=\"1200\" class=\"wp-block-cover__image-background wp-image-16594\" alt=\"micro lens examples\" src=\"https:\/\/www.accu-mold.com\/wp-content\/uploads\/2021\/09\/micro-lenses-02.jpg\" data-object-fit=\"cover\" srcset=\"https:\/\/www.accu-mold.com\/wp-content\/uploads\/2021\/09\/micro-lenses-02.jpg 1800w, https:\/\/www.accu-mold.com\/wp-content\/uploads\/2021\/09\/micro-lenses-02-300x200.jpg 300w, https:\/\/www.accu-mold.com\/wp-content\/uploads\/2021\/09\/micro-lenses-02-1024x683.jpg 1024w, https:\/\/www.accu-mold.com\/wp-content\/uploads\/2021\/09\/micro-lenses-02-768x512.jpg 768w, https:\/\/www.accu-mold.com\/wp-content\/uploads\/2021\/09\/micro-lenses-02-1536x1024.jpg 1536w\" sizes=\"auto, (max-width: 1800px) 100vw, 1800px\" \/><div class=\"wp-block-cover__inner-container is-layout-flow wp-block-cover-is-layout-flow\">\n<h1 class=\"wp-block-heading\" id=\"h-moulage-pour-la-microelectronique\" style=\"font-size:64px\">Moulage pour la micro\u00e9lectronique<\/h1>\n<\/div><\/div>\n\n\n\n<div style=\"height:64px\" aria-hidden=\"true\" class=\"wp-block-spacer\"><\/div>\n\n\n\n<p>Le moulage pour le secteur de la micro\u00e9lectronique se pr\u00eate id\u00e9alement aux pi\u00e8ces et composants microscopiques produits \u00e0 grande \u00e9chelle tels que les capteurs, les lentilles et les ensembles micro\u00e9lectroniques. Ce processus de fabrication sp\u00e9cialis\u00e9 permet de produire des pi\u00e8ces et des composants thermoplastiques extr\u00eamement petits et de haute pr\u00e9cision, avec des tol\u00e9rances de l\u2019ordre du micron et des caract\u00e9ristiques \u00e0 l\u2019\u00e9chelle.<\/p>\n\n\n\n<p>Les entreprises technologiques de pointe d\u2019aujourd\u2019hui se sont probablement appuy\u00e9es sur le moulage pour la micro\u00e9lectronique pour se d\u00e9marquer dans ce secteur.<\/p>\n\n\n\n<div style=\"height:45px\" aria-hidden=\"true\" class=\"wp-block-spacer\"><\/div>\n\n\n\n<div class=\"wp-block-columns alignwide are-vertically-aligned-center col-large-2 col-medium-2 col-small-1 is-layout-flex wp-container-core-columns-is-layout-9d6595d7 wp-block-columns-is-layout-flex\" style=\"--column-gutter:0px\">\n<div class=\"wp-block-column is-vertically-aligned-center is-layout-flow wp-block-column-is-layout-flow\" style=\"flex-basis:66.66%\">\n<h2 class=\"wp-block-heading has-primary-color has-text-color\" id=\"h-particularites-du-moulage-pour-la-microelectronique\">Particularit\u00e9s du moulage pour la micro\u00e9lectronique<\/h2>\n\n\n\n<p>Notre processus de moulage pour la micro\u00e9lectronique permet de produire tr\u00e8s rapidement des composants robustes de haute pr\u00e9cision, tout en maintenant des tol\u00e9rances parmi les plus strictes imaginables. La taille des pi\u00e8ces dont nos clients ont besoin, la complexit\u00e9 de la conception et les tol\u00e9rances requises ne sont qu\u2019un d\u00e9but.<\/p>\n\n\n\n<p>Nos commandes de moulage de produits micro\u00e9lectroniques exigent souvent un composant moul\u00e9 par insertion ou surmoul\u00e9. Notre technologie permet de mouler des r\u00e9sines sp\u00e9ciales sur, \u00e0 travers, dans ou autour d\u2019autres mat\u00e9riaux tels que du m\u00e9tal, d\u2019autres plastiques, du tissu, des circuits flexibles et d\u2019autres supports d\u00e9licats, tout en maintenant des tol\u00e9rances de l\u2019ordre du micron ou du demi-micron.<\/p>\n\n\n\n<p>Dans le m\u00eame temps, notre processus est reproductible, r\u00e9pond aux exigences de qualit\u00e9 rigoureuses des clients et chaque composant est emball\u00e9 sur mesure pour r\u00e9pondre aux exigences de votre processus de fabrication.<\/p>\n<\/div>\n\n\n\n<div class=\"wp-block-column is-vertically-aligned-center is-layout-flow wp-block-column-is-layout-flow\" style=\"flex-basis:33.33%\"><div class=\"wp-block-image\">\n<figure class=\"alignright\"><img decoding=\"async\" src=\"https:\/\/www.accu-mold.com\/wp-content\/uploads\/2020\/09\/lead-frame-molding-1.jpg\" alt=\"Accumold Lead Frame Molding\"\/><figcaption class=\"wp-element-caption\">Lead Frame Overmold example<\/figcaption><\/figure>\n<\/div><\/div>\n<\/div>\n\n\n\n<div class=\"wp-block-columns alignwide are-vertically-aligned-center is-layout-flex wp-container-core-columns-is-layout-9d6595d7 wp-block-columns-is-layout-flex\">\n<div class=\"wp-block-column is-vertically-aligned-center is-layout-flow wp-block-column-is-layout-flow\" style=\"flex-basis:66.66%\">\n<h2 class=\"wp-block-heading has-primary-color has-text-color\" id=\"h-particularites-du-moulage-pour-la-microelectronique-1\">Particularit\u00e9s du moulage pour la micro\u00e9lectronique<\/h2>\n\n\n\n<p>Pour une ex\u00e9cution sans faille, les projets de moulage pour la micro\u00e9lectronique n\u00e9cessitent d\u2019atteindre l\u2019\u00e9quilibre parfait entre la manipulation des mat\u00e9riaux, l\u2019exp\u00e9rience et la technologie. Voici un aper\u00e7u rapide de mat\u00e9riaux et d\u2019exemples de moulage pour la micro\u00e9lectronique.<\/p>\n<\/div>\n\n\n\n<div class=\"wp-block-column is-vertically-aligned-center is-layout-flow wp-block-column-is-layout-flow\" style=\"flex-basis:33.33%\"><div class=\"wp-block-image\">\n<figure class=\"aligncenter\"><a href=\"https:\/\/www.accu-mold.com\/fr\/micro-molding-capabilities\/selection-des-materiaux\/#peek\" target=\"_blank\" rel=\"noreferrer noopener\"><img decoding=\"async\" src=\"https:\/\/www.accu-mold.com\/wp-content\/uploads\/2020\/09\/Ultem-Polyetherimide-PEI-269x300-1-1.png\" alt=\"Ultem Polyetherimide PEI - micro molding materials\"\/><\/a><figcaption class=\"wp-element-caption\">Ultem Polyetherimide PEI<\/figcaption><\/figure>\n<\/div><\/div>\n<\/div>\n\n\n\n<h3 class=\"wp-block-heading has-primary-color has-text-color\" id=\"h-materiaux\">Mat\u00e9riaux<\/h3>\n\n\n\n<p>Nous utilisons tout un \u00e9ventail de <a href=\"https:\/\/www.accu-mold.com\/fr\/micro-molding-capabilities\/selection-des-materiaux\/\">mat\u00e9riaux de moulage pour la micro\u00e9lectronique<\/a>, en fonction des exigences de votre projet. Certains exemples comprennent des mat\u00e9riaux de qualit\u00e9 m\u00e9dicale et des mat\u00e9riaux implantables, d\u2019autres des nylons charg\u00e9s de verre \u00e0 haute temp\u00e9rature (jusqu\u2019\u00e0 3\u00a0refusions). Voici d\u2019autres exemples\u00a0:<\/p>\n\n\n\n<ul class=\"wp-block-list\">\n<li><a rel=\"noreferrer noopener\" href=\"https:\/\/www.accu-mold.com\/fr\/micro-molding-capabilities\/selection-des-materiaux\/#pei\" target=\"_blank\">LCP<\/a><\/li>\n\n\n\n<li>HTN-<a rel=\"noreferrer noopener\" href=\"https:\/\/www.accu-mold.com\/fr\/micro-molding-capabilities\/selection-des-materiaux\/#pp\" target=\"_blank\">Nylon<\/a><\/li>\n\n\n\n<li>PPS-<a rel=\"noreferrer noopener\" href=\"https:\/\/www.accu-mold.com\/fr\/micro-molding-capabilities\/selection-des-materiaux\/#pom\" target=\"_blank\">Polysulfone<\/a><\/li>\n\n\n\n<li><a rel=\"noreferrer noopener\" href=\"https:\/\/www.accu-mold.com\/fr\/micro-molding-capabilities\/selection-des-materiaux\/#pmma\" target=\"_blank\">PEEK<\/a><\/li>\n\n\n\n<li><a rel=\"noreferrer noopener\" href=\"https:\/\/www.accu-mold.com\/fr\/micro-molding-capabilities\/selection-des-materiaux\/#peek\" target=\"_blank\">Ultem<\/a><\/li>\n\n\n\n<li>Xtem<\/li>\n\n\n\n<li><a href=\"https:\/\/www.accu-mold.com\/fr\/micro-molding-capabilities\/selection-des-materiaux\/#pol\" target=\"_blank\" rel=\"noreferrer noopener\">Divers varieties<\/a><\/li>\n\n\n\n<li>Polyesters<\/li>\n\n\n\n<li><a href=\"https:\/\/www.accu-mold.com\/fr\/micro-molding-capabilities\/selection-des-materiaux\/\">Liste compl\u00e8te><\/a><\/li>\n<\/ul>\n\n\n\n<div style=\"height:45px\" aria-hidden=\"true\" class=\"wp-block-spacer\"><\/div>\n\n\n\n<div class=\"wp-block-columns alignwide are-vertically-aligned-center is-layout-flex wp-container-core-columns-is-layout-9d6595d7 wp-block-columns-is-layout-flex\">\n<div class=\"wp-block-column is-vertically-aligned-center is-layout-flow wp-block-column-is-layout-flow\" style=\"flex-basis:66.66%\">\n<h3 class=\"wp-block-heading has-primary-color has-text-color\" id=\"h-exemples-de-composants\">Exemples de composants<\/h3>\n\n\n\n<p>Quelques exemples de projets pass\u00e9s\u00a0: composants pour capteurs (de proximit\u00e9, gaz, fum\u00e9e, temps de vol), antennes Bluetooth, composants et piles pour appareils auditifs, et surmoulage de circuits imprim\u00e9s (PCB) flexibles.<\/p>\n<\/div>\n\n\n\n<div class=\"wp-block-column is-vertically-aligned-center is-layout-flow wp-block-column-is-layout-flow\" style=\"flex-basis:33.33%\"><div class=\"wp-block-image\">\n<figure class=\"aligncenter is-resized\"><img loading=\"lazy\" decoding=\"async\" src=\"https:\/\/www.accu-mold.com\/wp-content\/uploads\/2020\/09\/lead-frame-8-2.jpg\" alt=\"open cavity lead frame component produced from Accumold's Micro-Electronics Molding technology\" width=\"240\" height=\"240\"\/><figcaption class=\"wp-element-caption\">This open cavity lead frame is a micro-electronics molding example.<\/figcaption><\/figure>\n<\/div><\/div>\n<\/div>\n\n\n\n<div class=\"wp-block-columns alignwide is-layout-flex wp-container-core-columns-is-layout-9d6595d7 wp-block-columns-is-layout-flex\">\n<div class=\"wp-block-column is-layout-flow wp-block-column-is-layout-flow\">\n<h2 class=\"wp-block-heading has-primary-color has-text-color\" id=\"h-pourquoi-accumold\">Pourquoi Accumold\u00a0?<\/h2>\n\n\n\n<p>Les composants que nous produisons quotidiennement sont certainement reproductibles en laboratoire, mais le processus de moulage d\u2019Accumold pour la micro\u00e9lectronique est capable de produire non seulement des pi\u00e8ces complexes, mais aussi en tr\u00e8s grandes quantit\u00e9s. Nous construisons des syst\u00e8mes d\u2019automatisation complets avec des convoyeurs, des cam\u00e9ras de vision industrielle et une inspection automatis\u00e9e.<\/p>\n\n\n\n<p>Accumold peut \u00e9galement adapter sa production pour r\u00e9pondre \u00e0 vos demandes de fabrication dans un d\u00e9lai de quelques semaines, en r\u00e9alisant des projets de plusieurs centaines de millions de pi\u00e8ces par an. Nous y parvenons en tirant le meilleur parti de nos services internes d\u2019outillage et d\u2019automatisation, qui travaillent en collaboration avec nos experts en DFM.<\/p>\n\n\n\n<p>Le moulage pour la micro\u00e9lectronique ne s\u2019arr\u00eate pas l\u00e0. N\u2019h\u00e9sitez pas \u00e0 nous interroger sur les possibilit\u00e9s de conception de pi\u00e8ces d\u00e9passant les m\u00e9thodes ou pratiques traditionnelles, que les mouleurs typiques ne seraient pas en mesure d\u2019offrir. Nous r\u00e9alisons ce que nos clients croient impossible.<\/p>\n\n\n\n<div style=\"height:45px\" aria-hidden=\"true\" class=\"wp-block-spacer\"><\/div>\n\n\n\n<h2 class=\"wp-block-heading has-primary-color has-text-color\" id=\"h-got-a-tricky-question\">Got A Tricky Question?<\/h2>\n\n\n\n<p>Send Our DFM Engineers A Message. (They like the attention.)<\/p>\n\n\n\n<script charset=\"utf-8\" type=\"text\/javascript\" src=\"\/\/js.hsforms.net\/forms\/embed\/v2.js\"><\/script>\n<script>\n  hbspt.forms.create({\n    region: \"na1\",\n    portalId: \"20439115\",\n    formId: \"29d47960-cdd0-4f9e-936d-75f09d842b7f\"\n  });\n<\/script>\n<\/div>\n<\/div>\n","protected":false},"excerpt":{"rendered":"<p>Le moulage pour le secteur de la micro\u00e9lectronique se pr\u00eate id\u00e9alement aux pi\u00e8ces et composants microscopiques produits \u00e0 grande \u00e9chelle [&#8230;] <a class=\"more-link\" href=\"https:\/\/www.accu-mold.com\/fr\/micro-molding-capabilities\/classifications-de-moule\/micro-electronics-molding\/\">Read More<span class=\"screen-reader-text\">about Moulage pour la micro\u00e9lectronique<\/span><\/a><\/p>\n","protected":false},"author":5,"featured_media":0,"parent":5469,"menu_order":0,"comment_status":"closed","ping_status":"closed","template":"","meta":{"_acf_changed":false,"inline_featured_image":false,"_wd_proto_hide_page_title":false,"_wd_proto_page_body_class":"","_wd_proto_post_layout":"","footnotes":""},"class_list":["post-19655","page","type-page","status-publish","hentry"],"acf":[],"yoast_head":"<!-- This site is optimized with the Yoast SEO Premium plugin v27.3 (Yoast SEO v27.4) - https:\/\/yoast.com\/product\/yoast-seo-premium-wordpress\/ -->\n<title>Micro-Electronics Molding | Accumold, World Leaders In Micro Molding<\/title>\n<meta name=\"description\" content=\"Our specialized manufacturing process produces extremely small, high-precision thermoplastic parts and components with micron tolerances and features. Micro molding specifically for micro-electronics molding however, deals with microscopic circuit boards, lenses, and extremely delicate components.\" \/>\n<meta name=\"robots\" content=\"index, follow, max-snippet:-1, max-image-preview:large, max-video-preview:-1\" \/>\n<link rel=\"canonical\" href=\"https:\/\/www.accu-mold.com\/fr\/micro-molding-capabilities\/classifications-de-moule\/micro-electronics-molding\/\" \/>\n<meta property=\"og:locale\" content=\"fr_FR\" \/>\n<meta property=\"og:type\" content=\"article\" \/>\n<meta property=\"og:title\" content=\"Moulage pour la micro\u00e9lectronique\" \/>\n<meta property=\"og:description\" content=\"Our specialized manufacturing process produces extremely small, high-precision thermoplastic parts and components with micron tolerances and features. Micro molding specifically for micro-electronics molding however, deals with microscopic circuit boards, lenses, and extremely delicate components.\" \/>\n<meta property=\"og:url\" content=\"https:\/\/www.accu-mold.com\/fr\/micro-molding-capabilities\/classifications-de-moule\/micro-electronics-molding\/\" \/>\n<meta property=\"og:site_name\" content=\"Accu-Mold\" \/>\n<meta property=\"article:modified_time\" content=\"2023-08-28T10:40:43+00:00\" \/>\n<meta property=\"og:image\" content=\"https:\/\/www.accu-mold.com\/wp-content\/uploads\/2021\/09\/micro-lenses-02.jpg\" \/>\n<meta name=\"twitter:card\" content=\"summary_large_image\" \/>\n<meta name=\"twitter:label1\" content=\"Est. reading time\" \/>\n\t<meta name=\"twitter:data1\" content=\"4 minutes\" \/>\n<script type=\"application\/ld+json\" class=\"yoast-schema-graph\">{\"@context\":\"https:\\\/\\\/schema.org\",\"@graph\":[{\"@type\":\"WebPage\",\"@id\":\"https:\\\/\\\/www.accu-mold.com\\\/fr\\\/micro-molding-capabilities\\\/classifications-de-moule\\\/micro-electronics-molding\\\/\",\"url\":\"https:\\\/\\\/www.accu-mold.com\\\/fr\\\/micro-molding-capabilities\\\/classifications-de-moule\\\/micro-electronics-molding\\\/\",\"name\":\"Micro-Electronics Molding | Accumold, World Leaders In Micro Molding\",\"isPartOf\":{\"@id\":\"https:\\\/\\\/www.accu-mold.com\\\/#website\"},\"primaryImageOfPage\":{\"@id\":\"https:\\\/\\\/www.accu-mold.com\\\/fr\\\/micro-molding-capabilities\\\/classifications-de-moule\\\/micro-electronics-molding\\\/#primaryimage\"},\"image\":{\"@id\":\"https:\\\/\\\/www.accu-mold.com\\\/fr\\\/micro-molding-capabilities\\\/classifications-de-moule\\\/micro-electronics-molding\\\/#primaryimage\"},\"thumbnailUrl\":\"https:\\\/\\\/www.accu-mold.com\\\/wp-content\\\/uploads\\\/2021\\\/09\\\/micro-lenses-02.jpg\",\"datePublished\":\"2020-09-11T11:23:50+00:00\",\"dateModified\":\"2023-08-28T10:40:43+00:00\",\"description\":\"Our specialized manufacturing process produces extremely small, high-precision thermoplastic parts and components with micron tolerances and features. Micro molding specifically for micro-electronics molding however, deals with microscopic circuit boards, lenses, and extremely delicate components.\",\"breadcrumb\":{\"@id\":\"https:\\\/\\\/www.accu-mold.com\\\/fr\\\/micro-molding-capabilities\\\/classifications-de-moule\\\/micro-electronics-molding\\\/#breadcrumb\"},\"inLanguage\":\"fr-FR\",\"potentialAction\":[{\"@type\":\"ReadAction\",\"target\":[\"https:\\\/\\\/www.accu-mold.com\\\/fr\\\/micro-molding-capabilities\\\/classifications-de-moule\\\/micro-electronics-molding\\\/\"]}]},{\"@type\":\"ImageObject\",\"inLanguage\":\"fr-FR\",\"@id\":\"https:\\\/\\\/www.accu-mold.com\\\/fr\\\/micro-molding-capabilities\\\/classifications-de-moule\\\/micro-electronics-molding\\\/#primaryimage\",\"url\":\"https:\\\/\\\/www.accu-mold.com\\\/wp-content\\\/uploads\\\/2021\\\/09\\\/micro-lenses-02.jpg\",\"contentUrl\":\"https:\\\/\\\/www.accu-mold.com\\\/wp-content\\\/uploads\\\/2021\\\/09\\\/micro-lenses-02.jpg\"},{\"@type\":\"BreadcrumbList\",\"@id\":\"https:\\\/\\\/www.accu-mold.com\\\/fr\\\/micro-molding-capabilities\\\/classifications-de-moule\\\/micro-electronics-molding\\\/#breadcrumb\",\"itemListElement\":[{\"@type\":\"ListItem\",\"position\":1,\"name\":\"Exceptional capabilities backed by exceptional people\",\"item\":\"https:\\\/\\\/www.accu-mold.com\\\/fr\\\/\"},{\"@type\":\"ListItem\",\"position\":2,\"name\":\"Micro Molding Capabilities\",\"item\":\"https:\\\/\\\/www.accu-mold.com\\\/fr\\\/micro-molding-capabilities\\\/\"},{\"@type\":\"ListItem\",\"position\":3,\"name\":\"Classifications de Moule\",\"item\":\"https:\\\/\\\/www.accu-mold.com\\\/fr\\\/micro-molding-capabilities\\\/classifications-de-moule\\\/\"},{\"@type\":\"ListItem\",\"position\":4,\"name\":\"Moulage pour la micro\u00e9lectronique\"}]},{\"@type\":\"WebSite\",\"@id\":\"https:\\\/\\\/www.accu-mold.com\\\/#website\",\"url\":\"https:\\\/\\\/www.accu-mold.com\\\/\",\"name\":\"Accu-Mold\",\"description\":\"Your Micro Mold\u00ae Tooling &amp; Production Partners\",\"publisher\":{\"@id\":\"https:\\\/\\\/www.accu-mold.com\\\/#organization\"},\"potentialAction\":[{\"@type\":\"SearchAction\",\"target\":{\"@type\":\"EntryPoint\",\"urlTemplate\":\"https:\\\/\\\/www.accu-mold.com\\\/?s={search_term_string}\"},\"query-input\":{\"@type\":\"PropertyValueSpecification\",\"valueRequired\":true,\"valueName\":\"search_term_string\"}}],\"inLanguage\":\"fr-FR\"},{\"@type\":\"Organization\",\"@id\":\"https:\\\/\\\/www.accu-mold.com\\\/#organization\",\"name\":\"https:\\\/\\\/www.accu-mold.com\\\/careers\\\/current-openings\\\/\",\"url\":\"https:\\\/\\\/www.accu-mold.com\\\/\",\"logo\":{\"@type\":\"ImageObject\",\"inLanguage\":\"fr-FR\",\"@id\":\"https:\\\/\\\/www.accu-mold.com\\\/#\\\/schema\\\/logo\\\/image\\\/\",\"url\":\"https:\\\/\\\/www.accu-mold.com\\\/wp-content\\\/uploads\\\/2022\\\/03\\\/accumold-vector-logo.svg\",\"contentUrl\":\"https:\\\/\\\/www.accu-mold.com\\\/wp-content\\\/uploads\\\/2022\\\/03\\\/accumold-vector-logo.svg\",\"caption\":\"https:\\\/\\\/www.accu-mold.com\\\/careers\\\/current-openings\\\/\"},\"image\":{\"@id\":\"https:\\\/\\\/www.accu-mold.com\\\/#\\\/schema\\\/logo\\\/image\\\/\"}}]}<\/script>\n<!-- \/ Yoast SEO Premium plugin. -->","yoast_head_json":{"title":"Micro-Electronics Molding | Accumold, World Leaders In Micro Molding","description":"Our specialized manufacturing process produces extremely small, high-precision thermoplastic parts and components with micron tolerances and features. Micro molding specifically for micro-electronics molding however, deals with microscopic circuit boards, lenses, and extremely delicate components.","robots":{"index":"index","follow":"follow","max-snippet":"max-snippet:-1","max-image-preview":"max-image-preview:large","max-video-preview":"max-video-preview:-1"},"canonical":"https:\/\/www.accu-mold.com\/fr\/micro-molding-capabilities\/classifications-de-moule\/micro-electronics-molding\/","og_locale":"fr_FR","og_type":"article","og_title":"Moulage pour la micro\u00e9lectronique","og_description":"Our specialized manufacturing process produces extremely small, high-precision thermoplastic parts and components with micron tolerances and features. Micro molding specifically for micro-electronics molding however, deals with microscopic circuit boards, lenses, and extremely delicate components.","og_url":"https:\/\/www.accu-mold.com\/fr\/micro-molding-capabilities\/classifications-de-moule\/micro-electronics-molding\/","og_site_name":"Accu-Mold","article_modified_time":"2023-08-28T10:40:43+00:00","og_image":[{"url":"https:\/\/www.accu-mold.com\/wp-content\/uploads\/2021\/09\/micro-lenses-02.jpg","type":"","width":"","height":""}],"twitter_card":"summary_large_image","twitter_misc":{"Est. reading time":"4 minutes"},"schema":{"@context":"https:\/\/schema.org","@graph":[{"@type":"WebPage","@id":"https:\/\/www.accu-mold.com\/fr\/micro-molding-capabilities\/classifications-de-moule\/micro-electronics-molding\/","url":"https:\/\/www.accu-mold.com\/fr\/micro-molding-capabilities\/classifications-de-moule\/micro-electronics-molding\/","name":"Micro-Electronics Molding | Accumold, World Leaders In Micro Molding","isPartOf":{"@id":"https:\/\/www.accu-mold.com\/#website"},"primaryImageOfPage":{"@id":"https:\/\/www.accu-mold.com\/fr\/micro-molding-capabilities\/classifications-de-moule\/micro-electronics-molding\/#primaryimage"},"image":{"@id":"https:\/\/www.accu-mold.com\/fr\/micro-molding-capabilities\/classifications-de-moule\/micro-electronics-molding\/#primaryimage"},"thumbnailUrl":"https:\/\/www.accu-mold.com\/wp-content\/uploads\/2021\/09\/micro-lenses-02.jpg","datePublished":"2020-09-11T11:23:50+00:00","dateModified":"2023-08-28T10:40:43+00:00","description":"Our specialized manufacturing process produces extremely small, high-precision thermoplastic parts and components with micron tolerances and features. Micro molding specifically for micro-electronics molding however, deals with microscopic circuit boards, lenses, and extremely delicate components.","breadcrumb":{"@id":"https:\/\/www.accu-mold.com\/fr\/micro-molding-capabilities\/classifications-de-moule\/micro-electronics-molding\/#breadcrumb"},"inLanguage":"fr-FR","potentialAction":[{"@type":"ReadAction","target":["https:\/\/www.accu-mold.com\/fr\/micro-molding-capabilities\/classifications-de-moule\/micro-electronics-molding\/"]}]},{"@type":"ImageObject","inLanguage":"fr-FR","@id":"https:\/\/www.accu-mold.com\/fr\/micro-molding-capabilities\/classifications-de-moule\/micro-electronics-molding\/#primaryimage","url":"https:\/\/www.accu-mold.com\/wp-content\/uploads\/2021\/09\/micro-lenses-02.jpg","contentUrl":"https:\/\/www.accu-mold.com\/wp-content\/uploads\/2021\/09\/micro-lenses-02.jpg"},{"@type":"BreadcrumbList","@id":"https:\/\/www.accu-mold.com\/fr\/micro-molding-capabilities\/classifications-de-moule\/micro-electronics-molding\/#breadcrumb","itemListElement":[{"@type":"ListItem","position":1,"name":"Exceptional capabilities backed by exceptional people","item":"https:\/\/www.accu-mold.com\/fr\/"},{"@type":"ListItem","position":2,"name":"Micro Molding Capabilities","item":"https:\/\/www.accu-mold.com\/fr\/micro-molding-capabilities\/"},{"@type":"ListItem","position":3,"name":"Classifications de Moule","item":"https:\/\/www.accu-mold.com\/fr\/micro-molding-capabilities\/classifications-de-moule\/"},{"@type":"ListItem","position":4,"name":"Moulage pour la micro\u00e9lectronique"}]},{"@type":"WebSite","@id":"https:\/\/www.accu-mold.com\/#website","url":"https:\/\/www.accu-mold.com\/","name":"Accu-Mold","description":"Your Micro Mold\u00ae Tooling &amp; Production Partners","publisher":{"@id":"https:\/\/www.accu-mold.com\/#organization"},"potentialAction":[{"@type":"SearchAction","target":{"@type":"EntryPoint","urlTemplate":"https:\/\/www.accu-mold.com\/?s={search_term_string}"},"query-input":{"@type":"PropertyValueSpecification","valueRequired":true,"valueName":"search_term_string"}}],"inLanguage":"fr-FR"},{"@type":"Organization","@id":"https:\/\/www.accu-mold.com\/#organization","name":"https:\/\/www.accu-mold.com\/careers\/current-openings\/","url":"https:\/\/www.accu-mold.com\/","logo":{"@type":"ImageObject","inLanguage":"fr-FR","@id":"https:\/\/www.accu-mold.com\/#\/schema\/logo\/image\/","url":"https:\/\/www.accu-mold.com\/wp-content\/uploads\/2022\/03\/accumold-vector-logo.svg","contentUrl":"https:\/\/www.accu-mold.com\/wp-content\/uploads\/2022\/03\/accumold-vector-logo.svg","caption":"https:\/\/www.accu-mold.com\/careers\/current-openings\/"},"image":{"@id":"https:\/\/www.accu-mold.com\/#\/schema\/logo\/image\/"}}]}},"_links":{"self":[{"href":"https:\/\/www.accu-mold.com\/fr\/wp-json\/wp\/v2\/pages\/19655","targetHints":{"allow":["GET"]}}],"collection":[{"href":"https:\/\/www.accu-mold.com\/fr\/wp-json\/wp\/v2\/pages"}],"about":[{"href":"https:\/\/www.accu-mold.com\/fr\/wp-json\/wp\/v2\/types\/page"}],"author":[{"embeddable":true,"href":"https:\/\/www.accu-mold.com\/fr\/wp-json\/wp\/v2\/users\/5"}],"replies":[{"embeddable":true,"href":"https:\/\/www.accu-mold.com\/fr\/wp-json\/wp\/v2\/comments?post=19655"}],"version-history":[{"count":3,"href":"https:\/\/www.accu-mold.com\/fr\/wp-json\/wp\/v2\/pages\/19655\/revisions"}],"predecessor-version":[{"id":20498,"href":"https:\/\/www.accu-mold.com\/fr\/wp-json\/wp\/v2\/pages\/19655\/revisions\/20498"}],"up":[{"embeddable":true,"href":"https:\/\/www.accu-mold.com\/fr\/wp-json\/wp\/v2\/pages\/5469"}],"wp:attachment":[{"href":"https:\/\/www.accu-mold.com\/fr\/wp-json\/wp\/v2\/media?parent=19655"}],"curies":[{"name":"wp","href":"https:\/\/api.w.org\/{rel}","templated":true}]}}