{"id":19650,"date":"2020-09-11T10:34:56","date_gmt":"2020-09-11T10:34:56","guid":{"rendered":"https:\/\/www.accu-mold.com\/micro-molding-capabilities\/classifications-de-moule\/micro-molding-for-emerging-technologies\/"},"modified":"2023-08-28T05:03:58","modified_gmt":"2023-08-28T10:03:58","slug":"micro-molding-for-emerging-technologies","status":"publish","type":"page","link":"https:\/\/www.accu-mold.com\/fr\/micro-molding-capabilities\/classifications-de-moule\/micro-molding-for-emerging-technologies\/","title":{"rendered":"Micro-moulage pour les technologies \u00e9mergentes"},"content":{"rendered":"\n<div class=\"wp-block-cover alignfull page-header has-custom-inner-width\" style=\"min-height:316px;--inner-container-width:1540px;aspect-ratio:unset;\"><span aria-hidden=\"true\" class=\"wp-block-cover__background has-primary-background-color has-background-dim-80 has-background-dim\"><\/span><img loading=\"lazy\" decoding=\"async\" width=\"1800\" height=\"1200\" class=\"wp-block-cover__image-background wp-image-16594\" alt=\"micro lens examples\" src=\"https:\/\/www.accu-mold.com\/wp-content\/uploads\/2021\/09\/micro-lenses-02.jpg\" data-object-fit=\"cover\" srcset=\"https:\/\/www.accu-mold.com\/wp-content\/uploads\/2021\/09\/micro-lenses-02.jpg 1800w, https:\/\/www.accu-mold.com\/wp-content\/uploads\/2021\/09\/micro-lenses-02-300x200.jpg 300w, https:\/\/www.accu-mold.com\/wp-content\/uploads\/2021\/09\/micro-lenses-02-1024x683.jpg 1024w, https:\/\/www.accu-mold.com\/wp-content\/uploads\/2021\/09\/micro-lenses-02-768x512.jpg 768w, https:\/\/www.accu-mold.com\/wp-content\/uploads\/2021\/09\/micro-lenses-02-1536x1024.jpg 1536w\" sizes=\"auto, (max-width: 1800px) 100vw, 1800px\" \/><div class=\"wp-block-cover__inner-container is-layout-flow wp-block-cover-is-layout-flow\">\n<h1 class=\"wp-block-heading\" id=\"h-technologies-emergentes\" style=\"font-size:64px\">Technologies \u00e9mergentes<\/h1>\n<\/div><\/div>\n\n\n\n<div style=\"height:60px\" aria-hidden=\"true\" class=\"wp-block-spacer\"><\/div>\n\n\n\n<p>Les tendances actuelles de miniaturisation des \u00e9quipementiers et les avanc\u00e9es technologiques dans de nombreux secteurs du march\u00e9 d\u00e9pendent de la capacit\u00e9 \u00e0 mouler des pi\u00e8ces dot\u00e9es de caract\u00e9ristiques plus petites que ce que l\u2019on pensait possible auparavant. Les technologies traditionnelles de moulage par injection ne permettant pas de respecter des tol\u00e9rances de l\u2019ordre du micron et de produire des caract\u00e9ristiques microscopiques, le micro-moulage pour les technologies \u00e9mergentes est un cr\u00e9neau en plein essor.<\/p>\n\n\n\n<div style=\"height:45px\" aria-hidden=\"true\" class=\"wp-block-spacer\"><\/div>\n\n\n\n<div class=\"wp-block-columns alignwide are-vertically-aligned-center col-large-2 col-medium-2 col-small-1 is-layout-flex wp-container-core-columns-is-layout-9d6595d7 wp-block-columns-is-layout-flex\">\n<div class=\"wp-block-column is-vertically-aligned-center is-layout-flow wp-block-column-is-layout-flow\" style=\"flex-basis:66.66%\">\n<h2 class=\"wp-block-heading has-primary-color has-text-color\" id=\"h-micro-moulage-pour-les-technologies-emergentes\">Micro-moulage pour les technologies \u00e9mergentes<\/h2>\n\n\n\n<p>Le micro-moulage pour les technologies \u00e9mergentes exige bien plus qu\u2019un simple investissement cons\u00e9quent dans des technologies d\u2019usinage et des \u00e9quipements de m\u00e9trologie de pointe pour garantir le respect des exigences relatives aux caract\u00e9ristiques des pi\u00e8ces. Bien souvent, le moulage \u00e0 des tol\u00e9rances de l\u2019ordre du micron exige que les thermoplastiques et les r\u00e9sines prennent des formes jug\u00e9es impossibles jusqu\u2019\u00e0 maintenant.<\/p>\n\n\n\n<p>Notre exp\u00e9rience, alli\u00e9e \u00e0 notre technologie interne, nous permet souvent de d\u00e9passer les sp\u00e9cifications \u00e9tablies par nos propres fournisseurs de r\u00e9sines. C\u2019est pourquoi nous conseillons aux ing\u00e9nieurs de faire appel \u00e0 nos ing\u00e9nieurs DFM d\u00e8s que possible. Nous avons peut-\u00eatre d\u00e9j\u00e0 produit un composant que votre \u00e9quipe pense \u00eatre impossible \u00e0 cr\u00e9er.<\/p>\n<\/div>\n\n\n\n<div class=\"wp-block-column is-vertically-aligned-center is-layout-flow wp-block-column-is-layout-flow\" style=\"flex-basis:33.33%\"><div class=\"wp-block-image\">\n<figure class=\"aligncenter\"><img loading=\"lazy\" decoding=\"async\" width=\"226\" height=\"226\" src=\"https:\/\/www.accu-mold.com\/wp-content\/uploads\/2020\/09\/micro-optics.jpg\" alt=\"Micro molded optics part with micro lenses\" class=\"wp-image-5591\" srcset=\"https:\/\/www.accu-mold.com\/wp-content\/uploads\/2020\/09\/micro-optics.jpg 226w, https:\/\/www.accu-mold.com\/wp-content\/uploads\/2020\/09\/micro-optics-150x150.jpg 150w\" sizes=\"auto, (max-width: 226px) 100vw, 226px\" \/><figcaption class=\"wp-element-caption\">This component has twelve 250 micron lenses and holds a 2-micron true position from post to post.<\/figcaption><\/figure>\n<\/div><\/div>\n<\/div>\n\n\n\n<div class=\"wp-block-columns alignwide are-vertically-aligned-center is-layout-flex wp-container-core-columns-is-layout-9d6595d7 wp-block-columns-is-layout-flex\">\n<div class=\"wp-block-column is-vertically-aligned-center is-layout-flow wp-block-column-is-layout-flow\" style=\"flex-basis:66.66%\">\n<h2 class=\"wp-block-heading has-primary-color has-text-color\" id=\"h-materiaux-de-micro-moulage-et-exemples\">Mat\u00e9riaux de micro-moulage et exemples<\/h2>\n\n\n\n<p>Accumold a r\u00e9alis\u00e9 des investissements importants dans des syst\u00e8mes de qualit\u00e9 et les \u00e9quipements n\u00e9cessaires afin de r\u00e9pondre aux exigences des op\u00e9rations de micro-moulage pour les technologies \u00e9mergentes, mais la plateforme de moulage en elle-m\u00eame n\u2019est pas suffisante. M\u00eame si nous devions c\u00e9der notre technologie (ce que nous ne ferions jamais), cela s\u2019apparenterait \u00e0 l\u2019id\u00e9e de donner un piano Steinway sans disposer d\u2019un pianiste de renomm\u00e9e mondiale pour jouer un morceau. La construction de l\u2019outil, le traitement des mat\u00e9riaux et la machine doivent tous fonctionner en parfaite harmonie pour obtenir des micro-pi\u00e8ces d\u2019une telle pr\u00e9cision.<\/p>\n<\/div>\n\n\n\n<div class=\"wp-block-column is-vertically-aligned-center is-layout-flow wp-block-column-is-layout-flow\" style=\"flex-basis:33.33%\"><div class=\"wp-block-image\">\n<figure class=\"aligncenter\"><img decoding=\"async\" src=\"https:\/\/www.accu-mold.com\/wp-content\/uploads\/2020\/09\/LCP-Liquid-Crystal-Polymer-277x300-2.png\" alt=\"Nylon Polyamide PPA - micro molding materials\"\/><figcaption class=\"wp-element-caption\">Nylon Polyamide PPA<\/figcaption><\/figure>\n<\/div><\/div>\n<\/div>\n\n\n\n<div class=\"wp-block-columns is-layout-flex wp-container-core-columns-is-layout-9d6595d7 wp-block-columns-is-layout-flex\">\n<div class=\"wp-block-column is-layout-flow wp-block-column-is-layout-flow\">\n<h3 class=\"wp-block-heading has-primary-color has-text-color\" id=\"h-exemples-de-composants\">Exemples de composants<\/h3>\n\n\n\n<p>Le micromoulage pour les technologies \u00e9mergentes n\u00e9cessite souvent des mat\u00e9riaux de nouvelle g\u00e9n\u00e9ration \u00e0 haute temp\u00e9rature tels que les nylons et le poly\u00e9therimide. \u00c9galement des mat\u00e9riaux de qualit\u00e9 optique tels que&nbsp;PC, COC, PMMA. Les mat\u00e9riaux m\u00e9lang\u00e9s sur mesure remplis pour l&#8217;att\u00e9nuation, la dissipation thermique, l&#8217;ESD et la conductivit\u00e9 sont \u00e9galement importants.<\/p>\n\n\n\n<p>De nouveaux mat\u00e9riaux sont d\u00e9velopp\u00e9s chaque jour et nos machines de micro-moulage internes sont hautement adaptables pour ex\u00e9cuter une tr\u00e8s large gamme de mat\u00e9riaux de micro-moulage.<\/p>\n<\/div>\n<\/div>\n\n\n\n<div class=\"wp-block-columns alignwide is-layout-flex wp-container-core-columns-is-layout-9d6595d7 wp-block-columns-is-layout-flex\">\n<div class=\"wp-block-column is-layout-flow wp-block-column-is-layout-flow\">\n<h3 class=\"wp-block-heading has-primary-color has-text-color\" id=\"h-exemples-de-composants-1\">Exemples de composants<\/h3>\n\n\n\n<p>Lentilles pour applications AR Composants pour des dispositifs portables tels que SCG (surveillance continue de la glyc\u00e9mie). Dispositifs d\u2019administration de m\u00e9dicaments, y compris les pompes portables. Dispositifs de microcapteurs. Composants de connectique de nouvelle g\u00e9n\u00e9ration.<\/p>\n<\/div>\n<\/div>\n\n\n\n<div class=\"wp-block-columns alignwide are-vertically-aligned-center col-large-2 col-medium-2 col-small-1 is-layout-flex wp-container-core-columns-is-layout-9d6595d7 wp-block-columns-is-layout-flex\">\n<div class=\"wp-block-column is-vertically-aligned-center is-layout-flow wp-block-column-is-layout-flow\" style=\"flex-basis:66.66%\">\n<h2 class=\"wp-block-heading has-primary-color has-text-color\" id=\"h-pourquoi-accumold\">Pourquoi Accumold\u00a0?<\/h2>\n\n\n\n<p>Accumold a d\u00e9marr\u00e9 son activit\u00e9 de micro-moulage il y a plus de 35\u00a0ans. Nous disposons de l\u2019une des \u00e9quipes de constructeurs d\u2019outils les plus exp\u00e9riment\u00e9es au monde, et notre exp\u00e9rience nous distingue r\u00e9ellement de nos concurrents.<\/p>\n\n\n\n<p>Notre sp\u00e9cialisation dans le micro-moulage automobile permet aux meilleurs ing\u00e9nieurs du monde de d\u00e9passer les normes traditionnelles du moulage par injection. Notre technologie permet d\u2019atteindre des tol\u00e9rances proches de l\u2019usinage, avec une meilleure r\u00e9p\u00e9tabilit\u00e9 \u00e0 des volumes \u00e9lev\u00e9s, et nos \u00e9quipes disposent d\u2019une grande exp\u00e9rience en mati\u00e8re d\u2019assemblages complexes et de d\u00e9lais de production rapides de l\u2019outillage requis.<\/p>\n\n\n\n<p>En outre, nous proposons des plateformes de micro-moulage (micro-molding\u00ae) et d\u2019automatisation hautement personnalisables.<\/p>\n<\/div>\n\n\n\n<div class=\"wp-block-column is-vertically-aligned-center is-layout-flow wp-block-column-is-layout-flow\" style=\"flex-basis:33.33%\"><div class=\"wp-block-image\">\n<figure class=\"aligncenter\"><img decoding=\"async\" src=\"https:\/\/www.accu-mold.com\/wp-content\/uploads\/2020\/09\/MedTechLive-300x225-1.jpg\" alt=\"Accumold at MedTechLive\"\/><\/figure>\n<\/div><\/div>\n<\/div>\n\n\n\n<div class=\"wp-block-columns alignwide is-layout-flex wp-container-core-columns-is-layout-9d6595d7 wp-block-columns-is-layout-flex\">\n<div class=\"wp-block-column is-layout-flow wp-block-column-is-layout-flow\">\n<h2 class=\"wp-block-heading has-primary-color has-text-color\" id=\"h-got-a-tricky-question\">Got A Tricky Question?<\/h2>\n\n\n\n<p>Send Our DFM Engineers A Message. (They like the attention.)<\/p>\n\n\n\n<script charset=\"utf-8\" type=\"text\/javascript\" src=\"\/\/js.hsforms.net\/forms\/embed\/v2.js\"><\/script>\n<script>\n  hbspt.forms.create({\n    region: \"na1\",\n    portalId: \"20439115\",\n    formId: \"29d47960-cdd0-4f9e-936d-75f09d842b7f\"\n  });\n<\/script>\n<\/div>\n<\/div>\n","protected":false},"excerpt":{"rendered":"<p>Les tendances actuelles de miniaturisation des \u00e9quipementiers et les avanc\u00e9es technologiques dans de nombreux secteurs du march\u00e9 d\u00e9pendent de la [&#8230;] <a class=\"more-link\" href=\"https:\/\/www.accu-mold.com\/fr\/micro-molding-capabilities\/classifications-de-moule\/micro-molding-for-emerging-technologies\/\">Read More<span class=\"screen-reader-text\">about Micro-moulage pour les technologies \u00e9mergentes<\/span><\/a><\/p>\n","protected":false},"author":5,"featured_media":0,"parent":5469,"menu_order":0,"comment_status":"closed","ping_status":"closed","template":"","meta":{"_acf_changed":false,"inline_featured_image":false,"_wd_proto_hide_page_title":false,"_wd_proto_page_body_class":"","_wd_proto_post_layout":"","footnotes":""},"class_list":["post-19650","page","type-page","status-publish","hentry"],"acf":[],"yoast_head":"<!-- This site is optimized with the Yoast SEO Premium plugin v27.3 (Yoast SEO v27.4) - https:\/\/yoast.com\/product\/yoast-seo-premium-wordpress\/ -->\n<title>Micro molding for emerging technologies | Accumold<\/title>\n<meta name=\"description\" content=\"Current OEM miniaturization trends depend on the ability to mold parts and features smaller than previously thought possible. As end-users demand more function in smaller and lighter packages, micro molding for emerging technologies is a rapidly growing niche.\" \/>\n<meta name=\"robots\" content=\"index, follow, max-snippet:-1, max-image-preview:large, max-video-preview:-1\" \/>\n<link rel=\"canonical\" href=\"https:\/\/www.accu-mold.com\/fr\/micro-molding-capabilities\/classifications-de-moule\/micro-molding-for-emerging-technologies\/\" \/>\n<meta property=\"og:locale\" content=\"fr_FR\" \/>\n<meta property=\"og:type\" content=\"article\" \/>\n<meta property=\"og:title\" content=\"Micro-moulage pour les technologies \u00e9mergentes\" \/>\n<meta property=\"og:description\" content=\"Current OEM miniaturization trends depend on the ability to mold parts and features smaller than previously thought possible. As end-users demand more function in smaller and lighter packages, micro molding for emerging technologies is a rapidly growing niche.\" \/>\n<meta property=\"og:url\" content=\"https:\/\/www.accu-mold.com\/fr\/micro-molding-capabilities\/classifications-de-moule\/micro-molding-for-emerging-technologies\/\" \/>\n<meta property=\"og:site_name\" content=\"Accu-Mold\" \/>\n<meta property=\"article:modified_time\" content=\"2023-08-28T10:03:58+00:00\" \/>\n<meta property=\"og:image\" content=\"https:\/\/www.accu-mold.com\/wp-content\/uploads\/2021\/09\/micro-lenses-02.jpg\" \/>\n<meta name=\"twitter:card\" content=\"summary_large_image\" \/>\n<meta name=\"twitter:label1\" content=\"Est. reading time\" \/>\n\t<meta name=\"twitter:data1\" content=\"4 minutes\" \/>\n<script type=\"application\/ld+json\" class=\"yoast-schema-graph\">{\"@context\":\"https:\\\/\\\/schema.org\",\"@graph\":[{\"@type\":\"WebPage\",\"@id\":\"https:\\\/\\\/www.accu-mold.com\\\/fr\\\/micro-molding-capabilities\\\/classifications-de-moule\\\/micro-molding-for-emerging-technologies\\\/\",\"url\":\"https:\\\/\\\/www.accu-mold.com\\\/fr\\\/micro-molding-capabilities\\\/classifications-de-moule\\\/micro-molding-for-emerging-technologies\\\/\",\"name\":\"Micro molding for emerging technologies | Accumold\",\"isPartOf\":{\"@id\":\"https:\\\/\\\/www.accu-mold.com\\\/#website\"},\"primaryImageOfPage\":{\"@id\":\"https:\\\/\\\/www.accu-mold.com\\\/fr\\\/micro-molding-capabilities\\\/classifications-de-moule\\\/micro-molding-for-emerging-technologies\\\/#primaryimage\"},\"image\":{\"@id\":\"https:\\\/\\\/www.accu-mold.com\\\/fr\\\/micro-molding-capabilities\\\/classifications-de-moule\\\/micro-molding-for-emerging-technologies\\\/#primaryimage\"},\"thumbnailUrl\":\"https:\\\/\\\/www.accu-mold.com\\\/wp-content\\\/uploads\\\/2021\\\/09\\\/micro-lenses-02.jpg\",\"datePublished\":\"2020-09-11T10:34:56+00:00\",\"dateModified\":\"2023-08-28T10:03:58+00:00\",\"description\":\"Current OEM miniaturization trends depend on the ability to mold parts and features smaller than previously thought possible. As end-users demand more function in smaller and lighter packages, micro molding for emerging technologies is a rapidly growing niche.\",\"breadcrumb\":{\"@id\":\"https:\\\/\\\/www.accu-mold.com\\\/fr\\\/micro-molding-capabilities\\\/classifications-de-moule\\\/micro-molding-for-emerging-technologies\\\/#breadcrumb\"},\"inLanguage\":\"fr-FR\",\"potentialAction\":[{\"@type\":\"ReadAction\",\"target\":[\"https:\\\/\\\/www.accu-mold.com\\\/fr\\\/micro-molding-capabilities\\\/classifications-de-moule\\\/micro-molding-for-emerging-technologies\\\/\"]}]},{\"@type\":\"ImageObject\",\"inLanguage\":\"fr-FR\",\"@id\":\"https:\\\/\\\/www.accu-mold.com\\\/fr\\\/micro-molding-capabilities\\\/classifications-de-moule\\\/micro-molding-for-emerging-technologies\\\/#primaryimage\",\"url\":\"https:\\\/\\\/www.accu-mold.com\\\/wp-content\\\/uploads\\\/2021\\\/09\\\/micro-lenses-02.jpg\",\"contentUrl\":\"https:\\\/\\\/www.accu-mold.com\\\/wp-content\\\/uploads\\\/2021\\\/09\\\/micro-lenses-02.jpg\"},{\"@type\":\"BreadcrumbList\",\"@id\":\"https:\\\/\\\/www.accu-mold.com\\\/fr\\\/micro-molding-capabilities\\\/classifications-de-moule\\\/micro-molding-for-emerging-technologies\\\/#breadcrumb\",\"itemListElement\":[{\"@type\":\"ListItem\",\"position\":1,\"name\":\"Exceptional capabilities backed by exceptional people\",\"item\":\"https:\\\/\\\/www.accu-mold.com\\\/fr\\\/\"},{\"@type\":\"ListItem\",\"position\":2,\"name\":\"Micro Molding Capabilities\",\"item\":\"https:\\\/\\\/www.accu-mold.com\\\/fr\\\/micro-molding-capabilities\\\/\"},{\"@type\":\"ListItem\",\"position\":3,\"name\":\"Classifications de Moule\",\"item\":\"https:\\\/\\\/www.accu-mold.com\\\/fr\\\/micro-molding-capabilities\\\/classifications-de-moule\\\/\"},{\"@type\":\"ListItem\",\"position\":4,\"name\":\"Micro-moulage pour les technologies \u00e9mergentes\"}]},{\"@type\":\"WebSite\",\"@id\":\"https:\\\/\\\/www.accu-mold.com\\\/#website\",\"url\":\"https:\\\/\\\/www.accu-mold.com\\\/\",\"name\":\"Accu-Mold\",\"description\":\"Your Micro Mold\u00ae Tooling &amp; Production Partners\",\"publisher\":{\"@id\":\"https:\\\/\\\/www.accu-mold.com\\\/#organization\"},\"potentialAction\":[{\"@type\":\"SearchAction\",\"target\":{\"@type\":\"EntryPoint\",\"urlTemplate\":\"https:\\\/\\\/www.accu-mold.com\\\/?s={search_term_string}\"},\"query-input\":{\"@type\":\"PropertyValueSpecification\",\"valueRequired\":true,\"valueName\":\"search_term_string\"}}],\"inLanguage\":\"fr-FR\"},{\"@type\":\"Organization\",\"@id\":\"https:\\\/\\\/www.accu-mold.com\\\/#organization\",\"name\":\"https:\\\/\\\/www.accu-mold.com\\\/careers\\\/current-openings\\\/\",\"url\":\"https:\\\/\\\/www.accu-mold.com\\\/\",\"logo\":{\"@type\":\"ImageObject\",\"inLanguage\":\"fr-FR\",\"@id\":\"https:\\\/\\\/www.accu-mold.com\\\/#\\\/schema\\\/logo\\\/image\\\/\",\"url\":\"https:\\\/\\\/www.accu-mold.com\\\/wp-content\\\/uploads\\\/2022\\\/03\\\/accumold-vector-logo.svg\",\"contentUrl\":\"https:\\\/\\\/www.accu-mold.com\\\/wp-content\\\/uploads\\\/2022\\\/03\\\/accumold-vector-logo.svg\",\"caption\":\"https:\\\/\\\/www.accu-mold.com\\\/careers\\\/current-openings\\\/\"},\"image\":{\"@id\":\"https:\\\/\\\/www.accu-mold.com\\\/#\\\/schema\\\/logo\\\/image\\\/\"}}]}<\/script>\n<!-- \/ Yoast SEO Premium plugin. -->","yoast_head_json":{"title":"Micro molding for emerging technologies | Accumold","description":"Current OEM miniaturization trends depend on the ability to mold parts and features smaller than previously thought possible. As end-users demand more function in smaller and lighter packages, micro molding for emerging technologies is a rapidly growing niche.","robots":{"index":"index","follow":"follow","max-snippet":"max-snippet:-1","max-image-preview":"max-image-preview:large","max-video-preview":"max-video-preview:-1"},"canonical":"https:\/\/www.accu-mold.com\/fr\/micro-molding-capabilities\/classifications-de-moule\/micro-molding-for-emerging-technologies\/","og_locale":"fr_FR","og_type":"article","og_title":"Micro-moulage pour les technologies \u00e9mergentes","og_description":"Current OEM miniaturization trends depend on the ability to mold parts and features smaller than previously thought possible. As end-users demand more function in smaller and lighter packages, micro molding for emerging technologies is a rapidly growing niche.","og_url":"https:\/\/www.accu-mold.com\/fr\/micro-molding-capabilities\/classifications-de-moule\/micro-molding-for-emerging-technologies\/","og_site_name":"Accu-Mold","article_modified_time":"2023-08-28T10:03:58+00:00","og_image":[{"url":"https:\/\/www.accu-mold.com\/wp-content\/uploads\/2021\/09\/micro-lenses-02.jpg","type":"","width":"","height":""}],"twitter_card":"summary_large_image","twitter_misc":{"Est. reading time":"4 minutes"},"schema":{"@context":"https:\/\/schema.org","@graph":[{"@type":"WebPage","@id":"https:\/\/www.accu-mold.com\/fr\/micro-molding-capabilities\/classifications-de-moule\/micro-molding-for-emerging-technologies\/","url":"https:\/\/www.accu-mold.com\/fr\/micro-molding-capabilities\/classifications-de-moule\/micro-molding-for-emerging-technologies\/","name":"Micro molding for emerging technologies | Accumold","isPartOf":{"@id":"https:\/\/www.accu-mold.com\/#website"},"primaryImageOfPage":{"@id":"https:\/\/www.accu-mold.com\/fr\/micro-molding-capabilities\/classifications-de-moule\/micro-molding-for-emerging-technologies\/#primaryimage"},"image":{"@id":"https:\/\/www.accu-mold.com\/fr\/micro-molding-capabilities\/classifications-de-moule\/micro-molding-for-emerging-technologies\/#primaryimage"},"thumbnailUrl":"https:\/\/www.accu-mold.com\/wp-content\/uploads\/2021\/09\/micro-lenses-02.jpg","datePublished":"2020-09-11T10:34:56+00:00","dateModified":"2023-08-28T10:03:58+00:00","description":"Current OEM miniaturization trends depend on the ability to mold parts and features smaller than previously thought possible. As end-users demand more function in smaller and lighter packages, micro molding for emerging technologies is a rapidly growing niche.","breadcrumb":{"@id":"https:\/\/www.accu-mold.com\/fr\/micro-molding-capabilities\/classifications-de-moule\/micro-molding-for-emerging-technologies\/#breadcrumb"},"inLanguage":"fr-FR","potentialAction":[{"@type":"ReadAction","target":["https:\/\/www.accu-mold.com\/fr\/micro-molding-capabilities\/classifications-de-moule\/micro-molding-for-emerging-technologies\/"]}]},{"@type":"ImageObject","inLanguage":"fr-FR","@id":"https:\/\/www.accu-mold.com\/fr\/micro-molding-capabilities\/classifications-de-moule\/micro-molding-for-emerging-technologies\/#primaryimage","url":"https:\/\/www.accu-mold.com\/wp-content\/uploads\/2021\/09\/micro-lenses-02.jpg","contentUrl":"https:\/\/www.accu-mold.com\/wp-content\/uploads\/2021\/09\/micro-lenses-02.jpg"},{"@type":"BreadcrumbList","@id":"https:\/\/www.accu-mold.com\/fr\/micro-molding-capabilities\/classifications-de-moule\/micro-molding-for-emerging-technologies\/#breadcrumb","itemListElement":[{"@type":"ListItem","position":1,"name":"Exceptional capabilities backed by exceptional people","item":"https:\/\/www.accu-mold.com\/fr\/"},{"@type":"ListItem","position":2,"name":"Micro Molding Capabilities","item":"https:\/\/www.accu-mold.com\/fr\/micro-molding-capabilities\/"},{"@type":"ListItem","position":3,"name":"Classifications de Moule","item":"https:\/\/www.accu-mold.com\/fr\/micro-molding-capabilities\/classifications-de-moule\/"},{"@type":"ListItem","position":4,"name":"Micro-moulage pour les technologies \u00e9mergentes"}]},{"@type":"WebSite","@id":"https:\/\/www.accu-mold.com\/#website","url":"https:\/\/www.accu-mold.com\/","name":"Accu-Mold","description":"Your Micro Mold\u00ae Tooling &amp; Production Partners","publisher":{"@id":"https:\/\/www.accu-mold.com\/#organization"},"potentialAction":[{"@type":"SearchAction","target":{"@type":"EntryPoint","urlTemplate":"https:\/\/www.accu-mold.com\/?s={search_term_string}"},"query-input":{"@type":"PropertyValueSpecification","valueRequired":true,"valueName":"search_term_string"}}],"inLanguage":"fr-FR"},{"@type":"Organization","@id":"https:\/\/www.accu-mold.com\/#organization","name":"https:\/\/www.accu-mold.com\/careers\/current-openings\/","url":"https:\/\/www.accu-mold.com\/","logo":{"@type":"ImageObject","inLanguage":"fr-FR","@id":"https:\/\/www.accu-mold.com\/#\/schema\/logo\/image\/","url":"https:\/\/www.accu-mold.com\/wp-content\/uploads\/2022\/03\/accumold-vector-logo.svg","contentUrl":"https:\/\/www.accu-mold.com\/wp-content\/uploads\/2022\/03\/accumold-vector-logo.svg","caption":"https:\/\/www.accu-mold.com\/careers\/current-openings\/"},"image":{"@id":"https:\/\/www.accu-mold.com\/#\/schema\/logo\/image\/"}}]}},"_links":{"self":[{"href":"https:\/\/www.accu-mold.com\/fr\/wp-json\/wp\/v2\/pages\/19650","targetHints":{"allow":["GET"]}}],"collection":[{"href":"https:\/\/www.accu-mold.com\/fr\/wp-json\/wp\/v2\/pages"}],"about":[{"href":"https:\/\/www.accu-mold.com\/fr\/wp-json\/wp\/v2\/types\/page"}],"author":[{"embeddable":true,"href":"https:\/\/www.accu-mold.com\/fr\/wp-json\/wp\/v2\/users\/5"}],"replies":[{"embeddable":true,"href":"https:\/\/www.accu-mold.com\/fr\/wp-json\/wp\/v2\/comments?post=19650"}],"version-history":[{"count":14,"href":"https:\/\/www.accu-mold.com\/fr\/wp-json\/wp\/v2\/pages\/19650\/revisions"}],"predecessor-version":[{"id":20494,"href":"https:\/\/www.accu-mold.com\/fr\/wp-json\/wp\/v2\/pages\/19650\/revisions\/20494"}],"up":[{"embeddable":true,"href":"https:\/\/www.accu-mold.com\/fr\/wp-json\/wp\/v2\/pages\/5469"}],"wp:attachment":[{"href":"https:\/\/www.accu-mold.com\/fr\/wp-json\/wp\/v2\/media?parent=19650"}],"curies":[{"name":"wp","href":"https:\/\/api.w.org\/{rel}","templated":true}]}}