{"id":19642,"date":"2020-09-11T09:09:36","date_gmt":"2020-09-11T09:09:36","guid":{"rendered":"https:\/\/www.accu-mold.com\/micro-molding-capabilities\/classifications-de-moule\/automotive-micro-molding\/"},"modified":"2023-08-28T04:16:25","modified_gmt":"2023-08-28T09:16:25","slug":"automotive-micro-molding","status":"publish","type":"page","link":"https:\/\/www.accu-mold.com\/fr\/micro-molding-capabilities\/classifications-de-moule\/automotive-micro-molding\/","title":{"rendered":"Micro-moulage automobile"},"content":{"rendered":"\n<div class=\"wp-block-cover alignfull page-header has-custom-inner-width\" style=\"min-height:316px;--inner-container-width:1540px;aspect-ratio:unset;\"><span aria-hidden=\"true\" class=\"wp-block-cover__background has-primary-background-color has-background-dim-80 has-background-dim\"><\/span><img loading=\"lazy\" decoding=\"async\" width=\"1800\" height=\"1200\" class=\"wp-block-cover__image-background wp-image-16594\" alt=\"micro lens examples\" src=\"https:\/\/www.accu-mold.com\/wp-content\/uploads\/2021\/09\/micro-lenses-02.jpg\" data-object-fit=\"cover\" srcset=\"https:\/\/www.accu-mold.com\/wp-content\/uploads\/2021\/09\/micro-lenses-02.jpg 1800w, https:\/\/www.accu-mold.com\/wp-content\/uploads\/2021\/09\/micro-lenses-02-300x200.jpg 300w, https:\/\/www.accu-mold.com\/wp-content\/uploads\/2021\/09\/micro-lenses-02-1024x683.jpg 1024w, https:\/\/www.accu-mold.com\/wp-content\/uploads\/2021\/09\/micro-lenses-02-768x512.jpg 768w, https:\/\/www.accu-mold.com\/wp-content\/uploads\/2021\/09\/micro-lenses-02-1536x1024.jpg 1536w\" sizes=\"auto, (max-width: 1800px) 100vw, 1800px\" \/><div class=\"wp-block-cover__inner-container is-layout-flow wp-block-cover-is-layout-flow\">\n<h1 class=\"wp-block-heading\" id=\"h-micro-moulage-automobile\" style=\"font-size:64px\">Micro-moulage automobile<\/h1>\n<\/div><\/div>\n\n\n\n<div style=\"height:64px\" aria-hidden=\"true\" class=\"wp-block-spacer\"><\/div>\n\n\n\n<p>\u00c0 mesure que la demande en technologies plus avanc\u00e9es augmente dans le monde de l\u2019automobile, la pression sur la microtechnologie s\u2019accro\u00eet. Les syst\u00e8mes embarqu\u00e9s, de la conduite autonome au confort de l\u2019habitacle, utilisent une grande vari\u00e9t\u00e9 de composants de micro\u00e9lectronique, de capteurs et d\u2019autres composants de petite taille. La plupart des ing\u00e9nieurs attendent de ces technologies ajout\u00e9es qu\u2019elles soient discr\u00e8tes, robustes et rentables. Le micro-moulage automobile est un processus qui peut aider les ing\u00e9nieurs \u00e0 r\u00e9pondre \u00e0 ces trois attentes.<\/p>\n\n\n\n<div class=\"wp-block-columns alignwide are-vertically-aligned-center is-layout-flex wp-container-core-columns-is-layout-9d6595d7 wp-block-columns-is-layout-flex\" style=\"--column-gutter:0px\">\n<div class=\"wp-block-column is-vertically-aligned-center is-layout-flow wp-block-column-is-layout-flow\" style=\"flex-basis:66.66%\">\n<h2 class=\"wp-block-heading has-primary-color has-text-color\" id=\"h-le-processus\">Le processus<\/h2>\n\n\n\n<p>La cha\u00eene d\u2019approvisionnement de l\u2019industrie automobile s\u2019appuie sur un processus de fabrication tr\u00e8s rigoureux. Toute entreprise fournissant des composants complexes, en particulier s\u2019ils sont micro-moul\u00e9s, doit avoir mis en place les syst\u00e8mes de qualit\u00e9 appropri\u00e9s, mais cela ne suffit pas. Il faut disposer des bons partenaires, qui sauront se concentrer sur l\u2019\u00e9volutivit\u00e9 et la durabilit\u00e9 afin de fabriquer ces composants cruciaux pour les ann\u00e9es \u00e0 venir. Les composants des syst\u00e8mes automobiles ne changent pas souvent et ne tol\u00e8rent aucune perturbation de la cha\u00eene d\u2019approvisionnement.<\/p>\n<\/div>\n\n\n\n<div class=\"wp-block-column is-vertically-aligned-center is-layout-flow wp-block-column-is-layout-flow\" style=\"flex-basis:33.33%\"><div class=\"wp-block-image\">\n<figure class=\"aligncenter\"><img decoding=\"async\" src=\"https:\/\/www.accu-mold.com\/wp-content\/uploads\/2020\/09\/LCP-Liquid-Crystal-Polymer-277x300-1.png\" alt=\"LCP Liquid Crystal Polymer - micro molding materials\"\/><figcaption class=\"wp-element-caption\">LCP Liquid Crystal Polymer<\/figcaption><\/figure>\n<\/div><\/div>\n<\/div>\n\n\n\n<div class=\"wp-block-columns alignwide is-layout-flex wp-container-core-columns-is-layout-9d6595d7 wp-block-columns-is-layout-flex\">\n<div class=\"wp-block-column is-layout-flow wp-block-column-is-layout-flow\" style=\"flex-basis:100%\">\n<h3 class=\"wp-block-heading has-primary-color has-text-color\" id=\"h-materiaux-frequemment-utilises-et-exemples\">Mat\u00e9riaux fr\u00e9quemment utilis\u00e9s et exemples<\/h3>\n\n\n\n<p>Chaque industrie a ses propres mat\u00e9riaux de pr\u00e9dilection tels que l\u2019ABS, le PC, le PMMA et le LCP, mais nous traitons \u00e9galement avec un grand nombre d\u2019\u00e9quipementiers et de fabricants qui ont besoin de nouveaux mat\u00e9riaux innovants.<\/p>\n\n\n\n<p>Parmi divers exemples de composants automobiles couramment produits par micro-moulage, on compte les bo\u00eetiers de capteurs, les \u00e9clairages, les connecteurs, les sous-composants \u00e9lectroniques et les joints de batterie.<\/p>\n\n\n\n<p>Notre plus grand composant de micro-moulage automobile \u00e0 ce jour est un bo\u00eetier de capteur de direction assist\u00e9e.<\/p>\n<\/div>\n<\/div>\n\n\n\n<div class=\"wp-block-columns alignwide are-vertically-aligned-center is-layout-flex wp-container-core-columns-is-layout-9d6595d7 wp-block-columns-is-layout-flex\">\n<div class=\"wp-block-column is-vertically-aligned-center is-layout-flow wp-block-column-is-layout-flow\" style=\"flex-basis:66.66%\">\n<h3 class=\"wp-block-heading has-primary-color has-text-color\" id=\"h-trois-aspects-importants-du-micro-moulage-automobile\">Trois aspects importants du micro-moulage automobile<\/h3>\n\n\n\n<ol class=\"wp-block-list\">\n<li>Il est pr\u00e9f\u00e9rable d\u2019entamer la conversation le plus t\u00f4t possible dans le processus de conception. Bien souvent, nous avons d\u00e9j\u00e0 mis en \u0153uvre des processus que les ing\u00e9nieurs consid\u00e8rent impossibles.<\/li>\n\n\n\n<li>Le processus de conception pour la fabrication (DFM) doit \u00eatre approfondi.<\/li>\n\n\n\n<li>Il est essentiel de comprendre le co\u00fbt total de possession lorsque vous comparez les prix et effectuez vos recherches.<\/li>\n<\/ol>\n<\/div>\n\n\n\n<div class=\"wp-block-column is-vertically-aligned-center is-layout-flow wp-block-column-is-layout-flow\" style=\"flex-basis:33.33%\"><div class=\"wp-block-image\">\n<figure class=\"aligncenter is-resized\"><img loading=\"lazy\" decoding=\"async\" src=\"https:\/\/www.accu-mold.com\/wp-content\/uploads\/2020\/09\/automative-electronics-1.jpg\" alt=\"Example of our largest automotive micro molding component. A power-steering sensor housing.\" width=\"240\" height=\"240\"\/><figcaption class=\"wp-element-caption\">Power-steering sensor housing.<\/figcaption><\/figure>\n<\/div><\/div>\n<\/div>\n\n\n\n<div class=\"wp-block-columns alignwide are-vertically-aligned-center is-layout-flex wp-container-core-columns-is-layout-9d6595d7 wp-block-columns-is-layout-flex\">\n<div class=\"wp-block-column is-vertically-aligned-center is-layout-flow wp-block-column-is-layout-flow\" style=\"flex-basis:66.66%\">\n<h2 class=\"wp-block-heading has-primary-color has-text-color\" id=\"h-pourquoi-accumold\">Pourquoi Accumold\u00a0?<\/h2>\n\n\n\n<p>Accumold a d\u00e9marr\u00e9 son activit\u00e9 de micro-moulage il y a plus de 35\u00a0ans. Nous disposons de l\u2019une des \u00e9quipes de constructeurs d\u2019outils les plus exp\u00e9riment\u00e9es au monde, et notre exp\u00e9rience nous distingue r\u00e9ellement de nos concurrents.<\/p>\n\n\n\n<p>Notre sp\u00e9cialisation dans le micro-moulage automobile permet aux meilleurs ing\u00e9nieurs du monde de d\u00e9passer les normes traditionnelles du moulage par injection. Notre technologie permet d\u2019atteindre des tol\u00e9rances proches de l\u2019usinage, avec une meilleure r\u00e9p\u00e9tabilit\u00e9 \u00e0 des volumes \u00e9lev\u00e9s, et nos \u00e9quipes disposent d\u2019une grande exp\u00e9rience en mati\u00e8re d\u2019assemblages complexes et de d\u00e9lais de production rapides de l\u2019outillage requis.<\/p>\n\n\n\n<p>En outre, nous proposons des plateformes de micro-moulage (micro-molding\u00ae) et d\u2019automatisation hautement personnalisables.<\/p>\n<\/div>\n\n\n\n<div class=\"wp-block-column is-vertically-aligned-center is-layout-flow wp-block-column-is-layout-flow\" style=\"flex-basis:33.33%\"><div class=\"wp-block-image\">\n<figure class=\"aligncenter is-resized\"><img decoding=\"async\" src=\"https:\/\/www.accu-mold.com\/wp-content\/uploads\/2020\/09\/MedTechLive-300x225-1.jpg\" alt=\"Accumold at MedTechLive\" width=\"400\"\/><\/figure>\n<\/div><\/div>\n<\/div>\n\n\n\n<h2 class=\"wp-block-heading has-primary-color has-text-color\" id=\"h-got-a-tricky-question\">Got A Tricky Question?<\/h2>\n\n\n\n<p>Send Our DFM Engineers A Message. (They like the attention.)<\/p>\n\n\n\n<script charset=\"utf-8\" type=\"text\/javascript\" src=\"\/\/js.hsforms.net\/forms\/embed\/v2.js\"><\/script>\n<script>\n  hbspt.forms.create({\n    region: \"na1\",\n    portalId: \"20439115\",\n    formId: \"29d47960-cdd0-4f9e-936d-75f09d842b7f\"\n  });\n<\/script>\n","protected":false},"excerpt":{"rendered":"<p>\u00c0 mesure que la demande en technologies plus avanc\u00e9es augmente dans le monde de l\u2019automobile, la pression sur la microtechnologie [&#8230;] <a class=\"more-link\" href=\"https:\/\/www.accu-mold.com\/fr\/micro-molding-capabilities\/classifications-de-moule\/automotive-micro-molding\/\">Read More<span class=\"screen-reader-text\">about Micro-moulage automobile<\/span><\/a><\/p>\n","protected":false},"author":5,"featured_media":0,"parent":5469,"menu_order":0,"comment_status":"closed","ping_status":"closed","template":"","meta":{"_acf_changed":false,"inline_featured_image":false,"_wd_proto_hide_page_title":false,"_wd_proto_page_body_class":"","_wd_proto_post_layout":"","footnotes":""},"class_list":["post-19642","page","type-page","status-publish","hentry"],"acf":[],"yoast_head":"<!-- This site is optimized with the Yoast SEO Premium plugin v27.3 (Yoast SEO v27.4) - https:\/\/yoast.com\/product\/yoast-seo-premium-wordpress\/ -->\n<title>Automotive Micro Molding | Accumold<\/title>\n<meta name=\"description\" content=\"On-board systems for autonomous driving to cabin comfort employ a wide variety of microelectronics, sensors and other small components. Automotive micro molding is one enabling processes that can help engineers reduce bulk and increase efficiency.\" \/>\n<meta name=\"robots\" content=\"index, follow, max-snippet:-1, max-image-preview:large, max-video-preview:-1\" \/>\n<link rel=\"canonical\" href=\"https:\/\/www.accu-mold.com\/fr\/micro-molding-capabilities\/classifications-de-moule\/automotive-micro-molding\/\" \/>\n<meta property=\"og:locale\" content=\"fr_FR\" \/>\n<meta property=\"og:type\" content=\"article\" \/>\n<meta property=\"og:title\" content=\"Micro-moulage automobile\" \/>\n<meta property=\"og:description\" content=\"On-board systems for autonomous driving to cabin comfort employ a wide variety of microelectronics, sensors and other small components. Automotive micro molding is one enabling processes that can help engineers reduce bulk and increase efficiency.\" \/>\n<meta property=\"og:url\" content=\"https:\/\/www.accu-mold.com\/fr\/micro-molding-capabilities\/classifications-de-moule\/automotive-micro-molding\/\" \/>\n<meta property=\"og:site_name\" content=\"Accu-Mold\" \/>\n<meta property=\"article:modified_time\" content=\"2023-08-28T09:16:25+00:00\" \/>\n<meta property=\"og:image\" content=\"https:\/\/www.accu-mold.com\/wp-content\/uploads\/2021\/09\/micro-lenses-02.jpg\" \/>\n<meta name=\"twitter:card\" content=\"summary_large_image\" \/>\n<meta name=\"twitter:label1\" content=\"Est. reading time\" \/>\n\t<meta name=\"twitter:data1\" content=\"3 minutes\" \/>\n<script type=\"application\/ld+json\" class=\"yoast-schema-graph\">{\"@context\":\"https:\\\/\\\/schema.org\",\"@graph\":[{\"@type\":\"WebPage\",\"@id\":\"https:\\\/\\\/www.accu-mold.com\\\/fr\\\/micro-molding-capabilities\\\/classifications-de-moule\\\/automotive-micro-molding\\\/\",\"url\":\"https:\\\/\\\/www.accu-mold.com\\\/fr\\\/micro-molding-capabilities\\\/classifications-de-moule\\\/automotive-micro-molding\\\/\",\"name\":\"Automotive Micro Molding | Accumold\",\"isPartOf\":{\"@id\":\"https:\\\/\\\/www.accu-mold.com\\\/#website\"},\"primaryImageOfPage\":{\"@id\":\"https:\\\/\\\/www.accu-mold.com\\\/fr\\\/micro-molding-capabilities\\\/classifications-de-moule\\\/automotive-micro-molding\\\/#primaryimage\"},\"image\":{\"@id\":\"https:\\\/\\\/www.accu-mold.com\\\/fr\\\/micro-molding-capabilities\\\/classifications-de-moule\\\/automotive-micro-molding\\\/#primaryimage\"},\"thumbnailUrl\":\"https:\\\/\\\/www.accu-mold.com\\\/wp-content\\\/uploads\\\/2021\\\/09\\\/micro-lenses-02.jpg\",\"datePublished\":\"2020-09-11T09:09:36+00:00\",\"dateModified\":\"2023-08-28T09:16:25+00:00\",\"description\":\"On-board systems for autonomous driving to cabin comfort employ a wide variety of microelectronics, sensors and other small components. Automotive micro molding is one enabling processes that can help engineers reduce bulk and increase efficiency.\",\"breadcrumb\":{\"@id\":\"https:\\\/\\\/www.accu-mold.com\\\/fr\\\/micro-molding-capabilities\\\/classifications-de-moule\\\/automotive-micro-molding\\\/#breadcrumb\"},\"inLanguage\":\"fr-FR\",\"potentialAction\":[{\"@type\":\"ReadAction\",\"target\":[\"https:\\\/\\\/www.accu-mold.com\\\/fr\\\/micro-molding-capabilities\\\/classifications-de-moule\\\/automotive-micro-molding\\\/\"]}]},{\"@type\":\"ImageObject\",\"inLanguage\":\"fr-FR\",\"@id\":\"https:\\\/\\\/www.accu-mold.com\\\/fr\\\/micro-molding-capabilities\\\/classifications-de-moule\\\/automotive-micro-molding\\\/#primaryimage\",\"url\":\"https:\\\/\\\/www.accu-mold.com\\\/wp-content\\\/uploads\\\/2021\\\/09\\\/micro-lenses-02.jpg\",\"contentUrl\":\"https:\\\/\\\/www.accu-mold.com\\\/wp-content\\\/uploads\\\/2021\\\/09\\\/micro-lenses-02.jpg\"},{\"@type\":\"BreadcrumbList\",\"@id\":\"https:\\\/\\\/www.accu-mold.com\\\/fr\\\/micro-molding-capabilities\\\/classifications-de-moule\\\/automotive-micro-molding\\\/#breadcrumb\",\"itemListElement\":[{\"@type\":\"ListItem\",\"position\":1,\"name\":\"Exceptional capabilities backed by exceptional people\",\"item\":\"https:\\\/\\\/www.accu-mold.com\\\/fr\\\/\"},{\"@type\":\"ListItem\",\"position\":2,\"name\":\"Micro Molding Capabilities\",\"item\":\"https:\\\/\\\/www.accu-mold.com\\\/fr\\\/micro-molding-capabilities\\\/\"},{\"@type\":\"ListItem\",\"position\":3,\"name\":\"Classifications de Moule\",\"item\":\"https:\\\/\\\/www.accu-mold.com\\\/fr\\\/micro-molding-capabilities\\\/classifications-de-moule\\\/\"},{\"@type\":\"ListItem\",\"position\":4,\"name\":\"Micro-moulage automobile\"}]},{\"@type\":\"WebSite\",\"@id\":\"https:\\\/\\\/www.accu-mold.com\\\/#website\",\"url\":\"https:\\\/\\\/www.accu-mold.com\\\/\",\"name\":\"Accu-Mold\",\"description\":\"Your Micro Mold\u00ae Tooling &amp; Production Partners\",\"publisher\":{\"@id\":\"https:\\\/\\\/www.accu-mold.com\\\/#organization\"},\"potentialAction\":[{\"@type\":\"SearchAction\",\"target\":{\"@type\":\"EntryPoint\",\"urlTemplate\":\"https:\\\/\\\/www.accu-mold.com\\\/?s={search_term_string}\"},\"query-input\":{\"@type\":\"PropertyValueSpecification\",\"valueRequired\":true,\"valueName\":\"search_term_string\"}}],\"inLanguage\":\"fr-FR\"},{\"@type\":\"Organization\",\"@id\":\"https:\\\/\\\/www.accu-mold.com\\\/#organization\",\"name\":\"https:\\\/\\\/www.accu-mold.com\\\/careers\\\/current-openings\\\/\",\"url\":\"https:\\\/\\\/www.accu-mold.com\\\/\",\"logo\":{\"@type\":\"ImageObject\",\"inLanguage\":\"fr-FR\",\"@id\":\"https:\\\/\\\/www.accu-mold.com\\\/#\\\/schema\\\/logo\\\/image\\\/\",\"url\":\"https:\\\/\\\/www.accu-mold.com\\\/wp-content\\\/uploads\\\/2022\\\/03\\\/accumold-vector-logo.svg\",\"contentUrl\":\"https:\\\/\\\/www.accu-mold.com\\\/wp-content\\\/uploads\\\/2022\\\/03\\\/accumold-vector-logo.svg\",\"caption\":\"https:\\\/\\\/www.accu-mold.com\\\/careers\\\/current-openings\\\/\"},\"image\":{\"@id\":\"https:\\\/\\\/www.accu-mold.com\\\/#\\\/schema\\\/logo\\\/image\\\/\"}}]}<\/script>\n<!-- \/ Yoast SEO Premium plugin. -->","yoast_head_json":{"title":"Automotive Micro Molding | Accumold","description":"On-board systems for autonomous driving to cabin comfort employ a wide variety of microelectronics, sensors and other small components. Automotive micro molding is one enabling processes that can help engineers reduce bulk and increase efficiency.","robots":{"index":"index","follow":"follow","max-snippet":"max-snippet:-1","max-image-preview":"max-image-preview:large","max-video-preview":"max-video-preview:-1"},"canonical":"https:\/\/www.accu-mold.com\/fr\/micro-molding-capabilities\/classifications-de-moule\/automotive-micro-molding\/","og_locale":"fr_FR","og_type":"article","og_title":"Micro-moulage automobile","og_description":"On-board systems for autonomous driving to cabin comfort employ a wide variety of microelectronics, sensors and other small components. Automotive micro molding is one enabling processes that can help engineers reduce bulk and increase efficiency.","og_url":"https:\/\/www.accu-mold.com\/fr\/micro-molding-capabilities\/classifications-de-moule\/automotive-micro-molding\/","og_site_name":"Accu-Mold","article_modified_time":"2023-08-28T09:16:25+00:00","og_image":[{"url":"https:\/\/www.accu-mold.com\/wp-content\/uploads\/2021\/09\/micro-lenses-02.jpg","type":"","width":"","height":""}],"twitter_card":"summary_large_image","twitter_misc":{"Est. reading time":"3 minutes"},"schema":{"@context":"https:\/\/schema.org","@graph":[{"@type":"WebPage","@id":"https:\/\/www.accu-mold.com\/fr\/micro-molding-capabilities\/classifications-de-moule\/automotive-micro-molding\/","url":"https:\/\/www.accu-mold.com\/fr\/micro-molding-capabilities\/classifications-de-moule\/automotive-micro-molding\/","name":"Automotive Micro Molding | Accumold","isPartOf":{"@id":"https:\/\/www.accu-mold.com\/#website"},"primaryImageOfPage":{"@id":"https:\/\/www.accu-mold.com\/fr\/micro-molding-capabilities\/classifications-de-moule\/automotive-micro-molding\/#primaryimage"},"image":{"@id":"https:\/\/www.accu-mold.com\/fr\/micro-molding-capabilities\/classifications-de-moule\/automotive-micro-molding\/#primaryimage"},"thumbnailUrl":"https:\/\/www.accu-mold.com\/wp-content\/uploads\/2021\/09\/micro-lenses-02.jpg","datePublished":"2020-09-11T09:09:36+00:00","dateModified":"2023-08-28T09:16:25+00:00","description":"On-board systems for autonomous driving to cabin comfort employ a wide variety of microelectronics, sensors and other small components. Automotive micro molding is one enabling processes that can help engineers reduce bulk and increase efficiency.","breadcrumb":{"@id":"https:\/\/www.accu-mold.com\/fr\/micro-molding-capabilities\/classifications-de-moule\/automotive-micro-molding\/#breadcrumb"},"inLanguage":"fr-FR","potentialAction":[{"@type":"ReadAction","target":["https:\/\/www.accu-mold.com\/fr\/micro-molding-capabilities\/classifications-de-moule\/automotive-micro-molding\/"]}]},{"@type":"ImageObject","inLanguage":"fr-FR","@id":"https:\/\/www.accu-mold.com\/fr\/micro-molding-capabilities\/classifications-de-moule\/automotive-micro-molding\/#primaryimage","url":"https:\/\/www.accu-mold.com\/wp-content\/uploads\/2021\/09\/micro-lenses-02.jpg","contentUrl":"https:\/\/www.accu-mold.com\/wp-content\/uploads\/2021\/09\/micro-lenses-02.jpg"},{"@type":"BreadcrumbList","@id":"https:\/\/www.accu-mold.com\/fr\/micro-molding-capabilities\/classifications-de-moule\/automotive-micro-molding\/#breadcrumb","itemListElement":[{"@type":"ListItem","position":1,"name":"Exceptional capabilities backed by exceptional people","item":"https:\/\/www.accu-mold.com\/fr\/"},{"@type":"ListItem","position":2,"name":"Micro Molding Capabilities","item":"https:\/\/www.accu-mold.com\/fr\/micro-molding-capabilities\/"},{"@type":"ListItem","position":3,"name":"Classifications de Moule","item":"https:\/\/www.accu-mold.com\/fr\/micro-molding-capabilities\/classifications-de-moule\/"},{"@type":"ListItem","position":4,"name":"Micro-moulage automobile"}]},{"@type":"WebSite","@id":"https:\/\/www.accu-mold.com\/#website","url":"https:\/\/www.accu-mold.com\/","name":"Accu-Mold","description":"Your Micro Mold\u00ae Tooling &amp; Production Partners","publisher":{"@id":"https:\/\/www.accu-mold.com\/#organization"},"potentialAction":[{"@type":"SearchAction","target":{"@type":"EntryPoint","urlTemplate":"https:\/\/www.accu-mold.com\/?s={search_term_string}"},"query-input":{"@type":"PropertyValueSpecification","valueRequired":true,"valueName":"search_term_string"}}],"inLanguage":"fr-FR"},{"@type":"Organization","@id":"https:\/\/www.accu-mold.com\/#organization","name":"https:\/\/www.accu-mold.com\/careers\/current-openings\/","url":"https:\/\/www.accu-mold.com\/","logo":{"@type":"ImageObject","inLanguage":"fr-FR","@id":"https:\/\/www.accu-mold.com\/#\/schema\/logo\/image\/","url":"https:\/\/www.accu-mold.com\/wp-content\/uploads\/2022\/03\/accumold-vector-logo.svg","contentUrl":"https:\/\/www.accu-mold.com\/wp-content\/uploads\/2022\/03\/accumold-vector-logo.svg","caption":"https:\/\/www.accu-mold.com\/careers\/current-openings\/"},"image":{"@id":"https:\/\/www.accu-mold.com\/#\/schema\/logo\/image\/"}}]}},"_links":{"self":[{"href":"https:\/\/www.accu-mold.com\/fr\/wp-json\/wp\/v2\/pages\/19642","targetHints":{"allow":["GET"]}}],"collection":[{"href":"https:\/\/www.accu-mold.com\/fr\/wp-json\/wp\/v2\/pages"}],"about":[{"href":"https:\/\/www.accu-mold.com\/fr\/wp-json\/wp\/v2\/types\/page"}],"author":[{"embeddable":true,"href":"https:\/\/www.accu-mold.com\/fr\/wp-json\/wp\/v2\/users\/5"}],"replies":[{"embeddable":true,"href":"https:\/\/www.accu-mold.com\/fr\/wp-json\/wp\/v2\/comments?post=19642"}],"version-history":[{"count":8,"href":"https:\/\/www.accu-mold.com\/fr\/wp-json\/wp\/v2\/pages\/19642\/revisions"}],"predecessor-version":[{"id":20478,"href":"https:\/\/www.accu-mold.com\/fr\/wp-json\/wp\/v2\/pages\/19642\/revisions\/20478"}],"up":[{"embeddable":true,"href":"https:\/\/www.accu-mold.com\/fr\/wp-json\/wp\/v2\/pages\/5469"}],"wp:attachment":[{"href":"https:\/\/www.accu-mold.com\/fr\/wp-json\/wp\/v2\/media?parent=19642"}],"curies":[{"name":"wp","href":"https:\/\/api.w.org\/{rel}","templated":true}]}}