{"id":5526,"date":"2020-09-18T15:48:02","date_gmt":"2020-09-18T15:48:02","guid":{"rendered":"http:\/\/accumold51932.ewaycorphosting.com\/sobre-nosotros\/la-historia-de-accumold\/"},"modified":"2022-08-02T14:15:48","modified_gmt":"2022-08-02T14:15:48","slug":"la-historia-de-accumold","status":"publish","type":"page","link":"https:\/\/www.accu-mold.com\/es\/sobre-nosotros\/la-historia-de-accumold\/","title":{"rendered":"La historia de Accumold"},"content":{"rendered":"\n<div class=\"wp-block-cover alignfull page-header has-custom-inner-width\" style=\"min-height:316px;--inner-container-width:1400px;aspect-ratio:unset;\"><span aria-hidden=\"true\" class=\"wp-block-cover__background has-primary-background-color has-background-dim-80 has-background-dim\"><\/span><img decoding=\"async\" class=\"wp-block-cover__image-background wp-image-16599\" alt=\"micro lens examples\" src=\"https:\/\/www.accu-mold.com\/wp-content\/uploads\/2021\/09\/micro-lenses-02.jpg\" data-object-fit=\"cover\"\/><div class=\"wp-block-cover__inner-container is-layout-flow wp-block-cover-is-layout-flow\">\n<h1 class=\"wp-block-heading\" style=\"font-size:64px\">La historia de Accumold<\/h1>\n<\/div><\/div>\n\n\n\n<div style=\"height:60px\" aria-hidden=\"true\" class=\"wp-block-spacer\"><\/div>\n\n\n\n<div class=\"wp-block-columns alignwide is-layout-flex wp-container-core-columns-is-layout-9d6595d7 wp-block-columns-is-layout-flex\">\n<div class=\"wp-block-column is-layout-flow wp-block-column-is-layout-flow\" style=\"flex-basis:66.66%\">\n<h2 class=\"wp-block-heading\">MICRO ES NUESTRA DEDICACI\u00d3N DESDE 1985<a href=\"https:\/\/www.accu-mold.com\/wp-content\/uploads\/2020\/09\/accumold-circa-1985-300x210-1.jpg\"><\/a><\/h2>\n\n\n\n<p>Como muchas otras grandes start-ups, Accumold empez\u00f3 sus operaciones en un garaje de alquiler. Nuestros fundadores descubrieron que hab\u00eda una creciente necesidad de producir componentes moldeados por inyecci\u00f3n de tama\u00f1os peque\u00f1os y microsc\u00f3picos, los cuales iban m\u00e1s all\u00e1 de lo que la tecnolog\u00eda existente de la \u00e9poca permit\u00eda. Este descubrimiento les llev\u00f3 a la invenci\u00f3n de nuestra primera plataforma de micromoldeado (Micro-Mold) en 1985<\/p>\n\n\n\n<p>Desde dicha fecha, hemos mantenido nuestra m\u00e1xima dedicaci\u00f3n en el arte y ciencia del micromoldeado por inyecci\u00f3n. A decir verdad, Accumold, es la \u00fanica empresa que se ha dedicado de manera constante al mundo del micromoldeado desde hace m\u00e1s de 30 a\u00f1os. Mantenemos nuestro compromiso de servir a empresas de alto nivel tecnol\u00f3gico que requieren de grandes cantidades de peque\u00f1as y complejas partes micromoldeadas con la m\u00e1xima calidad y rapidez.<\/p>\n<\/div>\n\n\n\n<div class=\"wp-block-column is-layout-flow wp-block-column-is-layout-flow\" style=\"flex-basis:33.33%\">\n<figure class=\"wp-block-image\"><img decoding=\"async\" src=\"https:\/\/www.accu-mold.com\/wp-content\/uploads\/2021\/10\/accumold-circa-1985-300x210-1.jpg\" alt=\"Early micro mold components next to a penny\" title=\"accumold-circa-1985-300x210-1\"\/><figcaption>MICROMOLDEADO POR ACCUMOLD DESDE 1985.<\/figcaption><\/figure>\n<\/div>\n<\/div>\n\n\n\n<div class=\"wp-block-columns alignwide is-layout-flex wp-container-core-columns-is-layout-9d6595d7 wp-block-columns-is-layout-flex\">\n<div class=\"wp-block-column is-layout-flow wp-block-column-is-layout-flow\" style=\"flex-basis:66.66%\">\n<h2 class=\"wp-block-heading\">Experiencia En Producir Partes Con La Mayor Exactitud<\/h2>\n\n\n\n<p>Algunas empresas de moldeado de inyecci\u00f3n a gran escala adquieren maquinaria de moldeado m\u00e1s peque\u00f1o y despu\u00e9s dicen ofrecer procesos de micromoldeado. Pero solamente una m\u00e1quina no puede producir con la precisi\u00f3n que dichas partes requieren.<\/p>\n\n\n\n<p>Entender la f\u00edsica, la ciencia de los materiales y la capacidad de producci\u00f3n en el micromoldeado es tan importante como las m\u00e1quinas y los instrumentos.<\/p>\n\n\n\n<p>Accumold ha sido experta en micromoldeado durante m\u00e1s de tres d\u00e9cadas, y muchos de nuestros profesionales han estado con nosotros durante toda su vida laboral. No obstante, seguimos invirtiendo en conocimiento con los m\u00e1s inteligentes y habilidosos t\u00e9cnicos de la industria. Tenemos un acuerdo de larga duraci\u00f3n con Des Moines Area Community College (DMACC), la cual ofrece una de las mejores educaciones y programas de aprendizaje para productores de herramientas en todos los Estados Unidos. Un gran n\u00famero de graduados en el DMACC aportan su talento directamente a Accumold.<\/p>\n\n\n\n<p>Learn more about our&nbsp;<a href=\"http:\/\/www.accumoldscholars.com\/\" target=\"_blank\" rel=\"noreferrer noopener\">Accumold Scholars<\/a>&nbsp;program in partnership with the State of Iowa and DMACC.<\/p>\n<\/div>\n\n\n\n<div class=\"wp-block-column is-layout-flow wp-block-column-is-layout-flow\" style=\"flex-basis:33.33%\">\n<figure class=\"wp-block-image\"><img decoding=\"async\" src=\"https:\/\/www.accu-mold.com\/wp-content\/uploads\/2021\/04\/tool-room.jpg\" alt=\"Accumold engineer inspects a mold in the tool room\" title=\"Accumold engineer inspects a mold in the tool room\"\/><figcaption>Expertos en producci\u00f3n de utensilios y moldes<\/figcaption><\/figure>\n<\/div>\n<\/div>\n\n\n\n<h2 class=\"alignwide wp-block-heading\">\n\t\tMarkets Served\n\t<\/h2>\n\n\n\n<ul class=\"wp-block-list\"><li>Micro Electr\u00f3nica<\/li><li>Electr\u00f3nica Automovil\u00edstica<\/li><li>Fibra\/Micro \u00d3ptica<\/li><li>Medicina<\/li><li>Tecnolog\u00edas Emergentes<\/li><\/ul>\n","protected":false},"excerpt":{"rendered":"<p>MICRO ES NUESTRA DEDICACI\u00d3N DESDE 1985 Como muchas otras grandes start-ups, Accumold empez\u00f3 sus operaciones en un garaje de alquiler. [&#8230;] <a class=\"more-link\" href=\"https:\/\/www.accu-mold.com\/es\/sobre-nosotros\/la-historia-de-accumold\/\">Read More<span class=\"screen-reader-text\">about La historia de Accumold<\/span><\/a><\/p>\n","protected":false},"author":5,"featured_media":0,"parent":5252,"menu_order":0,"comment_status":"closed","ping_status":"closed","template":"","meta":{"_acf_changed":false,"inline_featured_image":false,"_wd_proto_hide_page_title":false,"_wd_proto_page_body_class":"","_wd_proto_post_layout":"","footnotes":""},"class_list":["post-5526","page","type-page","status-publish","hentry"],"acf":[],"yoast_head":"<!-- This site is optimized with the Yoast SEO Premium plugin v27.5 (Yoast SEO v27.5) - https:\/\/yoast.com\/product\/yoast-seo-premium-wordpress\/ -->\n<title>La historia de Accumold - Accu-Mold<\/title>\n<meta name=\"robots\" content=\"index, follow, max-snippet:-1, max-image-preview:large, max-video-preview:-1\" \/>\n<link rel=\"canonical\" href=\"https:\/\/www.accu-mold.com\/es\/sobre-nosotros\/la-historia-de-accumold\/\" \/>\n<meta property=\"og:locale\" content=\"es_ES\" \/>\n<meta property=\"og:type\" content=\"article\" \/>\n<meta property=\"og:title\" content=\"La historia de Accumold\" \/>\n<meta property=\"og:description\" content=\"MICRO ES NUESTRA DEDICACI\u00d3N DESDE 1985 Como muchas otras grandes start-ups, Accumold empez\u00f3 sus operaciones en un garaje de alquiler. [...] Read Moreabout La historia de Accumold\" \/>\n<meta property=\"og:url\" content=\"https:\/\/www.accu-mold.com\/es\/sobre-nosotros\/la-historia-de-accumold\/\" \/>\n<meta property=\"og:site_name\" content=\"Accu-Mold\" \/>\n<meta property=\"article:modified_time\" content=\"2022-08-02T14:15:48+00:00\" \/>\n<meta property=\"og:image\" content=\"https:\/\/www.accu-mold.com\/wp-content\/uploads\/2021\/09\/micro-lenses-02.jpg\" \/>\n<meta name=\"twitter:card\" content=\"summary_large_image\" \/>\n<meta name=\"twitter:label1\" content=\"Est. reading time\" \/>\n\t<meta name=\"twitter:data1\" content=\"2 minutes\" \/>\n<script type=\"application\/ld+json\" class=\"yoast-schema-graph\">{\"@context\":\"https:\\\/\\\/schema.org\",\"@graph\":[{\"@type\":\"WebPage\",\"@id\":\"https:\\\/\\\/www.accu-mold.com\\\/es\\\/sobre-nosotros\\\/la-historia-de-accumold\\\/\",\"url\":\"https:\\\/\\\/www.accu-mold.com\\\/es\\\/sobre-nosotros\\\/la-historia-de-accumold\\\/\",\"name\":\"La historia de Accumold - Accu-Mold\",\"isPartOf\":{\"@id\":\"https:\\\/\\\/www.accu-mold.com\\\/#website\"},\"primaryImageOfPage\":{\"@id\":\"https:\\\/\\\/www.accu-mold.com\\\/es\\\/sobre-nosotros\\\/la-historia-de-accumold\\\/#primaryimage\"},\"image\":{\"@id\":\"https:\\\/\\\/www.accu-mold.com\\\/es\\\/sobre-nosotros\\\/la-historia-de-accumold\\\/#primaryimage\"},\"thumbnailUrl\":\"https:\\\/\\\/www.accu-mold.com\\\/wp-content\\\/uploads\\\/2021\\\/09\\\/micro-lenses-02.jpg\",\"datePublished\":\"2020-09-18T15:48:02+00:00\",\"dateModified\":\"2022-08-02T14:15:48+00:00\",\"breadcrumb\":{\"@id\":\"https:\\\/\\\/www.accu-mold.com\\\/es\\\/sobre-nosotros\\\/la-historia-de-accumold\\\/#breadcrumb\"},\"inLanguage\":\"es-ES\",\"potentialAction\":[{\"@type\":\"ReadAction\",\"target\":[\"https:\\\/\\\/www.accu-mold.com\\\/es\\\/sobre-nosotros\\\/la-historia-de-accumold\\\/\"]}]},{\"@type\":\"ImageObject\",\"inLanguage\":\"es-ES\",\"@id\":\"https:\\\/\\\/www.accu-mold.com\\\/es\\\/sobre-nosotros\\\/la-historia-de-accumold\\\/#primaryimage\",\"url\":\"https:\\\/\\\/www.accu-mold.com\\\/wp-content\\\/uploads\\\/2021\\\/09\\\/micro-lenses-02.jpg\",\"contentUrl\":\"https:\\\/\\\/www.accu-mold.com\\\/wp-content\\\/uploads\\\/2021\\\/09\\\/micro-lenses-02.jpg\"},{\"@type\":\"BreadcrumbList\",\"@id\":\"https:\\\/\\\/www.accu-mold.com\\\/es\\\/sobre-nosotros\\\/la-historia-de-accumold\\\/#breadcrumb\",\"itemListElement\":[{\"@type\":\"ListItem\",\"position\":1,\"name\":\"Exceptional capabilities backed by exceptional people\",\"item\":\"https:\\\/\\\/www.accu-mold.com\\\/es\\\/\"},{\"@type\":\"ListItem\",\"position\":2,\"name\":\"Sobre Nosotros\",\"item\":\"https:\\\/\\\/www.accu-mold.com\\\/es\\\/sobre-nosotros\\\/\"},{\"@type\":\"ListItem\",\"position\":3,\"name\":\"La historia de Accumold\"}]},{\"@type\":\"WebSite\",\"@id\":\"https:\\\/\\\/www.accu-mold.com\\\/#website\",\"url\":\"https:\\\/\\\/www.accu-mold.com\\\/\",\"name\":\"Accu-Mold\",\"description\":\"Your Micro Mold\u00ae Tooling &amp; Production Partners\",\"publisher\":{\"@id\":\"https:\\\/\\\/www.accu-mold.com\\\/#organization\"},\"potentialAction\":[{\"@type\":\"SearchAction\",\"target\":{\"@type\":\"EntryPoint\",\"urlTemplate\":\"https:\\\/\\\/www.accu-mold.com\\\/?s={search_term_string}\"},\"query-input\":{\"@type\":\"PropertyValueSpecification\",\"valueRequired\":true,\"valueName\":\"search_term_string\"}}],\"inLanguage\":\"es-ES\"},{\"@type\":\"Organization\",\"@id\":\"https:\\\/\\\/www.accu-mold.com\\\/#organization\",\"name\":\"https:\\\/\\\/www.accu-mold.com\\\/careers\\\/current-openings\\\/\",\"url\":\"https:\\\/\\\/www.accu-mold.com\\\/\",\"logo\":{\"@type\":\"ImageObject\",\"inLanguage\":\"es-ES\",\"@id\":\"https:\\\/\\\/www.accu-mold.com\\\/#\\\/schema\\\/logo\\\/image\\\/\",\"url\":\"https:\\\/\\\/www.accu-mold.com\\\/wp-content\\\/uploads\\\/2022\\\/03\\\/accumold-vector-logo.svg\",\"contentUrl\":\"https:\\\/\\\/www.accu-mold.com\\\/wp-content\\\/uploads\\\/2022\\\/03\\\/accumold-vector-logo.svg\",\"caption\":\"https:\\\/\\\/www.accu-mold.com\\\/careers\\\/current-openings\\\/\"},\"image\":{\"@id\":\"https:\\\/\\\/www.accu-mold.com\\\/#\\\/schema\\\/logo\\\/image\\\/\"}}]}<\/script>\n<!-- \/ Yoast SEO Premium plugin. -->","yoast_head_json":{"title":"La historia de Accumold - Accu-Mold","robots":{"index":"index","follow":"follow","max-snippet":"max-snippet:-1","max-image-preview":"max-image-preview:large","max-video-preview":"max-video-preview:-1"},"canonical":"https:\/\/www.accu-mold.com\/es\/sobre-nosotros\/la-historia-de-accumold\/","og_locale":"es_ES","og_type":"article","og_title":"La historia de Accumold","og_description":"MICRO ES NUESTRA DEDICACI\u00d3N DESDE 1985 Como muchas otras grandes start-ups, Accumold empez\u00f3 sus operaciones en un garaje de alquiler. [...] Read Moreabout La historia de Accumold","og_url":"https:\/\/www.accu-mold.com\/es\/sobre-nosotros\/la-historia-de-accumold\/","og_site_name":"Accu-Mold","article_modified_time":"2022-08-02T14:15:48+00:00","og_image":[{"url":"https:\/\/www.accu-mold.com\/wp-content\/uploads\/2021\/09\/micro-lenses-02.jpg","type":"","width":"","height":""}],"twitter_card":"summary_large_image","twitter_misc":{"Est. reading time":"2 minutes"},"schema":{"@context":"https:\/\/schema.org","@graph":[{"@type":"WebPage","@id":"https:\/\/www.accu-mold.com\/es\/sobre-nosotros\/la-historia-de-accumold\/","url":"https:\/\/www.accu-mold.com\/es\/sobre-nosotros\/la-historia-de-accumold\/","name":"La historia de Accumold - Accu-Mold","isPartOf":{"@id":"https:\/\/www.accu-mold.com\/#website"},"primaryImageOfPage":{"@id":"https:\/\/www.accu-mold.com\/es\/sobre-nosotros\/la-historia-de-accumold\/#primaryimage"},"image":{"@id":"https:\/\/www.accu-mold.com\/es\/sobre-nosotros\/la-historia-de-accumold\/#primaryimage"},"thumbnailUrl":"https:\/\/www.accu-mold.com\/wp-content\/uploads\/2021\/09\/micro-lenses-02.jpg","datePublished":"2020-09-18T15:48:02+00:00","dateModified":"2022-08-02T14:15:48+00:00","breadcrumb":{"@id":"https:\/\/www.accu-mold.com\/es\/sobre-nosotros\/la-historia-de-accumold\/#breadcrumb"},"inLanguage":"es-ES","potentialAction":[{"@type":"ReadAction","target":["https:\/\/www.accu-mold.com\/es\/sobre-nosotros\/la-historia-de-accumold\/"]}]},{"@type":"ImageObject","inLanguage":"es-ES","@id":"https:\/\/www.accu-mold.com\/es\/sobre-nosotros\/la-historia-de-accumold\/#primaryimage","url":"https:\/\/www.accu-mold.com\/wp-content\/uploads\/2021\/09\/micro-lenses-02.jpg","contentUrl":"https:\/\/www.accu-mold.com\/wp-content\/uploads\/2021\/09\/micro-lenses-02.jpg"},{"@type":"BreadcrumbList","@id":"https:\/\/www.accu-mold.com\/es\/sobre-nosotros\/la-historia-de-accumold\/#breadcrumb","itemListElement":[{"@type":"ListItem","position":1,"name":"Exceptional capabilities backed by exceptional people","item":"https:\/\/www.accu-mold.com\/es\/"},{"@type":"ListItem","position":2,"name":"Sobre Nosotros","item":"https:\/\/www.accu-mold.com\/es\/sobre-nosotros\/"},{"@type":"ListItem","position":3,"name":"La historia de Accumold"}]},{"@type":"WebSite","@id":"https:\/\/www.accu-mold.com\/#website","url":"https:\/\/www.accu-mold.com\/","name":"Accu-Mold","description":"Your Micro Mold\u00ae Tooling &amp; Production Partners","publisher":{"@id":"https:\/\/www.accu-mold.com\/#organization"},"potentialAction":[{"@type":"SearchAction","target":{"@type":"EntryPoint","urlTemplate":"https:\/\/www.accu-mold.com\/?s={search_term_string}"},"query-input":{"@type":"PropertyValueSpecification","valueRequired":true,"valueName":"search_term_string"}}],"inLanguage":"es-ES"},{"@type":"Organization","@id":"https:\/\/www.accu-mold.com\/#organization","name":"https:\/\/www.accu-mold.com\/careers\/current-openings\/","url":"https:\/\/www.accu-mold.com\/","logo":{"@type":"ImageObject","inLanguage":"es-ES","@id":"https:\/\/www.accu-mold.com\/#\/schema\/logo\/image\/","url":"https:\/\/www.accu-mold.com\/wp-content\/uploads\/2022\/03\/accumold-vector-logo.svg","contentUrl":"https:\/\/www.accu-mold.com\/wp-content\/uploads\/2022\/03\/accumold-vector-logo.svg","caption":"https:\/\/www.accu-mold.com\/careers\/current-openings\/"},"image":{"@id":"https:\/\/www.accu-mold.com\/#\/schema\/logo\/image\/"}}]}},"_links":{"self":[{"href":"https:\/\/www.accu-mold.com\/es\/wp-json\/wp\/v2\/pages\/5526","targetHints":{"allow":["GET"]}}],"collection":[{"href":"https:\/\/www.accu-mold.com\/es\/wp-json\/wp\/v2\/pages"}],"about":[{"href":"https:\/\/www.accu-mold.com\/es\/wp-json\/wp\/v2\/types\/page"}],"author":[{"embeddable":true,"href":"https:\/\/www.accu-mold.com\/es\/wp-json\/wp\/v2\/users\/5"}],"replies":[{"embeddable":true,"href":"https:\/\/www.accu-mold.com\/es\/wp-json\/wp\/v2\/comments?post=5526"}],"version-history":[{"count":4,"href":"https:\/\/www.accu-mold.com\/es\/wp-json\/wp\/v2\/pages\/5526\/revisions"}],"predecessor-version":[{"id":18084,"href":"https:\/\/www.accu-mold.com\/es\/wp-json\/wp\/v2\/pages\/5526\/revisions\/18084"}],"up":[{"embeddable":true,"href":"https:\/\/www.accu-mold.com\/es\/wp-json\/wp\/v2\/pages\/5252"}],"wp:attachment":[{"href":"https:\/\/www.accu-mold.com\/es\/wp-json\/wp\/v2\/media?parent=5526"}],"curies":[{"name":"wp","href":"https:\/\/api.w.org\/{rel}","templated":true}]}}