{"id":5521,"date":"2020-09-18T14:58:58","date_gmt":"2020-09-18T14:58:58","guid":{"rendered":"http:\/\/accumold51932.ewaycorphosting.com\/capacidades-de-micromoldeado\/procesos-internos\/"},"modified":"2022-08-02T14:30:54","modified_gmt":"2022-08-02T14:30:54","slug":"procesos-internos","status":"publish","type":"page","link":"https:\/\/www.accu-mold.com\/es\/capacidades-de-micromoldeado\/procesos-internos\/","title":{"rendered":"Procesos Internos"},"content":{"rendered":"\n<div class=\"wp-block-cover alignfull page-header has-custom-inner-width\" style=\"min-height:316px;--inner-container-width:1400px;aspect-ratio:unset;\"><span aria-hidden=\"true\" class=\"wp-block-cover__background has-primary-background-color has-background-dim-80 has-background-dim\"><\/span><img decoding=\"async\" class=\"wp-block-cover__image-background wp-image-16599\" alt=\"micro lens examples\" src=\"https:\/\/www.accu-mold.com\/wp-content\/uploads\/2021\/09\/micro-lenses-02.jpg\" data-object-fit=\"cover\"\/><div class=\"wp-block-cover__inner-container is-layout-flow wp-block-cover-is-layout-flow\">\n<h1 class=\"wp-block-heading\" style=\"font-size:64px\">Procesos Internos<\/h1>\n<\/div><\/div>\n\n\n\n<div style=\"height:80px\" aria-hidden=\"true\" class=\"wp-block-spacer\"><\/div>\n\n\n\n<p>Para cubrir la creciente demanda de nuestros clientes, Accumold tiene una gran variedad de capacidades para producir las herramientas y moldes para el micromoldeado, adem\u00e1s de experiencia en la automatizaci\u00f3n, producci\u00f3n y empaquetado.<\/p>\n\n\n\n<div style=\"height:40px\" aria-hidden=\"true\" class=\"wp-block-spacer\"><\/div>\n\n\n\n<div class=\"wp-block-group alignwide\"><div class=\"wp-block-group__inner-container is-layout-flow wp-block-group-is-layout-flow\">\n<div class=\"wp-block-columns are-vertically-aligned-center is-layout-flex wp-container-core-columns-is-layout-9d6595d7 wp-block-columns-is-layout-flex\">\n<div class=\"wp-block-column is-vertically-aligned-center is-layout-flow wp-block-column-is-layout-flow\" style=\"flex-basis:33.33%\"><div class=\"wp-block-image\">\n<figure class=\"aligncenter\"><img decoding=\"async\" src=\"https:\/\/www.accu-mold.com\/wp-content\/uploads\/2020\/09\/in-house-mold-build.jpg\" alt=\"in-house-mold-build\" title=\"in-house-mold-build\"\/><\/figure>\n<\/div><\/div>\n\n\n\n<div class=\"wp-block-column is-vertically-aligned-center is-layout-flow wp-block-column-is-layout-flow\" style=\"flex-basis:66.66%\">\n<h2 class=\"wp-block-heading\">Herramientas para el micromoldeado<\/h2>\n\n\n\n<p>Controlar el dise\u00f1o y producci\u00f3n del molde a usar es un proceso esencial para el \u00e9xito de cualquier proyecto de micromoldeado. Accumold cuenta con recursos internos para el dise\u00f1o, producci\u00f3n y mantenimiento de herramientas que operan a contrarreloj. Estos recursos internos tambi\u00e9n tienen un rol crucial en el proceso de validaci\u00f3n, cambios en el producto y el continuo mantenimiento preventivo.<\/p>\n\n\n\n<p>Las probabilidades de \u00e9xito se incrementan exponencialmente cuando la planificaci\u00f3n del proyecto y la producci\u00f3n, el tiempo y la ejecuci\u00f3n del mismo recaen sobre una misma empresa.<\/p>\n<\/div>\n<\/div>\n<\/div><\/div>\n\n\n\n<div style=\"height:40px\" aria-hidden=\"true\" class=\"wp-block-spacer\"><\/div>\n\n\n\n<div class=\"wp-block-group alignwide\"><div class=\"wp-block-group__inner-container is-layout-flow wp-block-group-is-layout-flow\">\n<div class=\"wp-block-columns are-vertically-aligned-center is-layout-flex wp-container-core-columns-is-layout-9d6595d7 wp-block-columns-is-layout-flex\">\n<div class=\"wp-block-column is-vertically-aligned-center is-layout-flow wp-block-column-is-layout-flow\" style=\"flex-basis:33.33%\"><div class=\"wp-block-image\">\n<figure class=\"aligncenter is-resized\"><img decoding=\"async\" src=\"https:\/\/www.accu-mold.com\/wp-content\/uploads\/2020\/09\/IsenPhoto_303-300x200-1.jpg\" alt=\"Woman working in a clean room\" height=\"300\" title=\"IsenPhoto_303-300x200\"\/><\/figure>\n<\/div><\/div>\n\n\n\n<div class=\"wp-block-column is-vertically-aligned-center is-layout-flow wp-block-column-is-layout-flow\" style=\"flex-basis:66.66%\">\n<h2 class=\"wp-block-heading\">Producci\u00f3n Propia<\/h2>\n\n\n\n<p>Como complemento a la produccion interna de herramientas y moldes de Accumold, nuestras instalaciones est\u00e1n tambi\u00e9n dise\u00f1adas para producir. Accumold cuenta con m\u00e1s de 150 prensas dedicadas al micro- y peque\u00f1o moldeado. Funcionando 24 horas al d\u00eda, 7 d\u00edas a la semana, nuestras instalaciones son capaces de producir en grandes cantidades para satisfacer las demandas de nuestros clientes, llevando un simple prototipo a una producci\u00f3n que se cuenta en millones al mes.<\/p>\n\n\n\n<p>El equipo de producci\u00f3n de Accumold trabaja junto con nuestros equipos de instrumentaci\u00f3n y mantenimiento para garantizar la calidad, exactitud y puntualidad de nuestros productos.<\/p>\n<\/div>\n<\/div>\n<\/div><\/div>\n\n\n\n<div style=\"height:40px\" aria-hidden=\"true\" class=\"wp-block-spacer\"><\/div>\n\n\n\n<div class=\"wp-block-group alignwide\"><div class=\"wp-block-group__inner-container is-layout-flow wp-block-group-is-layout-flow\">\n<div class=\"wp-block-columns are-vertically-aligned-center is-layout-flex wp-container-core-columns-is-layout-9d6595d7 wp-block-columns-is-layout-flex\">\n<div class=\"wp-block-column is-vertically-aligned-center is-layout-flow wp-block-column-is-layout-flow\" style=\"flex-basis:33.33%\"><div class=\"wp-block-image\">\n<figure class=\"aligncenter\"><img decoding=\"async\" src=\"https:\/\/www.accu-mold.com\/wp-content\/uploads\/2020\/09\/custom-automation-packaging.jpg\" alt=\"custom-automation-packaging\" title=\"custom-automation-packaging\"\/><\/figure>\n<\/div><\/div>\n\n\n\n<div class=\"wp-block-column is-vertically-aligned-center is-layout-flow wp-block-column-is-layout-flow\" style=\"flex-basis:66.66%\">\n<h2 class=\"wp-block-heading\">Automatizaci\u00f3n Y Embalaje<\/h2>\n\n\n\n<p>El modo en que las piezas son manejadas y embaladas es tan importante como la manera en que son producidas. Accumold ofrece automatizaci\u00f3n y embalaje interno a medida, incluyendo embalaje carrete a carrete, subconjuntos ligeros, moldeo de plomo y simulaci\u00f3n, inspecci\u00f3n en l\u00ednea, o cualquier otro tipo de proceso secundario a medida.<\/p>\n\n\n\n<p>Accumold automatiza el proceso y prepara cuidadosamente los componentes durante el embalaje. De esta manera, no solo se protegen las piezas durante el traslado, sino que tambi\u00e9n las hace r\u00e1pidamente accesibles para la l\u00ednea de producci\u00f3n de nuestro cliente. Esta atenci\u00f3n al detalle completa el proceso de micromoldeado y muchas veces supone la diferencia entre el \u00e9xito y el fracaso.<\/p>\n<\/div>\n<\/div>\n<\/div><\/div>\n","protected":false},"excerpt":{"rendered":"<p>Para cubrir la creciente demanda de nuestros clientes, Accumold tiene una gran variedad de capacidades para producir las herramientas y [&#8230;] <a class=\"more-link\" href=\"https:\/\/www.accu-mold.com\/es\/capacidades-de-micromoldeado\/procesos-internos\/\">Read More<span class=\"screen-reader-text\">about Procesos Internos<\/span><\/a><\/p>\n","protected":false},"author":5,"featured_media":0,"parent":6237,"menu_order":0,"comment_status":"closed","ping_status":"closed","template":"","meta":{"_acf_changed":false,"inline_featured_image":false,"_wd_proto_hide_page_title":false,"_wd_proto_page_body_class":"","_wd_proto_post_layout":"","footnotes":""},"class_list":["post-5521","page","type-page","status-publish","hentry"],"acf":[],"yoast_head":"<!-- This site is optimized with the Yoast SEO Premium plugin v27.3 (Yoast SEO v27.4) - https:\/\/yoast.com\/product\/yoast-seo-premium-wordpress\/ -->\n<title>Micro Mold Tooling, Processes Automation and Packaging Resources<\/title>\n<meta name=\"description\" content=\"To meet accelerated customer demand, Accumold has an extensive array of in-house micro mold tooling capabilities and state of the art automation, production and\u00a0effecient\u00a0packaging experience.\" \/>\n<meta name=\"robots\" content=\"index, follow, max-snippet:-1, max-image-preview:large, max-video-preview:-1\" \/>\n<link rel=\"canonical\" href=\"https:\/\/www.accu-mold.com\/es\/capacidades-de-micromoldeado\/procesos-internos\/\" \/>\n<meta property=\"og:locale\" content=\"es_ES\" \/>\n<meta property=\"og:type\" content=\"article\" \/>\n<meta property=\"og:title\" content=\"Procesos Internos\" \/>\n<meta property=\"og:description\" content=\"To meet accelerated customer demand, Accumold has an extensive array of in-house micro mold tooling capabilities and state of the art automation, production and\u00a0effecient\u00a0packaging experience.\" \/>\n<meta property=\"og:url\" content=\"https:\/\/www.accu-mold.com\/es\/capacidades-de-micromoldeado\/procesos-internos\/\" \/>\n<meta property=\"og:site_name\" content=\"Accu-Mold\" \/>\n<meta property=\"article:modified_time\" content=\"2022-08-02T14:30:54+00:00\" \/>\n<meta property=\"og:image\" content=\"https:\/\/www.accu-mold.com\/wp-content\/uploads\/2021\/09\/micro-lenses-02.jpg\" \/>\n<meta name=\"twitter:card\" content=\"summary_large_image\" \/>\n<meta name=\"twitter:label1\" content=\"Est. reading time\" \/>\n\t<meta name=\"twitter:data1\" content=\"2 minutes\" \/>\n<script type=\"application\/ld+json\" class=\"yoast-schema-graph\">{\"@context\":\"https:\\\/\\\/schema.org\",\"@graph\":[{\"@type\":\"WebPage\",\"@id\":\"https:\\\/\\\/www.accu-mold.com\\\/es\\\/capacidades-de-micromoldeado\\\/procesos-internos\\\/\",\"url\":\"https:\\\/\\\/www.accu-mold.com\\\/es\\\/capacidades-de-micromoldeado\\\/procesos-internos\\\/\",\"name\":\"Micro Mold Tooling, Processes Automation and Packaging Resources\",\"isPartOf\":{\"@id\":\"https:\\\/\\\/www.accu-mold.com\\\/#website\"},\"primaryImageOfPage\":{\"@id\":\"https:\\\/\\\/www.accu-mold.com\\\/es\\\/capacidades-de-micromoldeado\\\/procesos-internos\\\/#primaryimage\"},\"image\":{\"@id\":\"https:\\\/\\\/www.accu-mold.com\\\/es\\\/capacidades-de-micromoldeado\\\/procesos-internos\\\/#primaryimage\"},\"thumbnailUrl\":\"https:\\\/\\\/www.accu-mold.com\\\/wp-content\\\/uploads\\\/2021\\\/09\\\/micro-lenses-02.jpg\",\"datePublished\":\"2020-09-18T14:58:58+00:00\",\"dateModified\":\"2022-08-02T14:30:54+00:00\",\"description\":\"To meet accelerated customer demand, Accumold has an extensive array of in-house micro mold tooling capabilities and state of the art automation, production and\u00a0effecient\u00a0packaging experience.\",\"breadcrumb\":{\"@id\":\"https:\\\/\\\/www.accu-mold.com\\\/es\\\/capacidades-de-micromoldeado\\\/procesos-internos\\\/#breadcrumb\"},\"inLanguage\":\"es-ES\",\"potentialAction\":[{\"@type\":\"ReadAction\",\"target\":[\"https:\\\/\\\/www.accu-mold.com\\\/es\\\/capacidades-de-micromoldeado\\\/procesos-internos\\\/\"]}]},{\"@type\":\"ImageObject\",\"inLanguage\":\"es-ES\",\"@id\":\"https:\\\/\\\/www.accu-mold.com\\\/es\\\/capacidades-de-micromoldeado\\\/procesos-internos\\\/#primaryimage\",\"url\":\"https:\\\/\\\/www.accu-mold.com\\\/wp-content\\\/uploads\\\/2021\\\/09\\\/micro-lenses-02.jpg\",\"contentUrl\":\"https:\\\/\\\/www.accu-mold.com\\\/wp-content\\\/uploads\\\/2021\\\/09\\\/micro-lenses-02.jpg\"},{\"@type\":\"BreadcrumbList\",\"@id\":\"https:\\\/\\\/www.accu-mold.com\\\/es\\\/capacidades-de-micromoldeado\\\/procesos-internos\\\/#breadcrumb\",\"itemListElement\":[{\"@type\":\"ListItem\",\"position\":1,\"name\":\"Exceptional capabilities backed by exceptional people\",\"item\":\"https:\\\/\\\/www.accu-mold.com\\\/es\\\/\"},{\"@type\":\"ListItem\",\"position\":2,\"name\":\"Micro Molding Capabilities\",\"item\":\"https:\\\/\\\/www.accu-mold.com\\\/es\\\/capacidades-de-micromoldeado\\\/\"},{\"@type\":\"ListItem\",\"position\":3,\"name\":\"Procesos Internos\"}]},{\"@type\":\"WebSite\",\"@id\":\"https:\\\/\\\/www.accu-mold.com\\\/#website\",\"url\":\"https:\\\/\\\/www.accu-mold.com\\\/\",\"name\":\"Accu-Mold\",\"description\":\"Your Micro Mold\u00ae Tooling &amp; Production Partners\",\"publisher\":{\"@id\":\"https:\\\/\\\/www.accu-mold.com\\\/#organization\"},\"potentialAction\":[{\"@type\":\"SearchAction\",\"target\":{\"@type\":\"EntryPoint\",\"urlTemplate\":\"https:\\\/\\\/www.accu-mold.com\\\/?s={search_term_string}\"},\"query-input\":{\"@type\":\"PropertyValueSpecification\",\"valueRequired\":true,\"valueName\":\"search_term_string\"}}],\"inLanguage\":\"es-ES\"},{\"@type\":\"Organization\",\"@id\":\"https:\\\/\\\/www.accu-mold.com\\\/#organization\",\"name\":\"https:\\\/\\\/www.accu-mold.com\\\/careers\\\/current-openings\\\/\",\"url\":\"https:\\\/\\\/www.accu-mold.com\\\/\",\"logo\":{\"@type\":\"ImageObject\",\"inLanguage\":\"es-ES\",\"@id\":\"https:\\\/\\\/www.accu-mold.com\\\/#\\\/schema\\\/logo\\\/image\\\/\",\"url\":\"https:\\\/\\\/www.accu-mold.com\\\/wp-content\\\/uploads\\\/2022\\\/03\\\/accumold-vector-logo.svg\",\"contentUrl\":\"https:\\\/\\\/www.accu-mold.com\\\/wp-content\\\/uploads\\\/2022\\\/03\\\/accumold-vector-logo.svg\",\"caption\":\"https:\\\/\\\/www.accu-mold.com\\\/careers\\\/current-openings\\\/\"},\"image\":{\"@id\":\"https:\\\/\\\/www.accu-mold.com\\\/#\\\/schema\\\/logo\\\/image\\\/\"}}]}<\/script>\n<!-- \/ Yoast SEO Premium plugin. -->","yoast_head_json":{"title":"Micro Mold Tooling, Processes Automation and Packaging Resources","description":"To meet accelerated customer demand, Accumold has an extensive array of in-house micro mold tooling capabilities and state of the art automation, production and\u00a0effecient\u00a0packaging experience.","robots":{"index":"index","follow":"follow","max-snippet":"max-snippet:-1","max-image-preview":"max-image-preview:large","max-video-preview":"max-video-preview:-1"},"canonical":"https:\/\/www.accu-mold.com\/es\/capacidades-de-micromoldeado\/procesos-internos\/","og_locale":"es_ES","og_type":"article","og_title":"Procesos Internos","og_description":"To meet accelerated customer demand, Accumold has an extensive array of in-house micro mold tooling capabilities and state of the art automation, production and\u00a0effecient\u00a0packaging experience.","og_url":"https:\/\/www.accu-mold.com\/es\/capacidades-de-micromoldeado\/procesos-internos\/","og_site_name":"Accu-Mold","article_modified_time":"2022-08-02T14:30:54+00:00","og_image":[{"url":"https:\/\/www.accu-mold.com\/wp-content\/uploads\/2021\/09\/micro-lenses-02.jpg","type":"","width":"","height":""}],"twitter_card":"summary_large_image","twitter_misc":{"Est. reading time":"2 minutes"},"schema":{"@context":"https:\/\/schema.org","@graph":[{"@type":"WebPage","@id":"https:\/\/www.accu-mold.com\/es\/capacidades-de-micromoldeado\/procesos-internos\/","url":"https:\/\/www.accu-mold.com\/es\/capacidades-de-micromoldeado\/procesos-internos\/","name":"Micro Mold Tooling, Processes Automation and Packaging Resources","isPartOf":{"@id":"https:\/\/www.accu-mold.com\/#website"},"primaryImageOfPage":{"@id":"https:\/\/www.accu-mold.com\/es\/capacidades-de-micromoldeado\/procesos-internos\/#primaryimage"},"image":{"@id":"https:\/\/www.accu-mold.com\/es\/capacidades-de-micromoldeado\/procesos-internos\/#primaryimage"},"thumbnailUrl":"https:\/\/www.accu-mold.com\/wp-content\/uploads\/2021\/09\/micro-lenses-02.jpg","datePublished":"2020-09-18T14:58:58+00:00","dateModified":"2022-08-02T14:30:54+00:00","description":"To meet accelerated customer demand, Accumold has an extensive array of in-house micro mold tooling capabilities and state of the art automation, production and\u00a0effecient\u00a0packaging experience.","breadcrumb":{"@id":"https:\/\/www.accu-mold.com\/es\/capacidades-de-micromoldeado\/procesos-internos\/#breadcrumb"},"inLanguage":"es-ES","potentialAction":[{"@type":"ReadAction","target":["https:\/\/www.accu-mold.com\/es\/capacidades-de-micromoldeado\/procesos-internos\/"]}]},{"@type":"ImageObject","inLanguage":"es-ES","@id":"https:\/\/www.accu-mold.com\/es\/capacidades-de-micromoldeado\/procesos-internos\/#primaryimage","url":"https:\/\/www.accu-mold.com\/wp-content\/uploads\/2021\/09\/micro-lenses-02.jpg","contentUrl":"https:\/\/www.accu-mold.com\/wp-content\/uploads\/2021\/09\/micro-lenses-02.jpg"},{"@type":"BreadcrumbList","@id":"https:\/\/www.accu-mold.com\/es\/capacidades-de-micromoldeado\/procesos-internos\/#breadcrumb","itemListElement":[{"@type":"ListItem","position":1,"name":"Exceptional capabilities backed by exceptional people","item":"https:\/\/www.accu-mold.com\/es\/"},{"@type":"ListItem","position":2,"name":"Micro Molding Capabilities","item":"https:\/\/www.accu-mold.com\/es\/capacidades-de-micromoldeado\/"},{"@type":"ListItem","position":3,"name":"Procesos Internos"}]},{"@type":"WebSite","@id":"https:\/\/www.accu-mold.com\/#website","url":"https:\/\/www.accu-mold.com\/","name":"Accu-Mold","description":"Your Micro Mold\u00ae Tooling &amp; Production Partners","publisher":{"@id":"https:\/\/www.accu-mold.com\/#organization"},"potentialAction":[{"@type":"SearchAction","target":{"@type":"EntryPoint","urlTemplate":"https:\/\/www.accu-mold.com\/?s={search_term_string}"},"query-input":{"@type":"PropertyValueSpecification","valueRequired":true,"valueName":"search_term_string"}}],"inLanguage":"es-ES"},{"@type":"Organization","@id":"https:\/\/www.accu-mold.com\/#organization","name":"https:\/\/www.accu-mold.com\/careers\/current-openings\/","url":"https:\/\/www.accu-mold.com\/","logo":{"@type":"ImageObject","inLanguage":"es-ES","@id":"https:\/\/www.accu-mold.com\/#\/schema\/logo\/image\/","url":"https:\/\/www.accu-mold.com\/wp-content\/uploads\/2022\/03\/accumold-vector-logo.svg","contentUrl":"https:\/\/www.accu-mold.com\/wp-content\/uploads\/2022\/03\/accumold-vector-logo.svg","caption":"https:\/\/www.accu-mold.com\/careers\/current-openings\/"},"image":{"@id":"https:\/\/www.accu-mold.com\/#\/schema\/logo\/image\/"}}]}},"_links":{"self":[{"href":"https:\/\/www.accu-mold.com\/es\/wp-json\/wp\/v2\/pages\/5521","targetHints":{"allow":["GET"]}}],"collection":[{"href":"https:\/\/www.accu-mold.com\/es\/wp-json\/wp\/v2\/pages"}],"about":[{"href":"https:\/\/www.accu-mold.com\/es\/wp-json\/wp\/v2\/types\/page"}],"author":[{"embeddable":true,"href":"https:\/\/www.accu-mold.com\/es\/wp-json\/wp\/v2\/users\/5"}],"replies":[{"embeddable":true,"href":"https:\/\/www.accu-mold.com\/es\/wp-json\/wp\/v2\/comments?post=5521"}],"version-history":[{"count":10,"href":"https:\/\/www.accu-mold.com\/es\/wp-json\/wp\/v2\/pages\/5521\/revisions"}],"predecessor-version":[{"id":18096,"href":"https:\/\/www.accu-mold.com\/es\/wp-json\/wp\/v2\/pages\/5521\/revisions\/18096"}],"up":[{"embeddable":true,"href":"https:\/\/www.accu-mold.com\/es\/wp-json\/wp\/v2\/pages\/6237"}],"wp:attachment":[{"href":"https:\/\/www.accu-mold.com\/es\/wp-json\/wp\/v2\/media?parent=5521"}],"curies":[{"name":"wp","href":"https:\/\/api.w.org\/{rel}","templated":true}]}}