{"id":5519,"date":"2020-09-18T14:53:17","date_gmt":"2020-09-18T14:53:17","guid":{"rendered":"http:\/\/accumold51932.ewaycorphosting.com\/capacidades-de-micromoldeado\/materiales-termoplasticos\/"},"modified":"2022-08-02T15:54:21","modified_gmt":"2022-08-02T15:54:21","slug":"materiales-termoplasticos","status":"publish","type":"page","link":"https:\/\/www.accu-mold.com\/es\/capacidades-de-micromoldeado\/materiales-termoplasticos\/","title":{"rendered":"MATERIALES TERMOPL\u00c1STICOS"},"content":{"rendered":"\n<div class=\"wp-block-cover alignfull page-header has-custom-inner-width\" style=\"min-height:316px;--inner-container-width:1400px;aspect-ratio:unset;\"><span aria-hidden=\"true\" class=\"wp-block-cover__background has-primary-background-color has-background-dim-80 has-background-dim\"><\/span><img decoding=\"async\" class=\"wp-block-cover__image-background wp-image-16599\" alt=\"micro lens examples\" src=\"https:\/\/www.accu-mold.com\/wp-content\/uploads\/2021\/09\/micro-lenses-02.jpg\" data-object-fit=\"cover\"\/><div class=\"wp-block-cover__inner-container is-layout-flow wp-block-cover-is-layout-flow\">\n<h1 class=\"wp-block-heading\" style=\"font-size:64px\">MATERIALES TERMOPL\u00c1STICOS<\/h1>\n<\/div><\/div>\n\n\n\n<div style=\"height:100px\" aria-hidden=\"true\" class=\"wp-block-spacer\"><\/div>\n\n\n\n<div class=\"wp-block-columns alignwide is-layout-flex wp-container-core-columns-is-layout-9d6595d7 wp-block-columns-is-layout-flex\">\n<div class=\"wp-block-column is-layout-flow wp-block-column-is-layout-flow\" style=\"flex-basis:33.33%\"><div class=\"wp-block-image\">\n<figure class=\"aligncenter\"><img decoding=\"async\" src=\"https:\/\/www.accu-mold.com\/wp-content\/uploads\/2020\/09\/capabilities6.jpg\" alt=\"micro mold material examples\"\/><\/figure>\n<\/div><\/div>\n\n\n\n<div class=\"wp-block-column is-vertically-aligned-center is-layout-flow wp-block-column-is-layout-flow\" style=\"flex-basis:66.66%\">\n<p>Seleccionar el material, resina o termopl\u00e1stico adecuado es una parte absolutmanete cr\u00edtica del micromoldeado.<\/p>\n\n\n\n<p>El micromoldeado normalmente implica compuestos ex\u00f3ticos o de un gran nivel de ingenier\u00eda, llamados resinas termopl\u00e1sticas. Accumold est\u00e1 acostumbrado a trabajar con materiales como PEEK, PEI (Ultem), LCP de carbono, o nylon cristalizado. Dur\u00f3metro blando o resinas elastom\u00e9tricas son tambi\u00e9n comunes. Nuestra experiencia con dichos materiales en el micromoldeado maximiza el rendimiento en el dise\u00f1o de la combinaci\u00f3n de la resina con la parte en concreto.<\/p>\n\n\n\n<p>Nuestra experiencia tambi\u00e9n nos ense\u00f1a como emparejar la selecci\u00f3n del material con el rendimiento de la micro-caracter\u00edstica. Cuando empujamos los l\u00edmites de las partes de pl\u00e1stico moldeadas, normalmente el proceso de selecci\u00f3n del material va m\u00e1s all\u00e1. Saber que materiales funcionar\u00e1n en cualquier situaci\u00f3n es un aspecto de un valor incalculable de nuestros 30 a\u00f1os de historia moldeando materiales termopl\u00e1sticos en micro-espacios. Descarga nuestro estudio a fondo.<\/p>\n<\/div>\n<\/div>\n","protected":false},"excerpt":{"rendered":"<p>Seleccionar el material, resina o termopl\u00e1stico adecuado es una parte absolutmanete cr\u00edtica del micromoldeado. El micromoldeado normalmente implica compuestos ex\u00f3ticos [&#8230;] <a class=\"more-link\" href=\"https:\/\/www.accu-mold.com\/es\/capacidades-de-micromoldeado\/materiales-termoplasticos\/\">Read More<span class=\"screen-reader-text\">about MATERIALES TERMOPL\u00c1STICOS<\/span><\/a><\/p>\n","protected":false},"author":5,"featured_media":0,"parent":6237,"menu_order":0,"comment_status":"closed","ping_status":"closed","template":"","meta":{"_acf_changed":false,"inline_featured_image":false,"_wd_proto_hide_page_title":false,"_wd_proto_page_body_class":"","_wd_proto_post_layout":"","footnotes":""},"class_list":["post-5519","page","type-page","status-publish","hentry"],"acf":[],"yoast_head":"<!-- This site is optimized with the Yoast SEO Premium plugin v27.3 (Yoast SEO v27.5) - https:\/\/yoast.com\/product\/yoast-seo-premium-wordpress\/ -->\n<title>MATERIALES TERMOPL\u00c1STICOS - Accu-Mold<\/title>\n<meta name=\"robots\" content=\"index, follow, max-snippet:-1, max-image-preview:large, max-video-preview:-1\" \/>\n<link rel=\"canonical\" href=\"https:\/\/www.accu-mold.com\/es\/capacidades-de-micromoldeado\/materiales-termoplasticos\/\" \/>\n<meta property=\"og:locale\" content=\"es_ES\" \/>\n<meta property=\"og:type\" content=\"article\" \/>\n<meta property=\"og:title\" content=\"MATERIALES TERMOPL\u00c1STICOS\" \/>\n<meta property=\"og:description\" content=\"Seleccionar el material, resina o termopl\u00e1stico adecuado es una parte absolutmanete cr\u00edtica del micromoldeado. El micromoldeado normalmente implica compuestos ex\u00f3ticos [...] Read Moreabout MATERIALES TERMOPL\u00c1STICOS\" \/>\n<meta property=\"og:url\" content=\"https:\/\/www.accu-mold.com\/es\/capacidades-de-micromoldeado\/materiales-termoplasticos\/\" \/>\n<meta property=\"og:site_name\" content=\"Accu-Mold\" \/>\n<meta property=\"article:modified_time\" content=\"2022-08-02T15:54:21+00:00\" \/>\n<meta property=\"og:image\" content=\"https:\/\/www.accu-mold.com\/wp-content\/uploads\/2021\/09\/micro-lenses-02.jpg\" \/>\n<meta name=\"twitter:card\" content=\"summary_large_image\" \/>\n<meta name=\"twitter:label1\" content=\"Est. reading time\" \/>\n\t<meta name=\"twitter:data1\" content=\"1 minute\" \/>\n<script type=\"application\/ld+json\" class=\"yoast-schema-graph\">{\"@context\":\"https:\\\/\\\/schema.org\",\"@graph\":[{\"@type\":\"WebPage\",\"@id\":\"https:\\\/\\\/www.accu-mold.com\\\/es\\\/capacidades-de-micromoldeado\\\/materiales-termoplasticos\\\/\",\"url\":\"https:\\\/\\\/www.accu-mold.com\\\/es\\\/capacidades-de-micromoldeado\\\/materiales-termoplasticos\\\/\",\"name\":\"MATERIALES TERMOPL\u00c1STICOS - Accu-Mold\",\"isPartOf\":{\"@id\":\"https:\\\/\\\/www.accu-mold.com\\\/#website\"},\"primaryImageOfPage\":{\"@id\":\"https:\\\/\\\/www.accu-mold.com\\\/es\\\/capacidades-de-micromoldeado\\\/materiales-termoplasticos\\\/#primaryimage\"},\"image\":{\"@id\":\"https:\\\/\\\/www.accu-mold.com\\\/es\\\/capacidades-de-micromoldeado\\\/materiales-termoplasticos\\\/#primaryimage\"},\"thumbnailUrl\":\"https:\\\/\\\/www.accu-mold.com\\\/wp-content\\\/uploads\\\/2021\\\/09\\\/micro-lenses-02.jpg\",\"datePublished\":\"2020-09-18T14:53:17+00:00\",\"dateModified\":\"2022-08-02T15:54:21+00:00\",\"breadcrumb\":{\"@id\":\"https:\\\/\\\/www.accu-mold.com\\\/es\\\/capacidades-de-micromoldeado\\\/materiales-termoplasticos\\\/#breadcrumb\"},\"inLanguage\":\"es-ES\",\"potentialAction\":[{\"@type\":\"ReadAction\",\"target\":[\"https:\\\/\\\/www.accu-mold.com\\\/es\\\/capacidades-de-micromoldeado\\\/materiales-termoplasticos\\\/\"]}]},{\"@type\":\"ImageObject\",\"inLanguage\":\"es-ES\",\"@id\":\"https:\\\/\\\/www.accu-mold.com\\\/es\\\/capacidades-de-micromoldeado\\\/materiales-termoplasticos\\\/#primaryimage\",\"url\":\"https:\\\/\\\/www.accu-mold.com\\\/wp-content\\\/uploads\\\/2021\\\/09\\\/micro-lenses-02.jpg\",\"contentUrl\":\"https:\\\/\\\/www.accu-mold.com\\\/wp-content\\\/uploads\\\/2021\\\/09\\\/micro-lenses-02.jpg\"},{\"@type\":\"BreadcrumbList\",\"@id\":\"https:\\\/\\\/www.accu-mold.com\\\/es\\\/capacidades-de-micromoldeado\\\/materiales-termoplasticos\\\/#breadcrumb\",\"itemListElement\":[{\"@type\":\"ListItem\",\"position\":1,\"name\":\"Exceptional capabilities backed by exceptional people\",\"item\":\"https:\\\/\\\/www.accu-mold.com\\\/es\\\/\"},{\"@type\":\"ListItem\",\"position\":2,\"name\":\"Micro Molding Capabilities\",\"item\":\"https:\\\/\\\/www.accu-mold.com\\\/es\\\/capacidades-de-micromoldeado\\\/\"},{\"@type\":\"ListItem\",\"position\":3,\"name\":\"MATERIALES TERMOPL\u00c1STICOS\"}]},{\"@type\":\"WebSite\",\"@id\":\"https:\\\/\\\/www.accu-mold.com\\\/#website\",\"url\":\"https:\\\/\\\/www.accu-mold.com\\\/\",\"name\":\"Accu-Mold\",\"description\":\"Your Micro Mold\u00ae Tooling &amp; Production Partners\",\"publisher\":{\"@id\":\"https:\\\/\\\/www.accu-mold.com\\\/#organization\"},\"potentialAction\":[{\"@type\":\"SearchAction\",\"target\":{\"@type\":\"EntryPoint\",\"urlTemplate\":\"https:\\\/\\\/www.accu-mold.com\\\/?s={search_term_string}\"},\"query-input\":{\"@type\":\"PropertyValueSpecification\",\"valueRequired\":true,\"valueName\":\"search_term_string\"}}],\"inLanguage\":\"es-ES\"},{\"@type\":\"Organization\",\"@id\":\"https:\\\/\\\/www.accu-mold.com\\\/#organization\",\"name\":\"https:\\\/\\\/www.accu-mold.com\\\/careers\\\/current-openings\\\/\",\"url\":\"https:\\\/\\\/www.accu-mold.com\\\/\",\"logo\":{\"@type\":\"ImageObject\",\"inLanguage\":\"es-ES\",\"@id\":\"https:\\\/\\\/www.accu-mold.com\\\/#\\\/schema\\\/logo\\\/image\\\/\",\"url\":\"https:\\\/\\\/www.accu-mold.com\\\/wp-content\\\/uploads\\\/2022\\\/03\\\/accumold-vector-logo.svg\",\"contentUrl\":\"https:\\\/\\\/www.accu-mold.com\\\/wp-content\\\/uploads\\\/2022\\\/03\\\/accumold-vector-logo.svg\",\"caption\":\"https:\\\/\\\/www.accu-mold.com\\\/careers\\\/current-openings\\\/\"},\"image\":{\"@id\":\"https:\\\/\\\/www.accu-mold.com\\\/#\\\/schema\\\/logo\\\/image\\\/\"}}]}<\/script>\n<!-- \/ Yoast SEO Premium plugin. -->","yoast_head_json":{"title":"MATERIALES TERMOPL\u00c1STICOS - Accu-Mold","robots":{"index":"index","follow":"follow","max-snippet":"max-snippet:-1","max-image-preview":"max-image-preview:large","max-video-preview":"max-video-preview:-1"},"canonical":"https:\/\/www.accu-mold.com\/es\/capacidades-de-micromoldeado\/materiales-termoplasticos\/","og_locale":"es_ES","og_type":"article","og_title":"MATERIALES TERMOPL\u00c1STICOS","og_description":"Seleccionar el material, resina o termopl\u00e1stico adecuado es una parte absolutmanete cr\u00edtica del micromoldeado. El micromoldeado normalmente implica compuestos ex\u00f3ticos [...] Read Moreabout MATERIALES TERMOPL\u00c1STICOS","og_url":"https:\/\/www.accu-mold.com\/es\/capacidades-de-micromoldeado\/materiales-termoplasticos\/","og_site_name":"Accu-Mold","article_modified_time":"2022-08-02T15:54:21+00:00","og_image":[{"url":"https:\/\/www.accu-mold.com\/wp-content\/uploads\/2021\/09\/micro-lenses-02.jpg","type":"","width":"","height":""}],"twitter_card":"summary_large_image","twitter_misc":{"Est. reading time":"1 minute"},"schema":{"@context":"https:\/\/schema.org","@graph":[{"@type":"WebPage","@id":"https:\/\/www.accu-mold.com\/es\/capacidades-de-micromoldeado\/materiales-termoplasticos\/","url":"https:\/\/www.accu-mold.com\/es\/capacidades-de-micromoldeado\/materiales-termoplasticos\/","name":"MATERIALES TERMOPL\u00c1STICOS - Accu-Mold","isPartOf":{"@id":"https:\/\/www.accu-mold.com\/#website"},"primaryImageOfPage":{"@id":"https:\/\/www.accu-mold.com\/es\/capacidades-de-micromoldeado\/materiales-termoplasticos\/#primaryimage"},"image":{"@id":"https:\/\/www.accu-mold.com\/es\/capacidades-de-micromoldeado\/materiales-termoplasticos\/#primaryimage"},"thumbnailUrl":"https:\/\/www.accu-mold.com\/wp-content\/uploads\/2021\/09\/micro-lenses-02.jpg","datePublished":"2020-09-18T14:53:17+00:00","dateModified":"2022-08-02T15:54:21+00:00","breadcrumb":{"@id":"https:\/\/www.accu-mold.com\/es\/capacidades-de-micromoldeado\/materiales-termoplasticos\/#breadcrumb"},"inLanguage":"es-ES","potentialAction":[{"@type":"ReadAction","target":["https:\/\/www.accu-mold.com\/es\/capacidades-de-micromoldeado\/materiales-termoplasticos\/"]}]},{"@type":"ImageObject","inLanguage":"es-ES","@id":"https:\/\/www.accu-mold.com\/es\/capacidades-de-micromoldeado\/materiales-termoplasticos\/#primaryimage","url":"https:\/\/www.accu-mold.com\/wp-content\/uploads\/2021\/09\/micro-lenses-02.jpg","contentUrl":"https:\/\/www.accu-mold.com\/wp-content\/uploads\/2021\/09\/micro-lenses-02.jpg"},{"@type":"BreadcrumbList","@id":"https:\/\/www.accu-mold.com\/es\/capacidades-de-micromoldeado\/materiales-termoplasticos\/#breadcrumb","itemListElement":[{"@type":"ListItem","position":1,"name":"Exceptional capabilities backed by exceptional people","item":"https:\/\/www.accu-mold.com\/es\/"},{"@type":"ListItem","position":2,"name":"Micro Molding Capabilities","item":"https:\/\/www.accu-mold.com\/es\/capacidades-de-micromoldeado\/"},{"@type":"ListItem","position":3,"name":"MATERIALES TERMOPL\u00c1STICOS"}]},{"@type":"WebSite","@id":"https:\/\/www.accu-mold.com\/#website","url":"https:\/\/www.accu-mold.com\/","name":"Accu-Mold","description":"Your Micro Mold\u00ae Tooling &amp; Production Partners","publisher":{"@id":"https:\/\/www.accu-mold.com\/#organization"},"potentialAction":[{"@type":"SearchAction","target":{"@type":"EntryPoint","urlTemplate":"https:\/\/www.accu-mold.com\/?s={search_term_string}"},"query-input":{"@type":"PropertyValueSpecification","valueRequired":true,"valueName":"search_term_string"}}],"inLanguage":"es-ES"},{"@type":"Organization","@id":"https:\/\/www.accu-mold.com\/#organization","name":"https:\/\/www.accu-mold.com\/careers\/current-openings\/","url":"https:\/\/www.accu-mold.com\/","logo":{"@type":"ImageObject","inLanguage":"es-ES","@id":"https:\/\/www.accu-mold.com\/#\/schema\/logo\/image\/","url":"https:\/\/www.accu-mold.com\/wp-content\/uploads\/2022\/03\/accumold-vector-logo.svg","contentUrl":"https:\/\/www.accu-mold.com\/wp-content\/uploads\/2022\/03\/accumold-vector-logo.svg","caption":"https:\/\/www.accu-mold.com\/careers\/current-openings\/"},"image":{"@id":"https:\/\/www.accu-mold.com\/#\/schema\/logo\/image\/"}}]}},"_links":{"self":[{"href":"https:\/\/www.accu-mold.com\/es\/wp-json\/wp\/v2\/pages\/5519","targetHints":{"allow":["GET"]}}],"collection":[{"href":"https:\/\/www.accu-mold.com\/es\/wp-json\/wp\/v2\/pages"}],"about":[{"href":"https:\/\/www.accu-mold.com\/es\/wp-json\/wp\/v2\/types\/page"}],"author":[{"embeddable":true,"href":"https:\/\/www.accu-mold.com\/es\/wp-json\/wp\/v2\/users\/5"}],"replies":[{"embeddable":true,"href":"https:\/\/www.accu-mold.com\/es\/wp-json\/wp\/v2\/comments?post=5519"}],"version-history":[{"count":7,"href":"https:\/\/www.accu-mold.com\/es\/wp-json\/wp\/v2\/pages\/5519\/revisions"}],"predecessor-version":[{"id":18105,"href":"https:\/\/www.accu-mold.com\/es\/wp-json\/wp\/v2\/pages\/5519\/revisions\/18105"}],"up":[{"embeddable":true,"href":"https:\/\/www.accu-mold.com\/es\/wp-json\/wp\/v2\/pages\/6237"}],"wp:attachment":[{"href":"https:\/\/www.accu-mold.com\/es\/wp-json\/wp\/v2\/media?parent=5519"}],"curies":[{"name":"wp","href":"https:\/\/api.w.org\/{rel}","templated":true}]}}