{"id":5517,"date":"2020-09-18T14:47:31","date_gmt":"2020-09-18T14:47:31","guid":{"rendered":"http:\/\/accumold51932.ewaycorphosting.com\/capacidades-de-micromoldeado\/calidad-asegurada\/"},"modified":"2022-08-02T16:00:39","modified_gmt":"2022-08-02T16:00:39","slug":"calidad-asegurada","status":"publish","type":"page","link":"https:\/\/www.accu-mold.com\/es\/capacidades-de-micromoldeado\/calidad-asegurada\/","title":{"rendered":"CALIDAD ASEGURADA"},"content":{"rendered":"\n<div class=\"wp-block-cover alignfull page-header has-custom-inner-width\" style=\"min-height:316px;--inner-container-width:1400px;aspect-ratio:unset;\"><span aria-hidden=\"true\" class=\"wp-block-cover__background has-primary-background-color has-background-dim-80 has-background-dim\"><\/span><img decoding=\"async\" class=\"wp-block-cover__image-background wp-image-16599\" alt=\"micro lens examples\" src=\"https:\/\/www.accu-mold.com\/wp-content\/uploads\/2021\/09\/micro-lenses-02.jpg\" data-object-fit=\"cover\"\/><div class=\"wp-block-cover__inner-container is-layout-flow wp-block-cover-is-layout-flow\">\n<h1 class=\"wp-block-heading\" style=\"font-size:64px\">CALIDAD ASEGURADA<\/h1>\n<\/div><\/div>\n\n\n\n<div style=\"height:60px\" aria-hidden=\"true\" class=\"wp-block-spacer\"><\/div>\n\n\n\n<div class=\"wp-block-columns are-vertically-aligned-center is-layout-flex wp-container-core-columns-is-layout-9d6595d7 wp-block-columns-is-layout-flex\">\n<div class=\"wp-block-column is-vertically-aligned-center is-layout-flow wp-block-column-is-layout-flow\" style=\"flex-basis:33.33%\"><div class=\"wp-block-image\">\n<figure class=\"aligncenter\"><img decoding=\"async\" src=\"https:\/\/www.accu-mold.com\/wp-content\/uploads\/2020\/09\/quality-assurance-300x300.jpg\" alt=\"Quality assurance at accumold\" title=\"Quality assurance at accumold\"\/><\/figure>\n<\/div>\n\n\n<p><\/p>\n<\/div>\n\n\n\n<div class=\"wp-block-column is-vertically-aligned-center is-layout-flow wp-block-column-is-layout-flow\" style=\"flex-basis:66.66%\">\n<h2 class=\"wp-block-heading\">CALIDAD ASEGURADA<a href=\"https:\/\/www.accu-mold.com\/wp-content\/uploads\/2020\/09\/quality-assurance.jpg\"><\/a><\/h2>\n\n\n\n<p>Un servicio al cliente creado desde dentro, amistoso y excelente, con el sello de Iowa, es lo que Accumold le ofrece. La m\u00e1xima calidad es un imperativo en cualquier operaci\u00f3n de micromoldeado. La habilidad de demostrar que todas las partes est\u00e1n hechas acorde a las especificaciones, una vez tras otra, es lo que verdaderamente demuestra nuestras capacidades. Para Accumold, la m\u00e1xima calidad empieza al principio de cada proyecto. Llevamos a cabo revisiones del dise\u00f1o de producci\u00f3n para asegurarnos que el proyecto empieza con buen pie. Despu\u00e9s, al principio del proceso de producci\u00f3n, llevamos a cabo un escrutinio sobre la calidad y robustez del mismo proceso, y verificamos nuestro plan para la inspecci\u00f3n y medida de resultados.A partir de ah\u00ed, desarrollamos procesos de control para actuar en situaci\u00f3n de fallos cr\u00edticos, resultados FMEA, y otros requisitos de calidad. Somos capaces de utilizar t\u00e9cnicas de medida de alta y baja tecnolog\u00eda, adem\u00e1s de calibradores de alta precisi\u00f3n o sistemas de visi\u00f3n en alta resoluci\u00f3n en l\u00ednea de ser necesario. Tambi\u00e9n utilizamos medidores microsc\u00f3picos de alta magnificaci\u00f3n para verificar las herramientas y las dimensiones del producto final.<\/p>\n<\/div>\n<\/div>\n\n\n\n<p>El manejo adecuado del producto es otro aspecto a tener en cuenta para garantizar la m\u00e1xima calidad. La contaminaci\u00f3n de una superficie puede ser una molestia, o incluso una cat\u00e1strofe, para las delicadas caracter\u00edsticas de los componentes. Para este tipo de partes, Accumold provee automatizaci\u00f3n y opciones de limpieza en la sala de moldeado.<\/p>\n\n\n\n<p>Las operaciones de Accumold cuentan con los certificado&nbsp;<a href=\"https:\/\/www.accu-mold.com\/wp-content\/uploads\/2020\/09\/Accumold-13485-Cert.pdf\" target=\"_blank\" rel=\"noreferrer noopener\">ISO 13485<\/a>,&nbsp;<a href=\"https:\/\/www.accu-mold.com\/wp-content\/uploads\/2021\/06\/accumold-9001-cert.pdf\" target=\"_blank\" rel=\"noreferrer noopener\">ISO 9001<\/a>&nbsp;y&nbsp;<a href=\"https:\/\/www.accu-mold.com\/wp-content\/uploads\/2021\/06\/accumold-14001-cert.pdf\" target=\"_blank\" rel=\"noreferrer noopener\">ISO 14001<\/a>.<\/p>\n\n\n\n<div style=\"height:100px\" aria-hidden=\"true\" class=\"wp-block-spacer\"><\/div>\n\n\n\n<div class=\"wp-block-columns is-layout-flex wp-container-core-columns-is-layout-9d6595d7 wp-block-columns-is-layout-flex\">\n<div class=\"wp-block-column is-layout-flow wp-block-column-is-layout-flow\" style=\"flex-basis:33.33%\"><div class=\"wp-block-image\">\n<figure class=\"aligncenter\"><img decoding=\"async\" src=\"https:\/\/www.accu-mold.com\/wp-content\/uploads\/2021\/11\/handshake.jpg\" alt=\"two people shaking hands\" title=\"handshake\"\/><\/figure>\n<\/div><\/div>\n\n\n\n<div class=\"wp-block-column is-layout-flow wp-block-column-is-layout-flow\" style=\"flex-basis:66.66%\">\n<h2 class=\"wp-block-heading\">SATISFACCI\u00d3N DEL CLIENTE<\/h2>\n\n\n\n<p>Obtener un producto final de calidad es una obligaci\u00f3n, pero la consecuci\u00f3n de un proyecto solamente no se traduce en la satisafacci\u00f3n del cliente. En Accumold tratamos de ser m\u00e1s eficientes con tu tiempo, tratamos de ayudarte a incrementar tus vol\u00famenes r\u00e1pidamente y a convertirte en un cliente duradero para nosotros.<\/p>\n\n\n\n<p>Llevamos produciendo componentes micromoldeados durante m\u00e1s de tres d\u00e9cadas, las mismas que lleva satisfaciendo las especificaciones y expectaciones de nuestros clientes. El micromoldeado es donde empezamos como empresa, y hoy \u2013despu\u00e9s de haber producido billones de estos componentes- \u00e9ste contin\u00faa siendo nuestro modo de pensar, hacer y vivir.<\/p>\n<\/div>\n<\/div>\n","protected":false},"excerpt":{"rendered":"<p>CALIDAD ASEGURADA Un servicio al cliente creado desde dentro, amistoso y excelente, con el sello de Iowa, es lo que [&#8230;] <a class=\"more-link\" href=\"https:\/\/www.accu-mold.com\/es\/capacidades-de-micromoldeado\/calidad-asegurada\/\">Read More<span class=\"screen-reader-text\">about CALIDAD ASEGURADA<\/span><\/a><\/p>\n","protected":false},"author":5,"featured_media":0,"parent":6237,"menu_order":0,"comment_status":"closed","ping_status":"closed","template":"","meta":{"_acf_changed":false,"inline_featured_image":false,"_wd_proto_hide_page_title":false,"_wd_proto_page_body_class":"","_wd_proto_post_layout":"","footnotes":""},"class_list":["post-5517","page","type-page","status-publish","hentry"],"acf":[],"yoast_head":"<!-- This site is optimized with the Yoast SEO Premium plugin v27.3 (Yoast SEO v27.4) - https:\/\/yoast.com\/product\/yoast-seo-premium-wordpress\/ -->\n<title>CALIDAD ASEGURADA - Accu-Mold<\/title>\n<meta name=\"robots\" content=\"index, follow, max-snippet:-1, max-image-preview:large, max-video-preview:-1\" \/>\n<link rel=\"canonical\" href=\"https:\/\/www.accu-mold.com\/es\/capacidades-de-micromoldeado\/calidad-asegurada\/\" \/>\n<meta property=\"og:locale\" content=\"es_ES\" \/>\n<meta property=\"og:type\" content=\"article\" \/>\n<meta property=\"og:title\" content=\"CALIDAD ASEGURADA\" \/>\n<meta property=\"og:description\" content=\"CALIDAD ASEGURADA Un servicio al cliente creado desde dentro, amistoso y excelente, con el sello de Iowa, es lo que [...] Read Moreabout CALIDAD ASEGURADA\" \/>\n<meta property=\"og:url\" content=\"https:\/\/www.accu-mold.com\/es\/capacidades-de-micromoldeado\/calidad-asegurada\/\" \/>\n<meta property=\"og:site_name\" content=\"Accu-Mold\" \/>\n<meta property=\"article:modified_time\" content=\"2022-08-02T16:00:39+00:00\" \/>\n<meta property=\"og:image\" content=\"https:\/\/www.accu-mold.com\/wp-content\/uploads\/2021\/09\/micro-lenses-02.jpg\" \/>\n<meta name=\"twitter:card\" content=\"summary_large_image\" \/>\n<meta name=\"twitter:label1\" content=\"Est. reading time\" \/>\n\t<meta name=\"twitter:data1\" content=\"2 minutes\" \/>\n<script type=\"application\/ld+json\" class=\"yoast-schema-graph\">{\"@context\":\"https:\\\/\\\/schema.org\",\"@graph\":[{\"@type\":\"WebPage\",\"@id\":\"https:\\\/\\\/www.accu-mold.com\\\/es\\\/capacidades-de-micromoldeado\\\/calidad-asegurada\\\/\",\"url\":\"https:\\\/\\\/www.accu-mold.com\\\/es\\\/capacidades-de-micromoldeado\\\/calidad-asegurada\\\/\",\"name\":\"CALIDAD ASEGURADA - Accu-Mold\",\"isPartOf\":{\"@id\":\"https:\\\/\\\/www.accu-mold.com\\\/#website\"},\"primaryImageOfPage\":{\"@id\":\"https:\\\/\\\/www.accu-mold.com\\\/es\\\/capacidades-de-micromoldeado\\\/calidad-asegurada\\\/#primaryimage\"},\"image\":{\"@id\":\"https:\\\/\\\/www.accu-mold.com\\\/es\\\/capacidades-de-micromoldeado\\\/calidad-asegurada\\\/#primaryimage\"},\"thumbnailUrl\":\"https:\\\/\\\/www.accu-mold.com\\\/wp-content\\\/uploads\\\/2021\\\/09\\\/micro-lenses-02.jpg\",\"datePublished\":\"2020-09-18T14:47:31+00:00\",\"dateModified\":\"2022-08-02T16:00:39+00:00\",\"breadcrumb\":{\"@id\":\"https:\\\/\\\/www.accu-mold.com\\\/es\\\/capacidades-de-micromoldeado\\\/calidad-asegurada\\\/#breadcrumb\"},\"inLanguage\":\"es-ES\",\"potentialAction\":[{\"@type\":\"ReadAction\",\"target\":[\"https:\\\/\\\/www.accu-mold.com\\\/es\\\/capacidades-de-micromoldeado\\\/calidad-asegurada\\\/\"]}]},{\"@type\":\"ImageObject\",\"inLanguage\":\"es-ES\",\"@id\":\"https:\\\/\\\/www.accu-mold.com\\\/es\\\/capacidades-de-micromoldeado\\\/calidad-asegurada\\\/#primaryimage\",\"url\":\"https:\\\/\\\/www.accu-mold.com\\\/wp-content\\\/uploads\\\/2021\\\/09\\\/micro-lenses-02.jpg\",\"contentUrl\":\"https:\\\/\\\/www.accu-mold.com\\\/wp-content\\\/uploads\\\/2021\\\/09\\\/micro-lenses-02.jpg\"},{\"@type\":\"BreadcrumbList\",\"@id\":\"https:\\\/\\\/www.accu-mold.com\\\/es\\\/capacidades-de-micromoldeado\\\/calidad-asegurada\\\/#breadcrumb\",\"itemListElement\":[{\"@type\":\"ListItem\",\"position\":1,\"name\":\"Exceptional capabilities backed by exceptional people\",\"item\":\"https:\\\/\\\/www.accu-mold.com\\\/es\\\/\"},{\"@type\":\"ListItem\",\"position\":2,\"name\":\"Micro Molding Capabilities\",\"item\":\"https:\\\/\\\/www.accu-mold.com\\\/es\\\/capacidades-de-micromoldeado\\\/\"},{\"@type\":\"ListItem\",\"position\":3,\"name\":\"CALIDAD ASEGURADA\"}]},{\"@type\":\"WebSite\",\"@id\":\"https:\\\/\\\/www.accu-mold.com\\\/#website\",\"url\":\"https:\\\/\\\/www.accu-mold.com\\\/\",\"name\":\"Accu-Mold\",\"description\":\"Your Micro Mold\u00ae Tooling &amp; Production Partners\",\"publisher\":{\"@id\":\"https:\\\/\\\/www.accu-mold.com\\\/#organization\"},\"potentialAction\":[{\"@type\":\"SearchAction\",\"target\":{\"@type\":\"EntryPoint\",\"urlTemplate\":\"https:\\\/\\\/www.accu-mold.com\\\/?s={search_term_string}\"},\"query-input\":{\"@type\":\"PropertyValueSpecification\",\"valueRequired\":true,\"valueName\":\"search_term_string\"}}],\"inLanguage\":\"es-ES\"},{\"@type\":\"Organization\",\"@id\":\"https:\\\/\\\/www.accu-mold.com\\\/#organization\",\"name\":\"https:\\\/\\\/www.accu-mold.com\\\/careers\\\/current-openings\\\/\",\"url\":\"https:\\\/\\\/www.accu-mold.com\\\/\",\"logo\":{\"@type\":\"ImageObject\",\"inLanguage\":\"es-ES\",\"@id\":\"https:\\\/\\\/www.accu-mold.com\\\/#\\\/schema\\\/logo\\\/image\\\/\",\"url\":\"https:\\\/\\\/www.accu-mold.com\\\/wp-content\\\/uploads\\\/2022\\\/03\\\/accumold-vector-logo.svg\",\"contentUrl\":\"https:\\\/\\\/www.accu-mold.com\\\/wp-content\\\/uploads\\\/2022\\\/03\\\/accumold-vector-logo.svg\",\"caption\":\"https:\\\/\\\/www.accu-mold.com\\\/careers\\\/current-openings\\\/\"},\"image\":{\"@id\":\"https:\\\/\\\/www.accu-mold.com\\\/#\\\/schema\\\/logo\\\/image\\\/\"}}]}<\/script>\n<!-- \/ Yoast SEO Premium plugin. -->","yoast_head_json":{"title":"CALIDAD ASEGURADA - Accu-Mold","robots":{"index":"index","follow":"follow","max-snippet":"max-snippet:-1","max-image-preview":"max-image-preview:large","max-video-preview":"max-video-preview:-1"},"canonical":"https:\/\/www.accu-mold.com\/es\/capacidades-de-micromoldeado\/calidad-asegurada\/","og_locale":"es_ES","og_type":"article","og_title":"CALIDAD ASEGURADA","og_description":"CALIDAD ASEGURADA Un servicio al cliente creado desde dentro, amistoso y excelente, con el sello de Iowa, es lo que [...] Read Moreabout CALIDAD ASEGURADA","og_url":"https:\/\/www.accu-mold.com\/es\/capacidades-de-micromoldeado\/calidad-asegurada\/","og_site_name":"Accu-Mold","article_modified_time":"2022-08-02T16:00:39+00:00","og_image":[{"url":"https:\/\/www.accu-mold.com\/wp-content\/uploads\/2021\/09\/micro-lenses-02.jpg","type":"","width":"","height":""}],"twitter_card":"summary_large_image","twitter_misc":{"Est. reading time":"2 minutes"},"schema":{"@context":"https:\/\/schema.org","@graph":[{"@type":"WebPage","@id":"https:\/\/www.accu-mold.com\/es\/capacidades-de-micromoldeado\/calidad-asegurada\/","url":"https:\/\/www.accu-mold.com\/es\/capacidades-de-micromoldeado\/calidad-asegurada\/","name":"CALIDAD ASEGURADA - Accu-Mold","isPartOf":{"@id":"https:\/\/www.accu-mold.com\/#website"},"primaryImageOfPage":{"@id":"https:\/\/www.accu-mold.com\/es\/capacidades-de-micromoldeado\/calidad-asegurada\/#primaryimage"},"image":{"@id":"https:\/\/www.accu-mold.com\/es\/capacidades-de-micromoldeado\/calidad-asegurada\/#primaryimage"},"thumbnailUrl":"https:\/\/www.accu-mold.com\/wp-content\/uploads\/2021\/09\/micro-lenses-02.jpg","datePublished":"2020-09-18T14:47:31+00:00","dateModified":"2022-08-02T16:00:39+00:00","breadcrumb":{"@id":"https:\/\/www.accu-mold.com\/es\/capacidades-de-micromoldeado\/calidad-asegurada\/#breadcrumb"},"inLanguage":"es-ES","potentialAction":[{"@type":"ReadAction","target":["https:\/\/www.accu-mold.com\/es\/capacidades-de-micromoldeado\/calidad-asegurada\/"]}]},{"@type":"ImageObject","inLanguage":"es-ES","@id":"https:\/\/www.accu-mold.com\/es\/capacidades-de-micromoldeado\/calidad-asegurada\/#primaryimage","url":"https:\/\/www.accu-mold.com\/wp-content\/uploads\/2021\/09\/micro-lenses-02.jpg","contentUrl":"https:\/\/www.accu-mold.com\/wp-content\/uploads\/2021\/09\/micro-lenses-02.jpg"},{"@type":"BreadcrumbList","@id":"https:\/\/www.accu-mold.com\/es\/capacidades-de-micromoldeado\/calidad-asegurada\/#breadcrumb","itemListElement":[{"@type":"ListItem","position":1,"name":"Exceptional capabilities backed by exceptional people","item":"https:\/\/www.accu-mold.com\/es\/"},{"@type":"ListItem","position":2,"name":"Micro Molding Capabilities","item":"https:\/\/www.accu-mold.com\/es\/capacidades-de-micromoldeado\/"},{"@type":"ListItem","position":3,"name":"CALIDAD ASEGURADA"}]},{"@type":"WebSite","@id":"https:\/\/www.accu-mold.com\/#website","url":"https:\/\/www.accu-mold.com\/","name":"Accu-Mold","description":"Your Micro Mold\u00ae Tooling &amp; Production Partners","publisher":{"@id":"https:\/\/www.accu-mold.com\/#organization"},"potentialAction":[{"@type":"SearchAction","target":{"@type":"EntryPoint","urlTemplate":"https:\/\/www.accu-mold.com\/?s={search_term_string}"},"query-input":{"@type":"PropertyValueSpecification","valueRequired":true,"valueName":"search_term_string"}}],"inLanguage":"es-ES"},{"@type":"Organization","@id":"https:\/\/www.accu-mold.com\/#organization","name":"https:\/\/www.accu-mold.com\/careers\/current-openings\/","url":"https:\/\/www.accu-mold.com\/","logo":{"@type":"ImageObject","inLanguage":"es-ES","@id":"https:\/\/www.accu-mold.com\/#\/schema\/logo\/image\/","url":"https:\/\/www.accu-mold.com\/wp-content\/uploads\/2022\/03\/accumold-vector-logo.svg","contentUrl":"https:\/\/www.accu-mold.com\/wp-content\/uploads\/2022\/03\/accumold-vector-logo.svg","caption":"https:\/\/www.accu-mold.com\/careers\/current-openings\/"},"image":{"@id":"https:\/\/www.accu-mold.com\/#\/schema\/logo\/image\/"}}]}},"_links":{"self":[{"href":"https:\/\/www.accu-mold.com\/es\/wp-json\/wp\/v2\/pages\/5517","targetHints":{"allow":["GET"]}}],"collection":[{"href":"https:\/\/www.accu-mold.com\/es\/wp-json\/wp\/v2\/pages"}],"about":[{"href":"https:\/\/www.accu-mold.com\/es\/wp-json\/wp\/v2\/types\/page"}],"author":[{"embeddable":true,"href":"https:\/\/www.accu-mold.com\/es\/wp-json\/wp\/v2\/users\/5"}],"replies":[{"embeddable":true,"href":"https:\/\/www.accu-mold.com\/es\/wp-json\/wp\/v2\/comments?post=5517"}],"version-history":[{"count":9,"href":"https:\/\/www.accu-mold.com\/es\/wp-json\/wp\/v2\/pages\/5517\/revisions"}],"predecessor-version":[{"id":18114,"href":"https:\/\/www.accu-mold.com\/es\/wp-json\/wp\/v2\/pages\/5517\/revisions\/18114"}],"up":[{"embeddable":true,"href":"https:\/\/www.accu-mold.com\/es\/wp-json\/wp\/v2\/pages\/6237"}],"wp:attachment":[{"href":"https:\/\/www.accu-mold.com\/es\/wp-json\/wp\/v2\/media?parent=5517"}],"curies":[{"name":"wp","href":"https:\/\/api.w.org\/{rel}","templated":true}]}}