{"id":5252,"date":"2020-09-14T08:50:55","date_gmt":"2020-09-14T08:50:55","guid":{"rendered":"http:\/\/accumold51932.ewaycorphosting.com\/about-us\/"},"modified":"2022-07-20T20:41:49","modified_gmt":"2022-07-20T20:41:49","slug":"sobre-nosotros","status":"publish","type":"page","link":"https:\/\/www.accu-mold.com\/es\/sobre-nosotros\/","title":{"rendered":"Sobre Nosotros"},"content":{"rendered":"\n<div class=\"wp-block-cover alignfull page-header has-custom-inner-width\" style=\"min-height:316px;--inner-container-width:1400px;aspect-ratio:unset;\"><span aria-hidden=\"true\" class=\"wp-block-cover__background has-primary-background-color has-background-dim-80 has-background-dim\"><\/span><img decoding=\"async\" class=\"wp-block-cover__image-background wp-image-16599\" alt=\"micro lens examples\" src=\"https:\/\/www.accu-mold.com\/wp-content\/uploads\/2021\/09\/micro-lenses-02.jpg\" data-object-fit=\"cover\"\/><div class=\"wp-block-cover__inner-container is-layout-flow wp-block-cover-is-layout-flow\">\n<h1 class=\"wp-block-heading\" style=\"font-size:64px\">Sobre Nosotros<\/h1>\n<\/div><\/div>\n\n\n\n<div style=\"height:40px\" aria-hidden=\"true\" class=\"wp-block-spacer\"><\/div>\n\n\n\n<div class=\"wp-block-group alignwide\"><div class=\"wp-block-group__inner-container is-layout-flow wp-block-group-is-layout-flow\">\n<div class=\"wp-block-columns is-layout-flex wp-container-core-columns-is-layout-9d6595d7 wp-block-columns-is-layout-flex\">\n<div class=\"wp-block-column is-layout-flow wp-block-column-is-layout-flow\" style=\"flex-basis:45%\">\n<div style=\"height:44px\" aria-hidden=\"true\" class=\"wp-block-spacer\"><\/div>\n\n\n\n<h2 class=\"has-primary-color has-text-color wp-block-heading\">Accumold Story<\/h2>\n\n\n\n<p class=\"has-text-color\" style=\"color:#5e5e71\">Como muchas otras grandes start-ups, Accumold empez\u00f3 sus operaciones en un garaje de alquiler. Nuestros fundadores descubrieron que hab\u00eda una creciente necesidad de producir componentes moldeados por inyecci\u00f3n de tama\u00f1os peque\u00f1os y microsc\u00f3picos, los cuales iban m\u00e1s all\u00e1 de lo que la tecnolog\u00eda existente de la \u00e9poca permit\u00eda\u2026.<\/p>\n\n\n\n<div class=\"wp-block-buttons is-layout-flex wp-block-buttons-is-layout-flex\">\n<div class=\"wp-block-button is-style-outline is-style-outline--1\"><a class=\"wp-block-button__link\" href=\"\/es\/sobre-nosotros\/la-historia-de-accumold\"><strong>La historia de Accumold ><\/strong><\/a><\/div>\n<\/div>\n<\/div>\n\n\n\n<div class=\"wp-block-column is-layout-flow wp-block-column-is-layout-flow\" style=\"flex-basis:50%\"><div class=\"wp-block-image\">\n<figure class=\"aligncenter size-full is-resized\"><img loading=\"lazy\" decoding=\"async\" src=\"https:\/\/www.accu-mold.com\/wp-content\/uploads\/2020\/09\/accumold-story.jpg\" alt=\"\" class=\"wp-image-316\" width=\"615\" height=\"262\" srcset=\"https:\/\/www.accu-mold.com\/wp-content\/uploads\/2020\/09\/accumold-story.jpg 474w, https:\/\/www.accu-mold.com\/wp-content\/uploads\/2020\/09\/accumold-story-300x128.jpg 300w\" sizes=\"auto, (max-width: 615px) 100vw, 615px\" \/><\/figure>\n<\/div><\/div>\n<\/div>\n<\/div><\/div>\n\n\n\n<div class=\"wp-block-cover alignfull is-light\" style=\"min-height:430px;aspect-ratio:unset;\"><span aria-hidden=\"true\" class=\"wp-block-cover__background has-background-dim-100 has-background-dim\" style=\"background-color:#f0f2f7\"><\/span><div class=\"wp-block-cover__inner-container is-layout-flow wp-block-cover-is-layout-flow\">           <div class=\"insights-container-wrapper insights-featured-block\">\n<div class=\"insights-container\">\n                <!-- the loop -->\n                \n    <div class=\"featured-post-column\">\n        <div class=\"featured-post\" style=\"background-image:url(https:\/\/www.accu-mold.com\/wp-content\/uploads\/2023\/05\/Iowa-learns.jpg)\" >\n            <div class=\"featured-post-content-wrapper\">\n                <h3 class=\"featured-post-title\"><a href=\"https:\/\/www.accu-mold.com\/es\/college-tuition-reimbursement-iowa\/\">How the Accumold Scholars Program works<\/a><\/h3>\n                <p class=\"featured-post-date\">January 19, 2026<\/p>\n                <a class=\"featured-post-categories\" href=\"https:\/\/www.accu-mold.com\/es\/category\/education-es\/\" alt=\"View all posts in Education\">Education<\/a> \n                <div class=\"featured-post-color-wrapper\"><\/div>\n            <\/div>\n        <\/div>\n    <\/div><!-- End Featured Post -->\n\n\n\n    <div class=\"featured-post-list\">\n                       <ul class=\"post-list\">\n     \n           <li>\n    <a href=\"https:\/\/www.accu-mold.com\/es\/the-expanding-role-of-micro-molding-in-photonics\/\" title=\"THE EXPANDING ROLE OF MICRO MOLDING IN PHOTONICS\">\n        <img loading=\"lazy\" decoding=\"async\" width=\"300\" height=\"200\" src=\"https:\/\/www.accu-mold.com\/wp-content\/uploads\/2025\/12\/micro-lenses-01-300x200.jpg\" class=\"attachment-medium size-medium wp-post-image\" alt=\"\" srcset=\"https:\/\/www.accu-mold.com\/wp-content\/uploads\/2025\/12\/micro-lenses-01-300x200.jpg 300w, https:\/\/www.accu-mold.com\/wp-content\/uploads\/2025\/12\/micro-lenses-01-1024x683.jpg 1024w, https:\/\/www.accu-mold.com\/wp-content\/uploads\/2025\/12\/micro-lenses-01-768x512.jpg 768w, https:\/\/www.accu-mold.com\/wp-content\/uploads\/2025\/12\/micro-lenses-01-1536x1024.jpg 1536w, https:\/\/www.accu-mold.com\/wp-content\/uploads\/2025\/12\/micro-lenses-01.jpg 1800w\" sizes=\"auto, (max-width: 300px) 100vw, 300px\" \/>    <\/a>\n            <span>\n                <h3 class=\"featured-post-list-title\"><a href=\"https:\/\/www.accu-mold.com\/es\/the-expanding-role-of-micro-molding-in-photonics\/\">THE EXPANDING ROLE OF MICRO MOLDING IN PHOTONICS<\/a><\/h3>  \n                <p class=\"featured-post-date\">January 12, 2026<\/p>\n            <\/span>\n            <\/li>\n    \n\n\n           <li>\n    <a href=\"https:\/\/www.accu-mold.com\/es\/alex-andersons-accumold-story\/\" title=\"My life was in the hands of my team.\">\n        <img loading=\"lazy\" decoding=\"async\" width=\"300\" height=\"209\" src=\"https:\/\/www.accu-mold.com\/wp-content\/uploads\/2023\/02\/alex-anderson-thug-life-300x209.jpg\" class=\"attachment-medium size-medium wp-post-image\" alt=\"Alex Anderson of Accumold with the &quot;thug life&quot; meme glasses on his face\" srcset=\"https:\/\/www.accu-mold.com\/wp-content\/uploads\/2023\/02\/alex-anderson-thug-life-300x209.jpg 300w, https:\/\/www.accu-mold.com\/wp-content\/uploads\/2023\/02\/alex-anderson-thug-life-1024x712.jpg 1024w, https:\/\/www.accu-mold.com\/wp-content\/uploads\/2023\/02\/alex-anderson-thug-life-768x534.jpg 768w, https:\/\/www.accu-mold.com\/wp-content\/uploads\/2023\/02\/alex-anderson-thug-life-1536x1068.jpg 1536w, https:\/\/www.accu-mold.com\/wp-content\/uploads\/2023\/02\/alex-anderson-thug-life-2048x1424.jpg 2048w\" sizes=\"auto, (max-width: 300px) 100vw, 300px\" \/>    <\/a>\n            <span>\n                <h3 class=\"featured-post-list-title\"><a href=\"https:\/\/www.accu-mold.com\/es\/alex-andersons-accumold-story\/\">My life was in the hands of my team.<\/a><\/h3>  \n                <p class=\"featured-post-date\">February 3, 2023<\/p>\n            <\/span>\n            <\/li>\n    \n\n\n           <li>\n    <a href=\"https:\/\/www.accu-mold.com\/es\/micro-mold-tool-transfers\/\" title=\"Micro Mold Tool Transfers\">\n        <img loading=\"lazy\" decoding=\"async\" width=\"300\" height=\"138\" src=\"https:\/\/www.accu-mold.com\/wp-content\/uploads\/2021\/04\/tool-room-300x138.jpg\" class=\"attachment-medium size-medium wp-post-image\" alt=\"Accumold engineer inspects a mold\" srcset=\"https:\/\/www.accu-mold.com\/wp-content\/uploads\/2021\/04\/tool-room-300x138.jpg 300w, https:\/\/www.accu-mold.com\/wp-content\/uploads\/2021\/04\/tool-room-1024x470.jpg 1024w, https:\/\/www.accu-mold.com\/wp-content\/uploads\/2021\/04\/tool-room-768x353.jpg 768w, https:\/\/www.accu-mold.com\/wp-content\/uploads\/2021\/04\/tool-room.jpg 1500w\" sizes=\"auto, (max-width: 300px) 100vw, 300px\" \/>    <\/a>\n            <span>\n                <h3 class=\"featured-post-list-title\"><a href=\"https:\/\/www.accu-mold.com\/es\/micro-mold-tool-transfers\/\">Micro Mold Tool Transfers<\/a><\/h3>  \n                <p class=\"featured-post-date\">December 21, 2022<\/p>\n            <\/span>\n            <\/li>\n    \n\n    <\/ul><!-- End Feat Post Lists -->\n<\/div>\n    \n<\/div><!-- End Container -->\n\n<\/div><!-- End Container-wrapper --><\/div><\/div>\n\n\n\n<div class=\"wp-block-cover alignfull is-light\" style=\"min-height:500px;aspect-ratio:unset;\"><span aria-hidden=\"true\" class=\"wp-block-cover__background has-white-background-color has-background-dim\"><\/span><img decoding=\"async\" class=\"wp-block-cover__image-background wp-image-17395\" alt=\"\" src=\"https:\/\/www.accu-mold.com\/wp-content\/uploads\/2022\/04\/gear-background.svg\" style=\"object-position:0% 0%\" data-object-fit=\"cover\" data-object-position=\"0% 0%\"\/><div class=\"wp-block-cover__inner-container is-layout-flow wp-block-cover-is-layout-flow\">\n<div style=\"height:60px\" aria-hidden=\"true\" class=\"wp-block-spacer\"><\/div>\n\n\n\n<div class=\"wp-block-columns is-layout-flex wp-container-core-columns-is-layout-9d6595d7 wp-block-columns-is-layout-flex\" style=\"--column-gutter:0px\">\n<div class=\"wp-block-column is-layout-flow wp-block-column-is-layout-flow\">\n<h3 class=\"has-primary-color has-text-color wp-block-heading\">Instalaciones<\/h3>\n\n\n\n<p class=\"has-text-color\" style=\"color:#5e5e71\">Nuestras f\u00e1bricas han sido dise\u00f1adas para exceder todos sus requisitos y nuestros propios est\u00e1ndares. Todos nuestros procesos de producci\u00f3n de instrumentos, moldeado, empaquetado y metrolog\u00eda se llevan a cabo en nuestro campus de 15 hect\u00e1reas en Des Moines (Iowa)\u2026<\/p>\n\n\n\n<div class=\"wp-block-buttons is-horizontal is-content-justification-left is-layout-flex wp-container-core-buttons-is-layout-92fc3979 wp-block-buttons-is-layout-flex\">\n<div class=\"wp-block-button is-style-outline is-style-outline--2\"><a class=\"wp-block-button__link\"><strong>Instalaciones ><\/strong><\/a><\/div>\n<\/div>\n<\/div>\n\n\n\n<div class=\"wp-block-column is-layout-flow wp-block-column-is-layout-flow\">\n<h3 class=\"has-primary-color has-text-color wp-block-heading\">Resource Downloads<\/h3>\n\n\n\n<p class=\"has-text-color\" style=\"color:#5e5e71\">Download all our latest resources inclduding the latest micro molding design guidelines, data, whitepapers, micro molding definitions, terminology and white papers.<\/p>\n\n\n\n<div class=\"wp-block-buttons is-layout-flex wp-block-buttons-is-layout-flex\">\n<div class=\"wp-block-button is-style-outline is-style-outline--3\"><a class=\"wp-block-button__link\"><strong>Resources<\/strong><\/a><\/div>\n<\/div>\n<\/div>\n<\/div>\n<\/div><\/div>\n\n\n","protected":false},"excerpt":{"rendered":"<p>Accumold Story Como muchas otras grandes start-ups, Accumold empez\u00f3 sus operaciones en un garaje de alquiler. Nuestros fundadores descubrieron que [&#8230;] <a class=\"more-link\" href=\"https:\/\/www.accu-mold.com\/es\/sobre-nosotros\/\">Read More<span class=\"screen-reader-text\">about Sobre Nosotros<\/span><\/a><\/p>\n","protected":false},"author":5,"featured_media":0,"parent":0,"menu_order":0,"comment_status":"closed","ping_status":"closed","template":"","meta":{"_acf_changed":false,"inline_featured_image":false,"_wd_proto_hide_page_title":false,"_wd_proto_page_body_class":"","_wd_proto_post_layout":"","footnotes":""},"class_list":["post-5252","page","type-page","status-publish","hentry"],"acf":[],"yoast_head":"<!-- This site is optimized with the Yoast SEO Premium plugin v27.3 (Yoast SEO v27.4) - https:\/\/yoast.com\/product\/yoast-seo-premium-wordpress\/ -->\n<title>Sobre Nosotros - Accu-Mold<\/title>\n<meta name=\"robots\" content=\"index, follow, max-snippet:-1, max-image-preview:large, max-video-preview:-1\" \/>\n<link rel=\"canonical\" href=\"https:\/\/www.accu-mold.com\/es\/sobre-nosotros\/\" \/>\n<meta property=\"og:locale\" content=\"es_ES\" \/>\n<meta property=\"og:type\" content=\"article\" \/>\n<meta property=\"og:title\" content=\"Sobre Nosotros\" \/>\n<meta property=\"og:description\" content=\"Accumold Story Como muchas otras grandes start-ups, Accumold empez\u00f3 sus operaciones en un garaje de alquiler. Nuestros fundadores descubrieron que [...] Read Moreabout Sobre Nosotros\" \/>\n<meta property=\"og:url\" content=\"https:\/\/www.accu-mold.com\/es\/sobre-nosotros\/\" \/>\n<meta property=\"og:site_name\" content=\"Accu-Mold\" \/>\n<meta property=\"article:modified_time\" content=\"2022-07-20T20:41:49+00:00\" \/>\n<meta property=\"og:image\" content=\"https:\/\/www.accu-mold.com\/wp-content\/uploads\/2021\/09\/micro-lenses-02.jpg\" \/>\n<meta name=\"twitter:card\" content=\"summary_large_image\" \/>\n<meta name=\"twitter:label1\" content=\"Est. reading time\" \/>\n\t<meta name=\"twitter:data1\" content=\"1 minute\" \/>\n<script type=\"application\/ld+json\" class=\"yoast-schema-graph\">{\"@context\":\"https:\\\/\\\/schema.org\",\"@graph\":[{\"@type\":\"WebPage\",\"@id\":\"https:\\\/\\\/www.accu-mold.com\\\/es\\\/sobre-nosotros\\\/\",\"url\":\"https:\\\/\\\/www.accu-mold.com\\\/es\\\/sobre-nosotros\\\/\",\"name\":\"Sobre Nosotros - Accu-Mold\",\"isPartOf\":{\"@id\":\"https:\\\/\\\/www.accu-mold.com\\\/#website\"},\"primaryImageOfPage\":{\"@id\":\"https:\\\/\\\/www.accu-mold.com\\\/es\\\/sobre-nosotros\\\/#primaryimage\"},\"image\":{\"@id\":\"https:\\\/\\\/www.accu-mold.com\\\/es\\\/sobre-nosotros\\\/#primaryimage\"},\"thumbnailUrl\":\"https:\\\/\\\/www.accu-mold.com\\\/wp-content\\\/uploads\\\/2021\\\/09\\\/micro-lenses-02.jpg\",\"datePublished\":\"2020-09-14T08:50:55+00:00\",\"dateModified\":\"2022-07-20T20:41:49+00:00\",\"breadcrumb\":{\"@id\":\"https:\\\/\\\/www.accu-mold.com\\\/es\\\/sobre-nosotros\\\/#breadcrumb\"},\"inLanguage\":\"es-ES\",\"potentialAction\":[{\"@type\":\"ReadAction\",\"target\":[\"https:\\\/\\\/www.accu-mold.com\\\/es\\\/sobre-nosotros\\\/\"]}]},{\"@type\":\"ImageObject\",\"inLanguage\":\"es-ES\",\"@id\":\"https:\\\/\\\/www.accu-mold.com\\\/es\\\/sobre-nosotros\\\/#primaryimage\",\"url\":\"https:\\\/\\\/www.accu-mold.com\\\/wp-content\\\/uploads\\\/2021\\\/09\\\/micro-lenses-02.jpg\",\"contentUrl\":\"https:\\\/\\\/www.accu-mold.com\\\/wp-content\\\/uploads\\\/2021\\\/09\\\/micro-lenses-02.jpg\"},{\"@type\":\"BreadcrumbList\",\"@id\":\"https:\\\/\\\/www.accu-mold.com\\\/es\\\/sobre-nosotros\\\/#breadcrumb\",\"itemListElement\":[{\"@type\":\"ListItem\",\"position\":1,\"name\":\"Exceptional capabilities backed by exceptional people\",\"item\":\"https:\\\/\\\/www.accu-mold.com\\\/es\\\/\"},{\"@type\":\"ListItem\",\"position\":2,\"name\":\"Sobre Nosotros\"}]},{\"@type\":\"WebSite\",\"@id\":\"https:\\\/\\\/www.accu-mold.com\\\/#website\",\"url\":\"https:\\\/\\\/www.accu-mold.com\\\/\",\"name\":\"Accu-Mold\",\"description\":\"Your Micro Mold\u00ae Tooling &amp; Production Partners\",\"publisher\":{\"@id\":\"https:\\\/\\\/www.accu-mold.com\\\/#organization\"},\"potentialAction\":[{\"@type\":\"SearchAction\",\"target\":{\"@type\":\"EntryPoint\",\"urlTemplate\":\"https:\\\/\\\/www.accu-mold.com\\\/?s={search_term_string}\"},\"query-input\":{\"@type\":\"PropertyValueSpecification\",\"valueRequired\":true,\"valueName\":\"search_term_string\"}}],\"inLanguage\":\"es-ES\"},{\"@type\":\"Organization\",\"@id\":\"https:\\\/\\\/www.accu-mold.com\\\/#organization\",\"name\":\"https:\\\/\\\/www.accu-mold.com\\\/careers\\\/current-openings\\\/\",\"url\":\"https:\\\/\\\/www.accu-mold.com\\\/\",\"logo\":{\"@type\":\"ImageObject\",\"inLanguage\":\"es-ES\",\"@id\":\"https:\\\/\\\/www.accu-mold.com\\\/#\\\/schema\\\/logo\\\/image\\\/\",\"url\":\"https:\\\/\\\/www.accu-mold.com\\\/wp-content\\\/uploads\\\/2022\\\/03\\\/accumold-vector-logo.svg\",\"contentUrl\":\"https:\\\/\\\/www.accu-mold.com\\\/wp-content\\\/uploads\\\/2022\\\/03\\\/accumold-vector-logo.svg\",\"caption\":\"https:\\\/\\\/www.accu-mold.com\\\/careers\\\/current-openings\\\/\"},\"image\":{\"@id\":\"https:\\\/\\\/www.accu-mold.com\\\/#\\\/schema\\\/logo\\\/image\\\/\"}}]}<\/script>\n<!-- \/ Yoast SEO Premium plugin. -->","yoast_head_json":{"title":"Sobre Nosotros - Accu-Mold","robots":{"index":"index","follow":"follow","max-snippet":"max-snippet:-1","max-image-preview":"max-image-preview:large","max-video-preview":"max-video-preview:-1"},"canonical":"https:\/\/www.accu-mold.com\/es\/sobre-nosotros\/","og_locale":"es_ES","og_type":"article","og_title":"Sobre Nosotros","og_description":"Accumold Story Como muchas otras grandes start-ups, Accumold empez\u00f3 sus operaciones en un garaje de alquiler. Nuestros fundadores descubrieron que [...] Read Moreabout Sobre Nosotros","og_url":"https:\/\/www.accu-mold.com\/es\/sobre-nosotros\/","og_site_name":"Accu-Mold","article_modified_time":"2022-07-20T20:41:49+00:00","og_image":[{"url":"https:\/\/www.accu-mold.com\/wp-content\/uploads\/2021\/09\/micro-lenses-02.jpg","type":"","width":"","height":""}],"twitter_card":"summary_large_image","twitter_misc":{"Est. reading time":"1 minute"},"schema":{"@context":"https:\/\/schema.org","@graph":[{"@type":"WebPage","@id":"https:\/\/www.accu-mold.com\/es\/sobre-nosotros\/","url":"https:\/\/www.accu-mold.com\/es\/sobre-nosotros\/","name":"Sobre Nosotros - Accu-Mold","isPartOf":{"@id":"https:\/\/www.accu-mold.com\/#website"},"primaryImageOfPage":{"@id":"https:\/\/www.accu-mold.com\/es\/sobre-nosotros\/#primaryimage"},"image":{"@id":"https:\/\/www.accu-mold.com\/es\/sobre-nosotros\/#primaryimage"},"thumbnailUrl":"https:\/\/www.accu-mold.com\/wp-content\/uploads\/2021\/09\/micro-lenses-02.jpg","datePublished":"2020-09-14T08:50:55+00:00","dateModified":"2022-07-20T20:41:49+00:00","breadcrumb":{"@id":"https:\/\/www.accu-mold.com\/es\/sobre-nosotros\/#breadcrumb"},"inLanguage":"es-ES","potentialAction":[{"@type":"ReadAction","target":["https:\/\/www.accu-mold.com\/es\/sobre-nosotros\/"]}]},{"@type":"ImageObject","inLanguage":"es-ES","@id":"https:\/\/www.accu-mold.com\/es\/sobre-nosotros\/#primaryimage","url":"https:\/\/www.accu-mold.com\/wp-content\/uploads\/2021\/09\/micro-lenses-02.jpg","contentUrl":"https:\/\/www.accu-mold.com\/wp-content\/uploads\/2021\/09\/micro-lenses-02.jpg"},{"@type":"BreadcrumbList","@id":"https:\/\/www.accu-mold.com\/es\/sobre-nosotros\/#breadcrumb","itemListElement":[{"@type":"ListItem","position":1,"name":"Exceptional capabilities backed by exceptional people","item":"https:\/\/www.accu-mold.com\/es\/"},{"@type":"ListItem","position":2,"name":"Sobre Nosotros"}]},{"@type":"WebSite","@id":"https:\/\/www.accu-mold.com\/#website","url":"https:\/\/www.accu-mold.com\/","name":"Accu-Mold","description":"Your Micro Mold\u00ae Tooling &amp; Production Partners","publisher":{"@id":"https:\/\/www.accu-mold.com\/#organization"},"potentialAction":[{"@type":"SearchAction","target":{"@type":"EntryPoint","urlTemplate":"https:\/\/www.accu-mold.com\/?s={search_term_string}"},"query-input":{"@type":"PropertyValueSpecification","valueRequired":true,"valueName":"search_term_string"}}],"inLanguage":"es-ES"},{"@type":"Organization","@id":"https:\/\/www.accu-mold.com\/#organization","name":"https:\/\/www.accu-mold.com\/careers\/current-openings\/","url":"https:\/\/www.accu-mold.com\/","logo":{"@type":"ImageObject","inLanguage":"es-ES","@id":"https:\/\/www.accu-mold.com\/#\/schema\/logo\/image\/","url":"https:\/\/www.accu-mold.com\/wp-content\/uploads\/2022\/03\/accumold-vector-logo.svg","contentUrl":"https:\/\/www.accu-mold.com\/wp-content\/uploads\/2022\/03\/accumold-vector-logo.svg","caption":"https:\/\/www.accu-mold.com\/careers\/current-openings\/"},"image":{"@id":"https:\/\/www.accu-mold.com\/#\/schema\/logo\/image\/"}}]}},"_links":{"self":[{"href":"https:\/\/www.accu-mold.com\/es\/wp-json\/wp\/v2\/pages\/5252","targetHints":{"allow":["GET"]}}],"collection":[{"href":"https:\/\/www.accu-mold.com\/es\/wp-json\/wp\/v2\/pages"}],"about":[{"href":"https:\/\/www.accu-mold.com\/es\/wp-json\/wp\/v2\/types\/page"}],"author":[{"embeddable":true,"href":"https:\/\/www.accu-mold.com\/es\/wp-json\/wp\/v2\/users\/5"}],"replies":[{"embeddable":true,"href":"https:\/\/www.accu-mold.com\/es\/wp-json\/wp\/v2\/comments?post=5252"}],"version-history":[{"count":10,"href":"https:\/\/www.accu-mold.com\/es\/wp-json\/wp\/v2\/pages\/5252\/revisions"}],"predecessor-version":[{"id":17706,"href":"https:\/\/www.accu-mold.com\/es\/wp-json\/wp\/v2\/pages\/5252\/revisions\/17706"}],"wp:attachment":[{"href":"https:\/\/www.accu-mold.com\/es\/wp-json\/wp\/v2\/media?parent=5252"}],"curies":[{"name":"wp","href":"https:\/\/api.w.org\/{rel}","templated":true}]}}