{"id":19661,"date":"2020-09-11T11:44:03","date_gmt":"2020-09-11T11:44:03","guid":{"rendered":"https:\/\/www.accu-mold.com\/capacidades-de-micromoldeado\/clasificacion-de-micromoldeado\/micro-optics-molding\/"},"modified":"2023-08-17T03:34:00","modified_gmt":"2023-08-17T08:34:00","slug":"micro-optics-molding","status":"publish","type":"page","link":"https:\/\/www.accu-mold.com\/es\/capacidades-de-micromoldeado\/clasificacion-de-micromoldeado\/micro-optics-molding\/","title":{"rendered":"Micromoldeado \u00f3ptico"},"content":{"rendered":"\n<div class=\"wp-block-cover alignfull page-header has-custom-inner-width\" style=\"min-height:316px;--inner-container-width:1540px;aspect-ratio:unset;\"><span aria-hidden=\"true\" class=\"wp-block-cover__background has-primary-background-color has-background-dim-80 has-background-dim\"><\/span><img loading=\"lazy\" decoding=\"async\" width=\"1800\" height=\"1200\" class=\"wp-block-cover__image-background wp-image-16594\" alt=\"micro lens examples\" src=\"https:\/\/www.accu-mold.com\/wp-content\/uploads\/2021\/09\/micro-lenses-02.jpg\" data-object-fit=\"cover\" srcset=\"https:\/\/www.accu-mold.com\/wp-content\/uploads\/2021\/09\/micro-lenses-02.jpg 1800w, https:\/\/www.accu-mold.com\/wp-content\/uploads\/2021\/09\/micro-lenses-02-300x200.jpg 300w, https:\/\/www.accu-mold.com\/wp-content\/uploads\/2021\/09\/micro-lenses-02-1024x683.jpg 1024w, https:\/\/www.accu-mold.com\/wp-content\/uploads\/2021\/09\/micro-lenses-02-768x512.jpg 768w, https:\/\/www.accu-mold.com\/wp-content\/uploads\/2021\/09\/micro-lenses-02-1536x1024.jpg 1536w\" sizes=\"auto, (max-width: 1800px) 100vw, 1800px\" \/><div class=\"wp-block-cover__inner-container is-layout-flow wp-block-cover-is-layout-flow\">\n<h1 class=\"wp-block-heading\" id=\"h-micromoldeado-optico\" style=\"font-size:64px\">Micromoldeado \u00f3ptico<\/h1>\n<\/div><\/div>\n\n\n\n<div style=\"height:64px\" aria-hidden=\"true\" class=\"wp-block-spacer\"><\/div>\n\n\n\n<p>El micromoldeado \u00f3ptico es un proceso de moldeado por inyecci\u00f3n de precisi\u00f3n que produce componentes \u00f3pticos a una escala m\u00e1s peque\u00f1a que la que se puede alcanzar con t\u00e9cnicas de moldeado tradicional. A causa del tama\u00f1o general y al detalle, las tolerancias de las piezas se miden en micras. Las piezas de esta naturaleza tienen forma de conectores y sensores, y se utilizan en iluminaci\u00f3n, \u00f3ptica y generaci\u00f3n de im\u00e1genes. Los componentes del micromoldeado \u00f3ptico se suelen utilizar en dispositivos ponibles m\u00e9dicos muy peque\u00f1os y con comunicaci\u00f3n de datos.<\/p>\n\n\n\n<p>El micromoldeado \u00f3ptico es una forma de arte y una caracter\u00edstica de ingenier\u00eda por igual. Dominar el comportamiento de termopl\u00e1sticos y resinas con tolerancias de micras no solo requer\u00eda una comprensi\u00f3n cient\u00edfica de los materiales del micromoldeado, sino tambi\u00e9n la experiencia en bruto que aportan d\u00e9cadas de prueba y error en ingenier\u00eda.<\/p>\n\n\n\n<p>Somos l\u00edderes mundiales en microcomponentes termopl\u00e1sticos moldeados por inyecci\u00f3n, cristal y elementos \u00f3pticos moldeados. Completamos de forma rutinaria complejos sobremoldeados de elementos \u00f3pticos en carcasas y sobremoldeado para sistemas l\u00e1ser u otros productos de alta potencia.<\/p>\n\n\n\n<div style=\"height:45px\" aria-hidden=\"true\" class=\"wp-block-spacer\"><\/div>\n\n\n\n<h2 class=\"wp-block-heading has-primary-color has-text-color\" id=\"h-tres-cosas-que-hay-que-saber-sobre-el-micromoldeado-optico\">Tres cosas que hay que saber sobre el micromoldeado \u00f3ptico<\/h2>\n\n\n\n<p>Nuestro proceso de micromoldeado \u00f3ptico empieza con nuestros ingenieros DFM y expertos desarrolladores de herramientas, todos ellos con d\u00e9cadas de experiencia en micromoldeado \u00f3ptico. Nuestros t\u00e9cnicos utilizan herramientas de metrolog\u00eda altamente sofisticadas para mantener tolerancias de una micra e incluso de media micra.<\/p>\n\n\n\n<p>Cuando su componente o pieza est\u00e1 listo para aumentar de escala r\u00e1pidamente, nuestros sistemas de automatizaci\u00f3n y visi\u00f3n personalizados garantizan que cada pieza sea exactamente igual, desde la primera hasta la \u00faltima. Dado que nadie en el mundo opera dentro de las tolerancias de micras por las que somos conocidos, hemos tenido que crear nuestros propios sistemas de prueba funcionales internos.<\/p>\n\n\n\n<div style=\"height:45px\" aria-hidden=\"true\" class=\"wp-block-spacer\"><\/div>\n\n\n\n<div class=\"wp-block-columns alignwide col-large-2 col-medium-2 col-small-1 is-layout-flex wp-container-core-columns-is-layout-9d6595d7 wp-block-columns-is-layout-flex\" style=\"--column-gutter:0px\">\n<div class=\"wp-block-column is-vertically-aligned-top is-layout-flow wp-block-column-is-layout-flow\" style=\"flex-basis:66.66%\">\n<h3 class=\"wp-block-heading has-primary-color has-text-color\" id=\"h-1-tolerancias-de-moldeado\">1. Tolerancias de moldeado<\/h3>\n\n\n\n<p>Standard optical projects require P\/V tolerance of 1 micron and a surface finish of 100 angstroms. In recent projects, we have achieved P\/V tolerance of 200 nm and a surface finish of 20 angstroms. Positional tolerances are as tight as +\/- 1 micron and repeatable to .5 microns. Make sure to check out our&nbsp;<strong><a rel=\"noreferrer noopener\" href=\"https:\/\/www.accu-mold.com\/es\/micro-molding-design-guidelines\/\" target=\"_blank\">micro mold design guidelines.<\/a><\/strong><\/p>\n<\/div>\n\n\n\n<div class=\"wp-block-column is-vertically-aligned-center is-layout-flow wp-block-column-is-layout-flow\" style=\"flex-basis:33.33%\"><div class=\"wp-block-image\">\n<figure class=\"alignleft\" id=\"attachment_1096\"><a href=\"https:\/\/www.accu-mold.com\/wp-content\/uploads\/2020\/09\/accumold-fiber-array-150x150-1.jpg\"><img decoding=\"async\" src=\"https:\/\/www.accu-mold.com\/wp-content\/uploads\/2020\/09\/accumold-fiber-array-150x150-1.jpg\" alt=\"Micro-Optics Molding Fiber Array\"\/><\/a><figcaption class=\"wp-element-caption\">Micro-Optics Molding Fiber Array<\/figcaption><\/figure>\n<\/div><\/div>\n<\/div>\n\n\n\n<div class=\"wp-block-columns alignwide is-layout-flex wp-container-core-columns-is-layout-9d6595d7 wp-block-columns-is-layout-flex\">\n<div class=\"wp-block-column is-layout-flow wp-block-column-is-layout-flow\" style=\"flex-basis:66.66%\">\n<h3 class=\"wp-block-heading has-primary-color has-text-color\" id=\"h-2-embalaje-y-salas-blancas\">2. Embalaje y salas blancas<\/h3>\n\n\n\n<p>Nuestro proceso de embalaje personalizado interno no solo protege y env\u00eda componentes esenciales, sino que garantiza que las piezas se recibir\u00e1n correctamente en su proceso de fabricaci\u00f3n. Nuestras capacidades de embalaje para micromoldeado incluyen cinta y carrete, bandejas y gel-paks como punto de partida, pero tambi\u00e9n dise\u00f1amos procesos de embalaje personalizados para ajustarnos a las necesidades \u00fanicas de cada cliente.<\/p>\n\n\n\n<p>Nuestro embalaje personalizado es un complemento perfecto para nuestras salas blancas de micromoldeado. Nuestras salas blancas cumplen <a href=\"https:\/\/www.iso.org\/home.html\">las normas ISO<\/a>, <a href=\"https:\/\/www.mecart-cleanrooms.com\/learning-center\/cleanroom-classifications-iso-8-iso-7-iso-6-iso-5\/\">100k (ISO Clase 8)<\/a> y <a href=\"https:\/\/www.mecart-cleanrooms.com\/learning-center\/cleanroom-classifications-iso-8-iso-7-iso-6-iso-5\/\">10k (ISO Clase 7).<\/a><\/p>\n<\/div>\n<\/div>\n\n\n\n<div class=\"wp-block-columns alignwide are-vertically-aligned-center is-layout-flex wp-container-core-columns-is-layout-9d6595d7 wp-block-columns-is-layout-flex\">\n<div class=\"wp-block-column is-vertically-aligned-center is-layout-flow wp-block-column-is-layout-flow\" style=\"flex-basis:66.66%\">\n<h3 class=\"wp-block-heading has-primary-color has-text-color\" id=\"h-3-materiales-de-moldeado\">3. Materiales de moldeado<\/h3>\n\n\n\n<p>Nuestro campo de experiencia en moldeado de material \u00f3ptico abarca CoC, PMMA, PC, acr\u00edlico, COP, PS y PEI (Extem y Ultem) y somos expertos en resinas de moldeado dise\u00f1adas para aplicaciones de calor elevado que requieran procesos de reflujo a 260 \u00b0C seg\u00fan la norma JADEC. Tambi\u00e9n ofrecemos soluciones \u00abllave en mano\u00bb para revestimientos que incluyan revestimientos reflectantes, AR y blindaje.<\/p>\n<\/div>\n\n\n\n<div class=\"wp-block-column is-vertically-aligned-center is-layout-flow wp-block-column-is-layout-flow\" style=\"flex-basis:33.33%\"><div class=\"wp-block-image\">\n<figure class=\"alignleft\" id=\"attachment_1949\"><a href=\"https:\/\/www.accu-mold.com\/wp-content\/uploads\/2020\/09\/Ultem-Polyetherimide-PEI-150x150-1-1.png\"><img decoding=\"async\" src=\"https:\/\/www.accu-mold.com\/wp-content\/uploads\/2020\/09\/Ultem-Polyetherimide-PEI-150x150-1-1.png\" alt=\"Ultem Polyetherimide PEI - micro molding materials\"\/><\/a><figcaption class=\"wp-element-caption\"><em>Ultem \/ PEI<\/em><\/figcaption><\/figure>\n<\/div><\/div>\n<\/div>\n\n\n\n<h4 class=\"wp-block-heading has-primary-color has-text-color\" id=\"h-datos-interesantes-sobre-el-material\">Datos interesantes sobre el material<\/h4>\n\n\n\n<p>El \u00e9xito en los componentes \u00f3pticos depende de nuestra capacidad para utilizar el mejor material de micromoldeado para su proyecto.<\/p>\n\n\n\n<ul class=\"wp-block-list\">\n<li>Materiales con alto \u00edndice de refracci\u00f3n.<\/li>\n\n\n\n<li>Expertos en el moldeado de resinas transparentes IR que pueden sobrevivir al procesamiento de reflujo.<\/li>\n\n\n\n<li>Instalaciones de prueba beta para materiales de nueva generaci\u00f3n con los principales proveedores de resina.<\/li>\n\n\n\n<li>Materiales atenuados espec\u00edficos para la aplicaci\u00f3n<\/li>\n<\/ul>\n\n\n\n<div style=\"height:45px\" aria-hidden=\"true\" class=\"wp-block-spacer\"><\/div>\n\n\n\n<div class=\"wp-block-columns alignwide is-layout-flex wp-container-core-columns-is-layout-9d6595d7 wp-block-columns-is-layout-flex\">\n<div class=\"wp-block-column is-layout-flow wp-block-column-is-layout-flow\">\n<h2 class=\"wp-block-heading has-primary-color has-text-color\" id=\"h-experiencia-de-mercado-y-ejemplos-de-micromoldeado\">Experiencia de mercado y ejemplos de micromoldeado<\/h2>\n\n\n\n<ul class=\"wp-block-list\">\n<li>Matrices multilente para servicios de comunicaci\u00f3n de datos<\/li>\n\n\n\n<li>Vol\u00famenes altos de elementos \u00f3pticos moldeados para sensores y otros embalajes de elementos fot\u00f3nicos.<\/li>\n\n\n\n<li>Productos \u00f3pticos moldeados para dispositivos m\u00e9dicos como endoscopios, diagn\u00f3stico, dispositivos de generaci\u00f3n de im\u00e1genes y otros sensores m\u00e9dicos.<\/li>\n\n\n\n<li>Lentes \u00f3pticas moldeadas para generaci\u00f3n de im\u00e1genes general, visi\u00f3n y proyecci\u00f3n.<\/li>\n\n\n\n<li>Espejos giratorios, gu\u00edas de luz y difractivos para sistemas de gesti\u00f3n de luz.<\/li>\n\n\n\n<li>Consulte estos <a href=\"https:\/\/www.accu-mold.com\/es\/ejemplos\/?filter=market#micro-optics\">ejemplos de micromoldeado \u00f3ptico ><\/a><\/li>\n<\/ul>\n\n\n\n<div style=\"height:45px\" aria-hidden=\"true\" class=\"wp-block-spacer\"><\/div>\n\n\n\n<h1 class=\"wp-block-heading has-primary-color has-text-color\" id=\"h-got-a-tricky-question\">Got A Tricky Question?<\/h1>\n\n\n\n<p>Send Our DFM Engineers A Message. (They like the attention.)<\/p>\n\n\n\n<script charset=\"utf-8\" type=\"text\/javascript\" src=\"\/\/js.hsforms.net\/forms\/embed\/v2.js\"><\/script>\n<script>\n  hbspt.forms.create({\n    region: \"na1\",\n    portalId: \"20439115\",\n    formId: \"29d47960-cdd0-4f9e-936d-75f09d842b7f\"\n  });\n<\/script>\n<\/div>\n<\/div>\n","protected":false},"excerpt":{"rendered":"<p>El micromoldeado \u00f3ptico es un proceso de moldeado por inyecci\u00f3n de precisi\u00f3n que produce componentes \u00f3pticos a una escala m\u00e1s [&#8230;] <a class=\"more-link\" href=\"https:\/\/www.accu-mold.com\/es\/capacidades-de-micromoldeado\/clasificacion-de-micromoldeado\/micro-optics-molding\/\">Read More<span class=\"screen-reader-text\">about Micromoldeado \u00f3ptico<\/span><\/a><\/p>\n","protected":false},"author":5,"featured_media":0,"parent":5518,"menu_order":0,"comment_status":"closed","ping_status":"closed","template":"","meta":{"_acf_changed":false,"inline_featured_image":false,"_wd_proto_hide_page_title":false,"_wd_proto_page_body_class":"","_wd_proto_post_layout":"","footnotes":""},"class_list":["post-19661","page","type-page","status-publish","hentry"],"acf":[],"yoast_head":"<!-- This site is optimized with the Yoast SEO Premium plugin v27.3 (Yoast SEO v27.4) - https:\/\/yoast.com\/product\/yoast-seo-premium-wordpress\/ -->\n<title>Micro-Optics Molding - Accumold, World Leaders in Micro Molding<\/title>\n<meta name=\"description\" content=\"Micro-optics molding is just as much an art form as it is an engineering feat. Taming thermoplastic and resin behavior at micro levels requires not just a scientific understanding of materials, but the raw experience decades of creativity provides.\" \/>\n<meta name=\"robots\" content=\"index, follow, max-snippet:-1, max-image-preview:large, max-video-preview:-1\" \/>\n<link rel=\"canonical\" href=\"https:\/\/www.accu-mold.com\/es\/capacidades-de-micromoldeado\/clasificacion-de-micromoldeado\/micro-optics-molding\/\" \/>\n<meta property=\"og:locale\" content=\"es_ES\" \/>\n<meta property=\"og:type\" content=\"article\" \/>\n<meta property=\"og:title\" content=\"Micromoldeado \u00f3ptico\" \/>\n<meta property=\"og:description\" content=\"Micro-optics molding is just as much an art form as it is an engineering feat. Taming thermoplastic and resin behavior at micro levels requires not just a scientific understanding of materials, but the raw experience decades of creativity provides.\" \/>\n<meta property=\"og:url\" content=\"https:\/\/www.accu-mold.com\/es\/capacidades-de-micromoldeado\/clasificacion-de-micromoldeado\/micro-optics-molding\/\" \/>\n<meta property=\"og:site_name\" content=\"Accu-Mold\" \/>\n<meta property=\"article:modified_time\" content=\"2023-08-17T08:34:00+00:00\" \/>\n<meta property=\"og:image\" content=\"https:\/\/www.accu-mold.com\/wp-content\/uploads\/2021\/09\/micro-lenses-02.jpg\" \/>\n<meta name=\"twitter:card\" content=\"summary_large_image\" \/>\n<meta name=\"twitter:label1\" content=\"Est. reading time\" \/>\n\t<meta name=\"twitter:data1\" content=\"4 minutes\" \/>\n<script type=\"application\/ld+json\" class=\"yoast-schema-graph\">{\"@context\":\"https:\\\/\\\/schema.org\",\"@graph\":[{\"@type\":\"WebPage\",\"@id\":\"https:\\\/\\\/www.accu-mold.com\\\/es\\\/capacidades-de-micromoldeado\\\/clasificacion-de-micromoldeado\\\/micro-optics-molding\\\/\",\"url\":\"https:\\\/\\\/www.accu-mold.com\\\/es\\\/capacidades-de-micromoldeado\\\/clasificacion-de-micromoldeado\\\/micro-optics-molding\\\/\",\"name\":\"Micro-Optics Molding - Accumold, World Leaders in Micro Molding\",\"isPartOf\":{\"@id\":\"https:\\\/\\\/www.accu-mold.com\\\/#website\"},\"primaryImageOfPage\":{\"@id\":\"https:\\\/\\\/www.accu-mold.com\\\/es\\\/capacidades-de-micromoldeado\\\/clasificacion-de-micromoldeado\\\/micro-optics-molding\\\/#primaryimage\"},\"image\":{\"@id\":\"https:\\\/\\\/www.accu-mold.com\\\/es\\\/capacidades-de-micromoldeado\\\/clasificacion-de-micromoldeado\\\/micro-optics-molding\\\/#primaryimage\"},\"thumbnailUrl\":\"https:\\\/\\\/www.accu-mold.com\\\/wp-content\\\/uploads\\\/2021\\\/09\\\/micro-lenses-02.jpg\",\"datePublished\":\"2020-09-11T11:44:03+00:00\",\"dateModified\":\"2023-08-17T08:34:00+00:00\",\"description\":\"Micro-optics molding is just as much an art form as it is an engineering feat. Taming thermoplastic and resin behavior at micro levels requires not just a scientific understanding of materials, but the raw experience decades of creativity provides.\",\"breadcrumb\":{\"@id\":\"https:\\\/\\\/www.accu-mold.com\\\/es\\\/capacidades-de-micromoldeado\\\/clasificacion-de-micromoldeado\\\/micro-optics-molding\\\/#breadcrumb\"},\"inLanguage\":\"es-ES\",\"potentialAction\":[{\"@type\":\"ReadAction\",\"target\":[\"https:\\\/\\\/www.accu-mold.com\\\/es\\\/capacidades-de-micromoldeado\\\/clasificacion-de-micromoldeado\\\/micro-optics-molding\\\/\"]}]},{\"@type\":\"ImageObject\",\"inLanguage\":\"es-ES\",\"@id\":\"https:\\\/\\\/www.accu-mold.com\\\/es\\\/capacidades-de-micromoldeado\\\/clasificacion-de-micromoldeado\\\/micro-optics-molding\\\/#primaryimage\",\"url\":\"https:\\\/\\\/www.accu-mold.com\\\/wp-content\\\/uploads\\\/2021\\\/09\\\/micro-lenses-02.jpg\",\"contentUrl\":\"https:\\\/\\\/www.accu-mold.com\\\/wp-content\\\/uploads\\\/2021\\\/09\\\/micro-lenses-02.jpg\"},{\"@type\":\"BreadcrumbList\",\"@id\":\"https:\\\/\\\/www.accu-mold.com\\\/es\\\/capacidades-de-micromoldeado\\\/clasificacion-de-micromoldeado\\\/micro-optics-molding\\\/#breadcrumb\",\"itemListElement\":[{\"@type\":\"ListItem\",\"position\":1,\"name\":\"Exceptional capabilities backed by exceptional people\",\"item\":\"https:\\\/\\\/www.accu-mold.com\\\/es\\\/\"},{\"@type\":\"ListItem\",\"position\":2,\"name\":\"Micro Molding Capabilities\",\"item\":\"https:\\\/\\\/www.accu-mold.com\\\/es\\\/capacidades-de-micromoldeado\\\/\"},{\"@type\":\"ListItem\",\"position\":3,\"name\":\"Clasificaci\u00f3n de Micromoldeado\",\"item\":\"https:\\\/\\\/www.accu-mold.com\\\/es\\\/capacidades-de-micromoldeado\\\/clasificacion-de-micromoldeado\\\/\"},{\"@type\":\"ListItem\",\"position\":4,\"name\":\"Micromoldeado \u00f3ptico\"}]},{\"@type\":\"WebSite\",\"@id\":\"https:\\\/\\\/www.accu-mold.com\\\/#website\",\"url\":\"https:\\\/\\\/www.accu-mold.com\\\/\",\"name\":\"Accu-Mold\",\"description\":\"Your Micro Mold\u00ae Tooling &amp; Production Partners\",\"publisher\":{\"@id\":\"https:\\\/\\\/www.accu-mold.com\\\/#organization\"},\"potentialAction\":[{\"@type\":\"SearchAction\",\"target\":{\"@type\":\"EntryPoint\",\"urlTemplate\":\"https:\\\/\\\/www.accu-mold.com\\\/?s={search_term_string}\"},\"query-input\":{\"@type\":\"PropertyValueSpecification\",\"valueRequired\":true,\"valueName\":\"search_term_string\"}}],\"inLanguage\":\"es-ES\"},{\"@type\":\"Organization\",\"@id\":\"https:\\\/\\\/www.accu-mold.com\\\/#organization\",\"name\":\"https:\\\/\\\/www.accu-mold.com\\\/careers\\\/current-openings\\\/\",\"url\":\"https:\\\/\\\/www.accu-mold.com\\\/\",\"logo\":{\"@type\":\"ImageObject\",\"inLanguage\":\"es-ES\",\"@id\":\"https:\\\/\\\/www.accu-mold.com\\\/#\\\/schema\\\/logo\\\/image\\\/\",\"url\":\"https:\\\/\\\/www.accu-mold.com\\\/wp-content\\\/uploads\\\/2022\\\/03\\\/accumold-vector-logo.svg\",\"contentUrl\":\"https:\\\/\\\/www.accu-mold.com\\\/wp-content\\\/uploads\\\/2022\\\/03\\\/accumold-vector-logo.svg\",\"caption\":\"https:\\\/\\\/www.accu-mold.com\\\/careers\\\/current-openings\\\/\"},\"image\":{\"@id\":\"https:\\\/\\\/www.accu-mold.com\\\/#\\\/schema\\\/logo\\\/image\\\/\"}}]}<\/script>\n<!-- \/ Yoast SEO Premium plugin. -->","yoast_head_json":{"title":"Micro-Optics Molding - Accumold, World Leaders in Micro Molding","description":"Micro-optics molding is just as much an art form as it is an engineering feat. Taming thermoplastic and resin behavior at micro levels requires not just a scientific understanding of materials, but the raw experience decades of creativity provides.","robots":{"index":"index","follow":"follow","max-snippet":"max-snippet:-1","max-image-preview":"max-image-preview:large","max-video-preview":"max-video-preview:-1"},"canonical":"https:\/\/www.accu-mold.com\/es\/capacidades-de-micromoldeado\/clasificacion-de-micromoldeado\/micro-optics-molding\/","og_locale":"es_ES","og_type":"article","og_title":"Micromoldeado \u00f3ptico","og_description":"Micro-optics molding is just as much an art form as it is an engineering feat. Taming thermoplastic and resin behavior at micro levels requires not just a scientific understanding of materials, but the raw experience decades of creativity provides.","og_url":"https:\/\/www.accu-mold.com\/es\/capacidades-de-micromoldeado\/clasificacion-de-micromoldeado\/micro-optics-molding\/","og_site_name":"Accu-Mold","article_modified_time":"2023-08-17T08:34:00+00:00","og_image":[{"url":"https:\/\/www.accu-mold.com\/wp-content\/uploads\/2021\/09\/micro-lenses-02.jpg","type":"","width":"","height":""}],"twitter_card":"summary_large_image","twitter_misc":{"Est. reading time":"4 minutes"},"schema":{"@context":"https:\/\/schema.org","@graph":[{"@type":"WebPage","@id":"https:\/\/www.accu-mold.com\/es\/capacidades-de-micromoldeado\/clasificacion-de-micromoldeado\/micro-optics-molding\/","url":"https:\/\/www.accu-mold.com\/es\/capacidades-de-micromoldeado\/clasificacion-de-micromoldeado\/micro-optics-molding\/","name":"Micro-Optics Molding - Accumold, World Leaders in Micro Molding","isPartOf":{"@id":"https:\/\/www.accu-mold.com\/#website"},"primaryImageOfPage":{"@id":"https:\/\/www.accu-mold.com\/es\/capacidades-de-micromoldeado\/clasificacion-de-micromoldeado\/micro-optics-molding\/#primaryimage"},"image":{"@id":"https:\/\/www.accu-mold.com\/es\/capacidades-de-micromoldeado\/clasificacion-de-micromoldeado\/micro-optics-molding\/#primaryimage"},"thumbnailUrl":"https:\/\/www.accu-mold.com\/wp-content\/uploads\/2021\/09\/micro-lenses-02.jpg","datePublished":"2020-09-11T11:44:03+00:00","dateModified":"2023-08-17T08:34:00+00:00","description":"Micro-optics molding is just as much an art form as it is an engineering feat. Taming thermoplastic and resin behavior at micro levels requires not just a scientific understanding of materials, but the raw experience decades of creativity provides.","breadcrumb":{"@id":"https:\/\/www.accu-mold.com\/es\/capacidades-de-micromoldeado\/clasificacion-de-micromoldeado\/micro-optics-molding\/#breadcrumb"},"inLanguage":"es-ES","potentialAction":[{"@type":"ReadAction","target":["https:\/\/www.accu-mold.com\/es\/capacidades-de-micromoldeado\/clasificacion-de-micromoldeado\/micro-optics-molding\/"]}]},{"@type":"ImageObject","inLanguage":"es-ES","@id":"https:\/\/www.accu-mold.com\/es\/capacidades-de-micromoldeado\/clasificacion-de-micromoldeado\/micro-optics-molding\/#primaryimage","url":"https:\/\/www.accu-mold.com\/wp-content\/uploads\/2021\/09\/micro-lenses-02.jpg","contentUrl":"https:\/\/www.accu-mold.com\/wp-content\/uploads\/2021\/09\/micro-lenses-02.jpg"},{"@type":"BreadcrumbList","@id":"https:\/\/www.accu-mold.com\/es\/capacidades-de-micromoldeado\/clasificacion-de-micromoldeado\/micro-optics-molding\/#breadcrumb","itemListElement":[{"@type":"ListItem","position":1,"name":"Exceptional capabilities backed by exceptional people","item":"https:\/\/www.accu-mold.com\/es\/"},{"@type":"ListItem","position":2,"name":"Micro Molding Capabilities","item":"https:\/\/www.accu-mold.com\/es\/capacidades-de-micromoldeado\/"},{"@type":"ListItem","position":3,"name":"Clasificaci\u00f3n de Micromoldeado","item":"https:\/\/www.accu-mold.com\/es\/capacidades-de-micromoldeado\/clasificacion-de-micromoldeado\/"},{"@type":"ListItem","position":4,"name":"Micromoldeado \u00f3ptico"}]},{"@type":"WebSite","@id":"https:\/\/www.accu-mold.com\/#website","url":"https:\/\/www.accu-mold.com\/","name":"Accu-Mold","description":"Your Micro Mold\u00ae Tooling &amp; Production Partners","publisher":{"@id":"https:\/\/www.accu-mold.com\/#organization"},"potentialAction":[{"@type":"SearchAction","target":{"@type":"EntryPoint","urlTemplate":"https:\/\/www.accu-mold.com\/?s={search_term_string}"},"query-input":{"@type":"PropertyValueSpecification","valueRequired":true,"valueName":"search_term_string"}}],"inLanguage":"es-ES"},{"@type":"Organization","@id":"https:\/\/www.accu-mold.com\/#organization","name":"https:\/\/www.accu-mold.com\/careers\/current-openings\/","url":"https:\/\/www.accu-mold.com\/","logo":{"@type":"ImageObject","inLanguage":"es-ES","@id":"https:\/\/www.accu-mold.com\/#\/schema\/logo\/image\/","url":"https:\/\/www.accu-mold.com\/wp-content\/uploads\/2022\/03\/accumold-vector-logo.svg","contentUrl":"https:\/\/www.accu-mold.com\/wp-content\/uploads\/2022\/03\/accumold-vector-logo.svg","caption":"https:\/\/www.accu-mold.com\/careers\/current-openings\/"},"image":{"@id":"https:\/\/www.accu-mold.com\/#\/schema\/logo\/image\/"}}]}},"_links":{"self":[{"href":"https:\/\/www.accu-mold.com\/es\/wp-json\/wp\/v2\/pages\/19661","targetHints":{"allow":["GET"]}}],"collection":[{"href":"https:\/\/www.accu-mold.com\/es\/wp-json\/wp\/v2\/pages"}],"about":[{"href":"https:\/\/www.accu-mold.com\/es\/wp-json\/wp\/v2\/types\/page"}],"author":[{"embeddable":true,"href":"https:\/\/www.accu-mold.com\/es\/wp-json\/wp\/v2\/users\/5"}],"replies":[{"embeddable":true,"href":"https:\/\/www.accu-mold.com\/es\/wp-json\/wp\/v2\/comments?post=19661"}],"version-history":[{"count":4,"href":"https:\/\/www.accu-mold.com\/es\/wp-json\/wp\/v2\/pages\/19661\/revisions"}],"predecessor-version":[{"id":20372,"href":"https:\/\/www.accu-mold.com\/es\/wp-json\/wp\/v2\/pages\/19661\/revisions\/20372"}],"up":[{"embeddable":true,"href":"https:\/\/www.accu-mold.com\/es\/wp-json\/wp\/v2\/pages\/5518"}],"wp:attachment":[{"href":"https:\/\/www.accu-mold.com\/es\/wp-json\/wp\/v2\/media?parent=19661"}],"curies":[{"name":"wp","href":"https:\/\/api.w.org\/{rel}","templated":true}]}}