{"id":19658,"date":"2020-09-11T11:23:50","date_gmt":"2020-09-11T11:23:50","guid":{"rendered":"https:\/\/www.accu-mold.com\/capacidades-de-micromoldeado\/clasificacion-de-micromoldeado\/micro-electronics-molding\/"},"modified":"2023-08-17T04:07:08","modified_gmt":"2023-08-17T09:07:08","slug":"micro-electronics-molding","status":"publish","type":"page","link":"https:\/\/www.accu-mold.com\/es\/capacidades-de-micromoldeado\/clasificacion-de-micromoldeado\/micro-electronics-molding\/","title":{"rendered":"Moldeado de microelectr\u00f3nica"},"content":{"rendered":"\n<div class=\"wp-block-cover alignfull page-header has-custom-inner-width\" style=\"min-height:316px;--inner-container-width:1540px;aspect-ratio:unset;\"><span aria-hidden=\"true\" class=\"wp-block-cover__background has-primary-background-color has-background-dim-80 has-background-dim\"><\/span><img loading=\"lazy\" decoding=\"async\" width=\"1800\" height=\"1200\" class=\"wp-block-cover__image-background wp-image-16594\" alt=\"micro lens examples\" src=\"https:\/\/www.accu-mold.com\/wp-content\/uploads\/2021\/09\/micro-lenses-02.jpg\" data-object-fit=\"cover\" srcset=\"https:\/\/www.accu-mold.com\/wp-content\/uploads\/2021\/09\/micro-lenses-02.jpg 1800w, https:\/\/www.accu-mold.com\/wp-content\/uploads\/2021\/09\/micro-lenses-02-300x200.jpg 300w, https:\/\/www.accu-mold.com\/wp-content\/uploads\/2021\/09\/micro-lenses-02-1024x683.jpg 1024w, https:\/\/www.accu-mold.com\/wp-content\/uploads\/2021\/09\/micro-lenses-02-768x512.jpg 768w, https:\/\/www.accu-mold.com\/wp-content\/uploads\/2021\/09\/micro-lenses-02-1536x1024.jpg 1536w\" sizes=\"auto, (max-width: 1800px) 100vw, 1800px\" \/><div class=\"wp-block-cover__inner-container is-layout-flow wp-block-cover-is-layout-flow\">\n<h1 class=\"wp-block-heading\" id=\"h-moldeado-de-microelectronica\" style=\"font-size:64px\">Moldeado de microelectr\u00f3nica<\/h1>\n<\/div><\/div>\n\n\n\n<div style=\"height:64px\" aria-hidden=\"true\" class=\"wp-block-spacer\"><\/div>\n\n\n\n<p>El moldeado de microelectr\u00f3nica, dentro del micromoldeado, es id\u00f3neo para grandes vol\u00famenes de piezas y componentes microsc\u00f3picos como sensores, lentes y paquetes de microelectr\u00f3nica. El proceso de fabricaci\u00f3n especializado produce piezas y componentes de termopl\u00e1stico de alta precisi\u00f3n y extremadamente peque\u00f1os con tolerancias de micras y caracter\u00edsticas a escala.<\/p>\n\n\n\n<p>Las empresas con la tecnolog\u00eda m\u00e1s vanguardista de la actualidad probablemente han utilizado el moldeado de microelectr\u00f3nica dentro del espacio del micromoldeado.<\/p>\n\n\n\n<div style=\"height:45px\" aria-hidden=\"true\" class=\"wp-block-spacer\"><\/div>\n\n\n\n<div class=\"wp-block-columns alignwide are-vertically-aligned-center col-large-2 col-medium-2 col-small-1 is-layout-flex wp-container-core-columns-is-layout-9d6595d7 wp-block-columns-is-layout-flex\" style=\"--column-gutter:0px\">\n<div class=\"wp-block-column is-vertically-aligned-center is-layout-flow wp-block-column-is-layout-flow\" style=\"flex-basis:66.66%\">\n<h2 class=\"wp-block-heading has-primary-color has-text-color\" id=\"h-aspectos-especificos-del-moldeado-de-microelectronica\">Aspectos espec\u00edficos del moldeado de microelectr\u00f3nica<\/h2>\n\n\n\n<p>Nuestro proceso de moldeado de microelectr\u00f3nica produce componentes de alta precisi\u00f3n, a la par que robustos, a gran velocidad, mientras se mantienen algunas de las tolerancias m\u00e1s ajustadas que se puedan imaginar. El tama\u00f1o de la pieza que necesitan nuestros clientes, la complejidad del dise\u00f1o y las tolerancias requeridas son solo el principio.<\/p>\n\n\n\n<p>Nuestros pedidos de moldeado de microelectr\u00f3nica suelen requerir un componente moldeado por inserci\u00f3n o sobremoldeado. Nuestra tecnolog\u00eda es capaz de moldear resina especializada por encima, a trav\u00e9s, dentro o alrededor de otros materiales como metal, otros pl\u00e1sticos, tejido, circuitos flexibles y otros medios delicados mientras se mantienen tolerancias de una micra hasta media micra.<\/p>\n\n\n\n<p>Al mismo tiempo, nuestro proceso es repetible, cumple los estrictos requisitos de calidad del cliente, y cada componente se embala de forma personalizada para cumplir los requisitos del proceso de fabricaci\u00f3n.<\/p>\n<\/div>\n\n\n\n<div class=\"wp-block-column is-vertically-aligned-center is-layout-flow wp-block-column-is-layout-flow\" style=\"flex-basis:33.33%\"><div class=\"wp-block-image\">\n<figure class=\"aligncenter\"><img decoding=\"async\" src=\"https:\/\/www.accu-mold.com\/wp-content\/uploads\/2020\/09\/lead-frame-molding-1.jpg\" alt=\"Accumold Lead Frame Molding\"\/><figcaption class=\"wp-element-caption\">Lead Frame Overmold example<\/figcaption><\/figure>\n<\/div><\/div>\n<\/div>\n\n\n\n<div class=\"wp-block-columns alignwide are-vertically-aligned-center is-layout-flex wp-container-core-columns-is-layout-9d6595d7 wp-block-columns-is-layout-flex\">\n<div class=\"wp-block-column is-vertically-aligned-center is-layout-flow wp-block-column-is-layout-flow\" style=\"flex-basis:66.66%\">\n<h2 class=\"wp-block-heading has-primary-color has-text-color\" id=\"h-aspectos-especificos-del-moldeado-de-microelectronica-1\">Aspectos espec\u00edficos del moldeado de microelectr\u00f3nica<\/h2>\n\n\n\n<p>Los proyectos de moldeado de microelectr\u00f3nica con una ejecuci\u00f3n perfecta requieren el equilibrio entre manipulaci\u00f3n de materiales, experiencia y tecnolog\u00eda. A continuaci\u00f3n encontrar\u00e1 una breve descripci\u00f3n general de los materiales para el moldeado de microelectr\u00f3nica, as\u00ed como algunos ejemplos.<\/p>\n<\/div>\n\n\n\n<div class=\"wp-block-column is-vertically-aligned-center is-layout-flow wp-block-column-is-layout-flow\" style=\"flex-basis:33.33%\"><div class=\"wp-block-image\">\n<figure class=\"aligncenter\"><a href=\"https:\/\/www.accu-mold.com\/es\/capacidades-de-micromoldeado\/materiales-termoplasticos\/#peek\" target=\"_blank\" rel=\"noreferrer noopener\"><img decoding=\"async\" src=\"https:\/\/www.accu-mold.com\/wp-content\/uploads\/2020\/09\/Ultem-Polyetherimide-PEI-269x300-1-1.png\" alt=\"Ultem Polyetherimide PEI - micro molding materials\"\/><\/a><figcaption class=\"wp-element-caption\">Ultem Polyetherimide PEI<\/figcaption><\/figure>\n<\/div><\/div>\n<\/div>\n\n\n\n<h3 class=\"wp-block-heading has-primary-color has-text-color\" id=\"h-materials\">Materials<\/h3>\n\n\n\n<p>utilizamos una variada paleta de materiales de micromoldeado, dependiendo de las demandas de su proyecto. Algunos ejemplos incluyen grados m\u00e9dicos y materiales implantables, otros incluyen nailones con carga de cristal a alta temperatura (3x capacidad de reflujo). M\u00e1s ejemplos incluyen:<\/p>\n\n\n\n<ul class=\"wp-block-list\">\n<li><a rel=\"noreferrer noopener\" href=\"https:\/\/www.accu-mold.com\/es\/capacidades-de-micromoldeado\/materiales-termoplasticos\/#pei\" target=\"_blank\">LCP<\/a><\/li>\n\n\n\n<li>Nailon <a href=\"https:\/\/www.accu-mold.com\/es\/capacidades-de-micromoldeado\/materiales-termoplasticos\/#pp\">HTN<\/a><\/li>\n\n\n\n<li><a href=\"https:\/\/www.accu-mold.com\/es\/capacidades-de-micromoldeado\/materiales-termoplasticos\/#pp\">PPS-Polisulfona<\/a><\/li>\n\n\n\n<li><a rel=\"noreferrer noopener\" href=\"https:\/\/www.accu-mold.com\/es\/capacidades-de-micromoldeado\/materiales-termoplasticos\/#pmma\" target=\"_blank\">PEEK<\/a><\/li>\n\n\n\n<li><a rel=\"noreferrer noopener\" href=\"https:\/\/www.accu-mold.com\/es\/capacidades-de-micromoldeado\/materiales-termoplasticos\/#peek\" target=\"_blank\">Ultem<\/a><\/li>\n\n\n\n<li>Xtem<\/li>\n\n\n\n<li><a href=\"https:\/\/www.accu-mold.com\/es\/capacidades-de-micromoldeado\/materiales-termoplasticos\/#pp\">Variedades de policarbonato<\/a><\/li>\n\n\n\n<li>Poli\u00e9steres<\/li>\n\n\n\n<li><a href=\"https:\/\/www.accu-mold.com\/es\/capacidades-de-micromoldeado\/materiales-termoplasticos\/\" target=\"_blank\" rel=\"noreferrer noopener\"><strong>Lista completa ><\/strong><\/a><\/li>\n<\/ul>\n\n\n\n<div style=\"height:45px\" aria-hidden=\"true\" class=\"wp-block-spacer\"><\/div>\n\n\n\n<div class=\"wp-block-columns alignwide are-vertically-aligned-center is-layout-flex wp-container-core-columns-is-layout-9d6595d7 wp-block-columns-is-layout-flex\">\n<div class=\"wp-block-column is-vertically-aligned-center is-layout-flow wp-block-column-is-layout-flow\" style=\"flex-basis:66.66%\">\n<h3 class=\"wp-block-heading has-primary-color has-text-color\" id=\"h-ejemplos-de-componentes\">Ejemplos de componentes<\/h3>\n\n\n\n<p>Algunos ejemplos de proyectos pasados son componentes para sensores (proximidad, gas, humo, tiempo de vuelo), antenas Bluetooth, componentes y bater\u00edas para aud\u00edfonos y sobremoldeado de PCB flexible.<\/p>\n<\/div>\n\n\n\n<div class=\"wp-block-column is-vertically-aligned-center is-layout-flow wp-block-column-is-layout-flow\" style=\"flex-basis:33.33%\"><div class=\"wp-block-image\">\n<figure class=\"aligncenter is-resized\"><img loading=\"lazy\" decoding=\"async\" src=\"https:\/\/www.accu-mold.com\/wp-content\/uploads\/2020\/09\/lead-frame-8-2.jpg\" alt=\"open cavity lead frame component produced from Accumold's Micro-Electronics Molding technology\" width=\"240\" height=\"240\"\/><figcaption class=\"wp-element-caption\">This open cavity lead frame is a micro-electronics molding example.<\/figcaption><\/figure>\n<\/div><\/div>\n<\/div>\n\n\n\n<div class=\"wp-block-columns alignwide is-layout-flex wp-container-core-columns-is-layout-9d6595d7 wp-block-columns-is-layout-flex\">\n<div class=\"wp-block-column is-layout-flow wp-block-column-is-layout-flow\">\n<h2 class=\"wp-block-heading has-primary-color has-text-color\" id=\"h-por-que-accumold\">\u00bfPor qu\u00e9 Accumold?<\/h2>\n\n\n\n<p>Por supuesto que los componentes que producimos diariamente son repetibles en un laboratorio, pero el proceso de moldeado de microelectr\u00f3nica de Accumold es capaz de producir no solo piezas complejas, sino en grandes cantidades. Construimos sistemas de automatizaci\u00f3n completos con cintas de transporte, c\u00e1mara para visi\u00f3n de m\u00e1quina e inspecci\u00f3n automatizada.<\/p>\n\n\n\n<p>Accumold tambi\u00e9n puede modificar la escala de la producci\u00f3n para satisfacer sus demandas de fabricaci\u00f3n en tan solo unas pocas semanas, lo que le permite completar proyectos de cientos de millones de piezas al a\u00f1o. Podemos alcanzar esto porque disponemos de departamentos de mecanizado interno y automatizaci\u00f3n interna que trabajan junto con nuestros expertos DFM.<\/p>\n\n\n\n<p>Hay mucho m\u00e1s que decir sobre el moldeado de microelectr\u00f3nica, solic\u00edtenos informaci\u00f3n sobre oportunidades de dise\u00f1o fuera de los m\u00e9todos o pr\u00e1cticas tradicionales que las empresas de moldeado habituales no podr\u00edan ofrecer. Logramos lo que nuestros clientes creen que es imposible.<\/p>\n\n\n\n<div style=\"height:45px\" aria-hidden=\"true\" class=\"wp-block-spacer\"><\/div>\n\n\n\n<h2 class=\"wp-block-heading has-primary-color has-text-color\" id=\"h-got-a-tricky-question\">Got A Tricky Question?<\/h2>\n\n\n\n<p>Send Our DFM Engineers A Message. (They like the attention.)<\/p>\n\n\n\n<script charset=\"utf-8\" type=\"text\/javascript\" src=\"\/\/js.hsforms.net\/forms\/embed\/v2.js\"><\/script>\n<script>\n  hbspt.forms.create({\n    region: \"na1\",\n    portalId: \"20439115\",\n    formId: \"29d47960-cdd0-4f9e-936d-75f09d842b7f\"\n  });\n<\/script>\n<\/div>\n<\/div>\n","protected":false},"excerpt":{"rendered":"<p>El moldeado de microelectr\u00f3nica, dentro del micromoldeado, es id\u00f3neo para grandes vol\u00famenes de piezas y componentes microsc\u00f3picos como sensores, lentes [&#8230;] <a class=\"more-link\" href=\"https:\/\/www.accu-mold.com\/es\/capacidades-de-micromoldeado\/clasificacion-de-micromoldeado\/micro-electronics-molding\/\">Read More<span class=\"screen-reader-text\">about Moldeado de microelectr\u00f3nica<\/span><\/a><\/p>\n","protected":false},"author":5,"featured_media":0,"parent":5518,"menu_order":0,"comment_status":"closed","ping_status":"closed","template":"","meta":{"_acf_changed":false,"inline_featured_image":false,"_wd_proto_hide_page_title":false,"_wd_proto_page_body_class":"","_wd_proto_post_layout":"","footnotes":""},"class_list":["post-19658","page","type-page","status-publish","hentry"],"acf":[],"yoast_head":"<!-- This site is optimized with the Yoast SEO Premium plugin v27.3 (Yoast SEO v27.4) - https:\/\/yoast.com\/product\/yoast-seo-premium-wordpress\/ -->\n<title>Micro-Electronics Molding | Accumold, World Leaders In Micro Molding<\/title>\n<meta name=\"description\" content=\"Our specialized manufacturing process produces extremely small, high-precision thermoplastic parts and components with micron tolerances and features. Micro molding specifically for micro-electronics molding however, deals with microscopic circuit boards, lenses, and extremely delicate components.\" \/>\n<meta name=\"robots\" content=\"index, follow, max-snippet:-1, max-image-preview:large, max-video-preview:-1\" \/>\n<link rel=\"canonical\" href=\"https:\/\/www.accu-mold.com\/es\/capacidades-de-micromoldeado\/clasificacion-de-micromoldeado\/micro-electronics-molding\/\" \/>\n<meta property=\"og:locale\" content=\"es_ES\" \/>\n<meta property=\"og:type\" content=\"article\" \/>\n<meta property=\"og:title\" content=\"Moldeado de microelectr\u00f3nica\" \/>\n<meta property=\"og:description\" content=\"Our specialized manufacturing process produces extremely small, high-precision thermoplastic parts and components with micron tolerances and features. Micro molding specifically for micro-electronics molding however, deals with microscopic circuit boards, lenses, and extremely delicate components.\" \/>\n<meta property=\"og:url\" content=\"https:\/\/www.accu-mold.com\/es\/capacidades-de-micromoldeado\/clasificacion-de-micromoldeado\/micro-electronics-molding\/\" \/>\n<meta property=\"og:site_name\" content=\"Accu-Mold\" \/>\n<meta property=\"article:modified_time\" content=\"2023-08-17T09:07:08+00:00\" \/>\n<meta property=\"og:image\" content=\"https:\/\/www.accu-mold.com\/wp-content\/uploads\/2021\/09\/micro-lenses-02.jpg\" \/>\n<meta name=\"twitter:card\" content=\"summary_large_image\" \/>\n<meta name=\"twitter:label1\" content=\"Est. reading time\" \/>\n\t<meta name=\"twitter:data1\" content=\"4 minutes\" \/>\n<script type=\"application\/ld+json\" class=\"yoast-schema-graph\">{\"@context\":\"https:\\\/\\\/schema.org\",\"@graph\":[{\"@type\":\"WebPage\",\"@id\":\"https:\\\/\\\/www.accu-mold.com\\\/es\\\/capacidades-de-micromoldeado\\\/clasificacion-de-micromoldeado\\\/micro-electronics-molding\\\/\",\"url\":\"https:\\\/\\\/www.accu-mold.com\\\/es\\\/capacidades-de-micromoldeado\\\/clasificacion-de-micromoldeado\\\/micro-electronics-molding\\\/\",\"name\":\"Micro-Electronics Molding | Accumold, World Leaders In Micro Molding\",\"isPartOf\":{\"@id\":\"https:\\\/\\\/www.accu-mold.com\\\/#website\"},\"primaryImageOfPage\":{\"@id\":\"https:\\\/\\\/www.accu-mold.com\\\/es\\\/capacidades-de-micromoldeado\\\/clasificacion-de-micromoldeado\\\/micro-electronics-molding\\\/#primaryimage\"},\"image\":{\"@id\":\"https:\\\/\\\/www.accu-mold.com\\\/es\\\/capacidades-de-micromoldeado\\\/clasificacion-de-micromoldeado\\\/micro-electronics-molding\\\/#primaryimage\"},\"thumbnailUrl\":\"https:\\\/\\\/www.accu-mold.com\\\/wp-content\\\/uploads\\\/2021\\\/09\\\/micro-lenses-02.jpg\",\"datePublished\":\"2020-09-11T11:23:50+00:00\",\"dateModified\":\"2023-08-17T09:07:08+00:00\",\"description\":\"Our specialized manufacturing process produces extremely small, high-precision thermoplastic parts and components with micron tolerances and features. Micro molding specifically for micro-electronics molding however, deals with microscopic circuit boards, lenses, and extremely delicate components.\",\"breadcrumb\":{\"@id\":\"https:\\\/\\\/www.accu-mold.com\\\/es\\\/capacidades-de-micromoldeado\\\/clasificacion-de-micromoldeado\\\/micro-electronics-molding\\\/#breadcrumb\"},\"inLanguage\":\"es-ES\",\"potentialAction\":[{\"@type\":\"ReadAction\",\"target\":[\"https:\\\/\\\/www.accu-mold.com\\\/es\\\/capacidades-de-micromoldeado\\\/clasificacion-de-micromoldeado\\\/micro-electronics-molding\\\/\"]}]},{\"@type\":\"ImageObject\",\"inLanguage\":\"es-ES\",\"@id\":\"https:\\\/\\\/www.accu-mold.com\\\/es\\\/capacidades-de-micromoldeado\\\/clasificacion-de-micromoldeado\\\/micro-electronics-molding\\\/#primaryimage\",\"url\":\"https:\\\/\\\/www.accu-mold.com\\\/wp-content\\\/uploads\\\/2021\\\/09\\\/micro-lenses-02.jpg\",\"contentUrl\":\"https:\\\/\\\/www.accu-mold.com\\\/wp-content\\\/uploads\\\/2021\\\/09\\\/micro-lenses-02.jpg\"},{\"@type\":\"BreadcrumbList\",\"@id\":\"https:\\\/\\\/www.accu-mold.com\\\/es\\\/capacidades-de-micromoldeado\\\/clasificacion-de-micromoldeado\\\/micro-electronics-molding\\\/#breadcrumb\",\"itemListElement\":[{\"@type\":\"ListItem\",\"position\":1,\"name\":\"Exceptional capabilities backed by exceptional people\",\"item\":\"https:\\\/\\\/www.accu-mold.com\\\/es\\\/\"},{\"@type\":\"ListItem\",\"position\":2,\"name\":\"Micro Molding Capabilities\",\"item\":\"https:\\\/\\\/www.accu-mold.com\\\/es\\\/capacidades-de-micromoldeado\\\/\"},{\"@type\":\"ListItem\",\"position\":3,\"name\":\"Clasificaci\u00f3n de Micromoldeado\",\"item\":\"https:\\\/\\\/www.accu-mold.com\\\/es\\\/capacidades-de-micromoldeado\\\/clasificacion-de-micromoldeado\\\/\"},{\"@type\":\"ListItem\",\"position\":4,\"name\":\"Moldeado de microelectr\u00f3nica\"}]},{\"@type\":\"WebSite\",\"@id\":\"https:\\\/\\\/www.accu-mold.com\\\/#website\",\"url\":\"https:\\\/\\\/www.accu-mold.com\\\/\",\"name\":\"Accu-Mold\",\"description\":\"Your Micro Mold\u00ae Tooling &amp; Production Partners\",\"publisher\":{\"@id\":\"https:\\\/\\\/www.accu-mold.com\\\/#organization\"},\"potentialAction\":[{\"@type\":\"SearchAction\",\"target\":{\"@type\":\"EntryPoint\",\"urlTemplate\":\"https:\\\/\\\/www.accu-mold.com\\\/?s={search_term_string}\"},\"query-input\":{\"@type\":\"PropertyValueSpecification\",\"valueRequired\":true,\"valueName\":\"search_term_string\"}}],\"inLanguage\":\"es-ES\"},{\"@type\":\"Organization\",\"@id\":\"https:\\\/\\\/www.accu-mold.com\\\/#organization\",\"name\":\"https:\\\/\\\/www.accu-mold.com\\\/careers\\\/current-openings\\\/\",\"url\":\"https:\\\/\\\/www.accu-mold.com\\\/\",\"logo\":{\"@type\":\"ImageObject\",\"inLanguage\":\"es-ES\",\"@id\":\"https:\\\/\\\/www.accu-mold.com\\\/#\\\/schema\\\/logo\\\/image\\\/\",\"url\":\"https:\\\/\\\/www.accu-mold.com\\\/wp-content\\\/uploads\\\/2022\\\/03\\\/accumold-vector-logo.svg\",\"contentUrl\":\"https:\\\/\\\/www.accu-mold.com\\\/wp-content\\\/uploads\\\/2022\\\/03\\\/accumold-vector-logo.svg\",\"caption\":\"https:\\\/\\\/www.accu-mold.com\\\/careers\\\/current-openings\\\/\"},\"image\":{\"@id\":\"https:\\\/\\\/www.accu-mold.com\\\/#\\\/schema\\\/logo\\\/image\\\/\"}}]}<\/script>\n<!-- \/ Yoast SEO Premium plugin. -->","yoast_head_json":{"title":"Micro-Electronics Molding | Accumold, World Leaders In Micro Molding","description":"Our specialized manufacturing process produces extremely small, high-precision thermoplastic parts and components with micron tolerances and features. Micro molding specifically for micro-electronics molding however, deals with microscopic circuit boards, lenses, and extremely delicate components.","robots":{"index":"index","follow":"follow","max-snippet":"max-snippet:-1","max-image-preview":"max-image-preview:large","max-video-preview":"max-video-preview:-1"},"canonical":"https:\/\/www.accu-mold.com\/es\/capacidades-de-micromoldeado\/clasificacion-de-micromoldeado\/micro-electronics-molding\/","og_locale":"es_ES","og_type":"article","og_title":"Moldeado de microelectr\u00f3nica","og_description":"Our specialized manufacturing process produces extremely small, high-precision thermoplastic parts and components with micron tolerances and features. Micro molding specifically for micro-electronics molding however, deals with microscopic circuit boards, lenses, and extremely delicate components.","og_url":"https:\/\/www.accu-mold.com\/es\/capacidades-de-micromoldeado\/clasificacion-de-micromoldeado\/micro-electronics-molding\/","og_site_name":"Accu-Mold","article_modified_time":"2023-08-17T09:07:08+00:00","og_image":[{"url":"https:\/\/www.accu-mold.com\/wp-content\/uploads\/2021\/09\/micro-lenses-02.jpg","type":"","width":"","height":""}],"twitter_card":"summary_large_image","twitter_misc":{"Est. reading time":"4 minutes"},"schema":{"@context":"https:\/\/schema.org","@graph":[{"@type":"WebPage","@id":"https:\/\/www.accu-mold.com\/es\/capacidades-de-micromoldeado\/clasificacion-de-micromoldeado\/micro-electronics-molding\/","url":"https:\/\/www.accu-mold.com\/es\/capacidades-de-micromoldeado\/clasificacion-de-micromoldeado\/micro-electronics-molding\/","name":"Micro-Electronics Molding | Accumold, World Leaders In Micro Molding","isPartOf":{"@id":"https:\/\/www.accu-mold.com\/#website"},"primaryImageOfPage":{"@id":"https:\/\/www.accu-mold.com\/es\/capacidades-de-micromoldeado\/clasificacion-de-micromoldeado\/micro-electronics-molding\/#primaryimage"},"image":{"@id":"https:\/\/www.accu-mold.com\/es\/capacidades-de-micromoldeado\/clasificacion-de-micromoldeado\/micro-electronics-molding\/#primaryimage"},"thumbnailUrl":"https:\/\/www.accu-mold.com\/wp-content\/uploads\/2021\/09\/micro-lenses-02.jpg","datePublished":"2020-09-11T11:23:50+00:00","dateModified":"2023-08-17T09:07:08+00:00","description":"Our specialized manufacturing process produces extremely small, high-precision thermoplastic parts and components with micron tolerances and features. Micro molding specifically for micro-electronics molding however, deals with microscopic circuit boards, lenses, and extremely delicate components.","breadcrumb":{"@id":"https:\/\/www.accu-mold.com\/es\/capacidades-de-micromoldeado\/clasificacion-de-micromoldeado\/micro-electronics-molding\/#breadcrumb"},"inLanguage":"es-ES","potentialAction":[{"@type":"ReadAction","target":["https:\/\/www.accu-mold.com\/es\/capacidades-de-micromoldeado\/clasificacion-de-micromoldeado\/micro-electronics-molding\/"]}]},{"@type":"ImageObject","inLanguage":"es-ES","@id":"https:\/\/www.accu-mold.com\/es\/capacidades-de-micromoldeado\/clasificacion-de-micromoldeado\/micro-electronics-molding\/#primaryimage","url":"https:\/\/www.accu-mold.com\/wp-content\/uploads\/2021\/09\/micro-lenses-02.jpg","contentUrl":"https:\/\/www.accu-mold.com\/wp-content\/uploads\/2021\/09\/micro-lenses-02.jpg"},{"@type":"BreadcrumbList","@id":"https:\/\/www.accu-mold.com\/es\/capacidades-de-micromoldeado\/clasificacion-de-micromoldeado\/micro-electronics-molding\/#breadcrumb","itemListElement":[{"@type":"ListItem","position":1,"name":"Exceptional capabilities backed by exceptional people","item":"https:\/\/www.accu-mold.com\/es\/"},{"@type":"ListItem","position":2,"name":"Micro Molding Capabilities","item":"https:\/\/www.accu-mold.com\/es\/capacidades-de-micromoldeado\/"},{"@type":"ListItem","position":3,"name":"Clasificaci\u00f3n de Micromoldeado","item":"https:\/\/www.accu-mold.com\/es\/capacidades-de-micromoldeado\/clasificacion-de-micromoldeado\/"},{"@type":"ListItem","position":4,"name":"Moldeado de microelectr\u00f3nica"}]},{"@type":"WebSite","@id":"https:\/\/www.accu-mold.com\/#website","url":"https:\/\/www.accu-mold.com\/","name":"Accu-Mold","description":"Your Micro Mold\u00ae Tooling &amp; Production Partners","publisher":{"@id":"https:\/\/www.accu-mold.com\/#organization"},"potentialAction":[{"@type":"SearchAction","target":{"@type":"EntryPoint","urlTemplate":"https:\/\/www.accu-mold.com\/?s={search_term_string}"},"query-input":{"@type":"PropertyValueSpecification","valueRequired":true,"valueName":"search_term_string"}}],"inLanguage":"es-ES"},{"@type":"Organization","@id":"https:\/\/www.accu-mold.com\/#organization","name":"https:\/\/www.accu-mold.com\/careers\/current-openings\/","url":"https:\/\/www.accu-mold.com\/","logo":{"@type":"ImageObject","inLanguage":"es-ES","@id":"https:\/\/www.accu-mold.com\/#\/schema\/logo\/image\/","url":"https:\/\/www.accu-mold.com\/wp-content\/uploads\/2022\/03\/accumold-vector-logo.svg","contentUrl":"https:\/\/www.accu-mold.com\/wp-content\/uploads\/2022\/03\/accumold-vector-logo.svg","caption":"https:\/\/www.accu-mold.com\/careers\/current-openings\/"},"image":{"@id":"https:\/\/www.accu-mold.com\/#\/schema\/logo\/image\/"}}]}},"_links":{"self":[{"href":"https:\/\/www.accu-mold.com\/es\/wp-json\/wp\/v2\/pages\/19658","targetHints":{"allow":["GET"]}}],"collection":[{"href":"https:\/\/www.accu-mold.com\/es\/wp-json\/wp\/v2\/pages"}],"about":[{"href":"https:\/\/www.accu-mold.com\/es\/wp-json\/wp\/v2\/types\/page"}],"author":[{"embeddable":true,"href":"https:\/\/www.accu-mold.com\/es\/wp-json\/wp\/v2\/users\/5"}],"replies":[{"embeddable":true,"href":"https:\/\/www.accu-mold.com\/es\/wp-json\/wp\/v2\/comments?post=19658"}],"version-history":[{"count":4,"href":"https:\/\/www.accu-mold.com\/es\/wp-json\/wp\/v2\/pages\/19658\/revisions"}],"predecessor-version":[{"id":20380,"href":"https:\/\/www.accu-mold.com\/es\/wp-json\/wp\/v2\/pages\/19658\/revisions\/20380"}],"up":[{"embeddable":true,"href":"https:\/\/www.accu-mold.com\/es\/wp-json\/wp\/v2\/pages\/5518"}],"wp:attachment":[{"href":"https:\/\/www.accu-mold.com\/es\/wp-json\/wp\/v2\/media?parent=19658"}],"curies":[{"name":"wp","href":"https:\/\/api.w.org\/{rel}","templated":true}]}}