{"id":19653,"date":"2020-09-11T10:34:56","date_gmt":"2020-09-11T10:34:56","guid":{"rendered":"https:\/\/www.accu-mold.com\/capacidades-de-micromoldeado\/clasificacion-de-micromoldeado\/micro-molding-for-emerging-technologies\/"},"modified":"2023-08-17T02:20:33","modified_gmt":"2023-08-17T07:20:33","slug":"micro-molding-for-emerging-technologies","status":"publish","type":"page","link":"https:\/\/www.accu-mold.com\/es\/capacidades-de-micromoldeado\/clasificacion-de-micromoldeado\/micro-molding-for-emerging-technologies\/","title":{"rendered":"Tecnolog\u00edas emergentes"},"content":{"rendered":"\n<div class=\"wp-block-cover alignfull page-header has-custom-inner-width\" style=\"min-height:316px;--inner-container-width:1540px;aspect-ratio:unset;\"><span aria-hidden=\"true\" class=\"wp-block-cover__background has-primary-background-color has-background-dim-80 has-background-dim\"><\/span><img loading=\"lazy\" decoding=\"async\" width=\"1800\" height=\"1200\" class=\"wp-block-cover__image-background wp-image-16594\" alt=\"micro lens examples\" src=\"https:\/\/www.accu-mold.com\/wp-content\/uploads\/2021\/09\/micro-lenses-02.jpg\" data-object-fit=\"cover\" srcset=\"https:\/\/www.accu-mold.com\/wp-content\/uploads\/2021\/09\/micro-lenses-02.jpg 1800w, https:\/\/www.accu-mold.com\/wp-content\/uploads\/2021\/09\/micro-lenses-02-300x200.jpg 300w, https:\/\/www.accu-mold.com\/wp-content\/uploads\/2021\/09\/micro-lenses-02-1024x683.jpg 1024w, https:\/\/www.accu-mold.com\/wp-content\/uploads\/2021\/09\/micro-lenses-02-768x512.jpg 768w, https:\/\/www.accu-mold.com\/wp-content\/uploads\/2021\/09\/micro-lenses-02-1536x1024.jpg 1536w\" sizes=\"auto, (max-width: 1800px) 100vw, 1800px\" \/><div class=\"wp-block-cover__inner-container is-layout-flow wp-block-cover-is-layout-flow\">\n<h1 class=\"wp-block-heading\" id=\"h-tecnologias-emergentes\" style=\"font-size:64px\">Tecnolog\u00edas emergentes<\/h1>\n<\/div><\/div>\n\n\n\n<div style=\"height:60px\" aria-hidden=\"true\" class=\"wp-block-spacer\"><\/div>\n\n\n\n<p>Las tendencias hacia la miniaturizaci\u00f3n OEM y los avances tecnol\u00f3gicos actuales en muchos sectores de mercado dependen de la capacidad para moldear piezas y caracter\u00edsticas con un tama\u00f1o inferior al que anteriormente se cre\u00eda posible. Dado que las tecnolog\u00edas de moldeado por inyecci\u00f3n tradicionales son incapaces de cumplir las tolerancias en micras y las caracter\u00edsticas microsc\u00f3picas, el micromoldeado para tecnolog\u00edas emergentes es un nicho de r\u00e1pido crecimiento.<\/p>\n\n\n\n<div style=\"height:45px\" aria-hidden=\"true\" class=\"wp-block-spacer\"><\/div>\n\n\n\n<div class=\"wp-block-columns alignwide are-vertically-aligned-center col-large-2 col-medium-2 col-small-1 is-layout-flex wp-container-core-columns-is-layout-9d6595d7 wp-block-columns-is-layout-flex\">\n<div class=\"wp-block-column is-vertically-aligned-center is-layout-flow wp-block-column-is-layout-flow\" style=\"flex-basis:66.66%\">\n<h2 class=\"wp-block-heading has-primary-color has-text-color\" id=\"h-micromoldeado-para-tecnologias-emergentes\">Micromoldeado para tecnolog\u00edas emergentes<\/h2>\n\n\n\n<p>El micromoldeado para tecnolog\u00edas emergentes requiere algo m\u00e1s que una gran inversi\u00f3n en tecnolog\u00eda de mecanizado y equipo de metrolog\u00eda de \u00faltima generaci\u00f3n para garantizar que se cumplen las exigentes caracter\u00edsticas de la pieza. A menudo, el moldeado que debe cumplir tolerancias de micras requiere que los termopl\u00e1sticos y resinas adquieran formas que a menudo no se cre\u00edan posibles.<\/p>\n\n\n\n<p>Nuestra experiencia combinada con nuestra propia tecnolog\u00eda a menudo puede superar las especificaciones establecidas por nuestros propios proveedores de resina. Por eso es aconsejable que los ingenieros impliquen cuanto antes a nuestros ingenieros DFM. Puede que un componente que su equipo pensaba que era imposible ya se haya probado dentro de nuestras instalaciones.<\/p>\n<\/div>\n\n\n\n<div class=\"wp-block-column is-vertically-aligned-center is-layout-flow wp-block-column-is-layout-flow\" style=\"flex-basis:33.33%\"><div class=\"wp-block-image\">\n<figure class=\"alignright\"><img loading=\"lazy\" decoding=\"async\" width=\"226\" height=\"226\" src=\"https:\/\/www.accu-mold.com\/wp-content\/uploads\/2020\/09\/micro-optics.jpg\" alt=\"Micro molded optics part with micro lenses\" class=\"wp-image-5591\" srcset=\"https:\/\/www.accu-mold.com\/wp-content\/uploads\/2020\/09\/micro-optics.jpg 226w, https:\/\/www.accu-mold.com\/wp-content\/uploads\/2020\/09\/micro-optics-150x150.jpg 150w\" sizes=\"auto, (max-width: 226px) 100vw, 226px\" \/><figcaption class=\"wp-element-caption\">This component has twelve 250 micron lenses and holds a 2-micron true position from post to post.<\/figcaption><\/figure>\n<\/div><\/div>\n<\/div>\n\n\n\n<div class=\"wp-block-columns alignwide are-vertically-aligned-center is-layout-flex wp-container-core-columns-is-layout-9d6595d7 wp-block-columns-is-layout-flex\">\n<div class=\"wp-block-column is-vertically-aligned-center is-layout-flow wp-block-column-is-layout-flow\" style=\"flex-basis:33.33%\"><div class=\"wp-block-image\">\n<figure class=\"alignright is-resized\"><img loading=\"lazy\" decoding=\"async\" src=\"https:\/\/www.accu-mold.com\/wp-content\/uploads\/2020\/09\/LCP-Liquid-Crystal-Polymer-277x300-2.png\" alt=\"Nylon Polyamide PPA - micro molding materials\" width=\"277\" height=\"300\"\/><figcaption class=\"wp-element-caption\">                         Nylon Polyamide PPA<\/figcaption><\/figure>\n<\/div><\/div>\n<\/div>\n\n\n\n<div class=\"wp-block-columns is-layout-flex wp-container-core-columns-is-layout-9d6595d7 wp-block-columns-is-layout-flex\">\n<div class=\"wp-block-column is-layout-flow wp-block-column-is-layout-flow\">\n<h3 class=\"wp-block-heading has-primary-color has-text-color\" id=\"h-materiales-y-ejemplos-de-micromoldeado\">Materiales y ejemplos de micromoldeado<\/h3>\n\n\n\n<p>Accumold ha realizado inversiones significativas en sistemas de calidad y el equipo necesario para satisfacer las demandas inherentes al micromoldeado para tecnolog\u00edas emergentes, pero la plataforma de moldeado por s\u00ed misma es insuficiente. Incluso si regal\u00e1ramos nuestra tecnolog\u00eda (algo que nunca har\u00edamos) ser\u00eda como regalar un piano Steinway sin el pianista experto para tocarlo. Desarrollo de herramienta, procesamiento de material y m\u00e1quina deben trabajar en perfecta armon\u00eda para lograr micropiezas de tal precisi\u00f3n.<\/p>\n<\/div>\n<\/div>\n\n\n\n<div class=\"wp-block-columns alignwide is-layout-flex wp-container-core-columns-is-layout-9d6595d7 wp-block-columns-is-layout-flex\">\n<div class=\"wp-block-column is-layout-flow wp-block-column-is-layout-flow\">\n<h3 class=\"wp-block-heading has-primary-color has-text-color\" id=\"h-ejemplos-de-componentes\">Ejemplos de componentes<\/h3>\n\n\n\n<p>Lentes para aplicaciones AR Componentes para dispositivos ponibles como CGM. Dispositivos para la administraci\u00f3n de f\u00e1rmacos, incluidas bombas ponibles. Dispositivos de microsensor. Conectores datacom de nueva generaci\u00f3n.<\/p>\n<\/div>\n<\/div>\n\n\n\n<div class=\"wp-block-columns alignwide are-vertically-aligned-center col-large-2 col-medium-2 col-small-1 is-layout-flex wp-container-core-columns-is-layout-9d6595d7 wp-block-columns-is-layout-flex\">\n<div class=\"wp-block-column is-vertically-aligned-center is-layout-flow wp-block-column-is-layout-flow\" style=\"flex-basis:66.66%\">\n<h2 class=\"wp-block-heading has-primary-color has-text-color\" id=\"h-por-que-accumold\">\u00bfPor qu\u00e9 Accumold?<\/h2>\n\n\n\n<p>Accumold empez\u00f3 como una empresa de micromoldeado hace 35 a\u00f1os. Disponemos de uno de los equipos m\u00e1s experimentados de desarrolladores de herramientas del mundo, y nuestra experiencia realmente marca la diferencia<\/p>\n\n\n\n<p>Nuestra especializaci\u00f3n en micromoldeado para automoci\u00f3n permite que los mejores ingenieros del mundo superen las normas del moldeado por inyecci\u00f3n tradicional. Nuestra tecnolog\u00eda puede rozar las tolerancias del mecanizado, con una mejor repetibilidad en vol\u00famenes mayores y nuestros equipos tienen una vasta experiencia con ensamblajes complejos y tiempos de entrega cortos en mecanizado.<\/p>\n\n\n\n<p>Adem\u00e1s, ofrecemos micro-molding\u00ae altamente personalizable y plataformas de automatizaci\u00f3n.<\/p>\n<\/div>\n\n\n\n<div class=\"wp-block-column is-vertically-aligned-center is-layout-flow wp-block-column-is-layout-flow\" style=\"flex-basis:33.33%\"><div class=\"wp-block-image\">\n<figure class=\"aligncenter\"><img decoding=\"async\" src=\"https:\/\/www.accu-mold.com\/wp-content\/uploads\/2020\/09\/MedTechLive-300x225-1.jpg\" alt=\"Accumold at MedTechLive\"\/><\/figure>\n<\/div><\/div>\n<\/div>\n\n\n\n<div class=\"wp-block-columns alignwide is-layout-flex wp-container-core-columns-is-layout-9d6595d7 wp-block-columns-is-layout-flex\">\n<div class=\"wp-block-column is-layout-flow wp-block-column-is-layout-flow\">\n<h2 class=\"wp-block-heading has-primary-color has-text-color\" id=\"h-got-a-tricky-question\">Got A Tricky Question?<\/h2>\n\n\n\n<p>Send Our DFM Engineers A Message. (They like the attention.)<\/p>\n\n\n\n<script charset=\"utf-8\" type=\"text\/javascript\" src=\"\/\/js.hsforms.net\/forms\/embed\/v2.js\"><\/script>\n<script>\n  hbspt.forms.create({\n    region: \"na1\",\n    portalId: \"20439115\",\n    formId: \"29d47960-cdd0-4f9e-936d-75f09d842b7f\"\n  });\n<\/script>\n<\/div>\n<\/div>\n","protected":false},"excerpt":{"rendered":"<p>Las tendencias hacia la miniaturizaci\u00f3n OEM y los avances tecnol\u00f3gicos actuales en muchos sectores de mercado dependen de la capacidad [&#8230;] <a class=\"more-link\" href=\"https:\/\/www.accu-mold.com\/es\/capacidades-de-micromoldeado\/clasificacion-de-micromoldeado\/micro-molding-for-emerging-technologies\/\">Read More<span class=\"screen-reader-text\">about Tecnolog\u00edas emergentes<\/span><\/a><\/p>\n","protected":false},"author":5,"featured_media":0,"parent":5518,"menu_order":0,"comment_status":"closed","ping_status":"closed","template":"","meta":{"_acf_changed":false,"inline_featured_image":false,"_wd_proto_hide_page_title":false,"_wd_proto_page_body_class":"","_wd_proto_post_layout":"","footnotes":""},"class_list":["post-19653","page","type-page","status-publish","hentry"],"acf":[],"yoast_head":"<!-- This site is optimized with the Yoast SEO Premium plugin v27.3 (Yoast SEO v27.4) - https:\/\/yoast.com\/product\/yoast-seo-premium-wordpress\/ -->\n<title>Micro molding for emerging technologies | Accumold<\/title>\n<meta name=\"description\" content=\"Current OEM miniaturization trends depend on the ability to mold parts and features smaller than previously thought possible. As end-users demand more function in smaller and lighter packages, micro molding for emerging technologies is a rapidly growing niche.\" \/>\n<meta name=\"robots\" content=\"index, follow, max-snippet:-1, max-image-preview:large, max-video-preview:-1\" \/>\n<link rel=\"canonical\" href=\"https:\/\/www.accu-mold.com\/es\/capacidades-de-micromoldeado\/clasificacion-de-micromoldeado\/micro-molding-for-emerging-technologies\/\" \/>\n<meta property=\"og:locale\" content=\"es_ES\" \/>\n<meta property=\"og:type\" content=\"article\" \/>\n<meta property=\"og:title\" content=\"Tecnolog\u00edas emergentes\" \/>\n<meta property=\"og:description\" content=\"Current OEM miniaturization trends depend on the ability to mold parts and features smaller than previously thought possible. As end-users demand more function in smaller and lighter packages, micro molding for emerging technologies is a rapidly growing niche.\" \/>\n<meta property=\"og:url\" content=\"https:\/\/www.accu-mold.com\/es\/capacidades-de-micromoldeado\/clasificacion-de-micromoldeado\/micro-molding-for-emerging-technologies\/\" \/>\n<meta property=\"og:site_name\" content=\"Accu-Mold\" \/>\n<meta property=\"article:modified_time\" content=\"2023-08-17T07:20:33+00:00\" \/>\n<meta property=\"og:image\" content=\"https:\/\/www.accu-mold.com\/wp-content\/uploads\/2021\/09\/micro-lenses-02.jpg\" \/>\n<meta name=\"twitter:card\" content=\"summary_large_image\" \/>\n<meta name=\"twitter:label1\" content=\"Est. reading time\" \/>\n\t<meta name=\"twitter:data1\" content=\"3 minutes\" \/>\n<script type=\"application\/ld+json\" class=\"yoast-schema-graph\">{\"@context\":\"https:\\\/\\\/schema.org\",\"@graph\":[{\"@type\":\"WebPage\",\"@id\":\"https:\\\/\\\/www.accu-mold.com\\\/es\\\/capacidades-de-micromoldeado\\\/clasificacion-de-micromoldeado\\\/micro-molding-for-emerging-technologies\\\/\",\"url\":\"https:\\\/\\\/www.accu-mold.com\\\/es\\\/capacidades-de-micromoldeado\\\/clasificacion-de-micromoldeado\\\/micro-molding-for-emerging-technologies\\\/\",\"name\":\"Micro molding for emerging technologies | Accumold\",\"isPartOf\":{\"@id\":\"https:\\\/\\\/www.accu-mold.com\\\/#website\"},\"primaryImageOfPage\":{\"@id\":\"https:\\\/\\\/www.accu-mold.com\\\/es\\\/capacidades-de-micromoldeado\\\/clasificacion-de-micromoldeado\\\/micro-molding-for-emerging-technologies\\\/#primaryimage\"},\"image\":{\"@id\":\"https:\\\/\\\/www.accu-mold.com\\\/es\\\/capacidades-de-micromoldeado\\\/clasificacion-de-micromoldeado\\\/micro-molding-for-emerging-technologies\\\/#primaryimage\"},\"thumbnailUrl\":\"https:\\\/\\\/www.accu-mold.com\\\/wp-content\\\/uploads\\\/2021\\\/09\\\/micro-lenses-02.jpg\",\"datePublished\":\"2020-09-11T10:34:56+00:00\",\"dateModified\":\"2023-08-17T07:20:33+00:00\",\"description\":\"Current OEM miniaturization trends depend on the ability to mold parts and features smaller than previously thought possible. As end-users demand more function in smaller and lighter packages, micro molding for emerging technologies is a rapidly growing niche.\",\"breadcrumb\":{\"@id\":\"https:\\\/\\\/www.accu-mold.com\\\/es\\\/capacidades-de-micromoldeado\\\/clasificacion-de-micromoldeado\\\/micro-molding-for-emerging-technologies\\\/#breadcrumb\"},\"inLanguage\":\"es-ES\",\"potentialAction\":[{\"@type\":\"ReadAction\",\"target\":[\"https:\\\/\\\/www.accu-mold.com\\\/es\\\/capacidades-de-micromoldeado\\\/clasificacion-de-micromoldeado\\\/micro-molding-for-emerging-technologies\\\/\"]}]},{\"@type\":\"ImageObject\",\"inLanguage\":\"es-ES\",\"@id\":\"https:\\\/\\\/www.accu-mold.com\\\/es\\\/capacidades-de-micromoldeado\\\/clasificacion-de-micromoldeado\\\/micro-molding-for-emerging-technologies\\\/#primaryimage\",\"url\":\"https:\\\/\\\/www.accu-mold.com\\\/wp-content\\\/uploads\\\/2021\\\/09\\\/micro-lenses-02.jpg\",\"contentUrl\":\"https:\\\/\\\/www.accu-mold.com\\\/wp-content\\\/uploads\\\/2021\\\/09\\\/micro-lenses-02.jpg\"},{\"@type\":\"BreadcrumbList\",\"@id\":\"https:\\\/\\\/www.accu-mold.com\\\/es\\\/capacidades-de-micromoldeado\\\/clasificacion-de-micromoldeado\\\/micro-molding-for-emerging-technologies\\\/#breadcrumb\",\"itemListElement\":[{\"@type\":\"ListItem\",\"position\":1,\"name\":\"Exceptional capabilities backed by exceptional people\",\"item\":\"https:\\\/\\\/www.accu-mold.com\\\/es\\\/\"},{\"@type\":\"ListItem\",\"position\":2,\"name\":\"Micro Molding Capabilities\",\"item\":\"https:\\\/\\\/www.accu-mold.com\\\/es\\\/capacidades-de-micromoldeado\\\/\"},{\"@type\":\"ListItem\",\"position\":3,\"name\":\"Clasificaci\u00f3n de Micromoldeado\",\"item\":\"https:\\\/\\\/www.accu-mold.com\\\/es\\\/capacidades-de-micromoldeado\\\/clasificacion-de-micromoldeado\\\/\"},{\"@type\":\"ListItem\",\"position\":4,\"name\":\"Tecnolog\u00edas emergentes\"}]},{\"@type\":\"WebSite\",\"@id\":\"https:\\\/\\\/www.accu-mold.com\\\/#website\",\"url\":\"https:\\\/\\\/www.accu-mold.com\\\/\",\"name\":\"Accu-Mold\",\"description\":\"Your Micro Mold\u00ae Tooling &amp; Production Partners\",\"publisher\":{\"@id\":\"https:\\\/\\\/www.accu-mold.com\\\/#organization\"},\"potentialAction\":[{\"@type\":\"SearchAction\",\"target\":{\"@type\":\"EntryPoint\",\"urlTemplate\":\"https:\\\/\\\/www.accu-mold.com\\\/?s={search_term_string}\"},\"query-input\":{\"@type\":\"PropertyValueSpecification\",\"valueRequired\":true,\"valueName\":\"search_term_string\"}}],\"inLanguage\":\"es-ES\"},{\"@type\":\"Organization\",\"@id\":\"https:\\\/\\\/www.accu-mold.com\\\/#organization\",\"name\":\"https:\\\/\\\/www.accu-mold.com\\\/careers\\\/current-openings\\\/\",\"url\":\"https:\\\/\\\/www.accu-mold.com\\\/\",\"logo\":{\"@type\":\"ImageObject\",\"inLanguage\":\"es-ES\",\"@id\":\"https:\\\/\\\/www.accu-mold.com\\\/#\\\/schema\\\/logo\\\/image\\\/\",\"url\":\"https:\\\/\\\/www.accu-mold.com\\\/wp-content\\\/uploads\\\/2022\\\/03\\\/accumold-vector-logo.svg\",\"contentUrl\":\"https:\\\/\\\/www.accu-mold.com\\\/wp-content\\\/uploads\\\/2022\\\/03\\\/accumold-vector-logo.svg\",\"caption\":\"https:\\\/\\\/www.accu-mold.com\\\/careers\\\/current-openings\\\/\"},\"image\":{\"@id\":\"https:\\\/\\\/www.accu-mold.com\\\/#\\\/schema\\\/logo\\\/image\\\/\"}}]}<\/script>\n<!-- \/ Yoast SEO Premium plugin. -->","yoast_head_json":{"title":"Micro molding for emerging technologies | Accumold","description":"Current OEM miniaturization trends depend on the ability to mold parts and features smaller than previously thought possible. As end-users demand more function in smaller and lighter packages, micro molding for emerging technologies is a rapidly growing niche.","robots":{"index":"index","follow":"follow","max-snippet":"max-snippet:-1","max-image-preview":"max-image-preview:large","max-video-preview":"max-video-preview:-1"},"canonical":"https:\/\/www.accu-mold.com\/es\/capacidades-de-micromoldeado\/clasificacion-de-micromoldeado\/micro-molding-for-emerging-technologies\/","og_locale":"es_ES","og_type":"article","og_title":"Tecnolog\u00edas emergentes","og_description":"Current OEM miniaturization trends depend on the ability to mold parts and features smaller than previously thought possible. As end-users demand more function in smaller and lighter packages, micro molding for emerging technologies is a rapidly growing niche.","og_url":"https:\/\/www.accu-mold.com\/es\/capacidades-de-micromoldeado\/clasificacion-de-micromoldeado\/micro-molding-for-emerging-technologies\/","og_site_name":"Accu-Mold","article_modified_time":"2023-08-17T07:20:33+00:00","og_image":[{"url":"https:\/\/www.accu-mold.com\/wp-content\/uploads\/2021\/09\/micro-lenses-02.jpg","type":"","width":"","height":""}],"twitter_card":"summary_large_image","twitter_misc":{"Est. reading time":"3 minutes"},"schema":{"@context":"https:\/\/schema.org","@graph":[{"@type":"WebPage","@id":"https:\/\/www.accu-mold.com\/es\/capacidades-de-micromoldeado\/clasificacion-de-micromoldeado\/micro-molding-for-emerging-technologies\/","url":"https:\/\/www.accu-mold.com\/es\/capacidades-de-micromoldeado\/clasificacion-de-micromoldeado\/micro-molding-for-emerging-technologies\/","name":"Micro molding for emerging technologies | Accumold","isPartOf":{"@id":"https:\/\/www.accu-mold.com\/#website"},"primaryImageOfPage":{"@id":"https:\/\/www.accu-mold.com\/es\/capacidades-de-micromoldeado\/clasificacion-de-micromoldeado\/micro-molding-for-emerging-technologies\/#primaryimage"},"image":{"@id":"https:\/\/www.accu-mold.com\/es\/capacidades-de-micromoldeado\/clasificacion-de-micromoldeado\/micro-molding-for-emerging-technologies\/#primaryimage"},"thumbnailUrl":"https:\/\/www.accu-mold.com\/wp-content\/uploads\/2021\/09\/micro-lenses-02.jpg","datePublished":"2020-09-11T10:34:56+00:00","dateModified":"2023-08-17T07:20:33+00:00","description":"Current OEM miniaturization trends depend on the ability to mold parts and features smaller than previously thought possible. As end-users demand more function in smaller and lighter packages, micro molding for emerging technologies is a rapidly growing niche.","breadcrumb":{"@id":"https:\/\/www.accu-mold.com\/es\/capacidades-de-micromoldeado\/clasificacion-de-micromoldeado\/micro-molding-for-emerging-technologies\/#breadcrumb"},"inLanguage":"es-ES","potentialAction":[{"@type":"ReadAction","target":["https:\/\/www.accu-mold.com\/es\/capacidades-de-micromoldeado\/clasificacion-de-micromoldeado\/micro-molding-for-emerging-technologies\/"]}]},{"@type":"ImageObject","inLanguage":"es-ES","@id":"https:\/\/www.accu-mold.com\/es\/capacidades-de-micromoldeado\/clasificacion-de-micromoldeado\/micro-molding-for-emerging-technologies\/#primaryimage","url":"https:\/\/www.accu-mold.com\/wp-content\/uploads\/2021\/09\/micro-lenses-02.jpg","contentUrl":"https:\/\/www.accu-mold.com\/wp-content\/uploads\/2021\/09\/micro-lenses-02.jpg"},{"@type":"BreadcrumbList","@id":"https:\/\/www.accu-mold.com\/es\/capacidades-de-micromoldeado\/clasificacion-de-micromoldeado\/micro-molding-for-emerging-technologies\/#breadcrumb","itemListElement":[{"@type":"ListItem","position":1,"name":"Exceptional capabilities backed by exceptional people","item":"https:\/\/www.accu-mold.com\/es\/"},{"@type":"ListItem","position":2,"name":"Micro Molding Capabilities","item":"https:\/\/www.accu-mold.com\/es\/capacidades-de-micromoldeado\/"},{"@type":"ListItem","position":3,"name":"Clasificaci\u00f3n de Micromoldeado","item":"https:\/\/www.accu-mold.com\/es\/capacidades-de-micromoldeado\/clasificacion-de-micromoldeado\/"},{"@type":"ListItem","position":4,"name":"Tecnolog\u00edas emergentes"}]},{"@type":"WebSite","@id":"https:\/\/www.accu-mold.com\/#website","url":"https:\/\/www.accu-mold.com\/","name":"Accu-Mold","description":"Your Micro Mold\u00ae Tooling &amp; Production Partners","publisher":{"@id":"https:\/\/www.accu-mold.com\/#organization"},"potentialAction":[{"@type":"SearchAction","target":{"@type":"EntryPoint","urlTemplate":"https:\/\/www.accu-mold.com\/?s={search_term_string}"},"query-input":{"@type":"PropertyValueSpecification","valueRequired":true,"valueName":"search_term_string"}}],"inLanguage":"es-ES"},{"@type":"Organization","@id":"https:\/\/www.accu-mold.com\/#organization","name":"https:\/\/www.accu-mold.com\/careers\/current-openings\/","url":"https:\/\/www.accu-mold.com\/","logo":{"@type":"ImageObject","inLanguage":"es-ES","@id":"https:\/\/www.accu-mold.com\/#\/schema\/logo\/image\/","url":"https:\/\/www.accu-mold.com\/wp-content\/uploads\/2022\/03\/accumold-vector-logo.svg","contentUrl":"https:\/\/www.accu-mold.com\/wp-content\/uploads\/2022\/03\/accumold-vector-logo.svg","caption":"https:\/\/www.accu-mold.com\/careers\/current-openings\/"},"image":{"@id":"https:\/\/www.accu-mold.com\/#\/schema\/logo\/image\/"}}]}},"_links":{"self":[{"href":"https:\/\/www.accu-mold.com\/es\/wp-json\/wp\/v2\/pages\/19653","targetHints":{"allow":["GET"]}}],"collection":[{"href":"https:\/\/www.accu-mold.com\/es\/wp-json\/wp\/v2\/pages"}],"about":[{"href":"https:\/\/www.accu-mold.com\/es\/wp-json\/wp\/v2\/types\/page"}],"author":[{"embeddable":true,"href":"https:\/\/www.accu-mold.com\/es\/wp-json\/wp\/v2\/users\/5"}],"replies":[{"embeddable":true,"href":"https:\/\/www.accu-mold.com\/es\/wp-json\/wp\/v2\/comments?post=19653"}],"version-history":[{"count":14,"href":"https:\/\/www.accu-mold.com\/es\/wp-json\/wp\/v2\/pages\/19653\/revisions"}],"predecessor-version":[{"id":20368,"href":"https:\/\/www.accu-mold.com\/es\/wp-json\/wp\/v2\/pages\/19653\/revisions\/20368"}],"up":[{"embeddable":true,"href":"https:\/\/www.accu-mold.com\/es\/wp-json\/wp\/v2\/pages\/5518"}],"wp:attachment":[{"href":"https:\/\/www.accu-mold.com\/es\/wp-json\/wp\/v2\/media?parent=19653"}],"curies":[{"name":"wp","href":"https:\/\/api.w.org\/{rel}","templated":true}]}}