{"id":19648,"date":"2020-09-11T09:44:43","date_gmt":"2020-09-11T09:44:43","guid":{"rendered":"https:\/\/www.accu-mold.com\/capacidades-de-micromoldeado\/clasificacion-de-micromoldeado\/medical-micro-molding\/"},"modified":"2023-08-17T03:48:19","modified_gmt":"2023-08-17T08:48:19","slug":"medical-micro-molding","status":"publish","type":"page","link":"https:\/\/www.accu-mold.com\/es\/capacidades-de-micromoldeado\/clasificacion-de-micromoldeado\/medical-micro-molding\/","title":{"rendered":"Micromoldeado m\u00e9dico"},"content":{"rendered":"\n<div class=\"wp-block-cover alignfull page-header has-custom-inner-width\" style=\"min-height:316px;--inner-container-width:1540px;aspect-ratio:unset;\"><span aria-hidden=\"true\" class=\"wp-block-cover__background has-primary-background-color has-background-dim-80 has-background-dim\"><\/span><img loading=\"lazy\" decoding=\"async\" width=\"1800\" height=\"1200\" class=\"wp-block-cover__image-background wp-image-16594\" alt=\"micro lens examples\" src=\"https:\/\/www.accu-mold.com\/wp-content\/uploads\/2021\/09\/micro-lenses-02.jpg\" data-object-fit=\"cover\" srcset=\"https:\/\/www.accu-mold.com\/wp-content\/uploads\/2021\/09\/micro-lenses-02.jpg 1800w, https:\/\/www.accu-mold.com\/wp-content\/uploads\/2021\/09\/micro-lenses-02-300x200.jpg 300w, https:\/\/www.accu-mold.com\/wp-content\/uploads\/2021\/09\/micro-lenses-02-1024x683.jpg 1024w, https:\/\/www.accu-mold.com\/wp-content\/uploads\/2021\/09\/micro-lenses-02-768x512.jpg 768w, https:\/\/www.accu-mold.com\/wp-content\/uploads\/2021\/09\/micro-lenses-02-1536x1024.jpg 1536w\" sizes=\"auto, (max-width: 1800px) 100vw, 1800px\" \/><div class=\"wp-block-cover__inner-container is-layout-flow wp-block-cover-is-layout-flow\">\n<h1 class=\"wp-block-heading\" id=\"h-micromoldeado-medico\" style=\"font-size:64px\">Micromoldeado m\u00e9dico<\/h1>\n<\/div><\/div>\n\n\n\n<div style=\"height:64px\" aria-hidden=\"true\" class=\"wp-block-spacer\"><\/div>\n\n\n\n<p>El micromoldeado m\u00e9dico es un nicho altamente especializado en el sector del moldeado de pl\u00e1sticos por inyecci\u00f3n. Los dispositivos m\u00e9dicos de los principales OEM dependen de componentes creados mediante micromoldeado por inyecci\u00f3n, dado que miniaturizan su tecnolog\u00eda para ofrecer cuidado cr\u00edtico al paciente dentro y fuera del cuerpo. El micromoldeado denota componentes moldeados mediante inyecci\u00f3n de pl\u00e1stico con caracter\u00edsticas de micras y tolerancias extremadamente ajustadas.<\/p>\n\n\n\n<div style=\"height:45px\" aria-hidden=\"true\" class=\"wp-block-spacer\"><\/div>\n\n\n\n<h2 class=\"wp-block-heading has-primary-color has-text-color\" id=\"h-validacion-del-micromoldeado-medico\">Validaci\u00f3n del micromoldeado m\u00e9dico<\/h2>\n\n\n\n<div class=\"wp-block-columns are-vertically-aligned-center is-layout-flex wp-container-core-columns-is-layout-9d6595d7 wp-block-columns-is-layout-flex\">\n<div class=\"wp-block-column is-vertically-aligned-center is-layout-flow wp-block-column-is-layout-flow\" style=\"flex-basis:33.33%\"><div class=\"wp-block-image\">\n<figure class=\"aligncenter is-resized\"><a href=\"https:\/\/www.accu-mold.com\/wp-content\/uploads\/2020\/09\/medical-molding-300x300-1.jpg\"><img loading=\"lazy\" decoding=\"async\" src=\"https:\/\/www.accu-mold.com\/wp-content\/uploads\/2020\/09\/medical-molding-150x150-1.jpg\" alt=\"person with pipette in medical setting\" width=\"150\" height=\"150\"\/><\/a><\/figure>\n<\/div><\/div>\n\n\n\n<div class=\"wp-block-column is-vertically-aligned-center is-layout-flow wp-block-column-is-layout-flow\" style=\"flex-basis:66.66%\">\n<p>Los componentes del dispositivo m\u00e9dico requieren una validaci\u00f3n de proceso que supera de lejos los requisitos de otros sectores a causa de la estricta supervisi\u00f3n normativa. Este estricto proceso combinado con las tolerancias muy ajustadas requeridas para estos componentes puede suponer un gran reto en el proceso de moldeado. Es por ello que es necesario un especialista como Accumold.<\/p>\n<\/div>\n<\/div>\n\n\n\n<h3 class=\"wp-block-heading has-primary-color has-text-color\" id=\"h-tres-cosas-que-hay-que-saber-sobre-el-micromoldeado-medico\">Tres cosas que hay que saber sobre el micromoldeado m\u00e9dico<\/h3>\n\n\n\n<p>Nuestras salas blancas cumplen las normas <a href=\"https:\/\/www.iso.org\/home.html\">ISO<\/a>, 100k <a href=\"https:\/\/www.mecart-cleanrooms.com\/learning-center\/cleanroom-classifications-iso-8-iso-7-iso-6-iso-5\/\">(ISO Clase 8<\/a>) y 10k (<a href=\"https:\/\/www.mecart-cleanrooms.com\/learning-center\/cleanroom-classifications-iso-8-iso-7-iso-6-iso-5\/\">ISO Clase 7<\/a>), pero eso es solo el principio. Los ingenieros y los dise\u00f1adores de piezas OEM que trabajan en su pr\u00f3ximo proyecto m\u00e9dico deben tener en cuenta tres aspectos centrales del proceso de micromoldeado m\u00e9dico antes de empezarlo.<\/p>\n\n\n\n<h4 class=\"wp-block-heading has-primary-color has-text-color\" id=\"h-1-guias-y-eyeccion\">1. Gu\u00edas y eyecci\u00f3n<\/h4>\n\n\n\n<p>A medida que las piezas son cada vez m\u00e1s peque\u00f1as, requiriendo tolerancias de una micra o media micra, las caracter\u00edsticas de guiado y pasador de eyecci\u00f3n ocupan un porcentaje considerable de la geometr\u00eda de la pieza, mucho m\u00e1s en un componente peque\u00f1o moldeado por inyecci\u00f3n. Al analizar los procesos de micromoldeado m\u00e9dico que necesitan, los dise\u00f1adores deben tener en cuenta c\u00f3mo guiar\u00e1n la pieza para moldeado y c\u00f3mo la extraer\u00e1n del molde.<\/p>\n\n\n\n<h4 class=\"wp-block-heading has-primary-color has-text-color\" id=\"h-2-el-espesor-y-tamano-de-pared-estandar-no-son-aplicables\">2. El espesor y tama\u00f1o de pared est\u00e1ndar no son aplicables<\/h4>\n\n\n\n<p>Nuestro proceso de micromoldeado m\u00e9dico ultrapeque\u00f1o y ultradelgado permite a los dise\u00f1adores de piezas y OEM estirar las normas generalmente aceptadas para el espesor de pared y el tama\u00f1o de pieza. Nuestros ingenieros DFM moldean de forma rutinaria componentes que no era posible moldear de acuerdo con las especificaciones del proveedor de la resina. Algo que escuchamos a menudo es \u00abVaya, no sab\u00eda que se pod\u00eda hacer eso con pl\u00e1stico.\u00bb<\/p>\n\n\n\n<h4 class=\"wp-block-heading has-primary-color has-text-color\" id=\"h-3-expandimos-la-complejidad\">3. Expandimos la complejidad<\/h4>\n\n\n\n<p>De la misma manera que expandimos lo que las resinas pueden hacer a microescala, tambi\u00e9n expandimos lo que es posible en la complejidad de las piezas y el dise\u00f1o de cavidades intrincadas. Hemos descubierto que una de las razones por las que se abandonan los proyectos complejos es porque los dise\u00f1adores del dispositivo m\u00e9dico desconocen que sus requisitos de micromoldeado son posibles. Eso ya es suficiente para incorporar a nuestro equipo DFM como asesor lo antes posible.<\/p>\n\n\n\n<div style=\"height:45px\" aria-hidden=\"true\" class=\"wp-block-spacer\"><\/div>\n\n\n\n<h2 class=\"wp-block-heading has-primary-color has-text-color\" id=\"h-materiales-del-micromoldeado-medico\">Materiales del micromoldeado m\u00e9dico<\/h2>\n\n\n\n<p>Los materiales habituales para el micromoldeado m\u00e9dico son los siguientes:<\/p>\n\n\n\n<ul class=\"wp-block-list\">\n<li>PEEK<\/li>\n\n\n\n<li>Polisulfonas<\/li>\n\n\n\n<li>ABS<\/li>\n\n\n\n<li>PC<\/li>\n\n\n\n<li>Copoli\u00e9steres<\/li>\n\n\n\n<li>PBT (como el trit\u00e1n)<\/li>\n\n\n\n<li>LCP<\/li>\n\n\n\n<li>Poliuretanos<\/li>\n\n\n\n<li>M\u00e1s resinas para el <a href=\"https:\/\/www.accu-mold.com\/es\/micro-molding-resins-comparison-and-challenges\/\">micromoldeado ><\/a><\/li>\n<\/ul>\n\n\n\n<h3 class=\"wp-block-heading has-primary-color has-text-color\" id=\"h-ejemplos\">Ejemplos<\/h3>\n\n\n\n<p>Aunque los ejemplos de micromoldeado m\u00e9dico son numerosos, algunos de los ejemplos m\u00e1s habituales son:<\/p>\n\n\n\n<ul class=\"wp-block-list\">\n<li>Conectores de bater\u00eda moldeados por inserci\u00f3n para dispositivos card\u00edacos flexibles implantables.<\/li>\n\n\n\n<li>Las puntas de poliuretano de paredes delgadas utilizadas en cables de marcapasos y neuroestimuladores.<\/li>\n\n\n\n<li>Matrices de microagujas para administraci\u00f3n de f\u00e1rmacos y biopsia de tejidos.<\/li>\n\n\n\n<li>Puntas de \u00f3ptica a microescala utilizada en sistemas de creaci\u00f3n de im\u00e1genes OCT de \u00faltima generaci\u00f3n.<\/li>\n\n\n\n<li>C\u00e1nulas moldeadas utilizadas en cirug\u00eda oftalmol\u00f3gica.<\/li>\n\n\n\n<li><a href=\"https:\/\/www.accu-mold.com\/es\/ejemplos\/\" target=\"_blank\" rel=\"noreferrer noopener\"><strong>Ejemplos \u00bb<\/strong><\/a><\/li>\n<\/ul>\n\n\n\n<div style=\"height:45px\" aria-hidden=\"true\" class=\"wp-block-spacer\"><\/div>\n\n\n\n<h2 class=\"wp-block-heading has-primary-color has-text-color\" id=\"h-experiencia-en-el-sector-medico-de-accumold\">Experiencia en el sector m\u00e9dico de Accumold<\/h2>\n\n\n\n<div class=\"wp-block-columns are-vertically-aligned-center is-layout-flex wp-container-core-columns-is-layout-9d6595d7 wp-block-columns-is-layout-flex\" style=\"--column-gutter:0px\">\n<div class=\"wp-block-column is-vertically-aligned-center is-layout-flow wp-block-column-is-layout-flow\" style=\"flex-basis:33.33%\"><div class=\"wp-block-image\">\n<figure class=\"aligncenter size-full is-resized\"><img decoding=\"async\" src=\"https:\/\/www.accu-mold.com\/wp-content\/uploads\/2020\/09\/capabilities1.jpg\" alt=\"Micro Molding Examples\" class=\"wp-image-4799\" width=\"400\" srcset=\"https:\/\/www.accu-mold.com\/wp-content\/uploads\/2020\/09\/capabilities1.jpg 308w, https:\/\/www.accu-mold.com\/wp-content\/uploads\/2020\/09\/capabilities1-300x197.jpg 300w\" sizes=\"(max-width: 308px) 100vw, 308px\" \/><\/figure>\n<\/div><\/div>\n\n\n\n<div class=\"wp-block-column is-vertically-aligned-center is-layout-flow wp-block-column-is-layout-flow\" style=\"flex-basis:66.66%\">\n<p>En principal enfoque de Accumold desde nuestra creaci\u00f3n hace 35 a\u00f1os ha sido moldear componentes peque\u00f1os con tolerancias muy ajustadas. Eso es todo lo que hacemos. Durante ese tiempo, hemos aprendido nuestras t\u00e9cnicas de mecanizado y procesamiento para permitir la fabricaci\u00f3n del micromoldeado m\u00e9dico y las micropiezas.<\/p>\n\n\n\n<p>La mayor confusi\u00f3n sobre el micromoldeado es asumir que simplemente una versi\u00f3n m\u00e1s peque\u00f1a del moldeado por inyecci\u00f3n. El proceso es completamente diferente, por ello muchas empresas de moldeado por inyecci\u00f3n tienen dificultades para obtener un aut\u00e9ntico micromoldeado con tolerancias de una micra.<\/p>\n\n\n\n<p>Contamos con un equipo muy amplio con d\u00e9cadas de experiencia en el moldeado de piezas microsc\u00f3picas muy complejas. Todo nuestro mecanizado y automatizaci\u00f3n se dise\u00f1an, fabrican y mantienen de forma interna 24\/7 y nuestros ingenieros DFM est\u00e1n listos para ayudar incluso en sus componentes de micromoldeado m\u00e9dico m\u00e1s complejos.<\/p>\n<\/div>\n<\/div>\n\n\n\n<div style=\"height:45px\" aria-hidden=\"true\" class=\"wp-block-spacer\"><\/div>\n\n\n\n<h2 class=\"wp-block-heading has-primary-color has-text-color\" id=\"h-got-a-tricky-question\">\n\t\tGot A Tricky Question?\n\t<\/h2>\n\n\n\n<script charset=\"utf-8\" type=\"text\/javascript\" src=\"\/\/js.hsforms.net\/forms\/embed\/v2.js\"><\/script>\n<script>\n  hbspt.forms.create({\n    region: \"na1\",\n    portalId: \"20439115\",\n    formId: \"29d47960-cdd0-4f9e-936d-75f09d842b7f\"\n  });\n<\/script>\n","protected":false},"excerpt":{"rendered":"<p>El micromoldeado m\u00e9dico es un nicho altamente especializado en el sector del moldeado de pl\u00e1sticos por inyecci\u00f3n. Los dispositivos m\u00e9dicos [&#8230;] <a class=\"more-link\" href=\"https:\/\/www.accu-mold.com\/es\/capacidades-de-micromoldeado\/clasificacion-de-micromoldeado\/medical-micro-molding\/\">Read More<span class=\"screen-reader-text\">about Micromoldeado m\u00e9dico<\/span><\/a><\/p>\n","protected":false},"author":5,"featured_media":0,"parent":5518,"menu_order":0,"comment_status":"closed","ping_status":"closed","template":"","meta":{"_acf_changed":false,"inline_featured_image":false,"_wd_proto_hide_page_title":false,"_wd_proto_page_body_class":"","_wd_proto_post_layout":"","footnotes":""},"class_list":["post-19648","page","type-page","status-publish","hentry"],"acf":[],"yoast_head":"<!-- This site is optimized with the Yoast SEO Premium plugin v27.3 (Yoast SEO v27.4) - https:\/\/yoast.com\/product\/yoast-seo-premium-wordpress\/ -->\n<title>Medical Micro Molding \u00bb Accumold, World Leaders in Micro Molding<\/title>\n<meta name=\"description\" content=\"Medical micro molding is a highly specialized niche in the plastic injection molding industry. Medical devices from leading OEMs depend on micro-injection molded components as technology drastically shrinks in size.\" \/>\n<meta name=\"robots\" content=\"index, follow, max-snippet:-1, max-image-preview:large, max-video-preview:-1\" \/>\n<link rel=\"canonical\" href=\"https:\/\/www.accu-mold.com\/es\/capacidades-de-micromoldeado\/clasificacion-de-micromoldeado\/medical-micro-molding\/\" \/>\n<meta property=\"og:locale\" content=\"es_ES\" \/>\n<meta property=\"og:type\" content=\"article\" \/>\n<meta property=\"og:title\" content=\"Micromoldeado m\u00e9dico\" \/>\n<meta property=\"og:description\" content=\"Medical micro molding is a highly specialized niche in the plastic injection molding industry. Medical devices from leading OEMs depend on micro-injection molded components as technology drastically shrinks in size.\" \/>\n<meta property=\"og:url\" content=\"https:\/\/www.accu-mold.com\/es\/capacidades-de-micromoldeado\/clasificacion-de-micromoldeado\/medical-micro-molding\/\" \/>\n<meta property=\"og:site_name\" content=\"Accu-Mold\" \/>\n<meta property=\"article:modified_time\" content=\"2023-08-17T08:48:19+00:00\" \/>\n<meta property=\"og:image\" content=\"https:\/\/www.accu-mold.com\/wp-content\/uploads\/2021\/09\/micro-lenses-02.jpg\" \/>\n<meta name=\"twitter:card\" content=\"summary_large_image\" \/>\n<meta name=\"twitter:label1\" content=\"Est. reading time\" \/>\n\t<meta name=\"twitter:data1\" content=\"4 minutes\" \/>\n<script type=\"application\/ld+json\" class=\"yoast-schema-graph\">{\"@context\":\"https:\\\/\\\/schema.org\",\"@graph\":[{\"@type\":\"WebPage\",\"@id\":\"https:\\\/\\\/www.accu-mold.com\\\/es\\\/capacidades-de-micromoldeado\\\/clasificacion-de-micromoldeado\\\/medical-micro-molding\\\/\",\"url\":\"https:\\\/\\\/www.accu-mold.com\\\/es\\\/capacidades-de-micromoldeado\\\/clasificacion-de-micromoldeado\\\/medical-micro-molding\\\/\",\"name\":\"Medical Micro Molding \u00bb Accumold, World Leaders in Micro Molding\",\"isPartOf\":{\"@id\":\"https:\\\/\\\/www.accu-mold.com\\\/#website\"},\"primaryImageOfPage\":{\"@id\":\"https:\\\/\\\/www.accu-mold.com\\\/es\\\/capacidades-de-micromoldeado\\\/clasificacion-de-micromoldeado\\\/medical-micro-molding\\\/#primaryimage\"},\"image\":{\"@id\":\"https:\\\/\\\/www.accu-mold.com\\\/es\\\/capacidades-de-micromoldeado\\\/clasificacion-de-micromoldeado\\\/medical-micro-molding\\\/#primaryimage\"},\"thumbnailUrl\":\"https:\\\/\\\/www.accu-mold.com\\\/wp-content\\\/uploads\\\/2021\\\/09\\\/micro-lenses-02.jpg\",\"datePublished\":\"2020-09-11T09:44:43+00:00\",\"dateModified\":\"2023-08-17T08:48:19+00:00\",\"description\":\"Medical micro molding is a highly specialized niche in the plastic injection molding industry. Medical devices from leading OEMs depend on micro-injection molded components as technology drastically shrinks in size.\",\"breadcrumb\":{\"@id\":\"https:\\\/\\\/www.accu-mold.com\\\/es\\\/capacidades-de-micromoldeado\\\/clasificacion-de-micromoldeado\\\/medical-micro-molding\\\/#breadcrumb\"},\"inLanguage\":\"es-ES\",\"potentialAction\":[{\"@type\":\"ReadAction\",\"target\":[\"https:\\\/\\\/www.accu-mold.com\\\/es\\\/capacidades-de-micromoldeado\\\/clasificacion-de-micromoldeado\\\/medical-micro-molding\\\/\"]}]},{\"@type\":\"ImageObject\",\"inLanguage\":\"es-ES\",\"@id\":\"https:\\\/\\\/www.accu-mold.com\\\/es\\\/capacidades-de-micromoldeado\\\/clasificacion-de-micromoldeado\\\/medical-micro-molding\\\/#primaryimage\",\"url\":\"https:\\\/\\\/www.accu-mold.com\\\/wp-content\\\/uploads\\\/2021\\\/09\\\/micro-lenses-02.jpg\",\"contentUrl\":\"https:\\\/\\\/www.accu-mold.com\\\/wp-content\\\/uploads\\\/2021\\\/09\\\/micro-lenses-02.jpg\"},{\"@type\":\"BreadcrumbList\",\"@id\":\"https:\\\/\\\/www.accu-mold.com\\\/es\\\/capacidades-de-micromoldeado\\\/clasificacion-de-micromoldeado\\\/medical-micro-molding\\\/#breadcrumb\",\"itemListElement\":[{\"@type\":\"ListItem\",\"position\":1,\"name\":\"Exceptional capabilities backed by exceptional people\",\"item\":\"https:\\\/\\\/www.accu-mold.com\\\/es\\\/\"},{\"@type\":\"ListItem\",\"position\":2,\"name\":\"Micro Molding Capabilities\",\"item\":\"https:\\\/\\\/www.accu-mold.com\\\/es\\\/capacidades-de-micromoldeado\\\/\"},{\"@type\":\"ListItem\",\"position\":3,\"name\":\"Clasificaci\u00f3n de Micromoldeado\",\"item\":\"https:\\\/\\\/www.accu-mold.com\\\/es\\\/capacidades-de-micromoldeado\\\/clasificacion-de-micromoldeado\\\/\"},{\"@type\":\"ListItem\",\"position\":4,\"name\":\"Micromoldeado m\u00e9dico\"}]},{\"@type\":\"WebSite\",\"@id\":\"https:\\\/\\\/www.accu-mold.com\\\/#website\",\"url\":\"https:\\\/\\\/www.accu-mold.com\\\/\",\"name\":\"Accu-Mold\",\"description\":\"Your Micro Mold\u00ae Tooling &amp; Production Partners\",\"publisher\":{\"@id\":\"https:\\\/\\\/www.accu-mold.com\\\/#organization\"},\"potentialAction\":[{\"@type\":\"SearchAction\",\"target\":{\"@type\":\"EntryPoint\",\"urlTemplate\":\"https:\\\/\\\/www.accu-mold.com\\\/?s={search_term_string}\"},\"query-input\":{\"@type\":\"PropertyValueSpecification\",\"valueRequired\":true,\"valueName\":\"search_term_string\"}}],\"inLanguage\":\"es-ES\"},{\"@type\":\"Organization\",\"@id\":\"https:\\\/\\\/www.accu-mold.com\\\/#organization\",\"name\":\"https:\\\/\\\/www.accu-mold.com\\\/careers\\\/current-openings\\\/\",\"url\":\"https:\\\/\\\/www.accu-mold.com\\\/\",\"logo\":{\"@type\":\"ImageObject\",\"inLanguage\":\"es-ES\",\"@id\":\"https:\\\/\\\/www.accu-mold.com\\\/#\\\/schema\\\/logo\\\/image\\\/\",\"url\":\"https:\\\/\\\/www.accu-mold.com\\\/wp-content\\\/uploads\\\/2022\\\/03\\\/accumold-vector-logo.svg\",\"contentUrl\":\"https:\\\/\\\/www.accu-mold.com\\\/wp-content\\\/uploads\\\/2022\\\/03\\\/accumold-vector-logo.svg\",\"caption\":\"https:\\\/\\\/www.accu-mold.com\\\/careers\\\/current-openings\\\/\"},\"image\":{\"@id\":\"https:\\\/\\\/www.accu-mold.com\\\/#\\\/schema\\\/logo\\\/image\\\/\"}}]}<\/script>\n<!-- \/ Yoast SEO Premium plugin. -->","yoast_head_json":{"title":"Medical Micro Molding \u00bb Accumold, World Leaders in Micro Molding","description":"Medical micro molding is a highly specialized niche in the plastic injection molding industry. Medical devices from leading OEMs depend on micro-injection molded components as technology drastically shrinks in size.","robots":{"index":"index","follow":"follow","max-snippet":"max-snippet:-1","max-image-preview":"max-image-preview:large","max-video-preview":"max-video-preview:-1"},"canonical":"https:\/\/www.accu-mold.com\/es\/capacidades-de-micromoldeado\/clasificacion-de-micromoldeado\/medical-micro-molding\/","og_locale":"es_ES","og_type":"article","og_title":"Micromoldeado m\u00e9dico","og_description":"Medical micro molding is a highly specialized niche in the plastic injection molding industry. Medical devices from leading OEMs depend on micro-injection molded components as technology drastically shrinks in size.","og_url":"https:\/\/www.accu-mold.com\/es\/capacidades-de-micromoldeado\/clasificacion-de-micromoldeado\/medical-micro-molding\/","og_site_name":"Accu-Mold","article_modified_time":"2023-08-17T08:48:19+00:00","og_image":[{"url":"https:\/\/www.accu-mold.com\/wp-content\/uploads\/2021\/09\/micro-lenses-02.jpg","type":"","width":"","height":""}],"twitter_card":"summary_large_image","twitter_misc":{"Est. reading time":"4 minutes"},"schema":{"@context":"https:\/\/schema.org","@graph":[{"@type":"WebPage","@id":"https:\/\/www.accu-mold.com\/es\/capacidades-de-micromoldeado\/clasificacion-de-micromoldeado\/medical-micro-molding\/","url":"https:\/\/www.accu-mold.com\/es\/capacidades-de-micromoldeado\/clasificacion-de-micromoldeado\/medical-micro-molding\/","name":"Medical Micro Molding \u00bb Accumold, World Leaders in Micro Molding","isPartOf":{"@id":"https:\/\/www.accu-mold.com\/#website"},"primaryImageOfPage":{"@id":"https:\/\/www.accu-mold.com\/es\/capacidades-de-micromoldeado\/clasificacion-de-micromoldeado\/medical-micro-molding\/#primaryimage"},"image":{"@id":"https:\/\/www.accu-mold.com\/es\/capacidades-de-micromoldeado\/clasificacion-de-micromoldeado\/medical-micro-molding\/#primaryimage"},"thumbnailUrl":"https:\/\/www.accu-mold.com\/wp-content\/uploads\/2021\/09\/micro-lenses-02.jpg","datePublished":"2020-09-11T09:44:43+00:00","dateModified":"2023-08-17T08:48:19+00:00","description":"Medical micro molding is a highly specialized niche in the plastic injection molding industry. Medical devices from leading OEMs depend on micro-injection molded components as technology drastically shrinks in size.","breadcrumb":{"@id":"https:\/\/www.accu-mold.com\/es\/capacidades-de-micromoldeado\/clasificacion-de-micromoldeado\/medical-micro-molding\/#breadcrumb"},"inLanguage":"es-ES","potentialAction":[{"@type":"ReadAction","target":["https:\/\/www.accu-mold.com\/es\/capacidades-de-micromoldeado\/clasificacion-de-micromoldeado\/medical-micro-molding\/"]}]},{"@type":"ImageObject","inLanguage":"es-ES","@id":"https:\/\/www.accu-mold.com\/es\/capacidades-de-micromoldeado\/clasificacion-de-micromoldeado\/medical-micro-molding\/#primaryimage","url":"https:\/\/www.accu-mold.com\/wp-content\/uploads\/2021\/09\/micro-lenses-02.jpg","contentUrl":"https:\/\/www.accu-mold.com\/wp-content\/uploads\/2021\/09\/micro-lenses-02.jpg"},{"@type":"BreadcrumbList","@id":"https:\/\/www.accu-mold.com\/es\/capacidades-de-micromoldeado\/clasificacion-de-micromoldeado\/medical-micro-molding\/#breadcrumb","itemListElement":[{"@type":"ListItem","position":1,"name":"Exceptional capabilities backed by exceptional people","item":"https:\/\/www.accu-mold.com\/es\/"},{"@type":"ListItem","position":2,"name":"Micro Molding Capabilities","item":"https:\/\/www.accu-mold.com\/es\/capacidades-de-micromoldeado\/"},{"@type":"ListItem","position":3,"name":"Clasificaci\u00f3n de Micromoldeado","item":"https:\/\/www.accu-mold.com\/es\/capacidades-de-micromoldeado\/clasificacion-de-micromoldeado\/"},{"@type":"ListItem","position":4,"name":"Micromoldeado m\u00e9dico"}]},{"@type":"WebSite","@id":"https:\/\/www.accu-mold.com\/#website","url":"https:\/\/www.accu-mold.com\/","name":"Accu-Mold","description":"Your Micro Mold\u00ae Tooling &amp; Production Partners","publisher":{"@id":"https:\/\/www.accu-mold.com\/#organization"},"potentialAction":[{"@type":"SearchAction","target":{"@type":"EntryPoint","urlTemplate":"https:\/\/www.accu-mold.com\/?s={search_term_string}"},"query-input":{"@type":"PropertyValueSpecification","valueRequired":true,"valueName":"search_term_string"}}],"inLanguage":"es-ES"},{"@type":"Organization","@id":"https:\/\/www.accu-mold.com\/#organization","name":"https:\/\/www.accu-mold.com\/careers\/current-openings\/","url":"https:\/\/www.accu-mold.com\/","logo":{"@type":"ImageObject","inLanguage":"es-ES","@id":"https:\/\/www.accu-mold.com\/#\/schema\/logo\/image\/","url":"https:\/\/www.accu-mold.com\/wp-content\/uploads\/2022\/03\/accumold-vector-logo.svg","contentUrl":"https:\/\/www.accu-mold.com\/wp-content\/uploads\/2022\/03\/accumold-vector-logo.svg","caption":"https:\/\/www.accu-mold.com\/careers\/current-openings\/"},"image":{"@id":"https:\/\/www.accu-mold.com\/#\/schema\/logo\/image\/"}}]}},"_links":{"self":[{"href":"https:\/\/www.accu-mold.com\/es\/wp-json\/wp\/v2\/pages\/19648","targetHints":{"allow":["GET"]}}],"collection":[{"href":"https:\/\/www.accu-mold.com\/es\/wp-json\/wp\/v2\/pages"}],"about":[{"href":"https:\/\/www.accu-mold.com\/es\/wp-json\/wp\/v2\/types\/page"}],"author":[{"embeddable":true,"href":"https:\/\/www.accu-mold.com\/es\/wp-json\/wp\/v2\/users\/5"}],"replies":[{"embeddable":true,"href":"https:\/\/www.accu-mold.com\/es\/wp-json\/wp\/v2\/comments?post=19648"}],"version-history":[{"count":8,"href":"https:\/\/www.accu-mold.com\/es\/wp-json\/wp\/v2\/pages\/19648\/revisions"}],"predecessor-version":[{"id":20376,"href":"https:\/\/www.accu-mold.com\/es\/wp-json\/wp\/v2\/pages\/19648\/revisions\/20376"}],"up":[{"embeddable":true,"href":"https:\/\/www.accu-mold.com\/es\/wp-json\/wp\/v2\/pages\/5518"}],"wp:attachment":[{"href":"https:\/\/www.accu-mold.com\/es\/wp-json\/wp\/v2\/media?parent=19648"}],"curies":[{"name":"wp","href":"https:\/\/api.w.org\/{rel}","templated":true}]}}