{"id":19645,"date":"2020-09-11T09:09:36","date_gmt":"2020-09-11T09:09:36","guid":{"rendered":"https:\/\/www.accu-mold.com\/capacidades-de-micromoldeado\/clasificacion-de-micromoldeado\/automotive-micro-molding\/"},"modified":"2023-08-28T06:09:32","modified_gmt":"2023-08-28T11:09:32","slug":"automotive-micro-molding","status":"publish","type":"page","link":"https:\/\/www.accu-mold.com\/es\/capacidades-de-micromoldeado\/clasificacion-de-micromoldeado\/automotive-micro-molding\/","title":{"rendered":"Micromoldeado para automoci\u00f3n"},"content":{"rendered":"\n<div class=\"wp-block-cover alignfull page-header has-custom-inner-width\" style=\"min-height:316px;--inner-container-width:1540px;aspect-ratio:unset;\"><span aria-hidden=\"true\" class=\"wp-block-cover__background has-primary-background-color has-background-dim-80 has-background-dim\"><\/span><img loading=\"lazy\" decoding=\"async\" width=\"1800\" height=\"1200\" class=\"wp-block-cover__image-background wp-image-16594\" alt=\"micro lens examples\" src=\"https:\/\/www.accu-mold.com\/wp-content\/uploads\/2021\/09\/micro-lenses-02.jpg\" data-object-fit=\"cover\" srcset=\"https:\/\/www.accu-mold.com\/wp-content\/uploads\/2021\/09\/micro-lenses-02.jpg 1800w, https:\/\/www.accu-mold.com\/wp-content\/uploads\/2021\/09\/micro-lenses-02-300x200.jpg 300w, https:\/\/www.accu-mold.com\/wp-content\/uploads\/2021\/09\/micro-lenses-02-1024x683.jpg 1024w, https:\/\/www.accu-mold.com\/wp-content\/uploads\/2021\/09\/micro-lenses-02-768x512.jpg 768w, https:\/\/www.accu-mold.com\/wp-content\/uploads\/2021\/09\/micro-lenses-02-1536x1024.jpg 1536w\" sizes=\"auto, (max-width: 1800px) 100vw, 1800px\" \/><div class=\"wp-block-cover__inner-container is-layout-flow wp-block-cover-is-layout-flow\">\n<h1 class=\"wp-block-heading\" id=\"h-micromoldeado-para-automocion\" style=\"font-size:64px\">Micromoldeado para automoci\u00f3n<\/h1>\n<\/div><\/div>\n\n\n\n<div style=\"height:64px\" aria-hidden=\"true\" class=\"wp-block-spacer\"><\/div>\n\n\n\n<p>A medida que crece la demanda de tecnolog\u00eda m\u00e1s avanzada en el mundo de la automoci\u00f3n, la presi\u00f3n sobre la microtecnolog\u00eda aumenta de igual manera. Los sistemas integrados para cualquier elemento, desde conducci\u00f3n aut\u00f3noma hasta comodidad en cabina, emplean una amplia variedad de microelectr\u00f3nica, sensores y otros peque\u00f1os componentes. Muchos ingenieros esperan que esas tecnolog\u00edas a\u00f1adidas sean discretas, robustas y rentables. El micromoldeado para automoci\u00f3n es un proceso que permite ofrecer asistencia a los ingenieros para que cumplan las tres expectativas.<\/p>\n\n\n\n<div class=\"wp-block-columns alignwide are-vertically-aligned-center is-layout-flex wp-container-core-columns-is-layout-9d6595d7 wp-block-columns-is-layout-flex\" style=\"--column-gutter:0px\">\n<div class=\"wp-block-column is-vertically-aligned-center is-layout-flow wp-block-column-is-layout-flow\" style=\"flex-basis:66.66%\">\n<h2 class=\"wp-block-heading has-primary-color has-text-color\" id=\"h-el-proceso\">El proceso<\/h2>\n\n\n\n<p>Suministrar al sector de la automoci\u00f3n un proceso de fabricaci\u00f3n muy riguroso. Cualquier empresa que suministre componentes complejos, especialmente una de micromoldeado, debe disponer de los sistemas de calidad adecuados, pero va a\u00fan m\u00e1s all\u00e1. Los socios adecuados deben centrarse en la escalabilidad y la sostenibilidad para fabricar dichos componentes cr\u00edticos durante los pr\u00f3ximos a\u00f1os. Los componentes para los sistemas automotivos no suelen cambiar y no toleran alteraciones en la cadena de suministro.<\/p>\n<\/div>\n\n\n\n<div class=\"wp-block-column is-vertically-aligned-center is-layout-flow wp-block-column-is-layout-flow\" style=\"flex-basis:33.33%\"><div class=\"wp-block-image\">\n<figure class=\"aligncenter\"><img decoding=\"async\" src=\"https:\/\/www.accu-mold.com\/wp-content\/uploads\/2020\/09\/LCP-Liquid-Crystal-Polymer-277x300-1.png\" alt=\"LCP Liquid Crystal Polymer - micro molding materials\"\/><figcaption class=\"wp-element-caption\">LCP Liquid Crystal Polymer<\/figcaption><\/figure>\n<\/div><\/div>\n<\/div>\n\n\n\n<div class=\"wp-block-columns alignwide is-layout-flex wp-container-core-columns-is-layout-9d6595d7 wp-block-columns-is-layout-flex\">\n<div class=\"wp-block-column is-layout-flow wp-block-column-is-layout-flow\" style=\"flex-basis:100%\">\n<h3 class=\"wp-block-heading has-primary-color has-text-color\" id=\"h-materiales-habituales-y-ejemplos\">Materiales habituales y ejemplos<\/h3>\n\n\n\n<p>Cada sector tiene sus propios materiales predilectos como <a href=\"https:\/\/www.accu-mold.com\/es\/capacidades-de-micromoldeado\/materiales-termoplasticos\/#pbt\">ABS, PC, PMMA y LCP<\/a>, pero tambi\u00e9n lidiamos con una amplia variedad de OEM y fabricantes que requieren del mismo modo nuevos materiales innovadores.<\/p>\n\n\n\n<p>Algunos ejemplos de componentes habituales del micromoldeado para automoci\u00f3n son las carcasas de sensor, elementos \u00f3pticos de iluminaci\u00f3n, conectores, subcomponentes electr\u00f3nicos y sellos de bater\u00eda.<\/p>\n\n\n\n<p>Nuestro mayor componente de micromoldeado para automoci\u00f3n hasta la fecha es una carcasa de sensor para la direcci\u00f3n asistida.<\/p>\n<\/div>\n<\/div>\n\n\n\n<div class=\"wp-block-columns alignwide are-vertically-aligned-center is-layout-flex wp-container-core-columns-is-layout-9d6595d7 wp-block-columns-is-layout-flex\">\n<div class=\"wp-block-column is-vertically-aligned-center is-layout-flow wp-block-column-is-layout-flow\" style=\"flex-basis:66.66%\">\n<h3 class=\"wp-block-heading has-primary-color has-text-color\" id=\"h-tres-aspectos-importantes-del-micromoldeado-para-automocion\">Tres aspectos importantes del micromoldeado para automoci\u00f3n<\/h3>\n\n\n\n<ol class=\"wp-block-list\">\n<li>Cuanto antes puedan empezar las conversaciones del proceso de dise\u00f1o, mejor. A menudo, cuando los ingenieros piensan que es imposible, nosotros ya lo hemos hecho.<\/li>\n\n\n\n<li>El proceso de dise\u00f1o para la fabricaci\u00f3n (DFM, por sus siglas en ingl\u00e9s) debe ser exhaustivo.<\/li>\n\n\n\n<li>Es vital entender el coste total de propiedad a la hora de comparar precios y realizar su estudio.<\/li>\n<\/ol>\n<\/div>\n\n\n\n<div class=\"wp-block-column is-vertically-aligned-center is-layout-flow wp-block-column-is-layout-flow\" style=\"flex-basis:33.33%\"><div class=\"wp-block-image\">\n<figure class=\"aligncenter is-resized\"><img loading=\"lazy\" decoding=\"async\" src=\"https:\/\/www.accu-mold.com\/wp-content\/uploads\/2020\/09\/automative-electronics-1.jpg\" alt=\"Example of our largest automotive micro molding component. A power-steering sensor housing.\" width=\"240\" height=\"240\"\/><figcaption class=\"wp-element-caption\">Power-steering sensor housing.<\/figcaption><\/figure>\n<\/div><\/div>\n<\/div>\n\n\n\n<div class=\"wp-block-columns alignwide are-vertically-aligned-center is-layout-flex wp-container-core-columns-is-layout-9d6595d7 wp-block-columns-is-layout-flex\">\n<div class=\"wp-block-column is-vertically-aligned-center is-layout-flow wp-block-column-is-layout-flow\" style=\"flex-basis:66.66%\">\n<h2 class=\"wp-block-heading has-primary-color has-text-color\" id=\"h-por-que-accumold\">\u00bfPor qu\u00e9 Accumold?<\/h2>\n\n\n\n<p>Accumold empez\u00f3 como una empresa de micromoldeado hace 35 a\u00f1os. Disponemos de uno de los equipos m\u00e1s experimentados de desarrolladores de herramientas del mundo, y nuestra experiencia realmente marca la diferencia.<\/p>\n\n\n\n<p>Nuestra especializaci\u00f3n en micromoldeado para automoci\u00f3n permite que los mejores ingenieros del mundo superen las normas del moldeado por inyecci\u00f3n tradicional. Nuestra tecnolog\u00eda puede rozar las tolerancias del mecanizado, con una mejor repetibilidad en vol\u00famenes mayores y nuestros equipos tienen una vasta experiencia con ensamblajes complejos y tiempos de entrega cortos en mecanizado.<\/p>\n\n\n\n<p>Adem\u00e1s, ofrecemos micro-molding\u00ae altamente personalizable y plataformas de automatizaci\u00f3n.<\/p>\n<\/div>\n\n\n\n<div class=\"wp-block-column is-vertically-aligned-center is-layout-flow wp-block-column-is-layout-flow\" style=\"flex-basis:33.33%\"><div class=\"wp-block-image\">\n<figure class=\"aligncenter is-resized\"><img decoding=\"async\" src=\"https:\/\/www.accu-mold.com\/wp-content\/uploads\/2020\/09\/MedTechLive-300x225-1.jpg\" alt=\"Accumold at MedTechLive\" width=\"400\"\/><\/figure>\n<\/div><\/div>\n<\/div>\n\n\n\n<h2 class=\"wp-block-heading has-primary-color has-text-color\" id=\"h-got-a-tricky-question\">Got A Tricky Question?<\/h2>\n\n\n\n<p>Send Our DFM Engineers A Message. (They like the attention.)<\/p>\n\n\n\n<script charset=\"utf-8\" type=\"text\/javascript\" src=\"\/\/js.hsforms.net\/forms\/embed\/v2.js\"><\/script>\n<script>\n  hbspt.forms.create({\n    region: \"na1\",\n    portalId: \"20439115\",\n    formId: \"29d47960-cdd0-4f9e-936d-75f09d842b7f\"\n  });\n<\/script>\n","protected":false},"excerpt":{"rendered":"<p>A medida que crece la demanda de tecnolog\u00eda m\u00e1s avanzada en el mundo de la automoci\u00f3n, la presi\u00f3n sobre la [&#8230;] <a class=\"more-link\" href=\"https:\/\/www.accu-mold.com\/es\/capacidades-de-micromoldeado\/clasificacion-de-micromoldeado\/automotive-micro-molding\/\">Read More<span class=\"screen-reader-text\">about Micromoldeado para automoci\u00f3n<\/span><\/a><\/p>\n","protected":false},"author":5,"featured_media":0,"parent":5518,"menu_order":0,"comment_status":"closed","ping_status":"closed","template":"","meta":{"_acf_changed":false,"inline_featured_image":false,"_wd_proto_hide_page_title":false,"_wd_proto_page_body_class":"","_wd_proto_post_layout":"","footnotes":""},"class_list":["post-19645","page","type-page","status-publish","hentry"],"acf":[],"yoast_head":"<!-- This site is optimized with the Yoast SEO Premium plugin v27.3 (Yoast SEO v27.4) - https:\/\/yoast.com\/product\/yoast-seo-premium-wordpress\/ -->\n<title>Automotive Micro Molding | Accumold<\/title>\n<meta name=\"description\" content=\"On-board systems for autonomous driving to cabin comfort employ a wide variety of microelectronics, sensors and other small components. Automotive micro molding is one enabling processes that can help engineers reduce bulk and increase efficiency.\" \/>\n<meta name=\"robots\" content=\"index, follow, max-snippet:-1, max-image-preview:large, max-video-preview:-1\" \/>\n<link rel=\"canonical\" href=\"https:\/\/www.accu-mold.com\/es\/capacidades-de-micromoldeado\/clasificacion-de-micromoldeado\/automotive-micro-molding\/\" \/>\n<meta property=\"og:locale\" content=\"es_ES\" \/>\n<meta property=\"og:type\" content=\"article\" \/>\n<meta property=\"og:title\" content=\"Micromoldeado para automoci\u00f3n\" \/>\n<meta property=\"og:description\" content=\"On-board systems for autonomous driving to cabin comfort employ a wide variety of microelectronics, sensors and other small components. Automotive micro molding is one enabling processes that can help engineers reduce bulk and increase efficiency.\" \/>\n<meta property=\"og:url\" content=\"https:\/\/www.accu-mold.com\/es\/capacidades-de-micromoldeado\/clasificacion-de-micromoldeado\/automotive-micro-molding\/\" \/>\n<meta property=\"og:site_name\" content=\"Accu-Mold\" \/>\n<meta property=\"article:modified_time\" content=\"2023-08-28T11:09:32+00:00\" \/>\n<meta property=\"og:image\" content=\"https:\/\/www.accu-mold.com\/wp-content\/uploads\/2021\/09\/micro-lenses-02.jpg\" \/>\n<meta name=\"twitter:card\" content=\"summary_large_image\" \/>\n<meta name=\"twitter:label1\" content=\"Est. reading time\" \/>\n\t<meta name=\"twitter:data1\" content=\"3 minutes\" \/>\n<script type=\"application\/ld+json\" class=\"yoast-schema-graph\">{\"@context\":\"https:\\\/\\\/schema.org\",\"@graph\":[{\"@type\":\"WebPage\",\"@id\":\"https:\\\/\\\/www.accu-mold.com\\\/es\\\/capacidades-de-micromoldeado\\\/clasificacion-de-micromoldeado\\\/automotive-micro-molding\\\/\",\"url\":\"https:\\\/\\\/www.accu-mold.com\\\/es\\\/capacidades-de-micromoldeado\\\/clasificacion-de-micromoldeado\\\/automotive-micro-molding\\\/\",\"name\":\"Automotive Micro Molding | Accumold\",\"isPartOf\":{\"@id\":\"https:\\\/\\\/www.accu-mold.com\\\/#website\"},\"primaryImageOfPage\":{\"@id\":\"https:\\\/\\\/www.accu-mold.com\\\/es\\\/capacidades-de-micromoldeado\\\/clasificacion-de-micromoldeado\\\/automotive-micro-molding\\\/#primaryimage\"},\"image\":{\"@id\":\"https:\\\/\\\/www.accu-mold.com\\\/es\\\/capacidades-de-micromoldeado\\\/clasificacion-de-micromoldeado\\\/automotive-micro-molding\\\/#primaryimage\"},\"thumbnailUrl\":\"https:\\\/\\\/www.accu-mold.com\\\/wp-content\\\/uploads\\\/2021\\\/09\\\/micro-lenses-02.jpg\",\"datePublished\":\"2020-09-11T09:09:36+00:00\",\"dateModified\":\"2023-08-28T11:09:32+00:00\",\"description\":\"On-board systems for autonomous driving to cabin comfort employ a wide variety of microelectronics, sensors and other small components. Automotive micro molding is one enabling processes that can help engineers reduce bulk and increase efficiency.\",\"breadcrumb\":{\"@id\":\"https:\\\/\\\/www.accu-mold.com\\\/es\\\/capacidades-de-micromoldeado\\\/clasificacion-de-micromoldeado\\\/automotive-micro-molding\\\/#breadcrumb\"},\"inLanguage\":\"es-ES\",\"potentialAction\":[{\"@type\":\"ReadAction\",\"target\":[\"https:\\\/\\\/www.accu-mold.com\\\/es\\\/capacidades-de-micromoldeado\\\/clasificacion-de-micromoldeado\\\/automotive-micro-molding\\\/\"]}]},{\"@type\":\"ImageObject\",\"inLanguage\":\"es-ES\",\"@id\":\"https:\\\/\\\/www.accu-mold.com\\\/es\\\/capacidades-de-micromoldeado\\\/clasificacion-de-micromoldeado\\\/automotive-micro-molding\\\/#primaryimage\",\"url\":\"https:\\\/\\\/www.accu-mold.com\\\/wp-content\\\/uploads\\\/2021\\\/09\\\/micro-lenses-02.jpg\",\"contentUrl\":\"https:\\\/\\\/www.accu-mold.com\\\/wp-content\\\/uploads\\\/2021\\\/09\\\/micro-lenses-02.jpg\"},{\"@type\":\"BreadcrumbList\",\"@id\":\"https:\\\/\\\/www.accu-mold.com\\\/es\\\/capacidades-de-micromoldeado\\\/clasificacion-de-micromoldeado\\\/automotive-micro-molding\\\/#breadcrumb\",\"itemListElement\":[{\"@type\":\"ListItem\",\"position\":1,\"name\":\"Exceptional capabilities backed by exceptional people\",\"item\":\"https:\\\/\\\/www.accu-mold.com\\\/es\\\/\"},{\"@type\":\"ListItem\",\"position\":2,\"name\":\"Micro Molding Capabilities\",\"item\":\"https:\\\/\\\/www.accu-mold.com\\\/es\\\/capacidades-de-micromoldeado\\\/\"},{\"@type\":\"ListItem\",\"position\":3,\"name\":\"Clasificaci\u00f3n de Micromoldeado\",\"item\":\"https:\\\/\\\/www.accu-mold.com\\\/es\\\/capacidades-de-micromoldeado\\\/clasificacion-de-micromoldeado\\\/\"},{\"@type\":\"ListItem\",\"position\":4,\"name\":\"Micromoldeado para automoci\u00f3n\"}]},{\"@type\":\"WebSite\",\"@id\":\"https:\\\/\\\/www.accu-mold.com\\\/#website\",\"url\":\"https:\\\/\\\/www.accu-mold.com\\\/\",\"name\":\"Accu-Mold\",\"description\":\"Your Micro Mold\u00ae Tooling &amp; Production Partners\",\"publisher\":{\"@id\":\"https:\\\/\\\/www.accu-mold.com\\\/#organization\"},\"potentialAction\":[{\"@type\":\"SearchAction\",\"target\":{\"@type\":\"EntryPoint\",\"urlTemplate\":\"https:\\\/\\\/www.accu-mold.com\\\/?s={search_term_string}\"},\"query-input\":{\"@type\":\"PropertyValueSpecification\",\"valueRequired\":true,\"valueName\":\"search_term_string\"}}],\"inLanguage\":\"es-ES\"},{\"@type\":\"Organization\",\"@id\":\"https:\\\/\\\/www.accu-mold.com\\\/#organization\",\"name\":\"https:\\\/\\\/www.accu-mold.com\\\/careers\\\/current-openings\\\/\",\"url\":\"https:\\\/\\\/www.accu-mold.com\\\/\",\"logo\":{\"@type\":\"ImageObject\",\"inLanguage\":\"es-ES\",\"@id\":\"https:\\\/\\\/www.accu-mold.com\\\/#\\\/schema\\\/logo\\\/image\\\/\",\"url\":\"https:\\\/\\\/www.accu-mold.com\\\/wp-content\\\/uploads\\\/2022\\\/03\\\/accumold-vector-logo.svg\",\"contentUrl\":\"https:\\\/\\\/www.accu-mold.com\\\/wp-content\\\/uploads\\\/2022\\\/03\\\/accumold-vector-logo.svg\",\"caption\":\"https:\\\/\\\/www.accu-mold.com\\\/careers\\\/current-openings\\\/\"},\"image\":{\"@id\":\"https:\\\/\\\/www.accu-mold.com\\\/#\\\/schema\\\/logo\\\/image\\\/\"}}]}<\/script>\n<!-- \/ Yoast SEO Premium plugin. -->","yoast_head_json":{"title":"Automotive Micro Molding | Accumold","description":"On-board systems for autonomous driving to cabin comfort employ a wide variety of microelectronics, sensors and other small components. Automotive micro molding is one enabling processes that can help engineers reduce bulk and increase efficiency.","robots":{"index":"index","follow":"follow","max-snippet":"max-snippet:-1","max-image-preview":"max-image-preview:large","max-video-preview":"max-video-preview:-1"},"canonical":"https:\/\/www.accu-mold.com\/es\/capacidades-de-micromoldeado\/clasificacion-de-micromoldeado\/automotive-micro-molding\/","og_locale":"es_ES","og_type":"article","og_title":"Micromoldeado para automoci\u00f3n","og_description":"On-board systems for autonomous driving to cabin comfort employ a wide variety of microelectronics, sensors and other small components. Automotive micro molding is one enabling processes that can help engineers reduce bulk and increase efficiency.","og_url":"https:\/\/www.accu-mold.com\/es\/capacidades-de-micromoldeado\/clasificacion-de-micromoldeado\/automotive-micro-molding\/","og_site_name":"Accu-Mold","article_modified_time":"2023-08-28T11:09:32+00:00","og_image":[{"url":"https:\/\/www.accu-mold.com\/wp-content\/uploads\/2021\/09\/micro-lenses-02.jpg","type":"","width":"","height":""}],"twitter_card":"summary_large_image","twitter_misc":{"Est. reading time":"3 minutes"},"schema":{"@context":"https:\/\/schema.org","@graph":[{"@type":"WebPage","@id":"https:\/\/www.accu-mold.com\/es\/capacidades-de-micromoldeado\/clasificacion-de-micromoldeado\/automotive-micro-molding\/","url":"https:\/\/www.accu-mold.com\/es\/capacidades-de-micromoldeado\/clasificacion-de-micromoldeado\/automotive-micro-molding\/","name":"Automotive Micro Molding | Accumold","isPartOf":{"@id":"https:\/\/www.accu-mold.com\/#website"},"primaryImageOfPage":{"@id":"https:\/\/www.accu-mold.com\/es\/capacidades-de-micromoldeado\/clasificacion-de-micromoldeado\/automotive-micro-molding\/#primaryimage"},"image":{"@id":"https:\/\/www.accu-mold.com\/es\/capacidades-de-micromoldeado\/clasificacion-de-micromoldeado\/automotive-micro-molding\/#primaryimage"},"thumbnailUrl":"https:\/\/www.accu-mold.com\/wp-content\/uploads\/2021\/09\/micro-lenses-02.jpg","datePublished":"2020-09-11T09:09:36+00:00","dateModified":"2023-08-28T11:09:32+00:00","description":"On-board systems for autonomous driving to cabin comfort employ a wide variety of microelectronics, sensors and other small components. Automotive micro molding is one enabling processes that can help engineers reduce bulk and increase efficiency.","breadcrumb":{"@id":"https:\/\/www.accu-mold.com\/es\/capacidades-de-micromoldeado\/clasificacion-de-micromoldeado\/automotive-micro-molding\/#breadcrumb"},"inLanguage":"es-ES","potentialAction":[{"@type":"ReadAction","target":["https:\/\/www.accu-mold.com\/es\/capacidades-de-micromoldeado\/clasificacion-de-micromoldeado\/automotive-micro-molding\/"]}]},{"@type":"ImageObject","inLanguage":"es-ES","@id":"https:\/\/www.accu-mold.com\/es\/capacidades-de-micromoldeado\/clasificacion-de-micromoldeado\/automotive-micro-molding\/#primaryimage","url":"https:\/\/www.accu-mold.com\/wp-content\/uploads\/2021\/09\/micro-lenses-02.jpg","contentUrl":"https:\/\/www.accu-mold.com\/wp-content\/uploads\/2021\/09\/micro-lenses-02.jpg"},{"@type":"BreadcrumbList","@id":"https:\/\/www.accu-mold.com\/es\/capacidades-de-micromoldeado\/clasificacion-de-micromoldeado\/automotive-micro-molding\/#breadcrumb","itemListElement":[{"@type":"ListItem","position":1,"name":"Exceptional capabilities backed by exceptional people","item":"https:\/\/www.accu-mold.com\/es\/"},{"@type":"ListItem","position":2,"name":"Micro Molding Capabilities","item":"https:\/\/www.accu-mold.com\/es\/capacidades-de-micromoldeado\/"},{"@type":"ListItem","position":3,"name":"Clasificaci\u00f3n de Micromoldeado","item":"https:\/\/www.accu-mold.com\/es\/capacidades-de-micromoldeado\/clasificacion-de-micromoldeado\/"},{"@type":"ListItem","position":4,"name":"Micromoldeado para automoci\u00f3n"}]},{"@type":"WebSite","@id":"https:\/\/www.accu-mold.com\/#website","url":"https:\/\/www.accu-mold.com\/","name":"Accu-Mold","description":"Your Micro Mold\u00ae Tooling &amp; Production Partners","publisher":{"@id":"https:\/\/www.accu-mold.com\/#organization"},"potentialAction":[{"@type":"SearchAction","target":{"@type":"EntryPoint","urlTemplate":"https:\/\/www.accu-mold.com\/?s={search_term_string}"},"query-input":{"@type":"PropertyValueSpecification","valueRequired":true,"valueName":"search_term_string"}}],"inLanguage":"es-ES"},{"@type":"Organization","@id":"https:\/\/www.accu-mold.com\/#organization","name":"https:\/\/www.accu-mold.com\/careers\/current-openings\/","url":"https:\/\/www.accu-mold.com\/","logo":{"@type":"ImageObject","inLanguage":"es-ES","@id":"https:\/\/www.accu-mold.com\/#\/schema\/logo\/image\/","url":"https:\/\/www.accu-mold.com\/wp-content\/uploads\/2022\/03\/accumold-vector-logo.svg","contentUrl":"https:\/\/www.accu-mold.com\/wp-content\/uploads\/2022\/03\/accumold-vector-logo.svg","caption":"https:\/\/www.accu-mold.com\/careers\/current-openings\/"},"image":{"@id":"https:\/\/www.accu-mold.com\/#\/schema\/logo\/image\/"}}]}},"_links":{"self":[{"href":"https:\/\/www.accu-mold.com\/es\/wp-json\/wp\/v2\/pages\/19645","targetHints":{"allow":["GET"]}}],"collection":[{"href":"https:\/\/www.accu-mold.com\/es\/wp-json\/wp\/v2\/pages"}],"about":[{"href":"https:\/\/www.accu-mold.com\/es\/wp-json\/wp\/v2\/types\/page"}],"author":[{"embeddable":true,"href":"https:\/\/www.accu-mold.com\/es\/wp-json\/wp\/v2\/users\/5"}],"replies":[{"embeddable":true,"href":"https:\/\/www.accu-mold.com\/es\/wp-json\/wp\/v2\/comments?post=19645"}],"version-history":[{"count":8,"href":"https:\/\/www.accu-mold.com\/es\/wp-json\/wp\/v2\/pages\/19645\/revisions"}],"predecessor-version":[{"id":20531,"href":"https:\/\/www.accu-mold.com\/es\/wp-json\/wp\/v2\/pages\/19645\/revisions\/20531"}],"up":[{"embeddable":true,"href":"https:\/\/www.accu-mold.com\/es\/wp-json\/wp\/v2\/pages\/5518"}],"wp:attachment":[{"href":"https:\/\/www.accu-mold.com\/es\/wp-json\/wp\/v2\/media?parent=19645"}],"curies":[{"name":"wp","href":"https:\/\/api.w.org\/{rel}","templated":true}]}}