{"id":5495,"date":"2020-09-16T13:41:28","date_gmt":"2020-09-16T13:41:28","guid":{"rendered":"http:\/\/accumold51932.ewaycorphosting.com\/unsere-kompetenzen-fuer-mikro-spritzgussverfahren\/teil-klassifizierungen\/optische-mikro-spritzgussteile\/"},"modified":"2023-08-17T04:15:59","modified_gmt":"2023-08-17T09:15:59","slug":"optische-mikro-spritzgussteile","status":"publish","type":"page","link":"https:\/\/www.accu-mold.com\/de\/unsere-kompetenzen-fuer-mikro-spritzgussverfahren\/teil-klassifizierungen\/optische-mikro-spritzgussteile\/","title":{"rendered":"Optische Mikro-Spritzgussteile"},"content":{"rendered":"\n<div class=\"wp-block-cover alignfull page-header has-custom-inner-width\" style=\"min-height:316px;--inner-container-width:1400px;aspect-ratio:unset;\"><span aria-hidden=\"true\" class=\"wp-block-cover__background has-primary-background-color has-background-dim-80 has-background-dim\"><\/span><img decoding=\"async\" class=\"wp-block-cover__image-background wp-image-16597\" alt=\"micro lens examples\" src=\"https:\/\/www.accu-mold.com\/wp-content\/uploads\/2021\/09\/micro-lenses-02.jpg\" data-object-fit=\"cover\"\/><div class=\"wp-block-cover__inner-container is-layout-flow wp-block-cover-is-layout-flow\">\n\n<h1 class=\"wp-block-heading\" style=\"font-size:64px\">Optische Mikro-Spritzgussteile<\/h1>\n\n<\/div><\/div>\n\n\n\n<div style=\"height:60px\" aria-hidden=\"true\" class=\"wp-block-spacer\"><\/div>\n\n\n\n<p>Mikro-Spritzguss f\u00fcr optische Komponenten ist &nbsp;ein Pr\u00e4zisionsverfahren, bei dem optische Bauteile in einem kleineren Ma\u00dfstab hergestellt werden, als dies mit herk\u00f6mmlichen Spritzgusstechniken m\u00f6glich ist. Aufgrund der Gesamtgr\u00f6\u00dfe und der Details werden die Toleranzen in Mikrometern gemessen. Bauteile dieser Art sind &nbsp;zum Beispiel Steckverbinder und Sensoren, &nbsp;und werden in der Beleuchtung, Optik und Bildgebung verwendet. Optische Mikro-Spritzgussteile werden h\u00e4ufig in sehr kleinen medizinischen, Data-Com- und tragbaren Ger\u00e4ten verwendet.<\/p>\n\n\n\n<p>Die Herstellung von optischen Mikro-Spritzgussteile ist ebenso eine Kunstform wie eine technische Leistung. Die Beherrschung von Thermoplast- und Kunststoffwerkstoffen mit Mikrometer-Toleranzen erfordert nicht nur ein wissenschaftliches Verst\u00e4ndnis der Mikro-Spritzgussmaterialien, sondern auch die eigene jahrzehntelange Erfahrung in technischen Versuchen und Irrt\u00fcmern.<\/p>\n\n\n\n<p>Wir sind weltweit f\u00fchrend bei thermoplastischen Mikro-Spritzgusskomponenten, Glas und gespritzten Optiken. Wir f\u00fchren routinem\u00e4\u00dfig komplexe Umspritzungen von optischen Bauteilen in Geh\u00e4use und Umspritzungen f\u00fcr Lasersysteme oder anderen Hochleistungsausg\u00e4ngen durch.<\/p>\n\n\n\n<div style=\"height:40px\" aria-hidden=\"true\" class=\"wp-block-spacer\"><\/div>\n\n\n\n<h2 class=\"wp-block-heading\" id=\"h-drei-dinge-die-sie-uber-mikro-spritzgussoptiken-wissen-sollten\">Drei Dinge, die Sie \u00fcber Mikro-Spritzgussoptiken wissen sollten<\/h2>\n\n\n\n<p>Unser Mikrooptikprozess beginnt mit unseren DFM-Ingenieuren und erfahrenen Werkzeugmachern, die alle \u00fcber jahrzehntelange Erfahrung in Mikro-Spritzguss f\u00fcr optische Komponenten haben. Unsere Techniker verwenden hochentwickelte Messwerkzeuge, um Toleranzen von Mikrometern und sogar halben Mikrometern einzuhalten.<\/p>\n\n\n\n<p>Wenn Ihre Komponente oder Ihr Teil schnell skalierbar ist, stellen unsere kundenspezifischen Automatisierungs- und Bildverarbeitungssysteme sicher, dass das Teil vom ersten bis zum letzten genau gleich ist. Da niemand auf der Welt innerhalb der Mikrometer-Toleranzen arbeitet, f\u00fcr die wir bekannt sind, mussten wir unsere eigenen internen Funktionstestsysteme entwickeln.<\/p>\n\n\n\n<div class=\"wp-block-columns alignwide col-large-2 col-medium-2 col-small-1 is-layout-flex wp-container-core-columns-is-layout-9d6595d7 wp-block-columns-is-layout-flex\">\n<div class=\"wp-block-column is-layout-flow wp-block-column-is-layout-flow\" style=\"flex-basis:66.66%\">\n<h3 class=\"wp-block-heading\" id=\"h-1-toleranzen-fur-mikro-spritzguss\">1. Toleranzen f\u00fcr Mikro-Spritzguss<\/h3>\n\n\n\n<p>Standardoptische Projekte erfordern eine P \/ V-Toleranz von 1 Mikron und eine Oberfl\u00e4chenbeschaffenheit von 100 Angstr\u00f6m. In neusten Projekten haben wir eine P \/ V-Toleranz von 200 nm und eine Oberfl\u00e4chenbeschaffenheit von 20 Angstr\u00f6m erreicht. Positionstoleranzen sind so eng wie +\/- 1 Mikron und wiederholbar auf 0,5 Mikron.&nbsp;<a href=\"https:\/\/www.accu-mold.com\/de\/micro-molding-design-guidelines\/\">Lesen Sie unbedingt unsere Richtlinien f\u00fcr den Entwurf von Mikro-Spritzgussteilen.<\/a><\/p>\n<\/div>\n\n\n\n<div class=\"wp-block-column is-layout-flow wp-block-column-is-layout-flow\" style=\"flex-basis:33.33%\"><div class=\"wp-block-image\">\n<figure class=\"aligncenter\" id=\"attachment_1096\"><a href=\"https:\/\/www.accu-mold.com\/wp-content\/uploads\/2020\/09\/accumold-fiber-array-150x150-1.jpg\"><img decoding=\"async\" src=\"https:\/\/www.accu-mold.com\/wp-content\/uploads\/2020\/09\/accumold-fiber-array-150x150-1.jpg\" alt=\"Micro-Optics Molding Fiber Array\"\/><\/a><figcaption class=\"wp-element-caption\">Micro-Optics Molding Fiber Array<\/figcaption><\/figure>\n<\/div><\/div>\n<\/div>\n\n\n\n<div class=\"wp-block-columns alignwide is-layout-flex wp-container-core-columns-is-layout-9d6595d7 wp-block-columns-is-layout-flex\">\n<div class=\"wp-block-column is-layout-flow wp-block-column-is-layout-flow\" style=\"flex-basis:66.66%\">\n<h3 class=\"wp-block-heading\" id=\"h-2-verpackung-und-reinraume\">2. Verpackung und Reinr\u00e4ume<\/h3>\n\n\n\n<p>Unser hauseigenes kundenspezifisches Verpackungsverfahren sch\u00fctzt und versendet nicht nur kritische Komponenten, sondern garantiert auch, dass die Teile gut in Ihren Herstellungsprozess aufgenommen werden. Unsere Verpackungsfunktionen f\u00fcr Mikro-Spritzgussteile umfassen Klebeband und Rollen, Tabletts und Gel-Paks als Ausgangspunkt, aber wir entwerfen auch Verpackungsprozesse, die auf die individuellen Bed\u00fcrfnisse jedes Kunden zugeschnitten sind.<\/p>\n\n\n\n<p>Unsere kundenspezifische Verpackung ist eine perfekte Erg\u00e4nzung zu unseren Reinr\u00e4umen f\u00fcr Mikro-Spritzgussteile. Unsere Reinr\u00e4ume erf\u00fcllen die <a href=\"https:\/\/www.iso.org\/home.html\">ISO-Standards<\/a> 100.000 (<a href=\"https:\/\/www.mecart-cleanrooms.com\/learning-center\/cleanroom-classifications-iso-8-iso-7-iso-6-iso-5\/\">ISO-Klasse 8<\/a>) und 10.000 (<a href=\"https:\/\/www.mecart-cleanrooms.com\/learning-center\/cleanroom-classifications-iso-8-iso-7-iso-6-iso-5\/\">ISO-Klasse 7<\/a>).<\/p>\n<\/div>\n<\/div>\n\n\n\n<div class=\"wp-block-columns alignwide is-layout-flex wp-container-core-columns-is-layout-9d6595d7 wp-block-columns-is-layout-flex\">\n<div class=\"wp-block-column is-layout-flow wp-block-column-is-layout-flow\" style=\"flex-basis:66.66%\">\n<h3 class=\"wp-block-heading\" id=\"h-3-materialien-fur-spritzguss\">3.&nbsp;Materialien f\u00fcr Spritzguss<\/h3>\n\n\n\n<p>Unsere Erfahrung im Spritzguss von optischen Materialien liegt in den Bereichen CoC, PMMA, PC, Acryl, COP, PS und PEI (Extem &amp; Ultem). Wir sind Experten f\u00fcr Spritzguss mit hoch entwickelten Kunststoffen &nbsp;&nbsp;f\u00fcr Anwendungen mit hoher Hitze, die Reflow-Prozesse bei 260 \u00b0 C nach dem JADEC-Standard erfordern. Wir bieten auch schl\u00fcsselfertige L\u00f6sungen f\u00fcr Beschichtungen, einschlie\u00dflich reflektierender Beschichtungen, AR- und EMI-Abschirmung.<\/p>\n\n\n\n<p><\/p>\n\n\n\n<h4 class=\"wp-block-heading\" id=\"h-ein-paar-fakten-zu-materialien\">Ein paar Fakten zu Materialien<\/h4>\n\n\n\n<p>Der Erfolg optischer Komponenten h\u00e4ngt von unserer F\u00e4higkeit ab, den besten Werkstoff f\u00fcr Ihr Projekt zu verwenden.<\/p>\n\n\n\n<ul class=\"wp-block-list\">\n<li>Hoher Brechungsindex.<\/li>\n\n\n\n<li>Experten f\u00fcr Spritzguss mit IR-klaren Kunststoffen, die die Reflow-Verarbeitung \u00fcberstehen k\u00f6nnen.<\/li>\n\n\n\n<li>Beta-Teststandort f\u00fcr Materialien der n\u00e4chsten Generation mit Top-Kunststofflieferanten.<\/li>\n\n\n\n<li>Anwendungsspezifische verd\u00fcnnte Materialien<\/li>\n<\/ul>\n\n\n\n<p><a href=\"https:\/\/www.accu-mold.com\/de\/unsere-kompetenzen-fuer-mikro-spritzgussverfahren\/materialauswahl\/\">Sehen Sie sich unsere Auswahlliste f\u00fcr Mikro-Spritzgusswerkstoffe an&gt;<\/a><\/p>\n<\/div>\n\n\n\n<div class=\"wp-block-column is-layout-flow wp-block-column-is-layout-flow\" style=\"flex-basis:33.33%\"><div class=\"wp-block-image\">\n<figure class=\"aligncenter\" id=\"attachment_1949\"><a href=\"https:\/\/www.accu-mold.com\/wp-content\/uploads\/2020\/09\/Ultem-Polyetherimide-PEI-150x150-1-1.png\"><img decoding=\"async\" src=\"https:\/\/www.accu-mold.com\/wp-content\/uploads\/2020\/09\/Ultem-Polyetherimide-PEI-150x150-1-1.png\" alt=\"Ultem Polyetherimide PEI - micro molding materials\"\/><\/a><figcaption class=\"wp-element-caption\"><em>Ultem \/ PEI<\/em><\/figcaption><\/figure>\n<\/div><\/div>\n<\/div>\n\n\n\n<div class=\"wp-block-columns alignwide is-layout-flex wp-container-core-columns-is-layout-9d6595d7 wp-block-columns-is-layout-flex\">\n<div class=\"wp-block-column is-layout-flow wp-block-column-is-layout-flow\">\n<h2 class=\"wp-block-heading\" id=\"h-markterfahrung-und-beispiele-fur-mikro-spritzgussteile\">Markterfahrung und Beispiele f\u00fcr Mikro-Spritzgussteile<\/h2>\n\n\n\n<ul class=\"wp-block-list\">\n<li>Multi-Linsen -Arrays f\u00fcr Datenkommunikationsger\u00e4te.<\/li>\n\n\n\n<li>Hochvolumige optische Mikro-Spritzgussteile f\u00fcr Sensoren und andere Photonik-Verpackungen.<\/li>\n\n\n\n<li>Optische Mikro-Spritzgussteile f\u00fcr medizinische Ger\u00e4te wie Endoskope, Diagnostika, Bildgebungsger\u00e4te und andere medizinische Sensoren.<\/li>\n\n\n\n<li>Gespritzte optische Linsen f\u00fcr allgemeine Bildgebung, Vision und Projektion.<\/li>\n<\/ul>\n\n\n\n<p><a href=\"https:\/\/www.accu-mold.com\/de\/beispiele\/\">Drehspiegel, Lichtleiter und Beugungsmittel f\u00fcr Lichtmanagementsysteme.<\/a><\/p>\n\n\n\n<h1 class=\"wp-block-heading\" id=\"h-holen-sie-sich-jetzt-experten-einblick\"><strong>Holen Sie sich jetzt Experten Einblick<\/strong><\/h1>\n\n\n\n<p>Unser Team f\u00fcr optische Mikro-Spritzgussteile steht Ihnen zur Verf\u00fcgung, um Ihnen sofortige Antworten auf Ihr Mikrooptik-Projekt zu geben.<\/p>\n\n\n\n<script charset=\"utf-8\" type=\"text\/javascript\" src=\"\/\/js.hsforms.net\/forms\/embed\/v2.js\"><\/script>\n<script>\n  hbspt.forms.create({\n    region: \"na1\",\n    portalId: \"20439115\",\n    formId: \"29d47960-cdd0-4f9e-936d-75f09d842b7f\"\n  });\n<\/script>\n<\/div>\n<\/div>\n","protected":false},"excerpt":{"rendered":"<p>Mikro-Spritzguss f\u00fcr optische Komponenten ist &nbsp;ein Pr\u00e4zisionsverfahren, bei dem optische Bauteile in einem kleineren Ma\u00dfstab hergestellt werden, als dies mit [&#8230;] <a class=\"more-link\" href=\"https:\/\/www.accu-mold.com\/de\/unsere-kompetenzen-fuer-mikro-spritzgussverfahren\/teil-klassifizierungen\/optische-mikro-spritzgussteile\/\">Read More<span class=\"screen-reader-text\">about Optische Mikro-Spritzgussteile<\/span><\/a><\/p>\n","protected":false},"author":5,"featured_media":0,"parent":5493,"menu_order":0,"comment_status":"closed","ping_status":"closed","template":"","meta":{"_acf_changed":false,"inline_featured_image":false,"_wd_proto_hide_page_title":false,"_wd_proto_page_body_class":"","_wd_proto_post_layout":"","footnotes":""},"class_list":["post-5495","page","type-page","status-publish","hentry"],"acf":[],"yoast_head":"<!-- This site is optimized with the Yoast SEO Premium plugin v27.3 (Yoast SEO v27.4) - https:\/\/yoast.com\/product\/yoast-seo-premium-wordpress\/ -->\n<title>Micro-Optics Molding - Accumold, World Leaders in Micro Molding<\/title>\n<meta name=\"description\" content=\"Micro-optics molding is just as much an art form as it is an engineering feat. Taming thermoplastic and resin behavior at micro levels requires not just a scientific understanding of materials, but the raw experience decades of creativity provides.\" \/>\n<meta name=\"robots\" content=\"index, follow, max-snippet:-1, max-image-preview:large, max-video-preview:-1\" \/>\n<link rel=\"canonical\" href=\"https:\/\/www.accu-mold.com\/de\/unsere-kompetenzen-fuer-mikro-spritzgussverfahren\/teil-klassifizierungen\/optische-mikro-spritzgussteile\/\" \/>\n<meta property=\"og:locale\" content=\"de_DE\" \/>\n<meta property=\"og:type\" content=\"article\" \/>\n<meta property=\"og:title\" content=\"Optische Mikro-Spritzgussteile\" \/>\n<meta property=\"og:description\" content=\"Micro-optics molding is just as much an art form as it is an engineering feat. Taming thermoplastic and resin behavior at micro levels requires not just a scientific understanding of materials, but the raw experience decades of creativity provides.\" \/>\n<meta property=\"og:url\" content=\"https:\/\/www.accu-mold.com\/de\/unsere-kompetenzen-fuer-mikro-spritzgussverfahren\/teil-klassifizierungen\/optische-mikro-spritzgussteile\/\" \/>\n<meta property=\"og:site_name\" content=\"Accu-Mold\" \/>\n<meta property=\"article:modified_time\" content=\"2023-08-17T09:15:59+00:00\" \/>\n<meta property=\"og:image\" content=\"https:\/\/www.accu-mold.com\/wp-content\/uploads\/2021\/09\/micro-lenses-02.jpg\" \/>\n<meta name=\"twitter:card\" content=\"summary_large_image\" \/>\n<meta name=\"twitter:label1\" content=\"Est. reading time\" \/>\n\t<meta name=\"twitter:data1\" content=\"4 minutes\" \/>\n<script type=\"application\/ld+json\" class=\"yoast-schema-graph\">{\"@context\":\"https:\\\/\\\/schema.org\",\"@graph\":[{\"@type\":\"WebPage\",\"@id\":\"https:\\\/\\\/www.accu-mold.com\\\/de\\\/unsere-kompetenzen-fuer-mikro-spritzgussverfahren\\\/teil-klassifizierungen\\\/optische-mikro-spritzgussteile\\\/\",\"url\":\"https:\\\/\\\/www.accu-mold.com\\\/de\\\/unsere-kompetenzen-fuer-mikro-spritzgussverfahren\\\/teil-klassifizierungen\\\/optische-mikro-spritzgussteile\\\/\",\"name\":\"Micro-Optics Molding - Accumold, World Leaders in Micro Molding\",\"isPartOf\":{\"@id\":\"https:\\\/\\\/www.accu-mold.com\\\/#website\"},\"primaryImageOfPage\":{\"@id\":\"https:\\\/\\\/www.accu-mold.com\\\/de\\\/unsere-kompetenzen-fuer-mikro-spritzgussverfahren\\\/teil-klassifizierungen\\\/optische-mikro-spritzgussteile\\\/#primaryimage\"},\"image\":{\"@id\":\"https:\\\/\\\/www.accu-mold.com\\\/de\\\/unsere-kompetenzen-fuer-mikro-spritzgussverfahren\\\/teil-klassifizierungen\\\/optische-mikro-spritzgussteile\\\/#primaryimage\"},\"thumbnailUrl\":\"https:\\\/\\\/www.accu-mold.com\\\/wp-content\\\/uploads\\\/2021\\\/09\\\/micro-lenses-02.jpg\",\"datePublished\":\"2020-09-16T13:41:28+00:00\",\"dateModified\":\"2023-08-17T09:15:59+00:00\",\"description\":\"Micro-optics molding is just as much an art form as it is an engineering feat. Taming thermoplastic and resin behavior at micro levels requires not just a scientific understanding of materials, but the raw experience decades of creativity provides.\",\"breadcrumb\":{\"@id\":\"https:\\\/\\\/www.accu-mold.com\\\/de\\\/unsere-kompetenzen-fuer-mikro-spritzgussverfahren\\\/teil-klassifizierungen\\\/optische-mikro-spritzgussteile\\\/#breadcrumb\"},\"inLanguage\":\"de-DE\",\"potentialAction\":[{\"@type\":\"ReadAction\",\"target\":[\"https:\\\/\\\/www.accu-mold.com\\\/de\\\/unsere-kompetenzen-fuer-mikro-spritzgussverfahren\\\/teil-klassifizierungen\\\/optische-mikro-spritzgussteile\\\/\"]}]},{\"@type\":\"ImageObject\",\"inLanguage\":\"de-DE\",\"@id\":\"https:\\\/\\\/www.accu-mold.com\\\/de\\\/unsere-kompetenzen-fuer-mikro-spritzgussverfahren\\\/teil-klassifizierungen\\\/optische-mikro-spritzgussteile\\\/#primaryimage\",\"url\":\"https:\\\/\\\/www.accu-mold.com\\\/wp-content\\\/uploads\\\/2021\\\/09\\\/micro-lenses-02.jpg\",\"contentUrl\":\"https:\\\/\\\/www.accu-mold.com\\\/wp-content\\\/uploads\\\/2021\\\/09\\\/micro-lenses-02.jpg\"},{\"@type\":\"BreadcrumbList\",\"@id\":\"https:\\\/\\\/www.accu-mold.com\\\/de\\\/unsere-kompetenzen-fuer-mikro-spritzgussverfahren\\\/teil-klassifizierungen\\\/optische-mikro-spritzgussteile\\\/#breadcrumb\",\"itemListElement\":[{\"@type\":\"ListItem\",\"position\":1,\"name\":\"Exceptional capabilities backed by exceptional people\",\"item\":\"https:\\\/\\\/www.accu-mold.com\\\/de\\\/\"},{\"@type\":\"ListItem\",\"position\":2,\"name\":\"Unsere Kompetenzen\",\"item\":\"https:\\\/\\\/www.accu-mold.com\\\/de\\\/unsere-kompetenzen-fuer-mikro-spritzgussverfahren\\\/\"},{\"@type\":\"ListItem\",\"position\":3,\"name\":\"Teil Klassifizierungen\",\"item\":\"https:\\\/\\\/www.accu-mold.com\\\/de\\\/unsere-kompetenzen-fuer-mikro-spritzgussverfahren\\\/teil-klassifizierungen\\\/\"},{\"@type\":\"ListItem\",\"position\":4,\"name\":\"Optische Mikro-Spritzgussteile\"}]},{\"@type\":\"WebSite\",\"@id\":\"https:\\\/\\\/www.accu-mold.com\\\/#website\",\"url\":\"https:\\\/\\\/www.accu-mold.com\\\/\",\"name\":\"Accu-Mold\",\"description\":\"Your Micro Mold\u00ae Tooling &amp; Production Partners\",\"publisher\":{\"@id\":\"https:\\\/\\\/www.accu-mold.com\\\/#organization\"},\"potentialAction\":[{\"@type\":\"SearchAction\",\"target\":{\"@type\":\"EntryPoint\",\"urlTemplate\":\"https:\\\/\\\/www.accu-mold.com\\\/?s={search_term_string}\"},\"query-input\":{\"@type\":\"PropertyValueSpecification\",\"valueRequired\":true,\"valueName\":\"search_term_string\"}}],\"inLanguage\":\"de-DE\"},{\"@type\":\"Organization\",\"@id\":\"https:\\\/\\\/www.accu-mold.com\\\/#organization\",\"name\":\"https:\\\/\\\/www.accu-mold.com\\\/careers\\\/current-openings\\\/\",\"url\":\"https:\\\/\\\/www.accu-mold.com\\\/\",\"logo\":{\"@type\":\"ImageObject\",\"inLanguage\":\"de-DE\",\"@id\":\"https:\\\/\\\/www.accu-mold.com\\\/#\\\/schema\\\/logo\\\/image\\\/\",\"url\":\"https:\\\/\\\/www.accu-mold.com\\\/wp-content\\\/uploads\\\/2022\\\/03\\\/accumold-vector-logo.svg\",\"contentUrl\":\"https:\\\/\\\/www.accu-mold.com\\\/wp-content\\\/uploads\\\/2022\\\/03\\\/accumold-vector-logo.svg\",\"caption\":\"https:\\\/\\\/www.accu-mold.com\\\/careers\\\/current-openings\\\/\"},\"image\":{\"@id\":\"https:\\\/\\\/www.accu-mold.com\\\/#\\\/schema\\\/logo\\\/image\\\/\"}}]}<\/script>\n<!-- \/ Yoast SEO Premium plugin. -->","yoast_head_json":{"title":"Micro-Optics Molding - Accumold, World Leaders in Micro Molding","description":"Micro-optics molding is just as much an art form as it is an engineering feat. Taming thermoplastic and resin behavior at micro levels requires not just a scientific understanding of materials, but the raw experience decades of creativity provides.","robots":{"index":"index","follow":"follow","max-snippet":"max-snippet:-1","max-image-preview":"max-image-preview:large","max-video-preview":"max-video-preview:-1"},"canonical":"https:\/\/www.accu-mold.com\/de\/unsere-kompetenzen-fuer-mikro-spritzgussverfahren\/teil-klassifizierungen\/optische-mikro-spritzgussteile\/","og_locale":"de_DE","og_type":"article","og_title":"Optische Mikro-Spritzgussteile","og_description":"Micro-optics molding is just as much an art form as it is an engineering feat. Taming thermoplastic and resin behavior at micro levels requires not just a scientific understanding of materials, but the raw experience decades of creativity provides.","og_url":"https:\/\/www.accu-mold.com\/de\/unsere-kompetenzen-fuer-mikro-spritzgussverfahren\/teil-klassifizierungen\/optische-mikro-spritzgussteile\/","og_site_name":"Accu-Mold","article_modified_time":"2023-08-17T09:15:59+00:00","og_image":[{"url":"https:\/\/www.accu-mold.com\/wp-content\/uploads\/2021\/09\/micro-lenses-02.jpg","type":"","width":"","height":""}],"twitter_card":"summary_large_image","twitter_misc":{"Est. reading time":"4 minutes"},"schema":{"@context":"https:\/\/schema.org","@graph":[{"@type":"WebPage","@id":"https:\/\/www.accu-mold.com\/de\/unsere-kompetenzen-fuer-mikro-spritzgussverfahren\/teil-klassifizierungen\/optische-mikro-spritzgussteile\/","url":"https:\/\/www.accu-mold.com\/de\/unsere-kompetenzen-fuer-mikro-spritzgussverfahren\/teil-klassifizierungen\/optische-mikro-spritzgussteile\/","name":"Micro-Optics Molding - Accumold, World Leaders in Micro Molding","isPartOf":{"@id":"https:\/\/www.accu-mold.com\/#website"},"primaryImageOfPage":{"@id":"https:\/\/www.accu-mold.com\/de\/unsere-kompetenzen-fuer-mikro-spritzgussverfahren\/teil-klassifizierungen\/optische-mikro-spritzgussteile\/#primaryimage"},"image":{"@id":"https:\/\/www.accu-mold.com\/de\/unsere-kompetenzen-fuer-mikro-spritzgussverfahren\/teil-klassifizierungen\/optische-mikro-spritzgussteile\/#primaryimage"},"thumbnailUrl":"https:\/\/www.accu-mold.com\/wp-content\/uploads\/2021\/09\/micro-lenses-02.jpg","datePublished":"2020-09-16T13:41:28+00:00","dateModified":"2023-08-17T09:15:59+00:00","description":"Micro-optics molding is just as much an art form as it is an engineering feat. Taming thermoplastic and resin behavior at micro levels requires not just a scientific understanding of materials, but the raw experience decades of creativity provides.","breadcrumb":{"@id":"https:\/\/www.accu-mold.com\/de\/unsere-kompetenzen-fuer-mikro-spritzgussverfahren\/teil-klassifizierungen\/optische-mikro-spritzgussteile\/#breadcrumb"},"inLanguage":"de-DE","potentialAction":[{"@type":"ReadAction","target":["https:\/\/www.accu-mold.com\/de\/unsere-kompetenzen-fuer-mikro-spritzgussverfahren\/teil-klassifizierungen\/optische-mikro-spritzgussteile\/"]}]},{"@type":"ImageObject","inLanguage":"de-DE","@id":"https:\/\/www.accu-mold.com\/de\/unsere-kompetenzen-fuer-mikro-spritzgussverfahren\/teil-klassifizierungen\/optische-mikro-spritzgussteile\/#primaryimage","url":"https:\/\/www.accu-mold.com\/wp-content\/uploads\/2021\/09\/micro-lenses-02.jpg","contentUrl":"https:\/\/www.accu-mold.com\/wp-content\/uploads\/2021\/09\/micro-lenses-02.jpg"},{"@type":"BreadcrumbList","@id":"https:\/\/www.accu-mold.com\/de\/unsere-kompetenzen-fuer-mikro-spritzgussverfahren\/teil-klassifizierungen\/optische-mikro-spritzgussteile\/#breadcrumb","itemListElement":[{"@type":"ListItem","position":1,"name":"Exceptional capabilities backed by exceptional people","item":"https:\/\/www.accu-mold.com\/de\/"},{"@type":"ListItem","position":2,"name":"Unsere Kompetenzen","item":"https:\/\/www.accu-mold.com\/de\/unsere-kompetenzen-fuer-mikro-spritzgussverfahren\/"},{"@type":"ListItem","position":3,"name":"Teil Klassifizierungen","item":"https:\/\/www.accu-mold.com\/de\/unsere-kompetenzen-fuer-mikro-spritzgussverfahren\/teil-klassifizierungen\/"},{"@type":"ListItem","position":4,"name":"Optische Mikro-Spritzgussteile"}]},{"@type":"WebSite","@id":"https:\/\/www.accu-mold.com\/#website","url":"https:\/\/www.accu-mold.com\/","name":"Accu-Mold","description":"Your Micro Mold\u00ae Tooling &amp; Production Partners","publisher":{"@id":"https:\/\/www.accu-mold.com\/#organization"},"potentialAction":[{"@type":"SearchAction","target":{"@type":"EntryPoint","urlTemplate":"https:\/\/www.accu-mold.com\/?s={search_term_string}"},"query-input":{"@type":"PropertyValueSpecification","valueRequired":true,"valueName":"search_term_string"}}],"inLanguage":"de-DE"},{"@type":"Organization","@id":"https:\/\/www.accu-mold.com\/#organization","name":"https:\/\/www.accu-mold.com\/careers\/current-openings\/","url":"https:\/\/www.accu-mold.com\/","logo":{"@type":"ImageObject","inLanguage":"de-DE","@id":"https:\/\/www.accu-mold.com\/#\/schema\/logo\/image\/","url":"https:\/\/www.accu-mold.com\/wp-content\/uploads\/2022\/03\/accumold-vector-logo.svg","contentUrl":"https:\/\/www.accu-mold.com\/wp-content\/uploads\/2022\/03\/accumold-vector-logo.svg","caption":"https:\/\/www.accu-mold.com\/careers\/current-openings\/"},"image":{"@id":"https:\/\/www.accu-mold.com\/#\/schema\/logo\/image\/"}}]}},"_links":{"self":[{"href":"https:\/\/www.accu-mold.com\/de\/wp-json\/wp\/v2\/pages\/5495","targetHints":{"allow":["GET"]}}],"collection":[{"href":"https:\/\/www.accu-mold.com\/de\/wp-json\/wp\/v2\/pages"}],"about":[{"href":"https:\/\/www.accu-mold.com\/de\/wp-json\/wp\/v2\/types\/page"}],"author":[{"embeddable":true,"href":"https:\/\/www.accu-mold.com\/de\/wp-json\/wp\/v2\/users\/5"}],"replies":[{"embeddable":true,"href":"https:\/\/www.accu-mold.com\/de\/wp-json\/wp\/v2\/comments?post=5495"}],"version-history":[{"count":9,"href":"https:\/\/www.accu-mold.com\/de\/wp-json\/wp\/v2\/pages\/5495\/revisions"}],"predecessor-version":[{"id":20387,"href":"https:\/\/www.accu-mold.com\/de\/wp-json\/wp\/v2\/pages\/5495\/revisions\/20387"}],"up":[{"embeddable":true,"href":"https:\/\/www.accu-mold.com\/de\/wp-json\/wp\/v2\/pages\/5493"}],"wp:attachment":[{"href":"https:\/\/www.accu-mold.com\/de\/wp-json\/wp\/v2\/media?parent=5495"}],"curies":[{"name":"wp","href":"https:\/\/api.w.org\/{rel}","templated":true}]}}