{"id":5494,"date":"2020-09-16T13:39:13","date_gmt":"2020-09-16T13:39:13","guid":{"rendered":"http:\/\/accumold51932.ewaycorphosting.com\/unsere-kompetenzen-fuer-mikro-spritzgussverfahren\/teil-klassifizierungen\/mikro-spritzgussteile-fuer-medizinprodukte\/"},"modified":"2022-10-20T15:59:20","modified_gmt":"2022-10-20T20:59:20","slug":"mikro-spritzgussteile-fuer-medizinprodukte","status":"publish","type":"page","link":"https:\/\/www.accu-mold.com\/de\/unsere-kompetenzen-fuer-mikro-spritzgussverfahren\/teil-klassifizierungen\/mikro-spritzgussteile-fuer-medizinprodukte\/","title":{"rendered":"Mikro-Spritzgussteile f\u00fcr Medizinprodukte"},"content":{"rendered":"\n<div class=\"wp-block-cover alignfull page-header has-custom-inner-width\" style=\"min-height:316px;--inner-container-width:1400px;aspect-ratio:unset;\"><span aria-hidden=\"true\" class=\"wp-block-cover__background has-primary-background-color has-background-dim-80 has-background-dim\"><\/span><img decoding=\"async\" class=\"wp-block-cover__image-background wp-image-16597\" alt=\"micro lens examples\" src=\"https:\/\/www.accu-mold.com\/wp-content\/uploads\/2021\/09\/micro-lenses-02.jpg\" data-object-fit=\"cover\"\/><div class=\"wp-block-cover__inner-container is-layout-flow wp-block-cover-is-layout-flow\">\n\n<h1 class=\"wp-block-heading\" style=\"font-size:64px\">Mikro-Spritzgussteile f\u00fcr Medizinprodukte<\/h1>\n\n<\/div><\/div>\n\n\n\n<div style=\"height:100px\" aria-hidden=\"true\" class=\"wp-block-spacer\"><\/div>\n\n\n\n<p>Medical micro molding is a highly specialized niche in the plastic injection molding industry. Medical devices from leading OEMs depend on micro-injection molded components as the miniaturize their technology, providing critical patient care in and outside the body. Micro-molding denotes plastic injection molded components with micron-sized features and extremely tight tolerances.<\/p>\n\n\n\n<h2 class=\"wp-block-heading\" id=\"h-mikro-spritzgussteile-fur-medizinprodukte-1\">Mikro-Spritzgussteile f\u00fcr Medizinprodukte<\/h2>\n\n\n<div class=\"wp-block-image\">\n<figure class=\"alignleft\"><a href=\"https:\/\/www.accu-mold.com\/wp-content\/uploads\/2020\/09\/medical-molding-300x300-1.jpg\"><img decoding=\"async\" src=\"https:\/\/www.accu-mold.com\/wp-content\/uploads\/2020\/09\/medical-molding-150x150-1.jpg\" alt=\"person with pipette in medical setting\"\/><\/a><\/figure>\n<\/div>\n\n\n<p>Das Herstellen von Mikro-Spritzgussteilen f\u00fcr Medizinprodukte ist eine hochspezialisierte Nische in der Kunststoffspritzgussindustrie. Medizinische Ger\u00e4te f\u00fchrender OEMs sind auf Mikro-Spritzguss-Komponenten angewiesen, um ihre Technologie zu miniaturisieren und eine kritische Patientenversorgung innerhalb und au\u00dferhalb des K\u00f6rpers zu gew\u00e4hrleisten. Das Mikro-Spritzgussverfahren erm\u00f6glicht die Herstellung von Bauteilen aus Kunststoff mit mikrometergro\u00dfen Merkmalen und extrem engen Toleranzen.<\/p>\n\n\n\n<h3 class=\"wp-block-heading\" id=\"h-validierung-vonmikro-spritzgussteilen-fur-medizinprodukte\">Validierung vonMikro-Spritzgussteilen f\u00fcr Medizinprodukte<\/h3>\n\n\n\n<p>Komponenten f\u00fcr Medizinprodukte erfordern eine Prozessvalidierung, die aufgrund strenger beh\u00f6rdlicher Aufsicht die Anforderungen anderer Branchen in der Regel weit \u00fcbertrifft. Dieser strenge Prozess und die sehr engen Toleranzen, die f\u00fcr diese Komponenten erforderlichen sind, &nbsp;f\u00fchren oft &nbsp;zu einem \u00e4u\u00dferst herausfordernden Spritzgussprozess. Deshalb wird ein Spezialist wie Accumold ben\u00f6tigt.<\/p>\n\n\n\n<h2 class=\"wp-block-heading\" id=\"h-drei-dinge-die-sie-uber-mikro-spritzgussteile-fur-medizinprodukte-wissen-sollten\">Drei Dinge, die Sie \u00fcber Mikro-Spritzgussteile f\u00fcr Medizinprodukte wissen sollten<\/h2>\n\n\n\n<p>Unsere Reinr\u00e4ume erf\u00fcllen die ISO-Standards 100 000 (ISO-Klasse 8) und 10 000 (ISO-Klasse 7), aber das ist nur ein Ausgangspunkt. Ingenieure und OEM-Komponentendesigner, die an Ihrem n\u00e4chsten medizinischen Projekt arbeiten, m\u00fcssen drei Kernaspekte des Mikro-Spritzgussprozesses f\u00fcr Medizintechnik kennen, bevor sie mit ihrem n\u00e4chsten Projekt beginnen.<\/p>\n\n\n\n<h4 class=\"wp-block-heading\" id=\"h-1-einlass-und-auswurf\">1. Einlass und Auswurf<\/h4>\n\n\n\n<p>Wenn Teile kleiner werden und Toleranzen von einem halben oder einem Mikrometer erfordern, nehmen die Einlass- und Auswurfstiftmerkmale einen betr\u00e4chtlichen Prozentsatz der Bauteilgeometrie ein \u2013 viel mehr als bei einem gr\u00f6\u00dferen Mikro-Spritzgussteil. Wenn Produkthersteller Mikro-Spritzgusstechnik &nbsp;f\u00fcr Medizinprodukte in Betracht ziehen, m\u00fcssen sie ber\u00fccksichtigen, wo sie den Einlass des Materials f\u00fcr das Bauteil vorsehen und wie sie das Teil aus der Gussform extrahieren.<\/p>\n\n\n\n<p>Erfahren Sie mehr \u00fcber die Platzierung von Einlass und Auswurfstiften f\u00fcr Mikro-Spritzgussteile. &gt;<\/p>\n\n\n\n<h4 class=\"wp-block-heading\" id=\"h-2-standards-fur-wandstarke-und-bauteilgrosse-gelten-nicht\">2. Standards f\u00fcr Wandst\u00e4rke und Bauteilgr\u00f6\u00dfe&nbsp;<strong>gelten nicht<\/strong><\/h4>\n\n\n\n<p>Unser Mikro-Spritzgussverfahren f\u00fcr Medizintechnik erm\u00f6glicht es Konstrukteuren und OEMs, \u00fcber die allgemein anerkannten Standards f\u00fcr Wandst\u00e4rke und Bauteilgr\u00f6\u00dfe hinauszugehen. Unsere DFM-Ingenieure produzieren routinem\u00e4\u00dfig Mikro-Spritzgussteile,, die gem\u00e4\u00df den Spezifikationen der Kunststofflieferanten nicht m\u00f6glich sind. Wir h\u00f6ren oft \u201eOh, ich wusste nicht, dass man das mit Plastik machen kann.\u201c<\/p>\n\n\n\n<p>Erfahren Sie mehr \u00fcber ultrad\u00fcnne Mikro-Spritgussteile&gt;<\/p>\n\n\n\n<h4 class=\"wp-block-heading\" id=\"h-3-komplexitat-erweitern\">3. Komplexit\u00e4t erweitern<\/h4>\n\n\n\n<p>So wie wir die Grenzen der Kunststoffverarbeitung &nbsp;auf Mikroebene ausreizen, &nbsp;\u00fcberschreiten wir ebenfalls die M\u00f6glichkeiten f\u00fcr komplexe Bauteile und Kavit\u00e4ten. Wir haben herausgefunden, dass komplexe Projekte h\u00e4ufig aufgegeben werden, weil Entwickler medizinischer Ger\u00e4te nicht wissen, dass ihre mikroskopischen Anforderungen f\u00fcr Mikro-Spritzgussteile &nbsp;m\u00f6glich sind. Allein aus diesem Grund ist es am besten, unser DFM-Team so fr\u00fch wie m\u00f6glich als Berater hinzuzuziehen.<\/p>\n\n\n\n<h2 class=\"wp-block-heading\" id=\"h-materialien-und-beispiele-fur-mikro-spritzgussteile-fur-medizinprodukte\">Materialien und Beispiele f\u00fcr Mikro-Spritzgussteile f\u00fcr Medizinprodukte<\/h2>\n\n\n\n<p>\u00dcbliche Materialien f\u00fcr Mikro-Spritzgussteile f\u00fcr Medizinprodukte sind wie folgt. Wie sich diese Materialien verhalten, sehen Sie in unserer D\u00fcnnwandstudie.&nbsp;<a href=\"https:\/\/www.accu-mold.com\/wp-content\/uploads\/2020\/09\/Accumold-Thin-Wall-Whitepaper.pdf\">D\u00fcnnwandstudie&gt;<\/a><\/p>\n\n\n\n<ul class=\"wp-block-list\"><li>PEEK<\/li><li>Polysulfones<\/li><li>ABS<\/li><li>PC<\/li><li>Co-Polyesters<\/li><li>PBT\u2019s)(like Tritan)<\/li><li>LCP\u2019s<\/li><li>Polyurethanes<\/li><li><a rel=\"noreferrer noopener\" href=\"https:\/\/www.accu-mold.com\/de\/unsere-kompetenzen-fuer-mikro-spritzgussverfahren\/materialauswahl\/\" target=\"_blank\"><strong>More micro mold resins &gt;<\/strong><\/a><\/li><\/ul>\n\n\n\n<h2 class=\"wp-block-heading\" id=\"h-beispiele-fur-mikro-spritzgussteile-in-der-medizintechnik\">Beispiele f\u00fcr Mikro-Spritzgussteile in der Medizintechnik<\/h2>\n\n\n\n<p>Obwohl es zahlreiche Anwendungen f\u00fcr Mikro-Spritzgussteile in der Medizintechnik gibt, nachstehend einige g\u00e4ngige Beispiele:<\/p>\n\n\n\n<ul class=\"wp-block-list\"><li>Umspritzte Batterieanschl\u00fcsse f\u00fcr implantierbare Herzger\u00e4te.<\/li><li>D\u00fcnnwandige Spitzen aus Polyurethan f\u00fcr Elektroden in Herzschrittmacher- und Neurostimulatoren.<\/li><li>Mikronadel-Arrays zur Arzneimittelabgabe und Gewebebiopsie.<\/li><li>Mikrooptische Spitzen, die in OCT-Bildgebungssystemen der n\u00e4chsten Generation verwendet werden.<\/li><li>Geformte Kan\u00fclen f\u00fcr die Augenchirurgie<\/li><\/ul>\n\n\n\n<p><a href=\"https:\/\/www.accu-mold.com\/de\/beispiele\/\">Beispiele f\u00fcr medizinische Mikroformteile&gt;<\/a><\/p>\n\n\n\n<h2 class=\"wp-block-heading\" id=\"h-accumolds-erfahrung-in-mikro-spritzgussteilen-fur-medizinprodukte\">Accumolds Erfahrung in Mikro-Spritzgussteilen f\u00fcr Medizinprodukte<\/h2>\n\n\n\n<p>Seit unserer Gr\u00fcndung vor \u00fcber 35 Jahren steht bei Accumold die Herstellung von kleinen Mikro-Spritzgussteilen &nbsp;mit sehr engen Toleranzen im Mittelpunkt. Das ist alles, was wir tun. In dieser Zeit haben wir neue Werkzeug- und Verarbeitungstechniken entwickelt, um Mikro-Spritzgussteile f\u00fcr die Medizintechnik zu erm\u00f6glichen.<\/p>\n\n\n\n<figure class=\"wp-block-image\"><a href=\"https:\/\/www.accu-mold.com\/wp-content\/uploads\/2020\/09\/capabilities1-1.jpg\"><img decoding=\"async\" src=\"https:\/\/www.accu-mold.com\/wp-content\/uploads\/2020\/09\/capabilities1-1.jpg\" alt=\"medical micro molding alongside other parts\"\/><\/a><figcaption><em>Beispiele f\u00fcr Mikro-Spritzgussteile f\u00fcr Medizinprodukte und andere Bereiches<\/em><\/figcaption><\/figure>\n\n\n\n<p>Das gr\u00f6\u00dfte Missverst\u00e4ndnis \u00fcber das Mikro-Spritzgussverfahren ist die Annahme, dass es sich lediglich um eine kleinere Version des \u00fcblichen Spritzgussverfahrens handelt. Das Verfahren ist v\u00f6llig anders, weshalb viele Spritzguss-Unternehmen Schwierigkeiten haben, echte Mikro-Spritzgussteile mit Mikrometer-Toleranzen herzustellen.<\/p>\n\n\n\n<p>Wir haben ein sehr gro\u00dfes Team mit jahrzehntelanger Erfahrung in der Herstellung von mikroskopischen und &nbsp;anspruchsvollen Teile. Alle unsere Werkzeuge und Automatisierungen werden rund um die Uhr im eigenen Haus entwickelt, gebaut und gewartet. Unsere DFM-Ingenieure helfen Ihnen gerne auch bei Ihren anspruchsvollsten Projekten mit Mikro-Spritzgussteilen f\u00fcr Medizinprodukte.<\/p>\n\n\n\n<h2 class=\"wp-block-heading\" id=\"h-got-a-tricky-question\"> Got A Tricky Question? <\/h2>\n\n\n\n<p>Send Our DFM Engineers A Message. (They like the attention.)<\/p>\n\n\n\n<p>Do you have a tricky micro mold question? Fill this out and we will get you a quick answer.<\/p>\n\n\n\n<script charset=\"utf-8\" type=\"text\/javascript\" src=\"\/\/js.hsforms.net\/forms\/embed\/v2.js\"><\/script>\n<script>\n  hbspt.forms.create({\n    region: \"na1\",\n    portalId: \"20439115\",\n    formId: \"29d47960-cdd0-4f9e-936d-75f09d842b7f\"\n  });\n<\/script>\n","protected":false},"excerpt":{"rendered":"<p>Medical micro molding is a highly specialized niche in the plastic injection molding industry. Medical devices from leading OEMs depend [&#8230;] <a class=\"more-link\" href=\"https:\/\/www.accu-mold.com\/de\/unsere-kompetenzen-fuer-mikro-spritzgussverfahren\/teil-klassifizierungen\/mikro-spritzgussteile-fuer-medizinprodukte\/\">Read More<span class=\"screen-reader-text\">about Mikro-Spritzgussteile f\u00fcr Medizinprodukte<\/span><\/a><\/p>\n","protected":false},"author":5,"featured_media":0,"parent":5493,"menu_order":0,"comment_status":"closed","ping_status":"closed","template":"","meta":{"_acf_changed":false,"inline_featured_image":false,"_wd_proto_hide_page_title":false,"_wd_proto_page_body_class":"","_wd_proto_post_layout":"","footnotes":""},"class_list":["post-5494","page","type-page","status-publish","hentry"],"acf":[],"yoast_head":"<!-- This site is optimized with the Yoast SEO Premium plugin v27.3 (Yoast SEO v27.5) - https:\/\/yoast.com\/product\/yoast-seo-premium-wordpress\/ -->\n<title>Medical Micro Molding \u00bb Accumold, World Leaders in Micro Molding<\/title>\n<meta name=\"description\" content=\"Medical micro molding is a highly specialized niche in the plastic injection molding industry. Medical devices from leading OEMs depend on micro-injection molded components as technology drastically shrinks in size.\" \/>\n<meta name=\"robots\" content=\"index, follow, max-snippet:-1, max-image-preview:large, max-video-preview:-1\" \/>\n<link rel=\"canonical\" href=\"https:\/\/www.accu-mold.com\/de\/unsere-kompetenzen-fuer-mikro-spritzgussverfahren\/teil-klassifizierungen\/mikro-spritzgussteile-fuer-medizinprodukte\/\" \/>\n<meta property=\"og:locale\" content=\"de_DE\" \/>\n<meta property=\"og:type\" content=\"article\" \/>\n<meta property=\"og:title\" content=\"Mikro-Spritzgussteile f\u00fcr Medizinprodukte\" \/>\n<meta property=\"og:description\" content=\"Medical micro molding is a highly specialized niche in the plastic injection molding industry. Medical devices from leading OEMs depend on micro-injection molded components as technology drastically shrinks in size.\" \/>\n<meta property=\"og:url\" content=\"https:\/\/www.accu-mold.com\/de\/unsere-kompetenzen-fuer-mikro-spritzgussverfahren\/teil-klassifizierungen\/mikro-spritzgussteile-fuer-medizinprodukte\/\" \/>\n<meta property=\"og:site_name\" content=\"Accu-Mold\" \/>\n<meta property=\"article:modified_time\" content=\"2022-10-20T20:59:20+00:00\" \/>\n<meta property=\"og:image\" content=\"https:\/\/www.accu-mold.com\/wp-content\/uploads\/2021\/09\/micro-lenses-02.jpg\" \/>\n<meta name=\"twitter:card\" content=\"summary_large_image\" \/>\n<meta name=\"twitter:label1\" content=\"Est. reading time\" \/>\n\t<meta name=\"twitter:data1\" content=\"4 minutes\" \/>\n<script type=\"application\/ld+json\" class=\"yoast-schema-graph\">{\"@context\":\"https:\\\/\\\/schema.org\",\"@graph\":[{\"@type\":\"WebPage\",\"@id\":\"https:\\\/\\\/www.accu-mold.com\\\/de\\\/unsere-kompetenzen-fuer-mikro-spritzgussverfahren\\\/teil-klassifizierungen\\\/mikro-spritzgussteile-fuer-medizinprodukte\\\/\",\"url\":\"https:\\\/\\\/www.accu-mold.com\\\/de\\\/unsere-kompetenzen-fuer-mikro-spritzgussverfahren\\\/teil-klassifizierungen\\\/mikro-spritzgussteile-fuer-medizinprodukte\\\/\",\"name\":\"Medical Micro Molding \u00bb Accumold, World Leaders in Micro Molding\",\"isPartOf\":{\"@id\":\"https:\\\/\\\/www.accu-mold.com\\\/#website\"},\"primaryImageOfPage\":{\"@id\":\"https:\\\/\\\/www.accu-mold.com\\\/de\\\/unsere-kompetenzen-fuer-mikro-spritzgussverfahren\\\/teil-klassifizierungen\\\/mikro-spritzgussteile-fuer-medizinprodukte\\\/#primaryimage\"},\"image\":{\"@id\":\"https:\\\/\\\/www.accu-mold.com\\\/de\\\/unsere-kompetenzen-fuer-mikro-spritzgussverfahren\\\/teil-klassifizierungen\\\/mikro-spritzgussteile-fuer-medizinprodukte\\\/#primaryimage\"},\"thumbnailUrl\":\"https:\\\/\\\/www.accu-mold.com\\\/wp-content\\\/uploads\\\/2021\\\/09\\\/micro-lenses-02.jpg\",\"datePublished\":\"2020-09-16T13:39:13+00:00\",\"dateModified\":\"2022-10-20T20:59:20+00:00\",\"description\":\"Medical micro molding is a highly specialized niche in the plastic injection molding industry. Medical devices from leading OEMs depend on micro-injection molded components as technology drastically shrinks in size.\",\"breadcrumb\":{\"@id\":\"https:\\\/\\\/www.accu-mold.com\\\/de\\\/unsere-kompetenzen-fuer-mikro-spritzgussverfahren\\\/teil-klassifizierungen\\\/mikro-spritzgussteile-fuer-medizinprodukte\\\/#breadcrumb\"},\"inLanguage\":\"de-DE\",\"potentialAction\":[{\"@type\":\"ReadAction\",\"target\":[\"https:\\\/\\\/www.accu-mold.com\\\/de\\\/unsere-kompetenzen-fuer-mikro-spritzgussverfahren\\\/teil-klassifizierungen\\\/mikro-spritzgussteile-fuer-medizinprodukte\\\/\"]}]},{\"@type\":\"ImageObject\",\"inLanguage\":\"de-DE\",\"@id\":\"https:\\\/\\\/www.accu-mold.com\\\/de\\\/unsere-kompetenzen-fuer-mikro-spritzgussverfahren\\\/teil-klassifizierungen\\\/mikro-spritzgussteile-fuer-medizinprodukte\\\/#primaryimage\",\"url\":\"https:\\\/\\\/www.accu-mold.com\\\/wp-content\\\/uploads\\\/2021\\\/09\\\/micro-lenses-02.jpg\",\"contentUrl\":\"https:\\\/\\\/www.accu-mold.com\\\/wp-content\\\/uploads\\\/2021\\\/09\\\/micro-lenses-02.jpg\"},{\"@type\":\"BreadcrumbList\",\"@id\":\"https:\\\/\\\/www.accu-mold.com\\\/de\\\/unsere-kompetenzen-fuer-mikro-spritzgussverfahren\\\/teil-klassifizierungen\\\/mikro-spritzgussteile-fuer-medizinprodukte\\\/#breadcrumb\",\"itemListElement\":[{\"@type\":\"ListItem\",\"position\":1,\"name\":\"Exceptional capabilities backed by exceptional people\",\"item\":\"https:\\\/\\\/www.accu-mold.com\\\/de\\\/\"},{\"@type\":\"ListItem\",\"position\":2,\"name\":\"Unsere Kompetenzen\",\"item\":\"https:\\\/\\\/www.accu-mold.com\\\/de\\\/unsere-kompetenzen-fuer-mikro-spritzgussverfahren\\\/\"},{\"@type\":\"ListItem\",\"position\":3,\"name\":\"Teil Klassifizierungen\",\"item\":\"https:\\\/\\\/www.accu-mold.com\\\/de\\\/unsere-kompetenzen-fuer-mikro-spritzgussverfahren\\\/teil-klassifizierungen\\\/\"},{\"@type\":\"ListItem\",\"position\":4,\"name\":\"Mikro-Spritzgussteile f\u00fcr Medizinprodukte\"}]},{\"@type\":\"WebSite\",\"@id\":\"https:\\\/\\\/www.accu-mold.com\\\/#website\",\"url\":\"https:\\\/\\\/www.accu-mold.com\\\/\",\"name\":\"Accu-Mold\",\"description\":\"Your Micro Mold\u00ae Tooling &amp; Production Partners\",\"publisher\":{\"@id\":\"https:\\\/\\\/www.accu-mold.com\\\/#organization\"},\"potentialAction\":[{\"@type\":\"SearchAction\",\"target\":{\"@type\":\"EntryPoint\",\"urlTemplate\":\"https:\\\/\\\/www.accu-mold.com\\\/?s={search_term_string}\"},\"query-input\":{\"@type\":\"PropertyValueSpecification\",\"valueRequired\":true,\"valueName\":\"search_term_string\"}}],\"inLanguage\":\"de-DE\"},{\"@type\":\"Organization\",\"@id\":\"https:\\\/\\\/www.accu-mold.com\\\/#organization\",\"name\":\"https:\\\/\\\/www.accu-mold.com\\\/careers\\\/current-openings\\\/\",\"url\":\"https:\\\/\\\/www.accu-mold.com\\\/\",\"logo\":{\"@type\":\"ImageObject\",\"inLanguage\":\"de-DE\",\"@id\":\"https:\\\/\\\/www.accu-mold.com\\\/#\\\/schema\\\/logo\\\/image\\\/\",\"url\":\"https:\\\/\\\/www.accu-mold.com\\\/wp-content\\\/uploads\\\/2022\\\/03\\\/accumold-vector-logo.svg\",\"contentUrl\":\"https:\\\/\\\/www.accu-mold.com\\\/wp-content\\\/uploads\\\/2022\\\/03\\\/accumold-vector-logo.svg\",\"caption\":\"https:\\\/\\\/www.accu-mold.com\\\/careers\\\/current-openings\\\/\"},\"image\":{\"@id\":\"https:\\\/\\\/www.accu-mold.com\\\/#\\\/schema\\\/logo\\\/image\\\/\"}}]}<\/script>\n<!-- \/ Yoast SEO Premium plugin. -->","yoast_head_json":{"title":"Medical Micro Molding \u00bb Accumold, World Leaders in Micro Molding","description":"Medical micro molding is a highly specialized niche in the plastic injection molding industry. Medical devices from leading OEMs depend on micro-injection molded components as technology drastically shrinks in size.","robots":{"index":"index","follow":"follow","max-snippet":"max-snippet:-1","max-image-preview":"max-image-preview:large","max-video-preview":"max-video-preview:-1"},"canonical":"https:\/\/www.accu-mold.com\/de\/unsere-kompetenzen-fuer-mikro-spritzgussverfahren\/teil-klassifizierungen\/mikro-spritzgussteile-fuer-medizinprodukte\/","og_locale":"de_DE","og_type":"article","og_title":"Mikro-Spritzgussteile f\u00fcr Medizinprodukte","og_description":"Medical micro molding is a highly specialized niche in the plastic injection molding industry. Medical devices from leading OEMs depend on micro-injection molded components as technology drastically shrinks in size.","og_url":"https:\/\/www.accu-mold.com\/de\/unsere-kompetenzen-fuer-mikro-spritzgussverfahren\/teil-klassifizierungen\/mikro-spritzgussteile-fuer-medizinprodukte\/","og_site_name":"Accu-Mold","article_modified_time":"2022-10-20T20:59:20+00:00","og_image":[{"url":"https:\/\/www.accu-mold.com\/wp-content\/uploads\/2021\/09\/micro-lenses-02.jpg","type":"","width":"","height":""}],"twitter_card":"summary_large_image","twitter_misc":{"Est. reading time":"4 minutes"},"schema":{"@context":"https:\/\/schema.org","@graph":[{"@type":"WebPage","@id":"https:\/\/www.accu-mold.com\/de\/unsere-kompetenzen-fuer-mikro-spritzgussverfahren\/teil-klassifizierungen\/mikro-spritzgussteile-fuer-medizinprodukte\/","url":"https:\/\/www.accu-mold.com\/de\/unsere-kompetenzen-fuer-mikro-spritzgussverfahren\/teil-klassifizierungen\/mikro-spritzgussteile-fuer-medizinprodukte\/","name":"Medical Micro Molding \u00bb Accumold, World Leaders in Micro Molding","isPartOf":{"@id":"https:\/\/www.accu-mold.com\/#website"},"primaryImageOfPage":{"@id":"https:\/\/www.accu-mold.com\/de\/unsere-kompetenzen-fuer-mikro-spritzgussverfahren\/teil-klassifizierungen\/mikro-spritzgussteile-fuer-medizinprodukte\/#primaryimage"},"image":{"@id":"https:\/\/www.accu-mold.com\/de\/unsere-kompetenzen-fuer-mikro-spritzgussverfahren\/teil-klassifizierungen\/mikro-spritzgussteile-fuer-medizinprodukte\/#primaryimage"},"thumbnailUrl":"https:\/\/www.accu-mold.com\/wp-content\/uploads\/2021\/09\/micro-lenses-02.jpg","datePublished":"2020-09-16T13:39:13+00:00","dateModified":"2022-10-20T20:59:20+00:00","description":"Medical micro molding is a highly specialized niche in the plastic injection molding industry. Medical devices from leading OEMs depend on micro-injection molded components as technology drastically shrinks in size.","breadcrumb":{"@id":"https:\/\/www.accu-mold.com\/de\/unsere-kompetenzen-fuer-mikro-spritzgussverfahren\/teil-klassifizierungen\/mikro-spritzgussteile-fuer-medizinprodukte\/#breadcrumb"},"inLanguage":"de-DE","potentialAction":[{"@type":"ReadAction","target":["https:\/\/www.accu-mold.com\/de\/unsere-kompetenzen-fuer-mikro-spritzgussverfahren\/teil-klassifizierungen\/mikro-spritzgussteile-fuer-medizinprodukte\/"]}]},{"@type":"ImageObject","inLanguage":"de-DE","@id":"https:\/\/www.accu-mold.com\/de\/unsere-kompetenzen-fuer-mikro-spritzgussverfahren\/teil-klassifizierungen\/mikro-spritzgussteile-fuer-medizinprodukte\/#primaryimage","url":"https:\/\/www.accu-mold.com\/wp-content\/uploads\/2021\/09\/micro-lenses-02.jpg","contentUrl":"https:\/\/www.accu-mold.com\/wp-content\/uploads\/2021\/09\/micro-lenses-02.jpg"},{"@type":"BreadcrumbList","@id":"https:\/\/www.accu-mold.com\/de\/unsere-kompetenzen-fuer-mikro-spritzgussverfahren\/teil-klassifizierungen\/mikro-spritzgussteile-fuer-medizinprodukte\/#breadcrumb","itemListElement":[{"@type":"ListItem","position":1,"name":"Exceptional capabilities backed by exceptional people","item":"https:\/\/www.accu-mold.com\/de\/"},{"@type":"ListItem","position":2,"name":"Unsere Kompetenzen","item":"https:\/\/www.accu-mold.com\/de\/unsere-kompetenzen-fuer-mikro-spritzgussverfahren\/"},{"@type":"ListItem","position":3,"name":"Teil Klassifizierungen","item":"https:\/\/www.accu-mold.com\/de\/unsere-kompetenzen-fuer-mikro-spritzgussverfahren\/teil-klassifizierungen\/"},{"@type":"ListItem","position":4,"name":"Mikro-Spritzgussteile f\u00fcr Medizinprodukte"}]},{"@type":"WebSite","@id":"https:\/\/www.accu-mold.com\/#website","url":"https:\/\/www.accu-mold.com\/","name":"Accu-Mold","description":"Your Micro Mold\u00ae Tooling &amp; Production Partners","publisher":{"@id":"https:\/\/www.accu-mold.com\/#organization"},"potentialAction":[{"@type":"SearchAction","target":{"@type":"EntryPoint","urlTemplate":"https:\/\/www.accu-mold.com\/?s={search_term_string}"},"query-input":{"@type":"PropertyValueSpecification","valueRequired":true,"valueName":"search_term_string"}}],"inLanguage":"de-DE"},{"@type":"Organization","@id":"https:\/\/www.accu-mold.com\/#organization","name":"https:\/\/www.accu-mold.com\/careers\/current-openings\/","url":"https:\/\/www.accu-mold.com\/","logo":{"@type":"ImageObject","inLanguage":"de-DE","@id":"https:\/\/www.accu-mold.com\/#\/schema\/logo\/image\/","url":"https:\/\/www.accu-mold.com\/wp-content\/uploads\/2022\/03\/accumold-vector-logo.svg","contentUrl":"https:\/\/www.accu-mold.com\/wp-content\/uploads\/2022\/03\/accumold-vector-logo.svg","caption":"https:\/\/www.accu-mold.com\/careers\/current-openings\/"},"image":{"@id":"https:\/\/www.accu-mold.com\/#\/schema\/logo\/image\/"}}]}},"_links":{"self":[{"href":"https:\/\/www.accu-mold.com\/de\/wp-json\/wp\/v2\/pages\/5494","targetHints":{"allow":["GET"]}}],"collection":[{"href":"https:\/\/www.accu-mold.com\/de\/wp-json\/wp\/v2\/pages"}],"about":[{"href":"https:\/\/www.accu-mold.com\/de\/wp-json\/wp\/v2\/types\/page"}],"author":[{"embeddable":true,"href":"https:\/\/www.accu-mold.com\/de\/wp-json\/wp\/v2\/users\/5"}],"replies":[{"embeddable":true,"href":"https:\/\/www.accu-mold.com\/de\/wp-json\/wp\/v2\/comments?post=5494"}],"version-history":[{"count":8,"href":"https:\/\/www.accu-mold.com\/de\/wp-json\/wp\/v2\/pages\/5494\/revisions"}],"predecessor-version":[{"id":19182,"href":"https:\/\/www.accu-mold.com\/de\/wp-json\/wp\/v2\/pages\/5494\/revisions\/19182"}],"up":[{"embeddable":true,"href":"https:\/\/www.accu-mold.com\/de\/wp-json\/wp\/v2\/pages\/5493"}],"wp:attachment":[{"href":"https:\/\/www.accu-mold.com\/de\/wp-json\/wp\/v2\/media?parent=5494"}],"curies":[{"name":"wp","href":"https:\/\/api.w.org\/{rel}","templated":true}]}}