{"id":5493,"date":"2020-09-16T13:36:27","date_gmt":"2020-09-16T13:36:27","guid":{"rendered":"http:\/\/accumold51932.ewaycorphosting.com\/unsere-kompetenzen-fuer-mikro-spritzgussverfahren\/teil-klassifizierungen\/"},"modified":"2022-08-01T18:46:30","modified_gmt":"2022-08-01T18:46:30","slug":"teil-klassifizierungen","status":"publish","type":"page","link":"https:\/\/www.accu-mold.com\/de\/unsere-kompetenzen-fuer-mikro-spritzgussverfahren\/teil-klassifizierungen\/","title":{"rendered":"Teil Klassifizierungen"},"content":{"rendered":"\n<div class=\"wp-block-cover alignfull page-header has-custom-inner-width\" style=\"min-height:316px;--inner-container-width:1400px;aspect-ratio:unset;\"><span aria-hidden=\"true\" class=\"wp-block-cover__background has-primary-background-color has-background-dim-80 has-background-dim\"><\/span><img decoding=\"async\" class=\"wp-block-cover__image-background wp-image-16597\" alt=\"micro lens examples\" src=\"https:\/\/www.accu-mold.com\/wp-content\/uploads\/2021\/09\/micro-lenses-02.jpg\" data-object-fit=\"cover\"\/><div class=\"wp-block-cover__inner-container is-layout-flow wp-block-cover-is-layout-flow\">\n<h1 class=\"wp-block-heading\" style=\"font-size:64px\">Teil Klassifizierungen<\/h1>\n<\/div><\/div>\n\n\n\n<div style=\"height:100px\" aria-hidden=\"true\" class=\"wp-block-spacer\"><\/div>\n\n\n\n<p>Es gibt kein Standard Mikro-Spritzguss-Projekt. Jede Anfrage von unseren Kunden ist eine einzigartige Herausforderung. Unsere Kunden sind es gewohnt, Grenzen zu \u00fcberschreiten und nach noch kleineren Teilen zu fragen. Die Komponenten und Teile, die wir f\u00fcr unsere Kunden herstellen, sind ganz auf die Anforderungen von erstklassigen Ingenieuren zugeschnitten und lassen sich in drei gro\u00dfe Mikro-Spritzguss Klassifizierungen einteilen<\/p>\n\n\n\n<div style=\"height:30px\" aria-hidden=\"true\" class=\"wp-block-spacer\"><\/div>\n\n\n\n<div class=\"wp-block-columns alignwide are-vertically-aligned-center col-large-2 col-medium-2 col-small-1 is-layout-flex wp-container-core-columns-is-layout-9d6595d7 wp-block-columns-is-layout-flex\">\n<div class=\"wp-block-column is-vertically-aligned-center is-layout-flow wp-block-column-is-layout-flow\" style=\"flex-basis:25%\"><div class=\"wp-block-image\">\n<figure class=\"aligncenter\"><img decoding=\"async\" src=\"https:\/\/www.accu-mold.com\/wp-content\/uploads\/2020\/09\/accumold-micromolding.jpg\" alt=\"accumold-micromolding\" title=\"accumold-micromolding\"\/><\/figure>\n<\/div><\/div>\n\n\n\n<div class=\"wp-block-column is-vertically-aligned-center is-layout-flow wp-block-column-is-layout-flow\" style=\"flex-basis:75%\">\n<h2 class=\"wp-block-heading\">Micro Mold\u00ae (Mikro-Spritzguss)<\/h2>\n\n\n\n<p>Kompetenzen im Mikro-Spritzguss sind die Essenz unserer T\u00e4tigkeit bei Accumold. Die Beherrschung dieses anspruchsvollen Herstellungsprozesses stand am Beginn unserer Unternehmensgeschichte, und er steht bis heute im Mittelpunkt unserer T\u00e4tigkeit.<\/p>\n\n\n\n<p>Teile, die mit unserem Micro Mold\u00ae (Mikro-Spritzgussverfahren) hergestellt werden, haben eine Gr\u00f6\u00dfe von nur wenigen Mikrometern bis zu einem halben Zoll (13 mm). Diese Komponenten haben oft eine komplexe Geometrie und sehr enge Toleranzen \u2013 ohne einen Spielraum f\u00fcr Fehler.<\/p>\n\n\n\n<p><a href=\"https:\/\/www.accu-mold.com\/de\/beispiele\/\">&gt;&gt;Siehe Beispiele f\u00fcr Mikro-Spritzguss\u00ae<\/a><\/p>\n<\/div>\n<\/div>\n\n\n\n<div style=\"height:50px\" aria-hidden=\"true\" class=\"wp-block-spacer\"><\/div>\n\n\n\n<div class=\"wp-block-columns alignwide are-vertically-aligned-center col-large-2 col-medium-2 col-small-1 is-layout-flex wp-container-core-columns-is-layout-9d6595d7 wp-block-columns-is-layout-flex\">\n<div class=\"wp-block-column is-vertically-aligned-center is-layout-flow wp-block-column-is-layout-flow\" style=\"flex-basis:25%\"><div class=\"wp-block-image\">\n<figure class=\"aligncenter\"><img decoding=\"async\" src=\"https:\/\/www.accu-mold.com\/wp-content\/uploads\/2020\/09\/accumold-small-part-molding.jpg\" alt=\"accumold-small-part-molding\" title=\"accumold-small-part-molding\"\/><\/figure>\n<\/div><\/div>\n\n\n\n<div class=\"wp-block-column is-vertically-aligned-center is-layout-flow wp-block-column-is-layout-flow\" style=\"flex-basis:75%\">\n<h2 class=\"wp-block-heading\">Spritzgussverfahren f\u00fcr Kleinstteile<\/h2>\n\n\n\n<p>Kleinstteile sind etwas gr\u00f6\u00dfer als Mikro-Spritzgussteile, haben einen Durchmesser von 13 mm bis etwa 9 cm, und werden aus einem Materialschuss von ca. 28 Gramm herstellt. Bei der Produktion ben\u00f6tigen sie den gleichen Grad an Pr\u00e4zision und Qualit\u00e4t wie Mikro-Spritzgussteile. Viele dieser Teile haben Mikro-Toleranzen und Merkmale, die ebenfalls in Mikrometern gemessen werden.<\/p>\n\n\n\n<p><a href=\"https:\/\/www.accu-mold.com\/de\/beispiele\/\">&gt;&gt;Siehe Beispiele f\u00fcr Kleinstteile<\/a><\/p>\n<\/div>\n<\/div>\n\n\n\n<div style=\"height:50px\" aria-hidden=\"true\" class=\"wp-block-spacer\"><\/div>\n\n\n\n<div class=\"wp-block-columns alignwide are-vertically-aligned-center col-large-2 col-medium-2 col-small-1 is-layout-flex wp-container-core-columns-is-layout-9d6595d7 wp-block-columns-is-layout-flex\">\n<div class=\"wp-block-column is-vertically-aligned-center is-layout-flow wp-block-column-is-layout-flow\" style=\"flex-basis:25%\"><div class=\"wp-block-image\">\n<figure class=\"aligncenter\"><img decoding=\"async\" src=\"https:\/\/www.accu-mold.com\/wp-content\/uploads\/2020\/09\/accumold-lead-frame-insert-molding.jpg\" alt=\"accumold-lead-frame-insert-molding\" title=\"accumold-lead-frame-insert-molding\"\/><\/figure>\n<\/div><\/div>\n\n\n\n<div class=\"wp-block-column is-vertically-aligned-center is-layout-flow wp-block-column-is-layout-flow\" style=\"flex-basis:75%\">\n<h2 class=\"wp-block-heading\">Lead Frame \/ Mehrkomponenten-Spritzgussteile<\/h2>\n\n\n\n<p>Accumold kann Plastik auf und um alle verschiedenen Arten von Metallen, Kunststoffen, Geweben, Folien, Ger\u00e4ten usw. verarbeiten. In einigen Prozessen produzieren wir komplette Teile, w\u00e4hrend andere Teile f\u00fcr die Weiterverarbeitung durch unsere Kunden oder deren Vertragshersteller gefertigt werden. In vielen F\u00e4llen k\u00f6nnen wir ein High-Speed-Handling zu diesen Prozessen hinzuf\u00fcgen, um Ressourcen zu sparen.<\/p>\n\n\n\n<p><a href=\"https:\/\/www.accu-mold.com\/de\/beispiele\/\">&gt;&gt;Siehe Beispiele f\u00fcr Lead Frame \/ Mehrkomponenten-Spritzgussteile<\/a><\/p>\n<\/div>\n<\/div>\n\n\n\n<div style=\"height:50px\" aria-hidden=\"true\" class=\"wp-block-spacer\"><\/div>\n","protected":false},"excerpt":{"rendered":"<p>Es gibt kein Standard Mikro-Spritzguss-Projekt. Jede Anfrage von unseren Kunden ist eine einzigartige Herausforderung. Unsere Kunden sind es gewohnt, Grenzen [&#8230;] <a class=\"more-link\" href=\"https:\/\/www.accu-mold.com\/de\/unsere-kompetenzen-fuer-mikro-spritzgussverfahren\/teil-klassifizierungen\/\">Read More<span class=\"screen-reader-text\">about Teil Klassifizierungen<\/span><\/a><\/p>\n","protected":false},"author":5,"featured_media":0,"parent":5484,"menu_order":0,"comment_status":"closed","ping_status":"closed","template":"","meta":{"_acf_changed":false,"inline_featured_image":false,"_wd_proto_hide_page_title":false,"_wd_proto_page_body_class":"","_wd_proto_post_layout":"","footnotes":""},"class_list":["post-5493","page","type-page","status-publish","hentry"],"acf":[],"yoast_head":"<!-- This site is optimized with the Yoast SEO Premium plugin v27.3 (Yoast SEO v27.4) - https:\/\/yoast.com\/product\/yoast-seo-premium-wordpress\/ -->\n<title>Teil Klassifizierungen - Accu-Mold<\/title>\n<meta name=\"robots\" content=\"index, follow, max-snippet:-1, max-image-preview:large, max-video-preview:-1\" \/>\n<link rel=\"canonical\" href=\"https:\/\/www.accu-mold.com\/de\/unsere-kompetenzen-fuer-mikro-spritzgussverfahren\/teil-klassifizierungen\/\" \/>\n<meta property=\"og:locale\" content=\"de_DE\" \/>\n<meta property=\"og:type\" content=\"article\" \/>\n<meta property=\"og:title\" content=\"Teil Klassifizierungen\" \/>\n<meta property=\"og:description\" content=\"Es gibt kein Standard Mikro-Spritzguss-Projekt. Jede Anfrage von unseren Kunden ist eine einzigartige Herausforderung. Unsere Kunden sind es gewohnt, Grenzen [...] Read Moreabout Teil Klassifizierungen\" \/>\n<meta property=\"og:url\" content=\"https:\/\/www.accu-mold.com\/de\/unsere-kompetenzen-fuer-mikro-spritzgussverfahren\/teil-klassifizierungen\/\" \/>\n<meta property=\"og:site_name\" content=\"Accu-Mold\" \/>\n<meta property=\"article:modified_time\" content=\"2022-08-01T18:46:30+00:00\" \/>\n<meta property=\"og:image\" content=\"https:\/\/www.accu-mold.com\/wp-content\/uploads\/2021\/09\/micro-lenses-02.jpg\" \/>\n<meta name=\"twitter:card\" content=\"summary_large_image\" \/>\n<meta name=\"twitter:label1\" content=\"Est. reading time\" \/>\n\t<meta name=\"twitter:data1\" content=\"1 minute\" \/>\n<script type=\"application\/ld+json\" class=\"yoast-schema-graph\">{\"@context\":\"https:\\\/\\\/schema.org\",\"@graph\":[{\"@type\":\"WebPage\",\"@id\":\"https:\\\/\\\/www.accu-mold.com\\\/de\\\/unsere-kompetenzen-fuer-mikro-spritzgussverfahren\\\/teil-klassifizierungen\\\/\",\"url\":\"https:\\\/\\\/www.accu-mold.com\\\/de\\\/unsere-kompetenzen-fuer-mikro-spritzgussverfahren\\\/teil-klassifizierungen\\\/\",\"name\":\"Teil Klassifizierungen - Accu-Mold\",\"isPartOf\":{\"@id\":\"https:\\\/\\\/www.accu-mold.com\\\/#website\"},\"primaryImageOfPage\":{\"@id\":\"https:\\\/\\\/www.accu-mold.com\\\/de\\\/unsere-kompetenzen-fuer-mikro-spritzgussverfahren\\\/teil-klassifizierungen\\\/#primaryimage\"},\"image\":{\"@id\":\"https:\\\/\\\/www.accu-mold.com\\\/de\\\/unsere-kompetenzen-fuer-mikro-spritzgussverfahren\\\/teil-klassifizierungen\\\/#primaryimage\"},\"thumbnailUrl\":\"https:\\\/\\\/www.accu-mold.com\\\/wp-content\\\/uploads\\\/2021\\\/09\\\/micro-lenses-02.jpg\",\"datePublished\":\"2020-09-16T13:36:27+00:00\",\"dateModified\":\"2022-08-01T18:46:30+00:00\",\"breadcrumb\":{\"@id\":\"https:\\\/\\\/www.accu-mold.com\\\/de\\\/unsere-kompetenzen-fuer-mikro-spritzgussverfahren\\\/teil-klassifizierungen\\\/#breadcrumb\"},\"inLanguage\":\"de-DE\",\"potentialAction\":[{\"@type\":\"ReadAction\",\"target\":[\"https:\\\/\\\/www.accu-mold.com\\\/de\\\/unsere-kompetenzen-fuer-mikro-spritzgussverfahren\\\/teil-klassifizierungen\\\/\"]}]},{\"@type\":\"ImageObject\",\"inLanguage\":\"de-DE\",\"@id\":\"https:\\\/\\\/www.accu-mold.com\\\/de\\\/unsere-kompetenzen-fuer-mikro-spritzgussverfahren\\\/teil-klassifizierungen\\\/#primaryimage\",\"url\":\"https:\\\/\\\/www.accu-mold.com\\\/wp-content\\\/uploads\\\/2021\\\/09\\\/micro-lenses-02.jpg\",\"contentUrl\":\"https:\\\/\\\/www.accu-mold.com\\\/wp-content\\\/uploads\\\/2021\\\/09\\\/micro-lenses-02.jpg\"},{\"@type\":\"BreadcrumbList\",\"@id\":\"https:\\\/\\\/www.accu-mold.com\\\/de\\\/unsere-kompetenzen-fuer-mikro-spritzgussverfahren\\\/teil-klassifizierungen\\\/#breadcrumb\",\"itemListElement\":[{\"@type\":\"ListItem\",\"position\":1,\"name\":\"Exceptional capabilities backed by exceptional people\",\"item\":\"https:\\\/\\\/www.accu-mold.com\\\/de\\\/\"},{\"@type\":\"ListItem\",\"position\":2,\"name\":\"Unsere Kompetenzen\",\"item\":\"https:\\\/\\\/www.accu-mold.com\\\/de\\\/unsere-kompetenzen-fuer-mikro-spritzgussverfahren\\\/\"},{\"@type\":\"ListItem\",\"position\":3,\"name\":\"Teil Klassifizierungen\"}]},{\"@type\":\"WebSite\",\"@id\":\"https:\\\/\\\/www.accu-mold.com\\\/#website\",\"url\":\"https:\\\/\\\/www.accu-mold.com\\\/\",\"name\":\"Accu-Mold\",\"description\":\"Your Micro Mold\u00ae Tooling &amp; Production Partners\",\"publisher\":{\"@id\":\"https:\\\/\\\/www.accu-mold.com\\\/#organization\"},\"potentialAction\":[{\"@type\":\"SearchAction\",\"target\":{\"@type\":\"EntryPoint\",\"urlTemplate\":\"https:\\\/\\\/www.accu-mold.com\\\/?s={search_term_string}\"},\"query-input\":{\"@type\":\"PropertyValueSpecification\",\"valueRequired\":true,\"valueName\":\"search_term_string\"}}],\"inLanguage\":\"de-DE\"},{\"@type\":\"Organization\",\"@id\":\"https:\\\/\\\/www.accu-mold.com\\\/#organization\",\"name\":\"https:\\\/\\\/www.accu-mold.com\\\/careers\\\/current-openings\\\/\",\"url\":\"https:\\\/\\\/www.accu-mold.com\\\/\",\"logo\":{\"@type\":\"ImageObject\",\"inLanguage\":\"de-DE\",\"@id\":\"https:\\\/\\\/www.accu-mold.com\\\/#\\\/schema\\\/logo\\\/image\\\/\",\"url\":\"https:\\\/\\\/www.accu-mold.com\\\/wp-content\\\/uploads\\\/2022\\\/03\\\/accumold-vector-logo.svg\",\"contentUrl\":\"https:\\\/\\\/www.accu-mold.com\\\/wp-content\\\/uploads\\\/2022\\\/03\\\/accumold-vector-logo.svg\",\"caption\":\"https:\\\/\\\/www.accu-mold.com\\\/careers\\\/current-openings\\\/\"},\"image\":{\"@id\":\"https:\\\/\\\/www.accu-mold.com\\\/#\\\/schema\\\/logo\\\/image\\\/\"}}]}<\/script>\n<!-- \/ Yoast SEO Premium plugin. -->","yoast_head_json":{"title":"Teil Klassifizierungen - Accu-Mold","robots":{"index":"index","follow":"follow","max-snippet":"max-snippet:-1","max-image-preview":"max-image-preview:large","max-video-preview":"max-video-preview:-1"},"canonical":"https:\/\/www.accu-mold.com\/de\/unsere-kompetenzen-fuer-mikro-spritzgussverfahren\/teil-klassifizierungen\/","og_locale":"de_DE","og_type":"article","og_title":"Teil Klassifizierungen","og_description":"Es gibt kein Standard Mikro-Spritzguss-Projekt. Jede Anfrage von unseren Kunden ist eine einzigartige Herausforderung. Unsere Kunden sind es gewohnt, Grenzen [...] Read Moreabout Teil Klassifizierungen","og_url":"https:\/\/www.accu-mold.com\/de\/unsere-kompetenzen-fuer-mikro-spritzgussverfahren\/teil-klassifizierungen\/","og_site_name":"Accu-Mold","article_modified_time":"2022-08-01T18:46:30+00:00","og_image":[{"url":"https:\/\/www.accu-mold.com\/wp-content\/uploads\/2021\/09\/micro-lenses-02.jpg","type":"","width":"","height":""}],"twitter_card":"summary_large_image","twitter_misc":{"Est. reading time":"1 minute"},"schema":{"@context":"https:\/\/schema.org","@graph":[{"@type":"WebPage","@id":"https:\/\/www.accu-mold.com\/de\/unsere-kompetenzen-fuer-mikro-spritzgussverfahren\/teil-klassifizierungen\/","url":"https:\/\/www.accu-mold.com\/de\/unsere-kompetenzen-fuer-mikro-spritzgussverfahren\/teil-klassifizierungen\/","name":"Teil Klassifizierungen - Accu-Mold","isPartOf":{"@id":"https:\/\/www.accu-mold.com\/#website"},"primaryImageOfPage":{"@id":"https:\/\/www.accu-mold.com\/de\/unsere-kompetenzen-fuer-mikro-spritzgussverfahren\/teil-klassifizierungen\/#primaryimage"},"image":{"@id":"https:\/\/www.accu-mold.com\/de\/unsere-kompetenzen-fuer-mikro-spritzgussverfahren\/teil-klassifizierungen\/#primaryimage"},"thumbnailUrl":"https:\/\/www.accu-mold.com\/wp-content\/uploads\/2021\/09\/micro-lenses-02.jpg","datePublished":"2020-09-16T13:36:27+00:00","dateModified":"2022-08-01T18:46:30+00:00","breadcrumb":{"@id":"https:\/\/www.accu-mold.com\/de\/unsere-kompetenzen-fuer-mikro-spritzgussverfahren\/teil-klassifizierungen\/#breadcrumb"},"inLanguage":"de-DE","potentialAction":[{"@type":"ReadAction","target":["https:\/\/www.accu-mold.com\/de\/unsere-kompetenzen-fuer-mikro-spritzgussverfahren\/teil-klassifizierungen\/"]}]},{"@type":"ImageObject","inLanguage":"de-DE","@id":"https:\/\/www.accu-mold.com\/de\/unsere-kompetenzen-fuer-mikro-spritzgussverfahren\/teil-klassifizierungen\/#primaryimage","url":"https:\/\/www.accu-mold.com\/wp-content\/uploads\/2021\/09\/micro-lenses-02.jpg","contentUrl":"https:\/\/www.accu-mold.com\/wp-content\/uploads\/2021\/09\/micro-lenses-02.jpg"},{"@type":"BreadcrumbList","@id":"https:\/\/www.accu-mold.com\/de\/unsere-kompetenzen-fuer-mikro-spritzgussverfahren\/teil-klassifizierungen\/#breadcrumb","itemListElement":[{"@type":"ListItem","position":1,"name":"Exceptional capabilities backed by exceptional people","item":"https:\/\/www.accu-mold.com\/de\/"},{"@type":"ListItem","position":2,"name":"Unsere Kompetenzen","item":"https:\/\/www.accu-mold.com\/de\/unsere-kompetenzen-fuer-mikro-spritzgussverfahren\/"},{"@type":"ListItem","position":3,"name":"Teil Klassifizierungen"}]},{"@type":"WebSite","@id":"https:\/\/www.accu-mold.com\/#website","url":"https:\/\/www.accu-mold.com\/","name":"Accu-Mold","description":"Your Micro Mold\u00ae Tooling &amp; Production Partners","publisher":{"@id":"https:\/\/www.accu-mold.com\/#organization"},"potentialAction":[{"@type":"SearchAction","target":{"@type":"EntryPoint","urlTemplate":"https:\/\/www.accu-mold.com\/?s={search_term_string}"},"query-input":{"@type":"PropertyValueSpecification","valueRequired":true,"valueName":"search_term_string"}}],"inLanguage":"de-DE"},{"@type":"Organization","@id":"https:\/\/www.accu-mold.com\/#organization","name":"https:\/\/www.accu-mold.com\/careers\/current-openings\/","url":"https:\/\/www.accu-mold.com\/","logo":{"@type":"ImageObject","inLanguage":"de-DE","@id":"https:\/\/www.accu-mold.com\/#\/schema\/logo\/image\/","url":"https:\/\/www.accu-mold.com\/wp-content\/uploads\/2022\/03\/accumold-vector-logo.svg","contentUrl":"https:\/\/www.accu-mold.com\/wp-content\/uploads\/2022\/03\/accumold-vector-logo.svg","caption":"https:\/\/www.accu-mold.com\/careers\/current-openings\/"},"image":{"@id":"https:\/\/www.accu-mold.com\/#\/schema\/logo\/image\/"}}]}},"_links":{"self":[{"href":"https:\/\/www.accu-mold.com\/de\/wp-json\/wp\/v2\/pages\/5493","targetHints":{"allow":["GET"]}}],"collection":[{"href":"https:\/\/www.accu-mold.com\/de\/wp-json\/wp\/v2\/pages"}],"about":[{"href":"https:\/\/www.accu-mold.com\/de\/wp-json\/wp\/v2\/types\/page"}],"author":[{"embeddable":true,"href":"https:\/\/www.accu-mold.com\/de\/wp-json\/wp\/v2\/users\/5"}],"replies":[{"embeddable":true,"href":"https:\/\/www.accu-mold.com\/de\/wp-json\/wp\/v2\/comments?post=5493"}],"version-history":[{"count":6,"href":"https:\/\/www.accu-mold.com\/de\/wp-json\/wp\/v2\/pages\/5493\/revisions"}],"predecessor-version":[{"id":18009,"href":"https:\/\/www.accu-mold.com\/de\/wp-json\/wp\/v2\/pages\/5493\/revisions\/18009"}],"up":[{"embeddable":true,"href":"https:\/\/www.accu-mold.com\/de\/wp-json\/wp\/v2\/pages\/5484"}],"wp:attachment":[{"href":"https:\/\/www.accu-mold.com\/de\/wp-json\/wp\/v2\/media?parent=5493"}],"curies":[{"name":"wp","href":"https:\/\/api.w.org\/{rel}","templated":true}]}}