{"id":5492,"date":"2020-09-16T13:33:30","date_gmt":"2020-09-16T13:33:30","guid":{"rendered":"http:\/\/accumold51932.ewaycorphosting.com\/unsere-kompetenzen-fuer-mikro-spritzgussverfahren\/spezialkapazitaeten\/"},"modified":"2022-08-01T18:48:54","modified_gmt":"2022-08-01T18:48:54","slug":"spezialkapazitaeten","status":"publish","type":"page","link":"https:\/\/www.accu-mold.com\/de\/unsere-kompetenzen-fuer-mikro-spritzgussverfahren\/spezialkapazitaeten\/","title":{"rendered":"Spezialkapazit\u00e4ten"},"content":{"rendered":"\n<div class=\"wp-block-cover alignfull page-header has-custom-inner-width\" style=\"min-height:316px;--inner-container-width:1400px;aspect-ratio:unset;\"><span aria-hidden=\"true\" class=\"wp-block-cover__background has-primary-background-color has-background-dim-80 has-background-dim\"><\/span><img decoding=\"async\" class=\"wp-block-cover__image-background wp-image-16597\" alt=\"micro lens examples\" src=\"https:\/\/www.accu-mold.com\/wp-content\/uploads\/2021\/09\/micro-lenses-02.jpg\" data-object-fit=\"cover\"\/><div class=\"wp-block-cover__inner-container is-layout-flow wp-block-cover-is-layout-flow\">\n<h1 class=\"wp-block-heading\" style=\"font-size:64px\">Spezialkapazit\u00e4ten<\/h1>\n<\/div><\/div>\n\n\n\n<div style=\"height:60px\" aria-hidden=\"true\" class=\"wp-block-spacer\"><\/div>\n\n\n\n<p>Nicht jede Gussform ist einfach. Accumolds Kapazit\u00e4ten werden st\u00e4ndig erweitert und verbessert, weil unsere Kunden nie aufh\u00f6ren, neue Technologien zu entwickeln. Auf die gleiche Art und Weise, wie uns unsere Kunden t\u00e4glich vorantreiben, erweitern wir ihr Verst\u00e4ndnis dar\u00fcber, was Kunststoff selbst bei extrem kleinen Teilegeometrien leisten kann. Unsere Spezialit\u00e4t Mikro-Spritzguss definiert, was \u201em\u00f6glich\u201c morgen bedeuten wird.<\/p>\n\n\n\n<div style=\"height:50px\" aria-hidden=\"true\" class=\"wp-block-spacer\"><\/div>\n\n\n\n<div class=\"wp-block-columns alignwide are-vertically-aligned-center col-large-2 col-medium-2 col-small-1 is-layout-flex wp-container-core-columns-is-layout-9d6595d7 wp-block-columns-is-layout-flex\">\n<div class=\"wp-block-column is-vertically-aligned-center is-layout-flow wp-block-column-is-layout-flow\" style=\"flex-basis:33.33%\"><div class=\"wp-block-image\">\n<figure class=\"aligncenter\"><img decoding=\"async\" src=\"https:\/\/www.accu-mold.com\/wp-content\/uploads\/2020\/09\/micro-structure-enhancements-1.jpg\" alt=\"micro-structure-enhancements\" title=\"micro-structure-enhancements\"\/><\/figure>\n<\/div><\/div>\n\n\n\n<div class=\"wp-block-column is-vertically-aligned-center is-layout-flow wp-block-column-is-layout-flow\" style=\"flex-basis:66.66%\">\n<h2 class=\"wp-block-heading\">Verbesserungen der Mikrostruktur<\/h2>\n\n\n\n<p>F\u00fcr Klein- und Mikroteile ist Accumold in der Lage, Mikrostrukturen auf der Oberfl\u00e4che des Teils zu formen. Diese Merkmale k\u00f6nnen kleiner als ein Mikron sein und werden in einer Vielzahl von Anwendungen wie diffraktive Optik, Mikrofluidik oder Mikrolinsen verwendet.<\/p>\n<\/div>\n<\/div>\n\n\n\n<div style=\"height:50px\" aria-hidden=\"true\" class=\"wp-block-spacer\"><\/div>\n\n\n\n<div class=\"wp-block-columns alignwide are-vertically-aligned-center col-large-2 col-medium-2 col-small-1 is-layout-flex wp-container-core-columns-is-layout-9d6595d7 wp-block-columns-is-layout-flex\">\n<div class=\"wp-block-column is-vertically-aligned-center is-layout-flow wp-block-column-is-layout-flow\" style=\"flex-basis:33.33%\"><div class=\"wp-block-image\">\n<figure class=\"aligncenter\"><img decoding=\"async\" src=\"https:\/\/www.accu-mold.com\/wp-content\/uploads\/2020\/09\/micro-two-component-molding.jpg\" alt=\"micro-two-component-molding\" title=\"micro-two-component-molding\"\/><\/figure>\n<\/div><\/div>\n\n\n\n<div class=\"wp-block-column is-vertically-aligned-center is-layout-flow wp-block-column-is-layout-flow\" style=\"flex-basis:66.66%\">\n<h2 class=\"wp-block-heading\">2-Shot Mikro-Spitzguss<\/h2>\n\n\n\n<p>In diesem Mikro-Spritzgussverfahren werden zwei verschiedene Kunststoffmaterialien in einem Vorgang synchronisiert gegossen. Wir benutzen dieses Mikro-Spritzgussverfahren f\u00fcr unsere Kunden, um die Arbeit zu reduzieren oder dazu beizutragen, das Teil robuster zu machen oder Kosten zu sparen. Oftmals k\u00f6nnen durch diesen Prozess wertvolle kosmetische oder funktionelle Eigenschaften hinzuf\u00fcgt werden.<\/p>\n<\/div>\n<\/div>\n\n\n\n<div style=\"height:50px\" aria-hidden=\"true\" class=\"wp-block-spacer\"><\/div>\n\n\n\n<div class=\"wp-block-columns alignwide are-vertically-aligned-center col-large-2 col-medium-2 col-small-1 is-layout-flex wp-container-core-columns-is-layout-9d6595d7 wp-block-columns-is-layout-flex\">\n<div class=\"wp-block-column is-vertically-aligned-center is-layout-flow wp-block-column-is-layout-flow\" style=\"flex-basis:33.33%\"><div class=\"wp-block-image\">\n<figure class=\"aligncenter\"><img decoding=\"async\" src=\"https:\/\/www.accu-mold.com\/wp-content\/uploads\/2020\/09\/accumold-glass-overmolding.jpg\" alt=\"accumold-glass-overmolding\" title=\"accumold-glass-overmolding\"\/><\/figure>\n<\/div><\/div>\n\n\n\n<div class=\"wp-block-column is-vertically-aligned-center is-layout-flow wp-block-column-is-layout-flow\" style=\"flex-basis:66.66%\">\n<h2 class=\"wp-block-heading\">Mikro-Spritzguss Insert-Technik<\/h2>\n\n\n\n<p>Mit der Insert-Technik werden eine Vielzahl von Materialien wie Metall, Glas, Gewebe, flexible Schaltungen und andere empfindliche Materialen eingekapselt. Diese Teile, \u00e4hnlich denen, die mit 2-Shot-Spritzgussverfahren hergestellt werden, reduzieren nicht nur die Handhabung und Montage, sondern k\u00f6nnen auch kritische Probleme in der Fertigung l\u00f6sen.<\/p>\n<\/div>\n<\/div>\n\n\n\n<div style=\"height:50px\" aria-hidden=\"true\" class=\"wp-block-spacer\"><\/div>\n\n\n\n<div class=\"wp-block-columns alignwide are-vertically-aligned-center col-large-2 col-medium-2 col-small-1 is-layout-flex wp-container-core-columns-is-layout-9d6595d7 wp-block-columns-is-layout-flex\">\n<div class=\"wp-block-column is-vertically-aligned-center is-layout-flow wp-block-column-is-layout-flow\" style=\"flex-basis:33.33%\"><div class=\"wp-block-image\">\n<figure class=\"aligncenter\"><img decoding=\"async\" src=\"https:\/\/www.accu-mold.com\/wp-content\/uploads\/2020\/09\/specialty-processes.jpg\" alt=\"specialty-processes\" title=\"specialty-processes\"\/><\/figure>\n<\/div><\/div>\n\n\n\n<div class=\"wp-block-column is-vertically-aligned-center is-layout-flow wp-block-column-is-layout-flow\" style=\"flex-basis:66.66%\">\n<h2 class=\"wp-block-heading\">Laser-Direkt-Strukturierung (LDS) \/ 3D-MID<\/h2>\n\n\n\n<p>Ein komplement\u00e4rer Prozess zu speziellen Mirko-Spritzgussverfahren ist die Laser-Direkt-Strukturierung, die oft auch als 3D-MID bezeichnet wird. Dieser selektive Beschichtungsprozess passt perfekt zur Micro Mold\u00ae-Technologie von Accumold. Informieren Sie sich \u00fcber die Partnerschaft mit Accumold, um Ihr Mikro-Spritzgussteil mit diesem Prozess herzustellen.<\/p>\n<\/div>\n<\/div>\n","protected":false},"excerpt":{"rendered":"<p>Nicht jede Gussform ist einfach. Accumolds Kapazit\u00e4ten werden st\u00e4ndig erweitert und verbessert, weil unsere Kunden nie aufh\u00f6ren, neue Technologien zu [&#8230;] <a class=\"more-link\" href=\"https:\/\/www.accu-mold.com\/de\/unsere-kompetenzen-fuer-mikro-spritzgussverfahren\/spezialkapazitaeten\/\">Read More<span class=\"screen-reader-text\">about Spezialkapazit\u00e4ten<\/span><\/a><\/p>\n","protected":false},"author":5,"featured_media":0,"parent":5484,"menu_order":0,"comment_status":"closed","ping_status":"closed","template":"","meta":{"_acf_changed":false,"inline_featured_image":false,"_wd_proto_hide_page_title":false,"_wd_proto_page_body_class":"","_wd_proto_post_layout":"","footnotes":""},"class_list":["post-5492","page","type-page","status-publish","hentry"],"acf":[],"yoast_head":"<!-- This site is optimized with the Yoast SEO Premium plugin v27.3 (Yoast SEO v27.4) - https:\/\/yoast.com\/product\/yoast-seo-premium-wordpress\/ -->\n<title>Spezialkapazit\u00e4ten - Accu-Mold<\/title>\n<meta name=\"robots\" content=\"index, follow, max-snippet:-1, max-image-preview:large, max-video-preview:-1\" \/>\n<link rel=\"canonical\" href=\"https:\/\/www.accu-mold.com\/de\/unsere-kompetenzen-fuer-mikro-spritzgussverfahren\/spezialkapazitaeten\/\" \/>\n<meta property=\"og:locale\" content=\"de_DE\" \/>\n<meta property=\"og:type\" content=\"article\" \/>\n<meta property=\"og:title\" content=\"Spezialkapazit\u00e4ten\" \/>\n<meta property=\"og:description\" content=\"Nicht jede Gussform ist einfach. Accumolds Kapazit\u00e4ten werden st\u00e4ndig erweitert und verbessert, weil unsere Kunden nie aufh\u00f6ren, neue Technologien zu [...] Read Moreabout Spezialkapazit\u00e4ten\" \/>\n<meta property=\"og:url\" content=\"https:\/\/www.accu-mold.com\/de\/unsere-kompetenzen-fuer-mikro-spritzgussverfahren\/spezialkapazitaeten\/\" \/>\n<meta property=\"og:site_name\" content=\"Accu-Mold\" \/>\n<meta property=\"article:modified_time\" content=\"2022-08-01T18:48:54+00:00\" \/>\n<meta property=\"og:image\" content=\"https:\/\/www.accu-mold.com\/wp-content\/uploads\/2021\/09\/micro-lenses-02.jpg\" \/>\n<meta name=\"twitter:card\" content=\"summary_large_image\" \/>\n<meta name=\"twitter:label1\" content=\"Est. reading time\" \/>\n\t<meta name=\"twitter:data1\" content=\"1 minute\" \/>\n<script type=\"application\/ld+json\" class=\"yoast-schema-graph\">{\"@context\":\"https:\\\/\\\/schema.org\",\"@graph\":[{\"@type\":\"WebPage\",\"@id\":\"https:\\\/\\\/www.accu-mold.com\\\/de\\\/unsere-kompetenzen-fuer-mikro-spritzgussverfahren\\\/spezialkapazitaeten\\\/\",\"url\":\"https:\\\/\\\/www.accu-mold.com\\\/de\\\/unsere-kompetenzen-fuer-mikro-spritzgussverfahren\\\/spezialkapazitaeten\\\/\",\"name\":\"Spezialkapazit\u00e4ten - Accu-Mold\",\"isPartOf\":{\"@id\":\"https:\\\/\\\/www.accu-mold.com\\\/#website\"},\"primaryImageOfPage\":{\"@id\":\"https:\\\/\\\/www.accu-mold.com\\\/de\\\/unsere-kompetenzen-fuer-mikro-spritzgussverfahren\\\/spezialkapazitaeten\\\/#primaryimage\"},\"image\":{\"@id\":\"https:\\\/\\\/www.accu-mold.com\\\/de\\\/unsere-kompetenzen-fuer-mikro-spritzgussverfahren\\\/spezialkapazitaeten\\\/#primaryimage\"},\"thumbnailUrl\":\"https:\\\/\\\/www.accu-mold.com\\\/wp-content\\\/uploads\\\/2021\\\/09\\\/micro-lenses-02.jpg\",\"datePublished\":\"2020-09-16T13:33:30+00:00\",\"dateModified\":\"2022-08-01T18:48:54+00:00\",\"breadcrumb\":{\"@id\":\"https:\\\/\\\/www.accu-mold.com\\\/de\\\/unsere-kompetenzen-fuer-mikro-spritzgussverfahren\\\/spezialkapazitaeten\\\/#breadcrumb\"},\"inLanguage\":\"de-DE\",\"potentialAction\":[{\"@type\":\"ReadAction\",\"target\":[\"https:\\\/\\\/www.accu-mold.com\\\/de\\\/unsere-kompetenzen-fuer-mikro-spritzgussverfahren\\\/spezialkapazitaeten\\\/\"]}]},{\"@type\":\"ImageObject\",\"inLanguage\":\"de-DE\",\"@id\":\"https:\\\/\\\/www.accu-mold.com\\\/de\\\/unsere-kompetenzen-fuer-mikro-spritzgussverfahren\\\/spezialkapazitaeten\\\/#primaryimage\",\"url\":\"https:\\\/\\\/www.accu-mold.com\\\/wp-content\\\/uploads\\\/2021\\\/09\\\/micro-lenses-02.jpg\",\"contentUrl\":\"https:\\\/\\\/www.accu-mold.com\\\/wp-content\\\/uploads\\\/2021\\\/09\\\/micro-lenses-02.jpg\"},{\"@type\":\"BreadcrumbList\",\"@id\":\"https:\\\/\\\/www.accu-mold.com\\\/de\\\/unsere-kompetenzen-fuer-mikro-spritzgussverfahren\\\/spezialkapazitaeten\\\/#breadcrumb\",\"itemListElement\":[{\"@type\":\"ListItem\",\"position\":1,\"name\":\"Exceptional capabilities backed by exceptional people\",\"item\":\"https:\\\/\\\/www.accu-mold.com\\\/de\\\/\"},{\"@type\":\"ListItem\",\"position\":2,\"name\":\"Unsere Kompetenzen\",\"item\":\"https:\\\/\\\/www.accu-mold.com\\\/de\\\/unsere-kompetenzen-fuer-mikro-spritzgussverfahren\\\/\"},{\"@type\":\"ListItem\",\"position\":3,\"name\":\"Spezialkapazit\u00e4ten\"}]},{\"@type\":\"WebSite\",\"@id\":\"https:\\\/\\\/www.accu-mold.com\\\/#website\",\"url\":\"https:\\\/\\\/www.accu-mold.com\\\/\",\"name\":\"Accu-Mold\",\"description\":\"Your Micro Mold\u00ae Tooling &amp; Production Partners\",\"publisher\":{\"@id\":\"https:\\\/\\\/www.accu-mold.com\\\/#organization\"},\"potentialAction\":[{\"@type\":\"SearchAction\",\"target\":{\"@type\":\"EntryPoint\",\"urlTemplate\":\"https:\\\/\\\/www.accu-mold.com\\\/?s={search_term_string}\"},\"query-input\":{\"@type\":\"PropertyValueSpecification\",\"valueRequired\":true,\"valueName\":\"search_term_string\"}}],\"inLanguage\":\"de-DE\"},{\"@type\":\"Organization\",\"@id\":\"https:\\\/\\\/www.accu-mold.com\\\/#organization\",\"name\":\"https:\\\/\\\/www.accu-mold.com\\\/careers\\\/current-openings\\\/\",\"url\":\"https:\\\/\\\/www.accu-mold.com\\\/\",\"logo\":{\"@type\":\"ImageObject\",\"inLanguage\":\"de-DE\",\"@id\":\"https:\\\/\\\/www.accu-mold.com\\\/#\\\/schema\\\/logo\\\/image\\\/\",\"url\":\"https:\\\/\\\/www.accu-mold.com\\\/wp-content\\\/uploads\\\/2022\\\/03\\\/accumold-vector-logo.svg\",\"contentUrl\":\"https:\\\/\\\/www.accu-mold.com\\\/wp-content\\\/uploads\\\/2022\\\/03\\\/accumold-vector-logo.svg\",\"caption\":\"https:\\\/\\\/www.accu-mold.com\\\/careers\\\/current-openings\\\/\"},\"image\":{\"@id\":\"https:\\\/\\\/www.accu-mold.com\\\/#\\\/schema\\\/logo\\\/image\\\/\"}}]}<\/script>\n<!-- \/ Yoast SEO Premium plugin. -->","yoast_head_json":{"title":"Spezialkapazit\u00e4ten - Accu-Mold","robots":{"index":"index","follow":"follow","max-snippet":"max-snippet:-1","max-image-preview":"max-image-preview:large","max-video-preview":"max-video-preview:-1"},"canonical":"https:\/\/www.accu-mold.com\/de\/unsere-kompetenzen-fuer-mikro-spritzgussverfahren\/spezialkapazitaeten\/","og_locale":"de_DE","og_type":"article","og_title":"Spezialkapazit\u00e4ten","og_description":"Nicht jede Gussform ist einfach. Accumolds Kapazit\u00e4ten werden st\u00e4ndig erweitert und verbessert, weil unsere Kunden nie aufh\u00f6ren, neue Technologien zu [...] Read Moreabout Spezialkapazit\u00e4ten","og_url":"https:\/\/www.accu-mold.com\/de\/unsere-kompetenzen-fuer-mikro-spritzgussverfahren\/spezialkapazitaeten\/","og_site_name":"Accu-Mold","article_modified_time":"2022-08-01T18:48:54+00:00","og_image":[{"url":"https:\/\/www.accu-mold.com\/wp-content\/uploads\/2021\/09\/micro-lenses-02.jpg","type":"","width":"","height":""}],"twitter_card":"summary_large_image","twitter_misc":{"Est. reading time":"1 minute"},"schema":{"@context":"https:\/\/schema.org","@graph":[{"@type":"WebPage","@id":"https:\/\/www.accu-mold.com\/de\/unsere-kompetenzen-fuer-mikro-spritzgussverfahren\/spezialkapazitaeten\/","url":"https:\/\/www.accu-mold.com\/de\/unsere-kompetenzen-fuer-mikro-spritzgussverfahren\/spezialkapazitaeten\/","name":"Spezialkapazit\u00e4ten - Accu-Mold","isPartOf":{"@id":"https:\/\/www.accu-mold.com\/#website"},"primaryImageOfPage":{"@id":"https:\/\/www.accu-mold.com\/de\/unsere-kompetenzen-fuer-mikro-spritzgussverfahren\/spezialkapazitaeten\/#primaryimage"},"image":{"@id":"https:\/\/www.accu-mold.com\/de\/unsere-kompetenzen-fuer-mikro-spritzgussverfahren\/spezialkapazitaeten\/#primaryimage"},"thumbnailUrl":"https:\/\/www.accu-mold.com\/wp-content\/uploads\/2021\/09\/micro-lenses-02.jpg","datePublished":"2020-09-16T13:33:30+00:00","dateModified":"2022-08-01T18:48:54+00:00","breadcrumb":{"@id":"https:\/\/www.accu-mold.com\/de\/unsere-kompetenzen-fuer-mikro-spritzgussverfahren\/spezialkapazitaeten\/#breadcrumb"},"inLanguage":"de-DE","potentialAction":[{"@type":"ReadAction","target":["https:\/\/www.accu-mold.com\/de\/unsere-kompetenzen-fuer-mikro-spritzgussverfahren\/spezialkapazitaeten\/"]}]},{"@type":"ImageObject","inLanguage":"de-DE","@id":"https:\/\/www.accu-mold.com\/de\/unsere-kompetenzen-fuer-mikro-spritzgussverfahren\/spezialkapazitaeten\/#primaryimage","url":"https:\/\/www.accu-mold.com\/wp-content\/uploads\/2021\/09\/micro-lenses-02.jpg","contentUrl":"https:\/\/www.accu-mold.com\/wp-content\/uploads\/2021\/09\/micro-lenses-02.jpg"},{"@type":"BreadcrumbList","@id":"https:\/\/www.accu-mold.com\/de\/unsere-kompetenzen-fuer-mikro-spritzgussverfahren\/spezialkapazitaeten\/#breadcrumb","itemListElement":[{"@type":"ListItem","position":1,"name":"Exceptional capabilities backed by exceptional people","item":"https:\/\/www.accu-mold.com\/de\/"},{"@type":"ListItem","position":2,"name":"Unsere Kompetenzen","item":"https:\/\/www.accu-mold.com\/de\/unsere-kompetenzen-fuer-mikro-spritzgussverfahren\/"},{"@type":"ListItem","position":3,"name":"Spezialkapazit\u00e4ten"}]},{"@type":"WebSite","@id":"https:\/\/www.accu-mold.com\/#website","url":"https:\/\/www.accu-mold.com\/","name":"Accu-Mold","description":"Your Micro Mold\u00ae Tooling &amp; Production Partners","publisher":{"@id":"https:\/\/www.accu-mold.com\/#organization"},"potentialAction":[{"@type":"SearchAction","target":{"@type":"EntryPoint","urlTemplate":"https:\/\/www.accu-mold.com\/?s={search_term_string}"},"query-input":{"@type":"PropertyValueSpecification","valueRequired":true,"valueName":"search_term_string"}}],"inLanguage":"de-DE"},{"@type":"Organization","@id":"https:\/\/www.accu-mold.com\/#organization","name":"https:\/\/www.accu-mold.com\/careers\/current-openings\/","url":"https:\/\/www.accu-mold.com\/","logo":{"@type":"ImageObject","inLanguage":"de-DE","@id":"https:\/\/www.accu-mold.com\/#\/schema\/logo\/image\/","url":"https:\/\/www.accu-mold.com\/wp-content\/uploads\/2022\/03\/accumold-vector-logo.svg","contentUrl":"https:\/\/www.accu-mold.com\/wp-content\/uploads\/2022\/03\/accumold-vector-logo.svg","caption":"https:\/\/www.accu-mold.com\/careers\/current-openings\/"},"image":{"@id":"https:\/\/www.accu-mold.com\/#\/schema\/logo\/image\/"}}]}},"_links":{"self":[{"href":"https:\/\/www.accu-mold.com\/de\/wp-json\/wp\/v2\/pages\/5492","targetHints":{"allow":["GET"]}}],"collection":[{"href":"https:\/\/www.accu-mold.com\/de\/wp-json\/wp\/v2\/pages"}],"about":[{"href":"https:\/\/www.accu-mold.com\/de\/wp-json\/wp\/v2\/types\/page"}],"author":[{"embeddable":true,"href":"https:\/\/www.accu-mold.com\/de\/wp-json\/wp\/v2\/users\/5"}],"replies":[{"embeddable":true,"href":"https:\/\/www.accu-mold.com\/de\/wp-json\/wp\/v2\/comments?post=5492"}],"version-history":[{"count":8,"href":"https:\/\/www.accu-mold.com\/de\/wp-json\/wp\/v2\/pages\/5492\/revisions"}],"predecessor-version":[{"id":18014,"href":"https:\/\/www.accu-mold.com\/de\/wp-json\/wp\/v2\/pages\/5492\/revisions\/18014"}],"up":[{"embeddable":true,"href":"https:\/\/www.accu-mold.com\/de\/wp-json\/wp\/v2\/pages\/5484"}],"wp:attachment":[{"href":"https:\/\/www.accu-mold.com\/de\/wp-json\/wp\/v2\/media?parent=5492"}],"curies":[{"name":"wp","href":"https:\/\/api.w.org\/{rel}","templated":true}]}}