{"id":5490,"date":"2020-09-16T13:29:13","date_gmt":"2020-09-16T13:29:13","guid":{"rendered":"http:\/\/accumold51932.ewaycorphosting.com\/unsere-kompetenzen-fuer-mikro-spritzgussverfahren\/quality-service\/"},"modified":"2022-08-01T18:51:51","modified_gmt":"2022-08-01T18:51:51","slug":"qualitaet-und-service","status":"publish","type":"page","link":"https:\/\/www.accu-mold.com\/de\/unsere-kompetenzen-fuer-mikro-spritzgussverfahren\/qualitaet-und-service\/","title":{"rendered":"Qualit\u00e4t und Service"},"content":{"rendered":"\n<div class=\"wp-block-cover alignfull page-header has-custom-inner-width\" style=\"min-height:316px;--inner-container-width:1400px;aspect-ratio:unset;\"><span aria-hidden=\"true\" class=\"wp-block-cover__background has-primary-background-color has-background-dim-80 has-background-dim\"><\/span><img decoding=\"async\" class=\"wp-block-cover__image-background wp-image-16597\" alt=\"micro lens examples\" src=\"https:\/\/www.accu-mold.com\/wp-content\/uploads\/2021\/09\/micro-lenses-02.jpg\" data-object-fit=\"cover\"\/><div class=\"wp-block-cover__inner-container is-layout-flow wp-block-cover-is-layout-flow\">\n<h1 class=\"wp-block-heading\" style=\"font-size:64px\">Qualit\u00e4t und Service<\/h1>\n<\/div><\/div>\n\n\n\n<div style=\"height:60px\" aria-hidden=\"true\" class=\"wp-block-spacer\"><\/div>\n\n\n\n<p>Selbst der modernste Prozess, das weltweit modernste Training und die modernste Technologie sind eingeschr\u00e4nkt, wenn sie nicht durch erstklassige Qualit\u00e4tssicherungsprogramme und reibungslosen Service unterst\u00fctzt werden. Neben unseren kontinuierlichen Verbesserungen in Prozess und Technologie arbeiten wir st\u00e4ndig daran, unsere Qualit\u00e4tssicherung f\u00fcr Mikro-Spritzgussteile zu versch\u00e4rfen und unseren Kundenservice noch optimaler zu gestalten.<\/p>\n\n\n\n<p><a href=\"https:\/\/www.accu-mold.com\/wp-content\/uploads\/2020\/09\/quality-assurance.jpg\"><\/a><\/p>\n\n\n\n<div class=\"wp-block-columns is-layout-flex wp-container-core-columns-is-layout-9d6595d7 wp-block-columns-is-layout-flex\">\n<div class=\"wp-block-column is-vertically-aligned-center is-layout-flow wp-block-column-is-layout-flow\" style=\"flex-basis:33.33%\"><div class=\"wp-block-image\">\n<figure class=\"aligncenter\"><img decoding=\"async\" src=\"https:\/\/www.accu-mold.com\/wp-content\/uploads\/2020\/09\/quality-assurance-300x300.jpg\" alt=\"Quality assurance at accumold\" title=\"Quality assurance at accumold\"\/><\/figure>\n<\/div><\/div>\n\n\n\n<div class=\"wp-block-column is-vertically-aligned-center is-layout-flow wp-block-column-is-layout-flow\" style=\"flex-basis:66.66%\">\n<h2 class=\"wp-block-heading\">Qualit\u00e4tssicherung<\/h2>\n\n\n\n<p>Accumold bietet Ihnen einen hervorragenden und freundlichen Kundenservice, der betriebsintern gewachsen ist. Qualit\u00e4tssicherung ist bei der Herstellung von Mikro-Spritzgussteilen unbedingt erforderlich. Die F\u00e4higkeit, sicherzustellen, dass die Mikro-Spritzgussteile immer wieder exakt nach den Vorgaben produziert werden, unterstreicht unsere Kompetenzen.<\/p>\n<\/div>\n<\/div>\n\n\n\n<p>F\u00fcr Accumold beginnt die Qualit\u00e4tssicherung zu Beginn eines jeden Projektes. Wir f\u00fchren Herstellbarkeits\u00fcberpr\u00fcfungen durch, um sicherzustellen, dass das Projekt auf dem richtigen Weg beginnt. Anschlie\u00dfend untersuchen wir gr\u00fcndlich im fr\u00fchen Produktionsprozess die Produktionsqualit\u00e4t und den Verfahrensprozess und \u00fcberpr\u00fcfen unseren Plan zur Inspektion und Messung von Ergebnissen.<\/p>\n\n\n\n<p>Dann entwickeln wir Kontrollpl\u00e4ne, die kritische Merkmale, FMEA-Ergebnisse und andere Qualit\u00e4tsanforderungen \u00fcberpr\u00fcfen. Wir sind in der Lage, sowohl Hightech- als auch einfache Messungen durchzuf\u00fchren. Wenn erforderlich, verwenden wir Pr\u00e4zisionsmessstifte oder hochaufl\u00f6sende Inline-Vision-Systeme. Au\u00dferdem benutzen wir hochmultiplikatorische mikroskopische Messungen zur \u00dcberpr\u00fcfung unserer Werkzeuge und der Dimensionen der fertigen Mikro-Spritzgussteile.<\/p>\n\n\n\n<p>Eine ordnungsgem\u00e4\u00dfe Produkthandhabung ist auch eine notwendige Voraussetzung f\u00fcr die Qualit\u00e4tssicherung. Oberfl\u00e4chenverunreinigungen k\u00f6nnen eine St\u00f6rung \u2013 oder eine Katastrophe \u2013 f\u00fcr empfindliche Bestandteile sein. F\u00fcr solche Teile bietet Accumold Optionen zur Automatisierung- und Reinraumproduktion an.<\/p>\n\n\n\n<p>Die Betriebsanlagen von Accumold sind&nbsp;<a href=\"https:\/\/www.accu-mold.com\/wp-content\/uploads\/2020\/09\/Accumold-13485-Cert.pdf\" target=\"_blank\" rel=\"noreferrer noopener\">ISO 13485<\/a>,&nbsp;<a href=\"https:\/\/www.accu-mold.com\/wp-content\/uploads\/2021\/06\/accumold-9001-cert.pdf\" target=\"_blank\" rel=\"noreferrer noopener\">ISO 9001<\/a>&nbsp;und&nbsp;<a href=\"https:\/\/www.accu-mold.com\/wp-content\/uploads\/2021\/06\/accumold-14001-cert.pdf\" target=\"_blank\" rel=\"noreferrer noopener\">ISO 14001<\/a>&nbsp;zertifiziert.<\/p>\n\n\n\n<div style=\"height:100px\" aria-hidden=\"true\" class=\"wp-block-spacer\"><\/div>\n\n\n\n<div class=\"wp-block-columns is-layout-flex wp-container-core-columns-is-layout-9d6595d7 wp-block-columns-is-layout-flex\">\n<div class=\"wp-block-column is-layout-flow wp-block-column-is-layout-flow\" style=\"flex-basis:33.33%\"><div class=\"wp-block-image\">\n<figure class=\"aligncenter\"><img decoding=\"async\" src=\"https:\/\/www.accu-mold.com\/wp-content\/uploads\/2021\/11\/handshake.jpg\" alt=\"two people shaking hands\" title=\"handshake\"\/><\/figure>\n<\/div><\/div>\n\n\n\n<div class=\"wp-block-column is-layout-flow wp-block-column-is-layout-flow\" style=\"flex-basis:66.66%\">\n<h2 class=\"wp-block-heading\">Kundenzufriedenheit<\/h2>\n\n\n\n<p>Die Qualit\u00e4t der fertigen Komponenten sowie der Montage f\u00f6rdert die Kundenzufriedenheit. Accumold bem\u00fcht sich, mit Ihrer Zeit effizient umzugehen, Sie schnell auf den neusten Stand zu bringen und Ihr starker Partner zu werden.<\/p>\n\n\n\n<p>Accumold produziert seit mehr als drei Jahrzehnten Mikro-Spritzgussteile, um die Spezifikationen unserer Kunden und ihre Erwartungen zu erf\u00fcllen bzw. nach M\u00f6glichkeit sogar zu \u00fcbertreffen. Wir haben unser Unternehmen mit Mikro-Spritzguss begonnen und heute \u2013 nachdem wir Milliarden dieser Komponenten produziert haben \u2013 ist es weiterhin unsere Art zu denken, unsere Art zu handeln und unsere Lebensweise.<\/p>\n<\/div>\n<\/div>\n","protected":false},"excerpt":{"rendered":"<p>Selbst der modernste Prozess, das weltweit modernste Training und die modernste Technologie sind eingeschr\u00e4nkt, wenn sie nicht durch erstklassige Qualit\u00e4tssicherungsprogramme [&#8230;] <a class=\"more-link\" href=\"https:\/\/www.accu-mold.com\/de\/unsere-kompetenzen-fuer-mikro-spritzgussverfahren\/qualitaet-und-service\/\">Read More<span class=\"screen-reader-text\">about Qualit\u00e4t und Service<\/span><\/a><\/p>\n","protected":false},"author":5,"featured_media":0,"parent":5484,"menu_order":0,"comment_status":"closed","ping_status":"closed","template":"","meta":{"_acf_changed":false,"inline_featured_image":false,"_wd_proto_hide_page_title":false,"_wd_proto_page_body_class":"","_wd_proto_post_layout":"","footnotes":""},"class_list":["post-5490","page","type-page","status-publish","hentry"],"acf":[],"yoast_head":"<!-- This site is optimized with the Yoast SEO Premium plugin v27.3 (Yoast SEO v27.4) - https:\/\/yoast.com\/product\/yoast-seo-premium-wordpress\/ -->\n<title>Qualit\u00e4t und Service - Accu-Mold<\/title>\n<meta name=\"robots\" content=\"index, follow, max-snippet:-1, max-image-preview:large, max-video-preview:-1\" \/>\n<link rel=\"canonical\" href=\"https:\/\/www.accu-mold.com\/de\/unsere-kompetenzen-fuer-mikro-spritzgussverfahren\/qualitaet-und-service\/\" \/>\n<meta property=\"og:locale\" content=\"de_DE\" \/>\n<meta property=\"og:type\" content=\"article\" \/>\n<meta property=\"og:title\" content=\"Qualit\u00e4t und Service\" \/>\n<meta property=\"og:description\" content=\"Selbst der modernste Prozess, das weltweit modernste Training und die modernste Technologie sind eingeschr\u00e4nkt, wenn sie nicht durch erstklassige Qualit\u00e4tssicherungsprogramme [...] Read Moreabout Qualit\u00e4t und Service\" \/>\n<meta property=\"og:url\" content=\"https:\/\/www.accu-mold.com\/de\/unsere-kompetenzen-fuer-mikro-spritzgussverfahren\/qualitaet-und-service\/\" \/>\n<meta property=\"og:site_name\" content=\"Accu-Mold\" \/>\n<meta property=\"article:modified_time\" content=\"2022-08-01T18:51:51+00:00\" \/>\n<meta property=\"og:image\" content=\"https:\/\/www.accu-mold.com\/wp-content\/uploads\/2021\/09\/micro-lenses-02.jpg\" \/>\n<meta name=\"twitter:card\" content=\"summary_large_image\" \/>\n<meta name=\"twitter:label1\" content=\"Est. reading time\" \/>\n\t<meta name=\"twitter:data1\" content=\"2 minutes\" \/>\n<script type=\"application\/ld+json\" class=\"yoast-schema-graph\">{\"@context\":\"https:\\\/\\\/schema.org\",\"@graph\":[{\"@type\":\"WebPage\",\"@id\":\"https:\\\/\\\/www.accu-mold.com\\\/de\\\/unsere-kompetenzen-fuer-mikro-spritzgussverfahren\\\/qualitaet-und-service\\\/\",\"url\":\"https:\\\/\\\/www.accu-mold.com\\\/de\\\/unsere-kompetenzen-fuer-mikro-spritzgussverfahren\\\/qualitaet-und-service\\\/\",\"name\":\"Qualit\u00e4t und Service - Accu-Mold\",\"isPartOf\":{\"@id\":\"https:\\\/\\\/www.accu-mold.com\\\/#website\"},\"primaryImageOfPage\":{\"@id\":\"https:\\\/\\\/www.accu-mold.com\\\/de\\\/unsere-kompetenzen-fuer-mikro-spritzgussverfahren\\\/qualitaet-und-service\\\/#primaryimage\"},\"image\":{\"@id\":\"https:\\\/\\\/www.accu-mold.com\\\/de\\\/unsere-kompetenzen-fuer-mikro-spritzgussverfahren\\\/qualitaet-und-service\\\/#primaryimage\"},\"thumbnailUrl\":\"https:\\\/\\\/www.accu-mold.com\\\/wp-content\\\/uploads\\\/2021\\\/09\\\/micro-lenses-02.jpg\",\"datePublished\":\"2020-09-16T13:29:13+00:00\",\"dateModified\":\"2022-08-01T18:51:51+00:00\",\"breadcrumb\":{\"@id\":\"https:\\\/\\\/www.accu-mold.com\\\/de\\\/unsere-kompetenzen-fuer-mikro-spritzgussverfahren\\\/qualitaet-und-service\\\/#breadcrumb\"},\"inLanguage\":\"de-DE\",\"potentialAction\":[{\"@type\":\"ReadAction\",\"target\":[\"https:\\\/\\\/www.accu-mold.com\\\/de\\\/unsere-kompetenzen-fuer-mikro-spritzgussverfahren\\\/qualitaet-und-service\\\/\"]}]},{\"@type\":\"ImageObject\",\"inLanguage\":\"de-DE\",\"@id\":\"https:\\\/\\\/www.accu-mold.com\\\/de\\\/unsere-kompetenzen-fuer-mikro-spritzgussverfahren\\\/qualitaet-und-service\\\/#primaryimage\",\"url\":\"https:\\\/\\\/www.accu-mold.com\\\/wp-content\\\/uploads\\\/2021\\\/09\\\/micro-lenses-02.jpg\",\"contentUrl\":\"https:\\\/\\\/www.accu-mold.com\\\/wp-content\\\/uploads\\\/2021\\\/09\\\/micro-lenses-02.jpg\"},{\"@type\":\"BreadcrumbList\",\"@id\":\"https:\\\/\\\/www.accu-mold.com\\\/de\\\/unsere-kompetenzen-fuer-mikro-spritzgussverfahren\\\/qualitaet-und-service\\\/#breadcrumb\",\"itemListElement\":[{\"@type\":\"ListItem\",\"position\":1,\"name\":\"Exceptional capabilities backed by exceptional people\",\"item\":\"https:\\\/\\\/www.accu-mold.com\\\/de\\\/\"},{\"@type\":\"ListItem\",\"position\":2,\"name\":\"Unsere Kompetenzen\",\"item\":\"https:\\\/\\\/www.accu-mold.com\\\/de\\\/unsere-kompetenzen-fuer-mikro-spritzgussverfahren\\\/\"},{\"@type\":\"ListItem\",\"position\":3,\"name\":\"Qualit\u00e4t und Service\"}]},{\"@type\":\"WebSite\",\"@id\":\"https:\\\/\\\/www.accu-mold.com\\\/#website\",\"url\":\"https:\\\/\\\/www.accu-mold.com\\\/\",\"name\":\"Accu-Mold\",\"description\":\"Your Micro Mold\u00ae Tooling &amp; Production Partners\",\"publisher\":{\"@id\":\"https:\\\/\\\/www.accu-mold.com\\\/#organization\"},\"potentialAction\":[{\"@type\":\"SearchAction\",\"target\":{\"@type\":\"EntryPoint\",\"urlTemplate\":\"https:\\\/\\\/www.accu-mold.com\\\/?s={search_term_string}\"},\"query-input\":{\"@type\":\"PropertyValueSpecification\",\"valueRequired\":true,\"valueName\":\"search_term_string\"}}],\"inLanguage\":\"de-DE\"},{\"@type\":\"Organization\",\"@id\":\"https:\\\/\\\/www.accu-mold.com\\\/#organization\",\"name\":\"https:\\\/\\\/www.accu-mold.com\\\/careers\\\/current-openings\\\/\",\"url\":\"https:\\\/\\\/www.accu-mold.com\\\/\",\"logo\":{\"@type\":\"ImageObject\",\"inLanguage\":\"de-DE\",\"@id\":\"https:\\\/\\\/www.accu-mold.com\\\/#\\\/schema\\\/logo\\\/image\\\/\",\"url\":\"https:\\\/\\\/www.accu-mold.com\\\/wp-content\\\/uploads\\\/2022\\\/03\\\/accumold-vector-logo.svg\",\"contentUrl\":\"https:\\\/\\\/www.accu-mold.com\\\/wp-content\\\/uploads\\\/2022\\\/03\\\/accumold-vector-logo.svg\",\"caption\":\"https:\\\/\\\/www.accu-mold.com\\\/careers\\\/current-openings\\\/\"},\"image\":{\"@id\":\"https:\\\/\\\/www.accu-mold.com\\\/#\\\/schema\\\/logo\\\/image\\\/\"}}]}<\/script>\n<!-- \/ Yoast SEO Premium plugin. -->","yoast_head_json":{"title":"Qualit\u00e4t und Service - Accu-Mold","robots":{"index":"index","follow":"follow","max-snippet":"max-snippet:-1","max-image-preview":"max-image-preview:large","max-video-preview":"max-video-preview:-1"},"canonical":"https:\/\/www.accu-mold.com\/de\/unsere-kompetenzen-fuer-mikro-spritzgussverfahren\/qualitaet-und-service\/","og_locale":"de_DE","og_type":"article","og_title":"Qualit\u00e4t und Service","og_description":"Selbst der modernste Prozess, das weltweit modernste Training und die modernste Technologie sind eingeschr\u00e4nkt, wenn sie nicht durch erstklassige Qualit\u00e4tssicherungsprogramme [...] Read Moreabout Qualit\u00e4t und Service","og_url":"https:\/\/www.accu-mold.com\/de\/unsere-kompetenzen-fuer-mikro-spritzgussverfahren\/qualitaet-und-service\/","og_site_name":"Accu-Mold","article_modified_time":"2022-08-01T18:51:51+00:00","og_image":[{"url":"https:\/\/www.accu-mold.com\/wp-content\/uploads\/2021\/09\/micro-lenses-02.jpg","type":"","width":"","height":""}],"twitter_card":"summary_large_image","twitter_misc":{"Est. reading time":"2 minutes"},"schema":{"@context":"https:\/\/schema.org","@graph":[{"@type":"WebPage","@id":"https:\/\/www.accu-mold.com\/de\/unsere-kompetenzen-fuer-mikro-spritzgussverfahren\/qualitaet-und-service\/","url":"https:\/\/www.accu-mold.com\/de\/unsere-kompetenzen-fuer-mikro-spritzgussverfahren\/qualitaet-und-service\/","name":"Qualit\u00e4t und Service - Accu-Mold","isPartOf":{"@id":"https:\/\/www.accu-mold.com\/#website"},"primaryImageOfPage":{"@id":"https:\/\/www.accu-mold.com\/de\/unsere-kompetenzen-fuer-mikro-spritzgussverfahren\/qualitaet-und-service\/#primaryimage"},"image":{"@id":"https:\/\/www.accu-mold.com\/de\/unsere-kompetenzen-fuer-mikro-spritzgussverfahren\/qualitaet-und-service\/#primaryimage"},"thumbnailUrl":"https:\/\/www.accu-mold.com\/wp-content\/uploads\/2021\/09\/micro-lenses-02.jpg","datePublished":"2020-09-16T13:29:13+00:00","dateModified":"2022-08-01T18:51:51+00:00","breadcrumb":{"@id":"https:\/\/www.accu-mold.com\/de\/unsere-kompetenzen-fuer-mikro-spritzgussverfahren\/qualitaet-und-service\/#breadcrumb"},"inLanguage":"de-DE","potentialAction":[{"@type":"ReadAction","target":["https:\/\/www.accu-mold.com\/de\/unsere-kompetenzen-fuer-mikro-spritzgussverfahren\/qualitaet-und-service\/"]}]},{"@type":"ImageObject","inLanguage":"de-DE","@id":"https:\/\/www.accu-mold.com\/de\/unsere-kompetenzen-fuer-mikro-spritzgussverfahren\/qualitaet-und-service\/#primaryimage","url":"https:\/\/www.accu-mold.com\/wp-content\/uploads\/2021\/09\/micro-lenses-02.jpg","contentUrl":"https:\/\/www.accu-mold.com\/wp-content\/uploads\/2021\/09\/micro-lenses-02.jpg"},{"@type":"BreadcrumbList","@id":"https:\/\/www.accu-mold.com\/de\/unsere-kompetenzen-fuer-mikro-spritzgussverfahren\/qualitaet-und-service\/#breadcrumb","itemListElement":[{"@type":"ListItem","position":1,"name":"Exceptional capabilities backed by exceptional people","item":"https:\/\/www.accu-mold.com\/de\/"},{"@type":"ListItem","position":2,"name":"Unsere Kompetenzen","item":"https:\/\/www.accu-mold.com\/de\/unsere-kompetenzen-fuer-mikro-spritzgussverfahren\/"},{"@type":"ListItem","position":3,"name":"Qualit\u00e4t und Service"}]},{"@type":"WebSite","@id":"https:\/\/www.accu-mold.com\/#website","url":"https:\/\/www.accu-mold.com\/","name":"Accu-Mold","description":"Your Micro Mold\u00ae Tooling &amp; Production Partners","publisher":{"@id":"https:\/\/www.accu-mold.com\/#organization"},"potentialAction":[{"@type":"SearchAction","target":{"@type":"EntryPoint","urlTemplate":"https:\/\/www.accu-mold.com\/?s={search_term_string}"},"query-input":{"@type":"PropertyValueSpecification","valueRequired":true,"valueName":"search_term_string"}}],"inLanguage":"de-DE"},{"@type":"Organization","@id":"https:\/\/www.accu-mold.com\/#organization","name":"https:\/\/www.accu-mold.com\/careers\/current-openings\/","url":"https:\/\/www.accu-mold.com\/","logo":{"@type":"ImageObject","inLanguage":"de-DE","@id":"https:\/\/www.accu-mold.com\/#\/schema\/logo\/image\/","url":"https:\/\/www.accu-mold.com\/wp-content\/uploads\/2022\/03\/accumold-vector-logo.svg","contentUrl":"https:\/\/www.accu-mold.com\/wp-content\/uploads\/2022\/03\/accumold-vector-logo.svg","caption":"https:\/\/www.accu-mold.com\/careers\/current-openings\/"},"image":{"@id":"https:\/\/www.accu-mold.com\/#\/schema\/logo\/image\/"}}]}},"_links":{"self":[{"href":"https:\/\/www.accu-mold.com\/de\/wp-json\/wp\/v2\/pages\/5490","targetHints":{"allow":["GET"]}}],"collection":[{"href":"https:\/\/www.accu-mold.com\/de\/wp-json\/wp\/v2\/pages"}],"about":[{"href":"https:\/\/www.accu-mold.com\/de\/wp-json\/wp\/v2\/types\/page"}],"author":[{"embeddable":true,"href":"https:\/\/www.accu-mold.com\/de\/wp-json\/wp\/v2\/users\/5"}],"replies":[{"embeddable":true,"href":"https:\/\/www.accu-mold.com\/de\/wp-json\/wp\/v2\/comments?post=5490"}],"version-history":[{"count":11,"href":"https:\/\/www.accu-mold.com\/de\/wp-json\/wp\/v2\/pages\/5490\/revisions"}],"predecessor-version":[{"id":18019,"href":"https:\/\/www.accu-mold.com\/de\/wp-json\/wp\/v2\/pages\/5490\/revisions\/18019"}],"up":[{"embeddable":true,"href":"https:\/\/www.accu-mold.com\/de\/wp-json\/wp\/v2\/pages\/5484"}],"wp:attachment":[{"href":"https:\/\/www.accu-mold.com\/de\/wp-json\/wp\/v2\/media?parent=5490"}],"curies":[{"name":"wp","href":"https:\/\/api.w.org\/{rel}","templated":true}]}}