{"id":5488,"date":"2020-09-16T13:26:55","date_gmt":"2020-09-16T13:26:55","guid":{"rendered":"http:\/\/accumold51932.ewaycorphosting.com\/unsere-kompetenzen-fuer-mikro-spritzgussverfahren\/materialauswahl-thermoplastische-werkstoffe\/"},"modified":"2022-08-01T18:57:06","modified_gmt":"2022-08-01T18:57:06","slug":"materialauswahl","status":"publish","type":"page","link":"https:\/\/www.accu-mold.com\/de\/unsere-kompetenzen-fuer-mikro-spritzgussverfahren\/materialauswahl\/","title":{"rendered":"Materialauswahl \u2013 Thermoplastische Werkstoffe"},"content":{"rendered":"\n<div class=\"wp-block-cover alignfull page-header has-custom-inner-width\" style=\"min-height:316px;--inner-container-width:1400px;aspect-ratio:unset;\"><span aria-hidden=\"true\" class=\"wp-block-cover__background has-primary-background-color has-background-dim-80 has-background-dim\"><\/span><img decoding=\"async\" class=\"wp-block-cover__image-background wp-image-16597\" alt=\"micro lens examples\" src=\"https:\/\/www.accu-mold.com\/wp-content\/uploads\/2021\/09\/micro-lenses-02.jpg\" data-object-fit=\"cover\"\/><div class=\"wp-block-cover__inner-container is-layout-flow wp-block-cover-is-layout-flow\">\n<h1 class=\"wp-block-heading\" style=\"font-size:64px\">Materialauswahl \u2013 Thermoplastische Werkstoffe<\/h1>\n<\/div><\/div>\n\n\n\n<div style=\"height:100px\" aria-hidden=\"true\" class=\"wp-block-spacer\"><\/div>\n\n\n\n<div class=\"wp-block-columns alignwide is-layout-flex wp-container-core-columns-is-layout-9d6595d7 wp-block-columns-is-layout-flex\">\n<div class=\"wp-block-column is-vertically-aligned-center is-layout-flow wp-block-column-is-layout-flow\" style=\"flex-basis:66.66%\">\n<p>Die richtige Auswahl des Materials, der Kunststoffe und der thermoplastischen Werkstoffe ist entscheidend.<\/p>\n\n\n\n<p>Mikro-Spritzguss erfordert h\u00e4ufig exotische oder hochentwickelte Komponenten, sogenannte thermoplastische Kunststoffe. Accumold ist daran gew\u00f6hnt, mit Materialien wie PEEK, PEI (Ultem\u00ae), kohlenstoffgef\u00fclltem LCP oder mit Glas gef\u00fclltem Nylon zu arbeiten. Wir kennen uns ebenfalls mit weichen Durometern oder Elastomer-Kunststoffen aus. Unsere Erfahrung mit diesen Materialien f\u00fcr den Mikro-Spritzguss optimiert die Leistung zusammen mit den ausgew\u00e4hlten Kunststoffen und dem Entwurf des Mikro-Spritzgussteils.<\/p>\n\n\n\n<p>Unsere Erfahrung erm\u00f6glicht es uns auch, die richtige Materialauswahl zu treffen, um die gew\u00fcnschte Struktur f\u00fcr ein Mikro-Spritzgussteil zu erhalten.<\/p>\n\n\n\n<p>Beim Erweitern der Grenzen f\u00fcr Mikro-Spritzgussteile geht das Materialauswahlverfahren oft weit \u00fcber das Datenblatt hinaus. Zu wissen, welche Materialien in gegebenen Situationen funktionieren werden, ist ein gro\u00dfer Erfahrungsschatz unserer 30-j\u00e4hrigen Geschichte, in der wir Thermoplaste in Mikror\u00e4umen geformt haben.<\/p>\n\n\n\n<p><a href=\"https:\/\/www.accu-mold.com\/wp-content\/uploads\/2017\/05\/Accumold-Material-Selection-Study.pdf\">Laden Sie unser ausf\u00fchrliches Whitepaper herunter.<\/a><\/p>\n<\/div>\n\n\n\n<div class=\"wp-block-column is-layout-flow wp-block-column-is-layout-flow\" style=\"flex-basis:33.33%\">\n<figure class=\"wp-block-image\"><img decoding=\"async\" src=\"https:\/\/www.accu-mold.com\/wp-content\/uploads\/2020\/09\/capabilities6.jpg\" alt=\"micro mold material examples\"\/><figcaption>Different parts require a wide variation of micro mold material.<\/figcaption><\/figure>\n<\/div>\n<\/div>\n\n\n\n<div style=\"height:40px\" aria-hidden=\"true\" class=\"wp-block-spacer\"><\/div>\n","protected":false},"excerpt":{"rendered":"<p>Die richtige Auswahl des Materials, der Kunststoffe und der thermoplastischen Werkstoffe ist entscheidend. Mikro-Spritzguss erfordert h\u00e4ufig exotische oder hochentwickelte Komponenten, [&#8230;] <a class=\"more-link\" href=\"https:\/\/www.accu-mold.com\/de\/unsere-kompetenzen-fuer-mikro-spritzgussverfahren\/materialauswahl\/\">Read More<span class=\"screen-reader-text\">about Materialauswahl \u2013 Thermoplastische Werkstoffe<\/span><\/a><\/p>\n","protected":false},"author":5,"featured_media":0,"parent":5484,"menu_order":0,"comment_status":"closed","ping_status":"closed","template":"","meta":{"_acf_changed":false,"inline_featured_image":false,"_wd_proto_hide_page_title":false,"_wd_proto_page_body_class":"","_wd_proto_post_layout":"","footnotes":""},"class_list":["post-5488","page","type-page","status-publish","hentry"],"acf":[],"yoast_head":"<!-- This site is optimized with the Yoast SEO Premium plugin v27.5 (Yoast SEO v27.5) - https:\/\/yoast.com\/product\/yoast-seo-premium-wordpress\/ -->\n<title>Materialauswahl \u2013 Thermoplastische Werkstoffe - Accu-Mold<\/title>\n<meta name=\"robots\" content=\"index, follow, max-snippet:-1, max-image-preview:large, max-video-preview:-1\" \/>\n<link rel=\"canonical\" href=\"https:\/\/www.accu-mold.com\/de\/unsere-kompetenzen-fuer-mikro-spritzgussverfahren\/materialauswahl\/\" \/>\n<meta property=\"og:locale\" content=\"de_DE\" \/>\n<meta property=\"og:type\" content=\"article\" \/>\n<meta property=\"og:title\" content=\"Materialauswahl \u2013 Thermoplastische Werkstoffe\" \/>\n<meta property=\"og:description\" content=\"Die richtige Auswahl des Materials, der Kunststoffe und der thermoplastischen Werkstoffe ist entscheidend. Mikro-Spritzguss erfordert h\u00e4ufig exotische oder hochentwickelte Komponenten, [...] Read Moreabout Materialauswahl \u2013 Thermoplastische Werkstoffe\" \/>\n<meta property=\"og:url\" content=\"https:\/\/www.accu-mold.com\/de\/unsere-kompetenzen-fuer-mikro-spritzgussverfahren\/materialauswahl\/\" \/>\n<meta property=\"og:site_name\" content=\"Accu-Mold\" \/>\n<meta property=\"article:modified_time\" content=\"2022-08-01T18:57:06+00:00\" \/>\n<meta property=\"og:image\" content=\"https:\/\/www.accu-mold.com\/wp-content\/uploads\/2021\/09\/micro-lenses-02.jpg\" \/>\n<meta name=\"twitter:card\" content=\"summary_large_image\" \/>\n<meta name=\"twitter:label1\" content=\"Est. reading time\" \/>\n\t<meta name=\"twitter:data1\" content=\"1 minute\" \/>\n<script type=\"application\/ld+json\" class=\"yoast-schema-graph\">{\"@context\":\"https:\\\/\\\/schema.org\",\"@graph\":[{\"@type\":\"WebPage\",\"@id\":\"https:\\\/\\\/www.accu-mold.com\\\/de\\\/unsere-kompetenzen-fuer-mikro-spritzgussverfahren\\\/materialauswahl\\\/\",\"url\":\"https:\\\/\\\/www.accu-mold.com\\\/de\\\/unsere-kompetenzen-fuer-mikro-spritzgussverfahren\\\/materialauswahl\\\/\",\"name\":\"Materialauswahl \u2013 Thermoplastische Werkstoffe - Accu-Mold\",\"isPartOf\":{\"@id\":\"https:\\\/\\\/www.accu-mold.com\\\/#website\"},\"primaryImageOfPage\":{\"@id\":\"https:\\\/\\\/www.accu-mold.com\\\/de\\\/unsere-kompetenzen-fuer-mikro-spritzgussverfahren\\\/materialauswahl\\\/#primaryimage\"},\"image\":{\"@id\":\"https:\\\/\\\/www.accu-mold.com\\\/de\\\/unsere-kompetenzen-fuer-mikro-spritzgussverfahren\\\/materialauswahl\\\/#primaryimage\"},\"thumbnailUrl\":\"https:\\\/\\\/www.accu-mold.com\\\/wp-content\\\/uploads\\\/2021\\\/09\\\/micro-lenses-02.jpg\",\"datePublished\":\"2020-09-16T13:26:55+00:00\",\"dateModified\":\"2022-08-01T18:57:06+00:00\",\"breadcrumb\":{\"@id\":\"https:\\\/\\\/www.accu-mold.com\\\/de\\\/unsere-kompetenzen-fuer-mikro-spritzgussverfahren\\\/materialauswahl\\\/#breadcrumb\"},\"inLanguage\":\"de-DE\",\"potentialAction\":[{\"@type\":\"ReadAction\",\"target\":[\"https:\\\/\\\/www.accu-mold.com\\\/de\\\/unsere-kompetenzen-fuer-mikro-spritzgussverfahren\\\/materialauswahl\\\/\"]}]},{\"@type\":\"ImageObject\",\"inLanguage\":\"de-DE\",\"@id\":\"https:\\\/\\\/www.accu-mold.com\\\/de\\\/unsere-kompetenzen-fuer-mikro-spritzgussverfahren\\\/materialauswahl\\\/#primaryimage\",\"url\":\"https:\\\/\\\/www.accu-mold.com\\\/wp-content\\\/uploads\\\/2021\\\/09\\\/micro-lenses-02.jpg\",\"contentUrl\":\"https:\\\/\\\/www.accu-mold.com\\\/wp-content\\\/uploads\\\/2021\\\/09\\\/micro-lenses-02.jpg\"},{\"@type\":\"BreadcrumbList\",\"@id\":\"https:\\\/\\\/www.accu-mold.com\\\/de\\\/unsere-kompetenzen-fuer-mikro-spritzgussverfahren\\\/materialauswahl\\\/#breadcrumb\",\"itemListElement\":[{\"@type\":\"ListItem\",\"position\":1,\"name\":\"Exceptional capabilities backed by exceptional people\",\"item\":\"https:\\\/\\\/www.accu-mold.com\\\/de\\\/\"},{\"@type\":\"ListItem\",\"position\":2,\"name\":\"Unsere Kompetenzen\",\"item\":\"https:\\\/\\\/www.accu-mold.com\\\/de\\\/unsere-kompetenzen-fuer-mikro-spritzgussverfahren\\\/\"},{\"@type\":\"ListItem\",\"position\":3,\"name\":\"Materialauswahl \u2013 Thermoplastische Werkstoffe\"}]},{\"@type\":\"WebSite\",\"@id\":\"https:\\\/\\\/www.accu-mold.com\\\/#website\",\"url\":\"https:\\\/\\\/www.accu-mold.com\\\/\",\"name\":\"Accu-Mold\",\"description\":\"Your Micro Mold\u00ae Tooling &amp; Production Partners\",\"publisher\":{\"@id\":\"https:\\\/\\\/www.accu-mold.com\\\/#organization\"},\"potentialAction\":[{\"@type\":\"SearchAction\",\"target\":{\"@type\":\"EntryPoint\",\"urlTemplate\":\"https:\\\/\\\/www.accu-mold.com\\\/?s={search_term_string}\"},\"query-input\":{\"@type\":\"PropertyValueSpecification\",\"valueRequired\":true,\"valueName\":\"search_term_string\"}}],\"inLanguage\":\"de-DE\"},{\"@type\":\"Organization\",\"@id\":\"https:\\\/\\\/www.accu-mold.com\\\/#organization\",\"name\":\"https:\\\/\\\/www.accu-mold.com\\\/careers\\\/current-openings\\\/\",\"url\":\"https:\\\/\\\/www.accu-mold.com\\\/\",\"logo\":{\"@type\":\"ImageObject\",\"inLanguage\":\"de-DE\",\"@id\":\"https:\\\/\\\/www.accu-mold.com\\\/#\\\/schema\\\/logo\\\/image\\\/\",\"url\":\"https:\\\/\\\/www.accu-mold.com\\\/wp-content\\\/uploads\\\/2022\\\/03\\\/accumold-vector-logo.svg\",\"contentUrl\":\"https:\\\/\\\/www.accu-mold.com\\\/wp-content\\\/uploads\\\/2022\\\/03\\\/accumold-vector-logo.svg\",\"caption\":\"https:\\\/\\\/www.accu-mold.com\\\/careers\\\/current-openings\\\/\"},\"image\":{\"@id\":\"https:\\\/\\\/www.accu-mold.com\\\/#\\\/schema\\\/logo\\\/image\\\/\"}}]}<\/script>\n<!-- \/ Yoast SEO Premium plugin. -->","yoast_head_json":{"title":"Materialauswahl \u2013 Thermoplastische Werkstoffe - Accu-Mold","robots":{"index":"index","follow":"follow","max-snippet":"max-snippet:-1","max-image-preview":"max-image-preview:large","max-video-preview":"max-video-preview:-1"},"canonical":"https:\/\/www.accu-mold.com\/de\/unsere-kompetenzen-fuer-mikro-spritzgussverfahren\/materialauswahl\/","og_locale":"de_DE","og_type":"article","og_title":"Materialauswahl \u2013 Thermoplastische Werkstoffe","og_description":"Die richtige Auswahl des Materials, der Kunststoffe und der thermoplastischen Werkstoffe ist entscheidend. Mikro-Spritzguss erfordert h\u00e4ufig exotische oder hochentwickelte Komponenten, [...] Read Moreabout Materialauswahl \u2013 Thermoplastische Werkstoffe","og_url":"https:\/\/www.accu-mold.com\/de\/unsere-kompetenzen-fuer-mikro-spritzgussverfahren\/materialauswahl\/","og_site_name":"Accu-Mold","article_modified_time":"2022-08-01T18:57:06+00:00","og_image":[{"url":"https:\/\/www.accu-mold.com\/wp-content\/uploads\/2021\/09\/micro-lenses-02.jpg","type":"","width":"","height":""}],"twitter_card":"summary_large_image","twitter_misc":{"Est. reading time":"1 minute"},"schema":{"@context":"https:\/\/schema.org","@graph":[{"@type":"WebPage","@id":"https:\/\/www.accu-mold.com\/de\/unsere-kompetenzen-fuer-mikro-spritzgussverfahren\/materialauswahl\/","url":"https:\/\/www.accu-mold.com\/de\/unsere-kompetenzen-fuer-mikro-spritzgussverfahren\/materialauswahl\/","name":"Materialauswahl \u2013 Thermoplastische Werkstoffe - Accu-Mold","isPartOf":{"@id":"https:\/\/www.accu-mold.com\/#website"},"primaryImageOfPage":{"@id":"https:\/\/www.accu-mold.com\/de\/unsere-kompetenzen-fuer-mikro-spritzgussverfahren\/materialauswahl\/#primaryimage"},"image":{"@id":"https:\/\/www.accu-mold.com\/de\/unsere-kompetenzen-fuer-mikro-spritzgussverfahren\/materialauswahl\/#primaryimage"},"thumbnailUrl":"https:\/\/www.accu-mold.com\/wp-content\/uploads\/2021\/09\/micro-lenses-02.jpg","datePublished":"2020-09-16T13:26:55+00:00","dateModified":"2022-08-01T18:57:06+00:00","breadcrumb":{"@id":"https:\/\/www.accu-mold.com\/de\/unsere-kompetenzen-fuer-mikro-spritzgussverfahren\/materialauswahl\/#breadcrumb"},"inLanguage":"de-DE","potentialAction":[{"@type":"ReadAction","target":["https:\/\/www.accu-mold.com\/de\/unsere-kompetenzen-fuer-mikro-spritzgussverfahren\/materialauswahl\/"]}]},{"@type":"ImageObject","inLanguage":"de-DE","@id":"https:\/\/www.accu-mold.com\/de\/unsere-kompetenzen-fuer-mikro-spritzgussverfahren\/materialauswahl\/#primaryimage","url":"https:\/\/www.accu-mold.com\/wp-content\/uploads\/2021\/09\/micro-lenses-02.jpg","contentUrl":"https:\/\/www.accu-mold.com\/wp-content\/uploads\/2021\/09\/micro-lenses-02.jpg"},{"@type":"BreadcrumbList","@id":"https:\/\/www.accu-mold.com\/de\/unsere-kompetenzen-fuer-mikro-spritzgussverfahren\/materialauswahl\/#breadcrumb","itemListElement":[{"@type":"ListItem","position":1,"name":"Exceptional capabilities backed by exceptional people","item":"https:\/\/www.accu-mold.com\/de\/"},{"@type":"ListItem","position":2,"name":"Unsere Kompetenzen","item":"https:\/\/www.accu-mold.com\/de\/unsere-kompetenzen-fuer-mikro-spritzgussverfahren\/"},{"@type":"ListItem","position":3,"name":"Materialauswahl \u2013 Thermoplastische Werkstoffe"}]},{"@type":"WebSite","@id":"https:\/\/www.accu-mold.com\/#website","url":"https:\/\/www.accu-mold.com\/","name":"Accu-Mold","description":"Your Micro Mold\u00ae Tooling &amp; Production Partners","publisher":{"@id":"https:\/\/www.accu-mold.com\/#organization"},"potentialAction":[{"@type":"SearchAction","target":{"@type":"EntryPoint","urlTemplate":"https:\/\/www.accu-mold.com\/?s={search_term_string}"},"query-input":{"@type":"PropertyValueSpecification","valueRequired":true,"valueName":"search_term_string"}}],"inLanguage":"de-DE"},{"@type":"Organization","@id":"https:\/\/www.accu-mold.com\/#organization","name":"https:\/\/www.accu-mold.com\/careers\/current-openings\/","url":"https:\/\/www.accu-mold.com\/","logo":{"@type":"ImageObject","inLanguage":"de-DE","@id":"https:\/\/www.accu-mold.com\/#\/schema\/logo\/image\/","url":"https:\/\/www.accu-mold.com\/wp-content\/uploads\/2022\/03\/accumold-vector-logo.svg","contentUrl":"https:\/\/www.accu-mold.com\/wp-content\/uploads\/2022\/03\/accumold-vector-logo.svg","caption":"https:\/\/www.accu-mold.com\/careers\/current-openings\/"},"image":{"@id":"https:\/\/www.accu-mold.com\/#\/schema\/logo\/image\/"}}]}},"_links":{"self":[{"href":"https:\/\/www.accu-mold.com\/de\/wp-json\/wp\/v2\/pages\/5488","targetHints":{"allow":["GET"]}}],"collection":[{"href":"https:\/\/www.accu-mold.com\/de\/wp-json\/wp\/v2\/pages"}],"about":[{"href":"https:\/\/www.accu-mold.com\/de\/wp-json\/wp\/v2\/types\/page"}],"author":[{"embeddable":true,"href":"https:\/\/www.accu-mold.com\/de\/wp-json\/wp\/v2\/users\/5"}],"replies":[{"embeddable":true,"href":"https:\/\/www.accu-mold.com\/de\/wp-json\/wp\/v2\/comments?post=5488"}],"version-history":[{"count":8,"href":"https:\/\/www.accu-mold.com\/de\/wp-json\/wp\/v2\/pages\/5488\/revisions"}],"predecessor-version":[{"id":18022,"href":"https:\/\/www.accu-mold.com\/de\/wp-json\/wp\/v2\/pages\/5488\/revisions\/18022"}],"up":[{"embeddable":true,"href":"https:\/\/www.accu-mold.com\/de\/wp-json\/wp\/v2\/pages\/5484"}],"wp:attachment":[{"href":"https:\/\/www.accu-mold.com\/de\/wp-json\/wp\/v2\/media?parent=5488"}],"curies":[{"name":"wp","href":"https:\/\/api.w.org\/{rel}","templated":true}]}}