{"id":5486,"date":"2020-09-16T13:16:41","date_gmt":"2020-09-16T13:16:41","guid":{"rendered":"http:\/\/accumold51932.ewaycorphosting.com\/unsere-kompetenzen-fuer-mikro-spritzgussverfahren\/betriebsinterne\/"},"modified":"2022-08-01T19:01:21","modified_gmt":"2022-08-01T19:01:21","slug":"betriebsinterne","status":"publish","type":"page","link":"https:\/\/www.accu-mold.com\/de\/unsere-kompetenzen-fuer-mikro-spritzgussverfahren\/betriebsinterne\/","title":{"rendered":"Betriebsinterne"},"content":{"rendered":"\n<div class=\"wp-block-cover alignfull page-header has-custom-inner-width\" style=\"min-height:316px;--inner-container-width:1400px;aspect-ratio:unset;\"><span aria-hidden=\"true\" class=\"wp-block-cover__background has-primary-background-color has-background-dim-80 has-background-dim\"><\/span><img decoding=\"async\" class=\"wp-block-cover__image-background wp-image-16597\" alt=\"micro lens examples\" src=\"https:\/\/www.accu-mold.com\/wp-content\/uploads\/2021\/09\/micro-lenses-02.jpg\" data-object-fit=\"cover\"\/><div class=\"wp-block-cover__inner-container is-layout-flow wp-block-cover-is-layout-flow\">\n<h1 class=\"wp-block-heading\" style=\"font-size:64px\">Betriebsinterne<\/h1>\n<\/div><\/div>\n\n\n\n<div style=\"height:80px\" aria-hidden=\"true\" class=\"wp-block-spacer\"><\/div>\n\n\n\n<p>Um den wachsenden Kundennachfragen gerecht zu werden, bietet Accumold betriebsinterne Kapazit\u00e4ten wie Werkzeugherstellung, modernste Automatisierung, Produktion und effiziente Verpackung an.<\/p>\n\n\n\n<div style=\"height:40px\" aria-hidden=\"true\" class=\"wp-block-spacer\"><\/div>\n\n\n\n<div class=\"wp-block-group alignwide\"><div class=\"wp-block-group__inner-container is-layout-flow wp-block-group-is-layout-flow\">\n<div class=\"wp-block-columns are-vertically-aligned-center is-layout-flex wp-container-core-columns-is-layout-9d6595d7 wp-block-columns-is-layout-flex\">\n<div class=\"wp-block-column is-vertically-aligned-center is-layout-flow wp-block-column-is-layout-flow\" style=\"flex-basis:33.33%\"><div class=\"wp-block-image\">\n<figure class=\"aligncenter\"><img decoding=\"async\" src=\"https:\/\/www.accu-mold.com\/wp-content\/uploads\/2020\/09\/in-house-mold-build.jpg\" alt=\"in-house-mold-build\" title=\"in-house-mold-build\"\/><\/figure>\n<\/div><\/div>\n\n\n\n<div class=\"wp-block-column is-vertically-aligned-center is-layout-flow wp-block-column-is-layout-flow\" style=\"flex-basis:66.66%\">\n<h2 class=\"wp-block-heading\">Betriebsinterne Werkzeuge<\/h2>\n\n\n\n<p>Die Kontrolle der Gussformgestaltung und des Herstellungsprozesses ist f\u00fcr den Erfolg eines jeden Mikro-Spritzgussteilprojekts entscheidend. Accumold verf\u00fcgt \u00fcber betriebsinternes Personal, das f\u00fcr den Entwurf, den Bau und die Wartung des Werkzeuges zust\u00e4ndig ist und rund um die Uhr arbeitet. Diese internen Ressourcen spielen auch bei der Prozessvalidierung, Produkt\u00e4nderungen und laufenden vorbeugenden Wartungsprogrammen eine entscheidende Rolle.<\/p>\n\n\n\n<p>Die Wahrscheinlichkeit f\u00fcr erfolgreiche Ergebnisse steigt erheblich an, wenn die Verantwortung f\u00fcr Projekt- und Produktionsplanung, Zeitplan und Umsetzung in einer Hand liegt.<\/p>\n<\/div>\n<\/div>\n<\/div><\/div>\n\n\n\n<div style=\"height:40px\" aria-hidden=\"true\" class=\"wp-block-spacer\"><\/div>\n\n\n\n<div class=\"wp-block-group alignwide\"><div class=\"wp-block-group__inner-container is-layout-flow wp-block-group-is-layout-flow\">\n<div class=\"wp-block-columns are-vertically-aligned-center is-layout-flex wp-container-core-columns-is-layout-9d6595d7 wp-block-columns-is-layout-flex\">\n<div class=\"wp-block-column is-vertically-aligned-center is-layout-flow wp-block-column-is-layout-flow\" style=\"flex-basis:33.33%\"><div class=\"wp-block-image\">\n<figure class=\"aligncenter is-resized\"><img decoding=\"async\" src=\"https:\/\/www.accu-mold.com\/wp-content\/uploads\/2020\/09\/IsenPhoto_303-300x200-1.jpg\" alt=\"Woman working in a clean room\" height=\"300\" title=\"IsenPhoto_303-300x200\"\/><\/figure>\n<\/div><\/div>\n\n\n\n<div class=\"wp-block-column is-vertically-aligned-center is-layout-flow wp-block-column-is-layout-flow\" style=\"flex-basis:66.66%\">\n<h2 class=\"wp-block-heading\">Betriebsinterne Produktion<\/h2>\n\n\n\n<p>Zusammen mit Accumolds betriebsinterner Werkzeugherstellung ist unsere erstklassige Betriebsanlage zur Produktion entworfen worden. Accumold verf\u00fcgt \u00fcber mehr als 175 Spritzgussformen f\u00fcr die Produktion von Kleinst- und Mikrospritzgussteilen. Unser Betrieb l\u00e4uft rund um die Uhr \u2013 t\u00e4glich 24 Stunden an 7 Tagen in der Woche. Mit unseren Produktionsanlagen sind wir in der Lage, die Anforderungen unserer Kunden vom Prototypen bis zur Produktion von Millionen Teilen im Monat zu erf\u00fcllen.<\/p>\n\n\n\n<p>Das Team von Accumold arbeitet eng mit unseren Werkzeugbau- und Wartungsteams zusammen, um qualitativ hochwertige Teile bedruckt und termingerecht zu produzieren.<\/p>\n<\/div>\n<\/div>\n<\/div><\/div>\n\n\n\n<div style=\"height:40px\" aria-hidden=\"true\" class=\"wp-block-spacer\"><\/div>\n\n\n\n<div class=\"wp-block-group alignwide\"><div class=\"wp-block-group__inner-container is-layout-flow wp-block-group-is-layout-flow\">\n<div class=\"wp-block-columns are-vertically-aligned-center is-layout-flex wp-container-core-columns-is-layout-9d6595d7 wp-block-columns-is-layout-flex\">\n<div class=\"wp-block-column is-vertically-aligned-center is-layout-flow wp-block-column-is-layout-flow\" style=\"flex-basis:33.33%\"><div class=\"wp-block-image\">\n<figure class=\"aligncenter\"><img decoding=\"async\" src=\"https:\/\/www.accu-mold.com\/wp-content\/uploads\/2020\/09\/custom-automation-packaging.jpg\" alt=\"custom-automation-packaging\" title=\"custom-automation-packaging\"\/><\/figure>\n<\/div><\/div>\n\n\n\n<div class=\"wp-block-column is-vertically-aligned-center is-layout-flow wp-block-column-is-layout-flow\" style=\"flex-basis:66.66%\">\n<h2 class=\"wp-block-heading\">Automation &amp; Packaging<\/h2>\n\n\n\n<p>Die Handhabung und die Verpackung der Teile sind genauso wichtig wie die Herstellung. Accumold bietet interne kundenspezifische Automatisierung und Verpackung einschlie\u00dflich Bandanlagen f\u00fcr Verpackungen, einfache Montage, Stanzen von Lead-Frame-Stanzformung und \u2013trennung, In-Line-Inspektion sowie eine Vielzahl anderer kundenspezifischer sekund\u00e4rer Prozesse.<\/p>\n\n\n\n<p>Accumold automatisiert den Prozess und stellt die Komponenten innerhalb der Verpackung sorgf\u00e4ltig auf. Dies sch\u00fctzt nicht nur die Teile im Versand, sondern macht sie auf der Fertigungslinie des Kunden leicht zug\u00e4nglich. Diese Aufmerksamkeit f\u00fcr das Detail ist eine wichtige Erg\u00e4nzung unseres Mikrospritzgussverfahrens \u2013 und manchmal liegt darin der Unterschied zwischen dem Erfolg und dem Scheitern eines Projektes.<\/p>\n<\/div>\n<\/div>\n<\/div><\/div>\n","protected":false},"excerpt":{"rendered":"<p>Um den wachsenden Kundennachfragen gerecht zu werden, bietet Accumold betriebsinterne Kapazit\u00e4ten wie Werkzeugherstellung, modernste Automatisierung, Produktion und effiziente Verpackung an. [&#8230;] <a class=\"more-link\" href=\"https:\/\/www.accu-mold.com\/de\/unsere-kompetenzen-fuer-mikro-spritzgussverfahren\/betriebsinterne\/\">Read More<span class=\"screen-reader-text\">about Betriebsinterne<\/span><\/a><\/p>\n","protected":false},"author":5,"featured_media":0,"parent":5484,"menu_order":0,"comment_status":"closed","ping_status":"closed","template":"","meta":{"_acf_changed":false,"inline_featured_image":false,"_wd_proto_hide_page_title":false,"_wd_proto_page_body_class":"","_wd_proto_post_layout":"","footnotes":""},"class_list":["post-5486","page","type-page","status-publish","hentry"],"acf":[],"yoast_head":"<!-- This site is optimized with the Yoast SEO Premium plugin v27.3 (Yoast SEO v27.4) - https:\/\/yoast.com\/product\/yoast-seo-premium-wordpress\/ -->\n<title>Betriebsinterne - Accu-Mold<\/title>\n<meta name=\"robots\" content=\"index, follow, max-snippet:-1, max-image-preview:large, max-video-preview:-1\" \/>\n<link rel=\"canonical\" href=\"https:\/\/www.accu-mold.com\/de\/unsere-kompetenzen-fuer-mikro-spritzgussverfahren\/betriebsinterne\/\" \/>\n<meta property=\"og:locale\" content=\"de_DE\" \/>\n<meta property=\"og:type\" content=\"article\" \/>\n<meta property=\"og:title\" content=\"Betriebsinterne\" \/>\n<meta property=\"og:description\" content=\"Um den wachsenden Kundennachfragen gerecht zu werden, bietet Accumold betriebsinterne Kapazit\u00e4ten wie Werkzeugherstellung, modernste Automatisierung, Produktion und effiziente Verpackung an. [...] Read Moreabout Betriebsinterne\" \/>\n<meta property=\"og:url\" content=\"https:\/\/www.accu-mold.com\/de\/unsere-kompetenzen-fuer-mikro-spritzgussverfahren\/betriebsinterne\/\" \/>\n<meta property=\"og:site_name\" content=\"Accu-Mold\" \/>\n<meta property=\"article:modified_time\" content=\"2022-08-01T19:01:21+00:00\" \/>\n<meta property=\"og:image\" content=\"https:\/\/www.accu-mold.com\/wp-content\/uploads\/2021\/09\/micro-lenses-02.jpg\" \/>\n<meta name=\"twitter:card\" content=\"summary_large_image\" \/>\n<meta name=\"twitter:label1\" content=\"Est. reading time\" \/>\n\t<meta name=\"twitter:data1\" content=\"2 minutes\" \/>\n<script type=\"application\/ld+json\" class=\"yoast-schema-graph\">{\"@context\":\"https:\\\/\\\/schema.org\",\"@graph\":[{\"@type\":\"WebPage\",\"@id\":\"https:\\\/\\\/www.accu-mold.com\\\/de\\\/unsere-kompetenzen-fuer-mikro-spritzgussverfahren\\\/betriebsinterne\\\/\",\"url\":\"https:\\\/\\\/www.accu-mold.com\\\/de\\\/unsere-kompetenzen-fuer-mikro-spritzgussverfahren\\\/betriebsinterne\\\/\",\"name\":\"Betriebsinterne - Accu-Mold\",\"isPartOf\":{\"@id\":\"https:\\\/\\\/www.accu-mold.com\\\/#website\"},\"primaryImageOfPage\":{\"@id\":\"https:\\\/\\\/www.accu-mold.com\\\/de\\\/unsere-kompetenzen-fuer-mikro-spritzgussverfahren\\\/betriebsinterne\\\/#primaryimage\"},\"image\":{\"@id\":\"https:\\\/\\\/www.accu-mold.com\\\/de\\\/unsere-kompetenzen-fuer-mikro-spritzgussverfahren\\\/betriebsinterne\\\/#primaryimage\"},\"thumbnailUrl\":\"https:\\\/\\\/www.accu-mold.com\\\/wp-content\\\/uploads\\\/2021\\\/09\\\/micro-lenses-02.jpg\",\"datePublished\":\"2020-09-16T13:16:41+00:00\",\"dateModified\":\"2022-08-01T19:01:21+00:00\",\"breadcrumb\":{\"@id\":\"https:\\\/\\\/www.accu-mold.com\\\/de\\\/unsere-kompetenzen-fuer-mikro-spritzgussverfahren\\\/betriebsinterne\\\/#breadcrumb\"},\"inLanguage\":\"de-DE\",\"potentialAction\":[{\"@type\":\"ReadAction\",\"target\":[\"https:\\\/\\\/www.accu-mold.com\\\/de\\\/unsere-kompetenzen-fuer-mikro-spritzgussverfahren\\\/betriebsinterne\\\/\"]}]},{\"@type\":\"ImageObject\",\"inLanguage\":\"de-DE\",\"@id\":\"https:\\\/\\\/www.accu-mold.com\\\/de\\\/unsere-kompetenzen-fuer-mikro-spritzgussverfahren\\\/betriebsinterne\\\/#primaryimage\",\"url\":\"https:\\\/\\\/www.accu-mold.com\\\/wp-content\\\/uploads\\\/2021\\\/09\\\/micro-lenses-02.jpg\",\"contentUrl\":\"https:\\\/\\\/www.accu-mold.com\\\/wp-content\\\/uploads\\\/2021\\\/09\\\/micro-lenses-02.jpg\"},{\"@type\":\"BreadcrumbList\",\"@id\":\"https:\\\/\\\/www.accu-mold.com\\\/de\\\/unsere-kompetenzen-fuer-mikro-spritzgussverfahren\\\/betriebsinterne\\\/#breadcrumb\",\"itemListElement\":[{\"@type\":\"ListItem\",\"position\":1,\"name\":\"Exceptional capabilities backed by exceptional people\",\"item\":\"https:\\\/\\\/www.accu-mold.com\\\/de\\\/\"},{\"@type\":\"ListItem\",\"position\":2,\"name\":\"Unsere Kompetenzen\",\"item\":\"https:\\\/\\\/www.accu-mold.com\\\/de\\\/unsere-kompetenzen-fuer-mikro-spritzgussverfahren\\\/\"},{\"@type\":\"ListItem\",\"position\":3,\"name\":\"Betriebsinterne\"}]},{\"@type\":\"WebSite\",\"@id\":\"https:\\\/\\\/www.accu-mold.com\\\/#website\",\"url\":\"https:\\\/\\\/www.accu-mold.com\\\/\",\"name\":\"Accu-Mold\",\"description\":\"Your Micro Mold\u00ae Tooling &amp; Production Partners\",\"publisher\":{\"@id\":\"https:\\\/\\\/www.accu-mold.com\\\/#organization\"},\"potentialAction\":[{\"@type\":\"SearchAction\",\"target\":{\"@type\":\"EntryPoint\",\"urlTemplate\":\"https:\\\/\\\/www.accu-mold.com\\\/?s={search_term_string}\"},\"query-input\":{\"@type\":\"PropertyValueSpecification\",\"valueRequired\":true,\"valueName\":\"search_term_string\"}}],\"inLanguage\":\"de-DE\"},{\"@type\":\"Organization\",\"@id\":\"https:\\\/\\\/www.accu-mold.com\\\/#organization\",\"name\":\"https:\\\/\\\/www.accu-mold.com\\\/careers\\\/current-openings\\\/\",\"url\":\"https:\\\/\\\/www.accu-mold.com\\\/\",\"logo\":{\"@type\":\"ImageObject\",\"inLanguage\":\"de-DE\",\"@id\":\"https:\\\/\\\/www.accu-mold.com\\\/#\\\/schema\\\/logo\\\/image\\\/\",\"url\":\"https:\\\/\\\/www.accu-mold.com\\\/wp-content\\\/uploads\\\/2022\\\/03\\\/accumold-vector-logo.svg\",\"contentUrl\":\"https:\\\/\\\/www.accu-mold.com\\\/wp-content\\\/uploads\\\/2022\\\/03\\\/accumold-vector-logo.svg\",\"caption\":\"https:\\\/\\\/www.accu-mold.com\\\/careers\\\/current-openings\\\/\"},\"image\":{\"@id\":\"https:\\\/\\\/www.accu-mold.com\\\/#\\\/schema\\\/logo\\\/image\\\/\"}}]}<\/script>\n<!-- \/ Yoast SEO Premium plugin. -->","yoast_head_json":{"title":"Betriebsinterne - Accu-Mold","robots":{"index":"index","follow":"follow","max-snippet":"max-snippet:-1","max-image-preview":"max-image-preview:large","max-video-preview":"max-video-preview:-1"},"canonical":"https:\/\/www.accu-mold.com\/de\/unsere-kompetenzen-fuer-mikro-spritzgussverfahren\/betriebsinterne\/","og_locale":"de_DE","og_type":"article","og_title":"Betriebsinterne","og_description":"Um den wachsenden Kundennachfragen gerecht zu werden, bietet Accumold betriebsinterne Kapazit\u00e4ten wie Werkzeugherstellung, modernste Automatisierung, Produktion und effiziente Verpackung an. [...] Read Moreabout Betriebsinterne","og_url":"https:\/\/www.accu-mold.com\/de\/unsere-kompetenzen-fuer-mikro-spritzgussverfahren\/betriebsinterne\/","og_site_name":"Accu-Mold","article_modified_time":"2022-08-01T19:01:21+00:00","og_image":[{"url":"https:\/\/www.accu-mold.com\/wp-content\/uploads\/2021\/09\/micro-lenses-02.jpg","type":"","width":"","height":""}],"twitter_card":"summary_large_image","twitter_misc":{"Est. reading time":"2 minutes"},"schema":{"@context":"https:\/\/schema.org","@graph":[{"@type":"WebPage","@id":"https:\/\/www.accu-mold.com\/de\/unsere-kompetenzen-fuer-mikro-spritzgussverfahren\/betriebsinterne\/","url":"https:\/\/www.accu-mold.com\/de\/unsere-kompetenzen-fuer-mikro-spritzgussverfahren\/betriebsinterne\/","name":"Betriebsinterne - Accu-Mold","isPartOf":{"@id":"https:\/\/www.accu-mold.com\/#website"},"primaryImageOfPage":{"@id":"https:\/\/www.accu-mold.com\/de\/unsere-kompetenzen-fuer-mikro-spritzgussverfahren\/betriebsinterne\/#primaryimage"},"image":{"@id":"https:\/\/www.accu-mold.com\/de\/unsere-kompetenzen-fuer-mikro-spritzgussverfahren\/betriebsinterne\/#primaryimage"},"thumbnailUrl":"https:\/\/www.accu-mold.com\/wp-content\/uploads\/2021\/09\/micro-lenses-02.jpg","datePublished":"2020-09-16T13:16:41+00:00","dateModified":"2022-08-01T19:01:21+00:00","breadcrumb":{"@id":"https:\/\/www.accu-mold.com\/de\/unsere-kompetenzen-fuer-mikro-spritzgussverfahren\/betriebsinterne\/#breadcrumb"},"inLanguage":"de-DE","potentialAction":[{"@type":"ReadAction","target":["https:\/\/www.accu-mold.com\/de\/unsere-kompetenzen-fuer-mikro-spritzgussverfahren\/betriebsinterne\/"]}]},{"@type":"ImageObject","inLanguage":"de-DE","@id":"https:\/\/www.accu-mold.com\/de\/unsere-kompetenzen-fuer-mikro-spritzgussverfahren\/betriebsinterne\/#primaryimage","url":"https:\/\/www.accu-mold.com\/wp-content\/uploads\/2021\/09\/micro-lenses-02.jpg","contentUrl":"https:\/\/www.accu-mold.com\/wp-content\/uploads\/2021\/09\/micro-lenses-02.jpg"},{"@type":"BreadcrumbList","@id":"https:\/\/www.accu-mold.com\/de\/unsere-kompetenzen-fuer-mikro-spritzgussverfahren\/betriebsinterne\/#breadcrumb","itemListElement":[{"@type":"ListItem","position":1,"name":"Exceptional capabilities backed by exceptional people","item":"https:\/\/www.accu-mold.com\/de\/"},{"@type":"ListItem","position":2,"name":"Unsere Kompetenzen","item":"https:\/\/www.accu-mold.com\/de\/unsere-kompetenzen-fuer-mikro-spritzgussverfahren\/"},{"@type":"ListItem","position":3,"name":"Betriebsinterne"}]},{"@type":"WebSite","@id":"https:\/\/www.accu-mold.com\/#website","url":"https:\/\/www.accu-mold.com\/","name":"Accu-Mold","description":"Your Micro Mold\u00ae Tooling &amp; Production Partners","publisher":{"@id":"https:\/\/www.accu-mold.com\/#organization"},"potentialAction":[{"@type":"SearchAction","target":{"@type":"EntryPoint","urlTemplate":"https:\/\/www.accu-mold.com\/?s={search_term_string}"},"query-input":{"@type":"PropertyValueSpecification","valueRequired":true,"valueName":"search_term_string"}}],"inLanguage":"de-DE"},{"@type":"Organization","@id":"https:\/\/www.accu-mold.com\/#organization","name":"https:\/\/www.accu-mold.com\/careers\/current-openings\/","url":"https:\/\/www.accu-mold.com\/","logo":{"@type":"ImageObject","inLanguage":"de-DE","@id":"https:\/\/www.accu-mold.com\/#\/schema\/logo\/image\/","url":"https:\/\/www.accu-mold.com\/wp-content\/uploads\/2022\/03\/accumold-vector-logo.svg","contentUrl":"https:\/\/www.accu-mold.com\/wp-content\/uploads\/2022\/03\/accumold-vector-logo.svg","caption":"https:\/\/www.accu-mold.com\/careers\/current-openings\/"},"image":{"@id":"https:\/\/www.accu-mold.com\/#\/schema\/logo\/image\/"}}]}},"_links":{"self":[{"href":"https:\/\/www.accu-mold.com\/de\/wp-json\/wp\/v2\/pages\/5486","targetHints":{"allow":["GET"]}}],"collection":[{"href":"https:\/\/www.accu-mold.com\/de\/wp-json\/wp\/v2\/pages"}],"about":[{"href":"https:\/\/www.accu-mold.com\/de\/wp-json\/wp\/v2\/types\/page"}],"author":[{"embeddable":true,"href":"https:\/\/www.accu-mold.com\/de\/wp-json\/wp\/v2\/users\/5"}],"replies":[{"embeddable":true,"href":"https:\/\/www.accu-mold.com\/de\/wp-json\/wp\/v2\/comments?post=5486"}],"version-history":[{"count":9,"href":"https:\/\/www.accu-mold.com\/de\/wp-json\/wp\/v2\/pages\/5486\/revisions"}],"predecessor-version":[{"id":18029,"href":"https:\/\/www.accu-mold.com\/de\/wp-json\/wp\/v2\/pages\/5486\/revisions\/18029"}],"up":[{"embeddable":true,"href":"https:\/\/www.accu-mold.com\/de\/wp-json\/wp\/v2\/pages\/5484"}],"wp:attachment":[{"href":"https:\/\/www.accu-mold.com\/de\/wp-json\/wp\/v2\/media?parent=5486"}],"curies":[{"name":"wp","href":"https:\/\/api.w.org\/{rel}","templated":true}]}}