{"id":5482,"date":"2020-09-16T13:04:37","date_gmt":"2020-09-16T13:04:37","guid":{"rendered":"http:\/\/accumold51932.ewaycorphosting.com\/die-accumold-geschichte\/unsere-betriebsanlagen\/"},"modified":"2022-08-01T19:03:04","modified_gmt":"2022-08-01T19:03:04","slug":"unsere-betriebsanlagen","status":"publish","type":"page","link":"https:\/\/www.accu-mold.com\/de\/die-accumold-geschichte\/unsere-betriebsanlagen\/","title":{"rendered":"Unsere Betriebsanlagen"},"content":{"rendered":"\n<div class=\"wp-block-cover alignfull page-header has-custom-inner-width\" style=\"min-height:316px;--inner-container-width:1400px;aspect-ratio:unset;\"><span aria-hidden=\"true\" class=\"wp-block-cover__background has-primary-background-color has-background-dim-80 has-background-dim\"><\/span><img decoding=\"async\" class=\"wp-block-cover__image-background wp-image-16597\" alt=\"micro lens examples\" src=\"https:\/\/www.accu-mold.com\/wp-content\/uploads\/2021\/09\/micro-lenses-02.jpg\" data-object-fit=\"cover\"\/><div class=\"wp-block-cover__inner-container is-layout-flow wp-block-cover-is-layout-flow\">\n<h1 class=\"wp-block-heading\">Unsere Betriebsanlagen<a href=\"https:\/\/www.accu-mold.com\/de\/die-accumold-geschichte\/unsere-betriebsanlagen\/#scrolledTo\"><\/a><\/h1>\n<\/div><\/div>\n\n\n\n<div style=\"height:60px\" aria-hidden=\"true\" class=\"wp-block-spacer\"><\/div>\n\n\n\n<div class=\"wp-block-columns alignwide is-layout-flex wp-container-core-columns-is-layout-9d6595d7 wp-block-columns-is-layout-flex\">\n<div class=\"wp-block-column is-layout-flow wp-block-column-is-layout-flow\">\n<h2 class=\"wp-block-heading\">Unsere Betriebsanlagen<\/h2>\n\n\n\n<p>Unsere Betriebsanlagen sind angelegt, um Ihre Anforderungen \u2013 und unsere Standards \u2013 zu \u00fcbertreffen. Betriebsanlagen, die Ihren Anforderungen entsprechen \u2013 und unseren Standards. Alle Prozesse f\u00fcr unser Werkzeug, Spritzgussformen, Verpackung und Metrologie werden auf unserem 6 Hektar gro\u00dfen Gel\u00e4nde in der N\u00e4he von Des Moines, Iowa, abgewickelt.<\/p>\n<\/div>\n<\/div>\n\n\n\n<div class=\"wp-block-columns alignwide is-layout-flex wp-container-core-columns-is-layout-9d6595d7 wp-block-columns-is-layout-flex\">\n<div class=\"wp-block-column is-layout-flow wp-block-column-is-layout-flow\" style=\"flex-basis:66.66%\">\n<p><strong>Unser Betrieb:<\/strong><\/p>\n\n\n\n<ul class=\"wp-block-list\"><li>B\u00fcro- und Produktionsst\u00e4tte (12.500 Quadratmeter)<\/li><li>Angrenzende Produktionsst\u00e4tte aus geh\u00e4rtetem Beton (4.100 Quadratmeter) mit unabh\u00e4ngigem, eigenen Back-up<\/li><li>Die Arbeitsprozesse von Accumold sind nach ISO 13485, ISO 9001 und ISO 14001 zertifiziert<\/li><li>100% klimatisierte Einrichtungen<\/li><li>F\u00fcnf Reinr\u00e4ume der Klasse 8 (100K) und drei Reinr\u00e4ume der Klasse 7 (10K)<\/li><\/ul>\n<\/div>\n\n\n\n<div class=\"wp-block-column is-layout-flow wp-block-column-is-layout-flow\" style=\"flex-basis:33.33%\">\n<figure class=\"wp-block-image\"><img decoding=\"async\" src=\"https:\/\/www.accu-mold.com\/wp-content\/uploads\/2020\/10\/building3-03.jpg\" alt=\"Accumold in the evening\" title=\"Accumold in the evening\"\/><figcaption> Accumold in the evening<\/figcaption><\/figure>\n<\/div>\n<\/div>\n","protected":false},"excerpt":{"rendered":"<p>Unsere Betriebsanlagen Unsere Betriebsanlagen sind angelegt, um Ihre Anforderungen \u2013 und unsere Standards \u2013 zu \u00fcbertreffen. Betriebsanlagen, die Ihren Anforderungen [&#8230;] <a class=\"more-link\" href=\"https:\/\/www.accu-mold.com\/de\/die-accumold-geschichte\/unsere-betriebsanlagen\/\">Read More<span class=\"screen-reader-text\">about Unsere Betriebsanlagen<\/span><\/a><\/p>\n","protected":false},"author":5,"featured_media":0,"parent":5250,"menu_order":0,"comment_status":"closed","ping_status":"closed","template":"","meta":{"_acf_changed":false,"inline_featured_image":false,"_wd_proto_hide_page_title":false,"_wd_proto_page_body_class":"","_wd_proto_post_layout":"","footnotes":""},"class_list":["post-5482","page","type-page","status-publish","hentry"],"acf":[],"yoast_head":"<!-- This site is optimized with the Yoast SEO Premium plugin v27.3 (Yoast SEO v27.4) - https:\/\/yoast.com\/product\/yoast-seo-premium-wordpress\/ -->\n<title>Unsere Betriebsanlagen - Accu-Mold<\/title>\n<meta name=\"robots\" content=\"index, follow, max-snippet:-1, max-image-preview:large, max-video-preview:-1\" \/>\n<link rel=\"canonical\" href=\"https:\/\/www.accu-mold.com\/de\/die-accumold-geschichte\/unsere-betriebsanlagen\/\" \/>\n<meta property=\"og:locale\" content=\"de_DE\" \/>\n<meta property=\"og:type\" content=\"article\" \/>\n<meta property=\"og:title\" content=\"Unsere Betriebsanlagen\" \/>\n<meta property=\"og:description\" content=\"Unsere Betriebsanlagen Unsere Betriebsanlagen sind angelegt, um Ihre Anforderungen \u2013 und unsere Standards \u2013 zu \u00fcbertreffen. Betriebsanlagen, die Ihren Anforderungen [...] Read Moreabout Unsere Betriebsanlagen\" \/>\n<meta property=\"og:url\" content=\"https:\/\/www.accu-mold.com\/de\/die-accumold-geschichte\/unsere-betriebsanlagen\/\" \/>\n<meta property=\"og:site_name\" content=\"Accu-Mold\" \/>\n<meta property=\"article:modified_time\" content=\"2022-08-01T19:03:04+00:00\" \/>\n<meta property=\"og:image\" content=\"https:\/\/www.accu-mold.com\/wp-content\/uploads\/2021\/09\/micro-lenses-02.jpg\" \/>\n<meta name=\"twitter:card\" content=\"summary_large_image\" \/>\n<meta name=\"twitter:label1\" content=\"Est. reading time\" \/>\n\t<meta name=\"twitter:data1\" content=\"1 minute\" \/>\n<script type=\"application\/ld+json\" class=\"yoast-schema-graph\">{\"@context\":\"https:\\\/\\\/schema.org\",\"@graph\":[{\"@type\":\"WebPage\",\"@id\":\"https:\\\/\\\/www.accu-mold.com\\\/de\\\/die-accumold-geschichte\\\/unsere-betriebsanlagen\\\/\",\"url\":\"https:\\\/\\\/www.accu-mold.com\\\/de\\\/die-accumold-geschichte\\\/unsere-betriebsanlagen\\\/\",\"name\":\"Unsere Betriebsanlagen - Accu-Mold\",\"isPartOf\":{\"@id\":\"https:\\\/\\\/www.accu-mold.com\\\/#website\"},\"primaryImageOfPage\":{\"@id\":\"https:\\\/\\\/www.accu-mold.com\\\/de\\\/die-accumold-geschichte\\\/unsere-betriebsanlagen\\\/#primaryimage\"},\"image\":{\"@id\":\"https:\\\/\\\/www.accu-mold.com\\\/de\\\/die-accumold-geschichte\\\/unsere-betriebsanlagen\\\/#primaryimage\"},\"thumbnailUrl\":\"https:\\\/\\\/www.accu-mold.com\\\/wp-content\\\/uploads\\\/2021\\\/09\\\/micro-lenses-02.jpg\",\"datePublished\":\"2020-09-16T13:04:37+00:00\",\"dateModified\":\"2022-08-01T19:03:04+00:00\",\"breadcrumb\":{\"@id\":\"https:\\\/\\\/www.accu-mold.com\\\/de\\\/die-accumold-geschichte\\\/unsere-betriebsanlagen\\\/#breadcrumb\"},\"inLanguage\":\"de-DE\",\"potentialAction\":[{\"@type\":\"ReadAction\",\"target\":[\"https:\\\/\\\/www.accu-mold.com\\\/de\\\/die-accumold-geschichte\\\/unsere-betriebsanlagen\\\/\"]}]},{\"@type\":\"ImageObject\",\"inLanguage\":\"de-DE\",\"@id\":\"https:\\\/\\\/www.accu-mold.com\\\/de\\\/die-accumold-geschichte\\\/unsere-betriebsanlagen\\\/#primaryimage\",\"url\":\"https:\\\/\\\/www.accu-mold.com\\\/wp-content\\\/uploads\\\/2021\\\/09\\\/micro-lenses-02.jpg\",\"contentUrl\":\"https:\\\/\\\/www.accu-mold.com\\\/wp-content\\\/uploads\\\/2021\\\/09\\\/micro-lenses-02.jpg\"},{\"@type\":\"BreadcrumbList\",\"@id\":\"https:\\\/\\\/www.accu-mold.com\\\/de\\\/die-accumold-geschichte\\\/unsere-betriebsanlagen\\\/#breadcrumb\",\"itemListElement\":[{\"@type\":\"ListItem\",\"position\":1,\"name\":\"Exceptional capabilities backed by exceptional people\",\"item\":\"https:\\\/\\\/www.accu-mold.com\\\/de\\\/\"},{\"@type\":\"ListItem\",\"position\":2,\"name\":\"\u00dcber uns\",\"item\":\"https:\\\/\\\/www.accu-mold.com\\\/de\\\/die-accumold-geschichte\\\/\"},{\"@type\":\"ListItem\",\"position\":3,\"name\":\"Unsere Betriebsanlagen\"}]},{\"@type\":\"WebSite\",\"@id\":\"https:\\\/\\\/www.accu-mold.com\\\/#website\",\"url\":\"https:\\\/\\\/www.accu-mold.com\\\/\",\"name\":\"Accu-Mold\",\"description\":\"Your Micro Mold\u00ae Tooling &amp; Production Partners\",\"publisher\":{\"@id\":\"https:\\\/\\\/www.accu-mold.com\\\/#organization\"},\"potentialAction\":[{\"@type\":\"SearchAction\",\"target\":{\"@type\":\"EntryPoint\",\"urlTemplate\":\"https:\\\/\\\/www.accu-mold.com\\\/?s={search_term_string}\"},\"query-input\":{\"@type\":\"PropertyValueSpecification\",\"valueRequired\":true,\"valueName\":\"search_term_string\"}}],\"inLanguage\":\"de-DE\"},{\"@type\":\"Organization\",\"@id\":\"https:\\\/\\\/www.accu-mold.com\\\/#organization\",\"name\":\"https:\\\/\\\/www.accu-mold.com\\\/careers\\\/current-openings\\\/\",\"url\":\"https:\\\/\\\/www.accu-mold.com\\\/\",\"logo\":{\"@type\":\"ImageObject\",\"inLanguage\":\"de-DE\",\"@id\":\"https:\\\/\\\/www.accu-mold.com\\\/#\\\/schema\\\/logo\\\/image\\\/\",\"url\":\"https:\\\/\\\/www.accu-mold.com\\\/wp-content\\\/uploads\\\/2022\\\/03\\\/accumold-vector-logo.svg\",\"contentUrl\":\"https:\\\/\\\/www.accu-mold.com\\\/wp-content\\\/uploads\\\/2022\\\/03\\\/accumold-vector-logo.svg\",\"caption\":\"https:\\\/\\\/www.accu-mold.com\\\/careers\\\/current-openings\\\/\"},\"image\":{\"@id\":\"https:\\\/\\\/www.accu-mold.com\\\/#\\\/schema\\\/logo\\\/image\\\/\"}}]}<\/script>\n<!-- \/ Yoast SEO Premium plugin. -->","yoast_head_json":{"title":"Unsere Betriebsanlagen - Accu-Mold","robots":{"index":"index","follow":"follow","max-snippet":"max-snippet:-1","max-image-preview":"max-image-preview:large","max-video-preview":"max-video-preview:-1"},"canonical":"https:\/\/www.accu-mold.com\/de\/die-accumold-geschichte\/unsere-betriebsanlagen\/","og_locale":"de_DE","og_type":"article","og_title":"Unsere Betriebsanlagen","og_description":"Unsere Betriebsanlagen Unsere Betriebsanlagen sind angelegt, um Ihre Anforderungen \u2013 und unsere Standards \u2013 zu \u00fcbertreffen. Betriebsanlagen, die Ihren Anforderungen [...] Read Moreabout Unsere Betriebsanlagen","og_url":"https:\/\/www.accu-mold.com\/de\/die-accumold-geschichte\/unsere-betriebsanlagen\/","og_site_name":"Accu-Mold","article_modified_time":"2022-08-01T19:03:04+00:00","og_image":[{"url":"https:\/\/www.accu-mold.com\/wp-content\/uploads\/2021\/09\/micro-lenses-02.jpg","type":"","width":"","height":""}],"twitter_card":"summary_large_image","twitter_misc":{"Est. reading time":"1 minute"},"schema":{"@context":"https:\/\/schema.org","@graph":[{"@type":"WebPage","@id":"https:\/\/www.accu-mold.com\/de\/die-accumold-geschichte\/unsere-betriebsanlagen\/","url":"https:\/\/www.accu-mold.com\/de\/die-accumold-geschichte\/unsere-betriebsanlagen\/","name":"Unsere Betriebsanlagen - Accu-Mold","isPartOf":{"@id":"https:\/\/www.accu-mold.com\/#website"},"primaryImageOfPage":{"@id":"https:\/\/www.accu-mold.com\/de\/die-accumold-geschichte\/unsere-betriebsanlagen\/#primaryimage"},"image":{"@id":"https:\/\/www.accu-mold.com\/de\/die-accumold-geschichte\/unsere-betriebsanlagen\/#primaryimage"},"thumbnailUrl":"https:\/\/www.accu-mold.com\/wp-content\/uploads\/2021\/09\/micro-lenses-02.jpg","datePublished":"2020-09-16T13:04:37+00:00","dateModified":"2022-08-01T19:03:04+00:00","breadcrumb":{"@id":"https:\/\/www.accu-mold.com\/de\/die-accumold-geschichte\/unsere-betriebsanlagen\/#breadcrumb"},"inLanguage":"de-DE","potentialAction":[{"@type":"ReadAction","target":["https:\/\/www.accu-mold.com\/de\/die-accumold-geschichte\/unsere-betriebsanlagen\/"]}]},{"@type":"ImageObject","inLanguage":"de-DE","@id":"https:\/\/www.accu-mold.com\/de\/die-accumold-geschichte\/unsere-betriebsanlagen\/#primaryimage","url":"https:\/\/www.accu-mold.com\/wp-content\/uploads\/2021\/09\/micro-lenses-02.jpg","contentUrl":"https:\/\/www.accu-mold.com\/wp-content\/uploads\/2021\/09\/micro-lenses-02.jpg"},{"@type":"BreadcrumbList","@id":"https:\/\/www.accu-mold.com\/de\/die-accumold-geschichte\/unsere-betriebsanlagen\/#breadcrumb","itemListElement":[{"@type":"ListItem","position":1,"name":"Exceptional capabilities backed by exceptional people","item":"https:\/\/www.accu-mold.com\/de\/"},{"@type":"ListItem","position":2,"name":"\u00dcber uns","item":"https:\/\/www.accu-mold.com\/de\/die-accumold-geschichte\/"},{"@type":"ListItem","position":3,"name":"Unsere Betriebsanlagen"}]},{"@type":"WebSite","@id":"https:\/\/www.accu-mold.com\/#website","url":"https:\/\/www.accu-mold.com\/","name":"Accu-Mold","description":"Your Micro Mold\u00ae Tooling &amp; Production Partners","publisher":{"@id":"https:\/\/www.accu-mold.com\/#organization"},"potentialAction":[{"@type":"SearchAction","target":{"@type":"EntryPoint","urlTemplate":"https:\/\/www.accu-mold.com\/?s={search_term_string}"},"query-input":{"@type":"PropertyValueSpecification","valueRequired":true,"valueName":"search_term_string"}}],"inLanguage":"de-DE"},{"@type":"Organization","@id":"https:\/\/www.accu-mold.com\/#organization","name":"https:\/\/www.accu-mold.com\/careers\/current-openings\/","url":"https:\/\/www.accu-mold.com\/","logo":{"@type":"ImageObject","inLanguage":"de-DE","@id":"https:\/\/www.accu-mold.com\/#\/schema\/logo\/image\/","url":"https:\/\/www.accu-mold.com\/wp-content\/uploads\/2022\/03\/accumold-vector-logo.svg","contentUrl":"https:\/\/www.accu-mold.com\/wp-content\/uploads\/2022\/03\/accumold-vector-logo.svg","caption":"https:\/\/www.accu-mold.com\/careers\/current-openings\/"},"image":{"@id":"https:\/\/www.accu-mold.com\/#\/schema\/logo\/image\/"}}]}},"_links":{"self":[{"href":"https:\/\/www.accu-mold.com\/de\/wp-json\/wp\/v2\/pages\/5482","targetHints":{"allow":["GET"]}}],"collection":[{"href":"https:\/\/www.accu-mold.com\/de\/wp-json\/wp\/v2\/pages"}],"about":[{"href":"https:\/\/www.accu-mold.com\/de\/wp-json\/wp\/v2\/types\/page"}],"author":[{"embeddable":true,"href":"https:\/\/www.accu-mold.com\/de\/wp-json\/wp\/v2\/users\/5"}],"replies":[{"embeddable":true,"href":"https:\/\/www.accu-mold.com\/de\/wp-json\/wp\/v2\/comments?post=5482"}],"version-history":[{"count":5,"href":"https:\/\/www.accu-mold.com\/de\/wp-json\/wp\/v2\/pages\/5482\/revisions"}],"predecessor-version":[{"id":18032,"href":"https:\/\/www.accu-mold.com\/de\/wp-json\/wp\/v2\/pages\/5482\/revisions\/18032"}],"up":[{"embeddable":true,"href":"https:\/\/www.accu-mold.com\/de\/wp-json\/wp\/v2\/pages\/5250"}],"wp:attachment":[{"href":"https:\/\/www.accu-mold.com\/de\/wp-json\/wp\/v2\/media?parent=5482"}],"curies":[{"name":"wp","href":"https:\/\/api.w.org\/{rel}","templated":true}]}}