{"id":19656,"date":"2020-09-11T11:23:50","date_gmt":"2020-09-11T11:23:50","guid":{"rendered":"https:\/\/www.accu-mold.com\/unsere-kompetenzen-fuer-mikro-spritzgussverfahren\/teil-klassifizierungen\/micro-electronics-molding\/"},"modified":"2023-08-17T04:23:04","modified_gmt":"2023-08-17T09:23:04","slug":"micro-electronics-molding","status":"publish","type":"page","link":"https:\/\/www.accu-mold.com\/de\/unsere-kompetenzen-fuer-mikro-spritzgussverfahren\/teil-klassifizierungen\/micro-electronics-molding\/","title":{"rendered":"Formteile f\u00fcr die Mikroeletronik"},"content":{"rendered":"\n<div class=\"wp-block-cover alignfull page-header has-custom-inner-width\" style=\"min-height:316px;--inner-container-width:1540px;aspect-ratio:unset;\"><span aria-hidden=\"true\" class=\"wp-block-cover__background has-primary-background-color has-background-dim-80 has-background-dim\"><\/span><img loading=\"lazy\" decoding=\"async\" width=\"1800\" height=\"1200\" class=\"wp-block-cover__image-background wp-image-16594\" alt=\"micro lens examples\" src=\"https:\/\/www.accu-mold.com\/wp-content\/uploads\/2021\/09\/micro-lenses-02.jpg\" data-object-fit=\"cover\" srcset=\"https:\/\/www.accu-mold.com\/wp-content\/uploads\/2021\/09\/micro-lenses-02.jpg 1800w, https:\/\/www.accu-mold.com\/wp-content\/uploads\/2021\/09\/micro-lenses-02-300x200.jpg 300w, https:\/\/www.accu-mold.com\/wp-content\/uploads\/2021\/09\/micro-lenses-02-1024x683.jpg 1024w, https:\/\/www.accu-mold.com\/wp-content\/uploads\/2021\/09\/micro-lenses-02-768x512.jpg 768w, https:\/\/www.accu-mold.com\/wp-content\/uploads\/2021\/09\/micro-lenses-02-1536x1024.jpg 1536w\" sizes=\"auto, (max-width: 1800px) 100vw, 1800px\" \/><div class=\"wp-block-cover__inner-container is-layout-flow wp-block-cover-is-layout-flow\">\n<h1 class=\"wp-block-heading\" id=\"h-formteile-fur-die-mikroeletronik\" style=\"font-size:64px\">Formteile f\u00fcr die Mikroeletronik<\/h1>\n<\/div><\/div>\n\n\n\n<div style=\"height:64px\" aria-hidden=\"true\" class=\"wp-block-spacer\"><\/div>\n\n\n\n<p>Formteile f\u00fcr die Mikroeletronik eignen sich ideal zur Produktion von in gr\u00f6\u00dferen St\u00fcckzahlen ben\u00f6tigten mikroskopischen Teilen und Komponenten, wie Sensoren, Linsen und Mikroelektronikverpackungen. Im Rahmen des spezialisierten Herstellungsprozesses entstehen extrem kleine hochpr\u00e4zise Thermoplastteile und -komponenten mit Toleranzen im Mikrometerbereich und ma\u00dfstabsgetreuen Merkmalen.<\/p>\n\n\n\n<p>Heutzutage verlassen sich auch modernste Technologieunternehmen auf Mikrospritzgussverfahren, wenn es um Formteile f\u00fcr die Mikroelektronik geht.<\/p>\n\n\n\n<div style=\"height:45px\" aria-hidden=\"true\" class=\"wp-block-spacer\"><\/div>\n\n\n\n<div class=\"wp-block-columns alignwide are-vertically-aligned-center col-large-2 col-medium-2 col-small-1 is-layout-flex wp-container-core-columns-is-layout-9d6595d7 wp-block-columns-is-layout-flex\" style=\"--column-gutter:0px\">\n<div class=\"wp-block-column is-vertically-aligned-center is-layout-flow wp-block-column-is-layout-flow\" style=\"flex-basis:66.66%\">\n<h2 class=\"wp-block-heading has-primary-color has-text-color\" id=\"h-spezifische-aspekte-bei-der-herstellung-von-formteilen-fur-die-mikroeletronik\">Spezifische Aspekte bei der Herstellung von Formteilen f\u00fcr die Mikroeletronik<\/h2>\n\n\n\n<p>Mit unserem Gussverfahren f\u00fcr die Mikroelektronik k\u00f6nnen wir sehr schnell hochpr\u00e4zise und trotzdem robuste Komponenten fertigen und dabei strengste Toleranzen einhalten. Aber die Gr\u00f6\u00dfe der von unseren Kunden ben\u00f6tigten Teile, die Komplexit\u00e4t des Designs und die einzuhaltenden Toleranzen sind nur der Anfang.<\/p>\n\n\n\n<p>Oftmals werden Mikroeletronik-Formteile bestellt, die eine eingespritzte oder umspritzte Komponente erfordern. Unsere Technologie ist in der Lage, Spezialharz \u00fcber, durch, in oder um andere Materialien zu gie\u00dfen, wie Metall, andere Kunststoffe, Gewebe, Leiterfolien und andere empfindliche Medien, wobei alle Toleranzen im Bereich von einem oder einem halben Mikrometer gehalten werden.<\/p>\n\n\n\n<p>Gleichzeitig ist unser Prozess wiederholbar und entspricht den strengen Qualit\u00e4tsanforderungen der Kunden. Anschlie\u00dfend wird jede Komponente kundenspezifisch verpackt, um die Anforderungen Ihres Herstellungsprozesses zu erf\u00fcllen.<\/p>\n<\/div>\n\n\n\n<div class=\"wp-block-column is-vertically-aligned-center is-layout-flow wp-block-column-is-layout-flow\" style=\"flex-basis:33.33%\"><div class=\"wp-block-image\">\n<figure class=\"aligncenter\"><img decoding=\"async\" src=\"https:\/\/www.accu-mold.com\/wp-content\/uploads\/2020\/09\/lead-frame-molding-1.jpg\" alt=\"Accumold Lead Frame Molding\"\/><figcaption class=\"wp-element-caption\">Lead-Frame-Verfahren von Accumold<\/figcaption><\/figure>\n<\/div><\/div>\n<\/div>\n\n\n\n<div class=\"wp-block-columns alignwide are-vertically-aligned-center is-layout-flex wp-container-core-columns-is-layout-9d6595d7 wp-block-columns-is-layout-flex\">\n<div class=\"wp-block-column is-vertically-aligned-center is-layout-flow wp-block-column-is-layout-flow\" style=\"flex-basis:66.66%\">\n<h2 class=\"wp-block-heading has-primary-color has-text-color\" id=\"h-spezifische-aspekte-bei-der-herstellung-von-formteilen-fur-die-mikroeletronik-1\">Spezifische Aspekte bei der Herstellung von Formteilen f\u00fcr die Mikroeletronik<\/h2>\n\n\n\n<p>Perfekt ausgef\u00fchrte Projekte aus dem Bereich der Formteilfertigung f\u00fcr die Mikroeletronik erfordern die richtige Balance zwischen Materialhandling, Erfahrung und Technologie. Hier finden Sie einen kurzen \u00dcberblick \u00fcber Materialien und verschiedene Beispiele zu Formteilen f\u00fcr die Mikroeletronik.<\/p>\n<\/div>\n\n\n\n<div class=\"wp-block-column is-vertically-aligned-center is-layout-flow wp-block-column-is-layout-flow\" style=\"flex-basis:33.33%\"><div class=\"wp-block-image\">\n<figure class=\"aligncenter\"><a href=\"https:\/\/www.accu-mold.com\/de\/unsere-kompetenzen-fuer-mikro-spritzgussverfahren\/materialauswahl\/#peek\" target=\"_blank\" rel=\"noreferrer noopener\"><img decoding=\"async\" src=\"https:\/\/www.accu-mold.com\/wp-content\/uploads\/2020\/09\/Ultem-Polyetherimide-PEI-269x300-1-1.png\" alt=\"Ultem Polyetherimide PEI - micro molding materials\"\/><\/a><figcaption class=\"wp-element-caption\">Ultem Polyetherimide PEI<\/figcaption><\/figure>\n<\/div><\/div>\n<\/div>\n\n\n\n<h3 class=\"wp-block-heading has-primary-color has-text-color\" id=\"h-materialien\">Materialien<\/h3>\n\n\n\n<p>Je nach Projektanforderungen nutzen wir unterschiedliche Materialien f\u00fcr die Herstellung von Formteilen f\u00fcr die Mikroeletronik. Beispiele w\u00e4ren etwa f\u00fcr medizinische Anwendungen zugelassene und implantierbare Materialien oder glasgef\u00fcllte Nylonmaterialien f\u00fcr Hochtemperaturanwendungen (f\u00fcr 3-fachen Reflow-Prozess ausgelegt). Weitere Materialien:<\/p>\n\n\n\n<ul class=\"wp-block-list\">\n<li><a href=\"https:\/\/www.accu-mold.com\/de\/unsere-kompetenzen-fuer-mikro-spritzgussverfahren\/materialauswahl\/#pei\" target=\"_blank\" rel=\"noreferrer noopener\">Fl\u00fcssigkristallpolymer (LCP)<\/a><\/li>\n\n\n\n<li>HTN-<a rel=\"noreferrer noopener\" href=\"https:\/\/www.accu-mold.com\/de\/unsere-kompetenzen-fuer-mikro-spritzgussverfahren\/materialauswahl\/#pp\" target=\"_blank\">Nylon<\/a><\/li>\n\n\n\n<li>PPS-<a href=\"https:\/\/www.accu-mold.com\/de\/unsere-kompetenzen-fuer-mikro-spritzgussverfahren\/materialauswahl\/#pom\" target=\"_blank\" rel=\"noreferrer noopener\">Polysulfon<\/a><\/li>\n\n\n\n<li><a rel=\"noreferrer noopener\" href=\"https:\/\/www.accu-mold.com\/de\/unsere-kompetenzen-fuer-mikro-spritzgussverfahren\/materialauswahl\/#pmma\" target=\"_blank\">PEEK<\/a><\/li>\n\n\n\n<li><a rel=\"noreferrer noopener\" href=\"https:\/\/www.accu-mold.com\/de\/unsere-kompetenzen-fuer-mikro-spritzgussverfahren\/materialauswahl\/#peek\" target=\"_blank\">Ultem<\/a><\/li>\n\n\n\n<li>Xtem<\/li>\n\n\n\n<li><a href=\"https:\/\/www.accu-mold.com\/de\/unsere-kompetenzen-fuer-mikro-spritzgussverfahren\/materialauswahl\/#pol\" target=\"_blank\" rel=\"noreferrer noopener\">Polycarbona<\/a>variationen<\/li>\n\n\n\n<li>Polyesters<\/li>\n\n\n\n<li><a href=\"https:\/\/www.accu-mold.com\/de\/unsere-kompetenzen-fuer-mikro-spritzgussverfahren\/materialauswahl\/\" target=\"_blank\" rel=\"noreferrer noopener\"><strong>Vollst\u00e4ndige Liste ><\/strong><\/a><\/li>\n<\/ul>\n\n\n\n<div style=\"height:45px\" aria-hidden=\"true\" class=\"wp-block-spacer\"><\/div>\n\n\n\n<div class=\"wp-block-columns alignwide are-vertically-aligned-center is-layout-flex wp-container-core-columns-is-layout-9d6595d7 wp-block-columns-is-layout-flex\">\n<div class=\"wp-block-column is-vertically-aligned-center is-layout-flow wp-block-column-is-layout-flow\" style=\"flex-basis:66.66%\">\n<h3 class=\"wp-block-heading has-primary-color has-text-color\" id=\"h-beispiele-fur-komponenten\">Beispiele f\u00fcr Komponenten<\/h3>\n\n\n\n<p>Als Beispiele aus fr\u00fcheren Projekten kann man Komponenten f\u00fcr Sensoren (N\u00e4herung, Gas, Rauch, Laufzeitverfahren), Bluetooth-Antennen, H\u00f6rger\u00e4tekomponenten und Batterien sowie das Umspritzen von flexiblen Leiterplatten nennen.<\/p>\n<\/div>\n\n\n\n<div class=\"wp-block-column is-vertically-aligned-center is-layout-flow wp-block-column-is-layout-flow\" style=\"flex-basis:33.33%\"><div class=\"wp-block-image\">\n<figure class=\"aligncenter is-resized\"><img loading=\"lazy\" decoding=\"async\" src=\"https:\/\/www.accu-mold.com\/wp-content\/uploads\/2020\/09\/lead-frame-8-2.jpg\" alt=\"open cavity lead frame component produced from Accumold's Micro-Electronics Molding technology\" width=\"240\" height=\"240\"\/><figcaption class=\"wp-element-caption\">This open cavity lead frame is a micro-electronics molding example.<\/figcaption><\/figure>\n<\/div><\/div>\n<\/div>\n\n\n\n<div class=\"wp-block-columns alignwide is-layout-flex wp-container-core-columns-is-layout-9d6595d7 wp-block-columns-is-layout-flex\">\n<div class=\"wp-block-column is-layout-flow wp-block-column-is-layout-flow\">\n<h2 class=\"wp-block-heading has-primary-color has-text-color\" id=\"h-warum-accumold\">Warum Accumold?<\/h2>\n\n\n\n<p>Die Komponenten, die wir tagt\u00e4glich fertigen, k\u00f6nnen mit Sicherheit auch in einem Labor nachgebaut werden. Der Accumold-Gussprozess f\u00fcr Mikroelektronikteile versetzt uns jedoch nicht nur in die Lage, komplexe Teile herzustellen, sondern bef\u00e4higt uns auch dazu, diese in hohen Volumen ausliefern. Wir bauen vollst\u00e4ndige Automationssysteme mit F\u00f6rderb\u00e4ndern, Bildverarbeitungskameras und automatisierter Wartung.<\/p>\n\n\n\n<p>Dar\u00fcber hinaus kann Accumold die Produktion skalieren, um Ihren Fertigungsbedarf innerhalb weniger Wochen zu decken und Projekte mit vielen Millionen Teilen pro Jahr umzusetzen. All dies gelingt uns, weil wir eigene Abteilungen f\u00fcr Werkzeugbau und Automation haben, die Schulter an Schulter mit unseren DFM-Experten arbeiten.<\/p>\n\n\n\n<p>Und es gibt noch weitaus mehr Bereiche als nur die Mikroelektronik! Wenden Sie sich an uns, wenn Sie au\u00dfergew\u00f6hnliche Teile ben\u00f6tigen, die nicht mit den traditionellen Methoden herk\u00f6mmlicher Spritzgussunternehmen umgesetzt werden k\u00f6nnen. Wir realisieren, was unsere Kunden unter Umst\u00e4nden f\u00fcr unm\u00f6glich gehalten haben.<\/p>\n\n\n\n<div style=\"height:45px\" aria-hidden=\"true\" class=\"wp-block-spacer\"><\/div>\n\n\n\n<h2 class=\"wp-block-heading has-primary-color has-text-color\" id=\"h-got-a-tricky-question\">Got A Tricky Question?<\/h2>\n\n\n\n<p>Send Our DFM Engineers A Message. (They like the attention.)<\/p>\n\n\n\n<script charset=\"utf-8\" type=\"text\/javascript\" src=\"\/\/js.hsforms.net\/forms\/embed\/v2.js\"><\/script>\n<script>\n  hbspt.forms.create({\n    region: \"na1\",\n    portalId: \"20439115\",\n    formId: \"29d47960-cdd0-4f9e-936d-75f09d842b7f\"\n  });\n<\/script>\n<\/div>\n<\/div>\n","protected":false},"excerpt":{"rendered":"<p>Formteile f\u00fcr die Mikroeletronik eignen sich ideal zur Produktion von in gr\u00f6\u00dferen St\u00fcckzahlen ben\u00f6tigten mikroskopischen Teilen und Komponenten, wie Sensoren, [&#8230;] <a class=\"more-link\" href=\"https:\/\/www.accu-mold.com\/de\/unsere-kompetenzen-fuer-mikro-spritzgussverfahren\/teil-klassifizierungen\/micro-electronics-molding\/\">Read More<span class=\"screen-reader-text\">about Formteile f\u00fcr die Mikroeletronik<\/span><\/a><\/p>\n","protected":false},"author":5,"featured_media":0,"parent":5493,"menu_order":0,"comment_status":"closed","ping_status":"closed","template":"","meta":{"_acf_changed":false,"inline_featured_image":false,"_wd_proto_hide_page_title":false,"_wd_proto_page_body_class":"","_wd_proto_post_layout":"","footnotes":""},"class_list":["post-19656","page","type-page","status-publish","hentry"],"acf":[],"yoast_head":"<!-- This site is optimized with the Yoast SEO Premium plugin v27.3 (Yoast SEO v27.4) - https:\/\/yoast.com\/product\/yoast-seo-premium-wordpress\/ -->\n<title>Micro-Electronics Molding | Accumold, World Leaders In Micro Molding<\/title>\n<meta name=\"description\" content=\"Our specialized manufacturing process produces extremely small, high-precision thermoplastic parts and components with micron tolerances and features. Micro molding specifically for micro-electronics molding however, deals with microscopic circuit boards, lenses, and extremely delicate components.\" \/>\n<meta name=\"robots\" content=\"index, follow, max-snippet:-1, max-image-preview:large, max-video-preview:-1\" \/>\n<link rel=\"canonical\" href=\"https:\/\/www.accu-mold.com\/de\/unsere-kompetenzen-fuer-mikro-spritzgussverfahren\/teil-klassifizierungen\/micro-electronics-molding\/\" \/>\n<meta property=\"og:locale\" content=\"de_DE\" \/>\n<meta property=\"og:type\" content=\"article\" \/>\n<meta property=\"og:title\" content=\"Formteile f\u00fcr die Mikroeletronik\" \/>\n<meta property=\"og:description\" content=\"Our specialized manufacturing process produces extremely small, high-precision thermoplastic parts and components with micron tolerances and features. Micro molding specifically for micro-electronics molding however, deals with microscopic circuit boards, lenses, and extremely delicate components.\" \/>\n<meta property=\"og:url\" content=\"https:\/\/www.accu-mold.com\/de\/unsere-kompetenzen-fuer-mikro-spritzgussverfahren\/teil-klassifizierungen\/micro-electronics-molding\/\" \/>\n<meta property=\"og:site_name\" content=\"Accu-Mold\" \/>\n<meta property=\"article:modified_time\" content=\"2023-08-17T09:23:04+00:00\" \/>\n<meta property=\"og:image\" content=\"https:\/\/www.accu-mold.com\/wp-content\/uploads\/2021\/09\/micro-lenses-02.jpg\" \/>\n<meta name=\"twitter:card\" content=\"summary_large_image\" \/>\n<meta name=\"twitter:label1\" content=\"Est. reading time\" \/>\n\t<meta name=\"twitter:data1\" content=\"3 minutes\" \/>\n<script type=\"application\/ld+json\" class=\"yoast-schema-graph\">{\"@context\":\"https:\\\/\\\/schema.org\",\"@graph\":[{\"@type\":\"WebPage\",\"@id\":\"https:\\\/\\\/www.accu-mold.com\\\/de\\\/unsere-kompetenzen-fuer-mikro-spritzgussverfahren\\\/teil-klassifizierungen\\\/micro-electronics-molding\\\/\",\"url\":\"https:\\\/\\\/www.accu-mold.com\\\/de\\\/unsere-kompetenzen-fuer-mikro-spritzgussverfahren\\\/teil-klassifizierungen\\\/micro-electronics-molding\\\/\",\"name\":\"Micro-Electronics Molding | Accumold, World Leaders In Micro Molding\",\"isPartOf\":{\"@id\":\"https:\\\/\\\/www.accu-mold.com\\\/#website\"},\"primaryImageOfPage\":{\"@id\":\"https:\\\/\\\/www.accu-mold.com\\\/de\\\/unsere-kompetenzen-fuer-mikro-spritzgussverfahren\\\/teil-klassifizierungen\\\/micro-electronics-molding\\\/#primaryimage\"},\"image\":{\"@id\":\"https:\\\/\\\/www.accu-mold.com\\\/de\\\/unsere-kompetenzen-fuer-mikro-spritzgussverfahren\\\/teil-klassifizierungen\\\/micro-electronics-molding\\\/#primaryimage\"},\"thumbnailUrl\":\"https:\\\/\\\/www.accu-mold.com\\\/wp-content\\\/uploads\\\/2021\\\/09\\\/micro-lenses-02.jpg\",\"datePublished\":\"2020-09-11T11:23:50+00:00\",\"dateModified\":\"2023-08-17T09:23:04+00:00\",\"description\":\"Our specialized manufacturing process produces extremely small, high-precision thermoplastic parts and components with micron tolerances and features. Micro molding specifically for micro-electronics molding however, deals with microscopic circuit boards, lenses, and extremely delicate components.\",\"breadcrumb\":{\"@id\":\"https:\\\/\\\/www.accu-mold.com\\\/de\\\/unsere-kompetenzen-fuer-mikro-spritzgussverfahren\\\/teil-klassifizierungen\\\/micro-electronics-molding\\\/#breadcrumb\"},\"inLanguage\":\"de-DE\",\"potentialAction\":[{\"@type\":\"ReadAction\",\"target\":[\"https:\\\/\\\/www.accu-mold.com\\\/de\\\/unsere-kompetenzen-fuer-mikro-spritzgussverfahren\\\/teil-klassifizierungen\\\/micro-electronics-molding\\\/\"]}]},{\"@type\":\"ImageObject\",\"inLanguage\":\"de-DE\",\"@id\":\"https:\\\/\\\/www.accu-mold.com\\\/de\\\/unsere-kompetenzen-fuer-mikro-spritzgussverfahren\\\/teil-klassifizierungen\\\/micro-electronics-molding\\\/#primaryimage\",\"url\":\"https:\\\/\\\/www.accu-mold.com\\\/wp-content\\\/uploads\\\/2021\\\/09\\\/micro-lenses-02.jpg\",\"contentUrl\":\"https:\\\/\\\/www.accu-mold.com\\\/wp-content\\\/uploads\\\/2021\\\/09\\\/micro-lenses-02.jpg\"},{\"@type\":\"BreadcrumbList\",\"@id\":\"https:\\\/\\\/www.accu-mold.com\\\/de\\\/unsere-kompetenzen-fuer-mikro-spritzgussverfahren\\\/teil-klassifizierungen\\\/micro-electronics-molding\\\/#breadcrumb\",\"itemListElement\":[{\"@type\":\"ListItem\",\"position\":1,\"name\":\"Exceptional capabilities backed by exceptional people\",\"item\":\"https:\\\/\\\/www.accu-mold.com\\\/de\\\/\"},{\"@type\":\"ListItem\",\"position\":2,\"name\":\"Unsere Kompetenzen\",\"item\":\"https:\\\/\\\/www.accu-mold.com\\\/de\\\/unsere-kompetenzen-fuer-mikro-spritzgussverfahren\\\/\"},{\"@type\":\"ListItem\",\"position\":3,\"name\":\"Teil Klassifizierungen\",\"item\":\"https:\\\/\\\/www.accu-mold.com\\\/de\\\/unsere-kompetenzen-fuer-mikro-spritzgussverfahren\\\/teil-klassifizierungen\\\/\"},{\"@type\":\"ListItem\",\"position\":4,\"name\":\"Formteile f\u00fcr die Mikroeletronik\"}]},{\"@type\":\"WebSite\",\"@id\":\"https:\\\/\\\/www.accu-mold.com\\\/#website\",\"url\":\"https:\\\/\\\/www.accu-mold.com\\\/\",\"name\":\"Accu-Mold\",\"description\":\"Your Micro Mold\u00ae Tooling &amp; Production Partners\",\"publisher\":{\"@id\":\"https:\\\/\\\/www.accu-mold.com\\\/#organization\"},\"potentialAction\":[{\"@type\":\"SearchAction\",\"target\":{\"@type\":\"EntryPoint\",\"urlTemplate\":\"https:\\\/\\\/www.accu-mold.com\\\/?s={search_term_string}\"},\"query-input\":{\"@type\":\"PropertyValueSpecification\",\"valueRequired\":true,\"valueName\":\"search_term_string\"}}],\"inLanguage\":\"de-DE\"},{\"@type\":\"Organization\",\"@id\":\"https:\\\/\\\/www.accu-mold.com\\\/#organization\",\"name\":\"https:\\\/\\\/www.accu-mold.com\\\/careers\\\/current-openings\\\/\",\"url\":\"https:\\\/\\\/www.accu-mold.com\\\/\",\"logo\":{\"@type\":\"ImageObject\",\"inLanguage\":\"de-DE\",\"@id\":\"https:\\\/\\\/www.accu-mold.com\\\/#\\\/schema\\\/logo\\\/image\\\/\",\"url\":\"https:\\\/\\\/www.accu-mold.com\\\/wp-content\\\/uploads\\\/2022\\\/03\\\/accumold-vector-logo.svg\",\"contentUrl\":\"https:\\\/\\\/www.accu-mold.com\\\/wp-content\\\/uploads\\\/2022\\\/03\\\/accumold-vector-logo.svg\",\"caption\":\"https:\\\/\\\/www.accu-mold.com\\\/careers\\\/current-openings\\\/\"},\"image\":{\"@id\":\"https:\\\/\\\/www.accu-mold.com\\\/#\\\/schema\\\/logo\\\/image\\\/\"}}]}<\/script>\n<!-- \/ Yoast SEO Premium plugin. -->","yoast_head_json":{"title":"Micro-Electronics Molding | Accumold, World Leaders In Micro Molding","description":"Our specialized manufacturing process produces extremely small, high-precision thermoplastic parts and components with micron tolerances and features. Micro molding specifically for micro-electronics molding however, deals with microscopic circuit boards, lenses, and extremely delicate components.","robots":{"index":"index","follow":"follow","max-snippet":"max-snippet:-1","max-image-preview":"max-image-preview:large","max-video-preview":"max-video-preview:-1"},"canonical":"https:\/\/www.accu-mold.com\/de\/unsere-kompetenzen-fuer-mikro-spritzgussverfahren\/teil-klassifizierungen\/micro-electronics-molding\/","og_locale":"de_DE","og_type":"article","og_title":"Formteile f\u00fcr die Mikroeletronik","og_description":"Our specialized manufacturing process produces extremely small, high-precision thermoplastic parts and components with micron tolerances and features. Micro molding specifically for micro-electronics molding however, deals with microscopic circuit boards, lenses, and extremely delicate components.","og_url":"https:\/\/www.accu-mold.com\/de\/unsere-kompetenzen-fuer-mikro-spritzgussverfahren\/teil-klassifizierungen\/micro-electronics-molding\/","og_site_name":"Accu-Mold","article_modified_time":"2023-08-17T09:23:04+00:00","og_image":[{"url":"https:\/\/www.accu-mold.com\/wp-content\/uploads\/2021\/09\/micro-lenses-02.jpg","type":"","width":"","height":""}],"twitter_card":"summary_large_image","twitter_misc":{"Est. reading time":"3 minutes"},"schema":{"@context":"https:\/\/schema.org","@graph":[{"@type":"WebPage","@id":"https:\/\/www.accu-mold.com\/de\/unsere-kompetenzen-fuer-mikro-spritzgussverfahren\/teil-klassifizierungen\/micro-electronics-molding\/","url":"https:\/\/www.accu-mold.com\/de\/unsere-kompetenzen-fuer-mikro-spritzgussverfahren\/teil-klassifizierungen\/micro-electronics-molding\/","name":"Micro-Electronics Molding | Accumold, World Leaders In Micro Molding","isPartOf":{"@id":"https:\/\/www.accu-mold.com\/#website"},"primaryImageOfPage":{"@id":"https:\/\/www.accu-mold.com\/de\/unsere-kompetenzen-fuer-mikro-spritzgussverfahren\/teil-klassifizierungen\/micro-electronics-molding\/#primaryimage"},"image":{"@id":"https:\/\/www.accu-mold.com\/de\/unsere-kompetenzen-fuer-mikro-spritzgussverfahren\/teil-klassifizierungen\/micro-electronics-molding\/#primaryimage"},"thumbnailUrl":"https:\/\/www.accu-mold.com\/wp-content\/uploads\/2021\/09\/micro-lenses-02.jpg","datePublished":"2020-09-11T11:23:50+00:00","dateModified":"2023-08-17T09:23:04+00:00","description":"Our specialized manufacturing process produces extremely small, high-precision thermoplastic parts and components with micron tolerances and features. Micro molding specifically for micro-electronics molding however, deals with microscopic circuit boards, lenses, and extremely delicate components.","breadcrumb":{"@id":"https:\/\/www.accu-mold.com\/de\/unsere-kompetenzen-fuer-mikro-spritzgussverfahren\/teil-klassifizierungen\/micro-electronics-molding\/#breadcrumb"},"inLanguage":"de-DE","potentialAction":[{"@type":"ReadAction","target":["https:\/\/www.accu-mold.com\/de\/unsere-kompetenzen-fuer-mikro-spritzgussverfahren\/teil-klassifizierungen\/micro-electronics-molding\/"]}]},{"@type":"ImageObject","inLanguage":"de-DE","@id":"https:\/\/www.accu-mold.com\/de\/unsere-kompetenzen-fuer-mikro-spritzgussverfahren\/teil-klassifizierungen\/micro-electronics-molding\/#primaryimage","url":"https:\/\/www.accu-mold.com\/wp-content\/uploads\/2021\/09\/micro-lenses-02.jpg","contentUrl":"https:\/\/www.accu-mold.com\/wp-content\/uploads\/2021\/09\/micro-lenses-02.jpg"},{"@type":"BreadcrumbList","@id":"https:\/\/www.accu-mold.com\/de\/unsere-kompetenzen-fuer-mikro-spritzgussverfahren\/teil-klassifizierungen\/micro-electronics-molding\/#breadcrumb","itemListElement":[{"@type":"ListItem","position":1,"name":"Exceptional capabilities backed by exceptional people","item":"https:\/\/www.accu-mold.com\/de\/"},{"@type":"ListItem","position":2,"name":"Unsere Kompetenzen","item":"https:\/\/www.accu-mold.com\/de\/unsere-kompetenzen-fuer-mikro-spritzgussverfahren\/"},{"@type":"ListItem","position":3,"name":"Teil Klassifizierungen","item":"https:\/\/www.accu-mold.com\/de\/unsere-kompetenzen-fuer-mikro-spritzgussverfahren\/teil-klassifizierungen\/"},{"@type":"ListItem","position":4,"name":"Formteile f\u00fcr die Mikroeletronik"}]},{"@type":"WebSite","@id":"https:\/\/www.accu-mold.com\/#website","url":"https:\/\/www.accu-mold.com\/","name":"Accu-Mold","description":"Your Micro Mold\u00ae Tooling &amp; Production Partners","publisher":{"@id":"https:\/\/www.accu-mold.com\/#organization"},"potentialAction":[{"@type":"SearchAction","target":{"@type":"EntryPoint","urlTemplate":"https:\/\/www.accu-mold.com\/?s={search_term_string}"},"query-input":{"@type":"PropertyValueSpecification","valueRequired":true,"valueName":"search_term_string"}}],"inLanguage":"de-DE"},{"@type":"Organization","@id":"https:\/\/www.accu-mold.com\/#organization","name":"https:\/\/www.accu-mold.com\/careers\/current-openings\/","url":"https:\/\/www.accu-mold.com\/","logo":{"@type":"ImageObject","inLanguage":"de-DE","@id":"https:\/\/www.accu-mold.com\/#\/schema\/logo\/image\/","url":"https:\/\/www.accu-mold.com\/wp-content\/uploads\/2022\/03\/accumold-vector-logo.svg","contentUrl":"https:\/\/www.accu-mold.com\/wp-content\/uploads\/2022\/03\/accumold-vector-logo.svg","caption":"https:\/\/www.accu-mold.com\/careers\/current-openings\/"},"image":{"@id":"https:\/\/www.accu-mold.com\/#\/schema\/logo\/image\/"}}]}},"_links":{"self":[{"href":"https:\/\/www.accu-mold.com\/de\/wp-json\/wp\/v2\/pages\/19656","targetHints":{"allow":["GET"]}}],"collection":[{"href":"https:\/\/www.accu-mold.com\/de\/wp-json\/wp\/v2\/pages"}],"about":[{"href":"https:\/\/www.accu-mold.com\/de\/wp-json\/wp\/v2\/types\/page"}],"author":[{"embeddable":true,"href":"https:\/\/www.accu-mold.com\/de\/wp-json\/wp\/v2\/users\/5"}],"replies":[{"embeddable":true,"href":"https:\/\/www.accu-mold.com\/de\/wp-json\/wp\/v2\/comments?post=19656"}],"version-history":[{"count":2,"href":"https:\/\/www.accu-mold.com\/de\/wp-json\/wp\/v2\/pages\/19656\/revisions"}],"predecessor-version":[{"id":20389,"href":"https:\/\/www.accu-mold.com\/de\/wp-json\/wp\/v2\/pages\/19656\/revisions\/20389"}],"up":[{"embeddable":true,"href":"https:\/\/www.accu-mold.com\/de\/wp-json\/wp\/v2\/pages\/5493"}],"wp:attachment":[{"href":"https:\/\/www.accu-mold.com\/de\/wp-json\/wp\/v2\/media?parent=19656"}],"curies":[{"name":"wp","href":"https:\/\/api.w.org\/{rel}","templated":true}]}}