{"id":19651,"date":"2020-09-11T10:34:56","date_gmt":"2020-09-11T10:34:56","guid":{"rendered":"https:\/\/www.accu-mold.com\/unsere-kompetenzen-fuer-mikro-spritzgussverfahren\/teil-klassifizierungen\/micro-molding-for-emerging-technologies\/"},"modified":"2023-08-28T05:52:42","modified_gmt":"2023-08-28T10:52:42","slug":"micro-molding-for-emerging-technologies","status":"publish","type":"page","link":"https:\/\/www.accu-mold.com\/de\/unsere-kompetenzen-fuer-mikro-spritzgussverfahren\/teil-klassifizierungen\/micro-molding-for-emerging-technologies\/","title":{"rendered":"Mikroformen f\u00fcr neue Technologien"},"content":{"rendered":"\n<pre id=\"tw-target-text\" class=\"wp-block-preformatted\"><\/pre>\n\n\n\n<div class=\"wp-block-cover alignfull page-header has-custom-inner-width\" style=\"min-height:316px;--inner-container-width:1540px;aspect-ratio:unset;\"><span aria-hidden=\"true\" class=\"wp-block-cover__background has-primary-background-color has-background-dim-80 has-background-dim\"><\/span><img loading=\"lazy\" decoding=\"async\" width=\"1800\" height=\"1200\" class=\"wp-block-cover__image-background wp-image-16594\" alt=\"micro lens examples\" src=\"https:\/\/www.accu-mold.com\/wp-content\/uploads\/2021\/09\/micro-lenses-02.jpg\" data-object-fit=\"cover\" srcset=\"https:\/\/www.accu-mold.com\/wp-content\/uploads\/2021\/09\/micro-lenses-02.jpg 1800w, https:\/\/www.accu-mold.com\/wp-content\/uploads\/2021\/09\/micro-lenses-02-300x200.jpg 300w, https:\/\/www.accu-mold.com\/wp-content\/uploads\/2021\/09\/micro-lenses-02-1024x683.jpg 1024w, https:\/\/www.accu-mold.com\/wp-content\/uploads\/2021\/09\/micro-lenses-02-768x512.jpg 768w, https:\/\/www.accu-mold.com\/wp-content\/uploads\/2021\/09\/micro-lenses-02-1536x1024.jpg 1536w\" sizes=\"auto, (max-width: 1800px) 100vw, 1800px\" \/><div class=\"wp-block-cover__inner-container is-layout-flow wp-block-cover-is-layout-flow\">\n<h1 class=\"wp-block-heading\" id=\"h-neue-technologien\" style=\"font-size:64px\">Neue Technologien<\/h1>\n<\/div><\/div>\n\n\n\n<div style=\"height:60px\" aria-hidden=\"true\" class=\"wp-block-spacer\"><\/div>\n\n\n\n<p>Aktuelle Trends im Bereich der OEM-Miniaturisierung und technologische Fortschritte in vielen Marktsektoren sind darauf angewiesen, dass Teile und Merkmale kleiner geformt werden, als es bisher f\u00fcr m\u00f6glich gehalten wurde. Auf dem Markt der neuen Technologien ist der Mikrospitzguss eine rasch wachsende Nische, da Toleranzen im Mikrometerbereich und mikroskopische Merkmale mit traditionellen Spritzgusstechnologien nicht gew\u00e4hrleistet werden k\u00f6nnen.<\/p>\n\n\n\n<div style=\"height:45px\" aria-hidden=\"true\" class=\"wp-block-spacer\"><\/div>\n\n\n\n<div class=\"wp-block-columns alignwide are-vertically-aligned-center col-large-2 col-medium-2 col-small-1 is-layout-flex wp-container-core-columns-is-layout-9d6595d7 wp-block-columns-is-layout-flex\">\n<div class=\"wp-block-column is-vertically-aligned-center is-layout-flow wp-block-column-is-layout-flow\" style=\"flex-basis:66.66%\">\n<h2 class=\"wp-block-heading has-primary-color has-text-color\" id=\"h-mikrospitzguss-fur-neue-technologien\">Mikrospitzguss f\u00fcr neue Technologien<\/h2>\n\n\n\n<p>Der Mikrospritzguss f\u00fcr neue Technologien erfordert mehr als nur eine gro\u00dfe Investition in Bearbeitungstechnologie und modernste Messtechnik, um sicherzustellen, dass anspruchsvolle Teileigenschaften umgesetzt werden k\u00f6nnen. Oftmals m\u00fcssen Thermoplaste und Harze bei Gussverfahren zur Gew\u00e4hrleistung der Toleranzen im Mikrometerbereich auf eine Weise geformt werden, die h\u00e4ufig nicht f\u00fcr m\u00f6glich gehalten wird.<\/p>\n\n\n\n<p>Die Kombination aus Erfahrung und betriebsinterner Technologie versetzt uns in die Lage, die Spezifikationen, die unsere Harzlieferanten aufstellen, in vielen F\u00e4llen zu \u00fcberbieten. Aus diesem Grund empfehlen wir Ingenieuren, sich im Prozess fr\u00fchestm\u00f6glich mit unseren DFM-Ingenieuren in Verbindung zu setzen. Eine Komponente, die Sie und Ihr Team vielleicht f\u00fcr unm\u00f6glich halten, ist innerhalb unseres Hauses eventuell schon Realit\u00e4t geworden.<\/p>\n<\/div>\n\n\n\n<div class=\"wp-block-column is-vertically-aligned-center is-layout-flow wp-block-column-is-layout-flow\" style=\"flex-basis:33.33%\"><div class=\"wp-block-image\">\n<figure class=\"aligncenter\"><img loading=\"lazy\" decoding=\"async\" width=\"226\" height=\"226\" src=\"https:\/\/www.accu-mold.com\/wp-content\/uploads\/2020\/09\/micro-optics.jpg\" alt=\"Micro molded optics part with micro lenses\" class=\"wp-image-5591\" srcset=\"https:\/\/www.accu-mold.com\/wp-content\/uploads\/2020\/09\/micro-optics.jpg 226w, https:\/\/www.accu-mold.com\/wp-content\/uploads\/2020\/09\/micro-optics-150x150.jpg 150w\" sizes=\"auto, (max-width: 226px) 100vw, 226px\" \/><figcaption class=\"wp-element-caption\">This component has twelve 250 micron lenses and holds a 2-micron true position from post to post.<\/figcaption><\/figure>\n<\/div><\/div>\n<\/div>\n\n\n\n<div class=\"wp-block-columns alignwide are-vertically-aligned-center is-layout-flex wp-container-core-columns-is-layout-9d6595d7 wp-block-columns-is-layout-flex\">\n<div class=\"wp-block-column is-vertically-aligned-center is-layout-flow wp-block-column-is-layout-flow\" style=\"flex-basis:66.66%\">\n<h2 class=\"wp-block-heading has-primary-color has-text-color\" id=\"h-mikrospritzgussmaterialien-und-beispiele\">Mikrospritzgussmaterialien und Beispiele<\/h2>\n\n\n\n<p>Accumold hat massiv in Qualit\u00e4tssysteme und die Ausr\u00fcstung investiert, die erforderlich ist, um die Anforderungen zu erf\u00fcllen, die im Mikrospritzgussbereich f\u00fcr neue Technologien gelten. Und die Gussplattform selbst ist dabei nicht alles. Selbst wenn wir unsere Technologie offenlegen w\u00fcrden (was nat\u00fcrlich niemals geschehen wird), w\u00e4re das so, als ob man ein Steinway-Klavier verschenkt, ohne dass es einen erstklassigen Pianisten gibt, der darauf spielen k\u00f6nnte. Werkzeugbau, Materialverarbeitung und Maschine m\u00fcssen perfekt aufeinander abgestimmt sein, um solche Pr\u00e4zisions-Mikroteile herzustellen.<\/p>\n<\/div>\n\n\n\n<div class=\"wp-block-column is-vertically-aligned-center is-layout-flow wp-block-column-is-layout-flow\" style=\"flex-basis:33.33%\"><div class=\"wp-block-image\">\n<figure class=\"aligncenter\"><img decoding=\"async\" src=\"https:\/\/www.accu-mold.com\/wp-content\/uploads\/2020\/09\/LCP-Liquid-Crystal-Polymer-277x300-2.png\" alt=\"Nylon Polyamide PPA - micro molding materials\"\/><figcaption class=\"wp-element-caption\">Nylon Polyamide PPA<\/figcaption><\/figure>\n<\/div><\/div>\n<\/div>\n\n\n\n<div class=\"wp-block-columns is-layout-flex wp-container-core-columns-is-layout-9d6595d7 wp-block-columns-is-layout-flex\">\n<div class=\"wp-block-column is-layout-flow wp-block-column-is-layout-flow\">\n<h3 class=\"wp-block-heading has-primary-color has-text-color\" id=\"h-beispiele-fur-mikroformmaterialien\">Beispiele f\u00fcr Mikroformmaterialien<\/h3>\n\n\n\n<p>Mikroformen f\u00fcr neue Technologien erfordern h\u00e4ufig Hochtemperaturmaterialien der n\u00e4chsten Generation wie Nylons und Polyetherimid. Auch optische Materialien wie PC, COC, PMMAs. Ma\u00dfgeschneidert gemischte Materialien, die f\u00fcr D\u00e4mpfung, W\u00e4rmeableitung, ESD und Leitf\u00e4higkeit gef\u00fcllt sind, sind ebenfalls wichtig.<\/p>\n\n\n\n<p>T\u00e4glich werden neue Materialien entwickelt, und unsere hauseigenen Mikroformmaschinen sind \u00e4u\u00dferst anpassungsf\u00e4hig, um ein sehr breites <a href=\"https:\/\/www.accu-mold.com\/de\/unsere-kompetenzen-fuer-mikro-spritzgussverfahren\/materialauswahl\/\">Spektrum an Mikroformmaterialien<\/a> zu verarbeiten.<\/p>\n<\/div>\n<\/div>\n\n\n\n<div class=\"wp-block-columns alignwide is-layout-flex wp-container-core-columns-is-layout-9d6595d7 wp-block-columns-is-layout-flex\">\n<div class=\"wp-block-column is-layout-flow wp-block-column-is-layout-flow\">\n<h3 class=\"wp-block-heading has-primary-color has-text-color\" id=\"h-beispiele-fur-komponenten\">Beispiele f\u00fcr Komponenten<\/h3>\n\n\n\n<p>Linsen f\u00fcr AR-Anwendungen.<br>Komponenten f\u00fcr tragbare Ger\u00e4te (bspw. Ger\u00e4te f\u00fcr die kontinuierliche Glukosemessung). Wirkstoffverabreichungsger\u00e4te, darunter tragbare Pumpen. Ger\u00e4te mit Mikrosensoren. Datenkommunikationsanschl\u00fcsse der n\u00e4chsten Generation.<\/p>\n<\/div>\n<\/div>\n\n\n\n<div class=\"wp-block-columns alignwide are-vertically-aligned-center col-large-2 col-medium-2 col-small-1 is-layout-flex wp-container-core-columns-is-layout-9d6595d7 wp-block-columns-is-layout-flex\">\n<div class=\"wp-block-column is-vertically-aligned-center is-layout-flow wp-block-column-is-layout-flow\" style=\"flex-basis:66.66%\">\n<h2 class=\"wp-block-heading has-primary-color has-text-color\" id=\"h-warum-accumold\">Warum Accumold?<\/h2>\n\n\n\n<p>Accumold ist seit mehr als 35 Jahren als Hersteller f\u00fcr Mikroformteile t\u00e4tig. Wir haben weltweit eines der erfahrensten Teams aus Werkzeugmaschinenbauern \u2013 und unsere Expertise hebt uns von der Konkurrenz ab.<\/p>\n\n\n\n<p>Unsere Spezialisierung auf Mikrospritzguss f\u00fcr Automobilanwendungen gibt den besten Ingenieuren der Welt die M\u00f6glichkeit, sich von traditionellen Spritzgussnormen zu l\u00f6sen. Mit unserer Technologie erzielen wir nahezu die gleichen Toleranzen, wie man sie aus der maschinellen Bearbeitung kennt, aber mit besserer Wiederholbarkeit bei hohen Volumen. Hinzu kommt, dass unsere Teams weitreichende Erfahrungen mit komplexen Baugruppen und raschen Werkzeugwechseln haben.<\/p>\n\n\n\n<p>Au\u00dferdem verf\u00fcgen wir \u00fcber Micro-Molding\u00ae- und Automationsplattformen, die in hohem Ma\u00dfe an die jeweiligen Kundenanforderungen angepasst werden k\u00f6nnen.<\/p>\n<\/div>\n\n\n\n<div class=\"wp-block-column is-vertically-aligned-center is-layout-flow wp-block-column-is-layout-flow\" style=\"flex-basis:33.33%\"><div class=\"wp-block-image\">\n<figure class=\"aligncenter\"><img decoding=\"async\" src=\"https:\/\/www.accu-mold.com\/wp-content\/uploads\/2020\/09\/MedTechLive-300x225-1.jpg\" alt=\"Accumold at MedTechLive\"\/><\/figure>\n<\/div><\/div>\n<\/div>\n\n\n\n<div class=\"wp-block-columns alignwide is-layout-flex wp-container-core-columns-is-layout-9d6595d7 wp-block-columns-is-layout-flex\">\n<div class=\"wp-block-column is-layout-flow wp-block-column-is-layout-flow\">\n<h2 class=\"wp-block-heading has-primary-color has-text-color\" id=\"h-got-a-tricky-question\">Got A Tricky Question?<\/h2>\n\n\n\n<p>Send Our DFM Engineers A Message. (They like the attention.)<\/p>\n\n\n\n<script charset=\"utf-8\" type=\"text\/javascript\" src=\"\/\/js.hsforms.net\/forms\/embed\/v2.js\"><\/script>\n<script>\n  hbspt.forms.create({\n    region: \"na1\",\n    portalId: \"20439115\",\n    formId: \"29d47960-cdd0-4f9e-936d-75f09d842b7f\"\n  });\n<\/script>\n<\/div>\n<\/div>\n","protected":false},"excerpt":{"rendered":"<p>Aktuelle Trends im Bereich der OEM-Miniaturisierung und technologische Fortschritte in vielen Marktsektoren sind darauf angewiesen, dass Teile und Merkmale kleiner [&#8230;] <a class=\"more-link\" href=\"https:\/\/www.accu-mold.com\/de\/unsere-kompetenzen-fuer-mikro-spritzgussverfahren\/teil-klassifizierungen\/micro-molding-for-emerging-technologies\/\">Read More<span class=\"screen-reader-text\">about Mikroformen f\u00fcr neue Technologien<\/span><\/a><\/p>\n","protected":false},"author":5,"featured_media":0,"parent":5493,"menu_order":0,"comment_status":"closed","ping_status":"closed","template":"","meta":{"_acf_changed":false,"inline_featured_image":false,"_wd_proto_hide_page_title":false,"_wd_proto_page_body_class":"","_wd_proto_post_layout":"","footnotes":""},"class_list":["post-19651","page","type-page","status-publish","hentry"],"acf":[],"yoast_head":"<!-- This site is optimized with the Yoast SEO Premium plugin v27.5 (Yoast SEO v27.5) - https:\/\/yoast.com\/product\/yoast-seo-premium-wordpress\/ -->\n<title>Micro molding for emerging technologies | Accumold<\/title>\n<meta name=\"description\" content=\"Current OEM miniaturization trends depend on the ability to mold parts and features smaller than previously thought possible. As end-users demand more function in smaller and lighter packages, micro molding for emerging technologies is a rapidly growing niche.\" \/>\n<meta name=\"robots\" content=\"index, follow, max-snippet:-1, max-image-preview:large, max-video-preview:-1\" \/>\n<link rel=\"canonical\" href=\"https:\/\/www.accu-mold.com\/de\/unsere-kompetenzen-fuer-mikro-spritzgussverfahren\/teil-klassifizierungen\/micro-molding-for-emerging-technologies\/\" \/>\n<meta property=\"og:locale\" content=\"de_DE\" \/>\n<meta property=\"og:type\" content=\"article\" \/>\n<meta property=\"og:title\" content=\"Mikroformen f\u00fcr neue Technologien\" \/>\n<meta property=\"og:description\" content=\"Current OEM miniaturization trends depend on the ability to mold parts and features smaller than previously thought possible. As end-users demand more function in smaller and lighter packages, micro molding for emerging technologies is a rapidly growing niche.\" \/>\n<meta property=\"og:url\" content=\"https:\/\/www.accu-mold.com\/de\/unsere-kompetenzen-fuer-mikro-spritzgussverfahren\/teil-klassifizierungen\/micro-molding-for-emerging-technologies\/\" \/>\n<meta property=\"og:site_name\" content=\"Accu-Mold\" \/>\n<meta property=\"article:modified_time\" content=\"2023-08-28T10:52:42+00:00\" \/>\n<meta property=\"og:image\" content=\"https:\/\/www.accu-mold.com\/wp-content\/uploads\/2021\/09\/micro-lenses-02.jpg\" \/>\n<meta name=\"twitter:card\" content=\"summary_large_image\" \/>\n<meta name=\"twitter:label1\" content=\"Est. reading time\" \/>\n\t<meta name=\"twitter:data1\" content=\"3 minutes\" \/>\n<script type=\"application\/ld+json\" class=\"yoast-schema-graph\">{\"@context\":\"https:\\\/\\\/schema.org\",\"@graph\":[{\"@type\":\"WebPage\",\"@id\":\"https:\\\/\\\/www.accu-mold.com\\\/de\\\/unsere-kompetenzen-fuer-mikro-spritzgussverfahren\\\/teil-klassifizierungen\\\/micro-molding-for-emerging-technologies\\\/\",\"url\":\"https:\\\/\\\/www.accu-mold.com\\\/de\\\/unsere-kompetenzen-fuer-mikro-spritzgussverfahren\\\/teil-klassifizierungen\\\/micro-molding-for-emerging-technologies\\\/\",\"name\":\"Micro molding for emerging technologies | Accumold\",\"isPartOf\":{\"@id\":\"https:\\\/\\\/www.accu-mold.com\\\/#website\"},\"primaryImageOfPage\":{\"@id\":\"https:\\\/\\\/www.accu-mold.com\\\/de\\\/unsere-kompetenzen-fuer-mikro-spritzgussverfahren\\\/teil-klassifizierungen\\\/micro-molding-for-emerging-technologies\\\/#primaryimage\"},\"image\":{\"@id\":\"https:\\\/\\\/www.accu-mold.com\\\/de\\\/unsere-kompetenzen-fuer-mikro-spritzgussverfahren\\\/teil-klassifizierungen\\\/micro-molding-for-emerging-technologies\\\/#primaryimage\"},\"thumbnailUrl\":\"https:\\\/\\\/www.accu-mold.com\\\/wp-content\\\/uploads\\\/2021\\\/09\\\/micro-lenses-02.jpg\",\"datePublished\":\"2020-09-11T10:34:56+00:00\",\"dateModified\":\"2023-08-28T10:52:42+00:00\",\"description\":\"Current OEM miniaturization trends depend on the ability to mold parts and features smaller than previously thought possible. As end-users demand more function in smaller and lighter packages, micro molding for emerging technologies is a rapidly growing niche.\",\"breadcrumb\":{\"@id\":\"https:\\\/\\\/www.accu-mold.com\\\/de\\\/unsere-kompetenzen-fuer-mikro-spritzgussverfahren\\\/teil-klassifizierungen\\\/micro-molding-for-emerging-technologies\\\/#breadcrumb\"},\"inLanguage\":\"de-DE\",\"potentialAction\":[{\"@type\":\"ReadAction\",\"target\":[\"https:\\\/\\\/www.accu-mold.com\\\/de\\\/unsere-kompetenzen-fuer-mikro-spritzgussverfahren\\\/teil-klassifizierungen\\\/micro-molding-for-emerging-technologies\\\/\"]}]},{\"@type\":\"ImageObject\",\"inLanguage\":\"de-DE\",\"@id\":\"https:\\\/\\\/www.accu-mold.com\\\/de\\\/unsere-kompetenzen-fuer-mikro-spritzgussverfahren\\\/teil-klassifizierungen\\\/micro-molding-for-emerging-technologies\\\/#primaryimage\",\"url\":\"https:\\\/\\\/www.accu-mold.com\\\/wp-content\\\/uploads\\\/2021\\\/09\\\/micro-lenses-02.jpg\",\"contentUrl\":\"https:\\\/\\\/www.accu-mold.com\\\/wp-content\\\/uploads\\\/2021\\\/09\\\/micro-lenses-02.jpg\"},{\"@type\":\"BreadcrumbList\",\"@id\":\"https:\\\/\\\/www.accu-mold.com\\\/de\\\/unsere-kompetenzen-fuer-mikro-spritzgussverfahren\\\/teil-klassifizierungen\\\/micro-molding-for-emerging-technologies\\\/#breadcrumb\",\"itemListElement\":[{\"@type\":\"ListItem\",\"position\":1,\"name\":\"Exceptional capabilities backed by exceptional people\",\"item\":\"https:\\\/\\\/www.accu-mold.com\\\/de\\\/\"},{\"@type\":\"ListItem\",\"position\":2,\"name\":\"Unsere Kompetenzen\",\"item\":\"https:\\\/\\\/www.accu-mold.com\\\/de\\\/unsere-kompetenzen-fuer-mikro-spritzgussverfahren\\\/\"},{\"@type\":\"ListItem\",\"position\":3,\"name\":\"Teil Klassifizierungen\",\"item\":\"https:\\\/\\\/www.accu-mold.com\\\/de\\\/unsere-kompetenzen-fuer-mikro-spritzgussverfahren\\\/teil-klassifizierungen\\\/\"},{\"@type\":\"ListItem\",\"position\":4,\"name\":\"Mikroformen f\u00fcr neue Technologien\"}]},{\"@type\":\"WebSite\",\"@id\":\"https:\\\/\\\/www.accu-mold.com\\\/#website\",\"url\":\"https:\\\/\\\/www.accu-mold.com\\\/\",\"name\":\"Accu-Mold\",\"description\":\"Your Micro Mold\u00ae Tooling &amp; Production Partners\",\"publisher\":{\"@id\":\"https:\\\/\\\/www.accu-mold.com\\\/#organization\"},\"potentialAction\":[{\"@type\":\"SearchAction\",\"target\":{\"@type\":\"EntryPoint\",\"urlTemplate\":\"https:\\\/\\\/www.accu-mold.com\\\/?s={search_term_string}\"},\"query-input\":{\"@type\":\"PropertyValueSpecification\",\"valueRequired\":true,\"valueName\":\"search_term_string\"}}],\"inLanguage\":\"de-DE\"},{\"@type\":\"Organization\",\"@id\":\"https:\\\/\\\/www.accu-mold.com\\\/#organization\",\"name\":\"https:\\\/\\\/www.accu-mold.com\\\/careers\\\/current-openings\\\/\",\"url\":\"https:\\\/\\\/www.accu-mold.com\\\/\",\"logo\":{\"@type\":\"ImageObject\",\"inLanguage\":\"de-DE\",\"@id\":\"https:\\\/\\\/www.accu-mold.com\\\/#\\\/schema\\\/logo\\\/image\\\/\",\"url\":\"https:\\\/\\\/www.accu-mold.com\\\/wp-content\\\/uploads\\\/2022\\\/03\\\/accumold-vector-logo.svg\",\"contentUrl\":\"https:\\\/\\\/www.accu-mold.com\\\/wp-content\\\/uploads\\\/2022\\\/03\\\/accumold-vector-logo.svg\",\"caption\":\"https:\\\/\\\/www.accu-mold.com\\\/careers\\\/current-openings\\\/\"},\"image\":{\"@id\":\"https:\\\/\\\/www.accu-mold.com\\\/#\\\/schema\\\/logo\\\/image\\\/\"}}]}<\/script>\n<!-- \/ Yoast SEO Premium plugin. -->","yoast_head_json":{"title":"Micro molding for emerging technologies | Accumold","description":"Current OEM miniaturization trends depend on the ability to mold parts and features smaller than previously thought possible. As end-users demand more function in smaller and lighter packages, micro molding for emerging technologies is a rapidly growing niche.","robots":{"index":"index","follow":"follow","max-snippet":"max-snippet:-1","max-image-preview":"max-image-preview:large","max-video-preview":"max-video-preview:-1"},"canonical":"https:\/\/www.accu-mold.com\/de\/unsere-kompetenzen-fuer-mikro-spritzgussverfahren\/teil-klassifizierungen\/micro-molding-for-emerging-technologies\/","og_locale":"de_DE","og_type":"article","og_title":"Mikroformen f\u00fcr neue Technologien","og_description":"Current OEM miniaturization trends depend on the ability to mold parts and features smaller than previously thought possible. As end-users demand more function in smaller and lighter packages, micro molding for emerging technologies is a rapidly growing niche.","og_url":"https:\/\/www.accu-mold.com\/de\/unsere-kompetenzen-fuer-mikro-spritzgussverfahren\/teil-klassifizierungen\/micro-molding-for-emerging-technologies\/","og_site_name":"Accu-Mold","article_modified_time":"2023-08-28T10:52:42+00:00","og_image":[{"url":"https:\/\/www.accu-mold.com\/wp-content\/uploads\/2021\/09\/micro-lenses-02.jpg","type":"","width":"","height":""}],"twitter_card":"summary_large_image","twitter_misc":{"Est. reading time":"3 minutes"},"schema":{"@context":"https:\/\/schema.org","@graph":[{"@type":"WebPage","@id":"https:\/\/www.accu-mold.com\/de\/unsere-kompetenzen-fuer-mikro-spritzgussverfahren\/teil-klassifizierungen\/micro-molding-for-emerging-technologies\/","url":"https:\/\/www.accu-mold.com\/de\/unsere-kompetenzen-fuer-mikro-spritzgussverfahren\/teil-klassifizierungen\/micro-molding-for-emerging-technologies\/","name":"Micro molding for emerging technologies | Accumold","isPartOf":{"@id":"https:\/\/www.accu-mold.com\/#website"},"primaryImageOfPage":{"@id":"https:\/\/www.accu-mold.com\/de\/unsere-kompetenzen-fuer-mikro-spritzgussverfahren\/teil-klassifizierungen\/micro-molding-for-emerging-technologies\/#primaryimage"},"image":{"@id":"https:\/\/www.accu-mold.com\/de\/unsere-kompetenzen-fuer-mikro-spritzgussverfahren\/teil-klassifizierungen\/micro-molding-for-emerging-technologies\/#primaryimage"},"thumbnailUrl":"https:\/\/www.accu-mold.com\/wp-content\/uploads\/2021\/09\/micro-lenses-02.jpg","datePublished":"2020-09-11T10:34:56+00:00","dateModified":"2023-08-28T10:52:42+00:00","description":"Current OEM miniaturization trends depend on the ability to mold parts and features smaller than previously thought possible. As end-users demand more function in smaller and lighter packages, micro molding for emerging technologies is a rapidly growing niche.","breadcrumb":{"@id":"https:\/\/www.accu-mold.com\/de\/unsere-kompetenzen-fuer-mikro-spritzgussverfahren\/teil-klassifizierungen\/micro-molding-for-emerging-technologies\/#breadcrumb"},"inLanguage":"de-DE","potentialAction":[{"@type":"ReadAction","target":["https:\/\/www.accu-mold.com\/de\/unsere-kompetenzen-fuer-mikro-spritzgussverfahren\/teil-klassifizierungen\/micro-molding-for-emerging-technologies\/"]}]},{"@type":"ImageObject","inLanguage":"de-DE","@id":"https:\/\/www.accu-mold.com\/de\/unsere-kompetenzen-fuer-mikro-spritzgussverfahren\/teil-klassifizierungen\/micro-molding-for-emerging-technologies\/#primaryimage","url":"https:\/\/www.accu-mold.com\/wp-content\/uploads\/2021\/09\/micro-lenses-02.jpg","contentUrl":"https:\/\/www.accu-mold.com\/wp-content\/uploads\/2021\/09\/micro-lenses-02.jpg"},{"@type":"BreadcrumbList","@id":"https:\/\/www.accu-mold.com\/de\/unsere-kompetenzen-fuer-mikro-spritzgussverfahren\/teil-klassifizierungen\/micro-molding-for-emerging-technologies\/#breadcrumb","itemListElement":[{"@type":"ListItem","position":1,"name":"Exceptional capabilities backed by exceptional people","item":"https:\/\/www.accu-mold.com\/de\/"},{"@type":"ListItem","position":2,"name":"Unsere Kompetenzen","item":"https:\/\/www.accu-mold.com\/de\/unsere-kompetenzen-fuer-mikro-spritzgussverfahren\/"},{"@type":"ListItem","position":3,"name":"Teil Klassifizierungen","item":"https:\/\/www.accu-mold.com\/de\/unsere-kompetenzen-fuer-mikro-spritzgussverfahren\/teil-klassifizierungen\/"},{"@type":"ListItem","position":4,"name":"Mikroformen f\u00fcr neue Technologien"}]},{"@type":"WebSite","@id":"https:\/\/www.accu-mold.com\/#website","url":"https:\/\/www.accu-mold.com\/","name":"Accu-Mold","description":"Your Micro Mold\u00ae Tooling &amp; Production Partners","publisher":{"@id":"https:\/\/www.accu-mold.com\/#organization"},"potentialAction":[{"@type":"SearchAction","target":{"@type":"EntryPoint","urlTemplate":"https:\/\/www.accu-mold.com\/?s={search_term_string}"},"query-input":{"@type":"PropertyValueSpecification","valueRequired":true,"valueName":"search_term_string"}}],"inLanguage":"de-DE"},{"@type":"Organization","@id":"https:\/\/www.accu-mold.com\/#organization","name":"https:\/\/www.accu-mold.com\/careers\/current-openings\/","url":"https:\/\/www.accu-mold.com\/","logo":{"@type":"ImageObject","inLanguage":"de-DE","@id":"https:\/\/www.accu-mold.com\/#\/schema\/logo\/image\/","url":"https:\/\/www.accu-mold.com\/wp-content\/uploads\/2022\/03\/accumold-vector-logo.svg","contentUrl":"https:\/\/www.accu-mold.com\/wp-content\/uploads\/2022\/03\/accumold-vector-logo.svg","caption":"https:\/\/www.accu-mold.com\/careers\/current-openings\/"},"image":{"@id":"https:\/\/www.accu-mold.com\/#\/schema\/logo\/image\/"}}]}},"_links":{"self":[{"href":"https:\/\/www.accu-mold.com\/de\/wp-json\/wp\/v2\/pages\/19651","targetHints":{"allow":["GET"]}}],"collection":[{"href":"https:\/\/www.accu-mold.com\/de\/wp-json\/wp\/v2\/pages"}],"about":[{"href":"https:\/\/www.accu-mold.com\/de\/wp-json\/wp\/v2\/types\/page"}],"author":[{"embeddable":true,"href":"https:\/\/www.accu-mold.com\/de\/wp-json\/wp\/v2\/users\/5"}],"replies":[{"embeddable":true,"href":"https:\/\/www.accu-mold.com\/de\/wp-json\/wp\/v2\/comments?post=19651"}],"version-history":[{"count":13,"href":"https:\/\/www.accu-mold.com\/de\/wp-json\/wp\/v2\/pages\/19651\/revisions"}],"predecessor-version":[{"id":20512,"href":"https:\/\/www.accu-mold.com\/de\/wp-json\/wp\/v2\/pages\/19651\/revisions\/20512"}],"up":[{"embeddable":true,"href":"https:\/\/www.accu-mold.com\/de\/wp-json\/wp\/v2\/pages\/5493"}],"wp:attachment":[{"href":"https:\/\/www.accu-mold.com\/de\/wp-json\/wp\/v2\/media?parent=19651"}],"curies":[{"name":"wp","href":"https:\/\/api.w.org\/{rel}","templated":true}]}}